{"id":3,"date":"2020-12-16T03:16:35","date_gmt":"2020-12-16T03:16:35","guid":{"rendered":"https:\/\/demo2wpopal.b-cdn.net\/supplero\/?page_id=3"},"modified":"2025-08-08T18:37:50","modified_gmt":"2025-08-08T18:37:50","slug":"privacy-policy","status":"publish","type":"page","link":"https:\/\/hghpeptideslab.com\/cs\/privacy-policy\/","title":{"rendered":"Z\u00e1sady ochrany osobn\u00edch \u00fadaj\u016f"},"content":{"rendered":"<div data-elementor-type=\"wp-page\" data-elementor-id=\"3\" class=\"elementor elementor-3\" data-elementor-post-type=\"page\">\n\t\t\t\t<div class=\"elementor-element elementor-element-10eabccb e-flex e-con-boxed e-con e-parent\" data-id=\"10eabccb\" data-element_type=\"container\" data-e-type=\"container\">\n\t\t\t\t\t<div class=\"e-con-inner\">\n\t\t\t\t<div class=\"elementor-element elementor-element-54397ea8 elementor-widget elementor-widget-text-editor\" data-id=\"54397ea8\" data-element_type=\"widget\" data-e-type=\"widget\" data-widget_type=\"text-editor.default\">\n\t\t\t\t\t\t\t\t\t<p data-start=\"127\" data-end=\"332\">Ve spole\u010dnosti HGH Peptides Lab se zavazujeme chr\u00e1nit va\u0161e soukrom\u00ed. Tyto z\u00e1sady vysv\u011btluj\u00ed, jak shroma\u017e\u010fujeme, pou\u017e\u00edv\u00e1me a chr\u00e1n\u00edme va\u0161e osobn\u00ed \u00fadaje p\u0159i n\u00e1v\u0161t\u011bv\u011b na\u0161ich webov\u00fdch str\u00e1nek nebo p\u0159i interakci s na\u0161imi slu\u017ebami.<\/p>\n<hr data-start=\"334\" data-end=\"337\" \/>\n<h3 data-start=\"339\" data-end=\"380\">1. Shroma\u017e\u010fov\u00e1n\u00ed a pou\u017e\u00edv\u00e1n\u00ed osobn\u00edch \u00fadaj\u016f<\/h3>\n<p data-start=\"382\" data-end=\"483\">Shroma\u017e\u010fujeme pouze \u00fadaje nezbytn\u00e9 pro vy\u0159\u00edzen\u00ed va\u0161ich objedn\u00e1vek a zlep\u0161en\u00ed na\u0161ich slu\u017eeb. To m\u016f\u017ee zahrnovat:<\/p>\n<ul data-start=\"485\" data-end=\"661\">\n<li data-start=\"485\" data-end=\"527\">\n<p data-start=\"487\" data-end=\"527\">Va\u0161e jm\u00e9no, e-mail a dodac\u00ed adresa<\/p>\n<\/li>\n<li data-start=\"528\" data-end=\"586\">\n<p data-start=\"530\" data-end=\"586\">Platebn\u00ed \u00fadaje (nap\u0159. ID karty nebo kryptografick\u00e9 transakce).<\/p>\n<\/li>\n<li data-start=\"587\" data-end=\"620\">\n<p data-start=\"589\" data-end=\"620\">Informace o za\u0159\u00edzen\u00ed nebo prohl\u00ed\u017ee\u010di<\/p>\n<\/li>\n<li data-start=\"621\" data-end=\"661\">\n<p data-start=\"623\" data-end=\"661\">Historie kontakt\u016f a zpr\u00e1vy podpory<\/p>\n<\/li>\n<\/ul>\n<p data-start=\"663\" data-end=\"726\">D\u011bl\u00e1me <strong data-start=\"669\" data-end=\"676\">ne<\/strong> prod\u00e1vat nebo pronaj\u00edmat va\u0161e osobn\u00ed \u00fadaje t\u0159et\u00edm stran\u00e1m.<\/p>\n<hr data-start=\"728\" data-end=\"731\" \/>\n<h3 data-start=\"733\" data-end=\"763\">2. Pro\u010d shroma\u017e\u010fujeme va\u0161e \u00fadaje<\/h3>\n<p data-start=\"765\" data-end=\"793\">Osobn\u00ed \u00fadaje zpracov\u00e1v\u00e1me za \u00fa\u010delem:<\/p>\n<ul data-start=\"795\" data-end=\"1011\">\n<li data-start=\"795\" data-end=\"835\">\n<p data-start=\"797\" data-end=\"835\">Pln\u011bn\u00ed objedn\u00e1vek a po\u017eadavk\u016f z\u00e1kazn\u00edk\u016f<\/p>\n<\/li>\n<li data-start=\"836\" data-end=\"873\">\n<p data-start=\"838\" data-end=\"873\">Poskytov\u00e1n\u00ed podpory a aktualizace objedn\u00e1vek<\/p>\n<\/li>\n<li data-start=\"874\" data-end=\"923\">\n<p data-start=\"876\" data-end=\"923\">Zlep\u0161en\u00ed funk\u010dnosti a v\u00fdkonu webov\u00fdch str\u00e1nek<\/p>\n<\/li>\n<li data-start=\"924\" data-end=\"972\">\n<p data-start=\"926\" data-end=\"972\">Zaji\u0161t\u011bn\u00ed prevence podvod\u016f a zabezpe\u010den\u00ed webov\u00fdch str\u00e1nek<\/p>\n<\/li>\n<li data-start=\"973\" data-end=\"1011\">\n<p data-start=\"975\" data-end=\"1011\">spln\u011bn\u00ed z\u00e1konn\u00fdch nebo da\u0148ov\u00fdch povinnost\u00ed<\/p>\n<\/li>\n<\/ul>\n<hr data-start=\"1013\" data-end=\"1016\" \/>\n<h3 data-start=\"1018\" data-end=\"1044\">3. Soubory cookie a sledov\u00e1n\u00ed<\/h3>\n<p data-start=\"1046\" data-end=\"1099\">Na\u0161e webov\u00e9 str\u00e1nky pou\u017e\u00edvaj\u00ed soubory cookie a podobn\u00e9 technologie k:<\/p>\n<ul data-start=\"1101\" data-end=\"1205\">\n<li data-start=\"1101\" data-end=\"1130\">\n<p data-start=\"1103\" data-end=\"1130\">Pamatujte si sv\u00e9 preference<\/p>\n<\/li>\n<li data-start=\"1131\" data-end=\"1174\">\n<p data-start=\"1133\" data-end=\"1174\">Anal\u00fdza n\u00e1v\u0161t\u011bvnosti a v\u00fdkonu webov\u00fdch str\u00e1nek<\/p>\n<\/li>\n<li data-start=\"1175\" data-end=\"1205\">\n<p data-start=\"1177\" data-end=\"1205\">Zlep\u0161ete u\u017eivatelsk\u00e9 prost\u0159ed\u00ed<\/p>\n<\/li>\n<\/ul>\n<p data-start=\"1207\" data-end=\"1288\">Pokud si nep\u0159ejete b\u00fdt sledov\u00e1ni, m\u016f\u017eete soubory cookie v nastaven\u00ed prohl\u00ed\u017ee\u010de zak\u00e1zat.<\/p>\n<hr data-start=\"1290\" data-end=\"1293\" \/>\n<h3 data-start=\"1295\" data-end=\"1313\">4. Sd\u00edlen\u00ed dat<\/h3>\n<p data-start=\"1315\" data-end=\"1553\">Omezen\u00e9 osobn\u00ed \u00fadaje m\u016f\u017eeme sd\u00edlet s d\u016fv\u011bryhodn\u00fdmi poskytovateli slu\u017eeb (nap\u0159. logistick\u00fdmi partnery, platebn\u00edmi branami) v\u00fdhradn\u011b pro \u00fa\u010dely pln\u011bn\u00ed objedn\u00e1vek nebo dodr\u017eov\u00e1n\u00ed p\u0159edpis\u016f. \u00dadaje nesd\u00edl\u00edme pro marketingov\u00e9 \u00fa\u010dely bez va\u0161eho souhlasu.<\/p>\n<hr data-start=\"1555\" data-end=\"1558\" \/>\n<h3 data-start=\"1560\" data-end=\"1593\">5. Zabezpe\u010den\u00ed a uchov\u00e1v\u00e1n\u00ed dat<\/h3>\n<p data-start=\"1595\" data-end=\"1768\">K ochran\u011b va\u0161ich informac\u00ed uplat\u0148ujeme osv\u011bd\u010den\u00e9 bezpe\u010dnostn\u00ed postupy. Va\u0161e \u00fadaje jsou bezpe\u010dn\u011b ulo\u017eeny a uchov\u00e1v\u00e1ny pouze po dobu nezbytnou k pln\u011bn\u00ed na\u0161ich obchodn\u00edch z\u00e1vazk\u016f.<\/p>\n<hr data-start=\"1770\" data-end=\"1773\" \/>\n<h3 data-start=\"1775\" data-end=\"1792\">6. Va\u0161e pr\u00e1va<\/h3>\n<p data-start=\"1794\" data-end=\"1816\">M\u00e1te pr\u00e1vo na:<\/p>\n<ul data-start=\"1818\" data-end=\"1993\">\n<li data-start=\"1818\" data-end=\"1849\">\n<p data-start=\"1820\" data-end=\"1849\">P\u0159\u00edstup ke sv\u00fdm \u00fadaj\u016fm nebo jejich oprava<\/p>\n<\/li>\n<li data-start=\"1850\" data-end=\"1892\">\n<p data-start=\"1852\" data-end=\"1892\">\u017d\u00e1dost o vymaz\u00e1n\u00ed va\u0161ich osobn\u00edch \u00fadaj\u016f<\/p>\n<\/li>\n<li data-start=\"1893\" data-end=\"1942\">\n<p data-start=\"1895\" data-end=\"1942\">Odvol\u00e1n\u00ed souhlasu s marketingovou komunikac\u00ed<\/p>\n<\/li>\n<li data-start=\"1943\" data-end=\"1993\">\n<p data-start=\"1945\" data-end=\"1993\">Kontaktujte n\u00e1s v p\u0159\u00edpad\u011b jak\u00fdchkoli obav o ochranu osobn\u00edch \u00fadaj\u016f<\/p>\n<\/li>\n<\/ul>\n<p data-start=\"1995\" data-end=\"2057\">Chcete-li tato pr\u00e1va uplatnit, napi\u0161te n\u00e1m na adresu <span style=\"color: #ff0000;\"><strong data-start=\"2033\" data-end=\"2056\"><a class=\"cursor-pointer\" style=\"color: #ff0000;\" rel=\"noopener\" data-start=\"2035\" data-end=\"2054\">cyggl2025@gmail.com<\/a><\/strong><\/span>.<\/p>\n<hr data-start=\"2059\" data-end=\"2062\" \/>\n<h3 data-start=\"2064\" data-end=\"2087\">7. Odkazy t\u0159et\u00edch stran<\/h3>\n<p data-start=\"2089\" data-end=\"2271\">Na\u0161e webov\u00e9 str\u00e1nky mohou obsahovat odkazy na webov\u00e9 str\u00e1nky t\u0159et\u00edch stran. Nejsme zodpov\u011bdn\u00ed za postupy ochrany osobn\u00edch \u00fadaj\u016f nebo obsah t\u011bchto str\u00e1nek. P\u0159ed pou\u017eit\u00edm si pros\u00edm prostudujte jejich z\u00e1sady samostatn\u011b.<\/p>\n<hr data-start=\"2273\" data-end=\"2276\" \/>\n<h3 data-start=\"2278\" data-end=\"2306\">8. Zm\u011bny t\u011bchto z\u00e1sad<\/h3>\n<p data-start=\"2308\" data-end=\"2472\">Tyto z\u00e1sady ochrany osobn\u00edch \u00fadaj\u016f m\u016f\u017eeme podle pot\u0159eby aktualizovat, aby odr\u00e1\u017eely pr\u00e1vn\u00ed, technick\u00e9 nebo provozn\u00ed zm\u011bny. Dal\u0161\u00ed pou\u017e\u00edv\u00e1n\u00ed na\u0161ich webov\u00fdch str\u00e1nek znamen\u00e1, \u017ee souhlas\u00edte s aktualizovan\u00fdmi podm\u00ednkami.<\/p>\n<hr data-start=\"2474\" data-end=\"2477\" \/>\n<h3 data-start=\"2479\" data-end=\"2495\">9. Kontaktujte n\u00e1s<\/h3>\n<p data-start=\"2497\" data-end=\"2583\">M\u00e1te-li dotazy nebo p\u0159ipom\u00ednky k t\u011bmto Z\u00e1sad\u00e1m ochrany osobn\u00edch \u00fadaj\u016f, kontaktujte n\u00e1s na adrese:<\/p>\n<p data-start=\"2585\" data-end=\"2651\">\ud83d\udce7 <span style=\"color: #ff0000;\"><strong data-start=\"2588\" data-end=\"2611\"><a class=\"cursor-pointer\" style=\"color: #ff0000;\" rel=\"noopener\" data-start=\"2590\" data-end=\"2609\">cyggl2025@gmail.com<\/a><\/strong><\/span><br data-start=\"2611\" data-end=\"2614\" \/>Obvykle odpov\u00edd\u00e1me do 24 hodin.<\/p>\t\t\t\t\t\t\t\t<\/div>\n\t\t\t\t\t<\/div>\n\t\t\t\t<\/div>\n\t\t\t\t<\/div>","protected":false},"excerpt":{"rendered":"<p>At HGH Peptides Lab, we are committed to protecting your privacy. This policy explains how we collect, use, and safeguard your personal information when you visit our website or interact with our services. 1. Collection and Use of Personal Data We only collect the data necessary to fulfill your orders and improve our services. This [&hellip;]<\/p>\n","protected":false},"author":1,"featured_media":0,"parent":0,"menu_order":0,"comment_status":"closed","ping_status":"open","template":"","meta":{"footnotes":""},"class_list":["post-3","page","type-page","status-publish","hentry"],"yoast_head":"<!-- This site is optimized with the Yoast SEO Premium plugin v27.3 (Yoast SEO v27.3) - https:\/\/yoast.com\/product\/yoast-seo-premium-wordpress\/ -->\n<title>HGH Peptides Lab Privacy Policy | Secure, Transparent &amp; GDPR-Compliant 2025<\/title>\n<meta name=\"description\" content=\"Learn how HGH Peptides Lab protects your privacy. Our 2025 policy covers data collection, security, and compliance with GDPR standards. Clear, transparent, and updated.\" \/>\n<meta name=\"robots\" content=\"index, follow, max-snippet:-1, max-image-preview:large, max-video-preview:-1\" \/>\n<link rel=\"canonical\" href=\"https:\/\/hghpeptideslab.com\/cs\/privacy-policy\/\" \/>\n<meta property=\"og:locale\" content=\"cs_CZ\" \/>\n<meta property=\"og:type\" content=\"article\" \/>\n<meta property=\"og:title\" content=\"Privacy Policy\" \/>\n<meta property=\"og:description\" content=\"Learn how HGH Peptides Lab protects your privacy. Our 2025 policy covers data collection, security, and compliance with GDPR standards. Clear, transparent, and updated.\" \/>\n<meta property=\"og:url\" content=\"https:\/\/hghpeptideslab.com\/cs\/privacy-policy\/\" \/>\n<meta property=\"og:site_name\" content=\"HGH Peptides Lab\" \/>\n<meta property=\"article:modified_time\" content=\"2025-08-08T18:37:50+00:00\" \/>\n<meta name=\"twitter:card\" content=\"summary_large_image\" \/>\n<meta name=\"twitter:label1\" content=\"Odhadovan\u00e1 doba \u010dten\u00ed\" \/>\n\t<meta name=\"twitter:data1\" content=\"2 minuty\" \/>\n<script type=\"application\/ld+json\" class=\"yoast-schema-graph\">{\"@context\":\"https:\\\/\\\/schema.org\",\"@graph\":[{\"@type\":\"WebPage\",\"@id\":\"https:\\\/\\\/hghpeptideslab.com\\\/privacy-policy\\\/\",\"url\":\"https:\\\/\\\/hghpeptideslab.com\\\/privacy-policy\\\/\",\"name\":\"HGH Peptides Lab Privacy Policy | Secure, Transparent & GDPR-Compliant 2025\",\"isPartOf\":{\"@id\":\"https:\\\/\\\/hghpeptideslab.com\\\/#website\"},\"datePublished\":\"2020-12-16T03:16:35+00:00\",\"dateModified\":\"2025-08-08T18:37:50+00:00\",\"description\":\"Learn how HGH Peptides Lab protects your privacy. Our 2025 policy covers data collection, security, and compliance with GDPR standards. Clear, transparent, and updated.\",\"breadcrumb\":{\"@id\":\"https:\\\/\\\/hghpeptideslab.com\\\/privacy-policy\\\/#breadcrumb\"},\"inLanguage\":\"cs\",\"potentialAction\":[{\"@type\":\"ReadAction\",\"target\":[\"https:\\\/\\\/hghpeptideslab.com\\\/privacy-policy\\\/\"]}],\"copyrightNotice\":\"\u00a9 2010\u20132026 HGH Peptides Lab. All Rights Reserved.\"},{\"@type\":\"BreadcrumbList\",\"@id\":\"https:\\\/\\\/hghpeptideslab.com\\\/privacy-policy\\\/#breadcrumb\",\"itemListElement\":[{\"@type\":\"ListItem\",\"position\":1,\"name\":\"Home\",\"item\":\"https:\\\/\\\/hghpeptideslab.com\\\/\"},{\"@type\":\"ListItem\",\"position\":2,\"name\":\"Privacy Policy\"}]},{\"@type\":\"WebSite\",\"@id\":\"https:\\\/\\\/hghpeptideslab.com\\\/#website\",\"url\":\"https:\\\/\\\/hghpeptideslab.com\\\/\",\"name\":\"HGH Peptides Lab\",\"description\":\"Premium Peptides &amp; HGH Shop\",\"publisher\":{\"@id\":\"https:\\\/\\\/hghpeptideslab.com\\\/#organization\"},\"potentialAction\":[{\"@type\":\"SearchAction\",\"target\":{\"@type\":\"EntryPoint\",\"urlTemplate\":\"https:\\\/\\\/hghpeptideslab.com\\\/?s={search_term_string}\"},\"query-input\":{\"@type\":\"PropertyValueSpecification\",\"valueRequired\":true,\"valueName\":\"search_term_string\"}}],\"inLanguage\":\"cs\"},{\"@type\":\"Organization\",\"@id\":\"https:\\\/\\\/hghpeptideslab.com\\\/#organization\",\"name\":\"HGH Peptides Lab\",\"url\":\"https:\\\/\\\/hghpeptideslab.com\\\/cs\\\/\",\"logo\":{\"@type\":\"ImageObject\",\"url\":\"https:\\\/\\\/hghpeptideslab.com\\\/wp-content\\\/uploads\\\/2025\\\/07\\\/HGHPEPTIDESLAB-Logo.png\"},\"image\":{\"@id\":\"https:\\\/\\\/hghpeptideslab.com\\\/#\\\/schema\\\/logo\\\/image\\\/\"},\"foundingDate\":\"2010\",\"contactPoint\":[{\"@type\":\"ContactPoint\",\"contactType\":\"customer support\",\"telephone\":\"+85247559641\",\"email\":\"CYGGL2025@gmail.com\",\"availableLanguage\":[\"en\"]}]}]}<\/script>\n<!-- \/ Yoast SEO Premium plugin. -->","yoast_head_json":{"title":"HGH Peptides Lab Z\u00e1sady ochrany osobn\u00edch \u00fadaj\u016f | Bezpe\u010dn\u00e9, transparentn\u00ed a v souladu s GDPR 2025","description":"P\u0159e\u010dt\u011bte si, jak HGH Peptides Lab chr\u00e1n\u00ed va\u0161e soukrom\u00ed. Na\u0161e z\u00e1sady pro rok 2025 se t\u00fdkaj\u00ed shroma\u017e\u010fov\u00e1n\u00ed \u00fadaj\u016f, zabezpe\u010den\u00ed a dodr\u017eov\u00e1n\u00ed standard\u016f GDPR. Jasn\u00e9, transparentn\u00ed a aktualizovan\u00e9.","robots":{"index":"index","follow":"follow","max-snippet":"max-snippet:-1","max-image-preview":"max-image-preview:large","max-video-preview":"max-video-preview:-1"},"canonical":"https:\/\/hghpeptideslab.com\/cs\/privacy-policy\/","og_locale":"cs_CZ","og_type":"article","og_title":"Privacy Policy","og_description":"Learn how HGH Peptides Lab protects your privacy. Our 2025 policy covers data collection, security, and compliance with GDPR standards. Clear, transparent, and updated.","og_url":"https:\/\/hghpeptideslab.com\/cs\/privacy-policy\/","og_site_name":"HGH Peptides Lab","article_modified_time":"2025-08-08T18:37:50+00:00","twitter_card":"summary_large_image","twitter_misc":{"Odhadovan\u00e1 doba \u010dten\u00ed":"2 minuty"},"schema":{"@context":"https:\/\/schema.org","@graph":[{"@type":"WebPage","@id":"https:\/\/hghpeptideslab.com\/privacy-policy\/","url":"https:\/\/hghpeptideslab.com\/privacy-policy\/","name":"HGH Peptides Lab Z\u00e1sady ochrany osobn\u00edch \u00fadaj\u016f | Bezpe\u010dn\u00e9, transparentn\u00ed a v souladu s GDPR 2025","isPartOf":{"@id":"https:\/\/hghpeptideslab.com\/#website"},"datePublished":"2020-12-16T03:16:35+00:00","dateModified":"2025-08-08T18:37:50+00:00","description":"P\u0159e\u010dt\u011bte si, jak HGH Peptides Lab chr\u00e1n\u00ed va\u0161e soukrom\u00ed. Na\u0161e z\u00e1sady pro rok 2025 se t\u00fdkaj\u00ed shroma\u017e\u010fov\u00e1n\u00ed \u00fadaj\u016f, zabezpe\u010den\u00ed a dodr\u017eov\u00e1n\u00ed standard\u016f GDPR. Jasn\u00e9, transparentn\u00ed a aktualizovan\u00e9.","breadcrumb":{"@id":"https:\/\/hghpeptideslab.com\/privacy-policy\/#breadcrumb"},"inLanguage":"cs","potentialAction":[{"@type":"ReadAction","target":["https:\/\/hghpeptideslab.com\/privacy-policy\/"]}],"copyrightNotice":"\u00a9 2010\u20132026 HGH Peptides Lab. All Rights Reserved."},{"@type":"BreadcrumbList","@id":"https:\/\/hghpeptideslab.com\/privacy-policy\/#breadcrumb","itemListElement":[{"@type":"ListItem","position":1,"name":"Home","item":"https:\/\/hghpeptideslab.com\/"},{"@type":"ListItem","position":2,"name":"Privacy Policy"}]},{"@type":"WebSite","@id":"https:\/\/hghpeptideslab.com\/#website","url":"https:\/\/hghpeptideslab.com\/","name":"HGH Peptides Lab","description":"Premium Peptides &amp; HGH Obchod","publisher":{"@id":"https:\/\/hghpeptideslab.com\/#organization"},"potentialAction":[{"@type":"SearchAction","target":{"@type":"EntryPoint","urlTemplate":"https:\/\/hghpeptideslab.com\/?s={search_term_string}"},"query-input":{"@type":"PropertyValueSpecification","valueRequired":true,"valueName":"search_term_string"}}],"inLanguage":"cs"},{"@type":"Organization","@id":"https:\/\/hghpeptideslab.com\/#organization","name":"HGH Peptides Lab","url":"https:\/\/hghpeptideslab.com\/cs\/","logo":{"@type":"ImageObject","url":"https:\/\/hghpeptideslab.com\/wp-content\/uploads\/2025\/07\/HGHPEPTIDESLAB-Logo.png"},"image":{"@id":"https:\/\/hghpeptideslab.com\/#\/schema\/logo\/image\/"},"foundingDate":"2010","contactPoint":[{"@type":"ContactPoint","contactType":"customer support","telephone":"+85247559641","email":"CYGGL2025@gmail.com","availableLanguage":["en"]}]}]}},"_links":{"self":[{"href":"https:\/\/hghpeptideslab.com\/cs\/wp-json\/wp\/v2\/pages\/3","targetHints":{"allow":["GET"]}}],"collection":[{"href":"https:\/\/hghpeptideslab.com\/cs\/wp-json\/wp\/v2\/pages"}],"about":[{"href":"https:\/\/hghpeptideslab.com\/cs\/wp-json\/wp\/v2\/types\/page"}],"author":[{"embeddable":true,"href":"https:\/\/hghpeptideslab.com\/cs\/wp-json\/wp\/v2\/users\/1"}],"replies":[{"embeddable":true,"href":"https:\/\/hghpeptideslab.com\/cs\/wp-json\/wp\/v2\/comments?post=3"}],"version-history":[{"count":6,"href":"https:\/\/hghpeptideslab.com\/cs\/wp-json\/wp\/v2\/pages\/3\/revisions"}],"predecessor-version":[{"id":8749,"href":"https:\/\/hghpeptideslab.com\/cs\/wp-json\/wp\/v2\/pages\/3\/revisions\/8749"}],"wp:attachment":[{"href":"https:\/\/hghpeptideslab.com\/cs\/wp-json\/wp\/v2\/media?parent=3"}],"curies":[{"name":"wp","href":"https:\/\/api.w.org\/{rel}","templated":true}]}}