{"id":9415,"date":"2025-08-30T03:19:58","date_gmt":"2025-08-30T03:19:58","guid":{"rendered":"https:\/\/hghpeptideslab.com\/?page_id=9415"},"modified":"2025-08-30T03:19:59","modified_gmt":"2025-08-30T03:19:59","slug":"shipping-policy","status":"publish","type":"page","link":"https:\/\/hghpeptideslab.com\/cs\/shipping-policy\/","title":{"rendered":"Z\u00e1sady p\u0159epravy a dod\u00e1n\u00ed"},"content":{"rendered":"<h2 class=\"wp-block-heading\" id=\"h-shipping-amp-delivery-policy\">Z\u00e1sady p\u0159epravy a dod\u00e1n\u00ed<\/h2>\n\n\n\n<p>Dod\u00e1v\u00e1me po cel\u00e9m sv\u011bt\u011b prost\u0159ednictv\u00edm <strong>FedEx \/ UPS \/ DHL \/ TNT<\/strong>. Objedn\u00e1vky se zpracov\u00e1vaj\u00ed v pracovn\u00ed dny. Po odesl\u00e1n\u00ed z\u00e1silky obdr\u017e\u00edte e-mailem sledovac\u00ed \u010d\u00edslo\/WhatsApp.<\/p>\n\n\n\n<h3 class=\"wp-block-heading\" id=\"h-processing-times\">Doba zpracov\u00e1n\u00ed<\/h3>\n\n\n\n<ul class=\"wp-block-list\">\n<li>Typick\u00e9 zpracov\u00e1n\u00ed: 1-3 pracovn\u00ed dny (v z\u00e1vislosti na skladov\u00fdch z\u00e1sob\u00e1ch a specifikaci).<\/li>\n\n\n\n<li>Vlastn\u00ed specifikace: doba dod\u00e1n\u00ed potvrzen\u00e1 podporou p\u0159ed platbou.<\/li>\n<\/ul>\n\n\n\n<h3 class=\"wp-block-heading\" id=\"h-shipping-regions-amp-carriers\">P\u0159epravn\u00ed oblasti a dopravci<\/h3>\n\n\n\n<ul class=\"wp-block-list\">\n<li>Podporov\u00e1ny jsou Severn\u00ed Amerika, EU\/Velk\u00e1 Brit\u00e1nie, AU\/NZ, Asie a dal\u0161\u00ed regiony.<\/li>\n\n\n\n<li>Dopravce se vyb\u00edr\u00e1 podle m\u00edsta ur\u010den\u00ed, \u00farovn\u011b slu\u017eeb a spolehlivosti.<\/li>\n<\/ul>\n\n\n\n<h3 class=\"wp-block-heading\" id=\"h-duties-amp-taxes\">Cla a dan\u011b<\/h3>\n\n\n\n<p>Dovozn\u00ed cla\/da\u0148 (pokud se na n\u011b vztahuje) jsou v odpov\u011bdnosti kupuj\u00edc\u00edho a li\u0161\u00ed se v z\u00e1vislosti na zemi\/regionu. Zkontrolujte si pros\u00edm m\u00edstn\u00ed po\u017eadavky.<\/p>\n\n\n\n<h3 class=\"wp-block-heading\" id=\"h-tracking-amp-support\">Sledov\u00e1n\u00ed a podpora<\/h3>\n\n\n\n<ul class=\"wp-block-list\">\n<li>Odkaz na sledov\u00e1n\u00ed je k dispozici, jakmile je k dispozici v syst\u00e9mu dopravce.<\/li>\n\n\n\n<li>Pro pomoc se obra\u0165te na: <a href=\"https:\/\/wa.me\/85247559641\" target=\"_blank\" rel=\"noreferrer noopener\">WhatsApp<\/a> \/ <a href=\"mailto:CYGGL2025@gmail.com\">Email<\/a>.<\/li>\n<\/ul>\n\n\n\n<h3 class=\"wp-block-heading\" id=\"h-notes\">Pozn\u00e1mky<\/h3>\n\n\n\n<ul class=\"wp-block-list\">\n<li><strong>TENTO V\u00ddROBEK JE UR\u010cEN POUZE JAKO V\u00ddZKUMN\u00c1 CHEMICK\u00c1 L\u00c1TKA. V\u0160ECHNY V\u00ddROBKY NEJSOU OZNA\u010cENY.<\/strong><\/li>\n\n\n\n<li>Vyhrazujeme si pr\u00e1vo v p\u0159\u00edpad\u011b pot\u0159eby upravit dopravce\/slu\u017ebu tak, aby bylo zaji\u0161t\u011bno bezpe\u010dn\u00e9 doru\u010den\u00ed.<\/li>\n<\/ul>","protected":false},"excerpt":{"rendered":"<p>Shipping &amp; Delivery Policy We ship worldwide via FedEx \/ UPS \/ DHL \/ TNT. Orders are processed on business days. You\u2019ll receive a tracking number by email\/WhatsApp once your parcel is dispatched. Processing Times Shipping Regions &amp; Carriers Duties &amp; Taxes Import duties\/taxes (if applicable) are the buyer\u2019s responsibility and vary by country\/region. Please [&hellip;]<\/p>\n","protected":false},"author":1,"featured_media":0,"parent":0,"menu_order":0,"comment_status":"closed","ping_status":"closed","template":"","meta":{"footnotes":""},"class_list":["post-9415","page","type-page","status-publish","hentry"],"yoast_head":"<!-- This site is optimized with the Yoast SEO Premium plugin v27.5 (Yoast SEO v27.5) - https:\/\/yoast.com\/product\/yoast-seo-premium-wordpress\/ -->\n<title>Shipping &amp; Delivery Policy | HGH Peptides Lab \u2014 Factory-Direct<\/title>\n<meta name=\"description\" content=\"Express shipping via FedEx\/UPS\/DHL\/TNT, processing times, regions, tracking and duties. Factory-direct support from HGH Peptides Lab.\" \/>\n<meta name=\"robots\" content=\"index, follow, max-snippet:-1, max-image-preview:large, max-video-preview:-1\" \/>\n<link rel=\"canonical\" href=\"https:\/\/hghpeptideslab.com\/cs\/shipping-policy\/\" \/>\n<meta property=\"og:locale\" content=\"cs_CZ\" \/>\n<meta property=\"og:type\" content=\"article\" \/>\n<meta property=\"og:title\" content=\"Shipping &amp; Delivery Policy\" \/>\n<meta property=\"og:description\" content=\"Express shipping via FedEx\/UPS\/DHL\/TNT, processing times, regions, tracking and duties. Factory-direct support from HGH Peptides Lab.\" \/>\n<meta property=\"og:url\" content=\"https:\/\/hghpeptideslab.com\/cs\/shipping-policy\/\" \/>\n<meta property=\"og:site_name\" content=\"HGH Peptides Lab\" \/>\n<meta property=\"article:modified_time\" content=\"2025-08-30T03:19:59+00:00\" \/>\n<meta name=\"twitter:card\" content=\"summary_large_image\" \/>\n<meta name=\"twitter:label1\" content=\"Odhadovan\u00e1 doba \u010dten\u00ed\" \/>\n\t<meta name=\"twitter:data1\" content=\"1 minuta\" \/>\n<script type=\"application\/ld+json\" class=\"yoast-schema-graph\">{\"@context\":\"https:\\\/\\\/schema.org\",\"@graph\":[{\"@type\":\"WebPage\",\"@id\":\"https:\\\/\\\/hghpeptideslab.com\\\/shipping-policy\\\/\",\"url\":\"https:\\\/\\\/hghpeptideslab.com\\\/shipping-policy\\\/\",\"name\":\"Shipping & Delivery Policy | HGH Peptides Lab \u2014 Factory-Direct\",\"isPartOf\":{\"@id\":\"https:\\\/\\\/hghpeptideslab.com\\\/#website\"},\"datePublished\":\"2025-08-30T03:19:58+00:00\",\"dateModified\":\"2025-08-30T03:19:59+00:00\",\"description\":\"Express shipping via FedEx\\\/UPS\\\/DHL\\\/TNT, processing times, regions, tracking and duties. Factory-direct support from HGH Peptides Lab.\",\"breadcrumb\":{\"@id\":\"https:\\\/\\\/hghpeptideslab.com\\\/shipping-policy\\\/#breadcrumb\"},\"inLanguage\":\"cs\",\"potentialAction\":[{\"@type\":\"ReadAction\",\"target\":[\"https:\\\/\\\/hghpeptideslab.com\\\/shipping-policy\\\/\"]}],\"copyrightNotice\":\"\u00a9 2010\u20132026 HGH Peptides Lab. All Rights Reserved.\"},{\"@type\":\"BreadcrumbList\",\"@id\":\"https:\\\/\\\/hghpeptideslab.com\\\/shipping-policy\\\/#breadcrumb\",\"itemListElement\":[{\"@type\":\"ListItem\",\"position\":1,\"name\":\"Home\",\"item\":\"https:\\\/\\\/hghpeptideslab.com\\\/\"},{\"@type\":\"ListItem\",\"position\":2,\"name\":\"Shipping & Delivery Policy\"}]},{\"@type\":\"WebSite\",\"@id\":\"https:\\\/\\\/hghpeptideslab.com\\\/#website\",\"url\":\"https:\\\/\\\/hghpeptideslab.com\\\/\",\"name\":\"HGH Peptides Lab\",\"description\":\"Premium Peptides &amp; HGH Shop\",\"publisher\":{\"@id\":\"https:\\\/\\\/hghpeptideslab.com\\\/#organization\"},\"potentialAction\":[{\"@type\":\"SearchAction\",\"target\":{\"@type\":\"EntryPoint\",\"urlTemplate\":\"https:\\\/\\\/hghpeptideslab.com\\\/?s={search_term_string}\"},\"query-input\":{\"@type\":\"PropertyValueSpecification\",\"valueRequired\":true,\"valueName\":\"search_term_string\"}}],\"inLanguage\":\"cs\"},{\"@type\":\"Organization\",\"@id\":\"https:\\\/\\\/hghpeptideslab.com\\\/#organization\",\"name\":\"HGH Peptides Lab\",\"url\":\"https:\\\/\\\/hghpeptideslab.com\\\/cs\\\/\",\"logo\":{\"@type\":\"ImageObject\",\"url\":\"https:\\\/\\\/hghpeptideslab.com\\\/wp-content\\\/uploads\\\/2025\\\/07\\\/HGHPEPTIDESLAB-Logo.png\"},\"image\":{\"@id\":\"https:\\\/\\\/hghpeptideslab.com\\\/#\\\/schema\\\/logo\\\/image\\\/\"},\"foundingDate\":\"2010\",\"contactPoint\":[{\"@type\":\"ContactPoint\",\"contactType\":\"customer support\",\"telephone\":\"+85247559641\",\"email\":\"CYGGL2025@gmail.com\",\"availableLanguage\":[\"en\"]}]}]}<\/script>\n<!-- \/ Yoast SEO Premium plugin. -->","yoast_head_json":{"title":"Z\u00e1sady p\u0159epravy a dod\u00e1n\u00ed | HGH Peptides Lab - Factory-Direct","description":"Expresn\u00ed p\u0159eprava prost\u0159ednictv\u00edm spole\u010dnosti FedEx\/UPS\/DHL\/TNT, doba zpracov\u00e1n\u00ed, regiony, sledov\u00e1n\u00ed a cla. Podpora p\u0159\u00edmo od v\u00fdrobce HGH Peptides Lab.","robots":{"index":"index","follow":"follow","max-snippet":"max-snippet:-1","max-image-preview":"max-image-preview:large","max-video-preview":"max-video-preview:-1"},"canonical":"https:\/\/hghpeptideslab.com\/cs\/shipping-policy\/","og_locale":"cs_CZ","og_type":"article","og_title":"Shipping &amp; Delivery Policy","og_description":"Express shipping via FedEx\/UPS\/DHL\/TNT, processing times, regions, tracking and duties. Factory-direct support from HGH Peptides Lab.","og_url":"https:\/\/hghpeptideslab.com\/cs\/shipping-policy\/","og_site_name":"HGH Peptides Lab","article_modified_time":"2025-08-30T03:19:59+00:00","twitter_card":"summary_large_image","twitter_misc":{"Odhadovan\u00e1 doba \u010dten\u00ed":"1 minuta"},"schema":{"@context":"https:\/\/schema.org","@graph":[{"@type":"WebPage","@id":"https:\/\/hghpeptideslab.com\/shipping-policy\/","url":"https:\/\/hghpeptideslab.com\/shipping-policy\/","name":"Z\u00e1sady p\u0159epravy a dod\u00e1n\u00ed | HGH Peptides Lab - Factory-Direct","isPartOf":{"@id":"https:\/\/hghpeptideslab.com\/#website"},"datePublished":"2025-08-30T03:19:58+00:00","dateModified":"2025-08-30T03:19:59+00:00","description":"Expresn\u00ed p\u0159eprava prost\u0159ednictv\u00edm spole\u010dnosti FedEx\/UPS\/DHL\/TNT, doba zpracov\u00e1n\u00ed, regiony, sledov\u00e1n\u00ed a cla. Podpora p\u0159\u00edmo od v\u00fdrobce HGH Peptides Lab.","breadcrumb":{"@id":"https:\/\/hghpeptideslab.com\/shipping-policy\/#breadcrumb"},"inLanguage":"cs","potentialAction":[{"@type":"ReadAction","target":["https:\/\/hghpeptideslab.com\/shipping-policy\/"]}],"copyrightNotice":"\u00a9 2010\u20132026 HGH Peptides Lab. All Rights Reserved."},{"@type":"BreadcrumbList","@id":"https:\/\/hghpeptideslab.com\/shipping-policy\/#breadcrumb","itemListElement":[{"@type":"ListItem","position":1,"name":"Home","item":"https:\/\/hghpeptideslab.com\/"},{"@type":"ListItem","position":2,"name":"Shipping & Delivery Policy"}]},{"@type":"WebSite","@id":"https:\/\/hghpeptideslab.com\/#website","url":"https:\/\/hghpeptideslab.com\/","name":"HGH Peptides Lab","description":"Premium Peptides &amp; HGH Obchod","publisher":{"@id":"https:\/\/hghpeptideslab.com\/#organization"},"potentialAction":[{"@type":"SearchAction","target":{"@type":"EntryPoint","urlTemplate":"https:\/\/hghpeptideslab.com\/?s={search_term_string}"},"query-input":{"@type":"PropertyValueSpecification","valueRequired":true,"valueName":"search_term_string"}}],"inLanguage":"cs"},{"@type":"Organization","@id":"https:\/\/hghpeptideslab.com\/#organization","name":"HGH Peptides Lab","url":"https:\/\/hghpeptideslab.com\/cs\/","logo":{"@type":"ImageObject","url":"https:\/\/hghpeptideslab.com\/wp-content\/uploads\/2025\/07\/HGHPEPTIDESLAB-Logo.png"},"image":{"@id":"https:\/\/hghpeptideslab.com\/#\/schema\/logo\/image\/"},"foundingDate":"2010","contactPoint":[{"@type":"ContactPoint","contactType":"customer support","telephone":"+85247559641","email":"CYGGL2025@gmail.com","availableLanguage":["en"]}]}]}},"_links":{"self":[{"href":"https:\/\/hghpeptideslab.com\/cs\/wp-json\/wp\/v2\/pages\/9415","targetHints":{"allow":["GET"]}}],"collection":[{"href":"https:\/\/hghpeptideslab.com\/cs\/wp-json\/wp\/v2\/pages"}],"about":[{"href":"https:\/\/hghpeptideslab.com\/cs\/wp-json\/wp\/v2\/types\/page"}],"author":[{"embeddable":true,"href":"https:\/\/hghpeptideslab.com\/cs\/wp-json\/wp\/v2\/users\/1"}],"replies":[{"embeddable":true,"href":"https:\/\/hghpeptideslab.com\/cs\/wp-json\/wp\/v2\/comments?post=9415"}],"version-history":[{"count":1,"href":"https:\/\/hghpeptideslab.com\/cs\/wp-json\/wp\/v2\/pages\/9415\/revisions"}],"predecessor-version":[{"id":9416,"href":"https:\/\/hghpeptideslab.com\/cs\/wp-json\/wp\/v2\/pages\/9415\/revisions\/9416"}],"wp:attachment":[{"href":"https:\/\/hghpeptideslab.com\/cs\/wp-json\/wp\/v2\/media?parent=9415"}],"curies":[{"name":"wp","href":"https:\/\/api.w.org\/{rel}","templated":true}]}}