{"id":10205,"date":"2025-11-08T03:43:31","date_gmt":"2025-11-08T03:43:31","guid":{"rendered":"https:\/\/hghpeptideslab.com\/?post_type=product&#038;p=10205"},"modified":"2025-11-08T03:44:37","modified_gmt":"2025-11-08T03:44:37","slug":"slu-pp-332","status":"publish","type":"product","link":"https:\/\/hghpeptideslab.com\/cs\/product\/slu-pp-332\/","title":{"rendered":"SLU-PP-332 Peptide"},"content":{"rendered":"<h3>P\u0159ehled<\/h3>\n<p><strong>SLU-PP-332<\/strong> je peptid nov\u00e9 generace, o kter\u00e9m se \u010dasto hovo\u0159\u00ed v souvislosti s metabolismem, cvi\u010den\u00edm a v\u00fdzkumem v\u00fdkonnosti. Obvykle se dod\u00e1v\u00e1 jako b\u00edl\u00fd lyophilized powder na vial a p\u0159ed pou\u017eit\u00edm v laboratorn\u00edch podm\u00ednk\u00e1ch se rekonstituuje vhodn\u00fdm steriln\u00edm \u0159edidlem.<\/p>\n<p>N\u00e1\u0161 SLU-PP-332 je <strong>GMP-vyrobeno<\/strong> (surovina farmaceutick\u00e9 kvality) s <strong>99%+ \u010distota<\/strong>. Dokumentace k d\u00e1vk\u00e1m (HPLC\/COA) je k dispozici na vy\u017e\u00e1d\u00e1n\u00ed pro kvalifikovan\u00e9 v\u00fdzkumn\u00e9 klienty.<\/p>\n<h3>Kl\u00ed\u010dov\u00e9 vlastnosti<\/h3>\n<ul>\n<li>Dostupn\u00e9 s\u00edly: <strong>5 mg<\/strong> &amp; <strong>10 mg<\/strong> za vial<\/li>\n<li>Standardn\u00ed velikost sady: <strong>10 vials\/sada<\/strong> pro pl\u00e1nov\u00e1n\u00ed portfolia<\/li>\n<li>Forma: b\u00edl\u00fd pr\u00e1\u0161ek peptidu lyophilized pro flexibiln\u00ed v\u00fdzkumn\u00e9 protokoly<\/li>\n<li>GMP \u2013 vyrobeno s <strong>99%+ \u010distota<\/strong> (HPLC na vy\u017e\u00e1d\u00e1n\u00ed)<\/li>\n<li>P\u0159\u00edmo z tov\u00e1rny z laborato\u0159e v \u010c\u00edn\u011b s konzistentn\u00edmi specifikacemi \u0161ar\u017e\u00ed<\/li>\n<li>Sledovac\u00ed \u010d\u00edslo uveden\u00e9 v r\u00e1mci <strong>3 pracovn\u00ed dny<\/strong> po odesl\u00e1n\u00ed<\/li>\n<\/ul>\n<h3>Typick\u00e1 zam\u011b\u0159en\u00ed v\u00fdzkumu<\/h3>\n<ul>\n<li><strong>R\u00e1mce napodobuj\u00edc\u00ed cvi\u010den\u00ed<\/strong> \u2014 modely zkoumaj\u00edc\u00ed sign\u00e1ly podobn\u00e9 tr\u00e9ninku bez p\u0159\u00edm\u00e9ho mechanick\u00e9ho zat\u00ed\u017een\u00ed.<\/li>\n<li><strong>Metabolismus a energetick\u00e1 bilance<\/strong> \u2014 n\u00e1vrhy zam\u011b\u0159en\u00e9 na vyu\u017eit\u00ed tuk\u016f, energetick\u00fd v\u00fddej a souvisej\u00edc\u00ed ukazatele.<\/li>\n<li><strong>Portfolia slo\u017een\u00ed t\u011bla<\/strong> \u2014 studie porovn\u00e1vaj\u00edc\u00ed v\u00fdsledky t\u00fdkaj\u00edc\u00ed se svalov\u00e9 hmoty a tukov\u00e9 hmoty v kontrolovan\u00fdch podm\u00ednk\u00e1ch.<\/li>\n<li><strong>Kontext v\u00fdkonu a zotaven\u00ed<\/strong> \u2014 pr\u00e1ce ve stylu portfolia spole\u010dn\u011b s dal\u0161\u00edmi n\u00e1stroji pro metabolismus nebo peptidy.<\/li>\n<\/ul>\n<h3>Skladov\u00e1n\u00ed a stabilita<\/h3>\n<ul>\n<li>Skladujte vials uzav\u0159en\u00e9 p\u0159i teplot\u011b <strong>2-8 \u00b0C<\/strong>, chr\u00e1n\u011bn\u00e9 p\u0159ed sv\u011btlem a vlhkost\u00ed.<\/li>\n<li>Vyhn\u011bte se opakovan\u00fdm cykl\u016fm zmrazov\u00e1n\u00ed a rozmrazov\u00e1n\u00ed; pokud je vy\u017eadov\u00e1n \u010dast\u00fd p\u0159\u00edstup, napl\u00e1nujte mal\u00e9 alikvoty.<\/li>\n<li>Po rekonstituci pou\u017eijte neprodlen\u011b v souladu s intern\u00edmi laboratorn\u00edmi standardn\u00edmi opera\u010dn\u00edmi postupy.<\/li>\n<\/ul>\n<h3>Pozn\u00e1mky<\/h3>\n<ul>\n<li>Vyrobeno v <strong>Kompatibiln\u00ed s GMP<\/strong> za\u0159\u00edzen\u00ed s \u010distotou 99%+.<\/li>\n<li>Dokumentace k model\u016fm HPLC\/COA je k dispozici na vy\u017e\u00e1d\u00e1n\u00ed pro kvalifikovan\u00e9 v\u00fdzkumn\u00e9 u\u017eivatele.<\/li>\n<li><strong>Pouze pro laboratorn\u00ed v\u00fdzkum. V\u00fdrobky nejsou ozna\u010deny pro l\u00e9ka\u0159sk\u00e9 pou\u017eit\u00ed.<\/strong><\/li>\n<\/ul>","protected":false},"excerpt":{"rendered":"<p><strong>Jm\u00e9no:<\/strong> Peptid 99% Purity SLU-PP-332<br \/>\n<strong>Funkce:<\/strong> Cvi\u010den\u00ed-mimetikum; v\u00fdzkum metabolismu a v\u00fdkonu<br \/>\n<strong>Specifikace:<\/strong> 5 mg a 10 mg na vial; 10 vials\/sada<br \/>\n<strong>CAS:<\/strong> 303760-60-3<br \/>\n<strong>Vzhled:<\/strong> White lyophilized powder<\/p>","protected":false},"featured_media":10191,"comment_status":"open","ping_status":"closed","template":"","meta":[],"product_cat":[40,46,60],"product_tag":[162,379,374,399],"class_list":{"0":"post-10205","1":"product","2":"type-product","3":"status-publish","4":"has-post-thumbnail","6":"product_brand-dp-hghpeptides","7":"product_brand-hgh-peptides-lab","8":"product_cat-peptides-for-muscle-growth","9":"product_cat-peptides-for-weight-loss","10":"product_cat-specialty-peptides","11":"product_tag-anti-aging-longevity-peptides","12":"product_tag-fat-loss-metabolism","13":"product_tag-muscle-growth-performance","14":"product_tag-slu-pp-332","16":"first","17":"instock","18":"shipping-taxable","19":"purchasable","20":"product-type-variable","21":"has-default-attributes"},"yoast_head":"<!-- This site is optimized with the Yoast SEO Premium plugin v27.6 (Yoast SEO v27.6) - https:\/\/yoast.com\/product\/yoast-seo-premium-wordpress\/ -->\n<title>SLU-PP-332 Peptide | 99% Purity \u2013 HGH Peptides Lab<\/title>\n<meta name=\"description\" content=\"SLU-PP-332 peptide vials from a China-based lab: 99% purity, pharmaceutical-grade quality and factory-direct pricing for metabolism and exercise-mimetic research portfolios. Tracking in 3 business days.\" \/>\n<meta name=\"robots\" content=\"index, follow, max-snippet:-1, max-image-preview:large, max-video-preview:-1\" \/>\n<link rel=\"canonical\" href=\"https:\/\/hghpeptideslab.com\/cs\/product\/slu-pp-332\/\" \/>\n<meta property=\"og:locale\" content=\"cs_CZ\" \/>\n<meta property=\"og:type\" content=\"article\" \/>\n<meta property=\"og:title\" content=\"SLU-PP-332 Peptide\" \/>\n<meta property=\"og:description\" content=\"SLU-PP-332 peptide vials from a China-based lab: 99% purity, pharmaceutical-grade quality and factory-direct pricing for metabolism and exercise-mimetic research portfolios. Tracking in 3 business days.\" \/>\n<meta property=\"og:url\" content=\"https:\/\/hghpeptideslab.com\/cs\/product\/slu-pp-332\/\" \/>\n<meta property=\"og:site_name\" content=\"HGH Peptides Lab\" \/>\n<meta property=\"article:modified_time\" content=\"2025-11-08T03:44:37+00:00\" \/>\n<meta property=\"og:image\" content=\"https:\/\/hghpeptideslab.com\/wp-content\/uploads\/2025\/11\/slu-pp-332-5mg-peptide.jpg\" \/>\n\t<meta property=\"og:image:width\" content=\"800\" \/>\n\t<meta property=\"og:image:height\" content=\"800\" \/>\n\t<meta property=\"og:image:type\" content=\"image\/jpeg\" \/>\n<meta name=\"twitter:card\" content=\"summary_large_image\" \/>\n<meta name=\"twitter:label1\" content=\"Odhadovan\u00e1 doba \u010dten\u00ed\" \/>\n\t<meta name=\"twitter:data1\" content=\"2 minuty\" \/>\n<script type=\"application\/ld+json\" class=\"yoast-schema-graph\">{\"@context\":\"https:\\\/\\\/schema.org\",\"@graph\":[{\"@type\":\"WebPage\",\"@id\":\"https:\\\/\\\/hghpeptideslab.com\\\/product\\\/slu-pp-332\\\/\",\"url\":\"https:\\\/\\\/hghpeptideslab.com\\\/product\\\/slu-pp-332\\\/\",\"name\":\"SLU-PP-332 Peptide | 99% Purity \u2013 HGH Peptides Lab\",\"isPartOf\":{\"@id\":\"https:\\\/\\\/hghpeptideslab.com\\\/#website\"},\"primaryImageOfPage\":{\"@id\":\"https:\\\/\\\/hghpeptideslab.com\\\/product\\\/slu-pp-332\\\/#primaryimage\"},\"image\":{\"@id\":\"https:\\\/\\\/hghpeptideslab.com\\\/product\\\/slu-pp-332\\\/#primaryimage\"},\"thumbnailUrl\":\"https:\\\/\\\/hghpeptideslab.com\\\/wp-content\\\/uploads\\\/2025\\\/11\\\/slu-pp-332-5mg-peptide.jpg\",\"datePublished\":\"2025-11-08T03:43:31+00:00\",\"dateModified\":\"2025-11-08T03:44:37+00:00\",\"description\":\"SLU-PP-332 peptide vials from a China-based lab: 99% purity, pharmaceutical-grade quality and factory-direct pricing for metabolism and exercise-mimetic research portfolios. Tracking in 3 business days.\",\"breadcrumb\":{\"@id\":\"https:\\\/\\\/hghpeptideslab.com\\\/product\\\/slu-pp-332\\\/#breadcrumb\"},\"inLanguage\":\"cs\",\"potentialAction\":[{\"@type\":\"ReadAction\",\"target\":[\"https:\\\/\\\/hghpeptideslab.com\\\/product\\\/slu-pp-332\\\/\"]}],\"copyrightNotice\":\"\u00a9 2010\u20132026 HGH Peptides Lab. All Rights Reserved.\"},{\"@type\":\"ImageObject\",\"inLanguage\":\"cs\",\"@id\":\"https:\\\/\\\/hghpeptideslab.com\\\/product\\\/slu-pp-332\\\/#primaryimage\",\"url\":\"https:\\\/\\\/hghpeptideslab.com\\\/wp-content\\\/uploads\\\/2025\\\/11\\\/slu-pp-332-5mg-peptide.jpg\",\"contentUrl\":\"https:\\\/\\\/hghpeptideslab.com\\\/wp-content\\\/uploads\\\/2025\\\/11\\\/slu-pp-332-5mg-peptide.jpg\",\"width\":800,\"height\":800,\"caption\":\"SLU-PP-332 5 mg per vial \u2014 factory-direct peptide vials, 99% purity \u00b7 engineered in China \u00b7 pharmaceutical-grade.\"},{\"@type\":\"BreadcrumbList\",\"@id\":\"https:\\\/\\\/hghpeptideslab.com\\\/product\\\/slu-pp-332\\\/#breadcrumb\",\"itemListElement\":[{\"@type\":\"ListItem\",\"position\":1,\"name\":\"Home\",\"item\":\"https:\\\/\\\/hghpeptideslab.com\\\/\"},{\"@type\":\"ListItem\",\"position\":2,\"name\":\"Shop\",\"item\":\"https:\\\/\\\/hghpeptideslab.com\\\/shop\\\/\"},{\"@type\":\"ListItem\",\"position\":3,\"name\":\"SLU-PP-332 Peptide\"}]},{\"@type\":\"WebSite\",\"@id\":\"https:\\\/\\\/hghpeptideslab.com\\\/#website\",\"url\":\"https:\\\/\\\/hghpeptideslab.com\\\/\",\"name\":\"HGH Peptides Lab\",\"description\":\"Premium Peptides &amp; HGH Shop\",\"publisher\":{\"@id\":\"https:\\\/\\\/hghpeptideslab.com\\\/#organization\"},\"potentialAction\":[{\"@type\":\"SearchAction\",\"target\":{\"@type\":\"EntryPoint\",\"urlTemplate\":\"https:\\\/\\\/hghpeptideslab.com\\\/?s={search_term_string}\"},\"query-input\":{\"@type\":\"PropertyValueSpecification\",\"valueRequired\":true,\"valueName\":\"search_term_string\"}}],\"inLanguage\":\"cs\"},{\"@type\":\"Organization\",\"@id\":\"https:\\\/\\\/hghpeptideslab.com\\\/#organization\",\"name\":\"HGH Peptides Lab\",\"url\":\"https:\\\/\\\/hghpeptideslab.com\\\/cs\\\/\",\"logo\":{\"@type\":\"ImageObject\",\"url\":\"https:\\\/\\\/hghpeptideslab.com\\\/wp-content\\\/uploads\\\/2025\\\/07\\\/HGHPEPTIDESLAB-Logo.png\"},\"image\":{\"@id\":\"https:\\\/\\\/hghpeptideslab.com\\\/#\\\/schema\\\/logo\\\/image\\\/\"},\"foundingDate\":\"2010\",\"contactPoint\":[{\"@type\":\"ContactPoint\",\"contactType\":\"customer support\",\"telephone\":\"+85247559641\",\"email\":\"CYGGL2025@gmail.com\",\"availableLanguage\":[\"en\"]}]}]}<\/script>\n<!-- \/ Yoast SEO Premium plugin. -->","yoast_head_json":{"title":"SLU-PP-332 Peptide | 99% Purity \u2013 HGH Peptides Lab","description":"Peptid SLU-PP-332 vials z laborato\u0159e v \u010c\u00edn\u011b: 99% purity, farmaceutick\u00e1 kvalita a ceny p\u0159\u00edmo od v\u00fdrobce pro v\u00fdzkum metabolismu a cvi\u010den\u00ed. Sledov\u00e1n\u00ed do 3 pracovn\u00edch dn\u016f.","robots":{"index":"index","follow":"follow","max-snippet":"max-snippet:-1","max-image-preview":"max-image-preview:large","max-video-preview":"max-video-preview:-1"},"canonical":"https:\/\/hghpeptideslab.com\/cs\/product\/slu-pp-332\/","og_locale":"cs_CZ","og_type":"article","og_title":"SLU-PP-332 Peptide","og_description":"SLU-PP-332 peptide vials from a China-based lab: 99% purity, pharmaceutical-grade quality and factory-direct pricing for metabolism and exercise-mimetic research portfolios. Tracking in 3 business days.","og_url":"https:\/\/hghpeptideslab.com\/cs\/product\/slu-pp-332\/","og_site_name":"HGH Peptides Lab","article_modified_time":"2025-11-08T03:44:37+00:00","og_image":[{"width":800,"height":800,"url":"https:\/\/hghpeptideslab.com\/wp-content\/uploads\/2025\/11\/slu-pp-332-5mg-peptide.jpg","type":"image\/jpeg"}],"twitter_card":"summary_large_image","twitter_misc":{"Odhadovan\u00e1 doba \u010dten\u00ed":"2 minuty"},"schema":{"@context":"https:\/\/schema.org","@graph":[{"@type":"WebPage","@id":"https:\/\/hghpeptideslab.com\/product\/slu-pp-332\/","url":"https:\/\/hghpeptideslab.com\/product\/slu-pp-332\/","name":"SLU-PP-332 Peptide | 99% Purity \u2013 HGH Peptides Lab","isPartOf":{"@id":"https:\/\/hghpeptideslab.com\/#website"},"primaryImageOfPage":{"@id":"https:\/\/hghpeptideslab.com\/product\/slu-pp-332\/#primaryimage"},"image":{"@id":"https:\/\/hghpeptideslab.com\/product\/slu-pp-332\/#primaryimage"},"thumbnailUrl":"https:\/\/hghpeptideslab.com\/wp-content\/uploads\/2025\/11\/slu-pp-332-5mg-peptide.jpg","datePublished":"2025-11-08T03:43:31+00:00","dateModified":"2025-11-08T03:44:37+00:00","description":"Peptid SLU-PP-332 vials z laborato\u0159e v \u010c\u00edn\u011b: 99% purity, farmaceutick\u00e1 kvalita a ceny p\u0159\u00edmo od v\u00fdrobce pro v\u00fdzkum metabolismu a cvi\u010den\u00ed. Sledov\u00e1n\u00ed do 3 pracovn\u00edch dn\u016f.","breadcrumb":{"@id":"https:\/\/hghpeptideslab.com\/product\/slu-pp-332\/#breadcrumb"},"inLanguage":"cs","potentialAction":[{"@type":"ReadAction","target":["https:\/\/hghpeptideslab.com\/product\/slu-pp-332\/"]}],"copyrightNotice":"\u00a9 2010\u20132026 HGH Peptides Lab. All Rights Reserved."},{"@type":"ImageObject","inLanguage":"cs","@id":"https:\/\/hghpeptideslab.com\/product\/slu-pp-332\/#primaryimage","url":"https:\/\/hghpeptideslab.com\/wp-content\/uploads\/2025\/11\/slu-pp-332-5mg-peptide.jpg","contentUrl":"https:\/\/hghpeptideslab.com\/wp-content\/uploads\/2025\/11\/slu-pp-332-5mg-peptide.jpg","width":800,"height":800,"caption":"SLU-PP-332 5 mg per vial \u2014 factory-direct peptide vials, 99% purity \u00b7 engineered in China \u00b7 pharmaceutical-grade."},{"@type":"BreadcrumbList","@id":"https:\/\/hghpeptideslab.com\/product\/slu-pp-332\/#breadcrumb","itemListElement":[{"@type":"ListItem","position":1,"name":"Home","item":"https:\/\/hghpeptideslab.com\/"},{"@type":"ListItem","position":2,"name":"Shop","item":"https:\/\/hghpeptideslab.com\/shop\/"},{"@type":"ListItem","position":3,"name":"SLU-PP-332 Peptide"}]},{"@type":"WebSite","@id":"https:\/\/hghpeptideslab.com\/#website","url":"https:\/\/hghpeptideslab.com\/","name":"HGH Peptides Lab","description":"Premium Peptides &amp; HGH Obchod","publisher":{"@id":"https:\/\/hghpeptideslab.com\/#organization"},"potentialAction":[{"@type":"SearchAction","target":{"@type":"EntryPoint","urlTemplate":"https:\/\/hghpeptideslab.com\/?s={search_term_string}"},"query-input":{"@type":"PropertyValueSpecification","valueRequired":true,"valueName":"search_term_string"}}],"inLanguage":"cs"},{"@type":"Organization","@id":"https:\/\/hghpeptideslab.com\/#organization","name":"HGH Peptides Lab","url":"https:\/\/hghpeptideslab.com\/cs\/","logo":{"@type":"ImageObject","url":"https:\/\/hghpeptideslab.com\/wp-content\/uploads\/2025\/07\/HGHPEPTIDESLAB-Logo.png"},"image":{"@id":"https:\/\/hghpeptideslab.com\/#\/schema\/logo\/image\/"},"foundingDate":"2010","contactPoint":[{"@type":"ContactPoint","contactType":"customer support","telephone":"+85247559641","email":"CYGGL2025@gmail.com","availableLanguage":["en"]}]}]}},"_links":{"self":[{"href":"https:\/\/hghpeptideslab.com\/cs\/wp-json\/wp\/v2\/product\/10205","targetHints":{"allow":["GET"]}}],"collection":[{"href":"https:\/\/hghpeptideslab.com\/cs\/wp-json\/wp\/v2\/product"}],"about":[{"href":"https:\/\/hghpeptideslab.com\/cs\/wp-json\/wp\/v2\/types\/product"}],"replies":[{"embeddable":true,"href":"https:\/\/hghpeptideslab.com\/cs\/wp-json\/wp\/v2\/comments?post=10205"}],"wp:featuredmedia":[{"embeddable":true,"href":"https:\/\/hghpeptideslab.com\/cs\/wp-json\/wp\/v2\/media\/10191"}],"wp:attachment":[{"href":"https:\/\/hghpeptideslab.com\/cs\/wp-json\/wp\/v2\/media?parent=10205"}],"wp:term":[{"taxonomy":"product_cat","embeddable":true,"href":"https:\/\/hghpeptideslab.com\/cs\/wp-json\/wp\/v2\/product_cat?post=10205"},{"taxonomy":"product_tag","embeddable":true,"href":"https:\/\/hghpeptideslab.com\/cs\/wp-json\/wp\/v2\/product_tag?post=10205"}],"curies":[{"name":"wp","href":"https:\/\/api.w.org\/{rel}","templated":true}]}}