{"id":8806,"date":"2025-08-13T21:31:44","date_gmt":"2025-08-13T21:31:44","guid":{"rendered":"https:\/\/hghpeptideslab.com\/?post_type=product&#038;p=8806"},"modified":"2025-10-21T20:34:12","modified_gmt":"2025-10-21T20:34:12","slug":"bpc-157","status":"publish","type":"product","link":"https:\/\/hghpeptideslab.com\/cs\/product\/bpc-157\/","title":{"rendered":"BPC-157 Peptide"},"content":{"rendered":"<h3>P\u0159ehled<\/h3>\n<p>BPC-157 je syntetick\u00fd pentadekapeptid, kter\u00fd se \u010dasto pou\u017e\u00edv\u00e1 ve v\u00fdzkumu obnovy tk\u00e1n\u00ed a ochrany \u017ealudku.<br \/>\nN\u00e1\u0161 materi\u00e1l je <strong>GMP-vyrobeno<\/strong> (surovina farmaceutick\u00e9 kvality) s <strong>99%+ \u010distota<\/strong>.<br \/>\nHPLC\/COA je k dispozici na vy\u017e\u00e1d\u00e1n\u00ed.<\/p>\n<h3>Kl\u00ed\u010dov\u00e9 vlastnosti<\/h3>\n<ul>\n<li>Dostupn\u00e9 s\u00edly: <strong>5 mg<\/strong> &amp; <strong>10 mg<\/strong> za vial<\/li>\n<li>Velikost Kit: <strong>10 vials\/Kit<\/strong><\/li>\n<li>White lyophilized powder pro flexibiln\u00ed v\u00fdzkumn\u00e9 protokoly<\/li>\n<li>HPLC\/COA dokumentace na vy\u017e\u00e1d\u00e1n\u00ed<\/li>\n<\/ul>\n<h3>Typick\u00e1 zam\u011b\u0159en\u00ed v\u00fdzkumu<\/h3>\n<ul>\n<li>Modely obnovy \u0161lach\/vaz\u016f a kloub\u016f<\/li>\n<li>Studie regenerace sval\u016f a zotaven\u00ed po cvi\u010den\u00ed<\/li>\n<li>Ochrana gastrointestin\u00e1ln\u00edho traktu (integrita sliznice)<\/li>\n<li>Testy hojen\u00ed ran a modulace z\u00e1n\u011btu<\/li>\n<\/ul>\n<h3>Skladov\u00e1n\u00ed a stabilita<\/h3>\n<ul>\n<li>Skladujte uzav\u0159en\u00e9 p\u0159i <strong>2-8 \u00b0C<\/strong>, chr\u00e1n\u011bn\u00e9 p\u0159ed sv\u011btlem a vlhkost\u00ed<\/li>\n<li>Rekonstituovan\u00e9 roztoky se doporu\u010duj\u00ed pou\u017e\u00edt neprodlen\u011b za vhodn\u00fdch laboratorn\u00edch podm\u00ednek.<\/li>\n<\/ul>\n<h3>Pozn\u00e1mky<\/h3>\n<ul>\n<li>Vyrobeno v <strong>Kompatibiln\u00ed s GMP<\/strong> za\u0159\u00edzen\u00ed<\/li>\n<li>HPLC\/COA k dispozici na vy\u017e\u00e1d\u00e1n\u00ed<\/li>\n<li>Pouze pro laboratorn\u00ed v\u00fdzkum. V\u00fdrobky nejsou ozna\u010deny pro l\u00e9ka\u0159sk\u00e9 pou\u017eit\u00ed.<\/li>\n<\/ul>","protected":false},"excerpt":{"rendered":"<p><strong>Jm\u00e9no:<\/strong> 99% Purity BPC-157 peptid<br \/>\n<strong>Funkce:<\/strong> Kulturistika; oprava a hojen\u00ed sval\u016f<br \/>\n<strong>Specifikace:<\/strong> 5 mg a 10 mg na vial; 10 vials\/sada<br \/>\n<strong>CAS:<\/strong> 137525-51-0<br \/>\n<strong>Vzhled:<\/strong> White lyophilized powder<\/p>","protected":false},"featured_media":8790,"comment_status":"open","ping_status":"closed","template":"","meta":[],"product_cat":[51],"product_tag":[159,120,166,158],"class_list":{"0":"post-8806","1":"product","2":"type-product","3":"status-publish","4":"has-post-thumbnail","6":"product_brand-dp-hghpeptides","7":"product_brand-hgh-peptides-lab","8":"product_cat-peptides-for-healing","9":"product_tag-anti-inflammatory-peptides","10":"product_tag-bpc-157","11":"product_tag-gut-health-peptides","12":"product_tag-recovery-tissue-repair-peptides","14":"first","15":"instock","16":"featured","17":"shipping-taxable","18":"purchasable","19":"product-type-variable","20":"has-default-attributes"},"yoast_head":"<!-- This site is optimized with the Yoast SEO Premium plugin v27.5 (Yoast SEO v27.5) - https:\/\/yoast.com\/product\/yoast-seo-premium-wordpress\/ -->\n<title>BPC-157 Peptide for Healing | HGH Peptides Lab \u2013 Factory-Direct Selling<\/title>\n<meta name=\"description\" content=\"Buy BPC-157 from a China-based GMP lab\u201499% purity with HPLC\/COA. Factory-direct selling and fast worldwide shipping for healing, tendon repair and ligament recovery.\" \/>\n<meta name=\"robots\" content=\"index, follow, max-snippet:-1, max-image-preview:large, max-video-preview:-1\" \/>\n<link rel=\"canonical\" href=\"https:\/\/hghpeptideslab.com\/cs\/product\/bpc-157\/\" \/>\n<meta property=\"og:locale\" content=\"cs_CZ\" \/>\n<meta property=\"og:type\" content=\"article\" \/>\n<meta property=\"og:title\" content=\"BPC-157 Peptide\" \/>\n<meta property=\"og:description\" content=\"Buy BPC-157 from a China-based GMP lab\u201499% purity with HPLC\/COA. Factory-direct selling and fast worldwide shipping for healing, tendon repair and ligament recovery.\" \/>\n<meta property=\"og:url\" content=\"https:\/\/hghpeptideslab.com\/cs\/product\/bpc-157\/\" \/>\n<meta property=\"og:site_name\" content=\"HGH Peptides Lab\" \/>\n<meta property=\"article:modified_time\" content=\"2025-10-21T20:34:12+00:00\" \/>\n<meta property=\"og:image\" content=\"https:\/\/hghpeptideslab.com\/wp-content\/uploads\/2025\/08\/bpc1575mg.jpg\" \/>\n\t<meta property=\"og:image:width\" content=\"800\" \/>\n\t<meta property=\"og:image:height\" content=\"800\" \/>\n\t<meta property=\"og:image:type\" content=\"image\/jpeg\" \/>\n<meta name=\"twitter:card\" content=\"summary_large_image\" \/>\n<meta name=\"twitter:label1\" content=\"Odhadovan\u00e1 doba \u010dten\u00ed\" \/>\n\t<meta name=\"twitter:data1\" content=\"1 minuta\" \/>\n<script type=\"application\/ld+json\" class=\"yoast-schema-graph\">{\"@context\":\"https:\\\/\\\/schema.org\",\"@graph\":[{\"@type\":\"WebPage\",\"@id\":\"https:\\\/\\\/hghpeptideslab.com\\\/product\\\/bpc-157\\\/\",\"url\":\"https:\\\/\\\/hghpeptideslab.com\\\/product\\\/bpc-157\\\/\",\"name\":\"BPC-157 Peptide for Healing | HGH Peptides Lab \u2013 Factory-Direct Selling\",\"isPartOf\":{\"@id\":\"https:\\\/\\\/hghpeptideslab.com\\\/#website\"},\"primaryImageOfPage\":{\"@id\":\"https:\\\/\\\/hghpeptideslab.com\\\/product\\\/bpc-157\\\/#primaryimage\"},\"image\":{\"@id\":\"https:\\\/\\\/hghpeptideslab.com\\\/product\\\/bpc-157\\\/#primaryimage\"},\"thumbnailUrl\":\"https:\\\/\\\/hghpeptideslab.com\\\/wp-content\\\/uploads\\\/2025\\\/08\\\/bpc1575mg.jpg\",\"datePublished\":\"2025-08-13T21:31:44+00:00\",\"dateModified\":\"2025-10-21T20:34:12+00:00\",\"description\":\"Buy BPC-157 from a China-based GMP lab\u201499% purity with HPLC\\\/COA. Factory-direct selling and fast worldwide shipping for healing, tendon repair and ligament recovery.\",\"breadcrumb\":{\"@id\":\"https:\\\/\\\/hghpeptideslab.com\\\/product\\\/bpc-157\\\/#breadcrumb\"},\"inLanguage\":\"cs\",\"potentialAction\":[{\"@type\":\"ReadAction\",\"target\":[\"https:\\\/\\\/hghpeptideslab.com\\\/product\\\/bpc-157\\\/\"]}],\"copyrightNotice\":\"\u00a9 2010\u20132026 HGH Peptides Lab. All Rights Reserved.\"},{\"@type\":\"ImageObject\",\"inLanguage\":\"cs\",\"@id\":\"https:\\\/\\\/hghpeptideslab.com\\\/product\\\/bpc-157\\\/#primaryimage\",\"url\":\"https:\\\/\\\/hghpeptideslab.com\\\/wp-content\\\/uploads\\\/2025\\\/08\\\/bpc1575mg.jpg\",\"contentUrl\":\"https:\\\/\\\/hghpeptideslab.com\\\/wp-content\\\/uploads\\\/2025\\\/08\\\/bpc1575mg.jpg\",\"width\":800,\"height\":800,\"caption\":\"Buy 2+ kits and contact us for 10\u201350% discount. WhatsApp +852 47559641 \u2022 CYGGL2025@gmail.com\"},{\"@type\":\"BreadcrumbList\",\"@id\":\"https:\\\/\\\/hghpeptideslab.com\\\/product\\\/bpc-157\\\/#breadcrumb\",\"itemListElement\":[{\"@type\":\"ListItem\",\"position\":1,\"name\":\"Home\",\"item\":\"https:\\\/\\\/hghpeptideslab.com\\\/\"},{\"@type\":\"ListItem\",\"position\":2,\"name\":\"Shop\",\"item\":\"https:\\\/\\\/hghpeptideslab.com\\\/shop\\\/\"},{\"@type\":\"ListItem\",\"position\":3,\"name\":\"BPC-157 Peptide\"}]},{\"@type\":\"WebSite\",\"@id\":\"https:\\\/\\\/hghpeptideslab.com\\\/#website\",\"url\":\"https:\\\/\\\/hghpeptideslab.com\\\/\",\"name\":\"HGH Peptides Lab\",\"description\":\"Premium Peptides &amp; HGH Shop\",\"publisher\":{\"@id\":\"https:\\\/\\\/hghpeptideslab.com\\\/#organization\"},\"potentialAction\":[{\"@type\":\"SearchAction\",\"target\":{\"@type\":\"EntryPoint\",\"urlTemplate\":\"https:\\\/\\\/hghpeptideslab.com\\\/?s={search_term_string}\"},\"query-input\":{\"@type\":\"PropertyValueSpecification\",\"valueRequired\":true,\"valueName\":\"search_term_string\"}}],\"inLanguage\":\"cs\"},{\"@type\":\"Organization\",\"@id\":\"https:\\\/\\\/hghpeptideslab.com\\\/#organization\",\"name\":\"HGH Peptides Lab\",\"url\":\"https:\\\/\\\/hghpeptideslab.com\\\/cs\\\/\",\"logo\":{\"@type\":\"ImageObject\",\"url\":\"https:\\\/\\\/hghpeptideslab.com\\\/wp-content\\\/uploads\\\/2025\\\/07\\\/HGHPEPTIDESLAB-Logo.png\"},\"image\":{\"@id\":\"https:\\\/\\\/hghpeptideslab.com\\\/#\\\/schema\\\/logo\\\/image\\\/\"},\"foundingDate\":\"2010\",\"contactPoint\":[{\"@type\":\"ContactPoint\",\"contactType\":\"customer support\",\"telephone\":\"+85247559641\",\"email\":\"CYGGL2025@gmail.com\",\"availableLanguage\":[\"en\"]}]}]}<\/script>\n<!-- \/ Yoast SEO Premium plugin. -->","yoast_head_json":{"title":"BPC-157 Peptide pro l\u00e9\u010den\u00ed | HGH Peptides Lab - P\u0159\u00edm\u00fd prodej z v\u00fdroby","description":"Prod\u00e1m BPC-157 z \u010d\u00ednsk\u00e9 laborato\u0159e GMP-99% purity s HPLC\/COA. P\u0159\u00edm\u00fd prodej z v\u00fdroby a rychl\u00e1 doprava po cel\u00e9m sv\u011bt\u011b pro hojen\u00ed, opravu \u0161lach a regeneraci vaz\u016f.","robots":{"index":"index","follow":"follow","max-snippet":"max-snippet:-1","max-image-preview":"max-image-preview:large","max-video-preview":"max-video-preview:-1"},"canonical":"https:\/\/hghpeptideslab.com\/cs\/product\/bpc-157\/","og_locale":"cs_CZ","og_type":"article","og_title":"BPC-157 Peptide","og_description":"Buy BPC-157 from a China-based GMP lab\u201499% purity with HPLC\/COA. Factory-direct selling and fast worldwide shipping for healing, tendon repair and ligament recovery.","og_url":"https:\/\/hghpeptideslab.com\/cs\/product\/bpc-157\/","og_site_name":"HGH Peptides Lab","article_modified_time":"2025-10-21T20:34:12+00:00","og_image":[{"width":800,"height":800,"url":"https:\/\/hghpeptideslab.com\/wp-content\/uploads\/2025\/08\/bpc1575mg.jpg","type":"image\/jpeg"}],"twitter_card":"summary_large_image","twitter_misc":{"Odhadovan\u00e1 doba \u010dten\u00ed":"1 minuta"},"schema":{"@context":"https:\/\/schema.org","@graph":[{"@type":"WebPage","@id":"https:\/\/hghpeptideslab.com\/product\/bpc-157\/","url":"https:\/\/hghpeptideslab.com\/product\/bpc-157\/","name":"BPC-157 Peptide pro l\u00e9\u010den\u00ed | HGH Peptides Lab - P\u0159\u00edm\u00fd prodej z v\u00fdroby","isPartOf":{"@id":"https:\/\/hghpeptideslab.com\/#website"},"primaryImageOfPage":{"@id":"https:\/\/hghpeptideslab.com\/product\/bpc-157\/#primaryimage"},"image":{"@id":"https:\/\/hghpeptideslab.com\/product\/bpc-157\/#primaryimage"},"thumbnailUrl":"https:\/\/hghpeptideslab.com\/wp-content\/uploads\/2025\/08\/bpc1575mg.jpg","datePublished":"2025-08-13T21:31:44+00:00","dateModified":"2025-10-21T20:34:12+00:00","description":"Prod\u00e1m BPC-157 z \u010d\u00ednsk\u00e9 laborato\u0159e GMP-99% purity s HPLC\/COA. P\u0159\u00edm\u00fd prodej z v\u00fdroby a rychl\u00e1 doprava po cel\u00e9m sv\u011bt\u011b pro hojen\u00ed, opravu \u0161lach a regeneraci vaz\u016f.","breadcrumb":{"@id":"https:\/\/hghpeptideslab.com\/product\/bpc-157\/#breadcrumb"},"inLanguage":"cs","potentialAction":[{"@type":"ReadAction","target":["https:\/\/hghpeptideslab.com\/product\/bpc-157\/"]}],"copyrightNotice":"\u00a9 2010\u20132026 HGH Peptides Lab. All Rights Reserved."},{"@type":"ImageObject","inLanguage":"cs","@id":"https:\/\/hghpeptideslab.com\/product\/bpc-157\/#primaryimage","url":"https:\/\/hghpeptideslab.com\/wp-content\/uploads\/2025\/08\/bpc1575mg.jpg","contentUrl":"https:\/\/hghpeptideslab.com\/wp-content\/uploads\/2025\/08\/bpc1575mg.jpg","width":800,"height":800,"caption":"Buy 2+ kits and contact us for 10\u201350% discount. WhatsApp +852 47559641 \u2022 CYGGL2025@gmail.com"},{"@type":"BreadcrumbList","@id":"https:\/\/hghpeptideslab.com\/product\/bpc-157\/#breadcrumb","itemListElement":[{"@type":"ListItem","position":1,"name":"Home","item":"https:\/\/hghpeptideslab.com\/"},{"@type":"ListItem","position":2,"name":"Shop","item":"https:\/\/hghpeptideslab.com\/shop\/"},{"@type":"ListItem","position":3,"name":"BPC-157 Peptide"}]},{"@type":"WebSite","@id":"https:\/\/hghpeptideslab.com\/#website","url":"https:\/\/hghpeptideslab.com\/","name":"HGH Peptides Lab","description":"Premium Peptides &amp; HGH Obchod","publisher":{"@id":"https:\/\/hghpeptideslab.com\/#organization"},"potentialAction":[{"@type":"SearchAction","target":{"@type":"EntryPoint","urlTemplate":"https:\/\/hghpeptideslab.com\/?s={search_term_string}"},"query-input":{"@type":"PropertyValueSpecification","valueRequired":true,"valueName":"search_term_string"}}],"inLanguage":"cs"},{"@type":"Organization","@id":"https:\/\/hghpeptideslab.com\/#organization","name":"HGH Peptides Lab","url":"https:\/\/hghpeptideslab.com\/cs\/","logo":{"@type":"ImageObject","url":"https:\/\/hghpeptideslab.com\/wp-content\/uploads\/2025\/07\/HGHPEPTIDESLAB-Logo.png"},"image":{"@id":"https:\/\/hghpeptideslab.com\/#\/schema\/logo\/image\/"},"foundingDate":"2010","contactPoint":[{"@type":"ContactPoint","contactType":"customer support","telephone":"+85247559641","email":"CYGGL2025@gmail.com","availableLanguage":["en"]}]}]}},"_links":{"self":[{"href":"https:\/\/hghpeptideslab.com\/cs\/wp-json\/wp\/v2\/product\/8806","targetHints":{"allow":["GET"]}}],"collection":[{"href":"https:\/\/hghpeptideslab.com\/cs\/wp-json\/wp\/v2\/product"}],"about":[{"href":"https:\/\/hghpeptideslab.com\/cs\/wp-json\/wp\/v2\/types\/product"}],"replies":[{"embeddable":true,"href":"https:\/\/hghpeptideslab.com\/cs\/wp-json\/wp\/v2\/comments?post=8806"}],"wp:featuredmedia":[{"embeddable":true,"href":"https:\/\/hghpeptideslab.com\/cs\/wp-json\/wp\/v2\/media\/8790"}],"wp:attachment":[{"href":"https:\/\/hghpeptideslab.com\/cs\/wp-json\/wp\/v2\/media?parent=8806"}],"wp:term":[{"taxonomy":"product_cat","embeddable":true,"href":"https:\/\/hghpeptideslab.com\/cs\/wp-json\/wp\/v2\/product_cat?post=8806"},{"taxonomy":"product_tag","embeddable":true,"href":"https:\/\/hghpeptideslab.com\/cs\/wp-json\/wp\/v2\/product_tag?post=8806"}],"curies":[{"name":"wp","href":"https:\/\/api.w.org\/{rel}","templated":true}]}}