{"id":8831,"date":"2025-08-14T02:58:48","date_gmt":"2025-08-14T02:58:48","guid":{"rendered":"https:\/\/hghpeptideslab.com\/?post_type=product&#038;p=8831"},"modified":"2025-10-21T21:42:18","modified_gmt":"2025-10-21T21:42:18","slug":"cjc-1295-without-dac","status":"publish","type":"product","link":"https:\/\/hghpeptideslab.com\/cs\/product\/cjc-1295-without-dac\/","title":{"rendered":"CJC-1295 Without DAC Peptide"},"content":{"rendered":"<h3>P\u0159ehled<\/h3>\n<p>CJC-1295 Without DAC (zn\u00e1m\u00fd tak\u00e9 jako <strong>MOD-GRF (1-29)<\/strong>) je analog hormonu uvol\u0148uj\u00edc\u00edho r\u016fstov\u00fd hormon (GHRH), kter\u00fd je \u010dasto zmi\u0148ov\u00e1n ve v\u00fdzkumu modulace GH\/IGF-1, regenerace a zdrav\u00e9ho st\u00e1rnut\u00ed.<br \/>\nN\u00e1\u0161 materi\u00e1l je <strong>GMP-vyrobeno<\/strong> (surovina farmaceutick\u00e9 kvality) s <strong>99%+ \u010distota<\/strong>.<br \/>\nHPLC\/COA je k dispozici na vy\u017e\u00e1d\u00e1n\u00ed.<\/p>\n<h3>Kl\u00ed\u010dov\u00e9 vlastnosti<\/h3>\n<ul>\n<li>Dostupn\u00e9 s\u00edly: <strong>2 mg<\/strong>, <strong>5 mg<\/strong> &amp; <strong>10 mg<\/strong> za vial<\/li>\n<li>Velikost Kit: <strong>10 vials\/Kit<\/strong><\/li>\n<li>White lyophilized powder pro flexibiln\u00ed v\u00fdzkumn\u00e9 protokoly<\/li>\n<li>HPLC\/COA dokumentace na vy\u017e\u00e1d\u00e1n\u00ed<\/li>\n<\/ul>\n<h3>Typick\u00e1 zam\u011b\u0159en\u00ed v\u00fdzkumu<\/h3>\n<ul>\n<li>Modulace osy GH\/IGF-1 a endokrinn\u00ed v\u00fdzkum<\/li>\n<li>Podpora zotaven\u00ed a modely adaptace na cvi\u010den\u00ed<\/li>\n<li>Vy\u0161et\u0159en\u00ed t\u011blesn\u00e9 stavby a metabolismu lipid\u016f<\/li>\n<li>Testy zdrav\u00e9ho st\u00e1rnut\u00ed, kvality sp\u00e1nku a pohody<\/li>\n<\/ul>\n<h3>Skladov\u00e1n\u00ed a stabilita<\/h3>\n<ul>\n<li>Skladujte uzav\u0159en\u00e9 p\u0159i <strong>2-8 \u00b0C<\/strong>, chr\u00e1n\u011bn\u00e9 p\u0159ed sv\u011btlem a vlhkost\u00ed<\/li>\n<li>Rekonstituovan\u00e9 roztoky se doporu\u010duj\u00ed pou\u017e\u00edt neprodlen\u011b za vhodn\u00fdch laboratorn\u00edch podm\u00ednek.<\/li>\n<\/ul>\n<h3>Pozn\u00e1mky<\/h3>\n<ul>\n<li>Vyrobeno v <strong>Kompatibiln\u00ed s GMP<\/strong> za\u0159\u00edzen\u00ed<\/li>\n<li>HPLC\/COA k dispozici na vy\u017e\u00e1d\u00e1n\u00ed<\/li>\n<li>Pouze pro laboratorn\u00ed v\u00fdzkum. V\u00fdrobky nejsou ozna\u010deny pro l\u00e9ka\u0159sk\u00e9 pou\u017eit\u00ed.<\/li>\n<\/ul>","protected":false},"excerpt":{"rendered":"<p><strong>Jm\u00e9no:<\/strong> 99% Purity CJC-1295 Without DAC (MOD-GRF 1-29) peptid<br \/>\n<strong>Funkce:<\/strong> Uvol\u0148ov\u00e1n\u00ed r\u016fstov\u00e9ho hormonu; podpora regenerace a proti st\u00e1rnut\u00ed<br \/>\n<strong>Specifikace:<\/strong> 2 mg &amp; 5 mg &amp; 10 mg na vial; 10 vials\/sada<br \/>\n<strong>CAS:<\/strong> 446036-97-1<br \/>\n<strong>Vzhled:<\/strong> White lyophilized powder<\/p>","protected":false},"featured_media":8826,"comment_status":"open","ping_status":"closed","template":"","meta":[],"product_cat":[59],"product_tag":[162,126,160],"class_list":{"0":"post-8831","1":"product","2":"type-product","3":"status-publish","4":"has-post-thumbnail","6":"product_brand-dp-hghpeptides","7":"product_brand-hgh-peptides-lab","8":"product_cat-nootropic-peptides-anti-aging","9":"product_tag-anti-aging-longevity-peptides","10":"product_tag-cjc-1295-no-dac","11":"product_tag-muscle-growth-performance-peptides","13":"first","14":"instock","15":"featured","16":"shipping-taxable","17":"purchasable","18":"product-type-variable","19":"has-default-attributes"},"yoast_head":"<!-- This site is optimized with the Yoast SEO Premium plugin v27.5 (Yoast SEO v27.5) - https:\/\/yoast.com\/product\/yoast-seo-premium-wordpress\/ -->\n<title>CJC-1295 without DAC Peptide | HGH Peptides Lab \u2013 99% Purity<\/title>\n<meta name=\"description\" content=\"Order CJC-1295 (no DAC) from a China GMP lab\u201499% purity with HPLC\/COA. Factory-direct selling and fast global shipping for flexible GH pulse research.\" \/>\n<meta name=\"robots\" content=\"index, follow, max-snippet:-1, max-image-preview:large, max-video-preview:-1\" \/>\n<link rel=\"canonical\" href=\"https:\/\/hghpeptideslab.com\/cs\/product\/cjc-1295-without-dac\/\" \/>\n<meta property=\"og:locale\" content=\"cs_CZ\" \/>\n<meta property=\"og:type\" content=\"article\" \/>\n<meta property=\"og:title\" content=\"CJC-1295 Without DAC Peptide\" \/>\n<meta property=\"og:description\" content=\"Order CJC-1295 (no DAC) from a China GMP lab\u201499% purity with HPLC\/COA. Factory-direct selling and fast global shipping for flexible GH pulse research.\" \/>\n<meta property=\"og:url\" content=\"https:\/\/hghpeptideslab.com\/cs\/product\/cjc-1295-without-dac\/\" \/>\n<meta property=\"og:site_name\" content=\"HGH Peptides Lab\" \/>\n<meta property=\"article:modified_time\" content=\"2025-10-21T21:42:18+00:00\" \/>\n<meta property=\"og:image\" content=\"https:\/\/hghpeptideslab.com\/wp-content\/uploads\/2025\/08\/cjc-12955mg.jpg\" \/>\n\t<meta property=\"og:image:width\" content=\"800\" \/>\n\t<meta property=\"og:image:height\" content=\"800\" \/>\n\t<meta property=\"og:image:type\" content=\"image\/jpeg\" \/>\n<meta name=\"twitter:card\" content=\"summary_large_image\" \/>\n<meta name=\"twitter:label1\" content=\"Odhadovan\u00e1 doba \u010dten\u00ed\" \/>\n\t<meta name=\"twitter:data1\" content=\"1 minuta\" \/>\n<script type=\"application\/ld+json\" class=\"yoast-schema-graph\">{\"@context\":\"https:\\\/\\\/schema.org\",\"@graph\":[{\"@type\":\"WebPage\",\"@id\":\"https:\\\/\\\/hghpeptideslab.com\\\/product\\\/cjc-1295-without-dac\\\/\",\"url\":\"https:\\\/\\\/hghpeptideslab.com\\\/product\\\/cjc-1295-without-dac\\\/\",\"name\":\"CJC-1295 without DAC Peptide | HGH Peptides Lab \u2013 99% Purity\",\"isPartOf\":{\"@id\":\"https:\\\/\\\/hghpeptideslab.com\\\/#website\"},\"primaryImageOfPage\":{\"@id\":\"https:\\\/\\\/hghpeptideslab.com\\\/product\\\/cjc-1295-without-dac\\\/#primaryimage\"},\"image\":{\"@id\":\"https:\\\/\\\/hghpeptideslab.com\\\/product\\\/cjc-1295-without-dac\\\/#primaryimage\"},\"thumbnailUrl\":\"https:\\\/\\\/hghpeptideslab.com\\\/wp-content\\\/uploads\\\/2025\\\/08\\\/cjc-12955mg.jpg\",\"datePublished\":\"2025-08-14T02:58:48+00:00\",\"dateModified\":\"2025-10-21T21:42:18+00:00\",\"description\":\"Order CJC-1295 (no DAC) from a China GMP lab\u201499% purity with HPLC\\\/COA. Factory-direct selling and fast global shipping for flexible GH pulse research.\",\"breadcrumb\":{\"@id\":\"https:\\\/\\\/hghpeptideslab.com\\\/product\\\/cjc-1295-without-dac\\\/#breadcrumb\"},\"inLanguage\":\"cs\",\"potentialAction\":[{\"@type\":\"ReadAction\",\"target\":[\"https:\\\/\\\/hghpeptideslab.com\\\/product\\\/cjc-1295-without-dac\\\/\"]}],\"copyrightNotice\":\"\u00a9 2010\u20132026 HGH Peptides Lab. All Rights Reserved.\"},{\"@type\":\"ImageObject\",\"inLanguage\":\"cs\",\"@id\":\"https:\\\/\\\/hghpeptideslab.com\\\/product\\\/cjc-1295-without-dac\\\/#primaryimage\",\"url\":\"https:\\\/\\\/hghpeptideslab.com\\\/wp-content\\\/uploads\\\/2025\\\/08\\\/cjc-12955mg.jpg\",\"contentUrl\":\"https:\\\/\\\/hghpeptideslab.com\\\/wp-content\\\/uploads\\\/2025\\\/08\\\/cjc-12955mg.jpg\",\"width\":800,\"height\":800,\"caption\":\"5 mg per vial \u2022 lyophilized powder\"},{\"@type\":\"BreadcrumbList\",\"@id\":\"https:\\\/\\\/hghpeptideslab.com\\\/product\\\/cjc-1295-without-dac\\\/#breadcrumb\",\"itemListElement\":[{\"@type\":\"ListItem\",\"position\":1,\"name\":\"Home\",\"item\":\"https:\\\/\\\/hghpeptideslab.com\\\/\"},{\"@type\":\"ListItem\",\"position\":2,\"name\":\"Shop\",\"item\":\"https:\\\/\\\/hghpeptideslab.com\\\/shop\\\/\"},{\"@type\":\"ListItem\",\"position\":3,\"name\":\"CJC-1295 Without DAC Peptide\"}]},{\"@type\":\"WebSite\",\"@id\":\"https:\\\/\\\/hghpeptideslab.com\\\/#website\",\"url\":\"https:\\\/\\\/hghpeptideslab.com\\\/\",\"name\":\"HGH Peptides Lab\",\"description\":\"Premium Peptides &amp; HGH Shop\",\"publisher\":{\"@id\":\"https:\\\/\\\/hghpeptideslab.com\\\/#organization\"},\"potentialAction\":[{\"@type\":\"SearchAction\",\"target\":{\"@type\":\"EntryPoint\",\"urlTemplate\":\"https:\\\/\\\/hghpeptideslab.com\\\/?s={search_term_string}\"},\"query-input\":{\"@type\":\"PropertyValueSpecification\",\"valueRequired\":true,\"valueName\":\"search_term_string\"}}],\"inLanguage\":\"cs\"},{\"@type\":\"Organization\",\"@id\":\"https:\\\/\\\/hghpeptideslab.com\\\/#organization\",\"name\":\"HGH Peptides Lab\",\"url\":\"https:\\\/\\\/hghpeptideslab.com\\\/cs\\\/\",\"logo\":{\"@type\":\"ImageObject\",\"url\":\"https:\\\/\\\/hghpeptideslab.com\\\/wp-content\\\/uploads\\\/2025\\\/07\\\/HGHPEPTIDESLAB-Logo.png\"},\"image\":{\"@id\":\"https:\\\/\\\/hghpeptideslab.com\\\/#\\\/schema\\\/logo\\\/image\\\/\"},\"foundingDate\":\"2010\",\"contactPoint\":[{\"@type\":\"ContactPoint\",\"contactType\":\"customer support\",\"telephone\":\"+85247559641\",\"email\":\"CYGGL2025@gmail.com\",\"availableLanguage\":[\"en\"]}]}]}<\/script>\n<!-- \/ Yoast SEO Premium plugin. -->","yoast_head_json":{"title":"CJC-1295 bez DAC Peptide | HGH Peptides Lab - 99% Purity","description":"Objednejte si CJC-1295 (bez DAC) z \u010d\u00ednsk\u00e9 laborato\u0159e GMP-99% purity s HPLC\/COA. P\u0159\u00edm\u00fd prodej z v\u00fdroby a rychl\u00e1 glob\u00e1ln\u00ed p\u0159eprava pro flexibiln\u00ed v\u00fdzkum GH pulz\u016f.","robots":{"index":"index","follow":"follow","max-snippet":"max-snippet:-1","max-image-preview":"max-image-preview:large","max-video-preview":"max-video-preview:-1"},"canonical":"https:\/\/hghpeptideslab.com\/cs\/product\/cjc-1295-without-dac\/","og_locale":"cs_CZ","og_type":"article","og_title":"CJC-1295 Without DAC Peptide","og_description":"Order CJC-1295 (no DAC) from a China GMP lab\u201499% purity with HPLC\/COA. Factory-direct selling and fast global shipping for flexible GH pulse research.","og_url":"https:\/\/hghpeptideslab.com\/cs\/product\/cjc-1295-without-dac\/","og_site_name":"HGH Peptides Lab","article_modified_time":"2025-10-21T21:42:18+00:00","og_image":[{"width":800,"height":800,"url":"https:\/\/hghpeptideslab.com\/wp-content\/uploads\/2025\/08\/cjc-12955mg.jpg","type":"image\/jpeg"}],"twitter_card":"summary_large_image","twitter_misc":{"Odhadovan\u00e1 doba \u010dten\u00ed":"1 minuta"},"schema":{"@context":"https:\/\/schema.org","@graph":[{"@type":"WebPage","@id":"https:\/\/hghpeptideslab.com\/product\/cjc-1295-without-dac\/","url":"https:\/\/hghpeptideslab.com\/product\/cjc-1295-without-dac\/","name":"CJC-1295 bez DAC Peptide | HGH Peptides Lab - 99% Purity","isPartOf":{"@id":"https:\/\/hghpeptideslab.com\/#website"},"primaryImageOfPage":{"@id":"https:\/\/hghpeptideslab.com\/product\/cjc-1295-without-dac\/#primaryimage"},"image":{"@id":"https:\/\/hghpeptideslab.com\/product\/cjc-1295-without-dac\/#primaryimage"},"thumbnailUrl":"https:\/\/hghpeptideslab.com\/wp-content\/uploads\/2025\/08\/cjc-12955mg.jpg","datePublished":"2025-08-14T02:58:48+00:00","dateModified":"2025-10-21T21:42:18+00:00","description":"Objednejte si CJC-1295 (bez DAC) z \u010d\u00ednsk\u00e9 laborato\u0159e GMP-99% purity s HPLC\/COA. P\u0159\u00edm\u00fd prodej z v\u00fdroby a rychl\u00e1 glob\u00e1ln\u00ed p\u0159eprava pro flexibiln\u00ed v\u00fdzkum GH pulz\u016f.","breadcrumb":{"@id":"https:\/\/hghpeptideslab.com\/product\/cjc-1295-without-dac\/#breadcrumb"},"inLanguage":"cs","potentialAction":[{"@type":"ReadAction","target":["https:\/\/hghpeptideslab.com\/product\/cjc-1295-without-dac\/"]}],"copyrightNotice":"\u00a9 2010\u20132026 HGH Peptides Lab. All Rights Reserved."},{"@type":"ImageObject","inLanguage":"cs","@id":"https:\/\/hghpeptideslab.com\/product\/cjc-1295-without-dac\/#primaryimage","url":"https:\/\/hghpeptideslab.com\/wp-content\/uploads\/2025\/08\/cjc-12955mg.jpg","contentUrl":"https:\/\/hghpeptideslab.com\/wp-content\/uploads\/2025\/08\/cjc-12955mg.jpg","width":800,"height":800,"caption":"5 mg per vial \u2022 lyophilized powder"},{"@type":"BreadcrumbList","@id":"https:\/\/hghpeptideslab.com\/product\/cjc-1295-without-dac\/#breadcrumb","itemListElement":[{"@type":"ListItem","position":1,"name":"Home","item":"https:\/\/hghpeptideslab.com\/"},{"@type":"ListItem","position":2,"name":"Shop","item":"https:\/\/hghpeptideslab.com\/shop\/"},{"@type":"ListItem","position":3,"name":"CJC-1295 Without DAC Peptide"}]},{"@type":"WebSite","@id":"https:\/\/hghpeptideslab.com\/#website","url":"https:\/\/hghpeptideslab.com\/","name":"HGH Peptides Lab","description":"Premium Peptides &amp; HGH Obchod","publisher":{"@id":"https:\/\/hghpeptideslab.com\/#organization"},"potentialAction":[{"@type":"SearchAction","target":{"@type":"EntryPoint","urlTemplate":"https:\/\/hghpeptideslab.com\/?s={search_term_string}"},"query-input":{"@type":"PropertyValueSpecification","valueRequired":true,"valueName":"search_term_string"}}],"inLanguage":"cs"},{"@type":"Organization","@id":"https:\/\/hghpeptideslab.com\/#organization","name":"HGH Peptides Lab","url":"https:\/\/hghpeptideslab.com\/cs\/","logo":{"@type":"ImageObject","url":"https:\/\/hghpeptideslab.com\/wp-content\/uploads\/2025\/07\/HGHPEPTIDESLAB-Logo.png"},"image":{"@id":"https:\/\/hghpeptideslab.com\/#\/schema\/logo\/image\/"},"foundingDate":"2010","contactPoint":[{"@type":"ContactPoint","contactType":"customer support","telephone":"+85247559641","email":"CYGGL2025@gmail.com","availableLanguage":["en"]}]}]}},"_links":{"self":[{"href":"https:\/\/hghpeptideslab.com\/cs\/wp-json\/wp\/v2\/product\/8831","targetHints":{"allow":["GET"]}}],"collection":[{"href":"https:\/\/hghpeptideslab.com\/cs\/wp-json\/wp\/v2\/product"}],"about":[{"href":"https:\/\/hghpeptideslab.com\/cs\/wp-json\/wp\/v2\/types\/product"}],"replies":[{"embeddable":true,"href":"https:\/\/hghpeptideslab.com\/cs\/wp-json\/wp\/v2\/comments?post=8831"}],"wp:featuredmedia":[{"embeddable":true,"href":"https:\/\/hghpeptideslab.com\/cs\/wp-json\/wp\/v2\/media\/8826"}],"wp:attachment":[{"href":"https:\/\/hghpeptideslab.com\/cs\/wp-json\/wp\/v2\/media?parent=8831"}],"wp:term":[{"taxonomy":"product_cat","embeddable":true,"href":"https:\/\/hghpeptideslab.com\/cs\/wp-json\/wp\/v2\/product_cat?post=8831"},{"taxonomy":"product_tag","embeddable":true,"href":"https:\/\/hghpeptideslab.com\/cs\/wp-json\/wp\/v2\/product_tag?post=8831"}],"curies":[{"name":"wp","href":"https:\/\/api.w.org\/{rel}","templated":true}]}}