{"id":8863,"date":"2025-08-14T19:45:46","date_gmt":"2025-08-14T19:45:46","guid":{"rendered":"https:\/\/hghpeptideslab.com\/?post_type=product&#038;p=8863"},"modified":"2025-10-22T19:15:03","modified_gmt":"2025-10-22T19:15:03","slug":"custom-hgh-6-30-iu","status":"publish","type":"product","link":"https:\/\/hghpeptideslab.com\/cs\/product\/custom-hgh-6-30-iu\/","title":{"rendered":"Custom-Dose HGH (Human Growth Hormone) - 6-30 IU"},"content":{"rendered":"<h3>P\u0159ehled<\/h3>\n<p>Custom-Dose HGH (somatropin) podporuje v\u00fdzkum r\u016fstov\u00fdch faktor\u016f a regenerace s n\u00e1pln\u011bmi na zak\u00e1zku z <strong>6 IU a\u017e 30 IU na vial<\/strong>.<br \/>\nN\u00e1\u0161 materi\u00e1l je <strong>GMP-vyrobeno<\/strong> (surovina farmaceutick\u00e9 kvality) s <strong>99%+ \u010distota<\/strong>.<br \/>\nHPLC\/COA je k dispozici na vy\u017e\u00e1d\u00e1n\u00ed.<\/p>\n<h3>Kl\u00ed\u010dov\u00e9 vlastnosti<\/h3>\n<ul>\n<li>Vlastn\u00ed v\u00fdpln\u011b: <strong>6-30 IU na vial<\/strong> (sortiment na zak\u00e1zku)<\/li>\n<li>Typick\u00e1 sada: <strong>10 vials\/sada<\/strong> (jin\u00e9 velikosti sad na vy\u017e\u00e1d\u00e1n\u00ed)<\/li>\n<li>White lyophilized powder pro flexibiln\u00ed laboratorn\u00ed protokoly<\/li>\n<li>HPLC\/COA dokumentace na vy\u017e\u00e1d\u00e1n\u00ed<\/li>\n<\/ul>\n<h3>Typick\u00e1 zam\u011b\u0159en\u00ed v\u00fdzkumu<\/h3>\n<ul>\n<li>Modely r\u016fstov\u00fdch faktor\u016f a regenerace tk\u00e1n\u00ed<\/li>\n<li>Studie adaptace na zotaven\u00ed a v\u00fdkon<\/li>\n<li>V\u00fdzkum slo\u017een\u00ed t\u011bla a metabolismu<\/li>\n<li>Bun\u011b\u010dn\u00e1 signalizace a dr\u00e1hy synt\u00e9zy protein\u016f<\/li>\n<\/ul>\n<h3>Skladov\u00e1n\u00ed a stabilita<\/h3>\n<ul>\n<li>Skladujte uzav\u0159en\u00e9 p\u0159i <strong>2-8 \u00b0C<\/strong>, chr\u00e1n\u011bn\u00e9 p\u0159ed sv\u011btlem a vlhkost\u00ed<\/li>\n<li>Rekonstituovan\u00e9 roztoky se doporu\u010duj\u00ed pou\u017e\u00edt neprodlen\u011b za vhodn\u00fdch laboratorn\u00edch podm\u00ednek.<\/li>\n<\/ul>\n<h3>Pozn\u00e1mky<\/h3>\n<ul>\n<li>Vyrobeno v <strong>Kompatibiln\u00ed s GMP<\/strong> za\u0159\u00edzen\u00ed<\/li>\n<li>HPLC\/COA k dispozici na vy\u017e\u00e1d\u00e1n\u00ed<\/li>\n<li>Pouze pro laboratorn\u00ed v\u00fdzkum. V\u00fdrobky nejsou ozna\u010deny pro l\u00e9ka\u0159sk\u00e9 pou\u017eit\u00ed.<\/li>\n<\/ul>","protected":false},"excerpt":{"rendered":"<p><strong>Jm\u00e9no:<\/strong> 99% Purity Custom-Dose HGH (somatropin) peptid<br \/>\n<strong>Funkce:<\/strong> V\u00fdzkum r\u016fstov\u00fdch faktor\u016f; modely obnovy a boje proti st\u00e1rnut\u00ed<br \/>\n<strong>Specifikace:<\/strong> 6-30 IU na vial (na zak\u00e1zku); typicky 10 vials\/sada<br \/>\n<strong>CAS:<\/strong> 12629-01-5<br \/>\n<strong>Vzhled:<\/strong> White lyophilized powder<br \/>\n<strong>Ceny:<\/strong> Kontakt pro cenovou nab\u00eddku<\/p>","protected":false},"featured_media":8864,"comment_status":"open","ping_status":"closed","template":"","meta":[],"product_cat":[59,40],"product_tag":[162,144,178,160,158],"class_list":{"0":"post-8863","1":"product","2":"type-product","3":"status-publish","4":"has-post-thumbnail","6":"product_brand-dp-hghpeptides","7":"product_brand-hgh-peptides-lab","8":"product_cat-nootropic-peptides-anti-aging","9":"product_cat-peptides-for-muscle-growth","10":"product_tag-anti-aging-longevity-peptides","11":"product_tag-hgh-somatropin-powder","12":"product_tag-hgh-somatropin","13":"product_tag-muscle-growth-performance-peptides","14":"product_tag-recovery-tissue-repair-peptides","16":"first","17":"instock","18":"featured","19":"shipping-taxable","20":"purchasable","21":"product-type-simple"},"yoast_head":"<!-- This site is optimized with the Yoast SEO Premium plugin v27.5 (Yoast SEO v27.5) - https:\/\/yoast.com\/product\/yoast-seo-premium-wordpress\/ -->\n<title>Custom-Dose HGH 6\u201330 IU | HGH Peptides Lab \u2013 HPLC\/COA Verified<\/title>\n<meta name=\"description\" content=\"Buy custom-dose HGH (6\u201330 IU) from a China-based GMP lab. 99% purity with HPLC\/COA. Factory-direct selling and fast worldwide shipping for flexible GH research.\" \/>\n<meta name=\"robots\" content=\"index, follow, max-snippet:-1, max-image-preview:large, max-video-preview:-1\" \/>\n<link rel=\"canonical\" href=\"https:\/\/hghpeptideslab.com\/cs\/product\/custom-hgh-6-30-iu\/\" \/>\n<meta property=\"og:locale\" content=\"cs_CZ\" \/>\n<meta property=\"og:type\" content=\"article\" \/>\n<meta property=\"og:title\" content=\"Custom-Dose HGH (Human Growth Hormone) \u2013 6\u201330 IU\" \/>\n<meta property=\"og:description\" content=\"Buy custom-dose HGH (6\u201330 IU) from a China-based GMP lab. 99% purity with HPLC\/COA. Factory-direct selling and fast worldwide shipping for flexible GH research.\" \/>\n<meta property=\"og:url\" content=\"https:\/\/hghpeptideslab.com\/cs\/product\/custom-hgh-6-30-iu\/\" \/>\n<meta property=\"og:site_name\" content=\"HGH Peptides Lab\" \/>\n<meta property=\"article:modified_time\" content=\"2025-10-22T19:15:03+00:00\" \/>\n<meta property=\"og:image\" content=\"https:\/\/hghpeptideslab.com\/wp-content\/uploads\/2025\/08\/hgh-6iu-30iu.jpg\" \/>\n\t<meta property=\"og:image:width\" content=\"800\" \/>\n\t<meta property=\"og:image:height\" content=\"800\" \/>\n\t<meta property=\"og:image:type\" content=\"image\/jpeg\" \/>\n<meta name=\"twitter:card\" content=\"summary_large_image\" \/>\n<meta name=\"twitter:label1\" content=\"Odhadovan\u00e1 doba \u010dten\u00ed\" \/>\n\t<meta name=\"twitter:data1\" content=\"1 minuta\" \/>\n<script type=\"application\/ld+json\" class=\"yoast-schema-graph\">{\"@context\":\"https:\\\/\\\/schema.org\",\"@graph\":[{\"@type\":\"WebPage\",\"@id\":\"https:\\\/\\\/hghpeptideslab.com\\\/product\\\/custom-hgh-6-30-iu\\\/\",\"url\":\"https:\\\/\\\/hghpeptideslab.com\\\/product\\\/custom-hgh-6-30-iu\\\/\",\"name\":\"Custom-Dose HGH 6\u201330 IU | HGH Peptides Lab \u2013 HPLC\\\/COA Verified\",\"isPartOf\":{\"@id\":\"https:\\\/\\\/hghpeptideslab.com\\\/#website\"},\"primaryImageOfPage\":{\"@id\":\"https:\\\/\\\/hghpeptideslab.com\\\/product\\\/custom-hgh-6-30-iu\\\/#primaryimage\"},\"image\":{\"@id\":\"https:\\\/\\\/hghpeptideslab.com\\\/product\\\/custom-hgh-6-30-iu\\\/#primaryimage\"},\"thumbnailUrl\":\"https:\\\/\\\/hghpeptideslab.com\\\/wp-content\\\/uploads\\\/2025\\\/08\\\/hgh-6iu-30iu.jpg\",\"datePublished\":\"2025-08-14T19:45:46+00:00\",\"dateModified\":\"2025-10-22T19:15:03+00:00\",\"description\":\"Buy custom-dose HGH (6\u201330 IU) from a China-based GMP lab. 99% purity with HPLC\\\/COA. Factory-direct selling and fast worldwide shipping for flexible GH research.\",\"breadcrumb\":{\"@id\":\"https:\\\/\\\/hghpeptideslab.com\\\/product\\\/custom-hgh-6-30-iu\\\/#breadcrumb\"},\"inLanguage\":\"cs\",\"potentialAction\":[{\"@type\":\"ReadAction\",\"target\":[\"https:\\\/\\\/hghpeptideslab.com\\\/product\\\/custom-hgh-6-30-iu\\\/\"]}],\"copyrightNotice\":\"\u00a9 2010\u20132026 HGH Peptides Lab. All Rights Reserved.\"},{\"@type\":\"ImageObject\",\"inLanguage\":\"cs\",\"@id\":\"https:\\\/\\\/hghpeptideslab.com\\\/product\\\/custom-hgh-6-30-iu\\\/#primaryimage\",\"url\":\"https:\\\/\\\/hghpeptideslab.com\\\/wp-content\\\/uploads\\\/2025\\\/08\\\/hgh-6iu-30iu.jpg\",\"contentUrl\":\"https:\\\/\\\/hghpeptideslab.com\\\/wp-content\\\/uploads\\\/2025\\\/08\\\/hgh-6iu-30iu.jpg\",\"width\":800,\"height\":800,\"caption\":\"Made-to-order fills \u00b7 6\u201330 IU per vial\"},{\"@type\":\"BreadcrumbList\",\"@id\":\"https:\\\/\\\/hghpeptideslab.com\\\/product\\\/custom-hgh-6-30-iu\\\/#breadcrumb\",\"itemListElement\":[{\"@type\":\"ListItem\",\"position\":1,\"name\":\"Home\",\"item\":\"https:\\\/\\\/hghpeptideslab.com\\\/\"},{\"@type\":\"ListItem\",\"position\":2,\"name\":\"Shop\",\"item\":\"https:\\\/\\\/hghpeptideslab.com\\\/shop\\\/\"},{\"@type\":\"ListItem\",\"position\":3,\"name\":\"Custom-Dose HGH (Human Growth Hormone) \u2013 6\u201330 IU\"}]},{\"@type\":\"WebSite\",\"@id\":\"https:\\\/\\\/hghpeptideslab.com\\\/#website\",\"url\":\"https:\\\/\\\/hghpeptideslab.com\\\/\",\"name\":\"HGH Peptides Lab\",\"description\":\"Premium Peptides &amp; HGH Shop\",\"publisher\":{\"@id\":\"https:\\\/\\\/hghpeptideslab.com\\\/#organization\"},\"potentialAction\":[{\"@type\":\"SearchAction\",\"target\":{\"@type\":\"EntryPoint\",\"urlTemplate\":\"https:\\\/\\\/hghpeptideslab.com\\\/?s={search_term_string}\"},\"query-input\":{\"@type\":\"PropertyValueSpecification\",\"valueRequired\":true,\"valueName\":\"search_term_string\"}}],\"inLanguage\":\"cs\"},{\"@type\":\"Organization\",\"@id\":\"https:\\\/\\\/hghpeptideslab.com\\\/#organization\",\"name\":\"HGH Peptides Lab\",\"url\":\"https:\\\/\\\/hghpeptideslab.com\\\/cs\\\/\",\"logo\":{\"@type\":\"ImageObject\",\"url\":\"https:\\\/\\\/hghpeptideslab.com\\\/wp-content\\\/uploads\\\/2025\\\/07\\\/HGHPEPTIDESLAB-Logo.png\"},\"image\":{\"@id\":\"https:\\\/\\\/hghpeptideslab.com\\\/#\\\/schema\\\/logo\\\/image\\\/\"},\"foundingDate\":\"2010\",\"contactPoint\":[{\"@type\":\"ContactPoint\",\"contactType\":\"customer support\",\"telephone\":\"+85247559641\",\"email\":\"CYGGL2025@gmail.com\",\"availableLanguage\":[\"en\"]}]}]}<\/script>\n<!-- \/ Yoast SEO Premium plugin. -->","yoast_head_json":{"title":"Custom-Dose HGH 6-30 IU | HGH Peptides Lab - HPLC\/COA Ov\u011b\u0159eno","description":"Kupte si vlastn\u00ed d\u00e1vku HGH (6-30 IU) z laborato\u0159e GMP se s\u00eddlem v \u010c\u00edn\u011b. 99% purity s HPLC\/COA. P\u0159\u00edm\u00fd prodej z tov\u00e1rny a rychl\u00e1 celosv\u011btov\u00e1 doprava pro flexibiln\u00ed v\u00fdzkum GH.","robots":{"index":"index","follow":"follow","max-snippet":"max-snippet:-1","max-image-preview":"max-image-preview:large","max-video-preview":"max-video-preview:-1"},"canonical":"https:\/\/hghpeptideslab.com\/cs\/product\/custom-hgh-6-30-iu\/","og_locale":"cs_CZ","og_type":"article","og_title":"Custom-Dose HGH (Human Growth Hormone) \u2013 6\u201330 IU","og_description":"Buy custom-dose HGH (6\u201330 IU) from a China-based GMP lab. 99% purity with HPLC\/COA. Factory-direct selling and fast worldwide shipping for flexible GH research.","og_url":"https:\/\/hghpeptideslab.com\/cs\/product\/custom-hgh-6-30-iu\/","og_site_name":"HGH Peptides Lab","article_modified_time":"2025-10-22T19:15:03+00:00","og_image":[{"width":800,"height":800,"url":"https:\/\/hghpeptideslab.com\/wp-content\/uploads\/2025\/08\/hgh-6iu-30iu.jpg","type":"image\/jpeg"}],"twitter_card":"summary_large_image","twitter_misc":{"Odhadovan\u00e1 doba \u010dten\u00ed":"1 minuta"},"schema":{"@context":"https:\/\/schema.org","@graph":[{"@type":"WebPage","@id":"https:\/\/hghpeptideslab.com\/product\/custom-hgh-6-30-iu\/","url":"https:\/\/hghpeptideslab.com\/product\/custom-hgh-6-30-iu\/","name":"Custom-Dose HGH 6-30 IU | HGH Peptides Lab - HPLC\/COA Ov\u011b\u0159eno","isPartOf":{"@id":"https:\/\/hghpeptideslab.com\/#website"},"primaryImageOfPage":{"@id":"https:\/\/hghpeptideslab.com\/product\/custom-hgh-6-30-iu\/#primaryimage"},"image":{"@id":"https:\/\/hghpeptideslab.com\/product\/custom-hgh-6-30-iu\/#primaryimage"},"thumbnailUrl":"https:\/\/hghpeptideslab.com\/wp-content\/uploads\/2025\/08\/hgh-6iu-30iu.jpg","datePublished":"2025-08-14T19:45:46+00:00","dateModified":"2025-10-22T19:15:03+00:00","description":"Kupte si vlastn\u00ed d\u00e1vku HGH (6-30 IU) z laborato\u0159e GMP se s\u00eddlem v \u010c\u00edn\u011b. 99% purity s HPLC\/COA. P\u0159\u00edm\u00fd prodej z tov\u00e1rny a rychl\u00e1 celosv\u011btov\u00e1 doprava pro flexibiln\u00ed v\u00fdzkum GH.","breadcrumb":{"@id":"https:\/\/hghpeptideslab.com\/product\/custom-hgh-6-30-iu\/#breadcrumb"},"inLanguage":"cs","potentialAction":[{"@type":"ReadAction","target":["https:\/\/hghpeptideslab.com\/product\/custom-hgh-6-30-iu\/"]}],"copyrightNotice":"\u00a9 2010\u20132026 HGH Peptides Lab. All Rights Reserved."},{"@type":"ImageObject","inLanguage":"cs","@id":"https:\/\/hghpeptideslab.com\/product\/custom-hgh-6-30-iu\/#primaryimage","url":"https:\/\/hghpeptideslab.com\/wp-content\/uploads\/2025\/08\/hgh-6iu-30iu.jpg","contentUrl":"https:\/\/hghpeptideslab.com\/wp-content\/uploads\/2025\/08\/hgh-6iu-30iu.jpg","width":800,"height":800,"caption":"Made-to-order fills \u00b7 6\u201330 IU per vial"},{"@type":"BreadcrumbList","@id":"https:\/\/hghpeptideslab.com\/product\/custom-hgh-6-30-iu\/#breadcrumb","itemListElement":[{"@type":"ListItem","position":1,"name":"Home","item":"https:\/\/hghpeptideslab.com\/"},{"@type":"ListItem","position":2,"name":"Shop","item":"https:\/\/hghpeptideslab.com\/shop\/"},{"@type":"ListItem","position":3,"name":"Custom-Dose HGH (Human Growth Hormone) \u2013 6\u201330 IU"}]},{"@type":"WebSite","@id":"https:\/\/hghpeptideslab.com\/#website","url":"https:\/\/hghpeptideslab.com\/","name":"HGH Peptides Lab","description":"Premium Peptides &amp; HGH Obchod","publisher":{"@id":"https:\/\/hghpeptideslab.com\/#organization"},"potentialAction":[{"@type":"SearchAction","target":{"@type":"EntryPoint","urlTemplate":"https:\/\/hghpeptideslab.com\/?s={search_term_string}"},"query-input":{"@type":"PropertyValueSpecification","valueRequired":true,"valueName":"search_term_string"}}],"inLanguage":"cs"},{"@type":"Organization","@id":"https:\/\/hghpeptideslab.com\/#organization","name":"HGH Peptides Lab","url":"https:\/\/hghpeptideslab.com\/cs\/","logo":{"@type":"ImageObject","url":"https:\/\/hghpeptideslab.com\/wp-content\/uploads\/2025\/07\/HGHPEPTIDESLAB-Logo.png"},"image":{"@id":"https:\/\/hghpeptideslab.com\/#\/schema\/logo\/image\/"},"foundingDate":"2010","contactPoint":[{"@type":"ContactPoint","contactType":"customer support","telephone":"+85247559641","email":"CYGGL2025@gmail.com","availableLanguage":["en"]}]}]}},"_links":{"self":[{"href":"https:\/\/hghpeptideslab.com\/cs\/wp-json\/wp\/v2\/product\/8863","targetHints":{"allow":["GET"]}}],"collection":[{"href":"https:\/\/hghpeptideslab.com\/cs\/wp-json\/wp\/v2\/product"}],"about":[{"href":"https:\/\/hghpeptideslab.com\/cs\/wp-json\/wp\/v2\/types\/product"}],"replies":[{"embeddable":true,"href":"https:\/\/hghpeptideslab.com\/cs\/wp-json\/wp\/v2\/comments?post=8863"}],"wp:featuredmedia":[{"embeddable":true,"href":"https:\/\/hghpeptideslab.com\/cs\/wp-json\/wp\/v2\/media\/8864"}],"wp:attachment":[{"href":"https:\/\/hghpeptideslab.com\/cs\/wp-json\/wp\/v2\/media?parent=8863"}],"wp:term":[{"taxonomy":"product_cat","embeddable":true,"href":"https:\/\/hghpeptideslab.com\/cs\/wp-json\/wp\/v2\/product_cat?post=8863"},{"taxonomy":"product_tag","embeddable":true,"href":"https:\/\/hghpeptideslab.com\/cs\/wp-json\/wp\/v2\/product_tag?post=8863"}],"curies":[{"name":"wp","href":"https:\/\/api.w.org\/{rel}","templated":true}]}}