{"id":8886,"date":"2025-08-14T22:27:37","date_gmt":"2025-08-14T22:27:37","guid":{"rendered":"https:\/\/hghpeptideslab.com\/?post_type=product&#038;p=8886"},"modified":"2026-04-13T00:56:56","modified_gmt":"2026-04-13T00:56:56","slug":"semaglutide","status":"publish","type":"product","link":"https:\/\/hghpeptideslab.com\/cs\/product\/semaglutide\/","title":{"rendered":"Semaglutide Peptide"},"content":{"rendered":"<h3>P\u0159ehled<\/h3>\n<p>Semaglutide je analog GLP-1, kter\u00fd je \u010dasto zmi\u0148ov\u00e1n ve v\u00fdzkumu modulace chuti k j\u00eddlu a kontroly glyk\u00e9mie.<br \/>\nN\u00e1\u0161 materi\u00e1l je <strong>GMP-vyrobeno<\/strong> (surovina farmaceutick\u00e9 kvality) s <strong>99%+ \u010distota<\/strong>.<br \/>\nHPLC\/COA je k dispozici na vy\u017e\u00e1d\u00e1n\u00ed.<\/p>\n<h3>Kl\u00ed\u010dov\u00e9 vlastnosti<\/h3>\n<ul>\n<li>Dostupn\u00e9 s\u00edly: <strong>2 mg<\/strong>, <strong>5 mg<\/strong>, <strong>10 mg<\/strong>, <strong>15 mg<\/strong>, <strong>20 mg<\/strong>, <strong>30 mg<\/strong>, <strong>40 mg<\/strong> &amp; <strong>60 mg<\/strong> za vial<\/li>\n<li>Velikost Kit: <strong>10 vials\/Kit<\/strong><\/li>\n<li>White lyophilized powder pro flexibiln\u00ed v\u00fdzkumn\u00e9 protokoly<\/li>\n<li>HPLC\/COA dokumentace na vy\u017e\u00e1d\u00e1n\u00ed<\/li>\n<\/ul>\n<h3>Typick\u00e1 zam\u011b\u0159en\u00ed v\u00fdzkumu<\/h3>\n<ul>\n<li>Modely regulace hmotnosti a chuti k j\u00eddlu<\/li>\n<li>Glykemick\u00e1 kontrola a dr\u00e1hy sekrece inzul\u00ednu<\/li>\n<li>Vyprazd\u0148ov\u00e1n\u00ed \u017ealudku a signalizace sytosti (GLP-1)<\/li>\n<li>Kardiometabolick\u00e9 a metabolick\u00e9 zdravotn\u00ed markery<\/li>\n<\/ul>\n<h3>Skladov\u00e1n\u00ed a stabilita<\/h3>\n<ul>\n<li>Skladujte uzav\u0159en\u00e9 p\u0159i <strong>2-8 \u00b0C<\/strong>, chr\u00e1n\u011bn\u00e9 p\u0159ed sv\u011btlem a vlhkost\u00ed<\/li>\n<li>Rekonstituovan\u00e9 roztoky se doporu\u010duj\u00ed pou\u017e\u00edt neprodlen\u011b za vhodn\u00fdch laboratorn\u00edch podm\u00ednek.<\/li>\n<\/ul>\n<h3>Pozn\u00e1mky<\/h3>\n<ul>\n<li>Vyrobeno v <strong>Kompatibiln\u00ed s GMP<\/strong> za\u0159\u00edzen\u00ed<\/li>\n<li>HPLC\/COA k dispozici na vy\u017e\u00e1d\u00e1n\u00ed<\/li>\n<li>Pouze pro laboratorn\u00ed v\u00fdzkum. V\u00fdrobky nejsou ozna\u010deny pro l\u00e9ka\u0159sk\u00e9 pou\u017eit\u00ed.<\/li>\n<\/ul>","protected":false},"excerpt":{"rendered":"<p><strong>Jm\u00e9no:<\/strong> 99% Purity Semaglutide peptid<br \/>\n<strong>Funkce:<\/strong> V\u00fdzkum hubnut\u00ed; regulace chuti k j\u00eddlu a kontrola glyk\u00e9mie<br \/>\n<strong>Specifikace:<\/strong> 2 mg, 5 mg, 10 mg, 15 mg, 20 mg, 30 mg, 40 mg a 60 mg na vial; 10 vials\/sada<br \/>\n<strong>CAS:<\/strong> 910463-68-2<br \/>\n<strong>Vzhled:<\/strong> White lyophilized powder<\/p>","protected":false},"featured_media":8882,"comment_status":"open","ping_status":"closed","template":"","meta":[],"product_cat":[46],"product_tag":[169,161,168,167,122],"class_list":{"0":"post-8886","1":"product","2":"type-product","3":"status-publish","4":"has-post-thumbnail","6":"product_brand-dp-hghpeptides","7":"product_brand-hgh-peptides-lab","8":"product_cat-peptides-for-weight-loss","9":"product_tag-eli-lilly","10":"product_tag-fat-loss-metabolism-peptides","11":"product_tag-novo-nordisk","12":"product_tag-overall-wellness-peptides","13":"product_tag-semaglutide","15":"first","16":"instock","17":"featured","18":"shipping-taxable","19":"purchasable","20":"product-type-variable","21":"has-default-attributes"},"yoast_head":"<!-- This site is optimized with the Yoast SEO Premium plugin v27.5 (Yoast SEO v27.5) - https:\/\/yoast.com\/product\/yoast-seo-premium-wordpress\/ -->\n<title>Semaglutide Peptide for Weight Loss | HGH Peptides Lab \u2013 Premium Quality<\/title>\n<meta name=\"description\" content=\"Order Semaglutide from a GMP China lab\u201499% purity with HPLC\/COA. Factory-direct selling and global shipping for appetite control, glycemic and weight-loss support.\" \/>\n<meta name=\"robots\" content=\"index, follow, max-snippet:-1, max-image-preview:large, max-video-preview:-1\" \/>\n<link rel=\"canonical\" href=\"https:\/\/hghpeptideslab.com\/cs\/product\/semaglutide\/\" \/>\n<meta property=\"og:locale\" content=\"cs_CZ\" \/>\n<meta property=\"og:type\" content=\"article\" \/>\n<meta property=\"og:title\" content=\"Semaglutide Peptide\" \/>\n<meta property=\"og:description\" content=\"Order Semaglutide from a GMP China lab\u201499% purity with HPLC\/COA. Factory-direct selling and global shipping for appetite control, glycemic and weight-loss support.\" \/>\n<meta property=\"og:url\" content=\"https:\/\/hghpeptideslab.com\/cs\/product\/semaglutide\/\" \/>\n<meta property=\"og:site_name\" content=\"HGH Peptides Lab\" \/>\n<meta property=\"article:modified_time\" content=\"2026-04-13T00:56:56+00:00\" \/>\n<meta property=\"og:image\" content=\"https:\/\/hghpeptideslab.com\/wp-content\/uploads\/2025\/08\/semaglutide5mg.jpg\" \/>\n\t<meta property=\"og:image:width\" content=\"800\" \/>\n\t<meta property=\"og:image:height\" content=\"800\" \/>\n\t<meta property=\"og:image:type\" content=\"image\/jpeg\" \/>\n<meta name=\"twitter:card\" content=\"summary_large_image\" \/>\n<meta name=\"twitter:label1\" content=\"Odhadovan\u00e1 doba \u010dten\u00ed\" \/>\n\t<meta name=\"twitter:data1\" content=\"1 minuta\" \/>\n<script type=\"application\/ld+json\" class=\"yoast-schema-graph\">{\"@context\":\"https:\\\/\\\/schema.org\",\"@graph\":[{\"@type\":\"WebPage\",\"@id\":\"https:\\\/\\\/hghpeptideslab.com\\\/product\\\/semaglutide\\\/\",\"url\":\"https:\\\/\\\/hghpeptideslab.com\\\/product\\\/semaglutide\\\/\",\"name\":\"Semaglutide Peptide for Weight Loss | HGH Peptides Lab \u2013 Premium Quality\",\"isPartOf\":{\"@id\":\"https:\\\/\\\/hghpeptideslab.com\\\/#website\"},\"primaryImageOfPage\":{\"@id\":\"https:\\\/\\\/hghpeptideslab.com\\\/product\\\/semaglutide\\\/#primaryimage\"},\"image\":{\"@id\":\"https:\\\/\\\/hghpeptideslab.com\\\/product\\\/semaglutide\\\/#primaryimage\"},\"thumbnailUrl\":\"https:\\\/\\\/hghpeptideslab.com\\\/wp-content\\\/uploads\\\/2025\\\/08\\\/semaglutide5mg.jpg\",\"datePublished\":\"2025-08-14T22:27:37+00:00\",\"dateModified\":\"2026-04-13T00:56:56+00:00\",\"description\":\"Order Semaglutide from a GMP China lab\u201499% purity with HPLC\\\/COA. Factory-direct selling and global shipping for appetite control, glycemic and weight-loss support.\",\"breadcrumb\":{\"@id\":\"https:\\\/\\\/hghpeptideslab.com\\\/product\\\/semaglutide\\\/#breadcrumb\"},\"inLanguage\":\"cs\",\"potentialAction\":[{\"@type\":\"ReadAction\",\"target\":[\"https:\\\/\\\/hghpeptideslab.com\\\/product\\\/semaglutide\\\/\"]}],\"copyrightNotice\":\"\u00a9 2010\u20132026 HGH Peptides Lab. All Rights Reserved.\"},{\"@type\":\"ImageObject\",\"inLanguage\":\"cs\",\"@id\":\"https:\\\/\\\/hghpeptideslab.com\\\/product\\\/semaglutide\\\/#primaryimage\",\"url\":\"https:\\\/\\\/hghpeptideslab.com\\\/wp-content\\\/uploads\\\/2025\\\/08\\\/semaglutide5mg.jpg\",\"contentUrl\":\"https:\\\/\\\/hghpeptideslab.com\\\/wp-content\\\/uploads\\\/2025\\\/08\\\/semaglutide5mg.jpg\",\"width\":800,\"height\":800,\"caption\":\"Semaglutide 5 mg vial, research use only.\"},{\"@type\":\"BreadcrumbList\",\"@id\":\"https:\\\/\\\/hghpeptideslab.com\\\/product\\\/semaglutide\\\/#breadcrumb\",\"itemListElement\":[{\"@type\":\"ListItem\",\"position\":1,\"name\":\"Home\",\"item\":\"https:\\\/\\\/hghpeptideslab.com\\\/\"},{\"@type\":\"ListItem\",\"position\":2,\"name\":\"Shop\",\"item\":\"https:\\\/\\\/hghpeptideslab.com\\\/shop\\\/\"},{\"@type\":\"ListItem\",\"position\":3,\"name\":\"Semaglutide Peptide\"}]},{\"@type\":\"WebSite\",\"@id\":\"https:\\\/\\\/hghpeptideslab.com\\\/#website\",\"url\":\"https:\\\/\\\/hghpeptideslab.com\\\/\",\"name\":\"HGH Peptides Lab\",\"description\":\"Premium Peptides &amp; HGH Shop\",\"publisher\":{\"@id\":\"https:\\\/\\\/hghpeptideslab.com\\\/#organization\"},\"potentialAction\":[{\"@type\":\"SearchAction\",\"target\":{\"@type\":\"EntryPoint\",\"urlTemplate\":\"https:\\\/\\\/hghpeptideslab.com\\\/?s={search_term_string}\"},\"query-input\":{\"@type\":\"PropertyValueSpecification\",\"valueRequired\":true,\"valueName\":\"search_term_string\"}}],\"inLanguage\":\"cs\"},{\"@type\":\"Organization\",\"@id\":\"https:\\\/\\\/hghpeptideslab.com\\\/#organization\",\"name\":\"HGH Peptides Lab\",\"url\":\"https:\\\/\\\/hghpeptideslab.com\\\/cs\\\/\",\"logo\":{\"@type\":\"ImageObject\",\"url\":\"https:\\\/\\\/hghpeptideslab.com\\\/wp-content\\\/uploads\\\/2025\\\/07\\\/HGHPEPTIDESLAB-Logo.png\"},\"image\":{\"@id\":\"https:\\\/\\\/hghpeptideslab.com\\\/#\\\/schema\\\/logo\\\/image\\\/\"},\"foundingDate\":\"2010\",\"contactPoint\":[{\"@type\":\"ContactPoint\",\"contactType\":\"customer support\",\"telephone\":\"+85247559641\",\"email\":\"CYGGL2025@gmail.com\",\"availableLanguage\":[\"en\"]}]}]}<\/script>\n<!-- \/ Yoast SEO Premium plugin. -->","yoast_head_json":{"title":"Semaglutide Peptide pro hubnut\u00ed | HGH Peptides Lab - Premium Kvalita","description":"Objednejte si Semaglutide z \u010d\u00ednsk\u00e9 laborato\u0159e GMP-99% purity s HPLC\/COA. P\u0159\u00edm\u00fd prodej z tov\u00e1rny a celosv\u011btov\u00e1 doprava pro kontrolu chuti k j\u00eddlu, podporu glyk\u00e9mie a hubnut\u00ed.","robots":{"index":"index","follow":"follow","max-snippet":"max-snippet:-1","max-image-preview":"max-image-preview:large","max-video-preview":"max-video-preview:-1"},"canonical":"https:\/\/hghpeptideslab.com\/cs\/product\/semaglutide\/","og_locale":"cs_CZ","og_type":"article","og_title":"Semaglutide Peptide","og_description":"Order Semaglutide from a GMP China lab\u201499% purity with HPLC\/COA. Factory-direct selling and global shipping for appetite control, glycemic and weight-loss support.","og_url":"https:\/\/hghpeptideslab.com\/cs\/product\/semaglutide\/","og_site_name":"HGH Peptides Lab","article_modified_time":"2026-04-13T00:56:56+00:00","og_image":[{"width":800,"height":800,"url":"https:\/\/hghpeptideslab.com\/wp-content\/uploads\/2025\/08\/semaglutide5mg.jpg","type":"image\/jpeg"}],"twitter_card":"summary_large_image","twitter_misc":{"Odhadovan\u00e1 doba \u010dten\u00ed":"1 minuta"},"schema":{"@context":"https:\/\/schema.org","@graph":[{"@type":"WebPage","@id":"https:\/\/hghpeptideslab.com\/product\/semaglutide\/","url":"https:\/\/hghpeptideslab.com\/product\/semaglutide\/","name":"Semaglutide Peptide pro hubnut\u00ed | HGH Peptides Lab - Premium Kvalita","isPartOf":{"@id":"https:\/\/hghpeptideslab.com\/#website"},"primaryImageOfPage":{"@id":"https:\/\/hghpeptideslab.com\/product\/semaglutide\/#primaryimage"},"image":{"@id":"https:\/\/hghpeptideslab.com\/product\/semaglutide\/#primaryimage"},"thumbnailUrl":"https:\/\/hghpeptideslab.com\/wp-content\/uploads\/2025\/08\/semaglutide5mg.jpg","datePublished":"2025-08-14T22:27:37+00:00","dateModified":"2026-04-13T00:56:56+00:00","description":"Objednejte si Semaglutide z \u010d\u00ednsk\u00e9 laborato\u0159e GMP-99% purity s HPLC\/COA. P\u0159\u00edm\u00fd prodej z tov\u00e1rny a celosv\u011btov\u00e1 doprava pro kontrolu chuti k j\u00eddlu, podporu glyk\u00e9mie a hubnut\u00ed.","breadcrumb":{"@id":"https:\/\/hghpeptideslab.com\/product\/semaglutide\/#breadcrumb"},"inLanguage":"cs","potentialAction":[{"@type":"ReadAction","target":["https:\/\/hghpeptideslab.com\/product\/semaglutide\/"]}],"copyrightNotice":"\u00a9 2010\u20132026 HGH Peptides Lab. All Rights Reserved."},{"@type":"ImageObject","inLanguage":"cs","@id":"https:\/\/hghpeptideslab.com\/product\/semaglutide\/#primaryimage","url":"https:\/\/hghpeptideslab.com\/wp-content\/uploads\/2025\/08\/semaglutide5mg.jpg","contentUrl":"https:\/\/hghpeptideslab.com\/wp-content\/uploads\/2025\/08\/semaglutide5mg.jpg","width":800,"height":800,"caption":"Semaglutide 5 mg vial, research use only."},{"@type":"BreadcrumbList","@id":"https:\/\/hghpeptideslab.com\/product\/semaglutide\/#breadcrumb","itemListElement":[{"@type":"ListItem","position":1,"name":"Home","item":"https:\/\/hghpeptideslab.com\/"},{"@type":"ListItem","position":2,"name":"Shop","item":"https:\/\/hghpeptideslab.com\/shop\/"},{"@type":"ListItem","position":3,"name":"Semaglutide Peptide"}]},{"@type":"WebSite","@id":"https:\/\/hghpeptideslab.com\/#website","url":"https:\/\/hghpeptideslab.com\/","name":"HGH Peptides Lab","description":"Premium Peptides &amp; HGH Obchod","publisher":{"@id":"https:\/\/hghpeptideslab.com\/#organization"},"potentialAction":[{"@type":"SearchAction","target":{"@type":"EntryPoint","urlTemplate":"https:\/\/hghpeptideslab.com\/?s={search_term_string}"},"query-input":{"@type":"PropertyValueSpecification","valueRequired":true,"valueName":"search_term_string"}}],"inLanguage":"cs"},{"@type":"Organization","@id":"https:\/\/hghpeptideslab.com\/#organization","name":"HGH Peptides Lab","url":"https:\/\/hghpeptideslab.com\/cs\/","logo":{"@type":"ImageObject","url":"https:\/\/hghpeptideslab.com\/wp-content\/uploads\/2025\/07\/HGHPEPTIDESLAB-Logo.png"},"image":{"@id":"https:\/\/hghpeptideslab.com\/#\/schema\/logo\/image\/"},"foundingDate":"2010","contactPoint":[{"@type":"ContactPoint","contactType":"customer support","telephone":"+85247559641","email":"CYGGL2025@gmail.com","availableLanguage":["en"]}]}]}},"_links":{"self":[{"href":"https:\/\/hghpeptideslab.com\/cs\/wp-json\/wp\/v2\/product\/8886","targetHints":{"allow":["GET"]}}],"collection":[{"href":"https:\/\/hghpeptideslab.com\/cs\/wp-json\/wp\/v2\/product"}],"about":[{"href":"https:\/\/hghpeptideslab.com\/cs\/wp-json\/wp\/v2\/types\/product"}],"replies":[{"embeddable":true,"href":"https:\/\/hghpeptideslab.com\/cs\/wp-json\/wp\/v2\/comments?post=8886"}],"wp:featuredmedia":[{"embeddable":true,"href":"https:\/\/hghpeptideslab.com\/cs\/wp-json\/wp\/v2\/media\/8882"}],"wp:attachment":[{"href":"https:\/\/hghpeptideslab.com\/cs\/wp-json\/wp\/v2\/media?parent=8886"}],"wp:term":[{"taxonomy":"product_cat","embeddable":true,"href":"https:\/\/hghpeptideslab.com\/cs\/wp-json\/wp\/v2\/product_cat?post=8886"},{"taxonomy":"product_tag","embeddable":true,"href":"https:\/\/hghpeptideslab.com\/cs\/wp-json\/wp\/v2\/product_tag?post=8886"}],"curies":[{"name":"wp","href":"https:\/\/api.w.org\/{rel}","templated":true}]}}