{"id":8999,"date":"2025-08-15T21:33:10","date_gmt":"2025-08-15T21:33:10","guid":{"rendered":"https:\/\/hghpeptideslab.com\/?post_type=product&#038;p=8999"},"modified":"2025-10-23T01:46:31","modified_gmt":"2025-10-23T01:46:31","slug":"triptorelin","status":"publish","type":"product","link":"https:\/\/hghpeptideslab.com\/cs\/product\/triptorelin\/","title":{"rendered":"Triptorelin Peptide (agonista GnRH\/LHRH)"},"content":{"rendered":"<h3>P\u0159ehled<\/h3>\n<p>Triptorelin je dekapeptid <strong>Agonista GnRH (LHRH)<\/strong> hojn\u011b zmi\u0148ovan\u00e9 ve v\u00fdzkumu hypof\u00fdzy<br \/>\ndownregulace a modulace androgenn\u00ed osy. N\u00e1\u0161 materi\u00e1l je <strong>GMP-vyrobeno<\/strong> farmaceutick\u00e1 kvalita<br \/>\npeptid s <strong>99%+ \u010distota<\/strong>. HPLC\/COA je k dispozici na vy\u017e\u00e1d\u00e1n\u00ed.<\/p>\n<h3>Kl\u00ed\u010dov\u00e9 vlastnosti<\/h3>\n<ul>\n<li>Siln\u00e9 str\u00e1nky: <strong>2 mg<\/strong>, <strong>5 mg<\/strong>, <strong>10 mg<\/strong> za vial<\/li>\n<li>Velikost Kit: <strong>10 vials\/sada<\/strong><\/li>\n<li>White lyophilized powder pro flexibiln\u00ed v\u00fdzkumn\u00e9 protokoly<\/li>\n<li>Dokumentace: HPLC chromatogram \/ COA na vy\u017e\u00e1d\u00e1n\u00ed<\/li>\n<\/ul>\n<h3>Typick\u00e1 zam\u011b\u0159en\u00ed v\u00fdzkumu<\/h3>\n<ul>\n<li>Sn\u00ed\u017een\u00ed regulace hypof\u00fdzy a modely signalizace receptor\u016f GnRH<\/li>\n<li>Modulace androgenn\u00ed osy a studie reproduk\u010dn\u00edch hormon\u016f<\/li>\n<li>Srovn\u00e1vac\u00ed testy s analogy GnRH a d\u00e1vkovac\u00edmi sch\u00e9maty<\/li>\n<li>Endokrinn\u00ed zp\u011btn\u00e1 vazba a kinetika desenzibilizace<\/li>\n<\/ul>\n<h3>Skladov\u00e1n\u00ed a stabilita<\/h3>\n<ul>\n<li>Skladujte uzav\u0159en\u00e9 p\u0159i <strong>2-8 \u00b0C<\/strong>, chr\u00e1n\u011bn\u00e9 p\u0159ed sv\u011btlem a vlhkost\u00ed<\/li>\n<li>Rekonstituovan\u00e9 roztoky pou\u017e\u00edvejte neprodlen\u011b za vhodn\u00fdch laboratorn\u00edch podm\u00ednek.<\/li>\n<\/ul>\n<h3>Pozn\u00e1mky<\/h3>\n<ul>\n<li>Vyrobeno v <strong>Kompatibiln\u00ed s GMP<\/strong> za\u0159\u00edzen\u00ed<\/li>\n<li>HPLC\/COA k dispozici na vy\u017e\u00e1d\u00e1n\u00ed<\/li>\n<li>Pouze pro laboratorn\u00ed v\u00fdzkum. V\u00fdrobky nejsou ozna\u010deny pro l\u00e9ka\u0159sk\u00e9 pou\u017eit\u00ed.<\/li>\n<\/ul>","protected":false},"excerpt":{"rendered":"<p><strong>Jm\u00e9no:<\/strong> 99% Purity Triptorelin peptid<br \/>\n<strong>Funkce:<\/strong> agonista GnRH\/LHRH; downregulace hypof\u00fdzy; studie androgenn\u00ed osy<br \/>\n<strong>Specifikace:<\/strong> 2 mg &amp; 5 mg &amp; 10 mg na vial; 10 vials\/sada<br \/>\n<strong>CAS:<\/strong> 57773-63-4<br \/>\n<strong>Vzhled:<\/strong> White lyophilized powder<\/p>","protected":false},"featured_media":8996,"comment_status":"open","ping_status":"closed","template":"","meta":[],"product_cat":[60],"product_tag":[162,167,157],"class_list":{"0":"post-8999","1":"product","2":"type-product","3":"status-publish","4":"has-post-thumbnail","6":"product_brand-dp-hghpeptides","7":"product_brand-hgh-peptides-lab","8":"product_cat-specialty-peptides","9":"product_tag-anti-aging-longevity-peptides","10":"product_tag-overall-wellness-peptides","11":"product_tag-triptorelin","13":"first","14":"instock","15":"shipping-taxable","16":"purchasable","17":"product-type-variable","18":"has-default-attributes"},"yoast_head":"<!-- This site is optimized with the Yoast SEO Premium plugin v27.3 (Yoast SEO v27.3) - https:\/\/yoast.com\/product\/yoast-seo-premium-wordpress\/ -->\n<title>Triptorelin Peptide (GnRH Agonist) | HGH Peptides Lab \u2013 HPLC\/COA Verified<\/title>\n<meta name=\"description\" content=\"Buy Triptorelin from a China-based GMP lab. 99% purity, HPLC\/COA on request. Factory-direct selling and fast global delivery for hormone-axis research.\" \/>\n<meta name=\"robots\" content=\"index, follow, max-snippet:-1, max-image-preview:large, max-video-preview:-1\" \/>\n<link rel=\"canonical\" href=\"https:\/\/hghpeptideslab.com\/cs\/product\/triptorelin\/\" \/>\n<meta property=\"og:locale\" content=\"cs_CZ\" \/>\n<meta property=\"og:type\" content=\"article\" \/>\n<meta property=\"og:title\" content=\"Triptorelin Peptide (GnRH\/LHRH Agonist)\" \/>\n<meta property=\"og:description\" content=\"Buy Triptorelin from a China-based GMP lab. 99% purity, HPLC\/COA on request. Factory-direct selling and fast global delivery for hormone-axis research.\" \/>\n<meta property=\"og:url\" content=\"https:\/\/hghpeptideslab.com\/cs\/product\/triptorelin\/\" \/>\n<meta property=\"og:site_name\" content=\"HGH Peptides Lab\" \/>\n<meta property=\"article:modified_time\" content=\"2025-10-23T01:46:31+00:00\" \/>\n<meta property=\"og:image\" content=\"https:\/\/hghpeptideslab.com\/wp-content\/uploads\/2025\/08\/triptorelin5mg.jpg\" \/>\n\t<meta property=\"og:image:width\" content=\"800\" \/>\n\t<meta property=\"og:image:height\" content=\"800\" \/>\n\t<meta property=\"og:image:type\" content=\"image\/jpeg\" \/>\n<meta name=\"twitter:card\" content=\"summary_large_image\" \/>\n<meta name=\"twitter:label1\" content=\"Odhadovan\u00e1 doba \u010dten\u00ed\" \/>\n\t<meta name=\"twitter:data1\" content=\"1 minuta\" \/>\n<script type=\"application\/ld+json\" class=\"yoast-schema-graph\">{\"@context\":\"https:\\\/\\\/schema.org\",\"@graph\":[{\"@type\":\"WebPage\",\"@id\":\"https:\\\/\\\/hghpeptideslab.com\\\/product\\\/triptorelin\\\/\",\"url\":\"https:\\\/\\\/hghpeptideslab.com\\\/product\\\/triptorelin\\\/\",\"name\":\"Triptorelin Peptide (GnRH Agonist) | HGH Peptides Lab \u2013 HPLC\\\/COA Verified\",\"isPartOf\":{\"@id\":\"https:\\\/\\\/hghpeptideslab.com\\\/#website\"},\"primaryImageOfPage\":{\"@id\":\"https:\\\/\\\/hghpeptideslab.com\\\/product\\\/triptorelin\\\/#primaryimage\"},\"image\":{\"@id\":\"https:\\\/\\\/hghpeptideslab.com\\\/product\\\/triptorelin\\\/#primaryimage\"},\"thumbnailUrl\":\"https:\\\/\\\/hghpeptideslab.com\\\/wp-content\\\/uploads\\\/2025\\\/08\\\/triptorelin5mg.jpg\",\"datePublished\":\"2025-08-15T21:33:10+00:00\",\"dateModified\":\"2025-10-23T01:46:31+00:00\",\"description\":\"Buy Triptorelin from a China-based GMP lab. 99% purity, HPLC\\\/COA on request. Factory-direct selling and fast global delivery for hormone-axis research.\",\"breadcrumb\":{\"@id\":\"https:\\\/\\\/hghpeptideslab.com\\\/product\\\/triptorelin\\\/#breadcrumb\"},\"inLanguage\":\"cs\",\"potentialAction\":[{\"@type\":\"ReadAction\",\"target\":[\"https:\\\/\\\/hghpeptideslab.com\\\/product\\\/triptorelin\\\/\"]}],\"copyrightNotice\":\"\u00a9 2010\u20132026 HGH Peptides Lab. All Rights Reserved.\"},{\"@type\":\"ImageObject\",\"inLanguage\":\"cs\",\"@id\":\"https:\\\/\\\/hghpeptideslab.com\\\/product\\\/triptorelin\\\/#primaryimage\",\"url\":\"https:\\\/\\\/hghpeptideslab.com\\\/wp-content\\\/uploads\\\/2025\\\/08\\\/triptorelin5mg.jpg\",\"contentUrl\":\"https:\\\/\\\/hghpeptideslab.com\\\/wp-content\\\/uploads\\\/2025\\\/08\\\/triptorelin5mg.jpg\",\"width\":800,\"height\":800,\"caption\":\"Triptorelin \u2014 5 mg per vial (HGH Peptides Lab)\"},{\"@type\":\"BreadcrumbList\",\"@id\":\"https:\\\/\\\/hghpeptideslab.com\\\/product\\\/triptorelin\\\/#breadcrumb\",\"itemListElement\":[{\"@type\":\"ListItem\",\"position\":1,\"name\":\"Home\",\"item\":\"https:\\\/\\\/hghpeptideslab.com\\\/\"},{\"@type\":\"ListItem\",\"position\":2,\"name\":\"Shop\",\"item\":\"https:\\\/\\\/hghpeptideslab.com\\\/shop\\\/\"},{\"@type\":\"ListItem\",\"position\":3,\"name\":\"Triptorelin Peptide (GnRH\\\/LHRH Agonist)\"}]},{\"@type\":\"WebSite\",\"@id\":\"https:\\\/\\\/hghpeptideslab.com\\\/#website\",\"url\":\"https:\\\/\\\/hghpeptideslab.com\\\/\",\"name\":\"HGH Peptides Lab\",\"description\":\"Premium Peptides &amp; HGH Shop\",\"publisher\":{\"@id\":\"https:\\\/\\\/hghpeptideslab.com\\\/#organization\"},\"potentialAction\":[{\"@type\":\"SearchAction\",\"target\":{\"@type\":\"EntryPoint\",\"urlTemplate\":\"https:\\\/\\\/hghpeptideslab.com\\\/?s={search_term_string}\"},\"query-input\":{\"@type\":\"PropertyValueSpecification\",\"valueRequired\":true,\"valueName\":\"search_term_string\"}}],\"inLanguage\":\"cs\"},{\"@type\":\"Organization\",\"@id\":\"https:\\\/\\\/hghpeptideslab.com\\\/#organization\",\"name\":\"HGH Peptides Lab\",\"url\":\"https:\\\/\\\/hghpeptideslab.com\\\/cs\\\/\",\"logo\":{\"@type\":\"ImageObject\",\"url\":\"https:\\\/\\\/hghpeptideslab.com\\\/wp-content\\\/uploads\\\/2025\\\/07\\\/HGHPEPTIDESLAB-Logo.png\"},\"image\":{\"@id\":\"https:\\\/\\\/hghpeptideslab.com\\\/#\\\/schema\\\/logo\\\/image\\\/\"},\"foundingDate\":\"2010\",\"contactPoint\":[{\"@type\":\"ContactPoint\",\"contactType\":\"customer support\",\"telephone\":\"+85247559641\",\"email\":\"CYGGL2025@gmail.com\",\"availableLanguage\":[\"en\"]}]}]}<\/script>\n<!-- \/ Yoast SEO Premium plugin. -->","yoast_head_json":{"title":"Triptorelin Peptide (agonista GnRH) | HGH Peptides Lab - HPLC\/COA Ov\u011b\u0159eno","description":"Kupte si Triptorelin z laborato\u0159e GMP se s\u00eddlem v \u010c\u00edn\u011b. 99% purity, HPLC\/COA na vy\u017e\u00e1d\u00e1n\u00ed. P\u0159\u00edm\u00fd prodej z tov\u00e1rny a rychl\u00e9 glob\u00e1ln\u00ed dod\u00e1vky pro v\u00fdzkum hormon\u00e1ln\u00ed osy.","robots":{"index":"index","follow":"follow","max-snippet":"max-snippet:-1","max-image-preview":"max-image-preview:large","max-video-preview":"max-video-preview:-1"},"canonical":"https:\/\/hghpeptideslab.com\/cs\/product\/triptorelin\/","og_locale":"cs_CZ","og_type":"article","og_title":"Triptorelin Peptide (GnRH\/LHRH Agonist)","og_description":"Buy Triptorelin from a China-based GMP lab. 99% purity, HPLC\/COA on request. Factory-direct selling and fast global delivery for hormone-axis research.","og_url":"https:\/\/hghpeptideslab.com\/cs\/product\/triptorelin\/","og_site_name":"HGH Peptides Lab","article_modified_time":"2025-10-23T01:46:31+00:00","og_image":[{"width":800,"height":800,"url":"https:\/\/hghpeptideslab.com\/wp-content\/uploads\/2025\/08\/triptorelin5mg.jpg","type":"image\/jpeg"}],"twitter_card":"summary_large_image","twitter_misc":{"Odhadovan\u00e1 doba \u010dten\u00ed":"1 minuta"},"schema":{"@context":"https:\/\/schema.org","@graph":[{"@type":"WebPage","@id":"https:\/\/hghpeptideslab.com\/product\/triptorelin\/","url":"https:\/\/hghpeptideslab.com\/product\/triptorelin\/","name":"Triptorelin Peptide (agonista GnRH) | HGH Peptides Lab - HPLC\/COA Ov\u011b\u0159eno","isPartOf":{"@id":"https:\/\/hghpeptideslab.com\/#website"},"primaryImageOfPage":{"@id":"https:\/\/hghpeptideslab.com\/product\/triptorelin\/#primaryimage"},"image":{"@id":"https:\/\/hghpeptideslab.com\/product\/triptorelin\/#primaryimage"},"thumbnailUrl":"https:\/\/hghpeptideslab.com\/wp-content\/uploads\/2025\/08\/triptorelin5mg.jpg","datePublished":"2025-08-15T21:33:10+00:00","dateModified":"2025-10-23T01:46:31+00:00","description":"Kupte si Triptorelin z laborato\u0159e GMP se s\u00eddlem v \u010c\u00edn\u011b. 99% purity, HPLC\/COA na vy\u017e\u00e1d\u00e1n\u00ed. P\u0159\u00edm\u00fd prodej z tov\u00e1rny a rychl\u00e9 glob\u00e1ln\u00ed dod\u00e1vky pro v\u00fdzkum hormon\u00e1ln\u00ed osy.","breadcrumb":{"@id":"https:\/\/hghpeptideslab.com\/product\/triptorelin\/#breadcrumb"},"inLanguage":"cs","potentialAction":[{"@type":"ReadAction","target":["https:\/\/hghpeptideslab.com\/product\/triptorelin\/"]}],"copyrightNotice":"\u00a9 2010\u20132026 HGH Peptides Lab. All Rights Reserved."},{"@type":"ImageObject","inLanguage":"cs","@id":"https:\/\/hghpeptideslab.com\/product\/triptorelin\/#primaryimage","url":"https:\/\/hghpeptideslab.com\/wp-content\/uploads\/2025\/08\/triptorelin5mg.jpg","contentUrl":"https:\/\/hghpeptideslab.com\/wp-content\/uploads\/2025\/08\/triptorelin5mg.jpg","width":800,"height":800,"caption":"Triptorelin \u2014 5 mg per vial (HGH Peptides Lab)"},{"@type":"BreadcrumbList","@id":"https:\/\/hghpeptideslab.com\/product\/triptorelin\/#breadcrumb","itemListElement":[{"@type":"ListItem","position":1,"name":"Home","item":"https:\/\/hghpeptideslab.com\/"},{"@type":"ListItem","position":2,"name":"Shop","item":"https:\/\/hghpeptideslab.com\/shop\/"},{"@type":"ListItem","position":3,"name":"Triptorelin Peptide (GnRH\/LHRH Agonist)"}]},{"@type":"WebSite","@id":"https:\/\/hghpeptideslab.com\/#website","url":"https:\/\/hghpeptideslab.com\/","name":"HGH Peptides Lab","description":"Premium Peptides &amp; HGH Obchod","publisher":{"@id":"https:\/\/hghpeptideslab.com\/#organization"},"potentialAction":[{"@type":"SearchAction","target":{"@type":"EntryPoint","urlTemplate":"https:\/\/hghpeptideslab.com\/?s={search_term_string}"},"query-input":{"@type":"PropertyValueSpecification","valueRequired":true,"valueName":"search_term_string"}}],"inLanguage":"cs"},{"@type":"Organization","@id":"https:\/\/hghpeptideslab.com\/#organization","name":"HGH Peptides Lab","url":"https:\/\/hghpeptideslab.com\/cs\/","logo":{"@type":"ImageObject","url":"https:\/\/hghpeptideslab.com\/wp-content\/uploads\/2025\/07\/HGHPEPTIDESLAB-Logo.png"},"image":{"@id":"https:\/\/hghpeptideslab.com\/#\/schema\/logo\/image\/"},"foundingDate":"2010","contactPoint":[{"@type":"ContactPoint","contactType":"customer support","telephone":"+85247559641","email":"CYGGL2025@gmail.com","availableLanguage":["en"]}]}]}},"_links":{"self":[{"href":"https:\/\/hghpeptideslab.com\/cs\/wp-json\/wp\/v2\/product\/8999","targetHints":{"allow":["GET"]}}],"collection":[{"href":"https:\/\/hghpeptideslab.com\/cs\/wp-json\/wp\/v2\/product"}],"about":[{"href":"https:\/\/hghpeptideslab.com\/cs\/wp-json\/wp\/v2\/types\/product"}],"replies":[{"embeddable":true,"href":"https:\/\/hghpeptideslab.com\/cs\/wp-json\/wp\/v2\/comments?post=8999"}],"wp:featuredmedia":[{"embeddable":true,"href":"https:\/\/hghpeptideslab.com\/cs\/wp-json\/wp\/v2\/media\/8996"}],"wp:attachment":[{"href":"https:\/\/hghpeptideslab.com\/cs\/wp-json\/wp\/v2\/media?parent=8999"}],"wp:term":[{"taxonomy":"product_cat","embeddable":true,"href":"https:\/\/hghpeptideslab.com\/cs\/wp-json\/wp\/v2\/product_cat?post=8999"},{"taxonomy":"product_tag","embeddable":true,"href":"https:\/\/hghpeptideslab.com\/cs\/wp-json\/wp\/v2\/product_tag?post=8999"}],"curies":[{"name":"wp","href":"https:\/\/api.w.org\/{rel}","templated":true}]}}