{"id":9009,"date":"2025-08-15T22:01:57","date_gmt":"2025-08-15T22:01:57","guid":{"rendered":"https:\/\/hghpeptideslab.com\/?post_type=product&#038;p=9009"},"modified":"2026-01-16T19:02:19","modified_gmt":"2026-01-16T19:02:19","slug":"nad-plus","status":"publish","type":"product","link":"https:\/\/hghpeptideslab.com\/cs\/product\/nad-plus\/","title":{"rendered":"NAD+ (nikotinamidadenindinukleotid)"},"content":{"rendered":"<h3>P\u0159ehled<\/h3>\n<p>NAD+ (nikotinamidadenindinukleotid) je \u00fast\u0159edn\u00edm bun\u011b\u010dn\u00fdm koenzymem, na kter\u00fd se odkazuje ve v\u00fdzkumu v oblasti<br \/>\nmitochondri\u00e1ln\u00ed bioenergetika, redoxn\u00ed metabolismus a sirtuinov\u00e9 dr\u00e1hy. N\u00e1\u0161 materi\u00e1l je<br \/>\n<strong>GMP-vyrobeno<\/strong> farmaceutick\u00e1 kvalita s <strong>99%+ \u010distota<\/strong>. HPLC\/COA je k dispozici na vy\u017e\u00e1d\u00e1n\u00ed.<\/p>\n<h3>Kl\u00ed\u010dov\u00e9 vlastnosti<\/h3>\n<ul>\n<li>Siln\u00e9 str\u00e1nky: <strong>100 mg<\/strong>, <strong>500 mg<\/strong>, <strong>1000 mg<\/strong> za vial<\/li>\n<li>Velikost Kit: <strong>10 vials\/sada<\/strong><\/li>\n<li>White lyophilized powder vhodn\u00fd pro r\u016fzn\u00e9 pracovn\u00ed postupy na pracovn\u00edm stole<\/li>\n<li>Dokumentace: HPLC chromatogram \/ COA na vy\u017e\u00e1d\u00e1n\u00ed<\/li>\n<\/ul>\n<h3>Typick\u00e1 zam\u011b\u0159en\u00ed v\u00fdzkumu<\/h3>\n<ul>\n<li>Funkce mitochondri\u00ed a energetick\u00e1 rovnov\u00e1ha bun\u011bk<\/li>\n<li>Redoxn\u00ed metabolismus a testy pom\u011bru NAD+\/NADH<\/li>\n<li>Studie aktivace sirtuinu a dr\u00e1hy dlouhov\u011bkosti<\/li>\n<li>Neuroprotektivn\u00ed a metabolick\u00e9 stresov\u00e9 modely<\/li>\n<\/ul>\n<h3>Skladov\u00e1n\u00ed a stabilita<\/h3>\n<ul>\n<li>Skladujte uzav\u0159en\u00e9 p\u0159i <strong>2-8 \u00b0C<\/strong>, chr\u00e1n\u011bn\u00e9 p\u0159ed sv\u011btlem a vlhkost\u00ed<\/li>\n<li>Rekonstituovan\u00e9 roztoky pou\u017e\u00edvejte neprodlen\u011b za vhodn\u00fdch laboratorn\u00edch podm\u00ednek.<\/li>\n<\/ul>\n<h3>Pozn\u00e1mky<\/h3>\n<ul>\n<li>Vyrobeno v <strong>Kompatibiln\u00ed s GMP<\/strong> za\u0159\u00edzen\u00ed<\/li>\n<li>HPLC\/COA k dispozici na vy\u017e\u00e1d\u00e1n\u00ed<\/li>\n<li>Pouze pro laboratorn\u00ed v\u00fdzkum. V\u00fdrobky nejsou ozna\u010deny pro l\u00e9ka\u0159sk\u00e9 pou\u017eit\u00ed.<\/li>\n<\/ul>","protected":false},"excerpt":{"rendered":"<p><strong>Jm\u00e9no:<\/strong> 99% Purity NAD+ pr\u00e1\u0161ek<br \/>\n<strong>Funkce:<\/strong> Bun\u011b\u010dn\u00e1 energie a podpora mitochondri\u00ed; redoxn\u00ed metabolismus; studie sirtuinu<br \/>\n<strong>Specifikace:<\/strong> 100 mg &amp; 500 mg &amp; 1000 mg na vial; 10 vials\/sada<br \/>\n<strong>CAS:<\/strong> 53-84-9<br \/>\n<strong>Vzhled:<\/strong> White lyophilized powder<\/p>","protected":false},"featured_media":9004,"comment_status":"open","ping_status":"closed","template":"","meta":[],"product_cat":[59],"product_tag":[162,164,149,167],"class_list":{"0":"post-9009","1":"product","2":"type-product","3":"status-publish","4":"has-post-thumbnail","6":"product_brand-dp-hghpeptides","7":"product_brand-hgh-peptides-lab","8":"product_cat-nootropic-peptides-anti-aging","9":"product_tag-anti-aging-longevity-peptides","10":"product_tag-nootropic-cognitive-focus-peptides","11":"product_tag-nad-plus","12":"product_tag-overall-wellness-peptides","14":"first","15":"instock","16":"featured","17":"shipping-taxable","18":"purchasable","19":"product-type-variable","20":"has-default-attributes"},"yoast_head":"<!-- This site is optimized with the Yoast SEO Premium plugin v27.6 (Yoast SEO v27.6) - https:\/\/yoast.com\/product\/yoast-seo-premium-wordpress\/ -->\n<title>NAD+ Peptide for Energy &amp; Anti-Aging | HGH Peptides Lab \u2013 Trusted Supplier<\/title>\n<meta name=\"description\" content=\"Order NAD+ from a GMP China lab\u201499% purity with HPLC\/COA. Factory-direct selling and worldwide shipping for cellular energy, anti-aging and brain support.\" \/>\n<meta name=\"robots\" content=\"index, follow, max-snippet:-1, max-image-preview:large, max-video-preview:-1\" \/>\n<link rel=\"canonical\" href=\"https:\/\/hghpeptideslab.com\/cs\/product\/nad-plus\/\" \/>\n<meta property=\"og:locale\" content=\"cs_CZ\" \/>\n<meta property=\"og:type\" content=\"article\" \/>\n<meta property=\"og:title\" content=\"NAD+ (Nicotinamide Adenine Dinucleotide)\" \/>\n<meta property=\"og:description\" content=\"Order NAD+ from a GMP China lab\u201499% purity with HPLC\/COA. Factory-direct selling and worldwide shipping for cellular energy, anti-aging and brain support.\" \/>\n<meta property=\"og:url\" content=\"https:\/\/hghpeptideslab.com\/cs\/product\/nad-plus\/\" \/>\n<meta property=\"og:site_name\" content=\"HGH Peptides Lab\" \/>\n<meta property=\"article:modified_time\" content=\"2026-01-16T19:02:19+00:00\" \/>\n<meta property=\"og:image\" content=\"https:\/\/hghpeptideslab.com\/wp-content\/uploads\/2025\/08\/nad500mg.jpg\" \/>\n\t<meta property=\"og:image:width\" content=\"800\" \/>\n\t<meta property=\"og:image:height\" content=\"800\" \/>\n\t<meta property=\"og:image:type\" content=\"image\/jpeg\" \/>\n<meta name=\"twitter:card\" content=\"summary_large_image\" \/>\n<meta name=\"twitter:label1\" content=\"Odhadovan\u00e1 doba \u010dten\u00ed\" \/>\n\t<meta name=\"twitter:data1\" content=\"1 minuta\" \/>\n<script type=\"application\/ld+json\" class=\"yoast-schema-graph\">{\"@context\":\"https:\\\/\\\/schema.org\",\"@graph\":[{\"@type\":\"WebPage\",\"@id\":\"https:\\\/\\\/hghpeptideslab.com\\\/product\\\/nad-plus\\\/\",\"url\":\"https:\\\/\\\/hghpeptideslab.com\\\/product\\\/nad-plus\\\/\",\"name\":\"NAD+ Peptide for Energy & Anti-Aging | HGH Peptides Lab \u2013 Trusted Supplier\",\"isPartOf\":{\"@id\":\"https:\\\/\\\/hghpeptideslab.com\\\/#website\"},\"primaryImageOfPage\":{\"@id\":\"https:\\\/\\\/hghpeptideslab.com\\\/product\\\/nad-plus\\\/#primaryimage\"},\"image\":{\"@id\":\"https:\\\/\\\/hghpeptideslab.com\\\/product\\\/nad-plus\\\/#primaryimage\"},\"thumbnailUrl\":\"https:\\\/\\\/hghpeptideslab.com\\\/wp-content\\\/uploads\\\/2025\\\/08\\\/nad500mg.jpg\",\"datePublished\":\"2025-08-15T22:01:57+00:00\",\"dateModified\":\"2026-01-16T19:02:19+00:00\",\"description\":\"Order NAD+ from a GMP China lab\u201499% purity with HPLC\\\/COA. Factory-direct selling and worldwide shipping for cellular energy, anti-aging and brain support.\",\"breadcrumb\":{\"@id\":\"https:\\\/\\\/hghpeptideslab.com\\\/product\\\/nad-plus\\\/#breadcrumb\"},\"inLanguage\":\"cs\",\"potentialAction\":[{\"@type\":\"ReadAction\",\"target\":[\"https:\\\/\\\/hghpeptideslab.com\\\/product\\\/nad-plus\\\/\"]}],\"copyrightNotice\":\"\u00a9 2010\u20132026 HGH Peptides Lab. All Rights Reserved.\"},{\"@type\":\"ImageObject\",\"inLanguage\":\"cs\",\"@id\":\"https:\\\/\\\/hghpeptideslab.com\\\/product\\\/nad-plus\\\/#primaryimage\",\"url\":\"https:\\\/\\\/hghpeptideslab.com\\\/wp-content\\\/uploads\\\/2025\\\/08\\\/nad500mg.jpg\",\"contentUrl\":\"https:\\\/\\\/hghpeptideslab.com\\\/wp-content\\\/uploads\\\/2025\\\/08\\\/nad500mg.jpg\",\"width\":800,\"height\":800,\"caption\":\"NAD+ \u2014 500 mg per vial (HGH Peptides Lab)\"},{\"@type\":\"BreadcrumbList\",\"@id\":\"https:\\\/\\\/hghpeptideslab.com\\\/product\\\/nad-plus\\\/#breadcrumb\",\"itemListElement\":[{\"@type\":\"ListItem\",\"position\":1,\"name\":\"Home\",\"item\":\"https:\\\/\\\/hghpeptideslab.com\\\/\"},{\"@type\":\"ListItem\",\"position\":2,\"name\":\"Shop\",\"item\":\"https:\\\/\\\/hghpeptideslab.com\\\/shop\\\/\"},{\"@type\":\"ListItem\",\"position\":3,\"name\":\"NAD+ (Nicotinamide Adenine Dinucleotide)\"}]},{\"@type\":\"WebSite\",\"@id\":\"https:\\\/\\\/hghpeptideslab.com\\\/#website\",\"url\":\"https:\\\/\\\/hghpeptideslab.com\\\/\",\"name\":\"HGH Peptides Lab\",\"description\":\"Premium Peptides &amp; HGH Shop\",\"publisher\":{\"@id\":\"https:\\\/\\\/hghpeptideslab.com\\\/#organization\"},\"potentialAction\":[{\"@type\":\"SearchAction\",\"target\":{\"@type\":\"EntryPoint\",\"urlTemplate\":\"https:\\\/\\\/hghpeptideslab.com\\\/?s={search_term_string}\"},\"query-input\":{\"@type\":\"PropertyValueSpecification\",\"valueRequired\":true,\"valueName\":\"search_term_string\"}}],\"inLanguage\":\"cs\"},{\"@type\":\"Organization\",\"@id\":\"https:\\\/\\\/hghpeptideslab.com\\\/#organization\",\"name\":\"HGH Peptides Lab\",\"url\":\"https:\\\/\\\/hghpeptideslab.com\\\/cs\\\/\",\"logo\":{\"@type\":\"ImageObject\",\"url\":\"https:\\\/\\\/hghpeptideslab.com\\\/wp-content\\\/uploads\\\/2025\\\/07\\\/HGHPEPTIDESLAB-Logo.png\"},\"image\":{\"@id\":\"https:\\\/\\\/hghpeptideslab.com\\\/#\\\/schema\\\/logo\\\/image\\\/\"},\"foundingDate\":\"2010\",\"contactPoint\":[{\"@type\":\"ContactPoint\",\"contactType\":\"customer support\",\"telephone\":\"+85247559641\",\"email\":\"CYGGL2025@gmail.com\",\"availableLanguage\":[\"en\"]}]}]}<\/script>\n<!-- \/ Yoast SEO Premium plugin. -->","yoast_head_json":{"title":"NAD+ Peptide pro energii a proti st\u00e1rnut\u00ed | HGH Peptides Lab - D\u016fv\u011bryhodn\u00fd dodavatel","description":"Objednejte si NAD+ z \u010d\u00ednsk\u00e9 laborato\u0159e GMP-99% purity s HPLC\/COA. P\u0159\u00edm\u00fd prodej z tov\u00e1rny a celosv\u011btov\u00e1 doprava pro bun\u011b\u010dnou energii, podporu proti st\u00e1rnut\u00ed a mozku.","robots":{"index":"index","follow":"follow","max-snippet":"max-snippet:-1","max-image-preview":"max-image-preview:large","max-video-preview":"max-video-preview:-1"},"canonical":"https:\/\/hghpeptideslab.com\/cs\/product\/nad-plus\/","og_locale":"cs_CZ","og_type":"article","og_title":"NAD+ (Nicotinamide Adenine Dinucleotide)","og_description":"Order NAD+ from a GMP China lab\u201499% purity with HPLC\/COA. Factory-direct selling and worldwide shipping for cellular energy, anti-aging and brain support.","og_url":"https:\/\/hghpeptideslab.com\/cs\/product\/nad-plus\/","og_site_name":"HGH Peptides Lab","article_modified_time":"2026-01-16T19:02:19+00:00","og_image":[{"width":800,"height":800,"url":"https:\/\/hghpeptideslab.com\/wp-content\/uploads\/2025\/08\/nad500mg.jpg","type":"image\/jpeg"}],"twitter_card":"summary_large_image","twitter_misc":{"Odhadovan\u00e1 doba \u010dten\u00ed":"1 minuta"},"schema":{"@context":"https:\/\/schema.org","@graph":[{"@type":"WebPage","@id":"https:\/\/hghpeptideslab.com\/product\/nad-plus\/","url":"https:\/\/hghpeptideslab.com\/product\/nad-plus\/","name":"NAD+ Peptide pro energii a proti st\u00e1rnut\u00ed | HGH Peptides Lab - D\u016fv\u011bryhodn\u00fd dodavatel","isPartOf":{"@id":"https:\/\/hghpeptideslab.com\/#website"},"primaryImageOfPage":{"@id":"https:\/\/hghpeptideslab.com\/product\/nad-plus\/#primaryimage"},"image":{"@id":"https:\/\/hghpeptideslab.com\/product\/nad-plus\/#primaryimage"},"thumbnailUrl":"https:\/\/hghpeptideslab.com\/wp-content\/uploads\/2025\/08\/nad500mg.jpg","datePublished":"2025-08-15T22:01:57+00:00","dateModified":"2026-01-16T19:02:19+00:00","description":"Objednejte si NAD+ z \u010d\u00ednsk\u00e9 laborato\u0159e GMP-99% purity s HPLC\/COA. P\u0159\u00edm\u00fd prodej z tov\u00e1rny a celosv\u011btov\u00e1 doprava pro bun\u011b\u010dnou energii, podporu proti st\u00e1rnut\u00ed a mozku.","breadcrumb":{"@id":"https:\/\/hghpeptideslab.com\/product\/nad-plus\/#breadcrumb"},"inLanguage":"cs","potentialAction":[{"@type":"ReadAction","target":["https:\/\/hghpeptideslab.com\/product\/nad-plus\/"]}],"copyrightNotice":"\u00a9 2010\u20132026 HGH Peptides Lab. All Rights Reserved."},{"@type":"ImageObject","inLanguage":"cs","@id":"https:\/\/hghpeptideslab.com\/product\/nad-plus\/#primaryimage","url":"https:\/\/hghpeptideslab.com\/wp-content\/uploads\/2025\/08\/nad500mg.jpg","contentUrl":"https:\/\/hghpeptideslab.com\/wp-content\/uploads\/2025\/08\/nad500mg.jpg","width":800,"height":800,"caption":"NAD+ \u2014 500 mg per vial (HGH Peptides Lab)"},{"@type":"BreadcrumbList","@id":"https:\/\/hghpeptideslab.com\/product\/nad-plus\/#breadcrumb","itemListElement":[{"@type":"ListItem","position":1,"name":"Home","item":"https:\/\/hghpeptideslab.com\/"},{"@type":"ListItem","position":2,"name":"Shop","item":"https:\/\/hghpeptideslab.com\/shop\/"},{"@type":"ListItem","position":3,"name":"NAD+ (Nicotinamide Adenine Dinucleotide)"}]},{"@type":"WebSite","@id":"https:\/\/hghpeptideslab.com\/#website","url":"https:\/\/hghpeptideslab.com\/","name":"HGH Peptides Lab","description":"Premium Peptides &amp; HGH Obchod","publisher":{"@id":"https:\/\/hghpeptideslab.com\/#organization"},"potentialAction":[{"@type":"SearchAction","target":{"@type":"EntryPoint","urlTemplate":"https:\/\/hghpeptideslab.com\/?s={search_term_string}"},"query-input":{"@type":"PropertyValueSpecification","valueRequired":true,"valueName":"search_term_string"}}],"inLanguage":"cs"},{"@type":"Organization","@id":"https:\/\/hghpeptideslab.com\/#organization","name":"HGH Peptides Lab","url":"https:\/\/hghpeptideslab.com\/cs\/","logo":{"@type":"ImageObject","url":"https:\/\/hghpeptideslab.com\/wp-content\/uploads\/2025\/07\/HGHPEPTIDESLAB-Logo.png"},"image":{"@id":"https:\/\/hghpeptideslab.com\/#\/schema\/logo\/image\/"},"foundingDate":"2010","contactPoint":[{"@type":"ContactPoint","contactType":"customer support","telephone":"+85247559641","email":"CYGGL2025@gmail.com","availableLanguage":["en"]}]}]}},"_links":{"self":[{"href":"https:\/\/hghpeptideslab.com\/cs\/wp-json\/wp\/v2\/product\/9009","targetHints":{"allow":["GET"]}}],"collection":[{"href":"https:\/\/hghpeptideslab.com\/cs\/wp-json\/wp\/v2\/product"}],"about":[{"href":"https:\/\/hghpeptideslab.com\/cs\/wp-json\/wp\/v2\/types\/product"}],"replies":[{"embeddable":true,"href":"https:\/\/hghpeptideslab.com\/cs\/wp-json\/wp\/v2\/comments?post=9009"}],"wp:featuredmedia":[{"embeddable":true,"href":"https:\/\/hghpeptideslab.com\/cs\/wp-json\/wp\/v2\/media\/9004"}],"wp:attachment":[{"href":"https:\/\/hghpeptideslab.com\/cs\/wp-json\/wp\/v2\/media?parent=9009"}],"wp:term":[{"taxonomy":"product_cat","embeddable":true,"href":"https:\/\/hghpeptideslab.com\/cs\/wp-json\/wp\/v2\/product_cat?post=9009"},{"taxonomy":"product_tag","embeddable":true,"href":"https:\/\/hghpeptideslab.com\/cs\/wp-json\/wp\/v2\/product_tag?post=9009"}],"curies":[{"name":"wp","href":"https:\/\/api.w.org\/{rel}","templated":true}]}}