{"id":9020,"date":"2025-08-16T00:58:45","date_gmt":"2025-08-16T00:58:45","guid":{"rendered":"https:\/\/hghpeptideslab.com\/?post_type=product&#038;p=9020"},"modified":"2025-10-22T19:32:22","modified_gmt":"2025-10-22T19:32:22","slug":"igf-1-lr3","status":"publish","type":"product","link":"https:\/\/hghpeptideslab.com\/cs\/product\/igf-1-lr3\/","title":{"rendered":"IGF-1 LR3 Peptide (Long R3 IGF-1)"},"content":{"rendered":"<h3>P\u0159ehled<\/h3>\n<p>IGF-1 LR3 (Long R3 Insulin-Like Growth Factor-1) je \u0161iroce zmi\u0148ov\u00e1n ve studi\u00edch o<br \/>\nanabolick\u00e9 signalizace, myogeneze a svalov\u00e9 hypertrofie. N\u00e1\u0161 materi\u00e1l je<br \/>\n<strong>GMP-vyrobeno<\/strong> peptid farmaceutick\u00e9 kvality s <strong>99%+ \u010distota<\/strong>.<br \/>\nHPLC\/COA je k dispozici na vy\u017e\u00e1d\u00e1n\u00ed.<\/p>\n<h3>Kl\u00ed\u010dov\u00e9 vlastnosti<\/h3>\n<ul>\n<li>Siln\u00e9 str\u00e1nky: <strong>0,1 mg<\/strong>, <strong>1 mg<\/strong> za vial<\/li>\n<li>Velikost Kit: <strong>10 vials\/sada<\/strong><\/li>\n<li>White lyophilized powder pro flexibiln\u00ed v\u00fdzkumn\u00e9 protokoly<\/li>\n<li>Dokumentace: HPLC chromatogram \/ COA na vy\u017e\u00e1d\u00e1n\u00ed<\/li>\n<\/ul>\n<h3>Typick\u00e1 zam\u011b\u0159en\u00ed v\u00fdzkumu<\/h3>\n<ul>\n<li>Modely diferenciace svalov\u00fdch bun\u011bk a tvorby myotrubic<\/li>\n<li>Hypertrofie a signalizace anabolick\u00fdch drah (PI3K\/AKT\/mTOR)<\/li>\n<li>Studie aktivace a obnovy satelitn\u00edch bun\u011bk<\/li>\n<li>Vz\u00e1jemn\u00e9 vazby s receptory pro inzul\u00edn\/IGF a kinetika n\u00e1sledn\u00fdch receptor\u016f<\/li>\n<\/ul>\n<h3>Skladov\u00e1n\u00ed a stabilita<\/h3>\n<ul>\n<li>Skladujte uzav\u0159en\u00e9 p\u0159i <strong>2-8 \u00b0C<\/strong>, chr\u00e1n\u011bn\u00e9 p\u0159ed sv\u011btlem a vlhkost\u00ed<\/li>\n<li>Rekonstituovan\u00e9 roztoky pou\u017e\u00edvejte neprodlen\u011b za vhodn\u00fdch laboratorn\u00edch podm\u00ednek.<\/li>\n<\/ul>\n<h3>Pozn\u00e1mky<\/h3>\n<ul>\n<li>Vyrobeno v <strong>Kompatibiln\u00ed s GMP<\/strong> za\u0159\u00edzen\u00ed<\/li>\n<li>HPLC\/COA k dispozici na vy\u017e\u00e1d\u00e1n\u00ed<\/li>\n<li>Pouze pro laboratorn\u00ed v\u00fdzkum. V\u00fdrobky nejsou ozna\u010deny pro l\u00e9ka\u0159sk\u00e9 pou\u017eit\u00ed.<\/li>\n<\/ul>","protected":false},"excerpt":{"rendered":"<p><strong>Jm\u00e9no:<\/strong> 99% Purity IGF-1 LR3 peptid<br \/>\n<strong>Funkce:<\/strong> R\u016fst a hypertrofie sval\u016f; diferenciace myoblast\u016f; anabolick\u00e1 signalizace<br \/>\n<strong>Specifikace:<\/strong> 0,1 mg a 1 mg na vial; 10 vials\/sada<br \/>\n<strong>CAS:<\/strong> 946870-92-4<br \/>\n<strong>Vzhled:<\/strong> White lyophilized powder<\/p>","protected":false},"featured_media":9017,"comment_status":"open","ping_status":"closed","template":"","meta":[],"product_cat":[40],"product_tag":[130,160,167],"class_list":{"0":"post-9020","1":"product","2":"type-product","3":"status-publish","4":"has-post-thumbnail","6":"product_brand-dp-hghpeptides","7":"product_brand-hgh-peptides-lab","8":"product_cat-peptides-for-muscle-growth","9":"product_tag-igf-1-lr3","10":"product_tag-muscle-growth-performance-peptides","11":"product_tag-overall-wellness-peptides","13":"first","14":"instock","15":"shipping-taxable","16":"purchasable","17":"product-type-variable","18":"has-default-attributes"},"yoast_head":"<!-- This site is optimized with the Yoast SEO Premium plugin v27.5 (Yoast SEO v27.5) - https:\/\/yoast.com\/product\/yoast-seo-premium-wordpress\/ -->\n<title>IGF-1 LR3 (Long R3) Peptide for Muscle Growth | HGH Peptides Lab \u2013 Factory-Direct Selling<\/title>\n<meta name=\"description\" content=\"Buy IGF-1 LR3 from a China-based GMP lab. 99% purity with HPLC\/COA. Factory-direct selling and fast worldwide shipping for lean mass, pumps and recovery.\" \/>\n<meta name=\"robots\" content=\"index, follow, max-snippet:-1, max-image-preview:large, max-video-preview:-1\" \/>\n<link rel=\"canonical\" href=\"https:\/\/hghpeptideslab.com\/cs\/product\/igf-1-lr3\/\" \/>\n<meta property=\"og:locale\" content=\"cs_CZ\" \/>\n<meta property=\"og:type\" content=\"article\" \/>\n<meta property=\"og:title\" content=\"IGF-1 LR3 Peptide (Long R3 IGF-1)\" \/>\n<meta property=\"og:description\" content=\"Buy IGF-1 LR3 from a China-based GMP lab. 99% purity with HPLC\/COA. Factory-direct selling and fast worldwide shipping for lean mass, pumps and recovery.\" \/>\n<meta property=\"og:url\" content=\"https:\/\/hghpeptideslab.com\/cs\/product\/igf-1-lr3\/\" \/>\n<meta property=\"og:site_name\" content=\"HGH Peptides Lab\" \/>\n<meta property=\"article:modified_time\" content=\"2025-10-22T19:32:22+00:00\" \/>\n<meta property=\"og:image\" content=\"https:\/\/hghpeptideslab.com\/wp-content\/uploads\/2025\/08\/igf-1-lr31mg.jpg\" \/>\n\t<meta property=\"og:image:width\" content=\"800\" \/>\n\t<meta property=\"og:image:height\" content=\"800\" \/>\n\t<meta property=\"og:image:type\" content=\"image\/jpeg\" \/>\n<meta name=\"twitter:card\" content=\"summary_large_image\" \/>\n<meta name=\"twitter:label1\" content=\"Odhadovan\u00e1 doba \u010dten\u00ed\" \/>\n\t<meta name=\"twitter:data1\" content=\"1 minuta\" \/>\n<script type=\"application\/ld+json\" class=\"yoast-schema-graph\">{\"@context\":\"https:\\\/\\\/schema.org\",\"@graph\":[{\"@type\":\"WebPage\",\"@id\":\"https:\\\/\\\/hghpeptideslab.com\\\/product\\\/igf-1-lr3\\\/\",\"url\":\"https:\\\/\\\/hghpeptideslab.com\\\/product\\\/igf-1-lr3\\\/\",\"name\":\"IGF-1 LR3 (Long R3) Peptide for Muscle Growth | HGH Peptides Lab \u2013 Factory-Direct Selling\",\"isPartOf\":{\"@id\":\"https:\\\/\\\/hghpeptideslab.com\\\/#website\"},\"primaryImageOfPage\":{\"@id\":\"https:\\\/\\\/hghpeptideslab.com\\\/product\\\/igf-1-lr3\\\/#primaryimage\"},\"image\":{\"@id\":\"https:\\\/\\\/hghpeptideslab.com\\\/product\\\/igf-1-lr3\\\/#primaryimage\"},\"thumbnailUrl\":\"https:\\\/\\\/hghpeptideslab.com\\\/wp-content\\\/uploads\\\/2025\\\/08\\\/igf-1-lr31mg.jpg\",\"datePublished\":\"2025-08-16T00:58:45+00:00\",\"dateModified\":\"2025-10-22T19:32:22+00:00\",\"description\":\"Buy IGF-1 LR3 from a China-based GMP lab. 99% purity with HPLC\\\/COA. Factory-direct selling and fast worldwide shipping for lean mass, pumps and recovery.\",\"breadcrumb\":{\"@id\":\"https:\\\/\\\/hghpeptideslab.com\\\/product\\\/igf-1-lr3\\\/#breadcrumb\"},\"inLanguage\":\"cs\",\"potentialAction\":[{\"@type\":\"ReadAction\",\"target\":[\"https:\\\/\\\/hghpeptideslab.com\\\/product\\\/igf-1-lr3\\\/\"]}],\"copyrightNotice\":\"\u00a9 2010\u20132026 HGH Peptides Lab. All Rights Reserved.\"},{\"@type\":\"ImageObject\",\"inLanguage\":\"cs\",\"@id\":\"https:\\\/\\\/hghpeptideslab.com\\\/product\\\/igf-1-lr3\\\/#primaryimage\",\"url\":\"https:\\\/\\\/hghpeptideslab.com\\\/wp-content\\\/uploads\\\/2025\\\/08\\\/igf-1-lr31mg.jpg\",\"contentUrl\":\"https:\\\/\\\/hghpeptideslab.com\\\/wp-content\\\/uploads\\\/2025\\\/08\\\/igf-1-lr31mg.jpg\",\"width\":800,\"height\":800,\"caption\":\"IGF-1 LR3 \u2014 1 mg per vial (HGH Peptides Lab)\"},{\"@type\":\"BreadcrumbList\",\"@id\":\"https:\\\/\\\/hghpeptideslab.com\\\/product\\\/igf-1-lr3\\\/#breadcrumb\",\"itemListElement\":[{\"@type\":\"ListItem\",\"position\":1,\"name\":\"Home\",\"item\":\"https:\\\/\\\/hghpeptideslab.com\\\/\"},{\"@type\":\"ListItem\",\"position\":2,\"name\":\"Shop\",\"item\":\"https:\\\/\\\/hghpeptideslab.com\\\/shop\\\/\"},{\"@type\":\"ListItem\",\"position\":3,\"name\":\"IGF-1 LR3 Peptide (Long R3 IGF-1)\"}]},{\"@type\":\"WebSite\",\"@id\":\"https:\\\/\\\/hghpeptideslab.com\\\/#website\",\"url\":\"https:\\\/\\\/hghpeptideslab.com\\\/\",\"name\":\"HGH Peptides Lab\",\"description\":\"Premium Peptides &amp; HGH Shop\",\"publisher\":{\"@id\":\"https:\\\/\\\/hghpeptideslab.com\\\/#organization\"},\"potentialAction\":[{\"@type\":\"SearchAction\",\"target\":{\"@type\":\"EntryPoint\",\"urlTemplate\":\"https:\\\/\\\/hghpeptideslab.com\\\/?s={search_term_string}\"},\"query-input\":{\"@type\":\"PropertyValueSpecification\",\"valueRequired\":true,\"valueName\":\"search_term_string\"}}],\"inLanguage\":\"cs\"},{\"@type\":\"Organization\",\"@id\":\"https:\\\/\\\/hghpeptideslab.com\\\/#organization\",\"name\":\"HGH Peptides Lab\",\"url\":\"https:\\\/\\\/hghpeptideslab.com\\\/cs\\\/\",\"logo\":{\"@type\":\"ImageObject\",\"url\":\"https:\\\/\\\/hghpeptideslab.com\\\/wp-content\\\/uploads\\\/2025\\\/07\\\/HGHPEPTIDESLAB-Logo.png\"},\"image\":{\"@id\":\"https:\\\/\\\/hghpeptideslab.com\\\/#\\\/schema\\\/logo\\\/image\\\/\"},\"foundingDate\":\"2010\",\"contactPoint\":[{\"@type\":\"ContactPoint\",\"contactType\":\"customer support\",\"telephone\":\"+85247559641\",\"email\":\"CYGGL2025@gmail.com\",\"availableLanguage\":[\"en\"]}]}]}<\/script>\n<!-- \/ Yoast SEO Premium plugin. -->","yoast_head_json":{"title":"IGF-1 LR3 (Long R3) Peptide pro r\u016fst sval\u016f | HGH Peptides Lab - P\u0159\u00edm\u00fd prodej z v\u00fdroby","description":"Kupte si IGF-1 LR3 z laborato\u0159e GMP se s\u00eddlem v \u010c\u00edn\u011b. 99% purity s HPLC\/COA. P\u0159\u00edm\u00fd prodej z tov\u00e1rny a rychl\u00e1 doprava po cel\u00e9m sv\u011bt\u011b pro \u0161t\u00edhlou hmotu, pumpy a regeneraci.","robots":{"index":"index","follow":"follow","max-snippet":"max-snippet:-1","max-image-preview":"max-image-preview:large","max-video-preview":"max-video-preview:-1"},"canonical":"https:\/\/hghpeptideslab.com\/cs\/product\/igf-1-lr3\/","og_locale":"cs_CZ","og_type":"article","og_title":"IGF-1 LR3 Peptide (Long R3 IGF-1)","og_description":"Buy IGF-1 LR3 from a China-based GMP lab. 99% purity with HPLC\/COA. Factory-direct selling and fast worldwide shipping for lean mass, pumps and recovery.","og_url":"https:\/\/hghpeptideslab.com\/cs\/product\/igf-1-lr3\/","og_site_name":"HGH Peptides Lab","article_modified_time":"2025-10-22T19:32:22+00:00","og_image":[{"width":800,"height":800,"url":"https:\/\/hghpeptideslab.com\/wp-content\/uploads\/2025\/08\/igf-1-lr31mg.jpg","type":"image\/jpeg"}],"twitter_card":"summary_large_image","twitter_misc":{"Odhadovan\u00e1 doba \u010dten\u00ed":"1 minuta"},"schema":{"@context":"https:\/\/schema.org","@graph":[{"@type":"WebPage","@id":"https:\/\/hghpeptideslab.com\/product\/igf-1-lr3\/","url":"https:\/\/hghpeptideslab.com\/product\/igf-1-lr3\/","name":"IGF-1 LR3 (Long R3) Peptide pro r\u016fst sval\u016f | HGH Peptides Lab - P\u0159\u00edm\u00fd prodej z v\u00fdroby","isPartOf":{"@id":"https:\/\/hghpeptideslab.com\/#website"},"primaryImageOfPage":{"@id":"https:\/\/hghpeptideslab.com\/product\/igf-1-lr3\/#primaryimage"},"image":{"@id":"https:\/\/hghpeptideslab.com\/product\/igf-1-lr3\/#primaryimage"},"thumbnailUrl":"https:\/\/hghpeptideslab.com\/wp-content\/uploads\/2025\/08\/igf-1-lr31mg.jpg","datePublished":"2025-08-16T00:58:45+00:00","dateModified":"2025-10-22T19:32:22+00:00","description":"Kupte si IGF-1 LR3 z laborato\u0159e GMP se s\u00eddlem v \u010c\u00edn\u011b. 99% purity s HPLC\/COA. P\u0159\u00edm\u00fd prodej z tov\u00e1rny a rychl\u00e1 doprava po cel\u00e9m sv\u011bt\u011b pro \u0161t\u00edhlou hmotu, pumpy a regeneraci.","breadcrumb":{"@id":"https:\/\/hghpeptideslab.com\/product\/igf-1-lr3\/#breadcrumb"},"inLanguage":"cs","potentialAction":[{"@type":"ReadAction","target":["https:\/\/hghpeptideslab.com\/product\/igf-1-lr3\/"]}],"copyrightNotice":"\u00a9 2010\u20132026 HGH Peptides Lab. All Rights Reserved."},{"@type":"ImageObject","inLanguage":"cs","@id":"https:\/\/hghpeptideslab.com\/product\/igf-1-lr3\/#primaryimage","url":"https:\/\/hghpeptideslab.com\/wp-content\/uploads\/2025\/08\/igf-1-lr31mg.jpg","contentUrl":"https:\/\/hghpeptideslab.com\/wp-content\/uploads\/2025\/08\/igf-1-lr31mg.jpg","width":800,"height":800,"caption":"IGF-1 LR3 \u2014 1 mg per vial (HGH Peptides Lab)"},{"@type":"BreadcrumbList","@id":"https:\/\/hghpeptideslab.com\/product\/igf-1-lr3\/#breadcrumb","itemListElement":[{"@type":"ListItem","position":1,"name":"Home","item":"https:\/\/hghpeptideslab.com\/"},{"@type":"ListItem","position":2,"name":"Shop","item":"https:\/\/hghpeptideslab.com\/shop\/"},{"@type":"ListItem","position":3,"name":"IGF-1 LR3 Peptide (Long R3 IGF-1)"}]},{"@type":"WebSite","@id":"https:\/\/hghpeptideslab.com\/#website","url":"https:\/\/hghpeptideslab.com\/","name":"HGH Peptides Lab","description":"Premium Peptides &amp; HGH Obchod","publisher":{"@id":"https:\/\/hghpeptideslab.com\/#organization"},"potentialAction":[{"@type":"SearchAction","target":{"@type":"EntryPoint","urlTemplate":"https:\/\/hghpeptideslab.com\/?s={search_term_string}"},"query-input":{"@type":"PropertyValueSpecification","valueRequired":true,"valueName":"search_term_string"}}],"inLanguage":"cs"},{"@type":"Organization","@id":"https:\/\/hghpeptideslab.com\/#organization","name":"HGH Peptides Lab","url":"https:\/\/hghpeptideslab.com\/cs\/","logo":{"@type":"ImageObject","url":"https:\/\/hghpeptideslab.com\/wp-content\/uploads\/2025\/07\/HGHPEPTIDESLAB-Logo.png"},"image":{"@id":"https:\/\/hghpeptideslab.com\/#\/schema\/logo\/image\/"},"foundingDate":"2010","contactPoint":[{"@type":"ContactPoint","contactType":"customer support","telephone":"+85247559641","email":"CYGGL2025@gmail.com","availableLanguage":["en"]}]}]}},"_links":{"self":[{"href":"https:\/\/hghpeptideslab.com\/cs\/wp-json\/wp\/v2\/product\/9020","targetHints":{"allow":["GET"]}}],"collection":[{"href":"https:\/\/hghpeptideslab.com\/cs\/wp-json\/wp\/v2\/product"}],"about":[{"href":"https:\/\/hghpeptideslab.com\/cs\/wp-json\/wp\/v2\/types\/product"}],"replies":[{"embeddable":true,"href":"https:\/\/hghpeptideslab.com\/cs\/wp-json\/wp\/v2\/comments?post=9020"}],"wp:featuredmedia":[{"embeddable":true,"href":"https:\/\/hghpeptideslab.com\/cs\/wp-json\/wp\/v2\/media\/9017"}],"wp:attachment":[{"href":"https:\/\/hghpeptideslab.com\/cs\/wp-json\/wp\/v2\/media?parent=9020"}],"wp:term":[{"taxonomy":"product_cat","embeddable":true,"href":"https:\/\/hghpeptideslab.com\/cs\/wp-json\/wp\/v2\/product_cat?post=9020"},{"taxonomy":"product_tag","embeddable":true,"href":"https:\/\/hghpeptideslab.com\/cs\/wp-json\/wp\/v2\/product_tag?post=9020"}],"curies":[{"name":"wp","href":"https:\/\/api.w.org\/{rel}","templated":true}]}}