{"id":9056,"date":"2025-08-16T18:34:02","date_gmt":"2025-08-16T18:34:02","guid":{"rendered":"https:\/\/hghpeptideslab.com\/?post_type=product&#038;p=9056"},"modified":"2026-04-13T00:29:54","modified_gmt":"2026-04-13T00:29:54","slug":"selank-peptide","status":"publish","type":"product","link":"https:\/\/hghpeptideslab.com\/cs\/product\/selank-peptide\/","title":{"rendered":"Selank Peptide"},"content":{"rendered":"<h3>P\u0159ehled<\/h3>\n<p>Selank je heptapeptid (analog Tuftsinu), kter\u00fd je hojn\u011b vyu\u017e\u00edv\u00e1n ve v\u00fdzkumu v oblasti<br \/>\nanxiolytickou\/nootropn\u00ed aktivitu, pozn\u00e1v\u00e1n\u00ed, reakci na stres a imunitn\u00ed modulaci.<br \/>\nN\u00e1\u0161 materi\u00e1l je <strong>GMP-vyrobeno<\/strong> peptid farmaceutick\u00e9 kvality s<br \/>\n<strong>99%+ \u010distota<\/strong>. HPLC\/COA je k dispozici na vy\u017e\u00e1d\u00e1n\u00ed.<\/p>\n<h3>Kl\u00ed\u010dov\u00e9 vlastnosti<\/h3>\n<ul>\n<li>Siln\u00e9 str\u00e1nky: <strong>5 mg<\/strong> &amp; <strong>10 mg<\/strong> za vial<\/li>\n<li>Velikost Kit: <strong>10 vials\/sada<\/strong><\/li>\n<li>White lyophilized powder pro flexibiln\u00ed v\u00fdzkumn\u00e9 protokoly<\/li>\n<li>Dokumentace: HPLC chromatogram \/ COA k dispozici na vy\u017e\u00e1d\u00e1n\u00ed<\/li>\n<\/ul>\n<h3>Typick\u00e1 zam\u011b\u0159en\u00ed v\u00fdzkumu<\/h3>\n<ul>\n<li>Nootropn\u00ed a anxiolytick\u00e9 modely: testy pozornosti, pam\u011bti, stresu a n\u00e1lady<\/li>\n<li>Neuropeptidov\u00e9 dr\u00e1hy a neuroplasticita; studie synaptick\u00e9 modulace<\/li>\n<li>Imunomodula\u010dn\u00ed modely souvisej\u00edc\u00ed s analogovou aktivitou Tuftsinu<\/li>\n<li>Wellness \/ kognitivn\u00ed v\u00fdkonnost a r\u00e1mce pro zotaven\u00ed<\/li>\n<li>Kombinovan\u00fd screening s dal\u0161\u00edmi neuroaktivn\u00edmi peptidy v kontrolovan\u00fdch podm\u00ednk\u00e1ch<\/li>\n<\/ul>\n<h3>Skladov\u00e1n\u00ed a stabilita<\/h3>\n<ul>\n<li>Skladujte uzav\u0159en\u00e9 p\u0159i <strong>2-8 \u00b0C<\/strong>, chr\u00e1n\u011bn\u00e9 p\u0159ed sv\u011btlem a vlhkost\u00ed<\/li>\n<li>Rekonstituovan\u00e9 roztoky pou\u017e\u00edvejte neprodlen\u011b za vhodn\u00fdch laboratorn\u00edch podm\u00ednek.<\/li>\n<\/ul>\n<h3>Pozn\u00e1mky<\/h3>\n<ul>\n<li>Vyrobeno v <strong>Kompatibiln\u00ed s GMP<\/strong> za\u0159\u00edzen\u00ed<\/li>\n<li>HPLC\/COA k dispozici na vy\u017e\u00e1d\u00e1n\u00ed<\/li>\n<li>Pouze pro laboratorn\u00ed v\u00fdzkum. V\u00fdrobky nejsou ozna\u010deny pro l\u00e9ka\u0159sk\u00e9 pou\u017eit\u00ed.<\/li>\n<\/ul>","protected":false},"excerpt":{"rendered":"<p><strong>Jm\u00e9no:<\/strong> 99% Purity Selank peptidov\u00fd pr\u00e1\u0161ek<br \/>\n<strong>Funkce:<\/strong> Nootropn\u00ed a anxiolytick\u00fd v\u00fdzkum; kognice, n\u00e1lada a imunitn\u00ed modulace.<br \/>\n<strong>Specifikace:<\/strong> 5 mg a 10 mg na vial; 10 vials\/sada<br \/>\n<strong>CAS:<\/strong> 129954-34-3<br \/>\n<strong>Vzhled:<\/strong> White lyophilized powder<\/p>","protected":false},"featured_media":9050,"comment_status":"open","ping_status":"closed","template":"","meta":[],"product_cat":[59],"product_tag":[164,153,163],"class_list":{"0":"post-9056","1":"product","2":"type-product","3":"status-publish","4":"has-post-thumbnail","6":"product_brand-dp-hghpeptides","7":"product_brand-hgh-peptides-lab","8":"product_cat-nootropic-peptides-anti-aging","9":"product_tag-nootropic-cognitive-focus-peptides","10":"product_tag-selank","11":"product_tag-sleep-stress-support-peptides","13":"first","14":"instock","15":"shipping-taxable","16":"purchasable","17":"product-type-variable","18":"has-default-attributes"},"yoast_head":"<!-- This site is optimized with the Yoast SEO Premium plugin v27.5 (Yoast SEO v27.5) - https:\/\/yoast.com\/product\/yoast-seo-premium-wordpress\/ -->\n<title>Selank Peptide for Calm &amp; Clarity | HGH Peptides Lab \u2013 Pharmaceutical-Grade Quality<\/title>\n<meta name=\"description\" content=\"Order Selank from a China GMP lab\u201499% purity with HPLC\/COA. Factory-direct selling and global shipping for stress relief, mood balance and clear focus.\" \/>\n<meta name=\"robots\" content=\"index, follow, max-snippet:-1, max-image-preview:large, max-video-preview:-1\" \/>\n<link rel=\"canonical\" href=\"https:\/\/hghpeptideslab.com\/cs\/product\/selank-peptide\/\" \/>\n<meta property=\"og:locale\" content=\"cs_CZ\" \/>\n<meta property=\"og:type\" content=\"article\" \/>\n<meta property=\"og:title\" content=\"Selank Peptide\" \/>\n<meta property=\"og:description\" content=\"Order Selank from a China GMP lab\u201499% purity with HPLC\/COA. Factory-direct selling and global shipping for stress relief, mood balance and clear focus.\" \/>\n<meta property=\"og:url\" content=\"https:\/\/hghpeptideslab.com\/cs\/product\/selank-peptide\/\" \/>\n<meta property=\"og:site_name\" content=\"HGH Peptides Lab\" \/>\n<meta property=\"article:modified_time\" content=\"2026-04-13T00:29:54+00:00\" \/>\n<meta property=\"og:image\" content=\"https:\/\/hghpeptideslab.com\/wp-content\/uploads\/2025\/08\/selank5mg.jpg\" \/>\n\t<meta property=\"og:image:width\" content=\"800\" \/>\n\t<meta property=\"og:image:height\" content=\"800\" \/>\n\t<meta property=\"og:image:type\" content=\"image\/jpeg\" \/>\n<meta name=\"twitter:card\" content=\"summary_large_image\" \/>\n<meta name=\"twitter:label1\" content=\"Odhadovan\u00e1 doba \u010dten\u00ed\" \/>\n\t<meta name=\"twitter:data1\" content=\"1 minuta\" \/>\n<script type=\"application\/ld+json\" class=\"yoast-schema-graph\">{\"@context\":\"https:\\\/\\\/schema.org\",\"@graph\":[{\"@type\":\"WebPage\",\"@id\":\"https:\\\/\\\/hghpeptideslab.com\\\/product\\\/selank-peptide\\\/\",\"url\":\"https:\\\/\\\/hghpeptideslab.com\\\/product\\\/selank-peptide\\\/\",\"name\":\"Selank Peptide for Calm & Clarity | HGH Peptides Lab \u2013 Pharmaceutical-Grade Quality\",\"isPartOf\":{\"@id\":\"https:\\\/\\\/hghpeptideslab.com\\\/#website\"},\"primaryImageOfPage\":{\"@id\":\"https:\\\/\\\/hghpeptideslab.com\\\/product\\\/selank-peptide\\\/#primaryimage\"},\"image\":{\"@id\":\"https:\\\/\\\/hghpeptideslab.com\\\/product\\\/selank-peptide\\\/#primaryimage\"},\"thumbnailUrl\":\"https:\\\/\\\/hghpeptideslab.com\\\/wp-content\\\/uploads\\\/2025\\\/08\\\/selank5mg.jpg\",\"datePublished\":\"2025-08-16T18:34:02+00:00\",\"dateModified\":\"2026-04-13T00:29:54+00:00\",\"description\":\"Order Selank from a China GMP lab\u201499% purity with HPLC\\\/COA. Factory-direct selling and global shipping for stress relief, mood balance and clear focus.\",\"breadcrumb\":{\"@id\":\"https:\\\/\\\/hghpeptideslab.com\\\/product\\\/selank-peptide\\\/#breadcrumb\"},\"inLanguage\":\"cs\",\"potentialAction\":[{\"@type\":\"ReadAction\",\"target\":[\"https:\\\/\\\/hghpeptideslab.com\\\/product\\\/selank-peptide\\\/\"]}],\"copyrightNotice\":\"\u00a9 2010\u20132026 HGH Peptides Lab. All Rights Reserved.\"},{\"@type\":\"ImageObject\",\"inLanguage\":\"cs\",\"@id\":\"https:\\\/\\\/hghpeptideslab.com\\\/product\\\/selank-peptide\\\/#primaryimage\",\"url\":\"https:\\\/\\\/hghpeptideslab.com\\\/wp-content\\\/uploads\\\/2025\\\/08\\\/selank5mg.jpg\",\"contentUrl\":\"https:\\\/\\\/hghpeptideslab.com\\\/wp-content\\\/uploads\\\/2025\\\/08\\\/selank5mg.jpg\",\"width\":800,\"height\":800,\"caption\":\"5 mg vial, 99%+ purity, HPLC\\\/COA on request\"},{\"@type\":\"BreadcrumbList\",\"@id\":\"https:\\\/\\\/hghpeptideslab.com\\\/product\\\/selank-peptide\\\/#breadcrumb\",\"itemListElement\":[{\"@type\":\"ListItem\",\"position\":1,\"name\":\"Home\",\"item\":\"https:\\\/\\\/hghpeptideslab.com\\\/\"},{\"@type\":\"ListItem\",\"position\":2,\"name\":\"Shop\",\"item\":\"https:\\\/\\\/hghpeptideslab.com\\\/shop\\\/\"},{\"@type\":\"ListItem\",\"position\":3,\"name\":\"Selank Peptide\"}]},{\"@type\":\"WebSite\",\"@id\":\"https:\\\/\\\/hghpeptideslab.com\\\/#website\",\"url\":\"https:\\\/\\\/hghpeptideslab.com\\\/\",\"name\":\"HGH Peptides Lab\",\"description\":\"Premium Peptides &amp; HGH Shop\",\"publisher\":{\"@id\":\"https:\\\/\\\/hghpeptideslab.com\\\/#organization\"},\"potentialAction\":[{\"@type\":\"SearchAction\",\"target\":{\"@type\":\"EntryPoint\",\"urlTemplate\":\"https:\\\/\\\/hghpeptideslab.com\\\/?s={search_term_string}\"},\"query-input\":{\"@type\":\"PropertyValueSpecification\",\"valueRequired\":true,\"valueName\":\"search_term_string\"}}],\"inLanguage\":\"cs\"},{\"@type\":\"Organization\",\"@id\":\"https:\\\/\\\/hghpeptideslab.com\\\/#organization\",\"name\":\"HGH Peptides Lab\",\"url\":\"https:\\\/\\\/hghpeptideslab.com\\\/cs\\\/\",\"logo\":{\"@type\":\"ImageObject\",\"url\":\"https:\\\/\\\/hghpeptideslab.com\\\/wp-content\\\/uploads\\\/2025\\\/07\\\/HGHPEPTIDESLAB-Logo.png\"},\"image\":{\"@id\":\"https:\\\/\\\/hghpeptideslab.com\\\/#\\\/schema\\\/logo\\\/image\\\/\"},\"foundingDate\":\"2010\",\"contactPoint\":[{\"@type\":\"ContactPoint\",\"contactType\":\"customer support\",\"telephone\":\"+85247559641\",\"email\":\"CYGGL2025@gmail.com\",\"availableLanguage\":[\"en\"]}]}]}<\/script>\n<!-- \/ Yoast SEO Premium plugin. -->","yoast_head_json":{"title":"Selank Peptide pro klid a jasnost | HGH Peptides Lab - farmaceutick\u00e1 kvalita","description":"Objednejte si Selank z \u010d\u00ednsk\u00e9 laborato\u0159e GMP-99% purity s HPLC\/COA. P\u0159\u00edm\u00fd prodej z tov\u00e1rny a celosv\u011btov\u00e1 doprava pro \u00falevu od stresu, vyrovn\u00e1n\u00ed n\u00e1lady a jasn\u00e9 soust\u0159ed\u011bn\u00ed.","robots":{"index":"index","follow":"follow","max-snippet":"max-snippet:-1","max-image-preview":"max-image-preview:large","max-video-preview":"max-video-preview:-1"},"canonical":"https:\/\/hghpeptideslab.com\/cs\/product\/selank-peptide\/","og_locale":"cs_CZ","og_type":"article","og_title":"Selank Peptide","og_description":"Order Selank from a China GMP lab\u201499% purity with HPLC\/COA. Factory-direct selling and global shipping for stress relief, mood balance and clear focus.","og_url":"https:\/\/hghpeptideslab.com\/cs\/product\/selank-peptide\/","og_site_name":"HGH Peptides Lab","article_modified_time":"2026-04-13T00:29:54+00:00","og_image":[{"width":800,"height":800,"url":"https:\/\/hghpeptideslab.com\/wp-content\/uploads\/2025\/08\/selank5mg.jpg","type":"image\/jpeg"}],"twitter_card":"summary_large_image","twitter_misc":{"Odhadovan\u00e1 doba \u010dten\u00ed":"1 minuta"},"schema":{"@context":"https:\/\/schema.org","@graph":[{"@type":"WebPage","@id":"https:\/\/hghpeptideslab.com\/product\/selank-peptide\/","url":"https:\/\/hghpeptideslab.com\/product\/selank-peptide\/","name":"Selank Peptide pro klid a jasnost | HGH Peptides Lab - farmaceutick\u00e1 kvalita","isPartOf":{"@id":"https:\/\/hghpeptideslab.com\/#website"},"primaryImageOfPage":{"@id":"https:\/\/hghpeptideslab.com\/product\/selank-peptide\/#primaryimage"},"image":{"@id":"https:\/\/hghpeptideslab.com\/product\/selank-peptide\/#primaryimage"},"thumbnailUrl":"https:\/\/hghpeptideslab.com\/wp-content\/uploads\/2025\/08\/selank5mg.jpg","datePublished":"2025-08-16T18:34:02+00:00","dateModified":"2026-04-13T00:29:54+00:00","description":"Objednejte si Selank z \u010d\u00ednsk\u00e9 laborato\u0159e GMP-99% purity s HPLC\/COA. P\u0159\u00edm\u00fd prodej z tov\u00e1rny a celosv\u011btov\u00e1 doprava pro \u00falevu od stresu, vyrovn\u00e1n\u00ed n\u00e1lady a jasn\u00e9 soust\u0159ed\u011bn\u00ed.","breadcrumb":{"@id":"https:\/\/hghpeptideslab.com\/product\/selank-peptide\/#breadcrumb"},"inLanguage":"cs","potentialAction":[{"@type":"ReadAction","target":["https:\/\/hghpeptideslab.com\/product\/selank-peptide\/"]}],"copyrightNotice":"\u00a9 2010\u20132026 HGH Peptides Lab. All Rights Reserved."},{"@type":"ImageObject","inLanguage":"cs","@id":"https:\/\/hghpeptideslab.com\/product\/selank-peptide\/#primaryimage","url":"https:\/\/hghpeptideslab.com\/wp-content\/uploads\/2025\/08\/selank5mg.jpg","contentUrl":"https:\/\/hghpeptideslab.com\/wp-content\/uploads\/2025\/08\/selank5mg.jpg","width":800,"height":800,"caption":"5 mg vial, 99%+ purity, HPLC\/COA on request"},{"@type":"BreadcrumbList","@id":"https:\/\/hghpeptideslab.com\/product\/selank-peptide\/#breadcrumb","itemListElement":[{"@type":"ListItem","position":1,"name":"Home","item":"https:\/\/hghpeptideslab.com\/"},{"@type":"ListItem","position":2,"name":"Shop","item":"https:\/\/hghpeptideslab.com\/shop\/"},{"@type":"ListItem","position":3,"name":"Selank Peptide"}]},{"@type":"WebSite","@id":"https:\/\/hghpeptideslab.com\/#website","url":"https:\/\/hghpeptideslab.com\/","name":"HGH Peptides Lab","description":"Premium Peptides &amp; HGH Obchod","publisher":{"@id":"https:\/\/hghpeptideslab.com\/#organization"},"potentialAction":[{"@type":"SearchAction","target":{"@type":"EntryPoint","urlTemplate":"https:\/\/hghpeptideslab.com\/?s={search_term_string}"},"query-input":{"@type":"PropertyValueSpecification","valueRequired":true,"valueName":"search_term_string"}}],"inLanguage":"cs"},{"@type":"Organization","@id":"https:\/\/hghpeptideslab.com\/#organization","name":"HGH Peptides Lab","url":"https:\/\/hghpeptideslab.com\/cs\/","logo":{"@type":"ImageObject","url":"https:\/\/hghpeptideslab.com\/wp-content\/uploads\/2025\/07\/HGHPEPTIDESLAB-Logo.png"},"image":{"@id":"https:\/\/hghpeptideslab.com\/#\/schema\/logo\/image\/"},"foundingDate":"2010","contactPoint":[{"@type":"ContactPoint","contactType":"customer support","telephone":"+85247559641","email":"CYGGL2025@gmail.com","availableLanguage":["en"]}]}]}},"_links":{"self":[{"href":"https:\/\/hghpeptideslab.com\/cs\/wp-json\/wp\/v2\/product\/9056","targetHints":{"allow":["GET"]}}],"collection":[{"href":"https:\/\/hghpeptideslab.com\/cs\/wp-json\/wp\/v2\/product"}],"about":[{"href":"https:\/\/hghpeptideslab.com\/cs\/wp-json\/wp\/v2\/types\/product"}],"replies":[{"embeddable":true,"href":"https:\/\/hghpeptideslab.com\/cs\/wp-json\/wp\/v2\/comments?post=9056"}],"wp:featuredmedia":[{"embeddable":true,"href":"https:\/\/hghpeptideslab.com\/cs\/wp-json\/wp\/v2\/media\/9050"}],"wp:attachment":[{"href":"https:\/\/hghpeptideslab.com\/cs\/wp-json\/wp\/v2\/media?parent=9056"}],"wp:term":[{"taxonomy":"product_cat","embeddable":true,"href":"https:\/\/hghpeptideslab.com\/cs\/wp-json\/wp\/v2\/product_cat?post=9056"},{"taxonomy":"product_tag","embeddable":true,"href":"https:\/\/hghpeptideslab.com\/cs\/wp-json\/wp\/v2\/product_tag?post=9056"}],"curies":[{"name":"wp","href":"https:\/\/api.w.org\/{rel}","templated":true}]}}