{"id":9089,"date":"2025-08-16T20:10:56","date_gmt":"2025-08-16T20:10:56","guid":{"rendered":"https:\/\/hghpeptideslab.com\/?post_type=product&#038;p=9089"},"modified":"2025-10-22T18:54:31","modified_gmt":"2025-10-22T18:54:31","slug":"hcg-2000iu-5000iu","status":"publish","type":"product","link":"https:\/\/hghpeptideslab.com\/cs\/product\/hcg-2000iu-5000iu\/","title":{"rendered":"HCG (lidsk\u00fd choriov\u00fd gonadotropin)"},"content":{"rendered":"<h3>P\u0159ehled<\/h3>\n<p>Lidsk\u00fd choriov\u00fd gonadotropin (HCG) je glykoproteinov\u00fd hormon, kter\u00fd se b\u011b\u017en\u011b uv\u00e1d\u00ed v literatu\u0159e.<br \/>\nv\u00fdzkum endokrinn\u00ed a LH-receptorov\u00e9 signalizace. N\u00e1\u0161 materi\u00e1l je<br \/>\n<strong>GMP-vyrobeno<\/strong> farmaceutick\u00e9 kvality s <strong>99%+ \u010distota<\/strong>.<br \/>\nDokumentace k HPLC\/COA je k dispozici na vy\u017e\u00e1d\u00e1n\u00ed.<\/p>\n<h3>Kl\u00ed\u010dov\u00e9 vlastnosti<\/h3>\n<ul>\n<li>Siln\u00e9 str\u00e1nky: <strong>2000 IU<\/strong> &amp; <strong>5000 IU<\/strong> za vial<\/li>\n<li>Velikost Kit: <strong>10 vials\/sada<\/strong><\/li>\n<li>Konzistentn\u00ed kvalita \u0161ar\u017e\u00ed pro reprodukovateln\u00fd v\u00fdzkum<\/li>\n<li>Dokumentace: HPLC chromatogram \/ COA k dispozici na vy\u017e\u00e1d\u00e1n\u00ed<\/li>\n<\/ul>\n<h3>Typick\u00e1 zam\u011b\u0159en\u00ed v\u00fdzkumu<\/h3>\n<ul>\n<li>Aktivace LH-receptoru a modely navazuj\u00edc\u00ed signalizace<\/li>\n<li>R\u00e1mce pro dotazov\u00e1n\u00ed endokrinn\u00edch drah<\/li>\n<li>Vazba na receptory in vitro a profilov\u00e1n\u00ed z\u00e1vislosti na d\u00e1vce<\/li>\n<\/ul>\n<h3>Skladov\u00e1n\u00ed a stabilita<\/h3>\n<ul>\n<li>Skladujte uzav\u0159en\u00e9 p\u0159i <strong>2-8 \u00b0C<\/strong>, chr\u00e1n\u011bn\u00e9 p\u0159ed sv\u011btlem a vlhkost\u00ed<\/li>\n<li>Rekonstituovan\u00e9 roztoky pou\u017e\u00edvejte neprodlen\u011b za vhodn\u00fdch laboratorn\u00edch podm\u00ednek.<\/li>\n<\/ul>\n<h3>Pozn\u00e1mky<\/h3>\n<ul>\n<li>Vyrobeno v <strong>Kompatibiln\u00ed s GMP<\/strong> za\u0159\u00edzen\u00ed<\/li>\n<li>HPLC\/COA k dispozici na vy\u017e\u00e1d\u00e1n\u00ed<\/li>\n<li>Pouze pro laboratorn\u00ed v\u00fdzkum. V\u00fdrobky nejsou ozna\u010deny pro l\u00e9ka\u0159sk\u00e9 pou\u017eit\u00ed.<\/li>\n<\/ul>","protected":false},"excerpt":{"rendered":"<p><strong>Jm\u00e9no:<\/strong> 99% Purity HCG lyophilized powder<br \/>\n<strong>Funkce:<\/strong> V\u00fdzkum endokrinn\u00ed a LH-mimetick\u00e9 signalizace<br \/>\n<strong>Specifikace:<\/strong> 2000 IU a 5000 IU na vial; 10 vials\/sada<br \/>\n<strong>CAS:<\/strong> 9002-61-3<br \/>\n<strong>Vzhled:<\/strong> White lyophilized powder<\/p>","protected":false},"featured_media":9086,"comment_status":"open","ping_status":"closed","template":"","meta":[],"product_cat":[60],"product_tag":[162,133,167],"class_list":{"0":"post-9089","1":"product","2":"type-product","3":"status-publish","4":"has-post-thumbnail","6":"product_brand-dp-hghpeptides","7":"product_brand-hgh-peptides-lab","8":"product_cat-specialty-peptides","9":"product_tag-anti-aging-longevity-peptides","10":"product_tag-hcg","11":"product_tag-overall-wellness-peptides","13":"first","14":"instock","15":"featured","16":"shipping-taxable","17":"purchasable","18":"product-type-variable","19":"has-default-attributes"},"yoast_head":"<!-- This site is optimized with the Yoast SEO Premium plugin v27.3 (Yoast SEO v27.3) - https:\/\/yoast.com\/product\/yoast-seo-premium-wordpress\/ -->\n<title>HCG Peptide (Human Chorionic Gonadotropin) | HGH Peptides Lab \u2013 Trusted Supplier<\/title>\n<meta name=\"description\" content=\"Buy HCG from a China-based GMP lab. 99% purity and HPLC\/COA on request. Factory-direct selling with quick worldwide delivery for fertility and PCT support research.\" \/>\n<meta name=\"robots\" content=\"index, follow, max-snippet:-1, max-image-preview:large, max-video-preview:-1\" \/>\n<link rel=\"canonical\" href=\"https:\/\/hghpeptideslab.com\/cs\/product\/hcg-2000iu-5000iu\/\" \/>\n<meta property=\"og:locale\" content=\"cs_CZ\" \/>\n<meta property=\"og:type\" content=\"article\" \/>\n<meta property=\"og:title\" content=\"HCG (Human Chorionic Gonadotropin)\" \/>\n<meta property=\"og:description\" content=\"Buy HCG from a China-based GMP lab. 99% purity and HPLC\/COA on request. Factory-direct selling with quick worldwide delivery for fertility and PCT support research.\" \/>\n<meta property=\"og:url\" content=\"https:\/\/hghpeptideslab.com\/cs\/product\/hcg-2000iu-5000iu\/\" \/>\n<meta property=\"og:site_name\" content=\"HGH Peptides Lab\" \/>\n<meta property=\"article:modified_time\" content=\"2025-10-22T18:54:31+00:00\" \/>\n<meta property=\"og:image\" content=\"https:\/\/hghpeptideslab.com\/wp-content\/uploads\/2025\/08\/hcg5000iu.jpg\" \/>\n\t<meta property=\"og:image:width\" content=\"800\" \/>\n\t<meta property=\"og:image:height\" content=\"800\" \/>\n\t<meta property=\"og:image:type\" content=\"image\/jpeg\" \/>\n<meta name=\"twitter:card\" content=\"summary_large_image\" \/>\n<meta name=\"twitter:label1\" content=\"Odhadovan\u00e1 doba \u010dten\u00ed\" \/>\n\t<meta name=\"twitter:data1\" content=\"1 minuta\" \/>\n<script type=\"application\/ld+json\" class=\"yoast-schema-graph\">{\"@context\":\"https:\\\/\\\/schema.org\",\"@graph\":[{\"@type\":\"WebPage\",\"@id\":\"https:\\\/\\\/hghpeptideslab.com\\\/product\\\/hcg-2000iu-5000iu\\\/\",\"url\":\"https:\\\/\\\/hghpeptideslab.com\\\/product\\\/hcg-2000iu-5000iu\\\/\",\"name\":\"HCG Peptide (Human Chorionic Gonadotropin) | HGH Peptides Lab \u2013 Trusted Supplier\",\"isPartOf\":{\"@id\":\"https:\\\/\\\/hghpeptideslab.com\\\/#website\"},\"primaryImageOfPage\":{\"@id\":\"https:\\\/\\\/hghpeptideslab.com\\\/product\\\/hcg-2000iu-5000iu\\\/#primaryimage\"},\"image\":{\"@id\":\"https:\\\/\\\/hghpeptideslab.com\\\/product\\\/hcg-2000iu-5000iu\\\/#primaryimage\"},\"thumbnailUrl\":\"https:\\\/\\\/hghpeptideslab.com\\\/wp-content\\\/uploads\\\/2025\\\/08\\\/hcg5000iu.jpg\",\"datePublished\":\"2025-08-16T20:10:56+00:00\",\"dateModified\":\"2025-10-22T18:54:31+00:00\",\"description\":\"Buy HCG from a China-based GMP lab. 99% purity and HPLC\\\/COA on request. Factory-direct selling with quick worldwide delivery for fertility and PCT support research.\",\"breadcrumb\":{\"@id\":\"https:\\\/\\\/hghpeptideslab.com\\\/product\\\/hcg-2000iu-5000iu\\\/#breadcrumb\"},\"inLanguage\":\"cs\",\"potentialAction\":[{\"@type\":\"ReadAction\",\"target\":[\"https:\\\/\\\/hghpeptideslab.com\\\/product\\\/hcg-2000iu-5000iu\\\/\"]}],\"copyrightNotice\":\"\u00a9 2010\u20132026 HGH Peptides Lab. All Rights Reserved.\"},{\"@type\":\"ImageObject\",\"inLanguage\":\"cs\",\"@id\":\"https:\\\/\\\/hghpeptideslab.com\\\/product\\\/hcg-2000iu-5000iu\\\/#primaryimage\",\"url\":\"https:\\\/\\\/hghpeptideslab.com\\\/wp-content\\\/uploads\\\/2025\\\/08\\\/hcg5000iu.jpg\",\"contentUrl\":\"https:\\\/\\\/hghpeptideslab.com\\\/wp-content\\\/uploads\\\/2025\\\/08\\\/hcg5000iu.jpg\",\"width\":800,\"height\":800,\"caption\":\"5000 IU HCG lyophilized powder (research use only)\"},{\"@type\":\"BreadcrumbList\",\"@id\":\"https:\\\/\\\/hghpeptideslab.com\\\/product\\\/hcg-2000iu-5000iu\\\/#breadcrumb\",\"itemListElement\":[{\"@type\":\"ListItem\",\"position\":1,\"name\":\"Home\",\"item\":\"https:\\\/\\\/hghpeptideslab.com\\\/\"},{\"@type\":\"ListItem\",\"position\":2,\"name\":\"Shop\",\"item\":\"https:\\\/\\\/hghpeptideslab.com\\\/shop\\\/\"},{\"@type\":\"ListItem\",\"position\":3,\"name\":\"HCG (Human Chorionic Gonadotropin)\"}]},{\"@type\":\"WebSite\",\"@id\":\"https:\\\/\\\/hghpeptideslab.com\\\/#website\",\"url\":\"https:\\\/\\\/hghpeptideslab.com\\\/\",\"name\":\"HGH Peptides Lab\",\"description\":\"Premium Peptides &amp; HGH Shop\",\"publisher\":{\"@id\":\"https:\\\/\\\/hghpeptideslab.com\\\/#organization\"},\"potentialAction\":[{\"@type\":\"SearchAction\",\"target\":{\"@type\":\"EntryPoint\",\"urlTemplate\":\"https:\\\/\\\/hghpeptideslab.com\\\/?s={search_term_string}\"},\"query-input\":{\"@type\":\"PropertyValueSpecification\",\"valueRequired\":true,\"valueName\":\"search_term_string\"}}],\"inLanguage\":\"cs\"},{\"@type\":\"Organization\",\"@id\":\"https:\\\/\\\/hghpeptideslab.com\\\/#organization\",\"name\":\"HGH Peptides Lab\",\"url\":\"https:\\\/\\\/hghpeptideslab.com\\\/cs\\\/\",\"logo\":{\"@type\":\"ImageObject\",\"url\":\"https:\\\/\\\/hghpeptideslab.com\\\/wp-content\\\/uploads\\\/2025\\\/07\\\/HGHPEPTIDESLAB-Logo.png\"},\"image\":{\"@id\":\"https:\\\/\\\/hghpeptideslab.com\\\/#\\\/schema\\\/logo\\\/image\\\/\"},\"foundingDate\":\"2010\",\"contactPoint\":[{\"@type\":\"ContactPoint\",\"contactType\":\"customer support\",\"telephone\":\"+85247559641\",\"email\":\"CYGGL2025@gmail.com\",\"availableLanguage\":[\"en\"]}]}]}<\/script>\n<!-- \/ Yoast SEO Premium plugin. -->","yoast_head_json":{"title":"HCG Peptide (Lidsk\u00fd choriov\u00fd gonadotropin) | HGH Peptides Lab - D\u016fv\u011bryhodn\u00fd dodavatel","description":"Kupte si HCG z laborato\u0159e GMP se s\u00eddlem v \u010c\u00edn\u011b. 99% purity a HPLC\/COA na vy\u017e\u00e1d\u00e1n\u00ed. P\u0159\u00edm\u00fd prodej z tov\u00e1rny s rychl\u00fdm dod\u00e1n\u00edm po cel\u00e9m sv\u011bt\u011b pro v\u00fdzkum plodnosti a podporu PCT.","robots":{"index":"index","follow":"follow","max-snippet":"max-snippet:-1","max-image-preview":"max-image-preview:large","max-video-preview":"max-video-preview:-1"},"canonical":"https:\/\/hghpeptideslab.com\/cs\/product\/hcg-2000iu-5000iu\/","og_locale":"cs_CZ","og_type":"article","og_title":"HCG (Human Chorionic Gonadotropin)","og_description":"Buy HCG from a China-based GMP lab. 99% purity and HPLC\/COA on request. Factory-direct selling with quick worldwide delivery for fertility and PCT support research.","og_url":"https:\/\/hghpeptideslab.com\/cs\/product\/hcg-2000iu-5000iu\/","og_site_name":"HGH Peptides Lab","article_modified_time":"2025-10-22T18:54:31+00:00","og_image":[{"width":800,"height":800,"url":"https:\/\/hghpeptideslab.com\/wp-content\/uploads\/2025\/08\/hcg5000iu.jpg","type":"image\/jpeg"}],"twitter_card":"summary_large_image","twitter_misc":{"Odhadovan\u00e1 doba \u010dten\u00ed":"1 minuta"},"schema":{"@context":"https:\/\/schema.org","@graph":[{"@type":"WebPage","@id":"https:\/\/hghpeptideslab.com\/product\/hcg-2000iu-5000iu\/","url":"https:\/\/hghpeptideslab.com\/product\/hcg-2000iu-5000iu\/","name":"HCG Peptide (Lidsk\u00fd choriov\u00fd gonadotropin) | HGH Peptides Lab - D\u016fv\u011bryhodn\u00fd dodavatel","isPartOf":{"@id":"https:\/\/hghpeptideslab.com\/#website"},"primaryImageOfPage":{"@id":"https:\/\/hghpeptideslab.com\/product\/hcg-2000iu-5000iu\/#primaryimage"},"image":{"@id":"https:\/\/hghpeptideslab.com\/product\/hcg-2000iu-5000iu\/#primaryimage"},"thumbnailUrl":"https:\/\/hghpeptideslab.com\/wp-content\/uploads\/2025\/08\/hcg5000iu.jpg","datePublished":"2025-08-16T20:10:56+00:00","dateModified":"2025-10-22T18:54:31+00:00","description":"Kupte si HCG z laborato\u0159e GMP se s\u00eddlem v \u010c\u00edn\u011b. 99% purity a HPLC\/COA na vy\u017e\u00e1d\u00e1n\u00ed. P\u0159\u00edm\u00fd prodej z tov\u00e1rny s rychl\u00fdm dod\u00e1n\u00edm po cel\u00e9m sv\u011bt\u011b pro v\u00fdzkum plodnosti a podporu PCT.","breadcrumb":{"@id":"https:\/\/hghpeptideslab.com\/product\/hcg-2000iu-5000iu\/#breadcrumb"},"inLanguage":"cs","potentialAction":[{"@type":"ReadAction","target":["https:\/\/hghpeptideslab.com\/product\/hcg-2000iu-5000iu\/"]}],"copyrightNotice":"\u00a9 2010\u20132026 HGH Peptides Lab. All Rights Reserved."},{"@type":"ImageObject","inLanguage":"cs","@id":"https:\/\/hghpeptideslab.com\/product\/hcg-2000iu-5000iu\/#primaryimage","url":"https:\/\/hghpeptideslab.com\/wp-content\/uploads\/2025\/08\/hcg5000iu.jpg","contentUrl":"https:\/\/hghpeptideslab.com\/wp-content\/uploads\/2025\/08\/hcg5000iu.jpg","width":800,"height":800,"caption":"5000 IU HCG lyophilized powder (research use only)"},{"@type":"BreadcrumbList","@id":"https:\/\/hghpeptideslab.com\/product\/hcg-2000iu-5000iu\/#breadcrumb","itemListElement":[{"@type":"ListItem","position":1,"name":"Home","item":"https:\/\/hghpeptideslab.com\/"},{"@type":"ListItem","position":2,"name":"Shop","item":"https:\/\/hghpeptideslab.com\/shop\/"},{"@type":"ListItem","position":3,"name":"HCG (Human Chorionic Gonadotropin)"}]},{"@type":"WebSite","@id":"https:\/\/hghpeptideslab.com\/#website","url":"https:\/\/hghpeptideslab.com\/","name":"HGH Peptides Lab","description":"Premium Peptides &amp; HGH Obchod","publisher":{"@id":"https:\/\/hghpeptideslab.com\/#organization"},"potentialAction":[{"@type":"SearchAction","target":{"@type":"EntryPoint","urlTemplate":"https:\/\/hghpeptideslab.com\/?s={search_term_string}"},"query-input":{"@type":"PropertyValueSpecification","valueRequired":true,"valueName":"search_term_string"}}],"inLanguage":"cs"},{"@type":"Organization","@id":"https:\/\/hghpeptideslab.com\/#organization","name":"HGH Peptides Lab","url":"https:\/\/hghpeptideslab.com\/cs\/","logo":{"@type":"ImageObject","url":"https:\/\/hghpeptideslab.com\/wp-content\/uploads\/2025\/07\/HGHPEPTIDESLAB-Logo.png"},"image":{"@id":"https:\/\/hghpeptideslab.com\/#\/schema\/logo\/image\/"},"foundingDate":"2010","contactPoint":[{"@type":"ContactPoint","contactType":"customer support","telephone":"+85247559641","email":"CYGGL2025@gmail.com","availableLanguage":["en"]}]}]}},"_links":{"self":[{"href":"https:\/\/hghpeptideslab.com\/cs\/wp-json\/wp\/v2\/product\/9089","targetHints":{"allow":["GET"]}}],"collection":[{"href":"https:\/\/hghpeptideslab.com\/cs\/wp-json\/wp\/v2\/product"}],"about":[{"href":"https:\/\/hghpeptideslab.com\/cs\/wp-json\/wp\/v2\/types\/product"}],"replies":[{"embeddable":true,"href":"https:\/\/hghpeptideslab.com\/cs\/wp-json\/wp\/v2\/comments?post=9089"}],"wp:featuredmedia":[{"embeddable":true,"href":"https:\/\/hghpeptideslab.com\/cs\/wp-json\/wp\/v2\/media\/9086"}],"wp:attachment":[{"href":"https:\/\/hghpeptideslab.com\/cs\/wp-json\/wp\/v2\/media?parent=9089"}],"wp:term":[{"taxonomy":"product_cat","embeddable":true,"href":"https:\/\/hghpeptideslab.com\/cs\/wp-json\/wp\/v2\/product_cat?post=9089"},{"taxonomy":"product_tag","embeddable":true,"href":"https:\/\/hghpeptideslab.com\/cs\/wp-json\/wp\/v2\/product_tag?post=9089"}],"curies":[{"name":"wp","href":"https:\/\/api.w.org\/{rel}","templated":true}]}}