{"id":9109,"date":"2025-08-16T21:18:14","date_gmt":"2025-08-16T21:18:14","guid":{"rendered":"https:\/\/hghpeptideslab.com\/?post_type=product&#038;p=9109"},"modified":"2025-10-22T20:31:19","modified_gmt":"2025-10-22T20:31:19","slug":"mots-c","status":"publish","type":"product","link":"https:\/\/hghpeptideslab.com\/cs\/product\/mots-c\/","title":{"rendered":"MOTS-C Peptide"},"content":{"rendered":"<h3>P\u0159ehled<\/h3>\n<p>MOTS-C je peptid odvozen\u00fd z mitochondri\u00ed, na kter\u00fd se \u0161iroce odkazuje ve studi\u00edch metabolick\u00e9 homeost\u00e1zy,<br \/>\nadaptace na stres a citlivost na inzul\u00edn. N\u00e1\u0161 materi\u00e1l je <strong>GMP-vyrobeno<\/strong><br \/>\nfarmaceutick\u00e9 kvality s <strong>99%+ \u010distota<\/strong>. Dokumentace k HPLC\/COA je k dispozici na vy\u017e\u00e1d\u00e1n\u00ed.<\/p>\n<h3>Kl\u00ed\u010dov\u00e9 vlastnosti<\/h3>\n<ul>\n<li>Siln\u00e9 str\u00e1nky: <strong>5 mg<\/strong> &amp; <strong>10 mg<\/strong> za vial<\/li>\n<li>Velikost Kit: <strong>10 vials\/sada<\/strong><\/li>\n<li>Konzistentn\u00ed kvalita \u0161ar\u017e\u00ed pro reprodukovateln\u00e9 mitochondri\u00e1ln\u00ed a metabolick\u00e9 studie<\/li>\n<li>Dokumentace: HPLC chromatogram \/ COA k dispozici na vy\u017e\u00e1d\u00e1n\u00ed<\/li>\n<\/ul>\n<h3>Typick\u00e1 zam\u011b\u0159en\u00ed v\u00fdzkumu<\/h3>\n<ul>\n<li>Mitochondri\u00e1ln\u00ed signalizace a modely reakce na bun\u011b\u010dn\u00fd stres<\/li>\n<li>Dr\u00e1hy manipulace s gluk\u00f3zou a citlivost na inzul\u00edn<\/li>\n<li>Metabolick\u00e1 rychlost, adipozita a r\u00e1mce energetick\u00e9 bilance<\/li>\n<li>Mechanismy zdrav\u00e9ho st\u00e1rnut\u00ed a dlouhov\u011bkosti<\/li>\n<\/ul>\n<h3>Skladov\u00e1n\u00ed a stabilita<\/h3>\n<ul>\n<li>Skladujte uzav\u0159en\u00e9 p\u0159i <strong>2-8 \u00b0C<\/strong>, chr\u00e1n\u011bn\u00e9 p\u0159ed sv\u011btlem a vlhkost\u00ed<\/li>\n<li>Rekonstituovan\u00e9 roztoky pou\u017e\u00edvejte neprodlen\u011b za vhodn\u00fdch laboratorn\u00edch podm\u00ednek.<\/li>\n<\/ul>\n<h3>Pozn\u00e1mky<\/h3>\n<ul>\n<li>Vyrobeno v <strong>Kompatibiln\u00ed s GMP<\/strong> za\u0159\u00edzen\u00ed<\/li>\n<li>HPLC\/COA k dispozici na vy\u017e\u00e1d\u00e1n\u00ed<\/li>\n<li>Pouze pro laboratorn\u00ed v\u00fdzkum. V\u00fdrobky nejsou ozna\u010deny pro l\u00e9ka\u0159sk\u00e9 pou\u017eit\u00ed.<\/li>\n<\/ul>","protected":false},"excerpt":{"rendered":"<p><strong>Jm\u00e9no:<\/strong> 99% Purity MOTS-C peptidov\u00fd pr\u00e1\u0161ek<br \/>\n<strong>Funkce:<\/strong> Mitochondri\u00e1ln\u00ed signalizace; v\u00fdzkum metabolick\u00e9 homeost\u00e1zy a citlivosti na inzul\u00edn<br \/>\n<strong>Specifikace:<\/strong> 5 mg a 10 mg na vial; 10 vials\/sada<br \/>\n<strong>CAS:<\/strong> 1387871-81-7<br \/>\n<strong>Vzhled:<\/strong> White lyophilized powder<\/p>","protected":false},"featured_media":9106,"comment_status":"open","ping_status":"closed","template":"","meta":[],"product_cat":[59,46],"product_tag":[162,161,129],"class_list":{"0":"post-9109","1":"product","2":"type-product","3":"status-publish","4":"has-post-thumbnail","6":"product_brand-dp-hghpeptides","7":"product_brand-hgh-peptides-lab","8":"product_cat-nootropic-peptides-anti-aging","9":"product_cat-peptides-for-weight-loss","10":"product_tag-anti-aging-longevity-peptides","11":"product_tag-fat-loss-metabolism-peptides","12":"product_tag-mots-c","14":"first","15":"instock","16":"featured","17":"shipping-taxable","18":"purchasable","19":"product-type-variable","20":"has-default-attributes"},"yoast_head":"<!-- This site is optimized with the Yoast SEO Premium plugin v27.5 (Yoast SEO v27.5) - https:\/\/yoast.com\/product\/yoast-seo-premium-wordpress\/ -->\n<title>MOTS-C Peptide for Energy &amp; Metabolic Support | HGH Peptides Lab \u2013 GMP-Manufactured<\/title>\n<meta name=\"description\" content=\"Buy MOTS-C from a China-based GMP lab. 99% purity with HPLC\/COA, factory-direct selling and worldwide shipping for mitochondrial energy and metabolic support.\" \/>\n<meta name=\"robots\" content=\"index, follow, max-snippet:-1, max-image-preview:large, max-video-preview:-1\" \/>\n<link rel=\"canonical\" href=\"https:\/\/hghpeptideslab.com\/cs\/product\/mots-c\/\" \/>\n<meta property=\"og:locale\" content=\"cs_CZ\" \/>\n<meta property=\"og:type\" content=\"article\" \/>\n<meta property=\"og:title\" content=\"MOTS-C Peptide\" \/>\n<meta property=\"og:description\" content=\"Buy MOTS-C from a China-based GMP lab. 99% purity with HPLC\/COA, factory-direct selling and worldwide shipping for mitochondrial energy and metabolic support.\" \/>\n<meta property=\"og:url\" content=\"https:\/\/hghpeptideslab.com\/cs\/product\/mots-c\/\" \/>\n<meta property=\"og:site_name\" content=\"HGH Peptides Lab\" \/>\n<meta property=\"article:modified_time\" content=\"2025-10-22T20:31:19+00:00\" \/>\n<meta property=\"og:image\" content=\"https:\/\/hghpeptideslab.com\/wp-content\/uploads\/2025\/08\/mots-c10mg.jpg\" \/>\n\t<meta property=\"og:image:width\" content=\"800\" \/>\n\t<meta property=\"og:image:height\" content=\"800\" \/>\n\t<meta property=\"og:image:type\" content=\"image\/jpeg\" \/>\n<meta name=\"twitter:card\" content=\"summary_large_image\" \/>\n<meta name=\"twitter:label1\" content=\"Odhadovan\u00e1 doba \u010dten\u00ed\" \/>\n\t<meta name=\"twitter:data1\" content=\"1 minuta\" \/>\n<script type=\"application\/ld+json\" class=\"yoast-schema-graph\">{\"@context\":\"https:\\\/\\\/schema.org\",\"@graph\":[{\"@type\":\"WebPage\",\"@id\":\"https:\\\/\\\/hghpeptideslab.com\\\/product\\\/mots-c\\\/\",\"url\":\"https:\\\/\\\/hghpeptideslab.com\\\/product\\\/mots-c\\\/\",\"name\":\"MOTS-C Peptide for Energy & Metabolic Support | HGH Peptides Lab \u2013 GMP-Manufactured\",\"isPartOf\":{\"@id\":\"https:\\\/\\\/hghpeptideslab.com\\\/#website\"},\"primaryImageOfPage\":{\"@id\":\"https:\\\/\\\/hghpeptideslab.com\\\/product\\\/mots-c\\\/#primaryimage\"},\"image\":{\"@id\":\"https:\\\/\\\/hghpeptideslab.com\\\/product\\\/mots-c\\\/#primaryimage\"},\"thumbnailUrl\":\"https:\\\/\\\/hghpeptideslab.com\\\/wp-content\\\/uploads\\\/2025\\\/08\\\/mots-c10mg.jpg\",\"datePublished\":\"2025-08-16T21:18:14+00:00\",\"dateModified\":\"2025-10-22T20:31:19+00:00\",\"description\":\"Buy MOTS-C from a China-based GMP lab. 99% purity with HPLC\\\/COA, factory-direct selling and worldwide shipping for mitochondrial energy and metabolic support.\",\"breadcrumb\":{\"@id\":\"https:\\\/\\\/hghpeptideslab.com\\\/product\\\/mots-c\\\/#breadcrumb\"},\"inLanguage\":\"cs\",\"potentialAction\":[{\"@type\":\"ReadAction\",\"target\":[\"https:\\\/\\\/hghpeptideslab.com\\\/product\\\/mots-c\\\/\"]}],\"copyrightNotice\":\"\u00a9 2010\u20132026 HGH Peptides Lab. All Rights Reserved.\"},{\"@type\":\"ImageObject\",\"inLanguage\":\"cs\",\"@id\":\"https:\\\/\\\/hghpeptideslab.com\\\/product\\\/mots-c\\\/#primaryimage\",\"url\":\"https:\\\/\\\/hghpeptideslab.com\\\/wp-content\\\/uploads\\\/2025\\\/08\\\/mots-c10mg.jpg\",\"contentUrl\":\"https:\\\/\\\/hghpeptideslab.com\\\/wp-content\\\/uploads\\\/2025\\\/08\\\/mots-c10mg.jpg\",\"width\":800,\"height\":800,\"caption\":\"10mg MOTS-C lyophilized powder (research use only)\"},{\"@type\":\"BreadcrumbList\",\"@id\":\"https:\\\/\\\/hghpeptideslab.com\\\/product\\\/mots-c\\\/#breadcrumb\",\"itemListElement\":[{\"@type\":\"ListItem\",\"position\":1,\"name\":\"Home\",\"item\":\"https:\\\/\\\/hghpeptideslab.com\\\/\"},{\"@type\":\"ListItem\",\"position\":2,\"name\":\"Shop\",\"item\":\"https:\\\/\\\/hghpeptideslab.com\\\/shop\\\/\"},{\"@type\":\"ListItem\",\"position\":3,\"name\":\"MOTS-C Peptide\"}]},{\"@type\":\"WebSite\",\"@id\":\"https:\\\/\\\/hghpeptideslab.com\\\/#website\",\"url\":\"https:\\\/\\\/hghpeptideslab.com\\\/\",\"name\":\"HGH Peptides Lab\",\"description\":\"Premium Peptides &amp; HGH Shop\",\"publisher\":{\"@id\":\"https:\\\/\\\/hghpeptideslab.com\\\/#organization\"},\"potentialAction\":[{\"@type\":\"SearchAction\",\"target\":{\"@type\":\"EntryPoint\",\"urlTemplate\":\"https:\\\/\\\/hghpeptideslab.com\\\/?s={search_term_string}\"},\"query-input\":{\"@type\":\"PropertyValueSpecification\",\"valueRequired\":true,\"valueName\":\"search_term_string\"}}],\"inLanguage\":\"cs\"},{\"@type\":\"Organization\",\"@id\":\"https:\\\/\\\/hghpeptideslab.com\\\/#organization\",\"name\":\"HGH Peptides Lab\",\"url\":\"https:\\\/\\\/hghpeptideslab.com\\\/cs\\\/\",\"logo\":{\"@type\":\"ImageObject\",\"url\":\"https:\\\/\\\/hghpeptideslab.com\\\/wp-content\\\/uploads\\\/2025\\\/07\\\/HGHPEPTIDESLAB-Logo.png\"},\"image\":{\"@id\":\"https:\\\/\\\/hghpeptideslab.com\\\/#\\\/schema\\\/logo\\\/image\\\/\"},\"foundingDate\":\"2010\",\"contactPoint\":[{\"@type\":\"ContactPoint\",\"contactType\":\"customer support\",\"telephone\":\"+85247559641\",\"email\":\"CYGGL2025@gmail.com\",\"availableLanguage\":[\"en\"]}]}]}<\/script>\n<!-- \/ Yoast SEO Premium plugin. -->","yoast_head_json":{"title":"MOTS-C Peptide pro podporu energie a metabolismu | HGH Peptides Lab - GMP-vyrobeno","description":"Kupte si MOTS-C z laborato\u0159e GMP se s\u00eddlem v \u010c\u00edn\u011b. 99% purity s HPLC\/COA, prodej p\u0159\u00edmo z v\u00fdroby a celosv\u011btov\u00e1 doprava pro podporu mitochondri\u00e1ln\u00ed energie a metabolismu.","robots":{"index":"index","follow":"follow","max-snippet":"max-snippet:-1","max-image-preview":"max-image-preview:large","max-video-preview":"max-video-preview:-1"},"canonical":"https:\/\/hghpeptideslab.com\/cs\/product\/mots-c\/","og_locale":"cs_CZ","og_type":"article","og_title":"MOTS-C Peptide","og_description":"Buy MOTS-C from a China-based GMP lab. 99% purity with HPLC\/COA, factory-direct selling and worldwide shipping for mitochondrial energy and metabolic support.","og_url":"https:\/\/hghpeptideslab.com\/cs\/product\/mots-c\/","og_site_name":"HGH Peptides Lab","article_modified_time":"2025-10-22T20:31:19+00:00","og_image":[{"width":800,"height":800,"url":"https:\/\/hghpeptideslab.com\/wp-content\/uploads\/2025\/08\/mots-c10mg.jpg","type":"image\/jpeg"}],"twitter_card":"summary_large_image","twitter_misc":{"Odhadovan\u00e1 doba \u010dten\u00ed":"1 minuta"},"schema":{"@context":"https:\/\/schema.org","@graph":[{"@type":"WebPage","@id":"https:\/\/hghpeptideslab.com\/product\/mots-c\/","url":"https:\/\/hghpeptideslab.com\/product\/mots-c\/","name":"MOTS-C Peptide pro podporu energie a metabolismu | HGH Peptides Lab - GMP-vyrobeno","isPartOf":{"@id":"https:\/\/hghpeptideslab.com\/#website"},"primaryImageOfPage":{"@id":"https:\/\/hghpeptideslab.com\/product\/mots-c\/#primaryimage"},"image":{"@id":"https:\/\/hghpeptideslab.com\/product\/mots-c\/#primaryimage"},"thumbnailUrl":"https:\/\/hghpeptideslab.com\/wp-content\/uploads\/2025\/08\/mots-c10mg.jpg","datePublished":"2025-08-16T21:18:14+00:00","dateModified":"2025-10-22T20:31:19+00:00","description":"Kupte si MOTS-C z laborato\u0159e GMP se s\u00eddlem v \u010c\u00edn\u011b. 99% purity s HPLC\/COA, prodej p\u0159\u00edmo z v\u00fdroby a celosv\u011btov\u00e1 doprava pro podporu mitochondri\u00e1ln\u00ed energie a metabolismu.","breadcrumb":{"@id":"https:\/\/hghpeptideslab.com\/product\/mots-c\/#breadcrumb"},"inLanguage":"cs","potentialAction":[{"@type":"ReadAction","target":["https:\/\/hghpeptideslab.com\/product\/mots-c\/"]}],"copyrightNotice":"\u00a9 2010\u20132026 HGH Peptides Lab. All Rights Reserved."},{"@type":"ImageObject","inLanguage":"cs","@id":"https:\/\/hghpeptideslab.com\/product\/mots-c\/#primaryimage","url":"https:\/\/hghpeptideslab.com\/wp-content\/uploads\/2025\/08\/mots-c10mg.jpg","contentUrl":"https:\/\/hghpeptideslab.com\/wp-content\/uploads\/2025\/08\/mots-c10mg.jpg","width":800,"height":800,"caption":"10mg MOTS-C lyophilized powder (research use only)"},{"@type":"BreadcrumbList","@id":"https:\/\/hghpeptideslab.com\/product\/mots-c\/#breadcrumb","itemListElement":[{"@type":"ListItem","position":1,"name":"Home","item":"https:\/\/hghpeptideslab.com\/"},{"@type":"ListItem","position":2,"name":"Shop","item":"https:\/\/hghpeptideslab.com\/shop\/"},{"@type":"ListItem","position":3,"name":"MOTS-C Peptide"}]},{"@type":"WebSite","@id":"https:\/\/hghpeptideslab.com\/#website","url":"https:\/\/hghpeptideslab.com\/","name":"HGH Peptides Lab","description":"Premium Peptides &amp; HGH Obchod","publisher":{"@id":"https:\/\/hghpeptideslab.com\/#organization"},"potentialAction":[{"@type":"SearchAction","target":{"@type":"EntryPoint","urlTemplate":"https:\/\/hghpeptideslab.com\/?s={search_term_string}"},"query-input":{"@type":"PropertyValueSpecification","valueRequired":true,"valueName":"search_term_string"}}],"inLanguage":"cs"},{"@type":"Organization","@id":"https:\/\/hghpeptideslab.com\/#organization","name":"HGH Peptides Lab","url":"https:\/\/hghpeptideslab.com\/cs\/","logo":{"@type":"ImageObject","url":"https:\/\/hghpeptideslab.com\/wp-content\/uploads\/2025\/07\/HGHPEPTIDESLAB-Logo.png"},"image":{"@id":"https:\/\/hghpeptideslab.com\/#\/schema\/logo\/image\/"},"foundingDate":"2010","contactPoint":[{"@type":"ContactPoint","contactType":"customer support","telephone":"+85247559641","email":"CYGGL2025@gmail.com","availableLanguage":["en"]}]}]}},"_links":{"self":[{"href":"https:\/\/hghpeptideslab.com\/cs\/wp-json\/wp\/v2\/product\/9109","targetHints":{"allow":["GET"]}}],"collection":[{"href":"https:\/\/hghpeptideslab.com\/cs\/wp-json\/wp\/v2\/product"}],"about":[{"href":"https:\/\/hghpeptideslab.com\/cs\/wp-json\/wp\/v2\/types\/product"}],"replies":[{"embeddable":true,"href":"https:\/\/hghpeptideslab.com\/cs\/wp-json\/wp\/v2\/comments?post=9109"}],"wp:featuredmedia":[{"embeddable":true,"href":"https:\/\/hghpeptideslab.com\/cs\/wp-json\/wp\/v2\/media\/9106"}],"wp:attachment":[{"href":"https:\/\/hghpeptideslab.com\/cs\/wp-json\/wp\/v2\/media?parent=9109"}],"wp:term":[{"taxonomy":"product_cat","embeddable":true,"href":"https:\/\/hghpeptideslab.com\/cs\/wp-json\/wp\/v2\/product_cat?post=9109"},{"taxonomy":"product_tag","embeddable":true,"href":"https:\/\/hghpeptideslab.com\/cs\/wp-json\/wp\/v2\/product_tag?post=9109"}],"curies":[{"name":"wp","href":"https:\/\/api.w.org\/{rel}","templated":true}]}}