{"id":9116,"date":"2025-08-16T21:52:31","date_gmt":"2025-08-16T21:52:31","guid":{"rendered":"https:\/\/hghpeptideslab.com\/?post_type=product&#038;p=9116"},"modified":"2026-01-16T19:02:19","modified_gmt":"2026-01-16T19:02:19","slug":"ace-031","status":"publish","type":"product","link":"https:\/\/hghpeptideslab.com\/cs\/product\/ace-031\/","title":{"rendered":"ACE-031 Peptide"},"content":{"rendered":"<h3>P\u0159ehled<\/h3>\n<p>ACE-031 je rozpustn\u00e1 n\u00e1vnada aktivinov\u00e9ho receptoru typu IIB (ActRIIB), na kterou se \u0161iroce odkazuje ve studi\u00edch, kter\u00e9 se zab\u00fdvaj\u00ed.<br \/>\nzkoum\u00e1n\u00ed signalizace myostatinu\/aktivinu, v\u00fdvoje kostern\u00edho svalstva a mechanism\u016f hustoty kost\u00ed.<br \/>\nN\u00e1\u0161 materi\u00e1l je <strong>GMP-vyrobeno<\/strong> farmaceutick\u00e9 kvality s <strong>99%+ \u010distota<\/strong>.<br \/>\nDokumentace k HPLC\/COA je k dispozici na vy\u017e\u00e1d\u00e1n\u00ed.<\/p>\n<h3>Kl\u00ed\u010dov\u00e9 vlastnosti<\/h3>\n<ul>\n<li>S\u00edla: <strong>1 mg<\/strong> za vial<\/li>\n<li>Velikost Kit: <strong>10 vials\/sada<\/strong><\/li>\n<li>Konzistentn\u00ed kvalita \u0161ar\u017e\u00ed pro vy\u0161et\u0159ov\u00e1n\u00ed dr\u00e1hy ActRIIB\/myostatinu<\/li>\n<li>Dokumentace: HPLC chromatogram \/ COA k dispozici na vy\u017e\u00e1d\u00e1n\u00ed<\/li>\n<\/ul>\n<h3>Typick\u00e1 zam\u011b\u0159en\u00ed v\u00fdzkumu<\/h3>\n<ul>\n<li>Inhibice dr\u00e1hy Myostatin\/aktivinu a modely hypertrofie<\/li>\n<li>R\u00e1mce pro n\u00e1r\u016fst svalov\u00e9 hmoty a silov\u00fd v\u00fdkon<\/li>\n<li>Mechanismy tvorby a modulace hustoty kost\u00ed<\/li>\n<li>Srovn\u00e1vac\u00ed studie s inhibitory myostatinu a ligandy ActRIIB<\/li>\n<\/ul>\n<h3>Skladov\u00e1n\u00ed a stabilita<\/h3>\n<ul>\n<li>Skladujte uzav\u0159en\u00e9 p\u0159i <strong>2-8 \u00b0C<\/strong>, chr\u00e1n\u011bn\u00e9 p\u0159ed sv\u011btlem a vlhkost\u00ed<\/li>\n<li>Rekonstituovan\u00e9 roztoky pou\u017e\u00edvejte neprodlen\u011b za vhodn\u00fdch laboratorn\u00edch podm\u00ednek.<\/li>\n<\/ul>\n<h3>Pozn\u00e1mky<\/h3>\n<ul>\n<li>Vyrobeno v <strong>Kompatibiln\u00ed s GMP<\/strong> za\u0159\u00edzen\u00ed<\/li>\n<li>HPLC\/COA k dispozici na vy\u017e\u00e1d\u00e1n\u00ed<\/li>\n<li>Pouze pro laboratorn\u00ed v\u00fdzkum. V\u00fdrobky nejsou ozna\u010deny pro l\u00e9ka\u0159sk\u00e9 pou\u017eit\u00ed.<\/li>\n<\/ul>","protected":false},"excerpt":{"rendered":"<p><strong>Jm\u00e9no:<\/strong> 99% Purity ACE-031 peptidov\u00fd pr\u00e1\u0161ek<br \/>\n<strong>Funkce:<\/strong> Myostatin\/ActRIIB dr\u00e1ha; v\u00fdzkum svalov\u00e9 hmoty a hustoty kost\u00ed<br \/>\n<strong>Specifikace:<\/strong> 1 mg na vial; 10 vials\/sada<br \/>\n<strong>CAS:<\/strong> 1621169-52-5<br \/>\n<strong>Vzhled:<\/strong> White lyophilized powder<\/p>","protected":false},"featured_media":9113,"comment_status":"open","ping_status":"closed","template":"","meta":[],"product_cat":[40],"product_tag":[134,160,167],"class_list":{"0":"post-9116","1":"product","2":"type-product","3":"status-publish","4":"has-post-thumbnail","6":"product_brand-dp-hghpeptides","7":"product_brand-hgh-peptides-lab","8":"product_cat-peptides-for-muscle-growth","9":"product_tag-ace-031","10":"product_tag-muscle-growth-performance-peptides","11":"product_tag-overall-wellness-peptides","13":"first","14":"instock","15":"featured","16":"shipping-taxable","17":"purchasable","18":"product-type-simple"},"yoast_head":"<!-- This site is optimized with the Yoast SEO Premium plugin v27.3 (Yoast SEO v27.3) - https:\/\/yoast.com\/product\/yoast-seo-premium-wordpress\/ -->\n<title>ACE-031 Peptide for Muscle Building | HGH Peptides Lab \u2013 HPLC\/COA Verified<\/title>\n<meta name=\"description\" content=\"Order ACE-031 from our China GMP lab\u201499% purity, HPLC\/COA on request. Factory-direct selling with fast worldwide shipping for myostatin-related lean mass goals.\" \/>\n<meta name=\"robots\" content=\"index, follow, max-snippet:-1, max-image-preview:large, max-video-preview:-1\" \/>\n<link rel=\"canonical\" href=\"https:\/\/hghpeptideslab.com\/cs\/product\/ace-031\/\" \/>\n<meta property=\"og:locale\" content=\"cs_CZ\" \/>\n<meta property=\"og:type\" content=\"article\" \/>\n<meta property=\"og:title\" content=\"ACE-031 Peptide\" \/>\n<meta property=\"og:description\" content=\"Order ACE-031 from our China GMP lab\u201499% purity, HPLC\/COA on request. Factory-direct selling with fast worldwide shipping for myostatin-related lean mass goals.\" \/>\n<meta property=\"og:url\" content=\"https:\/\/hghpeptideslab.com\/cs\/product\/ace-031\/\" \/>\n<meta property=\"og:site_name\" content=\"HGH Peptides Lab\" \/>\n<meta property=\"article:modified_time\" content=\"2026-01-16T19:02:19+00:00\" \/>\n<meta property=\"og:image\" content=\"https:\/\/hghpeptideslab.com\/wp-content\/uploads\/2025\/08\/ace0311mg.jpg\" \/>\n\t<meta property=\"og:image:width\" content=\"800\" \/>\n\t<meta property=\"og:image:height\" content=\"800\" \/>\n\t<meta property=\"og:image:type\" content=\"image\/jpeg\" \/>\n<meta name=\"twitter:card\" content=\"summary_large_image\" \/>\n<meta name=\"twitter:label1\" content=\"Odhadovan\u00e1 doba \u010dten\u00ed\" \/>\n\t<meta name=\"twitter:data1\" content=\"1 minuta\" \/>\n<script type=\"application\/ld+json\" class=\"yoast-schema-graph\">{\"@context\":\"https:\\\/\\\/schema.org\",\"@graph\":[{\"@type\":\"WebPage\",\"@id\":\"https:\\\/\\\/hghpeptideslab.com\\\/product\\\/ace-031\\\/\",\"url\":\"https:\\\/\\\/hghpeptideslab.com\\\/product\\\/ace-031\\\/\",\"name\":\"ACE-031 Peptide for Muscle Building | HGH Peptides Lab \u2013 HPLC\\\/COA Verified\",\"isPartOf\":{\"@id\":\"https:\\\/\\\/hghpeptideslab.com\\\/#website\"},\"primaryImageOfPage\":{\"@id\":\"https:\\\/\\\/hghpeptideslab.com\\\/product\\\/ace-031\\\/#primaryimage\"},\"image\":{\"@id\":\"https:\\\/\\\/hghpeptideslab.com\\\/product\\\/ace-031\\\/#primaryimage\"},\"thumbnailUrl\":\"https:\\\/\\\/hghpeptideslab.com\\\/wp-content\\\/uploads\\\/2025\\\/08\\\/ace0311mg.jpg\",\"datePublished\":\"2025-08-16T21:52:31+00:00\",\"dateModified\":\"2026-01-16T19:02:19+00:00\",\"description\":\"Order ACE-031 from our China GMP lab\u201499% purity, HPLC\\\/COA on request. Factory-direct selling with fast worldwide shipping for myostatin-related lean mass goals.\",\"breadcrumb\":{\"@id\":\"https:\\\/\\\/hghpeptideslab.com\\\/product\\\/ace-031\\\/#breadcrumb\"},\"inLanguage\":\"cs\",\"potentialAction\":[{\"@type\":\"ReadAction\",\"target\":[\"https:\\\/\\\/hghpeptideslab.com\\\/product\\\/ace-031\\\/\"]}],\"copyrightNotice\":\"\u00a9 2010\u20132026 HGH Peptides Lab. All Rights Reserved.\"},{\"@type\":\"ImageObject\",\"inLanguage\":\"cs\",\"@id\":\"https:\\\/\\\/hghpeptideslab.com\\\/product\\\/ace-031\\\/#primaryimage\",\"url\":\"https:\\\/\\\/hghpeptideslab.com\\\/wp-content\\\/uploads\\\/2025\\\/08\\\/ace0311mg.jpg\",\"contentUrl\":\"https:\\\/\\\/hghpeptideslab.com\\\/wp-content\\\/uploads\\\/2025\\\/08\\\/ace0311mg.jpg\",\"width\":800,\"height\":800,\"caption\":\"1mg ACE-031 lyophilized powder (research use only)\"},{\"@type\":\"BreadcrumbList\",\"@id\":\"https:\\\/\\\/hghpeptideslab.com\\\/product\\\/ace-031\\\/#breadcrumb\",\"itemListElement\":[{\"@type\":\"ListItem\",\"position\":1,\"name\":\"Home\",\"item\":\"https:\\\/\\\/hghpeptideslab.com\\\/\"},{\"@type\":\"ListItem\",\"position\":2,\"name\":\"Shop\",\"item\":\"https:\\\/\\\/hghpeptideslab.com\\\/shop\\\/\"},{\"@type\":\"ListItem\",\"position\":3,\"name\":\"ACE-031 Peptide\"}]},{\"@type\":\"WebSite\",\"@id\":\"https:\\\/\\\/hghpeptideslab.com\\\/#website\",\"url\":\"https:\\\/\\\/hghpeptideslab.com\\\/\",\"name\":\"HGH Peptides Lab\",\"description\":\"Premium Peptides &amp; HGH Shop\",\"publisher\":{\"@id\":\"https:\\\/\\\/hghpeptideslab.com\\\/#organization\"},\"potentialAction\":[{\"@type\":\"SearchAction\",\"target\":{\"@type\":\"EntryPoint\",\"urlTemplate\":\"https:\\\/\\\/hghpeptideslab.com\\\/?s={search_term_string}\"},\"query-input\":{\"@type\":\"PropertyValueSpecification\",\"valueRequired\":true,\"valueName\":\"search_term_string\"}}],\"inLanguage\":\"cs\"},{\"@type\":\"Organization\",\"@id\":\"https:\\\/\\\/hghpeptideslab.com\\\/#organization\",\"name\":\"HGH Peptides Lab\",\"url\":\"https:\\\/\\\/hghpeptideslab.com\\\/cs\\\/\",\"logo\":{\"@type\":\"ImageObject\",\"url\":\"https:\\\/\\\/hghpeptideslab.com\\\/wp-content\\\/uploads\\\/2025\\\/07\\\/HGHPEPTIDESLAB-Logo.png\"},\"image\":{\"@id\":\"https:\\\/\\\/hghpeptideslab.com\\\/#\\\/schema\\\/logo\\\/image\\\/\"},\"foundingDate\":\"2010\",\"contactPoint\":[{\"@type\":\"ContactPoint\",\"contactType\":\"customer support\",\"telephone\":\"+85247559641\",\"email\":\"CYGGL2025@gmail.com\",\"availableLanguage\":[\"en\"]}]}]}<\/script>\n<!-- \/ Yoast SEO Premium plugin. -->","yoast_head_json":{"title":"ACE-031 Peptide pro budov\u00e1n\u00ed sval\u016f | HGH Peptides Lab - HPLC\/COA Ov\u011b\u0159eno","description":"Objednejte si ACE-031 z na\u0161\u00ed \u010d\u00ednsk\u00e9 laborato\u0159e GMP-99% purity, HPLC\/COA na vy\u017e\u00e1d\u00e1n\u00ed. P\u0159\u00edm\u00fd prodej z tov\u00e1rny s rychlou celosv\u011btovou p\u0159epravou pro c\u00edle souvisej\u00edc\u00ed s myostatinem ve svalov\u00e9 hmot\u011b.","robots":{"index":"index","follow":"follow","max-snippet":"max-snippet:-1","max-image-preview":"max-image-preview:large","max-video-preview":"max-video-preview:-1"},"canonical":"https:\/\/hghpeptideslab.com\/cs\/product\/ace-031\/","og_locale":"cs_CZ","og_type":"article","og_title":"ACE-031 Peptide","og_description":"Order ACE-031 from our China GMP lab\u201499% purity, HPLC\/COA on request. Factory-direct selling with fast worldwide shipping for myostatin-related lean mass goals.","og_url":"https:\/\/hghpeptideslab.com\/cs\/product\/ace-031\/","og_site_name":"HGH Peptides Lab","article_modified_time":"2026-01-16T19:02:19+00:00","og_image":[{"width":800,"height":800,"url":"https:\/\/hghpeptideslab.com\/wp-content\/uploads\/2025\/08\/ace0311mg.jpg","type":"image\/jpeg"}],"twitter_card":"summary_large_image","twitter_misc":{"Odhadovan\u00e1 doba \u010dten\u00ed":"1 minuta"},"schema":{"@context":"https:\/\/schema.org","@graph":[{"@type":"WebPage","@id":"https:\/\/hghpeptideslab.com\/product\/ace-031\/","url":"https:\/\/hghpeptideslab.com\/product\/ace-031\/","name":"ACE-031 Peptide pro budov\u00e1n\u00ed sval\u016f | HGH Peptides Lab - HPLC\/COA Ov\u011b\u0159eno","isPartOf":{"@id":"https:\/\/hghpeptideslab.com\/#website"},"primaryImageOfPage":{"@id":"https:\/\/hghpeptideslab.com\/product\/ace-031\/#primaryimage"},"image":{"@id":"https:\/\/hghpeptideslab.com\/product\/ace-031\/#primaryimage"},"thumbnailUrl":"https:\/\/hghpeptideslab.com\/wp-content\/uploads\/2025\/08\/ace0311mg.jpg","datePublished":"2025-08-16T21:52:31+00:00","dateModified":"2026-01-16T19:02:19+00:00","description":"Objednejte si ACE-031 z na\u0161\u00ed \u010d\u00ednsk\u00e9 laborato\u0159e GMP-99% purity, HPLC\/COA na vy\u017e\u00e1d\u00e1n\u00ed. P\u0159\u00edm\u00fd prodej z tov\u00e1rny s rychlou celosv\u011btovou p\u0159epravou pro c\u00edle souvisej\u00edc\u00ed s myostatinem ve svalov\u00e9 hmot\u011b.","breadcrumb":{"@id":"https:\/\/hghpeptideslab.com\/product\/ace-031\/#breadcrumb"},"inLanguage":"cs","potentialAction":[{"@type":"ReadAction","target":["https:\/\/hghpeptideslab.com\/product\/ace-031\/"]}],"copyrightNotice":"\u00a9 2010\u20132026 HGH Peptides Lab. All Rights Reserved."},{"@type":"ImageObject","inLanguage":"cs","@id":"https:\/\/hghpeptideslab.com\/product\/ace-031\/#primaryimage","url":"https:\/\/hghpeptideslab.com\/wp-content\/uploads\/2025\/08\/ace0311mg.jpg","contentUrl":"https:\/\/hghpeptideslab.com\/wp-content\/uploads\/2025\/08\/ace0311mg.jpg","width":800,"height":800,"caption":"1mg ACE-031 lyophilized powder (research use only)"},{"@type":"BreadcrumbList","@id":"https:\/\/hghpeptideslab.com\/product\/ace-031\/#breadcrumb","itemListElement":[{"@type":"ListItem","position":1,"name":"Home","item":"https:\/\/hghpeptideslab.com\/"},{"@type":"ListItem","position":2,"name":"Shop","item":"https:\/\/hghpeptideslab.com\/shop\/"},{"@type":"ListItem","position":3,"name":"ACE-031 Peptide"}]},{"@type":"WebSite","@id":"https:\/\/hghpeptideslab.com\/#website","url":"https:\/\/hghpeptideslab.com\/","name":"HGH Peptides Lab","description":"Premium Peptides &amp; HGH Obchod","publisher":{"@id":"https:\/\/hghpeptideslab.com\/#organization"},"potentialAction":[{"@type":"SearchAction","target":{"@type":"EntryPoint","urlTemplate":"https:\/\/hghpeptideslab.com\/?s={search_term_string}"},"query-input":{"@type":"PropertyValueSpecification","valueRequired":true,"valueName":"search_term_string"}}],"inLanguage":"cs"},{"@type":"Organization","@id":"https:\/\/hghpeptideslab.com\/#organization","name":"HGH Peptides Lab","url":"https:\/\/hghpeptideslab.com\/cs\/","logo":{"@type":"ImageObject","url":"https:\/\/hghpeptideslab.com\/wp-content\/uploads\/2025\/07\/HGHPEPTIDESLAB-Logo.png"},"image":{"@id":"https:\/\/hghpeptideslab.com\/#\/schema\/logo\/image\/"},"foundingDate":"2010","contactPoint":[{"@type":"ContactPoint","contactType":"customer support","telephone":"+85247559641","email":"CYGGL2025@gmail.com","availableLanguage":["en"]}]}]}},"_links":{"self":[{"href":"https:\/\/hghpeptideslab.com\/cs\/wp-json\/wp\/v2\/product\/9116","targetHints":{"allow":["GET"]}}],"collection":[{"href":"https:\/\/hghpeptideslab.com\/cs\/wp-json\/wp\/v2\/product"}],"about":[{"href":"https:\/\/hghpeptideslab.com\/cs\/wp-json\/wp\/v2\/types\/product"}],"replies":[{"embeddable":true,"href":"https:\/\/hghpeptideslab.com\/cs\/wp-json\/wp\/v2\/comments?post=9116"}],"wp:featuredmedia":[{"embeddable":true,"href":"https:\/\/hghpeptideslab.com\/cs\/wp-json\/wp\/v2\/media\/9113"}],"wp:attachment":[{"href":"https:\/\/hghpeptideslab.com\/cs\/wp-json\/wp\/v2\/media?parent=9116"}],"wp:term":[{"taxonomy":"product_cat","embeddable":true,"href":"https:\/\/hghpeptideslab.com\/cs\/wp-json\/wp\/v2\/product_cat?post=9116"},{"taxonomy":"product_tag","embeddable":true,"href":"https:\/\/hghpeptideslab.com\/cs\/wp-json\/wp\/v2\/product_tag?post=9116"}],"curies":[{"name":"wp","href":"https:\/\/api.w.org\/{rel}","templated":true}]}}