{"id":9148,"date":"2025-08-17T21:11:08","date_gmt":"2025-08-17T21:11:08","guid":{"rendered":"https:\/\/hghpeptideslab.com\/?post_type=product&#038;p=9148"},"modified":"2025-10-21T22:18:51","modified_gmt":"2025-10-21T22:18:51","slug":"ghk-cu","status":"publish","type":"product","link":"https:\/\/hghpeptideslab.com\/cs\/product\/ghk-cu\/","title":{"rendered":"GHK-Cu Peptide"},"content":{"rendered":"<h3>P\u0159ehled<\/h3>\n<p>GHK-Cu (m\u011b\u010fnat\u00fd tripeptid-1) je kosmeticky obl\u00edben\u00fd tripeptid v\u00e1zaj\u00edc\u00ed m\u011b\u010f (Gly-His-Lys), kter\u00fd se hojn\u011b vyu\u017e\u00edv\u00e1 ve v\u00fdzkumu omlazov\u00e1n\u00ed k\u016f\u017ee, synt\u00e9zy kolagenu, model\u016f p\u00e9\u010de o r\u00e1ny a biologie vlasov\u00fdch folikul. N\u00e1\u0161 materi\u00e1l je <strong>GMP-vyrobeno<\/strong> peptid farmaceutick\u00e9 kvality s <strong>99%+ \u010distota<\/strong>. <strong>HPLC\/COA<\/strong> je k dispozici na vy\u017e\u00e1d\u00e1n\u00ed.<\/p>\n<h3>Kl\u00ed\u010dov\u00e9 vlastnosti<\/h3>\n<ul>\n<li>Siln\u00e9 str\u00e1nky: <strong>50 mg<\/strong>, <strong>100 mg<\/strong> za vial<\/li>\n<li>Velikost Kit:  <strong>10 vials\/sada<\/strong><\/li>\n<li>Copper Blue lyophilized powder pro flexibiln\u00ed protokoly kosmetick\u00e9ho v\u00fdzkumu<\/li>\n<li>Dokumentace: HPLC chromatogram \/ COA na vy\u017e\u00e1d\u00e1n\u00ed<\/li>\n<\/ul>\n<h3>Typick\u00e1 zam\u011b\u0159en\u00ed v\u00fdzkumu<\/h3>\n<ul>\n<li>Podpora ko\u017en\u00ed bari\u00e9ry a derm\u00e1ln\u00ed matrix; studie kolagenu a glykosaminoglykan\u016f<\/li>\n<li>Modely pro v\u00fdzkum cyklov\u00e1n\u00ed vlasov\u00fdch folikul\u016f a p\u00e9\u010de o poko\u017eku hlavy<\/li>\n<li>P\u00e9\u010de o vzhled po z\u00e1kroku; antioxida\u010dn\u00ed\/protiz\u00e1n\u011btliv\u00e9 cesty<\/li>\n<li>Studie lok\u00e1ln\u00edho pod\u00e1v\u00e1n\u00ed\/ex vivo na k\u016f\u017ei (porovn\u00e1n\u00ed vehikula a penetrace)<\/li>\n<\/ul>\n<h3>Skladov\u00e1n\u00ed a stabilita<\/h3>\n<ul>\n<li>Skladujte uzav\u0159en\u00e9 p\u0159i <strong>2-8 \u00b0C<\/strong>; chr\u00e1n\u00ed p\u0159ed sv\u011btlem a vlhkost\u00ed<\/li>\n<li>Rekonstituovan\u00e9 roztoky pou\u017e\u00edvejte neprodlen\u011b za vhodn\u00fdch laboratorn\u00edch podm\u00ednek.<\/li>\n<\/ul>\n<h3>Pozn\u00e1mky<\/h3>\n<ul>\n<li>Vyrobeno v <strong>Kompatibiln\u00ed s GMP<\/strong> za\u0159\u00edzen\u00ed; \u0159\u00edzen\u00ed proces\u016f na farmaceutick\u00e9 \u00farovni<\/li>\n<li><strong>CAS:<\/strong> 89030-95-5; <strong>HPLC\/COA<\/strong> k dispozici na vy\u017e\u00e1d\u00e1n\u00ed<\/li>\n<li>Pouze pro laboratorn\u00ed v\u00fdzkum. V\u00fdrobky nejsou ozna\u010deny pro l\u00e9ka\u0159sk\u00e9 pou\u017eit\u00ed.<\/li>\n<\/ul>","protected":false},"excerpt":{"rendered":"<p><strong>Jm\u00e9no:<\/strong> 99% Purity GHK-Cu (m\u011b\u010fnat\u00fd tripeptid-1) peptidov\u00fd pr\u00e1\u0161ek<br \/>\n<strong>Funkce:<\/strong> V\u00fdzkum omlazen\u00ed pleti a vlasov\u00fdch folikul\u016f; podpora kolagenu; protiz\u00e1n\u011btliv\u00e9 kosmetick\u00e9 studie.<br \/>\n<strong>Specifikace:<\/strong> 50 mg a 100 mg na vial; 10 vials\/sada<br \/>\n<strong>CAS:<\/strong> 89030-95-5<br \/>\n<strong>Vzhled:<\/strong> Copper Blue lyophilized powder<\/p>","protected":false},"featured_media":9144,"comment_status":"open","ping_status":"closed","template":"","meta":[],"product_cat":[56],"product_tag":[139,158,165],"class_list":{"0":"post-9148","1":"product","2":"type-product","3":"status-publish","4":"has-post-thumbnail","6":"product_brand-dp-hghpeptides","7":"product_brand-hgh-peptides-lab","8":"product_cat-cosmetic-peptides","9":"product_tag-ghk-cu","10":"product_tag-recovery-tissue-repair-peptides","11":"product_tag-skin-beauty-peptides","13":"first","14":"instock","15":"featured","16":"shipping-taxable","17":"purchasable","18":"product-type-variable","19":"has-default-attributes"},"yoast_head":"<!-- This site is optimized with the Yoast SEO Premium plugin v27.3 (Yoast SEO v27.3) - https:\/\/yoast.com\/product\/yoast-seo-premium-wordpress\/ -->\n<title>GHK-Cu Peptide 50mg | Factory-Direct China GMP Lab \u2013 99% Purity<\/title>\n<meta name=\"description\" content=\"Order GHK-Cu 50mg from a China-based GMP lab \u2014 99% purity with HPLC\/COA. Factory-direct selling and fast worldwide shipping for skin &amp; hair repair research.\" \/>\n<meta name=\"robots\" content=\"index, follow, max-snippet:-1, max-image-preview:large, max-video-preview:-1\" \/>\n<link rel=\"canonical\" href=\"https:\/\/hghpeptideslab.com\/cs\/product\/ghk-cu\/\" \/>\n<meta property=\"og:locale\" content=\"cs_CZ\" \/>\n<meta property=\"og:type\" content=\"article\" \/>\n<meta property=\"og:title\" content=\"GHK-Cu Peptide\" \/>\n<meta property=\"og:description\" content=\"Order GHK-Cu 50mg from a China-based GMP lab \u2014 99% purity with HPLC\/COA. Factory-direct selling and fast worldwide shipping for skin &amp; hair repair research.\" \/>\n<meta property=\"og:url\" content=\"https:\/\/hghpeptideslab.com\/cs\/product\/ghk-cu\/\" \/>\n<meta property=\"og:site_name\" content=\"HGH Peptides Lab\" \/>\n<meta property=\"article:modified_time\" content=\"2025-10-21T22:18:51+00:00\" \/>\n<meta property=\"og:image\" content=\"https:\/\/hghpeptideslab.com\/wp-content\/uploads\/2025\/08\/ghkcu50mg.jpg\" \/>\n\t<meta property=\"og:image:width\" content=\"800\" \/>\n\t<meta property=\"og:image:height\" content=\"800\" \/>\n\t<meta property=\"og:image:type\" content=\"image\/jpeg\" \/>\n<meta name=\"twitter:card\" content=\"summary_large_image\" \/>\n<meta name=\"twitter:label1\" content=\"Odhadovan\u00e1 doba \u010dten\u00ed\" \/>\n\t<meta name=\"twitter:data1\" content=\"1 minuta\" \/>\n<script type=\"application\/ld+json\" class=\"yoast-schema-graph\">{\"@context\":\"https:\\\/\\\/schema.org\",\"@graph\":[{\"@type\":\"WebPage\",\"@id\":\"https:\\\/\\\/hghpeptideslab.com\\\/product\\\/ghk-cu\\\/\",\"url\":\"https:\\\/\\\/hghpeptideslab.com\\\/product\\\/ghk-cu\\\/\",\"name\":\"GHK-Cu Peptide 50mg | Factory-Direct China GMP Lab \u2013 99% Purity\",\"isPartOf\":{\"@id\":\"https:\\\/\\\/hghpeptideslab.com\\\/#website\"},\"primaryImageOfPage\":{\"@id\":\"https:\\\/\\\/hghpeptideslab.com\\\/product\\\/ghk-cu\\\/#primaryimage\"},\"image\":{\"@id\":\"https:\\\/\\\/hghpeptideslab.com\\\/product\\\/ghk-cu\\\/#primaryimage\"},\"thumbnailUrl\":\"https:\\\/\\\/hghpeptideslab.com\\\/wp-content\\\/uploads\\\/2025\\\/08\\\/ghkcu50mg.jpg\",\"datePublished\":\"2025-08-17T21:11:08+00:00\",\"dateModified\":\"2025-10-21T22:18:51+00:00\",\"description\":\"Order GHK-Cu 50mg from a China-based GMP lab \u2014 99% purity with HPLC\\\/COA. Factory-direct selling and fast worldwide shipping for skin & hair repair research.\",\"breadcrumb\":{\"@id\":\"https:\\\/\\\/hghpeptideslab.com\\\/product\\\/ghk-cu\\\/#breadcrumb\"},\"inLanguage\":\"cs\",\"potentialAction\":[{\"@type\":\"ReadAction\",\"target\":[\"https:\\\/\\\/hghpeptideslab.com\\\/product\\\/ghk-cu\\\/\"]}],\"copyrightNotice\":\"\u00a9 2010\u20132026 HGH Peptides Lab. All Rights Reserved.\"},{\"@type\":\"ImageObject\",\"inLanguage\":\"cs\",\"@id\":\"https:\\\/\\\/hghpeptideslab.com\\\/product\\\/ghk-cu\\\/#primaryimage\",\"url\":\"https:\\\/\\\/hghpeptideslab.com\\\/wp-content\\\/uploads\\\/2025\\\/08\\\/ghkcu50mg.jpg\",\"contentUrl\":\"https:\\\/\\\/hghpeptideslab.com\\\/wp-content\\\/uploads\\\/2025\\\/08\\\/ghkcu50mg.jpg\",\"width\":800,\"height\":800,\"caption\":\"GHK-Cu 50mg vial (white lyophilized powder); factory direct, HPLC\\\/COA on request.\"},{\"@type\":\"BreadcrumbList\",\"@id\":\"https:\\\/\\\/hghpeptideslab.com\\\/product\\\/ghk-cu\\\/#breadcrumb\",\"itemListElement\":[{\"@type\":\"ListItem\",\"position\":1,\"name\":\"Home\",\"item\":\"https:\\\/\\\/hghpeptideslab.com\\\/\"},{\"@type\":\"ListItem\",\"position\":2,\"name\":\"Shop\",\"item\":\"https:\\\/\\\/hghpeptideslab.com\\\/shop\\\/\"},{\"@type\":\"ListItem\",\"position\":3,\"name\":\"GHK-Cu Peptide\"}]},{\"@type\":\"WebSite\",\"@id\":\"https:\\\/\\\/hghpeptideslab.com\\\/#website\",\"url\":\"https:\\\/\\\/hghpeptideslab.com\\\/\",\"name\":\"HGH Peptides Lab\",\"description\":\"Premium Peptides &amp; HGH Shop\",\"publisher\":{\"@id\":\"https:\\\/\\\/hghpeptideslab.com\\\/#organization\"},\"potentialAction\":[{\"@type\":\"SearchAction\",\"target\":{\"@type\":\"EntryPoint\",\"urlTemplate\":\"https:\\\/\\\/hghpeptideslab.com\\\/?s={search_term_string}\"},\"query-input\":{\"@type\":\"PropertyValueSpecification\",\"valueRequired\":true,\"valueName\":\"search_term_string\"}}],\"inLanguage\":\"cs\"},{\"@type\":\"Organization\",\"@id\":\"https:\\\/\\\/hghpeptideslab.com\\\/#organization\",\"name\":\"HGH Peptides Lab\",\"url\":\"https:\\\/\\\/hghpeptideslab.com\\\/cs\\\/\",\"logo\":{\"@type\":\"ImageObject\",\"url\":\"https:\\\/\\\/hghpeptideslab.com\\\/wp-content\\\/uploads\\\/2025\\\/07\\\/HGHPEPTIDESLAB-Logo.png\"},\"image\":{\"@id\":\"https:\\\/\\\/hghpeptideslab.com\\\/#\\\/schema\\\/logo\\\/image\\\/\"},\"foundingDate\":\"2010\",\"contactPoint\":[{\"@type\":\"ContactPoint\",\"contactType\":\"customer support\",\"telephone\":\"+85247559641\",\"email\":\"CYGGL2025@gmail.com\",\"availableLanguage\":[\"en\"]}]}]}<\/script>\n<!-- \/ Yoast SEO Premium plugin. -->","yoast_head_json":{"title":"GHK-Cu Peptide 50mg | Factory-Direct \u010c\u00edna GMP laborato\u0159 - 99% Purity","description":"Objednejte si GHK-Cu 50mg z \u010d\u00ednsk\u00e9 laborato\u0159e GMP - 99% purity s HPLC\/COA. P\u0159\u00edm\u00fd prodej z tov\u00e1rny a rychl\u00e1 doprava po cel\u00e9m sv\u011bt\u011b pro v\u00fdzkum obnovy k\u016f\u017ee a vlas\u016f.","robots":{"index":"index","follow":"follow","max-snippet":"max-snippet:-1","max-image-preview":"max-image-preview:large","max-video-preview":"max-video-preview:-1"},"canonical":"https:\/\/hghpeptideslab.com\/cs\/product\/ghk-cu\/","og_locale":"cs_CZ","og_type":"article","og_title":"GHK-Cu Peptide","og_description":"Order GHK-Cu 50mg from a China-based GMP lab \u2014 99% purity with HPLC\/COA. Factory-direct selling and fast worldwide shipping for skin & hair repair research.","og_url":"https:\/\/hghpeptideslab.com\/cs\/product\/ghk-cu\/","og_site_name":"HGH Peptides Lab","article_modified_time":"2025-10-21T22:18:51+00:00","og_image":[{"width":800,"height":800,"url":"https:\/\/hghpeptideslab.com\/wp-content\/uploads\/2025\/08\/ghkcu50mg.jpg","type":"image\/jpeg"}],"twitter_card":"summary_large_image","twitter_misc":{"Odhadovan\u00e1 doba \u010dten\u00ed":"1 minuta"},"schema":{"@context":"https:\/\/schema.org","@graph":[{"@type":"WebPage","@id":"https:\/\/hghpeptideslab.com\/product\/ghk-cu\/","url":"https:\/\/hghpeptideslab.com\/product\/ghk-cu\/","name":"GHK-Cu Peptide 50mg | Factory-Direct \u010c\u00edna GMP laborato\u0159 - 99% Purity","isPartOf":{"@id":"https:\/\/hghpeptideslab.com\/#website"},"primaryImageOfPage":{"@id":"https:\/\/hghpeptideslab.com\/product\/ghk-cu\/#primaryimage"},"image":{"@id":"https:\/\/hghpeptideslab.com\/product\/ghk-cu\/#primaryimage"},"thumbnailUrl":"https:\/\/hghpeptideslab.com\/wp-content\/uploads\/2025\/08\/ghkcu50mg.jpg","datePublished":"2025-08-17T21:11:08+00:00","dateModified":"2025-10-21T22:18:51+00:00","description":"Objednejte si GHK-Cu 50mg z \u010d\u00ednsk\u00e9 laborato\u0159e GMP - 99% purity s HPLC\/COA. P\u0159\u00edm\u00fd prodej z tov\u00e1rny a rychl\u00e1 doprava po cel\u00e9m sv\u011bt\u011b pro v\u00fdzkum obnovy k\u016f\u017ee a vlas\u016f.","breadcrumb":{"@id":"https:\/\/hghpeptideslab.com\/product\/ghk-cu\/#breadcrumb"},"inLanguage":"cs","potentialAction":[{"@type":"ReadAction","target":["https:\/\/hghpeptideslab.com\/product\/ghk-cu\/"]}],"copyrightNotice":"\u00a9 2010\u20132026 HGH Peptides Lab. All Rights Reserved."},{"@type":"ImageObject","inLanguage":"cs","@id":"https:\/\/hghpeptideslab.com\/product\/ghk-cu\/#primaryimage","url":"https:\/\/hghpeptideslab.com\/wp-content\/uploads\/2025\/08\/ghkcu50mg.jpg","contentUrl":"https:\/\/hghpeptideslab.com\/wp-content\/uploads\/2025\/08\/ghkcu50mg.jpg","width":800,"height":800,"caption":"GHK-Cu 50mg vial (white lyophilized powder); factory direct, HPLC\/COA on request."},{"@type":"BreadcrumbList","@id":"https:\/\/hghpeptideslab.com\/product\/ghk-cu\/#breadcrumb","itemListElement":[{"@type":"ListItem","position":1,"name":"Home","item":"https:\/\/hghpeptideslab.com\/"},{"@type":"ListItem","position":2,"name":"Shop","item":"https:\/\/hghpeptideslab.com\/shop\/"},{"@type":"ListItem","position":3,"name":"GHK-Cu Peptide"}]},{"@type":"WebSite","@id":"https:\/\/hghpeptideslab.com\/#website","url":"https:\/\/hghpeptideslab.com\/","name":"HGH Peptides Lab","description":"Premium Peptides &amp; HGH Obchod","publisher":{"@id":"https:\/\/hghpeptideslab.com\/#organization"},"potentialAction":[{"@type":"SearchAction","target":{"@type":"EntryPoint","urlTemplate":"https:\/\/hghpeptideslab.com\/?s={search_term_string}"},"query-input":{"@type":"PropertyValueSpecification","valueRequired":true,"valueName":"search_term_string"}}],"inLanguage":"cs"},{"@type":"Organization","@id":"https:\/\/hghpeptideslab.com\/#organization","name":"HGH Peptides Lab","url":"https:\/\/hghpeptideslab.com\/cs\/","logo":{"@type":"ImageObject","url":"https:\/\/hghpeptideslab.com\/wp-content\/uploads\/2025\/07\/HGHPEPTIDESLAB-Logo.png"},"image":{"@id":"https:\/\/hghpeptideslab.com\/#\/schema\/logo\/image\/"},"foundingDate":"2010","contactPoint":[{"@type":"ContactPoint","contactType":"customer support","telephone":"+85247559641","email":"CYGGL2025@gmail.com","availableLanguage":["en"]}]}]}},"_links":{"self":[{"href":"https:\/\/hghpeptideslab.com\/cs\/wp-json\/wp\/v2\/product\/9148","targetHints":{"allow":["GET"]}}],"collection":[{"href":"https:\/\/hghpeptideslab.com\/cs\/wp-json\/wp\/v2\/product"}],"about":[{"href":"https:\/\/hghpeptideslab.com\/cs\/wp-json\/wp\/v2\/types\/product"}],"replies":[{"embeddable":true,"href":"https:\/\/hghpeptideslab.com\/cs\/wp-json\/wp\/v2\/comments?post=9148"}],"wp:featuredmedia":[{"embeddable":true,"href":"https:\/\/hghpeptideslab.com\/cs\/wp-json\/wp\/v2\/media\/9144"}],"wp:attachment":[{"href":"https:\/\/hghpeptideslab.com\/cs\/wp-json\/wp\/v2\/media?parent=9148"}],"wp:term":[{"taxonomy":"product_cat","embeddable":true,"href":"https:\/\/hghpeptideslab.com\/cs\/wp-json\/wp\/v2\/product_cat?post=9148"},{"taxonomy":"product_tag","embeddable":true,"href":"https:\/\/hghpeptideslab.com\/cs\/wp-json\/wp\/v2\/product_tag?post=9148"}],"curies":[{"name":"wp","href":"https:\/\/api.w.org\/{rel}","templated":true}]}}