{"id":9153,"date":"2025-08-17T21:41:33","date_gmt":"2025-08-17T21:41:33","guid":{"rendered":"https:\/\/hghpeptideslab.com\/?post_type=product&#038;p=9153"},"modified":"2026-01-16T19:02:19","modified_gmt":"2026-01-16T19:02:19","slug":"melanotan-ii-mt2","status":"publish","type":"product","link":"https:\/\/hghpeptideslab.com\/cs\/product\/melanotan-ii-mt2\/","title":{"rendered":"Melanotan II (MT2) Peptide"},"content":{"rendered":"<h3>P\u0159ehled<\/h3>\n<p>Melanotan II (MT2) je v\u00fdzkumn\u00fd peptid zapojen\u00fd do melanokortinov\u00fdch receptorov\u00fdch drah, \u0161iroce zmi\u0148ovan\u00fd ve studi\u00edch o <em>melanogeneze<\/em>, pigmentace k\u016f\u017ee a modely fotoprotekce. N\u00e1\u0161 materi\u00e1l je <strong>GMP-vyrobeno<\/strong> peptid farmaceutick\u00e9 kvality s <strong>99%+ \u010distota<\/strong>. <strong>HPLC\/COA<\/strong> je k dispozici na vy\u017e\u00e1d\u00e1n\u00ed.<\/p>\n<h3>Kl\u00ed\u010dov\u00e9 vlastnosti<\/h3>\n<ul>\n<li><strong>S\u00edla:<\/strong> 10 mg na vial<\/li>\n<li><strong>Velikost Kit:<\/strong> 10 vials\/sada<\/li>\n<li>White lyophilized powder pro flexibiln\u00ed protokoly kosmetick\u00e9ho v\u00fdzkumu<\/li>\n<li>Dokumentace: HPLC chromatogram \/ COA na vy\u017e\u00e1d\u00e1n\u00ed<\/li>\n<\/ul>\n<h3>Typick\u00e1 zam\u011b\u0159en\u00ed v\u00fdzkumu<\/h3>\n<ul>\n<li>V\u00fdzkum melanogeneze a pigmentace<\/li>\n<li>Fotoprotekce a kosmetick\u00e9 modely reaguj\u00edc\u00ed na UV z\u00e1\u0159en\u00ed<\/li>\n<li>Screening topick\u00fdch p\u0159\u00edpravk\u016f\/vehikul\u016f a ko\u017en\u00ed studie ex vivo<\/li>\n<li>Vzhled a t\u00f3nov\u00e1n\u00ed kosmetick\u00fdch koncept\u016f<\/li>\n<\/ul>\n<h3>Skladov\u00e1n\u00ed a stabilita<\/h3>\n<ul>\n<li>Skladujte uzav\u0159en\u00e9 p\u0159i <strong>2-8 \u00b0C<\/strong>; chr\u00e1n\u00ed p\u0159ed sv\u011btlem a vlhkost\u00ed<\/li>\n<li>Rekonstituovan\u00e9 roztoky pou\u017e\u00edvejte neprodlen\u011b za vhodn\u00fdch laboratorn\u00edch podm\u00ednek.<\/li>\n<\/ul>\n<h3>Pozn\u00e1mky<\/h3>\n<ul>\n<li>Vyrobeno v <strong>Kompatibiln\u00ed s GMP<\/strong> za\u0159\u00edzen\u00ed; \u0159\u00edzen\u00ed proces\u016f na farmaceutick\u00e9 \u00farovni<\/li>\n<li><strong>CAS:<\/strong> 121062-08-6; <strong>HPLC\/COA<\/strong> k dispozici na vy\u017e\u00e1d\u00e1n\u00ed<\/li>\n<li>Pouze pro laboratorn\u00ed v\u00fdzkum. V\u00fdrobky nejsou ozna\u010deny pro l\u00e9ka\u0159sk\u00e9 pou\u017eit\u00ed.<\/li>\n<\/ul>","protected":false},"excerpt":{"rendered":"<p><strong>Jm\u00e9no:<\/strong> 99% Purity Melanotan II (MT2) peptidov\u00fd pr\u00e1\u0161ek<br \/>\n<strong>Funkce:<\/strong> V\u00fdzkum pigmentace a fotoprotekce k\u016f\u017ee; studie opalovac\u00edch drah a melanogeneze.<br \/>\n<strong>Specifikace:<\/strong> 10 mg na vial; 10 vials\/sada<br \/>\n<strong>CAS:<\/strong> 121062-08-6<br \/>\n<strong>Vzhled:<\/strong> White lyophilized powder<\/p>","protected":false},"featured_media":9150,"comment_status":"open","ping_status":"closed","template":"","meta":[],"product_cat":[56,60],"product_tag":[131,167,165],"class_list":{"0":"post-9153","1":"product","2":"type-product","3":"status-publish","4":"has-post-thumbnail","6":"product_brand-dp-hghpeptides","7":"product_brand-hgh-peptides-lab","8":"product_cat-cosmetic-peptides","9":"product_cat-specialty-peptides","10":"product_tag-melanotan-2","11":"product_tag-overall-wellness-peptides","12":"product_tag-skin-beauty-peptides","14":"first","15":"instock","16":"featured","17":"shipping-taxable","18":"purchasable","19":"product-type-simple"},"yoast_head":"<!-- This site is optimized with the Yoast SEO Premium plugin v27.5 (Yoast SEO v27.5) - https:\/\/yoast.com\/product\/yoast-seo-premium-wordpress\/ -->\n<title>Melanotan II (MT2) Peptide 10mg | Factory-Direct China GMP Lab \u2013 99% Purity<\/title>\n<meta name=\"description\" content=\"Order Melanotan II (MT2) 10mg from a China-based GMP lab \u2014 99% purity with HPLC\/COA. Factory-direct selling and fast worldwide shipping for pigmentation research.\" \/>\n<meta name=\"robots\" content=\"index, follow, max-snippet:-1, max-image-preview:large, max-video-preview:-1\" \/>\n<link rel=\"canonical\" href=\"https:\/\/hghpeptideslab.com\/cs\/product\/melanotan-ii-mt2\/\" \/>\n<meta property=\"og:locale\" content=\"cs_CZ\" \/>\n<meta property=\"og:type\" content=\"article\" \/>\n<meta property=\"og:title\" content=\"Melanotan II (MT2) Peptide\" \/>\n<meta property=\"og:description\" content=\"Order Melanotan II (MT2) 10mg from a China-based GMP lab \u2014 99% purity with HPLC\/COA. Factory-direct selling and fast worldwide shipping for pigmentation research.\" \/>\n<meta property=\"og:url\" content=\"https:\/\/hghpeptideslab.com\/cs\/product\/melanotan-ii-mt2\/\" \/>\n<meta property=\"og:site_name\" content=\"HGH Peptides Lab\" \/>\n<meta property=\"article:modified_time\" content=\"2026-01-16T19:02:19+00:00\" \/>\n<meta property=\"og:image\" content=\"https:\/\/hghpeptideslab.com\/wp-content\/uploads\/2025\/08\/melanotanii10mg.jpg\" \/>\n\t<meta property=\"og:image:width\" content=\"800\" \/>\n\t<meta property=\"og:image:height\" content=\"800\" \/>\n\t<meta property=\"og:image:type\" content=\"image\/jpeg\" \/>\n<meta name=\"twitter:card\" content=\"summary_large_image\" \/>\n<meta name=\"twitter:label1\" content=\"Odhadovan\u00e1 doba \u010dten\u00ed\" \/>\n\t<meta name=\"twitter:data1\" content=\"1 minuta\" \/>\n<script type=\"application\/ld+json\" class=\"yoast-schema-graph\">{\"@context\":\"https:\\\/\\\/schema.org\",\"@graph\":[{\"@type\":\"WebPage\",\"@id\":\"https:\\\/\\\/hghpeptideslab.com\\\/product\\\/melanotan-ii-mt2\\\/\",\"url\":\"https:\\\/\\\/hghpeptideslab.com\\\/product\\\/melanotan-ii-mt2\\\/\",\"name\":\"Melanotan II (MT2) Peptide 10mg | Factory-Direct China GMP Lab \u2013 99% Purity\",\"isPartOf\":{\"@id\":\"https:\\\/\\\/hghpeptideslab.com\\\/#website\"},\"primaryImageOfPage\":{\"@id\":\"https:\\\/\\\/hghpeptideslab.com\\\/product\\\/melanotan-ii-mt2\\\/#primaryimage\"},\"image\":{\"@id\":\"https:\\\/\\\/hghpeptideslab.com\\\/product\\\/melanotan-ii-mt2\\\/#primaryimage\"},\"thumbnailUrl\":\"https:\\\/\\\/hghpeptideslab.com\\\/wp-content\\\/uploads\\\/2025\\\/08\\\/melanotanii10mg.jpg\",\"datePublished\":\"2025-08-17T21:41:33+00:00\",\"dateModified\":\"2026-01-16T19:02:19+00:00\",\"description\":\"Order Melanotan II (MT2) 10mg from a China-based GMP lab \u2014 99% purity with HPLC\\\/COA. Factory-direct selling and fast worldwide shipping for pigmentation research.\",\"breadcrumb\":{\"@id\":\"https:\\\/\\\/hghpeptideslab.com\\\/product\\\/melanotan-ii-mt2\\\/#breadcrumb\"},\"inLanguage\":\"cs\",\"potentialAction\":[{\"@type\":\"ReadAction\",\"target\":[\"https:\\\/\\\/hghpeptideslab.com\\\/product\\\/melanotan-ii-mt2\\\/\"]}],\"copyrightNotice\":\"\u00a9 2010\u20132026 HGH Peptides Lab. All Rights Reserved.\"},{\"@type\":\"ImageObject\",\"inLanguage\":\"cs\",\"@id\":\"https:\\\/\\\/hghpeptideslab.com\\\/product\\\/melanotan-ii-mt2\\\/#primaryimage\",\"url\":\"https:\\\/\\\/hghpeptideslab.com\\\/wp-content\\\/uploads\\\/2025\\\/08\\\/melanotanii10mg.jpg\",\"contentUrl\":\"https:\\\/\\\/hghpeptideslab.com\\\/wp-content\\\/uploads\\\/2025\\\/08\\\/melanotanii10mg.jpg\",\"width\":800,\"height\":800,\"caption\":\"MT2 10mg vial (white lyophilized powder); factory direct, HPLC\\\/COA on request.\"},{\"@type\":\"BreadcrumbList\",\"@id\":\"https:\\\/\\\/hghpeptideslab.com\\\/product\\\/melanotan-ii-mt2\\\/#breadcrumb\",\"itemListElement\":[{\"@type\":\"ListItem\",\"position\":1,\"name\":\"Home\",\"item\":\"https:\\\/\\\/hghpeptideslab.com\\\/\"},{\"@type\":\"ListItem\",\"position\":2,\"name\":\"Shop\",\"item\":\"https:\\\/\\\/hghpeptideslab.com\\\/shop\\\/\"},{\"@type\":\"ListItem\",\"position\":3,\"name\":\"Melanotan II (MT2) Peptide\"}]},{\"@type\":\"WebSite\",\"@id\":\"https:\\\/\\\/hghpeptideslab.com\\\/#website\",\"url\":\"https:\\\/\\\/hghpeptideslab.com\\\/\",\"name\":\"HGH Peptides Lab\",\"description\":\"Premium Peptides &amp; HGH Shop\",\"publisher\":{\"@id\":\"https:\\\/\\\/hghpeptideslab.com\\\/#organization\"},\"potentialAction\":[{\"@type\":\"SearchAction\",\"target\":{\"@type\":\"EntryPoint\",\"urlTemplate\":\"https:\\\/\\\/hghpeptideslab.com\\\/?s={search_term_string}\"},\"query-input\":{\"@type\":\"PropertyValueSpecification\",\"valueRequired\":true,\"valueName\":\"search_term_string\"}}],\"inLanguage\":\"cs\"},{\"@type\":\"Organization\",\"@id\":\"https:\\\/\\\/hghpeptideslab.com\\\/#organization\",\"name\":\"HGH Peptides Lab\",\"url\":\"https:\\\/\\\/hghpeptideslab.com\\\/cs\\\/\",\"logo\":{\"@type\":\"ImageObject\",\"url\":\"https:\\\/\\\/hghpeptideslab.com\\\/wp-content\\\/uploads\\\/2025\\\/07\\\/HGHPEPTIDESLAB-Logo.png\"},\"image\":{\"@id\":\"https:\\\/\\\/hghpeptideslab.com\\\/#\\\/schema\\\/logo\\\/image\\\/\"},\"foundingDate\":\"2010\",\"contactPoint\":[{\"@type\":\"ContactPoint\",\"contactType\":\"customer support\",\"telephone\":\"+85247559641\",\"email\":\"CYGGL2025@gmail.com\",\"availableLanguage\":[\"en\"]}]}]}<\/script>\n<!-- \/ Yoast SEO Premium plugin. -->","yoast_head_json":{"title":"Melanotan II (MT2) Peptide 10mg | Factory-Direct \u010c\u00edna GMP laborato\u0159 - 99% Purity","description":"Objednejte si Melanotan II (MT2) 10mg z \u010d\u00ednsk\u00e9 laborato\u0159e GMP - 99% purity s HPLC\/COA. P\u0159\u00edm\u00fd prodej z tov\u00e1rny a rychl\u00e1 doprava po cel\u00e9m sv\u011bt\u011b pro v\u00fdzkum pigmentace.","robots":{"index":"index","follow":"follow","max-snippet":"max-snippet:-1","max-image-preview":"max-image-preview:large","max-video-preview":"max-video-preview:-1"},"canonical":"https:\/\/hghpeptideslab.com\/cs\/product\/melanotan-ii-mt2\/","og_locale":"cs_CZ","og_type":"article","og_title":"Melanotan II (MT2) Peptide","og_description":"Order Melanotan II (MT2) 10mg from a China-based GMP lab \u2014 99% purity with HPLC\/COA. Factory-direct selling and fast worldwide shipping for pigmentation research.","og_url":"https:\/\/hghpeptideslab.com\/cs\/product\/melanotan-ii-mt2\/","og_site_name":"HGH Peptides Lab","article_modified_time":"2026-01-16T19:02:19+00:00","og_image":[{"width":800,"height":800,"url":"https:\/\/hghpeptideslab.com\/wp-content\/uploads\/2025\/08\/melanotanii10mg.jpg","type":"image\/jpeg"}],"twitter_card":"summary_large_image","twitter_misc":{"Odhadovan\u00e1 doba \u010dten\u00ed":"1 minuta"},"schema":{"@context":"https:\/\/schema.org","@graph":[{"@type":"WebPage","@id":"https:\/\/hghpeptideslab.com\/product\/melanotan-ii-mt2\/","url":"https:\/\/hghpeptideslab.com\/product\/melanotan-ii-mt2\/","name":"Melanotan II (MT2) Peptide 10mg | Factory-Direct \u010c\u00edna GMP laborato\u0159 - 99% Purity","isPartOf":{"@id":"https:\/\/hghpeptideslab.com\/#website"},"primaryImageOfPage":{"@id":"https:\/\/hghpeptideslab.com\/product\/melanotan-ii-mt2\/#primaryimage"},"image":{"@id":"https:\/\/hghpeptideslab.com\/product\/melanotan-ii-mt2\/#primaryimage"},"thumbnailUrl":"https:\/\/hghpeptideslab.com\/wp-content\/uploads\/2025\/08\/melanotanii10mg.jpg","datePublished":"2025-08-17T21:41:33+00:00","dateModified":"2026-01-16T19:02:19+00:00","description":"Objednejte si Melanotan II (MT2) 10mg z \u010d\u00ednsk\u00e9 laborato\u0159e GMP - 99% purity s HPLC\/COA. P\u0159\u00edm\u00fd prodej z tov\u00e1rny a rychl\u00e1 doprava po cel\u00e9m sv\u011bt\u011b pro v\u00fdzkum pigmentace.","breadcrumb":{"@id":"https:\/\/hghpeptideslab.com\/product\/melanotan-ii-mt2\/#breadcrumb"},"inLanguage":"cs","potentialAction":[{"@type":"ReadAction","target":["https:\/\/hghpeptideslab.com\/product\/melanotan-ii-mt2\/"]}],"copyrightNotice":"\u00a9 2010\u20132026 HGH Peptides Lab. All Rights Reserved."},{"@type":"ImageObject","inLanguage":"cs","@id":"https:\/\/hghpeptideslab.com\/product\/melanotan-ii-mt2\/#primaryimage","url":"https:\/\/hghpeptideslab.com\/wp-content\/uploads\/2025\/08\/melanotanii10mg.jpg","contentUrl":"https:\/\/hghpeptideslab.com\/wp-content\/uploads\/2025\/08\/melanotanii10mg.jpg","width":800,"height":800,"caption":"MT2 10mg vial (white lyophilized powder); factory direct, HPLC\/COA on request."},{"@type":"BreadcrumbList","@id":"https:\/\/hghpeptideslab.com\/product\/melanotan-ii-mt2\/#breadcrumb","itemListElement":[{"@type":"ListItem","position":1,"name":"Home","item":"https:\/\/hghpeptideslab.com\/"},{"@type":"ListItem","position":2,"name":"Shop","item":"https:\/\/hghpeptideslab.com\/shop\/"},{"@type":"ListItem","position":3,"name":"Melanotan II (MT2) Peptide"}]},{"@type":"WebSite","@id":"https:\/\/hghpeptideslab.com\/#website","url":"https:\/\/hghpeptideslab.com\/","name":"HGH Peptides Lab","description":"Premium Peptides &amp; HGH Obchod","publisher":{"@id":"https:\/\/hghpeptideslab.com\/#organization"},"potentialAction":[{"@type":"SearchAction","target":{"@type":"EntryPoint","urlTemplate":"https:\/\/hghpeptideslab.com\/?s={search_term_string}"},"query-input":{"@type":"PropertyValueSpecification","valueRequired":true,"valueName":"search_term_string"}}],"inLanguage":"cs"},{"@type":"Organization","@id":"https:\/\/hghpeptideslab.com\/#organization","name":"HGH Peptides Lab","url":"https:\/\/hghpeptideslab.com\/cs\/","logo":{"@type":"ImageObject","url":"https:\/\/hghpeptideslab.com\/wp-content\/uploads\/2025\/07\/HGHPEPTIDESLAB-Logo.png"},"image":{"@id":"https:\/\/hghpeptideslab.com\/#\/schema\/logo\/image\/"},"foundingDate":"2010","contactPoint":[{"@type":"ContactPoint","contactType":"customer support","telephone":"+85247559641","email":"CYGGL2025@gmail.com","availableLanguage":["en"]}]}]}},"_links":{"self":[{"href":"https:\/\/hghpeptideslab.com\/cs\/wp-json\/wp\/v2\/product\/9153","targetHints":{"allow":["GET"]}}],"collection":[{"href":"https:\/\/hghpeptideslab.com\/cs\/wp-json\/wp\/v2\/product"}],"about":[{"href":"https:\/\/hghpeptideslab.com\/cs\/wp-json\/wp\/v2\/types\/product"}],"replies":[{"embeddable":true,"href":"https:\/\/hghpeptideslab.com\/cs\/wp-json\/wp\/v2\/comments?post=9153"}],"wp:featuredmedia":[{"embeddable":true,"href":"https:\/\/hghpeptideslab.com\/cs\/wp-json\/wp\/v2\/media\/9150"}],"wp:attachment":[{"href":"https:\/\/hghpeptideslab.com\/cs\/wp-json\/wp\/v2\/media?parent=9153"}],"wp:term":[{"taxonomy":"product_cat","embeddable":true,"href":"https:\/\/hghpeptideslab.com\/cs\/wp-json\/wp\/v2\/product_cat?post=9153"},{"taxonomy":"product_tag","embeddable":true,"href":"https:\/\/hghpeptideslab.com\/cs\/wp-json\/wp\/v2\/product_tag?post=9153"}],"curies":[{"name":"wp","href":"https:\/\/api.w.org\/{rel}","templated":true}]}}