{"id":9166,"date":"2025-08-18T00:54:14","date_gmt":"2025-08-18T00:54:14","guid":{"rendered":"https:\/\/hghpeptideslab.com\/?post_type=product&#038;p=9166"},"modified":"2025-10-22T18:42:38","modified_gmt":"2025-10-22T18:42:38","slug":"ghrp-6","status":"publish","type":"product","link":"https:\/\/hghpeptideslab.com\/cs\/product\/ghrp-6\/","title":{"rendered":"GHRP-6 (Peptide-6 uvol\u0148uj\u00edc\u00ed r\u016fstov\u00fd hormon) Peptide"},"content":{"rendered":"<h3>P\u0159ehled<\/h3>\n<p>GHRP-6 je ghrelin-mimetick\u00fd sekretagog r\u016fstov\u00e9ho hormonu, kter\u00fd je \u010dasto zmi\u0148ov\u00e1n ve studi\u00edch uvol\u0148ov\u00e1n\u00ed GH, zotaven\u00ed a chuti k j\u00eddlu. N\u00e1\u0161 materi\u00e1l je <strong>GMP-vyrobeno<\/strong> s <strong>99%+ \u010distota<\/strong>. <strong>HPLC\/COA<\/strong> dokumentace je k dispozici na vy\u017e\u00e1d\u00e1n\u00ed.<\/p>\n<h3>Kl\u00ed\u010dov\u00e9 vlastnosti<\/h3>\n<ul>\n<li>Siln\u00e9 str\u00e1nky: <strong>5 mg<\/strong>, <strong>10 mg<\/strong> za vial<\/li>\n<li>Velikost Kit:  <strong>10 vials\/sada<\/strong><\/li>\n<li>White lyophilized powder pro flexibiln\u00ed laboratorn\u00ed protokoly<\/li>\n<li>Chromatogram HPLC \/ COA k dispozici na vy\u017e\u00e1d\u00e1n\u00ed<\/li>\n<\/ul>\n<h3>Typick\u00e1 zam\u011b\u0159en\u00ed v\u00fdzkumu<\/h3>\n<ul>\n<li>Sekrece r\u016fstov\u00e9ho hormonu a sign\u00e1ln\u00ed mechanismy<\/li>\n<li>Modely svalov\u00e9ho r\u016fstu, regenerace a v\u00fdkonnosti<\/li>\n<li>Chu\u0165 k j\u00eddlu\/energetick\u00e1 rovnov\u00e1ha prost\u0159ednictv\u00edm studi\u00ed osy ghrelinu<\/li>\n<li>Souvislost s koncepty zotaven\u00ed p\u0159i odporov\u00e9m tr\u00e9ninku<\/li>\n<\/ul>\n<h3>Skladov\u00e1n\u00ed a stabilita<\/h3>\n<ul>\n<li>Skladujte uzav\u0159en\u00e9 p\u0159i <strong>2-8 \u00b0C<\/strong>, chr\u00e1n\u011bn\u00e9 p\u0159ed sv\u011btlem a vlhkost\u00ed<\/li>\n<li>Rekonstituovan\u00e9 roztoky pou\u017e\u00edvejte neprodlen\u011b za vhodn\u00fdch laboratorn\u00edch podm\u00ednek.<\/li>\n<\/ul>\n<h3>Pozn\u00e1mky<\/h3>\n<ul>\n<li>Vyrobeno v <strong>Kompatibiln\u00ed s GMP<\/strong> za\u0159\u00edzen\u00ed; \u0159\u00edzen\u00ed proces\u016f na farmaceutick\u00e9 \u00farovni<\/li>\n<li><strong>CAS:<\/strong> 87616-84-0; <strong>HPLC\/COA<\/strong> k dispozici na vy\u017e\u00e1d\u00e1n\u00ed<\/li>\n<li>Pouze pro laboratorn\u00ed v\u00fdzkum. V\u00fdrobky nejsou ozna\u010deny pro l\u00e9ka\u0159sk\u00e9 pou\u017eit\u00ed.<\/li>\n<\/ul>\n<p><span data-mce-type=\"bookmark\" style=\"display: inline-block; width: 0px; overflow: hidden; line-height: 0;\" class=\"mce_SELRES_start\"><\/span><\/p>","protected":false},"excerpt":{"rendered":"<p><strong>Jm\u00e9no:<\/strong> 99% Purity GHRP-6 peptidov\u00fd pr\u00e1\u0161ek<br \/>\n<strong>Funkce:<\/strong> Studie sekrece GH a svalov\u00e9ho r\u016fstu; modulace chuti k j\u00eddlu<br \/>\n<strong>Specifikace:<\/strong> 5 mg a 10 mg na vial; 10 vials\/sada<br \/>\n<strong>CAS:<\/strong> 87616-84-0<br \/>\n<strong>Vzhled:<\/strong> White lyophilized powder<\/p>","protected":false},"featured_media":9163,"comment_status":"open","ping_status":"closed","template":"","meta":[],"product_cat":[40],"product_tag":[140,160,158],"class_list":{"0":"post-9166","1":"product","2":"type-product","3":"status-publish","4":"has-post-thumbnail","6":"product_brand-dp-hghpeptides","7":"product_brand-hgh-peptides-lab","8":"product_cat-peptides-for-muscle-growth","9":"product_tag-ghrp-6","10":"product_tag-muscle-growth-performance-peptides","11":"product_tag-recovery-tissue-repair-peptides","13":"first","14":"instock","15":"shipping-taxable","16":"purchasable","17":"product-type-variable","18":"has-default-attributes"},"yoast_head":"<!-- This site is optimized with the Yoast SEO Premium plugin v27.3 (Yoast SEO v27.3) - https:\/\/yoast.com\/product\/yoast-seo-premium-wordpress\/ -->\n<title>GHRP-6 Peptide 5mg | Factory-Direct China \u2013 GMP-Manufactured<\/title>\n<meta name=\"description\" content=\"Buy GHRP-6 5mg direct from a China-based GMP lab. 99% purity with HPLC\/COA. Factory-direct selling, fast worldwide shipping for GH secretion and recovery studies.\" \/>\n<meta name=\"robots\" content=\"index, follow, max-snippet:-1, max-image-preview:large, max-video-preview:-1\" \/>\n<link rel=\"canonical\" href=\"https:\/\/hghpeptideslab.com\/cs\/product\/ghrp-6\/\" \/>\n<meta property=\"og:locale\" content=\"cs_CZ\" \/>\n<meta property=\"og:type\" content=\"article\" \/>\n<meta property=\"og:title\" content=\"GHRP-6 (Growth Hormone Releasing Peptide-6) Peptide\" \/>\n<meta property=\"og:description\" content=\"Buy GHRP-6 5mg direct from a China-based GMP lab. 99% purity with HPLC\/COA. Factory-direct selling, fast worldwide shipping for GH secretion and recovery studies.\" \/>\n<meta property=\"og:url\" content=\"https:\/\/hghpeptideslab.com\/cs\/product\/ghrp-6\/\" \/>\n<meta property=\"og:site_name\" content=\"HGH Peptides Lab\" \/>\n<meta property=\"article:modified_time\" content=\"2025-10-22T18:42:38+00:00\" \/>\n<meta property=\"og:image\" content=\"https:\/\/hghpeptideslab.com\/wp-content\/uploads\/2025\/08\/ghrp-65mg.jpg\" \/>\n\t<meta property=\"og:image:width\" content=\"800\" \/>\n\t<meta property=\"og:image:height\" content=\"800\" \/>\n\t<meta property=\"og:image:type\" content=\"image\/jpeg\" \/>\n<meta name=\"twitter:card\" content=\"summary_large_image\" \/>\n<meta name=\"twitter:label1\" content=\"Odhadovan\u00e1 doba \u010dten\u00ed\" \/>\n\t<meta name=\"twitter:data1\" content=\"1 minuta\" \/>\n<script type=\"application\/ld+json\" class=\"yoast-schema-graph\">{\"@context\":\"https:\\\/\\\/schema.org\",\"@graph\":[{\"@type\":\"WebPage\",\"@id\":\"https:\\\/\\\/hghpeptideslab.com\\\/product\\\/ghrp-6\\\/\",\"url\":\"https:\\\/\\\/hghpeptideslab.com\\\/product\\\/ghrp-6\\\/\",\"name\":\"GHRP-6 Peptide 5mg | Factory-Direct China \u2013 GMP-Manufactured\",\"isPartOf\":{\"@id\":\"https:\\\/\\\/hghpeptideslab.com\\\/#website\"},\"primaryImageOfPage\":{\"@id\":\"https:\\\/\\\/hghpeptideslab.com\\\/product\\\/ghrp-6\\\/#primaryimage\"},\"image\":{\"@id\":\"https:\\\/\\\/hghpeptideslab.com\\\/product\\\/ghrp-6\\\/#primaryimage\"},\"thumbnailUrl\":\"https:\\\/\\\/hghpeptideslab.com\\\/wp-content\\\/uploads\\\/2025\\\/08\\\/ghrp-65mg.jpg\",\"datePublished\":\"2025-08-18T00:54:14+00:00\",\"dateModified\":\"2025-10-22T18:42:38+00:00\",\"description\":\"Buy GHRP-6 5mg direct from a China-based GMP lab. 99% purity with HPLC\\\/COA. Factory-direct selling, fast worldwide shipping for GH secretion and recovery studies.\",\"breadcrumb\":{\"@id\":\"https:\\\/\\\/hghpeptideslab.com\\\/product\\\/ghrp-6\\\/#breadcrumb\"},\"inLanguage\":\"cs\",\"potentialAction\":[{\"@type\":\"ReadAction\",\"target\":[\"https:\\\/\\\/hghpeptideslab.com\\\/product\\\/ghrp-6\\\/\"]}],\"copyrightNotice\":\"\u00a9 2010\u20132026 HGH Peptides Lab. All Rights Reserved.\"},{\"@type\":\"ImageObject\",\"inLanguage\":\"cs\",\"@id\":\"https:\\\/\\\/hghpeptideslab.com\\\/product\\\/ghrp-6\\\/#primaryimage\",\"url\":\"https:\\\/\\\/hghpeptideslab.com\\\/wp-content\\\/uploads\\\/2025\\\/08\\\/ghrp-65mg.jpg\",\"contentUrl\":\"https:\\\/\\\/hghpeptideslab.com\\\/wp-content\\\/uploads\\\/2025\\\/08\\\/ghrp-65mg.jpg\",\"width\":800,\"height\":800,\"caption\":\"5mg GHRP-6 vial (white lyophilized powder); factory direct with HPLC\\\/COA on request.\"},{\"@type\":\"BreadcrumbList\",\"@id\":\"https:\\\/\\\/hghpeptideslab.com\\\/product\\\/ghrp-6\\\/#breadcrumb\",\"itemListElement\":[{\"@type\":\"ListItem\",\"position\":1,\"name\":\"Home\",\"item\":\"https:\\\/\\\/hghpeptideslab.com\\\/\"},{\"@type\":\"ListItem\",\"position\":2,\"name\":\"Shop\",\"item\":\"https:\\\/\\\/hghpeptideslab.com\\\/shop\\\/\"},{\"@type\":\"ListItem\",\"position\":3,\"name\":\"GHRP-6 (Growth Hormone Releasing Peptide-6) Peptide\"}]},{\"@type\":\"WebSite\",\"@id\":\"https:\\\/\\\/hghpeptideslab.com\\\/#website\",\"url\":\"https:\\\/\\\/hghpeptideslab.com\\\/\",\"name\":\"HGH Peptides Lab\",\"description\":\"Premium Peptides &amp; HGH Shop\",\"publisher\":{\"@id\":\"https:\\\/\\\/hghpeptideslab.com\\\/#organization\"},\"potentialAction\":[{\"@type\":\"SearchAction\",\"target\":{\"@type\":\"EntryPoint\",\"urlTemplate\":\"https:\\\/\\\/hghpeptideslab.com\\\/?s={search_term_string}\"},\"query-input\":{\"@type\":\"PropertyValueSpecification\",\"valueRequired\":true,\"valueName\":\"search_term_string\"}}],\"inLanguage\":\"cs\"},{\"@type\":\"Organization\",\"@id\":\"https:\\\/\\\/hghpeptideslab.com\\\/#organization\",\"name\":\"HGH Peptides Lab\",\"url\":\"https:\\\/\\\/hghpeptideslab.com\\\/cs\\\/\",\"logo\":{\"@type\":\"ImageObject\",\"url\":\"https:\\\/\\\/hghpeptideslab.com\\\/wp-content\\\/uploads\\\/2025\\\/07\\\/HGHPEPTIDESLAB-Logo.png\"},\"image\":{\"@id\":\"https:\\\/\\\/hghpeptideslab.com\\\/#\\\/schema\\\/logo\\\/image\\\/\"},\"foundingDate\":\"2010\",\"contactPoint\":[{\"@type\":\"ContactPoint\",\"contactType\":\"customer support\",\"telephone\":\"+85247559641\",\"email\":\"CYGGL2025@gmail.com\",\"availableLanguage\":[\"en\"]}]}]}<\/script>\n<!-- \/ Yoast SEO Premium plugin. -->","yoast_head_json":{"title":"GHRP-6 Peptide 5mg | Factory-Direct \u010c\u00edna - GMP-v\u00fdrobce","description":"Kupte si GHRP-6 5mg p\u0159\u00edmo z \u010d\u00ednsk\u00e9 laborato\u0159e GMP. 99% purity s HPLC\/COA. P\u0159\u00edm\u00fd prodej z tov\u00e1rny, rychl\u00e1 doprava po cel\u00e9m sv\u011bt\u011b pro studie sekrece a zotaven\u00ed GH.","robots":{"index":"index","follow":"follow","max-snippet":"max-snippet:-1","max-image-preview":"max-image-preview:large","max-video-preview":"max-video-preview:-1"},"canonical":"https:\/\/hghpeptideslab.com\/cs\/product\/ghrp-6\/","og_locale":"cs_CZ","og_type":"article","og_title":"GHRP-6 (Growth Hormone Releasing Peptide-6) Peptide","og_description":"Buy GHRP-6 5mg direct from a China-based GMP lab. 99% purity with HPLC\/COA. Factory-direct selling, fast worldwide shipping for GH secretion and recovery studies.","og_url":"https:\/\/hghpeptideslab.com\/cs\/product\/ghrp-6\/","og_site_name":"HGH Peptides Lab","article_modified_time":"2025-10-22T18:42:38+00:00","og_image":[{"width":800,"height":800,"url":"https:\/\/hghpeptideslab.com\/wp-content\/uploads\/2025\/08\/ghrp-65mg.jpg","type":"image\/jpeg"}],"twitter_card":"summary_large_image","twitter_misc":{"Odhadovan\u00e1 doba \u010dten\u00ed":"1 minuta"},"schema":{"@context":"https:\/\/schema.org","@graph":[{"@type":"WebPage","@id":"https:\/\/hghpeptideslab.com\/product\/ghrp-6\/","url":"https:\/\/hghpeptideslab.com\/product\/ghrp-6\/","name":"GHRP-6 Peptide 5mg | Factory-Direct \u010c\u00edna - GMP-v\u00fdrobce","isPartOf":{"@id":"https:\/\/hghpeptideslab.com\/#website"},"primaryImageOfPage":{"@id":"https:\/\/hghpeptideslab.com\/product\/ghrp-6\/#primaryimage"},"image":{"@id":"https:\/\/hghpeptideslab.com\/product\/ghrp-6\/#primaryimage"},"thumbnailUrl":"https:\/\/hghpeptideslab.com\/wp-content\/uploads\/2025\/08\/ghrp-65mg.jpg","datePublished":"2025-08-18T00:54:14+00:00","dateModified":"2025-10-22T18:42:38+00:00","description":"Kupte si GHRP-6 5mg p\u0159\u00edmo z \u010d\u00ednsk\u00e9 laborato\u0159e GMP. 99% purity s HPLC\/COA. P\u0159\u00edm\u00fd prodej z tov\u00e1rny, rychl\u00e1 doprava po cel\u00e9m sv\u011bt\u011b pro studie sekrece a zotaven\u00ed GH.","breadcrumb":{"@id":"https:\/\/hghpeptideslab.com\/product\/ghrp-6\/#breadcrumb"},"inLanguage":"cs","potentialAction":[{"@type":"ReadAction","target":["https:\/\/hghpeptideslab.com\/product\/ghrp-6\/"]}],"copyrightNotice":"\u00a9 2010\u20132026 HGH Peptides Lab. All Rights Reserved."},{"@type":"ImageObject","inLanguage":"cs","@id":"https:\/\/hghpeptideslab.com\/product\/ghrp-6\/#primaryimage","url":"https:\/\/hghpeptideslab.com\/wp-content\/uploads\/2025\/08\/ghrp-65mg.jpg","contentUrl":"https:\/\/hghpeptideslab.com\/wp-content\/uploads\/2025\/08\/ghrp-65mg.jpg","width":800,"height":800,"caption":"5mg GHRP-6 vial (white lyophilized powder); factory direct with HPLC\/COA on request."},{"@type":"BreadcrumbList","@id":"https:\/\/hghpeptideslab.com\/product\/ghrp-6\/#breadcrumb","itemListElement":[{"@type":"ListItem","position":1,"name":"Home","item":"https:\/\/hghpeptideslab.com\/"},{"@type":"ListItem","position":2,"name":"Shop","item":"https:\/\/hghpeptideslab.com\/shop\/"},{"@type":"ListItem","position":3,"name":"GHRP-6 (Growth Hormone Releasing Peptide-6) Peptide"}]},{"@type":"WebSite","@id":"https:\/\/hghpeptideslab.com\/#website","url":"https:\/\/hghpeptideslab.com\/","name":"HGH Peptides Lab","description":"Premium Peptides &amp; HGH Obchod","publisher":{"@id":"https:\/\/hghpeptideslab.com\/#organization"},"potentialAction":[{"@type":"SearchAction","target":{"@type":"EntryPoint","urlTemplate":"https:\/\/hghpeptideslab.com\/?s={search_term_string}"},"query-input":{"@type":"PropertyValueSpecification","valueRequired":true,"valueName":"search_term_string"}}],"inLanguage":"cs"},{"@type":"Organization","@id":"https:\/\/hghpeptideslab.com\/#organization","name":"HGH Peptides Lab","url":"https:\/\/hghpeptideslab.com\/cs\/","logo":{"@type":"ImageObject","url":"https:\/\/hghpeptideslab.com\/wp-content\/uploads\/2025\/07\/HGHPEPTIDESLAB-Logo.png"},"image":{"@id":"https:\/\/hghpeptideslab.com\/#\/schema\/logo\/image\/"},"foundingDate":"2010","contactPoint":[{"@type":"ContactPoint","contactType":"customer support","telephone":"+85247559641","email":"CYGGL2025@gmail.com","availableLanguage":["en"]}]}]}},"_links":{"self":[{"href":"https:\/\/hghpeptideslab.com\/cs\/wp-json\/wp\/v2\/product\/9166","targetHints":{"allow":["GET"]}}],"collection":[{"href":"https:\/\/hghpeptideslab.com\/cs\/wp-json\/wp\/v2\/product"}],"about":[{"href":"https:\/\/hghpeptideslab.com\/cs\/wp-json\/wp\/v2\/types\/product"}],"replies":[{"embeddable":true,"href":"https:\/\/hghpeptideslab.com\/cs\/wp-json\/wp\/v2\/comments?post=9166"}],"wp:featuredmedia":[{"embeddable":true,"href":"https:\/\/hghpeptideslab.com\/cs\/wp-json\/wp\/v2\/media\/9163"}],"wp:attachment":[{"href":"https:\/\/hghpeptideslab.com\/cs\/wp-json\/wp\/v2\/media?parent=9166"}],"wp:term":[{"taxonomy":"product_cat","embeddable":true,"href":"https:\/\/hghpeptideslab.com\/cs\/wp-json\/wp\/v2\/product_cat?post=9166"},{"taxonomy":"product_tag","embeddable":true,"href":"https:\/\/hghpeptideslab.com\/cs\/wp-json\/wp\/v2\/product_tag?post=9166"}],"curies":[{"name":"wp","href":"https:\/\/api.w.org\/{rel}","templated":true}]}}