{"id":9191,"date":"2025-08-18T02:45:54","date_gmt":"2025-08-18T02:45:54","guid":{"rendered":"https:\/\/hghpeptideslab.com\/?post_type=product&#038;p=9191"},"modified":"2025-10-22T20:43:29","modified_gmt":"2025-10-22T20:43:29","slug":"myostatin","status":"publish","type":"product","link":"https:\/\/hghpeptideslab.com\/cs\/product\/myostatin\/","title":{"rendered":"Myostatin Peptide"},"content":{"rendered":"<h3>P\u0159ehled<\/h3>\n<p>Myostatin (GDF-8) je \u0161iroce zmi\u0148ov\u00e1n ve v\u00fdzkumu v\u00fdvoje kostern\u00edho svalstva a regulace r\u016fstu.<br \/>\nN\u00e1\u0161 materi\u00e1l je <strong>GMP-vyrobeno<\/strong> (surovina farmaceutick\u00e9 kvality) s <strong>99%+ \u010distota<\/strong>.<br \/>\nHPLC\/COA je k dispozici na vy\u017e\u00e1d\u00e1n\u00ed.<\/p>\n<h3>Kl\u00ed\u010dov\u00e9 vlastnosti<\/h3>\n<ul>\n<li>Jedin\u00e1 s\u00edla: <strong>1 mg<\/strong> za vial<\/li>\n<li>Velikost Kit: <strong>10 vials\/Kit<\/strong><\/li>\n<li>White lyophilized powder pro flexibiln\u00ed v\u00fdzkumn\u00e9 protokoly<\/li>\n<li>HPLC\/COA dokumentace na vy\u017e\u00e1d\u00e1n\u00ed<\/li>\n<\/ul>\n<h3>Typick\u00e1 zam\u011b\u0159en\u00ed v\u00fdzkumu<\/h3>\n<ul>\n<li>Dr\u00e1ha Myostatin a modely modulace r\u016fstu sval\u016f<\/li>\n<li>Mechanismy obnovy a regenerace sval\u016f<\/li>\n<li>Kombinovan\u00e9 studie s follistatinem nebo p\u0159\u00edbuzn\u00fdmi faktory<\/li>\n<li>Bun\u011b\u010dn\u00e9 testy signalizace hypertrofie\/atrofie<\/li>\n<\/ul>\n<h3>Skladov\u00e1n\u00ed a stabilita<\/h3>\n<ul>\n<li>Skladujte uzav\u0159en\u00e9 p\u0159i <strong>2-8 \u00b0C<\/strong>, chr\u00e1n\u011bn\u00e9 p\u0159ed sv\u011btlem a vlhkost\u00ed<\/li>\n<li>Rekonstituovan\u00e9 roztoky pou\u017e\u00edvejte neprodlen\u011b za vhodn\u00fdch laboratorn\u00edch podm\u00ednek.<\/li>\n<\/ul>\n<h3>Pozn\u00e1mky<\/h3>\n<ul>\n<li>Vyrobeno v <strong>Kompatibiln\u00ed s GMP<\/strong> za\u0159\u00edzen\u00ed<\/li>\n<li>HPLC\/COA k dispozici na vy\u017e\u00e1d\u00e1n\u00ed<\/li>\n<li>Pouze pro laboratorn\u00ed v\u00fdzkum. V\u00fdrobky nejsou ozna\u010deny pro l\u00e9ka\u0159sk\u00e9 pou\u017eit\u00ed.<\/li>\n<\/ul>","protected":false},"excerpt":{"rendered":"<p><strong>Jm\u00e9no:<\/strong> 99% Purity Myostatin peptidov\u00fd pr\u00e1\u0161ek<br \/>\n<strong>Funkce:<\/strong> V\u00fdzkum r\u016fstu sval\u016f; studie myostatinov\u00e9 dr\u00e1hy<br \/>\n<strong>Specifikace:<\/strong> 1 mg na vial; 10 vials\/sada<br \/>\n<strong>CAS:<\/strong> 271597-12-7<br \/>\n<strong>Vzhled:<\/strong> White lyophilized powder<\/p>","protected":false},"featured_media":9188,"comment_status":"open","ping_status":"closed","template":"","meta":[],"product_cat":[51,40,60],"product_tag":[160,155],"class_list":{"0":"post-9191","1":"product","2":"type-product","3":"status-publish","4":"has-post-thumbnail","6":"product_brand-dp-hghpeptides","7":"product_brand-hgh-peptides-lab","8":"product_cat-peptides-for-healing","9":"product_cat-peptides-for-muscle-growth","10":"product_cat-specialty-peptides","11":"product_tag-muscle-growth-performance-peptides","12":"product_tag-myostatin-inhibitor","14":"first","15":"instock","16":"shipping-taxable","17":"purchasable","18":"product-type-simple"},"yoast_head":"<!-- This site is optimized with the Yoast SEO Premium plugin v27.5 (Yoast SEO v27.5) - https:\/\/yoast.com\/product\/yoast-seo-premium-wordpress\/ -->\n<title>Myostatin Peptide 1mg | Factory Direct from China \u2013 HGH Peptides Lab<\/title>\n<meta name=\"description\" content=\"Buy Myostatin peptide 1mg (99% purity), GMP-manufactured and factory direct from China. Ask price &amp; bulk discounts; free shipping on $500+ orders.\" \/>\n<meta name=\"robots\" content=\"index, follow, max-snippet:-1, max-image-preview:large, max-video-preview:-1\" \/>\n<link rel=\"canonical\" href=\"https:\/\/hghpeptideslab.com\/cs\/product\/myostatin\/\" \/>\n<meta property=\"og:locale\" content=\"cs_CZ\" \/>\n<meta property=\"og:type\" content=\"article\" \/>\n<meta property=\"og:title\" content=\"Myostatin Peptide\" \/>\n<meta property=\"og:description\" content=\"Buy Myostatin peptide 1mg (99% purity), GMP-manufactured and factory direct from China. Ask price &amp; bulk discounts; free shipping on $500+ orders.\" \/>\n<meta property=\"og:url\" content=\"https:\/\/hghpeptideslab.com\/cs\/product\/myostatin\/\" \/>\n<meta property=\"og:site_name\" content=\"HGH Peptides Lab\" \/>\n<meta property=\"article:modified_time\" content=\"2025-10-22T20:43:29+00:00\" \/>\n<meta property=\"og:image\" content=\"https:\/\/hghpeptideslab.com\/wp-content\/uploads\/2025\/08\/myostatin1mg.jpg\" \/>\n\t<meta property=\"og:image:width\" content=\"800\" \/>\n\t<meta property=\"og:image:height\" content=\"800\" \/>\n\t<meta property=\"og:image:type\" content=\"image\/jpeg\" \/>\n<meta name=\"twitter:card\" content=\"summary_large_image\" \/>\n<meta name=\"twitter:label1\" content=\"Odhadovan\u00e1 doba \u010dten\u00ed\" \/>\n\t<meta name=\"twitter:data1\" content=\"1 minuta\" \/>\n<script type=\"application\/ld+json\" class=\"yoast-schema-graph\">{\"@context\":\"https:\\\/\\\/schema.org\",\"@graph\":[{\"@type\":\"WebPage\",\"@id\":\"https:\\\/\\\/hghpeptideslab.com\\\/product\\\/myostatin\\\/\",\"url\":\"https:\\\/\\\/hghpeptideslab.com\\\/product\\\/myostatin\\\/\",\"name\":\"Myostatin Peptide 1mg | Factory Direct from China \u2013 HGH Peptides Lab\",\"isPartOf\":{\"@id\":\"https:\\\/\\\/hghpeptideslab.com\\\/#website\"},\"primaryImageOfPage\":{\"@id\":\"https:\\\/\\\/hghpeptideslab.com\\\/product\\\/myostatin\\\/#primaryimage\"},\"image\":{\"@id\":\"https:\\\/\\\/hghpeptideslab.com\\\/product\\\/myostatin\\\/#primaryimage\"},\"thumbnailUrl\":\"https:\\\/\\\/hghpeptideslab.com\\\/wp-content\\\/uploads\\\/2025\\\/08\\\/myostatin1mg.jpg\",\"datePublished\":\"2025-08-18T02:45:54+00:00\",\"dateModified\":\"2025-10-22T20:43:29+00:00\",\"description\":\"Buy Myostatin peptide 1mg (99% purity), GMP-manufactured and factory direct from China. Ask price & bulk discounts; free shipping on $500+ orders.\",\"breadcrumb\":{\"@id\":\"https:\\\/\\\/hghpeptideslab.com\\\/product\\\/myostatin\\\/#breadcrumb\"},\"inLanguage\":\"cs\",\"potentialAction\":[{\"@type\":\"ReadAction\",\"target\":[\"https:\\\/\\\/hghpeptideslab.com\\\/product\\\/myostatin\\\/\"]}],\"copyrightNotice\":\"\u00a9 2010\u20132026 HGH Peptides Lab. All Rights Reserved.\"},{\"@type\":\"ImageObject\",\"inLanguage\":\"cs\",\"@id\":\"https:\\\/\\\/hghpeptideslab.com\\\/product\\\/myostatin\\\/#primaryimage\",\"url\":\"https:\\\/\\\/hghpeptideslab.com\\\/wp-content\\\/uploads\\\/2025\\\/08\\\/myostatin1mg.jpg\",\"contentUrl\":\"https:\\\/\\\/hghpeptideslab.com\\\/wp-content\\\/uploads\\\/2025\\\/08\\\/myostatin1mg.jpg\",\"width\":800,\"height\":800,\"caption\":\"1 mg per vial, 10 vials per kit; designed for muscle growth pathway research.\"},{\"@type\":\"BreadcrumbList\",\"@id\":\"https:\\\/\\\/hghpeptideslab.com\\\/product\\\/myostatin\\\/#breadcrumb\",\"itemListElement\":[{\"@type\":\"ListItem\",\"position\":1,\"name\":\"Home\",\"item\":\"https:\\\/\\\/hghpeptideslab.com\\\/\"},{\"@type\":\"ListItem\",\"position\":2,\"name\":\"Shop\",\"item\":\"https:\\\/\\\/hghpeptideslab.com\\\/shop\\\/\"},{\"@type\":\"ListItem\",\"position\":3,\"name\":\"Myostatin Peptide\"}]},{\"@type\":\"WebSite\",\"@id\":\"https:\\\/\\\/hghpeptideslab.com\\\/#website\",\"url\":\"https:\\\/\\\/hghpeptideslab.com\\\/\",\"name\":\"HGH Peptides Lab\",\"description\":\"Premium Peptides &amp; HGH Shop\",\"publisher\":{\"@id\":\"https:\\\/\\\/hghpeptideslab.com\\\/#organization\"},\"potentialAction\":[{\"@type\":\"SearchAction\",\"target\":{\"@type\":\"EntryPoint\",\"urlTemplate\":\"https:\\\/\\\/hghpeptideslab.com\\\/?s={search_term_string}\"},\"query-input\":{\"@type\":\"PropertyValueSpecification\",\"valueRequired\":true,\"valueName\":\"search_term_string\"}}],\"inLanguage\":\"cs\"},{\"@type\":\"Organization\",\"@id\":\"https:\\\/\\\/hghpeptideslab.com\\\/#organization\",\"name\":\"HGH Peptides Lab\",\"url\":\"https:\\\/\\\/hghpeptideslab.com\\\/cs\\\/\",\"logo\":{\"@type\":\"ImageObject\",\"url\":\"https:\\\/\\\/hghpeptideslab.com\\\/wp-content\\\/uploads\\\/2025\\\/07\\\/HGHPEPTIDESLAB-Logo.png\"},\"image\":{\"@id\":\"https:\\\/\\\/hghpeptideslab.com\\\/#\\\/schema\\\/logo\\\/image\\\/\"},\"foundingDate\":\"2010\",\"contactPoint\":[{\"@type\":\"ContactPoint\",\"contactType\":\"customer support\",\"telephone\":\"+85247559641\",\"email\":\"CYGGL2025@gmail.com\",\"availableLanguage\":[\"en\"]}]}]}<\/script>\n<!-- \/ Yoast SEO Premium plugin. -->","yoast_head_json":{"title":"Myostatin Peptide 1mg | Tov\u00e1rna p\u0159\u00edmo z \u010c\u00edny - HGH Peptides Lab","description":"Kupte si peptid Myostatin 1mg (99% purity), GMP vyroben\u00fd a p\u0159\u00edmo z tov\u00e1rny v \u010c\u00edn\u011b. Zeptejte se na cenu a hromadn\u00e9 slevy; doprava zdarma na objedn\u00e1vky $500+.","robots":{"index":"index","follow":"follow","max-snippet":"max-snippet:-1","max-image-preview":"max-image-preview:large","max-video-preview":"max-video-preview:-1"},"canonical":"https:\/\/hghpeptideslab.com\/cs\/product\/myostatin\/","og_locale":"cs_CZ","og_type":"article","og_title":"Myostatin Peptide","og_description":"Buy Myostatin peptide 1mg (99% purity), GMP-manufactured and factory direct from China. Ask price & bulk discounts; free shipping on $500+ orders.","og_url":"https:\/\/hghpeptideslab.com\/cs\/product\/myostatin\/","og_site_name":"HGH Peptides Lab","article_modified_time":"2025-10-22T20:43:29+00:00","og_image":[{"width":800,"height":800,"url":"https:\/\/hghpeptideslab.com\/wp-content\/uploads\/2025\/08\/myostatin1mg.jpg","type":"image\/jpeg"}],"twitter_card":"summary_large_image","twitter_misc":{"Odhadovan\u00e1 doba \u010dten\u00ed":"1 minuta"},"schema":{"@context":"https:\/\/schema.org","@graph":[{"@type":"WebPage","@id":"https:\/\/hghpeptideslab.com\/product\/myostatin\/","url":"https:\/\/hghpeptideslab.com\/product\/myostatin\/","name":"Myostatin Peptide 1mg | Tov\u00e1rna p\u0159\u00edmo z \u010c\u00edny - HGH Peptides Lab","isPartOf":{"@id":"https:\/\/hghpeptideslab.com\/#website"},"primaryImageOfPage":{"@id":"https:\/\/hghpeptideslab.com\/product\/myostatin\/#primaryimage"},"image":{"@id":"https:\/\/hghpeptideslab.com\/product\/myostatin\/#primaryimage"},"thumbnailUrl":"https:\/\/hghpeptideslab.com\/wp-content\/uploads\/2025\/08\/myostatin1mg.jpg","datePublished":"2025-08-18T02:45:54+00:00","dateModified":"2025-10-22T20:43:29+00:00","description":"Kupte si peptid Myostatin 1mg (99% purity), GMP vyroben\u00fd a p\u0159\u00edmo z tov\u00e1rny v \u010c\u00edn\u011b. Zeptejte se na cenu a hromadn\u00e9 slevy; doprava zdarma na objedn\u00e1vky $500+.","breadcrumb":{"@id":"https:\/\/hghpeptideslab.com\/product\/myostatin\/#breadcrumb"},"inLanguage":"cs","potentialAction":[{"@type":"ReadAction","target":["https:\/\/hghpeptideslab.com\/product\/myostatin\/"]}],"copyrightNotice":"\u00a9 2010\u20132026 HGH Peptides Lab. All Rights Reserved."},{"@type":"ImageObject","inLanguage":"cs","@id":"https:\/\/hghpeptideslab.com\/product\/myostatin\/#primaryimage","url":"https:\/\/hghpeptideslab.com\/wp-content\/uploads\/2025\/08\/myostatin1mg.jpg","contentUrl":"https:\/\/hghpeptideslab.com\/wp-content\/uploads\/2025\/08\/myostatin1mg.jpg","width":800,"height":800,"caption":"1 mg per vial, 10 vials per kit; designed for muscle growth pathway research."},{"@type":"BreadcrumbList","@id":"https:\/\/hghpeptideslab.com\/product\/myostatin\/#breadcrumb","itemListElement":[{"@type":"ListItem","position":1,"name":"Home","item":"https:\/\/hghpeptideslab.com\/"},{"@type":"ListItem","position":2,"name":"Shop","item":"https:\/\/hghpeptideslab.com\/shop\/"},{"@type":"ListItem","position":3,"name":"Myostatin Peptide"}]},{"@type":"WebSite","@id":"https:\/\/hghpeptideslab.com\/#website","url":"https:\/\/hghpeptideslab.com\/","name":"HGH Peptides Lab","description":"Premium Peptides &amp; HGH Obchod","publisher":{"@id":"https:\/\/hghpeptideslab.com\/#organization"},"potentialAction":[{"@type":"SearchAction","target":{"@type":"EntryPoint","urlTemplate":"https:\/\/hghpeptideslab.com\/?s={search_term_string}"},"query-input":{"@type":"PropertyValueSpecification","valueRequired":true,"valueName":"search_term_string"}}],"inLanguage":"cs"},{"@type":"Organization","@id":"https:\/\/hghpeptideslab.com\/#organization","name":"HGH Peptides Lab","url":"https:\/\/hghpeptideslab.com\/cs\/","logo":{"@type":"ImageObject","url":"https:\/\/hghpeptideslab.com\/wp-content\/uploads\/2025\/07\/HGHPEPTIDESLAB-Logo.png"},"image":{"@id":"https:\/\/hghpeptideslab.com\/#\/schema\/logo\/image\/"},"foundingDate":"2010","contactPoint":[{"@type":"ContactPoint","contactType":"customer support","telephone":"+85247559641","email":"CYGGL2025@gmail.com","availableLanguage":["en"]}]}]}},"_links":{"self":[{"href":"https:\/\/hghpeptideslab.com\/cs\/wp-json\/wp\/v2\/product\/9191","targetHints":{"allow":["GET"]}}],"collection":[{"href":"https:\/\/hghpeptideslab.com\/cs\/wp-json\/wp\/v2\/product"}],"about":[{"href":"https:\/\/hghpeptideslab.com\/cs\/wp-json\/wp\/v2\/types\/product"}],"replies":[{"embeddable":true,"href":"https:\/\/hghpeptideslab.com\/cs\/wp-json\/wp\/v2\/comments?post=9191"}],"wp:featuredmedia":[{"embeddable":true,"href":"https:\/\/hghpeptideslab.com\/cs\/wp-json\/wp\/v2\/media\/9188"}],"wp:attachment":[{"href":"https:\/\/hghpeptideslab.com\/cs\/wp-json\/wp\/v2\/media?parent=9191"}],"wp:term":[{"taxonomy":"product_cat","embeddable":true,"href":"https:\/\/hghpeptideslab.com\/cs\/wp-json\/wp\/v2\/product_cat?post=9191"},{"taxonomy":"product_tag","embeddable":true,"href":"https:\/\/hghpeptideslab.com\/cs\/wp-json\/wp\/v2\/product_tag?post=9191"}],"curies":[{"name":"wp","href":"https:\/\/api.w.org\/{rel}","templated":true}]}}