{"id":9489,"date":"2025-09-02T04:08:09","date_gmt":"2025-09-02T04:08:09","guid":{"rendered":"https:\/\/hghpeptideslab.com\/?post_type=product&#038;p=9489"},"modified":"2026-04-12T22:12:20","modified_gmt":"2026-04-12T22:12:20","slug":"blend-bpc157-5mg-tb500-5mg","status":"publish","type":"product","link":"https:\/\/hghpeptideslab.com\/cs\/product\/blend-bpc157-5mg-tb500-5mg\/","title":{"rendered":"Blend BPC-157 5mg + TB-500 5mg"},"content":{"rendered":"<h3>P\u0159ehled<\/h3>\n<p>Tato sm\u011bs BPC-157 + TB-500 (5 mg + 5 mg na vial) je \u010dasto zmi\u0148ov\u00e1na ve v\u00fdzkumn\u00fdch diskus\u00edch o podpo\u0159e m\u011bkk\u00fdch tk\u00e1n\u00ed a r\u00e1mc\u00edch pro zotaven\u00ed. Materi\u00e1l dod\u00e1van\u00fd jako <strong>farmaceutick\u00e1 kvalita<\/strong> peptid s <strong>99%+ \u010distota<\/strong>. Dokumentace je k dispozici na vy\u017e\u00e1d\u00e1n\u00ed pro profesion\u00e1ln\u00ed kupuj\u00edc\u00ed.<\/p>\n<h3>Kl\u00ed\u010dov\u00e9 vlastnosti<\/h3>\n<ul>\n<li>Pevn\u00e1 sm\u011bs na vial: <strong>5 mg BPC-157 + 5 mg TB-500<\/strong><\/li>\n<li>Velikost Kit: <strong>10 vials\/Kit<\/strong><\/li>\n<li>White lyophilized powder pro flexibiln\u00ed protokoly<\/li>\n<li>St\u00e1l\u00e1 kvalita \u0161ar\u017e\u00ed; profesion\u00e1ln\u00ed balen\u00ed<\/li>\n<\/ul>\n<h3>Typick\u00e1 zam\u011b\u0159en\u00ed v\u00fdzkumu<\/h3>\n<ul>\n<li>Modely pro zotaven\u00ed \u0161lach\/vazeb a kloub\u016f<\/li>\n<li>Diskuse o regeneraci sval\u016f a zotaven\u00ed po cvi\u010den\u00ed<\/li>\n<li>Vy\u0161et\u0159en\u00ed souvisej\u00edc\u00ed s hojen\u00edm m\u011bkk\u00fdch tk\u00e1n\u00ed a nadm\u011brn\u00fdm pou\u017e\u00edv\u00e1n\u00edm<\/li>\n<\/ul>\n<h3>Skladov\u00e1n\u00ed a stabilita<\/h3>\n<ul>\n<li>Skladujte uzav\u0159en\u00e9 p\u0159i <strong>2-8 \u00b0C<\/strong>, chr\u00e1n\u011bn\u00e9 p\u0159ed sv\u011btlem a vlhkost\u00ed<\/li>\n<li>Rekonstituovan\u00e9 roztoky se doporu\u010duj\u00ed pou\u017e\u00edt neprodlen\u011b za vhodn\u00fdch laboratorn\u00edch podm\u00ednek.<\/li>\n<\/ul>\n<h3>Pozn\u00e1mky<\/h3>\n<ul>\n<li><strong>Pharmaceutical-grade quality<\/strong>; 99%+ \u010distota<\/li>\n<li>Dokumentace je k dispozici na vy\u017e\u00e1d\u00e1n\u00ed<\/li>\n<li>Pouze pro laboratorn\u00ed v\u00fdzkum. V\u00fdrobky nejsou ozna\u010deny pro l\u00e9ka\u0159sk\u00e9 pou\u017eit\u00ed.<\/li>\n<\/ul>","protected":false},"excerpt":{"rendered":"<p><strong>Jm\u00e9no:<\/strong> 99% Purity BPC-157 + TB-500 peptidov\u00e1 sm\u011bs (5 mg + 5 mg)<br \/>\n<strong>Funkce:<\/strong> Podpora \u0161lach a kloub\u016f; regenerace a hojen\u00ed sval\u016f<br \/>\n<strong>Specifikace:<\/strong> 5 mg + 5 mg na vial; 10 vials\/Kit<br \/>\n<strong>CAS:<\/strong> BPC-157: 137525-51-0; thymosin \u03b24 (TB-500): 77591-33-4<br \/>\n<strong>Vzhled:<\/strong> White lyophilized powder<\/p>","protected":false},"featured_media":9485,"comment_status":"open","ping_status":"closed","template":"","meta":[],"product_cat":[51],"product_tag":[159,320,296,120,316,314,121,315],"class_list":{"0":"post-9489","1":"product","2":"type-product","3":"status-publish","4":"has-post-thumbnail","6":"product_brand-dp-hghpeptides","7":"product_brand-hgh-peptides-lab","8":"product_cat-peptides-for-healing","9":"product_tag-anti-inflammatory-peptides","10":"product_tag-beginner-friendly-peptides","11":"product_tag-blend-bpc-157-5mg-tb-500-5mg","12":"product_tag-bpc-157","13":"product_tag-muscle-recovery-peptides","14":"product_tag-peptide-dual-blend","15":"product_tag-tb-500","16":"product_tag-tendon-joint-support-peptides","18":"first","19":"instock","20":"featured","21":"shipping-taxable","22":"purchasable","23":"product-type-simple"},"yoast_head":"<!-- This site is optimized with the Yoast SEO Premium plugin v27.5 (Yoast SEO v27.5) - https:\/\/yoast.com\/product\/yoast-seo-premium-wordpress\/ -->\n<title>Buy BPC-157 + TB-500 Blend 5mg\/5mg \u2014 Price, Specs &amp; Fast Shipping | HGH Peptides Lab<\/title>\n<meta name=\"description\" content=\"Factory-direct BPC-157 + TB-500 5mg\/5mg blend: price, vial\/kit specs, secure packaging and fast worldwide shipping. Research-use only\u2014order online.\" \/>\n<meta name=\"robots\" content=\"index, follow, max-snippet:-1, max-image-preview:large, max-video-preview:-1\" \/>\n<link rel=\"canonical\" href=\"https:\/\/hghpeptideslab.com\/cs\/product\/blend-bpc157-5mg-tb500-5mg\/\" \/>\n<meta property=\"og:locale\" content=\"cs_CZ\" \/>\n<meta property=\"og:type\" content=\"article\" \/>\n<meta property=\"og:title\" content=\"Blend BPC-157 5mg + TB-500 5mg\" \/>\n<meta property=\"og:description\" content=\"Factory-direct BPC-157 + TB-500 5mg\/5mg blend: price, vial\/kit specs, secure packaging and fast worldwide shipping. Research-use only\u2014order online.\" \/>\n<meta property=\"og:url\" content=\"https:\/\/hghpeptideslab.com\/cs\/product\/blend-bpc157-5mg-tb500-5mg\/\" \/>\n<meta property=\"og:site_name\" content=\"HGH Peptides Lab\" \/>\n<meta property=\"article:modified_time\" content=\"2026-04-12T22:12:20+00:00\" \/>\n<meta property=\"og:image\" content=\"https:\/\/hghpeptideslab.com\/wp-content\/uploads\/2025\/09\/bpc157-5mgtb500-5mg.jpg\" \/>\n\t<meta property=\"og:image:width\" content=\"800\" \/>\n\t<meta property=\"og:image:height\" content=\"800\" \/>\n\t<meta property=\"og:image:type\" content=\"image\/jpeg\" \/>\n<meta name=\"twitter:card\" content=\"summary_large_image\" \/>\n<meta name=\"twitter:label1\" content=\"Odhadovan\u00e1 doba \u010dten\u00ed\" \/>\n\t<meta name=\"twitter:data1\" content=\"1 minuta\" \/>\n<script type=\"application\/ld+json\" class=\"yoast-schema-graph\">{\"@context\":\"https:\\\/\\\/schema.org\",\"@graph\":[{\"@type\":\"WebPage\",\"@id\":\"https:\\\/\\\/hghpeptideslab.com\\\/product\\\/blend-bpc157-5mg-tb500-5mg\\\/\",\"url\":\"https:\\\/\\\/hghpeptideslab.com\\\/product\\\/blend-bpc157-5mg-tb500-5mg\\\/\",\"name\":\"Buy BPC-157 + TB-500 Blend 5mg\\\/5mg \u2014 Price, Specs & Fast Shipping | HGH Peptides Lab\",\"isPartOf\":{\"@id\":\"https:\\\/\\\/hghpeptideslab.com\\\/#website\"},\"primaryImageOfPage\":{\"@id\":\"https:\\\/\\\/hghpeptideslab.com\\\/product\\\/blend-bpc157-5mg-tb500-5mg\\\/#primaryimage\"},\"image\":{\"@id\":\"https:\\\/\\\/hghpeptideslab.com\\\/product\\\/blend-bpc157-5mg-tb500-5mg\\\/#primaryimage\"},\"thumbnailUrl\":\"https:\\\/\\\/hghpeptideslab.com\\\/wp-content\\\/uploads\\\/2025\\\/09\\\/bpc157-5mgtb500-5mg.jpg\",\"datePublished\":\"2025-09-02T04:08:09+00:00\",\"dateModified\":\"2026-04-12T22:12:20+00:00\",\"description\":\"Factory-direct BPC-157 + TB-500 5mg\\\/5mg blend: price, vial\\\/kit specs, secure packaging and fast worldwide shipping. Research-use only\u2014order online.\",\"breadcrumb\":{\"@id\":\"https:\\\/\\\/hghpeptideslab.com\\\/product\\\/blend-bpc157-5mg-tb500-5mg\\\/#breadcrumb\"},\"inLanguage\":\"cs\",\"potentialAction\":[{\"@type\":\"ReadAction\",\"target\":[\"https:\\\/\\\/hghpeptideslab.com\\\/product\\\/blend-bpc157-5mg-tb500-5mg\\\/\"]}],\"copyrightNotice\":\"\u00a9 2010\u20132026 HGH Peptides Lab. All Rights Reserved.\"},{\"@type\":\"ImageObject\",\"inLanguage\":\"cs\",\"@id\":\"https:\\\/\\\/hghpeptideslab.com\\\/product\\\/blend-bpc157-5mg-tb500-5mg\\\/#primaryimage\",\"url\":\"https:\\\/\\\/hghpeptideslab.com\\\/wp-content\\\/uploads\\\/2025\\\/09\\\/bpc157-5mgtb500-5mg.jpg\",\"contentUrl\":\"https:\\\/\\\/hghpeptideslab.com\\\/wp-content\\\/uploads\\\/2025\\\/09\\\/bpc157-5mgtb500-5mg.jpg\",\"width\":800,\"height\":800,\"caption\":\"5mg BPC-157 + 5mg TB-500 per vial; 10 vials per kit.\"},{\"@type\":\"BreadcrumbList\",\"@id\":\"https:\\\/\\\/hghpeptideslab.com\\\/product\\\/blend-bpc157-5mg-tb500-5mg\\\/#breadcrumb\",\"itemListElement\":[{\"@type\":\"ListItem\",\"position\":1,\"name\":\"Home\",\"item\":\"https:\\\/\\\/hghpeptideslab.com\\\/\"},{\"@type\":\"ListItem\",\"position\":2,\"name\":\"Shop\",\"item\":\"https:\\\/\\\/hghpeptideslab.com\\\/shop\\\/\"},{\"@type\":\"ListItem\",\"position\":3,\"name\":\"Blend BPC-157 5mg + TB-500 5mg\"}]},{\"@type\":\"WebSite\",\"@id\":\"https:\\\/\\\/hghpeptideslab.com\\\/#website\",\"url\":\"https:\\\/\\\/hghpeptideslab.com\\\/\",\"name\":\"HGH Peptides Lab\",\"description\":\"Premium Peptides &amp; HGH Shop\",\"publisher\":{\"@id\":\"https:\\\/\\\/hghpeptideslab.com\\\/#organization\"},\"potentialAction\":[{\"@type\":\"SearchAction\",\"target\":{\"@type\":\"EntryPoint\",\"urlTemplate\":\"https:\\\/\\\/hghpeptideslab.com\\\/?s={search_term_string}\"},\"query-input\":{\"@type\":\"PropertyValueSpecification\",\"valueRequired\":true,\"valueName\":\"search_term_string\"}}],\"inLanguage\":\"cs\"},{\"@type\":\"Organization\",\"@id\":\"https:\\\/\\\/hghpeptideslab.com\\\/#organization\",\"name\":\"HGH Peptides Lab\",\"url\":\"https:\\\/\\\/hghpeptideslab.com\\\/cs\\\/\",\"logo\":{\"@type\":\"ImageObject\",\"url\":\"https:\\\/\\\/hghpeptideslab.com\\\/wp-content\\\/uploads\\\/2025\\\/07\\\/HGHPEPTIDESLAB-Logo.png\"},\"image\":{\"@id\":\"https:\\\/\\\/hghpeptideslab.com\\\/#\\\/schema\\\/logo\\\/image\\\/\"},\"foundingDate\":\"2010\",\"contactPoint\":[{\"@type\":\"ContactPoint\",\"contactType\":\"customer support\",\"telephone\":\"+85247559641\",\"email\":\"CYGGL2025@gmail.com\",\"availableLanguage\":[\"en\"]}]}]}<\/script>\n<!-- \/ Yoast SEO Premium plugin. -->","yoast_head_json":{"title":"Koupit BPC-157 + TB-500 Blend 5mg\/5mg - cena, specifikace a rychl\u00e1 doprava | HGH Peptides Lab","description":"Sm\u011bs BPC-157 + TB-500 5mg\/5mg p\u0159\u00edmo od v\u00fdrobce: cena, specifikace vial\/kit, bezpe\u010dn\u00e9 balen\u00ed a rychl\u00e1 doprava po cel\u00e9m sv\u011bt\u011b. Pouze pro v\u00fdzkumn\u00e9 \u00fa\u010dely - objedn\u00e1vejte online.","robots":{"index":"index","follow":"follow","max-snippet":"max-snippet:-1","max-image-preview":"max-image-preview:large","max-video-preview":"max-video-preview:-1"},"canonical":"https:\/\/hghpeptideslab.com\/cs\/product\/blend-bpc157-5mg-tb500-5mg\/","og_locale":"cs_CZ","og_type":"article","og_title":"Blend BPC-157 5mg + TB-500 5mg","og_description":"Factory-direct BPC-157 + TB-500 5mg\/5mg blend: price, vial\/kit specs, secure packaging and fast worldwide shipping. Research-use only\u2014order online.","og_url":"https:\/\/hghpeptideslab.com\/cs\/product\/blend-bpc157-5mg-tb500-5mg\/","og_site_name":"HGH Peptides Lab","article_modified_time":"2026-04-12T22:12:20+00:00","og_image":[{"width":800,"height":800,"url":"https:\/\/hghpeptideslab.com\/wp-content\/uploads\/2025\/09\/bpc157-5mgtb500-5mg.jpg","type":"image\/jpeg"}],"twitter_card":"summary_large_image","twitter_misc":{"Odhadovan\u00e1 doba \u010dten\u00ed":"1 minuta"},"schema":{"@context":"https:\/\/schema.org","@graph":[{"@type":"WebPage","@id":"https:\/\/hghpeptideslab.com\/product\/blend-bpc157-5mg-tb500-5mg\/","url":"https:\/\/hghpeptideslab.com\/product\/blend-bpc157-5mg-tb500-5mg\/","name":"Koupit BPC-157 + TB-500 Blend 5mg\/5mg - cena, specifikace a rychl\u00e1 doprava | HGH Peptides Lab","isPartOf":{"@id":"https:\/\/hghpeptideslab.com\/#website"},"primaryImageOfPage":{"@id":"https:\/\/hghpeptideslab.com\/product\/blend-bpc157-5mg-tb500-5mg\/#primaryimage"},"image":{"@id":"https:\/\/hghpeptideslab.com\/product\/blend-bpc157-5mg-tb500-5mg\/#primaryimage"},"thumbnailUrl":"https:\/\/hghpeptideslab.com\/wp-content\/uploads\/2025\/09\/bpc157-5mgtb500-5mg.jpg","datePublished":"2025-09-02T04:08:09+00:00","dateModified":"2026-04-12T22:12:20+00:00","description":"Sm\u011bs BPC-157 + TB-500 5mg\/5mg p\u0159\u00edmo od v\u00fdrobce: cena, specifikace vial\/kit, bezpe\u010dn\u00e9 balen\u00ed a rychl\u00e1 doprava po cel\u00e9m sv\u011bt\u011b. Pouze pro v\u00fdzkumn\u00e9 \u00fa\u010dely - objedn\u00e1vejte online.","breadcrumb":{"@id":"https:\/\/hghpeptideslab.com\/product\/blend-bpc157-5mg-tb500-5mg\/#breadcrumb"},"inLanguage":"cs","potentialAction":[{"@type":"ReadAction","target":["https:\/\/hghpeptideslab.com\/product\/blend-bpc157-5mg-tb500-5mg\/"]}],"copyrightNotice":"\u00a9 2010\u20132026 HGH Peptides Lab. All Rights Reserved."},{"@type":"ImageObject","inLanguage":"cs","@id":"https:\/\/hghpeptideslab.com\/product\/blend-bpc157-5mg-tb500-5mg\/#primaryimage","url":"https:\/\/hghpeptideslab.com\/wp-content\/uploads\/2025\/09\/bpc157-5mgtb500-5mg.jpg","contentUrl":"https:\/\/hghpeptideslab.com\/wp-content\/uploads\/2025\/09\/bpc157-5mgtb500-5mg.jpg","width":800,"height":800,"caption":"5mg BPC-157 + 5mg TB-500 per vial; 10 vials per kit."},{"@type":"BreadcrumbList","@id":"https:\/\/hghpeptideslab.com\/product\/blend-bpc157-5mg-tb500-5mg\/#breadcrumb","itemListElement":[{"@type":"ListItem","position":1,"name":"Home","item":"https:\/\/hghpeptideslab.com\/"},{"@type":"ListItem","position":2,"name":"Shop","item":"https:\/\/hghpeptideslab.com\/shop\/"},{"@type":"ListItem","position":3,"name":"Blend BPC-157 5mg + TB-500 5mg"}]},{"@type":"WebSite","@id":"https:\/\/hghpeptideslab.com\/#website","url":"https:\/\/hghpeptideslab.com\/","name":"HGH Peptides Lab","description":"Premium Peptides &amp; HGH Obchod","publisher":{"@id":"https:\/\/hghpeptideslab.com\/#organization"},"potentialAction":[{"@type":"SearchAction","target":{"@type":"EntryPoint","urlTemplate":"https:\/\/hghpeptideslab.com\/?s={search_term_string}"},"query-input":{"@type":"PropertyValueSpecification","valueRequired":true,"valueName":"search_term_string"}}],"inLanguage":"cs"},{"@type":"Organization","@id":"https:\/\/hghpeptideslab.com\/#organization","name":"HGH Peptides Lab","url":"https:\/\/hghpeptideslab.com\/cs\/","logo":{"@type":"ImageObject","url":"https:\/\/hghpeptideslab.com\/wp-content\/uploads\/2025\/07\/HGHPEPTIDESLAB-Logo.png"},"image":{"@id":"https:\/\/hghpeptideslab.com\/#\/schema\/logo\/image\/"},"foundingDate":"2010","contactPoint":[{"@type":"ContactPoint","contactType":"customer support","telephone":"+85247559641","email":"CYGGL2025@gmail.com","availableLanguage":["en"]}]}]}},"_links":{"self":[{"href":"https:\/\/hghpeptideslab.com\/cs\/wp-json\/wp\/v2\/product\/9489","targetHints":{"allow":["GET"]}}],"collection":[{"href":"https:\/\/hghpeptideslab.com\/cs\/wp-json\/wp\/v2\/product"}],"about":[{"href":"https:\/\/hghpeptideslab.com\/cs\/wp-json\/wp\/v2\/types\/product"}],"replies":[{"embeddable":true,"href":"https:\/\/hghpeptideslab.com\/cs\/wp-json\/wp\/v2\/comments?post=9489"}],"wp:featuredmedia":[{"embeddable":true,"href":"https:\/\/hghpeptideslab.com\/cs\/wp-json\/wp\/v2\/media\/9485"}],"wp:attachment":[{"href":"https:\/\/hghpeptideslab.com\/cs\/wp-json\/wp\/v2\/media?parent=9489"}],"wp:term":[{"taxonomy":"product_cat","embeddable":true,"href":"https:\/\/hghpeptideslab.com\/cs\/wp-json\/wp\/v2\/product_cat?post=9489"},{"taxonomy":"product_tag","embeddable":true,"href":"https:\/\/hghpeptideslab.com\/cs\/wp-json\/wp\/v2\/product_tag?post=9489"}],"curies":[{"name":"wp","href":"https:\/\/api.w.org\/{rel}","templated":true}]}}