{"id":9554,"date":"2025-09-02T22:41:59","date_gmt":"2025-09-02T22:41:59","guid":{"rendered":"https:\/\/hghpeptideslab.com\/?post_type=product&#038;p=9554"},"modified":"2026-04-12T21:56:03","modified_gmt":"2026-04-12T21:56:03","slug":"blend-tb-500-10mg-bpc-157-10mg-ghk-cu-50mg","status":"publish","type":"product","link":"https:\/\/hghpeptideslab.com\/cs\/product\/blend-tb-500-10mg-bpc-157-10mg-ghk-cu-50mg\/","title":{"rendered":"Blend TB-500 10mg + BPC-157 10mg + GHK-Cu 50mg"},"content":{"rendered":"<h3>P\u0159ehled<\/h3>\n<p>Tato trojkombinace kombinuje <strong>TB-500 (10 mg)<\/strong>, <strong>BPC-157 (10 mg)<\/strong>a <strong>GHK-Cu (50 mg)<\/strong> v jedin\u00e9m vial, kter\u00fd se \u010dasto pou\u017e\u00edv\u00e1 pro v\u00fdzkum tk\u00e1n\u00ed, \u0161lach\/vazeb a k\u016f\u017ee. Vyr\u00e1b\u00ed se podle <strong>farmaceutick\u00e1 kvalita<\/strong> s <strong>99%+ \u010distota<\/strong>. Dokumentace je k dispozici na vy\u017e\u00e1d\u00e1n\u00ed.<\/p>\n<h3>Kl\u00ed\u010dov\u00e9 vlastnosti<\/h3>\n<ul>\n<li>Za vial: <strong>TB-500 10 mg + BPC-157 10 mg + GHK-Cu 50 mg<\/strong><\/li>\n<li>Velikost Kit: <strong>10 vials\/Kit<\/strong><\/li>\n<li>Copper Blue lyophilized powder pro flexibiln\u00ed protokoly<\/li>\n<li>P\u0159\u00edm\u00e1 n\u00e1vaznost na tov\u00e1rnu a spolehliv\u00e9 pln\u011bn\u00ed<\/li>\n<\/ul>\n<h3>Typick\u00e1 zam\u011b\u0159en\u00ed v\u00fdzkumu<\/h3>\n<ul>\n<li>Modely pro zotaven\u00ed \u0161lach\/vazeb a kloub\u016f<\/li>\n<li>Studie regenerace sval\u016f a zotaven\u00ed po cvi\u010den\u00ed<\/li>\n<li>Vy\u0161et\u0159en\u00ed na podporu pleti\/kolagenu a kosmetiky<\/li>\n<\/ul>\n<h3>Skladov\u00e1n\u00ed a stabilita<\/h3>\n<ul>\n<li>Skladujte uzav\u0159en\u00e9 p\u0159i <strong>2-8 \u00b0C<\/strong>, chr\u00e1n\u011bn\u00e9 p\u0159ed sv\u011btlem a vlhkost\u00ed<\/li>\n<li>Po rekonstituci ihned pou\u017eijte podle m\u00edstn\u00edch laboratorn\u00edch SOP.<\/li>\n<\/ul>\n<h3>Pozn\u00e1mky<\/h3>\n<ul>\n<li>Pharmaceutical-grade quality; 99%+ \u010distota<\/li>\n<li>Dokumentace je k dispozici na vy\u017e\u00e1d\u00e1n\u00ed<\/li>\n<li>Pouze pro laboratorn\u00ed v\u00fdzkum. V\u00fdrobky nejsou ozna\u010deny pro l\u00e9ka\u0159sk\u00e9 pou\u017eit\u00ed.<\/li>\n<\/ul>","protected":false},"excerpt":{"rendered":"<p><strong>Jm\u00e9no:<\/strong> 99% Purity TB-500 + BPC-157 + GHK-Cu peptidov\u00e1 sm\u011bs (10 mg + 10 mg + 50 mg)<br \/>\n<strong>Funkce:<\/strong> Podpora \u0161lach a kloub\u016f; regenerace sval\u016f; v\u00fdzkum k\u016f\u017ee\/kolagenu<br \/>\n<strong>Specifikace:<\/strong> 10 mg + 10 mg + 50 mg na vial; 10 vials\/Kit<br \/>\n<strong>CAS:<\/strong> BPC-157: 137525-51-0; thymosin \u03b24 (TB-500): 77591-33-4; GHK-Cu: 49557-75-7<br \/>\n<strong>Vzhled:<\/strong> Copper Blue lyophilized powder<\/p>","protected":false},"featured_media":9550,"comment_status":"open","ping_status":"closed","template":"","meta":[],"product_cat":[56,51],"product_tag":[305,120,139,165,317,121,315],"class_list":{"0":"post-9554","1":"product","2":"type-product","3":"status-publish","4":"has-post-thumbnail","6":"product_brand-dp-hghpeptides","7":"product_brand-hgh-peptides-lab","8":"product_cat-cosmetic-peptides","9":"product_cat-peptides-for-healing","10":"product_tag-blend-tb-500-10mg-bpc-157-10mg-ghk-cu-50mg","11":"product_tag-bpc-157","12":"product_tag-ghk-cu","13":"product_tag-skin-beauty-peptides","14":"product_tag-skin-cosmetic-peptides","15":"product_tag-tb-500","16":"product_tag-tendon-joint-support-peptides","18":"first","19":"instock","20":"shipping-taxable","21":"purchasable","22":"product-type-simple"},"yoast_head":"<!-- This site is optimized with the Yoast SEO Premium plugin v27.5 (Yoast SEO v27.5) - https:\/\/yoast.com\/product\/yoast-seo-premium-wordpress\/ -->\n<title>TB-500 + BPC-157 + GHK-Cu Blend (10mg\/10mg\/50mg) \u2014 Price &amp; Wholesale | HGH Peptides Lab \u2014 Factory-Direct Selling<\/title>\n<meta name=\"description\" content=\"TB-500 + BPC-157 + GHK-Cu blend (10mg\/10mg\/50mg), 10 vials\/Kit. 99% purity, pharmaceutical-grade. Check price, specs and wholesale from HGH Peptides Lab \u2014 factory-direct China.\" \/>\n<meta name=\"robots\" content=\"index, follow, max-snippet:-1, max-image-preview:large, max-video-preview:-1\" \/>\n<link rel=\"canonical\" href=\"https:\/\/hghpeptideslab.com\/cs\/product\/blend-tb-500-10mg-bpc-157-10mg-ghk-cu-50mg\/\" \/>\n<meta property=\"og:locale\" content=\"cs_CZ\" \/>\n<meta property=\"og:type\" content=\"article\" \/>\n<meta property=\"og:title\" content=\"Blend TB-500 10mg + BPC-157 10mg + GHK-Cu 50mg\" \/>\n<meta property=\"og:description\" content=\"TB-500 + BPC-157 + GHK-Cu blend (10mg\/10mg\/50mg), 10 vials\/Kit. 99% purity, pharmaceutical-grade. Check price, specs and wholesale from HGH Peptides Lab \u2014 factory-direct China.\" \/>\n<meta property=\"og:url\" content=\"https:\/\/hghpeptideslab.com\/cs\/product\/blend-tb-500-10mg-bpc-157-10mg-ghk-cu-50mg\/\" \/>\n<meta property=\"og:site_name\" content=\"HGH Peptides Lab\" \/>\n<meta property=\"article:modified_time\" content=\"2026-04-12T21:56:03+00:00\" \/>\n<meta property=\"og:image\" content=\"https:\/\/hghpeptideslab.com\/wp-content\/uploads\/2025\/09\/tb500-10mgbpc157-10mgghk-cu-50mg.jpg\" \/>\n\t<meta property=\"og:image:width\" content=\"800\" \/>\n\t<meta property=\"og:image:height\" content=\"800\" \/>\n\t<meta property=\"og:image:type\" content=\"image\/jpeg\" \/>\n<meta name=\"twitter:card\" content=\"summary_large_image\" \/>\n<meta name=\"twitter:label1\" content=\"Odhadovan\u00e1 doba \u010dten\u00ed\" \/>\n\t<meta name=\"twitter:data1\" content=\"1 minuta\" \/>\n<script type=\"application\/ld+json\" class=\"yoast-schema-graph\">{\"@context\":\"https:\\\/\\\/schema.org\",\"@graph\":[{\"@type\":\"WebPage\",\"@id\":\"https:\\\/\\\/hghpeptideslab.com\\\/product\\\/blend-tb-500-10mg-bpc-157-10mg-ghk-cu-50mg\\\/\",\"url\":\"https:\\\/\\\/hghpeptideslab.com\\\/product\\\/blend-tb-500-10mg-bpc-157-10mg-ghk-cu-50mg\\\/\",\"name\":\"TB-500 + BPC-157 + GHK-Cu Blend (10mg\\\/10mg\\\/50mg) \u2014 Price & Wholesale | HGH Peptides Lab \u2014 Factory-Direct Selling\",\"isPartOf\":{\"@id\":\"https:\\\/\\\/hghpeptideslab.com\\\/#website\"},\"primaryImageOfPage\":{\"@id\":\"https:\\\/\\\/hghpeptideslab.com\\\/product\\\/blend-tb-500-10mg-bpc-157-10mg-ghk-cu-50mg\\\/#primaryimage\"},\"image\":{\"@id\":\"https:\\\/\\\/hghpeptideslab.com\\\/product\\\/blend-tb-500-10mg-bpc-157-10mg-ghk-cu-50mg\\\/#primaryimage\"},\"thumbnailUrl\":\"https:\\\/\\\/hghpeptideslab.com\\\/wp-content\\\/uploads\\\/2025\\\/09\\\/tb500-10mgbpc157-10mgghk-cu-50mg.jpg\",\"datePublished\":\"2025-09-02T22:41:59+00:00\",\"dateModified\":\"2026-04-12T21:56:03+00:00\",\"description\":\"TB-500 + BPC-157 + GHK-Cu blend (10mg\\\/10mg\\\/50mg), 10 vials\\\/Kit. 99% purity, pharmaceutical-grade. Check price, specs and wholesale from HGH Peptides Lab \u2014 factory-direct China.\",\"breadcrumb\":{\"@id\":\"https:\\\/\\\/hghpeptideslab.com\\\/product\\\/blend-tb-500-10mg-bpc-157-10mg-ghk-cu-50mg\\\/#breadcrumb\"},\"inLanguage\":\"cs\",\"potentialAction\":[{\"@type\":\"ReadAction\",\"target\":[\"https:\\\/\\\/hghpeptideslab.com\\\/product\\\/blend-tb-500-10mg-bpc-157-10mg-ghk-cu-50mg\\\/\"]}],\"copyrightNotice\":\"\u00a9 2010\u20132026 HGH Peptides Lab. All Rights Reserved.\"},{\"@type\":\"ImageObject\",\"inLanguage\":\"cs\",\"@id\":\"https:\\\/\\\/hghpeptideslab.com\\\/product\\\/blend-tb-500-10mg-bpc-157-10mg-ghk-cu-50mg\\\/#primaryimage\",\"url\":\"https:\\\/\\\/hghpeptideslab.com\\\/wp-content\\\/uploads\\\/2025\\\/09\\\/tb500-10mgbpc157-10mgghk-cu-50mg.jpg\",\"contentUrl\":\"https:\\\/\\\/hghpeptideslab.com\\\/wp-content\\\/uploads\\\/2025\\\/09\\\/tb500-10mgbpc157-10mgghk-cu-50mg.jpg\",\"width\":800,\"height\":800,\"caption\":\"Per vial: 10mg + 10mg + 50mg; 10 vials\\\/Kit (factory-direct).\"},{\"@type\":\"BreadcrumbList\",\"@id\":\"https:\\\/\\\/hghpeptideslab.com\\\/product\\\/blend-tb-500-10mg-bpc-157-10mg-ghk-cu-50mg\\\/#breadcrumb\",\"itemListElement\":[{\"@type\":\"ListItem\",\"position\":1,\"name\":\"Home\",\"item\":\"https:\\\/\\\/hghpeptideslab.com\\\/\"},{\"@type\":\"ListItem\",\"position\":2,\"name\":\"Shop\",\"item\":\"https:\\\/\\\/hghpeptideslab.com\\\/shop\\\/\"},{\"@type\":\"ListItem\",\"position\":3,\"name\":\"Blend TB-500 10mg + BPC-157 10mg + GHK-Cu 50mg\"}]},{\"@type\":\"WebSite\",\"@id\":\"https:\\\/\\\/hghpeptideslab.com\\\/#website\",\"url\":\"https:\\\/\\\/hghpeptideslab.com\\\/\",\"name\":\"HGH Peptides Lab\",\"description\":\"Premium Peptides &amp; HGH Shop\",\"publisher\":{\"@id\":\"https:\\\/\\\/hghpeptideslab.com\\\/#organization\"},\"potentialAction\":[{\"@type\":\"SearchAction\",\"target\":{\"@type\":\"EntryPoint\",\"urlTemplate\":\"https:\\\/\\\/hghpeptideslab.com\\\/?s={search_term_string}\"},\"query-input\":{\"@type\":\"PropertyValueSpecification\",\"valueRequired\":true,\"valueName\":\"search_term_string\"}}],\"inLanguage\":\"cs\"},{\"@type\":\"Organization\",\"@id\":\"https:\\\/\\\/hghpeptideslab.com\\\/#organization\",\"name\":\"HGH Peptides Lab\",\"url\":\"https:\\\/\\\/hghpeptideslab.com\\\/cs\\\/\",\"logo\":{\"@type\":\"ImageObject\",\"url\":\"https:\\\/\\\/hghpeptideslab.com\\\/wp-content\\\/uploads\\\/2025\\\/07\\\/HGHPEPTIDESLAB-Logo.png\"},\"image\":{\"@id\":\"https:\\\/\\\/hghpeptideslab.com\\\/#\\\/schema\\\/logo\\\/image\\\/\"},\"foundingDate\":\"2010\",\"contactPoint\":[{\"@type\":\"ContactPoint\",\"contactType\":\"customer support\",\"telephone\":\"+85247559641\",\"email\":\"CYGGL2025@gmail.com\",\"availableLanguage\":[\"en\"]}]}]}<\/script>\n<!-- \/ Yoast SEO Premium plugin. -->","yoast_head_json":{"title":"TB-500 + BPC-157 + GHK-Cu Blend (10mg\/10mg\/50mg) - Cena a velkoobchod | HGH Peptides Lab - P\u0159\u00edm\u00fd prodej z v\u00fdroby","description":"TB-500 + BPC-157 + GHK-Cu sm\u011bs (10mg\/10mg\/50mg), 10 vials\/Kit. 99% purity, farmaceutick\u00e1 kvalita. Zkontrolujte cenu, specifikace a velkoobchodn\u00ed prodej z HGH Peptides Lab - tov\u00e1rna p\u0159\u00edmo v \u010c\u00edn\u011b.","robots":{"index":"index","follow":"follow","max-snippet":"max-snippet:-1","max-image-preview":"max-image-preview:large","max-video-preview":"max-video-preview:-1"},"canonical":"https:\/\/hghpeptideslab.com\/cs\/product\/blend-tb-500-10mg-bpc-157-10mg-ghk-cu-50mg\/","og_locale":"cs_CZ","og_type":"article","og_title":"Blend TB-500 10mg + BPC-157 10mg + GHK-Cu 50mg","og_description":"TB-500 + BPC-157 + GHK-Cu blend (10mg\/10mg\/50mg), 10 vials\/Kit. 99% purity, pharmaceutical-grade. Check price, specs and wholesale from HGH Peptides Lab \u2014 factory-direct China.","og_url":"https:\/\/hghpeptideslab.com\/cs\/product\/blend-tb-500-10mg-bpc-157-10mg-ghk-cu-50mg\/","og_site_name":"HGH Peptides Lab","article_modified_time":"2026-04-12T21:56:03+00:00","og_image":[{"width":800,"height":800,"url":"https:\/\/hghpeptideslab.com\/wp-content\/uploads\/2025\/09\/tb500-10mgbpc157-10mgghk-cu-50mg.jpg","type":"image\/jpeg"}],"twitter_card":"summary_large_image","twitter_misc":{"Odhadovan\u00e1 doba \u010dten\u00ed":"1 minuta"},"schema":{"@context":"https:\/\/schema.org","@graph":[{"@type":"WebPage","@id":"https:\/\/hghpeptideslab.com\/product\/blend-tb-500-10mg-bpc-157-10mg-ghk-cu-50mg\/","url":"https:\/\/hghpeptideslab.com\/product\/blend-tb-500-10mg-bpc-157-10mg-ghk-cu-50mg\/","name":"TB-500 + BPC-157 + GHK-Cu Blend (10mg\/10mg\/50mg) - Cena a velkoobchod | HGH Peptides Lab - P\u0159\u00edm\u00fd prodej z v\u00fdroby","isPartOf":{"@id":"https:\/\/hghpeptideslab.com\/#website"},"primaryImageOfPage":{"@id":"https:\/\/hghpeptideslab.com\/product\/blend-tb-500-10mg-bpc-157-10mg-ghk-cu-50mg\/#primaryimage"},"image":{"@id":"https:\/\/hghpeptideslab.com\/product\/blend-tb-500-10mg-bpc-157-10mg-ghk-cu-50mg\/#primaryimage"},"thumbnailUrl":"https:\/\/hghpeptideslab.com\/wp-content\/uploads\/2025\/09\/tb500-10mgbpc157-10mgghk-cu-50mg.jpg","datePublished":"2025-09-02T22:41:59+00:00","dateModified":"2026-04-12T21:56:03+00:00","description":"TB-500 + BPC-157 + GHK-Cu sm\u011bs (10mg\/10mg\/50mg), 10 vials\/Kit. 99% purity, farmaceutick\u00e1 kvalita. Zkontrolujte cenu, specifikace a velkoobchodn\u00ed prodej z HGH Peptides Lab - tov\u00e1rna p\u0159\u00edmo v \u010c\u00edn\u011b.","breadcrumb":{"@id":"https:\/\/hghpeptideslab.com\/product\/blend-tb-500-10mg-bpc-157-10mg-ghk-cu-50mg\/#breadcrumb"},"inLanguage":"cs","potentialAction":[{"@type":"ReadAction","target":["https:\/\/hghpeptideslab.com\/product\/blend-tb-500-10mg-bpc-157-10mg-ghk-cu-50mg\/"]}],"copyrightNotice":"\u00a9 2010\u20132026 HGH Peptides Lab. All Rights Reserved."},{"@type":"ImageObject","inLanguage":"cs","@id":"https:\/\/hghpeptideslab.com\/product\/blend-tb-500-10mg-bpc-157-10mg-ghk-cu-50mg\/#primaryimage","url":"https:\/\/hghpeptideslab.com\/wp-content\/uploads\/2025\/09\/tb500-10mgbpc157-10mgghk-cu-50mg.jpg","contentUrl":"https:\/\/hghpeptideslab.com\/wp-content\/uploads\/2025\/09\/tb500-10mgbpc157-10mgghk-cu-50mg.jpg","width":800,"height":800,"caption":"Per vial: 10mg + 10mg + 50mg; 10 vials\/Kit (factory-direct)."},{"@type":"BreadcrumbList","@id":"https:\/\/hghpeptideslab.com\/product\/blend-tb-500-10mg-bpc-157-10mg-ghk-cu-50mg\/#breadcrumb","itemListElement":[{"@type":"ListItem","position":1,"name":"Home","item":"https:\/\/hghpeptideslab.com\/"},{"@type":"ListItem","position":2,"name":"Shop","item":"https:\/\/hghpeptideslab.com\/shop\/"},{"@type":"ListItem","position":3,"name":"Blend TB-500 10mg + BPC-157 10mg + GHK-Cu 50mg"}]},{"@type":"WebSite","@id":"https:\/\/hghpeptideslab.com\/#website","url":"https:\/\/hghpeptideslab.com\/","name":"HGH Peptides Lab","description":"Premium Peptides &amp; HGH Obchod","publisher":{"@id":"https:\/\/hghpeptideslab.com\/#organization"},"potentialAction":[{"@type":"SearchAction","target":{"@type":"EntryPoint","urlTemplate":"https:\/\/hghpeptideslab.com\/?s={search_term_string}"},"query-input":{"@type":"PropertyValueSpecification","valueRequired":true,"valueName":"search_term_string"}}],"inLanguage":"cs"},{"@type":"Organization","@id":"https:\/\/hghpeptideslab.com\/#organization","name":"HGH Peptides Lab","url":"https:\/\/hghpeptideslab.com\/cs\/","logo":{"@type":"ImageObject","url":"https:\/\/hghpeptideslab.com\/wp-content\/uploads\/2025\/07\/HGHPEPTIDESLAB-Logo.png"},"image":{"@id":"https:\/\/hghpeptideslab.com\/#\/schema\/logo\/image\/"},"foundingDate":"2010","contactPoint":[{"@type":"ContactPoint","contactType":"customer support","telephone":"+85247559641","email":"CYGGL2025@gmail.com","availableLanguage":["en"]}]}]}},"_links":{"self":[{"href":"https:\/\/hghpeptideslab.com\/cs\/wp-json\/wp\/v2\/product\/9554","targetHints":{"allow":["GET"]}}],"collection":[{"href":"https:\/\/hghpeptideslab.com\/cs\/wp-json\/wp\/v2\/product"}],"about":[{"href":"https:\/\/hghpeptideslab.com\/cs\/wp-json\/wp\/v2\/types\/product"}],"replies":[{"embeddable":true,"href":"https:\/\/hghpeptideslab.com\/cs\/wp-json\/wp\/v2\/comments?post=9554"}],"wp:featuredmedia":[{"embeddable":true,"href":"https:\/\/hghpeptideslab.com\/cs\/wp-json\/wp\/v2\/media\/9550"}],"wp:attachment":[{"href":"https:\/\/hghpeptideslab.com\/cs\/wp-json\/wp\/v2\/media?parent=9554"}],"wp:term":[{"taxonomy":"product_cat","embeddable":true,"href":"https:\/\/hghpeptideslab.com\/cs\/wp-json\/wp\/v2\/product_cat?post=9554"},{"taxonomy":"product_tag","embeddable":true,"href":"https:\/\/hghpeptideslab.com\/cs\/wp-json\/wp\/v2\/product_tag?post=9554"}],"curies":[{"name":"wp","href":"https:\/\/api.w.org\/{rel}","templated":true}]}}