{"id":9566,"date":"2025-09-03T00:03:11","date_gmt":"2025-09-03T00:03:11","guid":{"rendered":"https:\/\/hghpeptideslab.com\/?post_type=product&#038;p=9566"},"modified":"2025-10-23T01:34:24","modified_gmt":"2025-10-23T01:34:24","slug":"thymalin","status":"publish","type":"product","link":"https:\/\/hghpeptideslab.com\/cs\/product\/thymalin\/","title":{"rendered":"Thymalin Peptide"},"content":{"rendered":"<h3>P\u0159ehled<\/h3>\n<p>\n  Thymalin je thymick\u00fd peptid, o kter\u00e9m se hovo\u0159\u00ed v souvislosti s v\u00fdzkumem proti st\u00e1rnut\u00ed a imunitn\u00edm syst\u00e9mem.<br \/>\n  Na\u0161e materi\u00e1ly jsou vyr\u00e1b\u011bny podle <strong>farmaceutick\u00e1 kvalita<\/strong> s<br \/>\n  <strong>99%+ \u010distota<\/strong>, dod\u00e1van\u00fd jako b\u00edl\u00fd lyophilized powder pro flexibiln\u00ed laboratorn\u00ed pou\u017eit\u00ed.\n<\/p>\n<h3>Kl\u00ed\u010dov\u00e9 vlastnosti<\/h3>\n<ul>\n<li>S\u00edla podle vial: <strong>10 mg<\/strong><\/li>\n<li>Velikost Kit: <strong>10 vials\/Kit<\/strong><\/li>\n<li>Forma: b\u00edl\u00e1 <strong>lyophilized powder<\/strong><\/li>\n<li>P\u0159\u00edm\u00e9 dod\u00e1vky z \u010c\u00edny; st\u00e1l\u00e1 kvalita \u0161ar\u017e\u00ed<\/li>\n<\/ul>\n<h3>Typick\u00e1 zam\u011b\u0159en\u00ed v\u00fdzkumu<\/h3>\n<ul>\n<li>Diskuse o boji proti st\u00e1rnut\u00ed a dlouhov\u011bkosti (laboratorn\u00ed kontext)<\/li>\n<li>Zkoum\u00e1n\u00ed peptid\u016f souvisej\u00edc\u00edch s imunitou<\/li>\n<li>Srovn\u00e1vac\u00ed screening s jin\u00fdmi thymick\u00fdmi\/kosmetick\u00fdmi peptidy<\/li>\n<\/ul>\n<h3>Manipulace a skladov\u00e1n\u00ed<\/h3>\n<ul>\n<li>Uchov\u00e1vejte zape\u010det\u011bn\u00e9 na <strong>2-8 \u00b0C<\/strong>, chr\u00e1n\u011bn\u00e9 p\u0159ed sv\u011btlem a vlhkost\u00ed<\/li>\n<li>Rekonstituujte vhodn\u00fdm \u0159edidlem; jemn\u011b v\u00ed\u0159te pod\u00e9l st\u011bny vial.<\/li>\n<li>Po rekonstituci uchov\u00e1vejte v chladu a ihned pou\u017eijte podle m\u00edstn\u00edch SOP.<\/li>\n<\/ul>\n<h3>Balen\u00ed a p\u0159eprava<\/h3>\n<ul>\n<li>Pln\u011bn\u00ed p\u0159\u00edmo z v\u00fdroby s ochrann\u00fdm exportn\u00edm balen\u00edm<\/li>\n<li><strong>$500+<\/strong> objedn\u00e1vky \u2192 <strong>Doprava zdarma po cel\u00e9m sv\u011bt\u011b<\/strong> (<a href=\"\/cs\/shipping-policy\/\">Viz podrobnosti<\/a>)<\/li>\n<\/ul>\n<h3>Pozn\u00e1mky<\/h3>\n<ul>\n<li>Vyrobeno podle l\u00e9k\u00e1rensk\u00fdch standard\u016f (farmaceutick\u00e1 kvalita)<\/li>\n<li>Pouze pro laboratorn\u00ed v\u00fdzkum; v\u00fdrobky nejsou ozna\u010deny pro l\u00e9ka\u0159sk\u00e9 pou\u017eit\u00ed.<\/li>\n<\/ul>","protected":false},"excerpt":{"rendered":"<p><strong>Jm\u00e9no:<\/strong> 99% Purity Thymalin peptidov\u00fd pr\u00e1\u0161ek<br \/>\n<strong>Funkce:<\/strong> Proti st\u00e1rnut\u00ed; podpora imunitn\u00edho syst\u00e9mu; pomoc p\u0159i regeneraci<br \/>\n<strong>Specifikace:<\/strong> 10 mg na vial; 10 vials\/Kit<br \/>\n<strong>CAS:<\/strong> 79621-14-0<br \/>\n<strong>Vzhled:<\/strong> White lyophilized powder<\/p>","protected":false},"featured_media":9562,"comment_status":"open","ping_status":"closed","template":"","meta":[],"product_cat":[51,60],"product_tag":[162,159,320,307],"class_list":{"0":"post-9566","1":"product","2":"type-product","3":"status-publish","4":"has-post-thumbnail","6":"product_brand-dp-hghpeptides","7":"product_brand-hgh-peptides-lab","8":"product_cat-peptides-for-healing","9":"product_cat-specialty-peptides","10":"product_tag-anti-aging-longevity-peptides","11":"product_tag-anti-inflammatory-peptides","12":"product_tag-beginner-friendly-peptides","13":"product_tag-thymalin","15":"first","16":"instock","17":"shipping-taxable","18":"purchasable","19":"product-type-simple"},"yoast_head":"<!-- This site is optimized with the Yoast SEO Premium plugin v27.6 (Yoast SEO v27.6) - https:\/\/yoast.com\/product\/yoast-seo-premium-wordpress\/ -->\n<title>Thymalin Peptide 10mg | HGH Peptides Lab \u2014 Factory-Direct, China<\/title>\n<meta name=\"description\" content=\"Thymalin peptide 10mg\/vial, 10 vials\/Kit. 99% purity, pharmaceutical-grade quality. Factory-direct from China with fast shipping. See price, specs and buying tips.\" \/>\n<meta name=\"robots\" content=\"index, follow, max-snippet:-1, max-image-preview:large, max-video-preview:-1\" \/>\n<link rel=\"canonical\" href=\"https:\/\/hghpeptideslab.com\/cs\/product\/thymalin\/\" \/>\n<meta property=\"og:locale\" content=\"cs_CZ\" \/>\n<meta property=\"og:type\" content=\"article\" \/>\n<meta property=\"og:title\" content=\"Thymalin Peptide\" \/>\n<meta property=\"og:description\" content=\"Thymalin peptide 10mg\/vial, 10 vials\/Kit. 99% purity, pharmaceutical-grade quality. Factory-direct from China with fast shipping. See price, specs and buying tips.\" \/>\n<meta property=\"og:url\" content=\"https:\/\/hghpeptideslab.com\/cs\/product\/thymalin\/\" \/>\n<meta property=\"og:site_name\" content=\"HGH Peptides Lab\" \/>\n<meta property=\"article:modified_time\" content=\"2025-10-23T01:34:24+00:00\" \/>\n<meta property=\"og:image\" content=\"https:\/\/hghpeptideslab.com\/wp-content\/uploads\/2025\/09\/thymalin-10mg.jpg\" \/>\n\t<meta property=\"og:image:width\" content=\"800\" \/>\n\t<meta property=\"og:image:height\" content=\"800\" \/>\n\t<meta property=\"og:image:type\" content=\"image\/jpeg\" \/>\n<meta name=\"twitter:card\" content=\"summary_large_image\" \/>\n<meta name=\"twitter:label1\" content=\"Odhadovan\u00e1 doba \u010dten\u00ed\" \/>\n\t<meta name=\"twitter:data1\" content=\"1 minuta\" \/>\n<script type=\"application\/ld+json\" class=\"yoast-schema-graph\">{\"@context\":\"https:\\\/\\\/schema.org\",\"@graph\":[{\"@type\":\"WebPage\",\"@id\":\"https:\\\/\\\/hghpeptideslab.com\\\/product\\\/thymalin\\\/\",\"url\":\"https:\\\/\\\/hghpeptideslab.com\\\/product\\\/thymalin\\\/\",\"name\":\"Thymalin Peptide 10mg | HGH Peptides Lab \u2014 Factory-Direct, China\",\"isPartOf\":{\"@id\":\"https:\\\/\\\/hghpeptideslab.com\\\/#website\"},\"primaryImageOfPage\":{\"@id\":\"https:\\\/\\\/hghpeptideslab.com\\\/product\\\/thymalin\\\/#primaryimage\"},\"image\":{\"@id\":\"https:\\\/\\\/hghpeptideslab.com\\\/product\\\/thymalin\\\/#primaryimage\"},\"thumbnailUrl\":\"https:\\\/\\\/hghpeptideslab.com\\\/wp-content\\\/uploads\\\/2025\\\/09\\\/thymalin-10mg.jpg\",\"datePublished\":\"2025-09-03T00:03:11+00:00\",\"dateModified\":\"2025-10-23T01:34:24+00:00\",\"description\":\"Thymalin peptide 10mg\\\/vial, 10 vials\\\/Kit. 99% purity, pharmaceutical-grade quality. Factory-direct from China with fast shipping. See price, specs and buying tips.\",\"breadcrumb\":{\"@id\":\"https:\\\/\\\/hghpeptideslab.com\\\/product\\\/thymalin\\\/#breadcrumb\"},\"inLanguage\":\"cs\",\"potentialAction\":[{\"@type\":\"ReadAction\",\"target\":[\"https:\\\/\\\/hghpeptideslab.com\\\/product\\\/thymalin\\\/\"]}],\"copyrightNotice\":\"\u00a9 2010\u20132026 HGH Peptides Lab. All Rights Reserved.\"},{\"@type\":\"ImageObject\",\"inLanguage\":\"cs\",\"@id\":\"https:\\\/\\\/hghpeptideslab.com\\\/product\\\/thymalin\\\/#primaryimage\",\"url\":\"https:\\\/\\\/hghpeptideslab.com\\\/wp-content\\\/uploads\\\/2025\\\/09\\\/thymalin-10mg.jpg\",\"contentUrl\":\"https:\\\/\\\/hghpeptideslab.com\\\/wp-content\\\/uploads\\\/2025\\\/09\\\/thymalin-10mg.jpg\",\"width\":800,\"height\":800,\"caption\":\"10 mg per vial; 10 vials\\\/Kit (factory-direct).\"},{\"@type\":\"BreadcrumbList\",\"@id\":\"https:\\\/\\\/hghpeptideslab.com\\\/product\\\/thymalin\\\/#breadcrumb\",\"itemListElement\":[{\"@type\":\"ListItem\",\"position\":1,\"name\":\"Home\",\"item\":\"https:\\\/\\\/hghpeptideslab.com\\\/\"},{\"@type\":\"ListItem\",\"position\":2,\"name\":\"Shop\",\"item\":\"https:\\\/\\\/hghpeptideslab.com\\\/shop\\\/\"},{\"@type\":\"ListItem\",\"position\":3,\"name\":\"Thymalin Peptide\"}]},{\"@type\":\"WebSite\",\"@id\":\"https:\\\/\\\/hghpeptideslab.com\\\/#website\",\"url\":\"https:\\\/\\\/hghpeptideslab.com\\\/\",\"name\":\"HGH Peptides Lab\",\"description\":\"Premium Peptides &amp; HGH Shop\",\"publisher\":{\"@id\":\"https:\\\/\\\/hghpeptideslab.com\\\/#organization\"},\"potentialAction\":[{\"@type\":\"SearchAction\",\"target\":{\"@type\":\"EntryPoint\",\"urlTemplate\":\"https:\\\/\\\/hghpeptideslab.com\\\/?s={search_term_string}\"},\"query-input\":{\"@type\":\"PropertyValueSpecification\",\"valueRequired\":true,\"valueName\":\"search_term_string\"}}],\"inLanguage\":\"cs\"},{\"@type\":\"Organization\",\"@id\":\"https:\\\/\\\/hghpeptideslab.com\\\/#organization\",\"name\":\"HGH Peptides Lab\",\"url\":\"https:\\\/\\\/hghpeptideslab.com\\\/cs\\\/\",\"logo\":{\"@type\":\"ImageObject\",\"url\":\"https:\\\/\\\/hghpeptideslab.com\\\/wp-content\\\/uploads\\\/2025\\\/07\\\/HGHPEPTIDESLAB-Logo.png\"},\"image\":{\"@id\":\"https:\\\/\\\/hghpeptideslab.com\\\/#\\\/schema\\\/logo\\\/image\\\/\"},\"foundingDate\":\"2010\",\"contactPoint\":[{\"@type\":\"ContactPoint\",\"contactType\":\"customer support\",\"telephone\":\"+85247559641\",\"email\":\"CYGGL2025@gmail.com\",\"availableLanguage\":[\"en\"]}]}]}<\/script>\n<!-- \/ Yoast SEO Premium plugin. -->","yoast_head_json":{"title":"Thymalin Peptide 10mg | HGH Peptides Lab - Factory-Direct, \u010c\u00edna","description":"Thymalin peptid 10mg\/vial, 10 vials\/Kit. 99% purity, farmaceutick\u00e1 kvalita. P\u0159\u00edm\u00fd dovoz z \u010c\u00edny s rychlou expedic\u00ed. Pod\u00edvejte se na cenu, specifikace a tipy k n\u00e1kupu.","robots":{"index":"index","follow":"follow","max-snippet":"max-snippet:-1","max-image-preview":"max-image-preview:large","max-video-preview":"max-video-preview:-1"},"canonical":"https:\/\/hghpeptideslab.com\/cs\/product\/thymalin\/","og_locale":"cs_CZ","og_type":"article","og_title":"Thymalin Peptide","og_description":"Thymalin peptide 10mg\/vial, 10 vials\/Kit. 99% purity, pharmaceutical-grade quality. Factory-direct from China with fast shipping. See price, specs and buying tips.","og_url":"https:\/\/hghpeptideslab.com\/cs\/product\/thymalin\/","og_site_name":"HGH Peptides Lab","article_modified_time":"2025-10-23T01:34:24+00:00","og_image":[{"width":800,"height":800,"url":"https:\/\/hghpeptideslab.com\/wp-content\/uploads\/2025\/09\/thymalin-10mg.jpg","type":"image\/jpeg"}],"twitter_card":"summary_large_image","twitter_misc":{"Odhadovan\u00e1 doba \u010dten\u00ed":"1 minuta"},"schema":{"@context":"https:\/\/schema.org","@graph":[{"@type":"WebPage","@id":"https:\/\/hghpeptideslab.com\/product\/thymalin\/","url":"https:\/\/hghpeptideslab.com\/product\/thymalin\/","name":"Thymalin Peptide 10mg | HGH Peptides Lab - Factory-Direct, \u010c\u00edna","isPartOf":{"@id":"https:\/\/hghpeptideslab.com\/#website"},"primaryImageOfPage":{"@id":"https:\/\/hghpeptideslab.com\/product\/thymalin\/#primaryimage"},"image":{"@id":"https:\/\/hghpeptideslab.com\/product\/thymalin\/#primaryimage"},"thumbnailUrl":"https:\/\/hghpeptideslab.com\/wp-content\/uploads\/2025\/09\/thymalin-10mg.jpg","datePublished":"2025-09-03T00:03:11+00:00","dateModified":"2025-10-23T01:34:24+00:00","description":"Thymalin peptid 10mg\/vial, 10 vials\/Kit. 99% purity, farmaceutick\u00e1 kvalita. P\u0159\u00edm\u00fd dovoz z \u010c\u00edny s rychlou expedic\u00ed. Pod\u00edvejte se na cenu, specifikace a tipy k n\u00e1kupu.","breadcrumb":{"@id":"https:\/\/hghpeptideslab.com\/product\/thymalin\/#breadcrumb"},"inLanguage":"cs","potentialAction":[{"@type":"ReadAction","target":["https:\/\/hghpeptideslab.com\/product\/thymalin\/"]}],"copyrightNotice":"\u00a9 2010\u20132026 HGH Peptides Lab. All Rights Reserved."},{"@type":"ImageObject","inLanguage":"cs","@id":"https:\/\/hghpeptideslab.com\/product\/thymalin\/#primaryimage","url":"https:\/\/hghpeptideslab.com\/wp-content\/uploads\/2025\/09\/thymalin-10mg.jpg","contentUrl":"https:\/\/hghpeptideslab.com\/wp-content\/uploads\/2025\/09\/thymalin-10mg.jpg","width":800,"height":800,"caption":"10 mg per vial; 10 vials\/Kit (factory-direct)."},{"@type":"BreadcrumbList","@id":"https:\/\/hghpeptideslab.com\/product\/thymalin\/#breadcrumb","itemListElement":[{"@type":"ListItem","position":1,"name":"Home","item":"https:\/\/hghpeptideslab.com\/"},{"@type":"ListItem","position":2,"name":"Shop","item":"https:\/\/hghpeptideslab.com\/shop\/"},{"@type":"ListItem","position":3,"name":"Thymalin Peptide"}]},{"@type":"WebSite","@id":"https:\/\/hghpeptideslab.com\/#website","url":"https:\/\/hghpeptideslab.com\/","name":"HGH Peptides Lab","description":"Premium Peptides &amp; HGH Obchod","publisher":{"@id":"https:\/\/hghpeptideslab.com\/#organization"},"potentialAction":[{"@type":"SearchAction","target":{"@type":"EntryPoint","urlTemplate":"https:\/\/hghpeptideslab.com\/?s={search_term_string}"},"query-input":{"@type":"PropertyValueSpecification","valueRequired":true,"valueName":"search_term_string"}}],"inLanguage":"cs"},{"@type":"Organization","@id":"https:\/\/hghpeptideslab.com\/#organization","name":"HGH Peptides Lab","url":"https:\/\/hghpeptideslab.com\/cs\/","logo":{"@type":"ImageObject","url":"https:\/\/hghpeptideslab.com\/wp-content\/uploads\/2025\/07\/HGHPEPTIDESLAB-Logo.png"},"image":{"@id":"https:\/\/hghpeptideslab.com\/#\/schema\/logo\/image\/"},"foundingDate":"2010","contactPoint":[{"@type":"ContactPoint","contactType":"customer support","telephone":"+85247559641","email":"CYGGL2025@gmail.com","availableLanguage":["en"]}]}]}},"_links":{"self":[{"href":"https:\/\/hghpeptideslab.com\/cs\/wp-json\/wp\/v2\/product\/9566","targetHints":{"allow":["GET"]}}],"collection":[{"href":"https:\/\/hghpeptideslab.com\/cs\/wp-json\/wp\/v2\/product"}],"about":[{"href":"https:\/\/hghpeptideslab.com\/cs\/wp-json\/wp\/v2\/types\/product"}],"replies":[{"embeddable":true,"href":"https:\/\/hghpeptideslab.com\/cs\/wp-json\/wp\/v2\/comments?post=9566"}],"wp:featuredmedia":[{"embeddable":true,"href":"https:\/\/hghpeptideslab.com\/cs\/wp-json\/wp\/v2\/media\/9562"}],"wp:attachment":[{"href":"https:\/\/hghpeptideslab.com\/cs\/wp-json\/wp\/v2\/media?parent=9566"}],"wp:term":[{"taxonomy":"product_cat","embeddable":true,"href":"https:\/\/hghpeptideslab.com\/cs\/wp-json\/wp\/v2\/product_cat?post=9566"},{"taxonomy":"product_tag","embeddable":true,"href":"https:\/\/hghpeptideslab.com\/cs\/wp-json\/wp\/v2\/product_tag?post=9566"}],"curies":[{"name":"wp","href":"https:\/\/api.w.org\/{rel}","templated":true}]}}