{"id":9592,"date":"2025-09-03T04:17:00","date_gmt":"2025-09-03T04:17:00","guid":{"rendered":"https:\/\/hghpeptideslab.com\/?post_type=product&#038;p=9592"},"modified":"2026-04-11T23:00:05","modified_gmt":"2026-04-11T23:00:05","slug":"vip","status":"publish","type":"product","link":"https:\/\/hghpeptideslab.com\/cs\/product\/vip\/","title":{"rendered":"VIP Peptide(Vasoactive Intestinal Peptide)"},"content":{"rendered":"<h3>P\u0159ehled<\/h3>\n<p>\n  VIP (Vasoactive Intestinal Peptide) je \u010dasto zmi\u0148ov\u00e1n ve v\u00fdzkumu vazodilatace,<br \/>\n  neuropeptidov\u00e9 signalizace a modulace z\u00e1n\u011btu. Dod\u00e1v\u00e1 se jako b\u00edl\u00fd lyophilized powder<br \/>\n  s <strong>99%+ \u010distota<\/strong> a <strong>farmaceutick\u00e1 kvalita<\/strong>, vhodn\u00e9 pro<br \/>\n  flexibiln\u00ed laboratorn\u00ed pracovn\u00ed postupy.\n<\/p>\n<h3>Kl\u00ed\u010dov\u00e9 vlastnosti<\/h3>\n<ul>\n<li>S\u00edla podle vial: <strong>10 mg<\/strong><\/li>\n<li>Velikost Kit: <strong>10 vials\/Kit<\/strong><\/li>\n<li>Forma: b\u00edl\u00e1 <strong>lyophilized powder<\/strong><\/li>\n<li>P\u0159\u00edm\u00e9 dod\u00e1vky z \u010c\u00edny; konzistentn\u00ed kvalita \u0161ar\u017e\u00ed<\/li>\n<\/ul>\n<h3>Typick\u00e1 zam\u011b\u0159en\u00ed v\u00fdzkumu<\/h3>\n<ul>\n<li>Studie vazomodulace a c\u00e9vn\u00edho tonu<\/li>\n<li>Souvislosti v\u00fdzkumu neuropeptidov\u00e9 signalizace<\/li>\n<li>Modely pro modulaci z\u00e1n\u011btu a podporu bari\u00e9r<\/li>\n<\/ul>\n<h3>Manipulace a skladov\u00e1n\u00ed<\/h3>\n<ul>\n<li>Skladujte uzav\u0159en\u00e9 p\u0159i <strong>2-8 \u00b0C<\/strong>, chr\u00e1n\u011bn\u00e9 p\u0159ed sv\u011btlem a vlhkost\u00ed<\/li>\n<li>Rekonstituujte vhodn\u00fdm \u0159edidlem; jemn\u011b v\u00ed\u0159te pod\u00e9l st\u011bny vial.<\/li>\n<li>Po rekonstituci uchov\u00e1vejte v chladu a ihned pou\u017eijte podle m\u00edstn\u00edch SOP.<\/li>\n<\/ul>\n<h3>Balen\u00ed a p\u0159eprava<\/h3>\n<ul>\n<li>Pln\u011bn\u00ed p\u0159\u00edmo z v\u00fdroby s ochrann\u00fdm exportn\u00edm balen\u00edm<\/li>\n<li><strong>$500+<\/strong> objedn\u00e1vky \u2192 <strong>Doprava zdarma po cel\u00e9m sv\u011bt\u011b<\/strong> (<a href=\"\/cs\/shipping-policy\/\">Viz podrobnosti<\/a>)<\/li>\n<\/ul>\n<h3>Pozn\u00e1mky<\/h3>\n<ul>\n<li>Vyrobeno podle l\u00e9k\u00e1rensk\u00fdch standard\u016f (farmaceutick\u00e1 kvalita)<\/li>\n<li>Dokumenty o kvalit\u011b jsou k dispozici na vy\u017e\u00e1d\u00e1n\u00ed<\/li>\n<li>Pouze pro laboratorn\u00ed v\u00fdzkum; v\u00fdrobky nejsou ozna\u010deny pro l\u00e9ka\u0159sk\u00e9 pou\u017eit\u00ed.<\/li>\n<\/ul>","protected":false},"excerpt":{"rendered":"<p><strong>Jm\u00e9no:<\/strong> 99% Purity VIP (Vasoactive Intestinal Peptide) pr\u00e1\u0161ek<br \/>\n<strong>Funkce:<\/strong> Protiz\u00e1n\u011btliv\u00fd a vazomodula\u010dn\u00ed v\u00fdzkum; neuro-peptidov\u00e9 studie<br \/>\n<strong>Specifikace:<\/strong> 10 mg na vial; 10 vials\/Kit<br \/>\n<strong>CAS:<\/strong> 40077-57-4<br \/>\n<strong>Vzhled:<\/strong> White lyophilized powder<\/p>","protected":false},"featured_media":9588,"comment_status":"open","ping_status":"closed","template":"","meta":[],"product_cat":[59,60],"product_tag":[159,320,319,312],"class_list":{"0":"post-9592","1":"product","2":"type-product","3":"status-publish","4":"has-post-thumbnail","6":"product_brand-dp-hghpeptides","7":"product_brand-hgh-peptides-lab","8":"product_cat-nootropic-peptides-anti-aging","9":"product_cat-specialty-peptides","10":"product_tag-anti-inflammatory-peptides","11":"product_tag-beginner-friendly-peptides","12":"product_tag-metabolic-support-peptides","13":"product_tag-vip-vasoactive-intestinal-peptide","15":"first","16":"instock","17":"shipping-taxable","18":"purchasable","19":"product-type-simple"},"yoast_head":"<!-- This site is optimized with the Yoast SEO Premium plugin v27.6 (Yoast SEO v27.6) - https:\/\/yoast.com\/product\/yoast-seo-premium-wordpress\/ -->\n<title>VIP Peptide 10mg | HGH Peptides Lab \u2014 Pharmaceutical-Grade Quality<\/title>\n<meta name=\"description\" content=\"VIP (vasoactive intestinal peptide) 10mg\/vial, 10 vials\/Kit. 99% purity, pharmaceutical-grade quality. Factory-direct from China. See price, specs and buying tips.\" \/>\n<meta name=\"robots\" content=\"index, follow, max-snippet:-1, max-image-preview:large, max-video-preview:-1\" \/>\n<link rel=\"canonical\" href=\"https:\/\/hghpeptideslab.com\/cs\/product\/vip\/\" \/>\n<meta property=\"og:locale\" content=\"cs_CZ\" \/>\n<meta property=\"og:type\" content=\"article\" \/>\n<meta property=\"og:title\" content=\"VIP Peptide(Vasoactive Intestinal Peptide)\" \/>\n<meta property=\"og:description\" content=\"VIP (vasoactive intestinal peptide) 10mg\/vial, 10 vials\/Kit. 99% purity, pharmaceutical-grade quality. Factory-direct from China. See price, specs and buying tips.\" \/>\n<meta property=\"og:url\" content=\"https:\/\/hghpeptideslab.com\/cs\/product\/vip\/\" \/>\n<meta property=\"og:site_name\" content=\"HGH Peptides Lab\" \/>\n<meta property=\"article:modified_time\" content=\"2026-04-11T23:00:05+00:00\" \/>\n<meta property=\"og:image\" content=\"https:\/\/hghpeptideslab.com\/wp-content\/uploads\/2025\/09\/vip-10mg.jpg\" \/>\n\t<meta property=\"og:image:width\" content=\"800\" \/>\n\t<meta property=\"og:image:height\" content=\"800\" \/>\n\t<meta property=\"og:image:type\" content=\"image\/jpeg\" \/>\n<meta name=\"twitter:card\" content=\"summary_large_image\" \/>\n<meta name=\"twitter:label1\" content=\"Odhadovan\u00e1 doba \u010dten\u00ed\" \/>\n\t<meta name=\"twitter:data1\" content=\"1 minuta\" \/>\n<script type=\"application\/ld+json\" class=\"yoast-schema-graph\">{\"@context\":\"https:\\\/\\\/schema.org\",\"@graph\":[{\"@type\":\"WebPage\",\"@id\":\"https:\\\/\\\/hghpeptideslab.com\\\/product\\\/vip\\\/\",\"url\":\"https:\\\/\\\/hghpeptideslab.com\\\/product\\\/vip\\\/\",\"name\":\"VIP Peptide 10mg | HGH Peptides Lab \u2014 Pharmaceutical-Grade Quality\",\"isPartOf\":{\"@id\":\"https:\\\/\\\/hghpeptideslab.com\\\/#website\"},\"primaryImageOfPage\":{\"@id\":\"https:\\\/\\\/hghpeptideslab.com\\\/product\\\/vip\\\/#primaryimage\"},\"image\":{\"@id\":\"https:\\\/\\\/hghpeptideslab.com\\\/product\\\/vip\\\/#primaryimage\"},\"thumbnailUrl\":\"https:\\\/\\\/hghpeptideslab.com\\\/wp-content\\\/uploads\\\/2025\\\/09\\\/vip-10mg.jpg\",\"datePublished\":\"2025-09-03T04:17:00+00:00\",\"dateModified\":\"2026-04-11T23:00:05+00:00\",\"description\":\"VIP (vasoactive intestinal peptide) 10mg\\\/vial, 10 vials\\\/Kit. 99% purity, pharmaceutical-grade quality. Factory-direct from China. See price, specs and buying tips.\",\"breadcrumb\":{\"@id\":\"https:\\\/\\\/hghpeptideslab.com\\\/product\\\/vip\\\/#breadcrumb\"},\"inLanguage\":\"cs\",\"potentialAction\":[{\"@type\":\"ReadAction\",\"target\":[\"https:\\\/\\\/hghpeptideslab.com\\\/product\\\/vip\\\/\"]}],\"copyrightNotice\":\"\u00a9 2010\u20132026 HGH Peptides Lab. All Rights Reserved.\"},{\"@type\":\"ImageObject\",\"inLanguage\":\"cs\",\"@id\":\"https:\\\/\\\/hghpeptideslab.com\\\/product\\\/vip\\\/#primaryimage\",\"url\":\"https:\\\/\\\/hghpeptideslab.com\\\/wp-content\\\/uploads\\\/2025\\\/09\\\/vip-10mg.jpg\",\"contentUrl\":\"https:\\\/\\\/hghpeptideslab.com\\\/wp-content\\\/uploads\\\/2025\\\/09\\\/vip-10mg.jpg\",\"width\":800,\"height\":800,\"caption\":\"10 mg per vial; 10 vials\\\/Kit (factory-direct).\"},{\"@type\":\"BreadcrumbList\",\"@id\":\"https:\\\/\\\/hghpeptideslab.com\\\/product\\\/vip\\\/#breadcrumb\",\"itemListElement\":[{\"@type\":\"ListItem\",\"position\":1,\"name\":\"Home\",\"item\":\"https:\\\/\\\/hghpeptideslab.com\\\/\"},{\"@type\":\"ListItem\",\"position\":2,\"name\":\"Shop\",\"item\":\"https:\\\/\\\/hghpeptideslab.com\\\/shop\\\/\"},{\"@type\":\"ListItem\",\"position\":3,\"name\":\"VIP Peptide(Vasoactive Intestinal Peptide)\"}]},{\"@type\":\"WebSite\",\"@id\":\"https:\\\/\\\/hghpeptideslab.com\\\/#website\",\"url\":\"https:\\\/\\\/hghpeptideslab.com\\\/\",\"name\":\"HGH Peptides Lab\",\"description\":\"Premium Peptides &amp; HGH Shop\",\"publisher\":{\"@id\":\"https:\\\/\\\/hghpeptideslab.com\\\/#organization\"},\"potentialAction\":[{\"@type\":\"SearchAction\",\"target\":{\"@type\":\"EntryPoint\",\"urlTemplate\":\"https:\\\/\\\/hghpeptideslab.com\\\/?s={search_term_string}\"},\"query-input\":{\"@type\":\"PropertyValueSpecification\",\"valueRequired\":true,\"valueName\":\"search_term_string\"}}],\"inLanguage\":\"cs\"},{\"@type\":\"Organization\",\"@id\":\"https:\\\/\\\/hghpeptideslab.com\\\/#organization\",\"name\":\"HGH Peptides Lab\",\"url\":\"https:\\\/\\\/hghpeptideslab.com\\\/cs\\\/\",\"logo\":{\"@type\":\"ImageObject\",\"url\":\"https:\\\/\\\/hghpeptideslab.com\\\/wp-content\\\/uploads\\\/2025\\\/07\\\/HGHPEPTIDESLAB-Logo.png\"},\"image\":{\"@id\":\"https:\\\/\\\/hghpeptideslab.com\\\/#\\\/schema\\\/logo\\\/image\\\/\"},\"foundingDate\":\"2010\",\"contactPoint\":[{\"@type\":\"ContactPoint\",\"contactType\":\"customer support\",\"telephone\":\"+85247559641\",\"email\":\"CYGGL2025@gmail.com\",\"availableLanguage\":[\"en\"]}]}]}<\/script>\n<!-- \/ Yoast SEO Premium plugin. -->","yoast_head_json":{"title":"VIP Peptide 10mg | HGH Peptides Lab - farmaceutick\u00e1 kvalita","description":"VIP (vazoaktivn\u00ed st\u0159evn\u00ed peptid) 10mg\/vial, 10 vials\/Kit. 99% purity, farmaceutick\u00e1 kvalita. P\u0159\u00edm\u00fd dovoz z \u010c\u00edny. Pod\u00edvejte se na cenu, specifikace a tipy k n\u00e1kupu.","robots":{"index":"index","follow":"follow","max-snippet":"max-snippet:-1","max-image-preview":"max-image-preview:large","max-video-preview":"max-video-preview:-1"},"canonical":"https:\/\/hghpeptideslab.com\/cs\/product\/vip\/","og_locale":"cs_CZ","og_type":"article","og_title":"VIP Peptide(Vasoactive Intestinal Peptide)","og_description":"VIP (vasoactive intestinal peptide) 10mg\/vial, 10 vials\/Kit. 99% purity, pharmaceutical-grade quality. Factory-direct from China. See price, specs and buying tips.","og_url":"https:\/\/hghpeptideslab.com\/cs\/product\/vip\/","og_site_name":"HGH Peptides Lab","article_modified_time":"2026-04-11T23:00:05+00:00","og_image":[{"width":800,"height":800,"url":"https:\/\/hghpeptideslab.com\/wp-content\/uploads\/2025\/09\/vip-10mg.jpg","type":"image\/jpeg"}],"twitter_card":"summary_large_image","twitter_misc":{"Odhadovan\u00e1 doba \u010dten\u00ed":"1 minuta"},"schema":{"@context":"https:\/\/schema.org","@graph":[{"@type":"WebPage","@id":"https:\/\/hghpeptideslab.com\/product\/vip\/","url":"https:\/\/hghpeptideslab.com\/product\/vip\/","name":"VIP Peptide 10mg | HGH Peptides Lab - farmaceutick\u00e1 kvalita","isPartOf":{"@id":"https:\/\/hghpeptideslab.com\/#website"},"primaryImageOfPage":{"@id":"https:\/\/hghpeptideslab.com\/product\/vip\/#primaryimage"},"image":{"@id":"https:\/\/hghpeptideslab.com\/product\/vip\/#primaryimage"},"thumbnailUrl":"https:\/\/hghpeptideslab.com\/wp-content\/uploads\/2025\/09\/vip-10mg.jpg","datePublished":"2025-09-03T04:17:00+00:00","dateModified":"2026-04-11T23:00:05+00:00","description":"VIP (vazoaktivn\u00ed st\u0159evn\u00ed peptid) 10mg\/vial, 10 vials\/Kit. 99% purity, farmaceutick\u00e1 kvalita. P\u0159\u00edm\u00fd dovoz z \u010c\u00edny. Pod\u00edvejte se na cenu, specifikace a tipy k n\u00e1kupu.","breadcrumb":{"@id":"https:\/\/hghpeptideslab.com\/product\/vip\/#breadcrumb"},"inLanguage":"cs","potentialAction":[{"@type":"ReadAction","target":["https:\/\/hghpeptideslab.com\/product\/vip\/"]}],"copyrightNotice":"\u00a9 2010\u20132026 HGH Peptides Lab. All Rights Reserved."},{"@type":"ImageObject","inLanguage":"cs","@id":"https:\/\/hghpeptideslab.com\/product\/vip\/#primaryimage","url":"https:\/\/hghpeptideslab.com\/wp-content\/uploads\/2025\/09\/vip-10mg.jpg","contentUrl":"https:\/\/hghpeptideslab.com\/wp-content\/uploads\/2025\/09\/vip-10mg.jpg","width":800,"height":800,"caption":"10 mg per vial; 10 vials\/Kit (factory-direct)."},{"@type":"BreadcrumbList","@id":"https:\/\/hghpeptideslab.com\/product\/vip\/#breadcrumb","itemListElement":[{"@type":"ListItem","position":1,"name":"Home","item":"https:\/\/hghpeptideslab.com\/"},{"@type":"ListItem","position":2,"name":"Shop","item":"https:\/\/hghpeptideslab.com\/shop\/"},{"@type":"ListItem","position":3,"name":"VIP Peptide(Vasoactive Intestinal Peptide)"}]},{"@type":"WebSite","@id":"https:\/\/hghpeptideslab.com\/#website","url":"https:\/\/hghpeptideslab.com\/","name":"HGH Peptides Lab","description":"Premium Peptides &amp; HGH Obchod","publisher":{"@id":"https:\/\/hghpeptideslab.com\/#organization"},"potentialAction":[{"@type":"SearchAction","target":{"@type":"EntryPoint","urlTemplate":"https:\/\/hghpeptideslab.com\/?s={search_term_string}"},"query-input":{"@type":"PropertyValueSpecification","valueRequired":true,"valueName":"search_term_string"}}],"inLanguage":"cs"},{"@type":"Organization","@id":"https:\/\/hghpeptideslab.com\/#organization","name":"HGH Peptides Lab","url":"https:\/\/hghpeptideslab.com\/cs\/","logo":{"@type":"ImageObject","url":"https:\/\/hghpeptideslab.com\/wp-content\/uploads\/2025\/07\/HGHPEPTIDESLAB-Logo.png"},"image":{"@id":"https:\/\/hghpeptideslab.com\/#\/schema\/logo\/image\/"},"foundingDate":"2010","contactPoint":[{"@type":"ContactPoint","contactType":"customer support","telephone":"+85247559641","email":"CYGGL2025@gmail.com","availableLanguage":["en"]}]}]}},"_links":{"self":[{"href":"https:\/\/hghpeptideslab.com\/cs\/wp-json\/wp\/v2\/product\/9592","targetHints":{"allow":["GET"]}}],"collection":[{"href":"https:\/\/hghpeptideslab.com\/cs\/wp-json\/wp\/v2\/product"}],"about":[{"href":"https:\/\/hghpeptideslab.com\/cs\/wp-json\/wp\/v2\/types\/product"}],"replies":[{"embeddable":true,"href":"https:\/\/hghpeptideslab.com\/cs\/wp-json\/wp\/v2\/comments?post=9592"}],"wp:featuredmedia":[{"embeddable":true,"href":"https:\/\/hghpeptideslab.com\/cs\/wp-json\/wp\/v2\/media\/9588"}],"wp:attachment":[{"href":"https:\/\/hghpeptideslab.com\/cs\/wp-json\/wp\/v2\/media?parent=9592"}],"wp:term":[{"taxonomy":"product_cat","embeddable":true,"href":"https:\/\/hghpeptideslab.com\/cs\/wp-json\/wp\/v2\/product_cat?post=9592"},{"taxonomy":"product_tag","embeddable":true,"href":"https:\/\/hghpeptideslab.com\/cs\/wp-json\/wp\/v2\/product_tag?post=9592"}],"curies":[{"name":"wp","href":"https:\/\/api.w.org\/{rel}","templated":true}]}}