{"id":9597,"date":"2025-09-03T04:40:47","date_gmt":"2025-09-03T04:40:47","guid":{"rendered":"https:\/\/hghpeptideslab.com\/?post_type=product&#038;p=9597"},"modified":"2026-05-05T18:15:48","modified_gmt":"2026-05-05T18:15:48","slug":"blend-cagrilintide-5mg-semaglutide-5mg","status":"publish","type":"product","link":"https:\/\/hghpeptideslab.com\/cs\/product\/blend-cagrilintide-5mg-semaglutide-5mg\/","title":{"rendered":"Blend Cagrilintide 5mg + Semaglutide 5mg"},"content":{"rendered":"<h3>P\u0159ehled<\/h3>\n<p>\n  Tato dvoj\u00ed peptidov\u00e1 sm\u011bs kombinuje <strong>Cagrilintide (5 mg)<\/strong> s <strong>Semaglutide (5 mg)<\/strong>,<br \/>\n  \u010dasto diskutov\u00e1ny spole\u010dn\u011b v kontextu v\u00fdzkumu regulace hmotnosti a kontroly chuti k j\u00eddlu.<br \/>\n  Dod\u00e1v\u00e1 se v b\u00edl\u00e9 barv\u011b lyophilized powder s <strong>99%+ \u010distota<\/strong> a<br \/>\n  <strong>farmaceutick\u00e1 kvalita<\/strong>, vhodn\u00e9 pro flexibiln\u00ed laboratorn\u00ed pracovn\u00ed postupy.\n<\/p>\n<h3>Kl\u00ed\u010dov\u00e9 vlastnosti<\/h3>\n<ul>\n<li>Za vial: <strong>5 mg + 5 mg<\/strong> (Cagrilintide + Semaglutide)<\/li>\n<li>Velikost Kit: <strong>10 vials\/Kit<\/strong><\/li>\n<li>Forma: b\u00edl\u00e1 <strong>lyophilized powder<\/strong><\/li>\n<li>P\u0159\u00edm\u00e9 dod\u00e1vky z \u010c\u00edny; konzistentn\u00ed kvalita \u0161ar\u017e\u00ed<\/li>\n<\/ul>\n<h3>Typick\u00e1 zam\u011b\u0159en\u00ed v\u00fdzkumu<\/h3>\n<ul>\n<li>R\u00e1mce regulace chuti k j\u00eddlu a signalizace sytosti<\/li>\n<li>Modely studi\u00ed pro regulaci hmotnosti a podporu metabolismu<\/li>\n<li>Srovn\u00e1vac\u00ed testy vs. inkretinov\u00e9 p\u0159\u00edstupy zalo\u017een\u00e9 na jedn\u00e9 cest\u011b<\/li>\n<\/ul>\n<h3>Manipulace a skladov\u00e1n\u00ed<\/h3>\n<ul>\n<li>Skladujte uzav\u0159en\u00e9 p\u0159i <strong>2-8 \u00b0C<\/strong>, chr\u00e1n\u011bn\u00e9 p\u0159ed sv\u011btlem a vlhkost\u00ed<\/li>\n<li>Rekonstituujte vhodn\u00fdm \u0159edidlem; jemn\u011b v\u00ed\u0159te pod\u00e9l st\u011bny vial.<\/li>\n<li>Po rekonstituci uchov\u00e1vejte v chladu a ihned pou\u017eijte podle m\u00edstn\u00edch SOP.<\/li>\n<\/ul>\n<h3>Balen\u00ed a p\u0159eprava<\/h3>\n<ul>\n<li>Pln\u011bn\u00ed p\u0159\u00edmo z v\u00fdroby s ochrann\u00fdm exportn\u00edm balen\u00edm<\/li>\n<li><strong>$500+<\/strong> objedn\u00e1vky \u2192 <strong>Doprava zdarma po cel\u00e9m sv\u011bt\u011b<\/strong> (<a href=\"\/cs\/shipping-policy\/\">Viz podrobnosti<\/a>)<\/li>\n<\/ul>\n<h3>Pozn\u00e1mky<\/h3>\n<ul>\n<li>Vyrobeno podle l\u00e9k\u00e1rensk\u00fdch standard\u016f (farmaceutick\u00e1 kvalita)<\/li>\n<li>Dokumenty o kvalit\u011b jsou k dispozici na vy\u017e\u00e1d\u00e1n\u00ed<\/li>\n<li>Pouze pro laboratorn\u00ed v\u00fdzkum; v\u00fdrobky nejsou ozna\u010deny pro l\u00e9ka\u0159sk\u00e9 pou\u017eit\u00ed.<\/li>\n<\/ul>","protected":false},"excerpt":{"rendered":"<p><strong>Jm\u00e9no:<\/strong> 99% Purity Cagrilintide + Semaglutide peptidov\u00e1 sm\u011bs (5 mg + 5 mg)<br \/>\n<strong>Funkce:<\/strong> Kontrola chuti k j\u00eddlu; regulace hmotnosti; podpora metabolismu<br \/>\n<strong>Specifikace:<\/strong> 5 mg + 5 mg na vial; 10 vials\/Kit<br \/>\n<strong>CAS:<\/strong> Cagrilintide: 1415456-99-3; Semaglutide: 910463-68-2<br \/>\n<strong>Vzhled:<\/strong> White lyophilized powder<\/p>","protected":false},"featured_media":9593,"comment_status":"open","ping_status":"closed","template":"","meta":[],"product_cat":[46,60],"product_tag":[320,313,302,319,314,122,318],"class_list":{"0":"post-9597","1":"product","2":"type-product","3":"status-publish","4":"has-post-thumbnail","6":"product_brand-dp-hghpeptides","7":"product_brand-hgh-peptides-lab","8":"product_cat-peptides-for-weight-loss","9":"product_cat-specialty-peptides","10":"product_tag-beginner-friendly-peptides","11":"product_tag-blend-cagrilintide-5mg-semaglutide-5mg","12":"product_tag-cagrilintide","13":"product_tag-metabolic-support-peptides","14":"product_tag-peptide-dual-blend","15":"product_tag-semaglutide","16":"product_tag-weight-loss-glp-1-peptides","18":"first","19":"instock","20":"featured","21":"shipping-taxable","22":"purchasable","23":"product-type-simple"},"yoast_head":"<!-- This site is optimized with the Yoast SEO Premium plugin v27.5 (Yoast SEO v27.5) - https:\/\/yoast.com\/product\/yoast-seo-premium-wordpress\/ -->\n<title>Cagrilintide + Semaglutide Blend (5mg + 5mg) | HGH Peptides Lab \u2014 Factory-Direct<\/title>\n<meta name=\"description\" content=\"Dual-peptide blend: Cagrilintide 5mg + Semaglutide 5mg per vial, 10 vials\/Kit. 99% purity, pharmaceutical-grade quality. Factory-direct from China with global shipping.\" \/>\n<meta name=\"robots\" content=\"index, follow, max-snippet:-1, max-image-preview:large, max-video-preview:-1\" \/>\n<link rel=\"canonical\" href=\"https:\/\/hghpeptideslab.com\/cs\/product\/blend-cagrilintide-5mg-semaglutide-5mg\/\" \/>\n<meta property=\"og:locale\" content=\"cs_CZ\" \/>\n<meta property=\"og:type\" content=\"article\" \/>\n<meta property=\"og:title\" content=\"Blend Cagrilintide 5mg + Semaglutide 5mg\" \/>\n<meta property=\"og:description\" content=\"Dual-peptide blend: Cagrilintide 5mg + Semaglutide 5mg per vial, 10 vials\/Kit. 99% purity, pharmaceutical-grade quality. Factory-direct from China with global shipping.\" \/>\n<meta property=\"og:url\" content=\"https:\/\/hghpeptideslab.com\/cs\/product\/blend-cagrilintide-5mg-semaglutide-5mg\/\" \/>\n<meta property=\"og:site_name\" content=\"HGH Peptides Lab\" \/>\n<meta property=\"article:modified_time\" content=\"2026-05-05T18:15:48+00:00\" \/>\n<meta property=\"og:image\" content=\"https:\/\/hghpeptideslab.com\/wp-content\/uploads\/2025\/09\/cagrilintide-5mgsemaglutide-5mg.jpg\" \/>\n\t<meta property=\"og:image:width\" content=\"800\" \/>\n\t<meta property=\"og:image:height\" content=\"800\" \/>\n\t<meta property=\"og:image:type\" content=\"image\/jpeg\" \/>\n<meta name=\"twitter:card\" content=\"summary_large_image\" \/>\n<meta name=\"twitter:label1\" content=\"Odhadovan\u00e1 doba \u010dten\u00ed\" \/>\n\t<meta name=\"twitter:data1\" content=\"1 minuta\" \/>\n<script type=\"application\/ld+json\" class=\"yoast-schema-graph\">{\"@context\":\"https:\\\/\\\/schema.org\",\"@graph\":[{\"@type\":\"WebPage\",\"@id\":\"https:\\\/\\\/hghpeptideslab.com\\\/product\\\/blend-cagrilintide-5mg-semaglutide-5mg\\\/\",\"url\":\"https:\\\/\\\/hghpeptideslab.com\\\/product\\\/blend-cagrilintide-5mg-semaglutide-5mg\\\/\",\"name\":\"Cagrilintide + Semaglutide Blend (5mg + 5mg) | HGH Peptides Lab \u2014 Factory-Direct\",\"isPartOf\":{\"@id\":\"https:\\\/\\\/hghpeptideslab.com\\\/#website\"},\"primaryImageOfPage\":{\"@id\":\"https:\\\/\\\/hghpeptideslab.com\\\/product\\\/blend-cagrilintide-5mg-semaglutide-5mg\\\/#primaryimage\"},\"image\":{\"@id\":\"https:\\\/\\\/hghpeptideslab.com\\\/product\\\/blend-cagrilintide-5mg-semaglutide-5mg\\\/#primaryimage\"},\"thumbnailUrl\":\"https:\\\/\\\/hghpeptideslab.com\\\/wp-content\\\/uploads\\\/2025\\\/09\\\/cagrilintide-5mgsemaglutide-5mg.jpg\",\"datePublished\":\"2025-09-03T04:40:47+00:00\",\"dateModified\":\"2026-05-05T18:15:48+00:00\",\"description\":\"Dual-peptide blend: Cagrilintide 5mg + Semaglutide 5mg per vial, 10 vials\\\/Kit. 99% purity, pharmaceutical-grade quality. Factory-direct from China with global shipping.\",\"breadcrumb\":{\"@id\":\"https:\\\/\\\/hghpeptideslab.com\\\/product\\\/blend-cagrilintide-5mg-semaglutide-5mg\\\/#breadcrumb\"},\"inLanguage\":\"cs\",\"potentialAction\":[{\"@type\":\"ReadAction\",\"target\":[\"https:\\\/\\\/hghpeptideslab.com\\\/product\\\/blend-cagrilintide-5mg-semaglutide-5mg\\\/\"]}],\"copyrightNotice\":\"\u00a9 2010\u20132026 HGH Peptides Lab. All Rights Reserved.\"},{\"@type\":\"ImageObject\",\"inLanguage\":\"cs\",\"@id\":\"https:\\\/\\\/hghpeptideslab.com\\\/product\\\/blend-cagrilintide-5mg-semaglutide-5mg\\\/#primaryimage\",\"url\":\"https:\\\/\\\/hghpeptideslab.com\\\/wp-content\\\/uploads\\\/2025\\\/09\\\/cagrilintide-5mgsemaglutide-5mg.jpg\",\"contentUrl\":\"https:\\\/\\\/hghpeptideslab.com\\\/wp-content\\\/uploads\\\/2025\\\/09\\\/cagrilintide-5mgsemaglutide-5mg.jpg\",\"width\":800,\"height\":800,\"caption\":\"Per vial: 5mg + 5mg; 10 vials\\\/Kit (factory-direct).\"},{\"@type\":\"BreadcrumbList\",\"@id\":\"https:\\\/\\\/hghpeptideslab.com\\\/product\\\/blend-cagrilintide-5mg-semaglutide-5mg\\\/#breadcrumb\",\"itemListElement\":[{\"@type\":\"ListItem\",\"position\":1,\"name\":\"Home\",\"item\":\"https:\\\/\\\/hghpeptideslab.com\\\/\"},{\"@type\":\"ListItem\",\"position\":2,\"name\":\"Shop\",\"item\":\"https:\\\/\\\/hghpeptideslab.com\\\/shop\\\/\"},{\"@type\":\"ListItem\",\"position\":3,\"name\":\"Blend Cagrilintide 5mg + Semaglutide 5mg\"}]},{\"@type\":\"WebSite\",\"@id\":\"https:\\\/\\\/hghpeptideslab.com\\\/#website\",\"url\":\"https:\\\/\\\/hghpeptideslab.com\\\/\",\"name\":\"HGH Peptides Lab\",\"description\":\"Premium Peptides &amp; HGH Shop\",\"publisher\":{\"@id\":\"https:\\\/\\\/hghpeptideslab.com\\\/#organization\"},\"potentialAction\":[{\"@type\":\"SearchAction\",\"target\":{\"@type\":\"EntryPoint\",\"urlTemplate\":\"https:\\\/\\\/hghpeptideslab.com\\\/?s={search_term_string}\"},\"query-input\":{\"@type\":\"PropertyValueSpecification\",\"valueRequired\":true,\"valueName\":\"search_term_string\"}}],\"inLanguage\":\"cs\"},{\"@type\":\"Organization\",\"@id\":\"https:\\\/\\\/hghpeptideslab.com\\\/#organization\",\"name\":\"HGH Peptides Lab\",\"url\":\"https:\\\/\\\/hghpeptideslab.com\\\/cs\\\/\",\"logo\":{\"@type\":\"ImageObject\",\"url\":\"https:\\\/\\\/hghpeptideslab.com\\\/wp-content\\\/uploads\\\/2025\\\/07\\\/HGHPEPTIDESLAB-Logo.png\"},\"image\":{\"@id\":\"https:\\\/\\\/hghpeptideslab.com\\\/#\\\/schema\\\/logo\\\/image\\\/\"},\"foundingDate\":\"2010\",\"contactPoint\":[{\"@type\":\"ContactPoint\",\"contactType\":\"customer support\",\"telephone\":\"+85247559641\",\"email\":\"CYGGL2025@gmail.com\",\"availableLanguage\":[\"en\"]}]}]}<\/script>\n<!-- \/ Yoast SEO Premium plugin. -->","yoast_head_json":{"title":"Cagrilintide + Semaglutide Blend (5mg + 5mg) | HGH Peptides Lab - Factory-Direct","description":"Sm\u011bs dvou peptid\u016f: Cagrilintide 5mg + Semaglutide 5mg na vial, 10 vials\/Kit. 99% purity, farmaceutick\u00e1 kvalita. P\u0159\u00edmo z v\u00fdroby z \u010c\u00edny s celosv\u011btovou p\u0159epravou.","robots":{"index":"index","follow":"follow","max-snippet":"max-snippet:-1","max-image-preview":"max-image-preview:large","max-video-preview":"max-video-preview:-1"},"canonical":"https:\/\/hghpeptideslab.com\/cs\/product\/blend-cagrilintide-5mg-semaglutide-5mg\/","og_locale":"cs_CZ","og_type":"article","og_title":"Blend Cagrilintide 5mg + Semaglutide 5mg","og_description":"Dual-peptide blend: Cagrilintide 5mg + Semaglutide 5mg per vial, 10 vials\/Kit. 99% purity, pharmaceutical-grade quality. Factory-direct from China with global shipping.","og_url":"https:\/\/hghpeptideslab.com\/cs\/product\/blend-cagrilintide-5mg-semaglutide-5mg\/","og_site_name":"HGH Peptides Lab","article_modified_time":"2026-05-05T18:15:48+00:00","og_image":[{"width":800,"height":800,"url":"https:\/\/hghpeptideslab.com\/wp-content\/uploads\/2025\/09\/cagrilintide-5mgsemaglutide-5mg.jpg","type":"image\/jpeg"}],"twitter_card":"summary_large_image","twitter_misc":{"Odhadovan\u00e1 doba \u010dten\u00ed":"1 minuta"},"schema":{"@context":"https:\/\/schema.org","@graph":[{"@type":"WebPage","@id":"https:\/\/hghpeptideslab.com\/product\/blend-cagrilintide-5mg-semaglutide-5mg\/","url":"https:\/\/hghpeptideslab.com\/product\/blend-cagrilintide-5mg-semaglutide-5mg\/","name":"Cagrilintide + Semaglutide Blend (5mg + 5mg) | HGH Peptides Lab - Factory-Direct","isPartOf":{"@id":"https:\/\/hghpeptideslab.com\/#website"},"primaryImageOfPage":{"@id":"https:\/\/hghpeptideslab.com\/product\/blend-cagrilintide-5mg-semaglutide-5mg\/#primaryimage"},"image":{"@id":"https:\/\/hghpeptideslab.com\/product\/blend-cagrilintide-5mg-semaglutide-5mg\/#primaryimage"},"thumbnailUrl":"https:\/\/hghpeptideslab.com\/wp-content\/uploads\/2025\/09\/cagrilintide-5mgsemaglutide-5mg.jpg","datePublished":"2025-09-03T04:40:47+00:00","dateModified":"2026-05-05T18:15:48+00:00","description":"Sm\u011bs dvou peptid\u016f: Cagrilintide 5mg + Semaglutide 5mg na vial, 10 vials\/Kit. 99% purity, farmaceutick\u00e1 kvalita. P\u0159\u00edmo z v\u00fdroby z \u010c\u00edny s celosv\u011btovou p\u0159epravou.","breadcrumb":{"@id":"https:\/\/hghpeptideslab.com\/product\/blend-cagrilintide-5mg-semaglutide-5mg\/#breadcrumb"},"inLanguage":"cs","potentialAction":[{"@type":"ReadAction","target":["https:\/\/hghpeptideslab.com\/product\/blend-cagrilintide-5mg-semaglutide-5mg\/"]}],"copyrightNotice":"\u00a9 2010\u20132026 HGH Peptides Lab. All Rights Reserved."},{"@type":"ImageObject","inLanguage":"cs","@id":"https:\/\/hghpeptideslab.com\/product\/blend-cagrilintide-5mg-semaglutide-5mg\/#primaryimage","url":"https:\/\/hghpeptideslab.com\/wp-content\/uploads\/2025\/09\/cagrilintide-5mgsemaglutide-5mg.jpg","contentUrl":"https:\/\/hghpeptideslab.com\/wp-content\/uploads\/2025\/09\/cagrilintide-5mgsemaglutide-5mg.jpg","width":800,"height":800,"caption":"Per vial: 5mg + 5mg; 10 vials\/Kit (factory-direct)."},{"@type":"BreadcrumbList","@id":"https:\/\/hghpeptideslab.com\/product\/blend-cagrilintide-5mg-semaglutide-5mg\/#breadcrumb","itemListElement":[{"@type":"ListItem","position":1,"name":"Home","item":"https:\/\/hghpeptideslab.com\/"},{"@type":"ListItem","position":2,"name":"Shop","item":"https:\/\/hghpeptideslab.com\/shop\/"},{"@type":"ListItem","position":3,"name":"Blend Cagrilintide 5mg + Semaglutide 5mg"}]},{"@type":"WebSite","@id":"https:\/\/hghpeptideslab.com\/#website","url":"https:\/\/hghpeptideslab.com\/","name":"HGH Peptides Lab","description":"Premium Peptides &amp; HGH Obchod","publisher":{"@id":"https:\/\/hghpeptideslab.com\/#organization"},"potentialAction":[{"@type":"SearchAction","target":{"@type":"EntryPoint","urlTemplate":"https:\/\/hghpeptideslab.com\/?s={search_term_string}"},"query-input":{"@type":"PropertyValueSpecification","valueRequired":true,"valueName":"search_term_string"}}],"inLanguage":"cs"},{"@type":"Organization","@id":"https:\/\/hghpeptideslab.com\/#organization","name":"HGH Peptides Lab","url":"https:\/\/hghpeptideslab.com\/cs\/","logo":{"@type":"ImageObject","url":"https:\/\/hghpeptideslab.com\/wp-content\/uploads\/2025\/07\/HGHPEPTIDESLAB-Logo.png"},"image":{"@id":"https:\/\/hghpeptideslab.com\/#\/schema\/logo\/image\/"},"foundingDate":"2010","contactPoint":[{"@type":"ContactPoint","contactType":"customer support","telephone":"+85247559641","email":"CYGGL2025@gmail.com","availableLanguage":["en"]}]}]}},"_links":{"self":[{"href":"https:\/\/hghpeptideslab.com\/cs\/wp-json\/wp\/v2\/product\/9597","targetHints":{"allow":["GET"]}}],"collection":[{"href":"https:\/\/hghpeptideslab.com\/cs\/wp-json\/wp\/v2\/product"}],"about":[{"href":"https:\/\/hghpeptideslab.com\/cs\/wp-json\/wp\/v2\/types\/product"}],"replies":[{"embeddable":true,"href":"https:\/\/hghpeptideslab.com\/cs\/wp-json\/wp\/v2\/comments?post=9597"}],"wp:featuredmedia":[{"embeddable":true,"href":"https:\/\/hghpeptideslab.com\/cs\/wp-json\/wp\/v2\/media\/9593"}],"wp:attachment":[{"href":"https:\/\/hghpeptideslab.com\/cs\/wp-json\/wp\/v2\/media?parent=9597"}],"wp:term":[{"taxonomy":"product_cat","embeddable":true,"href":"https:\/\/hghpeptideslab.com\/cs\/wp-json\/wp\/v2\/product_cat?post=9597"},{"taxonomy":"product_tag","embeddable":true,"href":"https:\/\/hghpeptideslab.com\/cs\/wp-json\/wp\/v2\/product_tag?post=9597"}],"curies":[{"name":"wp","href":"https:\/\/api.w.org\/{rel}","templated":true}]}}