{"id":9773,"date":"2025-09-12T09:53:34","date_gmt":"2025-09-12T09:53:34","guid":{"rendered":"https:\/\/hghpeptideslab.com\/?post_type=product&#038;p=9773"},"modified":"2025-10-06T03:24:52","modified_gmt":"2025-10-06T03:24:52","slug":"sildenafil-citrate","status":"publish","type":"product","link":"https:\/\/hghpeptideslab.com\/cs\/product\/sildenafil-citrate\/","title":{"rendered":"Sildenafil Citrate - Raw Powder"},"content":{"rendered":"<h3>P\u0159ehled<\/h3>\n<p><strong>Sildenafil Citrate<\/strong> je \u010dasto zmi\u0148ov\u00e1n ve studi\u00edch, kter\u00e9 zkoumaj\u00ed. <strong>Dr\u00e1ha PDE5 \/ NO-cGMP<\/strong> a <strong>pr\u016ftok krve\/hemodynamika<\/strong> koncov\u00e9 body. Dod\u00e1v\u00e1 se jako surov\u00fd pr\u00e1\u0161ek s <strong>99% purity<\/strong> a <strong>farmaceutick\u00e1 kvalita<\/strong> na podporu konzistentn\u00edho a srovn\u00e1vac\u00edho v\u00fdzkumu. <strong>Pouze pro v\u00fdzkumn\u00e9 \u00fa\u010dely.<\/strong><\/p>\n<h3>Kl\u00ed\u010dov\u00e9 vlastnosti<\/h3>\n<ul>\n<li><strong>Balen\u00ed:<\/strong> S\u00e1\u010dek z hlin\u00edkov\u00e9 f\u00f3lie (uzav\u0159en\u00fd, v\u010detn\u011b vysou\u0161edla); typick\u00e1 jednotka: <strong>1 kg<\/strong><\/li>\n<li><strong>Kvalita:<\/strong> 99% purity; farmaceutick\u00e1 konzistence \u0161ar\u017ee<\/li>\n<li><strong>Form\u00e1t:<\/strong> Surov\u00fd pr\u00e1\u0161ek pro screening, v\u00fdvoj metod a optimalizaci protokol\u016f<\/li>\n<li><strong>P\u016fvod:<\/strong> \u010c\u00edna - p\u0159\u00edm\u00e9 dod\u00e1vky z v\u00fdroby<\/li>\n<\/ul>\n<h3>Typick\u00e1 zam\u011b\u0159en\u00ed v\u00fdzkumu<\/h3>\n<ul>\n<li>Srovn\u00e1n\u00ed cest PDE5 \/ NO-cGMP a modely z\u00e1vislosti d\u00e1vky na \u00fa\u010dinku<\/li>\n<li>Erektiln\u00ed funkce a pr\u016ftok krve\/hemodynamick\u00e9 r\u00e1mce<\/li>\n<li>Panely kompar\u00e1tor\u016f a n\u00e1vrhy test\u016f s v\u00edce koncov\u00fdmi body<\/li>\n<\/ul>\n<h3>Kvalita a manipulace<\/h3>\n<ul>\n<li>Specifikace Pharmaceutical-grade s 99% purity<\/li>\n<li>P\u0159edv\u00eddateln\u00e1 manipulace a rozpustnost pro srovn\u00e1vac\u00ed testy<\/li>\n<li>\u010cist\u00e9 ozna\u010dov\u00e1n\u00ed pro v\u00fdzkumn\u00e9 \u00fa\u010dely a sledovatelnost \u0161ar\u017e\u00ed<\/li>\n<\/ul>\n<h3>Skladov\u00e1n\u00ed a stabilita<\/h3>\n<ul>\n<li>Skladujte uzav\u0159en\u00e9 p\u0159i <strong>2-8 \u00b0C<\/strong>, such\u00e9 a chr\u00e1n\u011bn\u00e9 p\u0159ed sv\u011btlem<\/li>\n<li>Minimalizujte vystaven\u00ed vlhkosti; po pou\u017eit\u00ed ihned znovu uzav\u0159ete.<\/li>\n<\/ul>\n<h3>Intern\u00ed odkazy<\/h3>\n<ul>\n<li><a href=\"\/cs\/product-category\/sexual-wellness-raw-powders\/\">Sexu\u00e1ln\u00ed wellness Raw Powders<\/a><\/li>\n<li><a href=\"\/cs\/product-tag\/sildenafil-citrate\/\">Sildenafil Citrate<\/a><\/li>\n<li><a href=\"\/cs\/product-tag\/erectile-function-support\/\">Podpora erektiln\u00ed funkce<\/a><\/li>\n<li><a href=\"\/cs\/product-tag\/blood-flow-vasodilation\/\">Pr\u016ftok krve a vazodilatace<\/a><\/li>\n<li><a href=\"\/cs\/product-tag\/pde5-pathway\/\">Dr\u00e1ha PDE5<\/a><\/li>\n<li><a href=\"\/cs\/product-tag\/research-powder-99-purity\/\">V\u00fdzkumn\u00fd pr\u00e1\u0161ek (99% Purity)<\/a><\/li>\n<\/ul>\n<h3>Dodr\u017eov\u00e1n\u00ed p\u0159edpis\u016f<\/h3>\n<p><strong>Pouze pro v\u00fdzkumn\u00e9 \u00fa\u010dely.<\/strong><\/p>","protected":false},"excerpt":{"rendered":"<p><strong>Jm\u00e9no:<\/strong> Sildenafil Citrate surov\u00fd pr\u00e1\u0161ek (99% purity, farmaceutick\u00e1 kvalita)<br \/>\n<strong>Funkce:<\/strong> V\u00fdzkum dr\u00e1hy PDE5\/NO-cGMP; modely erektiln\u00ed funkce\/krvn\u00edho ob\u011bhu<br \/>\n<strong>Specifikace:<\/strong> S\u00e1\u010dek z hlin\u00edkov\u00e9 f\u00f3lie<br \/>\n<strong>CAS:<\/strong> 171599-83-0<br \/>\n<strong>Vzhled:<\/strong> B\u00edl\u00fd a\u017e t\u00e9m\u011b\u0159 b\u00edl\u00fd krystalick\u00fd pr\u00e1\u0161ek<br \/>\n<strong>Pozn\u00e1mka:<\/strong> Uveden\u00e1 cena je za <u>1 kg<\/u>. V p\u0159\u00edpad\u011b men\u0161\u00edho nebo velk\u00e9ho mno\u017estv\u00ed n\u00e1s pros\u00edm kontaktujte.<\/p>","protected":false},"featured_media":9772,"comment_status":"open","ping_status":"closed","template":"","meta":[],"product_cat":[361],"product_tag":[394,390,392,398,389,386],"class_list":{"0":"post-9773","1":"product","2":"type-product","3":"status-publish","4":"has-post-thumbnail","6":"product_brand-dp-hghpeptides","7":"product_brand-hgh-peptides-lab","8":"product_cat-sexual-wellness-raw-powders","9":"product_tag-blood-flow-vasodilation","10":"product_tag-erectile-function-support","11":"product_tag-pde5-pathway","12":"product_tag-research-powder-99-purity","13":"product_tag-sexual-wellness-performance","14":"product_tag-sildenafil-citrate","16":"first","17":"instock","18":"shipping-taxable","19":"purchasable","20":"product-type-simple"},"yoast_head":"<!-- This site is optimized with the Yoast SEO Premium plugin v27.3 (Yoast SEO v27.3) - https:\/\/yoast.com\/product\/yoast-seo-premium-wordpress\/ -->\n<title>Sildenafil Citrate Powder \u2014 Price &amp; Specs | HGH Peptides Lab<\/title>\n<meta name=\"description\" content=\"Sildenafil Citrate raw powder (99% purity, pharmaceutical-grade) for PDE5\/NO-cGMP and blood-flow research. Research use only. Contact us for quantities.\" \/>\n<meta name=\"robots\" content=\"index, follow, max-snippet:-1, max-image-preview:large, max-video-preview:-1\" \/>\n<link rel=\"canonical\" href=\"https:\/\/hghpeptideslab.com\/cs\/product\/sildenafil-citrate\/\" \/>\n<meta property=\"og:locale\" content=\"cs_CZ\" \/>\n<meta property=\"og:type\" content=\"article\" \/>\n<meta property=\"og:title\" content=\"Sildenafil Citrate \u2014 Raw Powder\" \/>\n<meta property=\"og:description\" content=\"Sildenafil Citrate raw powder (99% purity, pharmaceutical-grade) for PDE5\/NO-cGMP and blood-flow research. Research use only. Contact us for quantities.\" \/>\n<meta property=\"og:url\" content=\"https:\/\/hghpeptideslab.com\/cs\/product\/sildenafil-citrate\/\" \/>\n<meta property=\"og:site_name\" content=\"HGH Peptides Lab\" \/>\n<meta property=\"article:modified_time\" content=\"2025-10-06T03:24:52+00:00\" \/>\n<meta property=\"og:image\" content=\"https:\/\/hghpeptideslab.com\/wp-content\/uploads\/2025\/09\/sildenafil-citrate.jpg\" \/>\n\t<meta property=\"og:image:width\" content=\"800\" \/>\n\t<meta property=\"og:image:height\" content=\"800\" \/>\n\t<meta property=\"og:image:type\" content=\"image\/jpeg\" \/>\n<meta name=\"twitter:card\" content=\"summary_large_image\" \/>\n<meta name=\"twitter:label1\" content=\"Odhadovan\u00e1 doba \u010dten\u00ed\" \/>\n\t<meta name=\"twitter:data1\" content=\"2 minuty\" \/>\n<script type=\"application\/ld+json\" class=\"yoast-schema-graph\">{\"@context\":\"https:\\\/\\\/schema.org\",\"@graph\":[{\"@type\":\"WebPage\",\"@id\":\"https:\\\/\\\/hghpeptideslab.com\\\/product\\\/sildenafil-citrate\\\/\",\"url\":\"https:\\\/\\\/hghpeptideslab.com\\\/product\\\/sildenafil-citrate\\\/\",\"name\":\"Sildenafil Citrate Powder \u2014 Price & Specs | HGH Peptides Lab\",\"isPartOf\":{\"@id\":\"https:\\\/\\\/hghpeptideslab.com\\\/#website\"},\"primaryImageOfPage\":{\"@id\":\"https:\\\/\\\/hghpeptideslab.com\\\/product\\\/sildenafil-citrate\\\/#primaryimage\"},\"image\":{\"@id\":\"https:\\\/\\\/hghpeptideslab.com\\\/product\\\/sildenafil-citrate\\\/#primaryimage\"},\"thumbnailUrl\":\"https:\\\/\\\/hghpeptideslab.com\\\/wp-content\\\/uploads\\\/2025\\\/09\\\/sildenafil-citrate.jpg\",\"datePublished\":\"2025-09-12T09:53:34+00:00\",\"dateModified\":\"2025-10-06T03:24:52+00:00\",\"description\":\"Sildenafil Citrate raw powder (99% purity, pharmaceutical-grade) for PDE5\\\/NO-cGMP and blood-flow research. Research use only. Contact us for quantities.\",\"breadcrumb\":{\"@id\":\"https:\\\/\\\/hghpeptideslab.com\\\/product\\\/sildenafil-citrate\\\/#breadcrumb\"},\"inLanguage\":\"cs\",\"potentialAction\":[{\"@type\":\"ReadAction\",\"target\":[\"https:\\\/\\\/hghpeptideslab.com\\\/product\\\/sildenafil-citrate\\\/\"]}],\"copyrightNotice\":\"\u00a9 2010\u20132026 HGH Peptides Lab. All Rights Reserved.\"},{\"@type\":\"ImageObject\",\"inLanguage\":\"cs\",\"@id\":\"https:\\\/\\\/hghpeptideslab.com\\\/product\\\/sildenafil-citrate\\\/#primaryimage\",\"url\":\"https:\\\/\\\/hghpeptideslab.com\\\/wp-content\\\/uploads\\\/2025\\\/09\\\/sildenafil-citrate.jpg\",\"contentUrl\":\"https:\\\/\\\/hghpeptideslab.com\\\/wp-content\\\/uploads\\\/2025\\\/09\\\/sildenafil-citrate.jpg\",\"width\":800,\"height\":800,\"caption\":\"Clean pack shot for research catalogs\"},{\"@type\":\"BreadcrumbList\",\"@id\":\"https:\\\/\\\/hghpeptideslab.com\\\/product\\\/sildenafil-citrate\\\/#breadcrumb\",\"itemListElement\":[{\"@type\":\"ListItem\",\"position\":1,\"name\":\"Home\",\"item\":\"https:\\\/\\\/hghpeptideslab.com\\\/\"},{\"@type\":\"ListItem\",\"position\":2,\"name\":\"Shop\",\"item\":\"https:\\\/\\\/hghpeptideslab.com\\\/shop\\\/\"},{\"@type\":\"ListItem\",\"position\":3,\"name\":\"Sildenafil Citrate \u2014 Raw Powder\"}]},{\"@type\":\"WebSite\",\"@id\":\"https:\\\/\\\/hghpeptideslab.com\\\/#website\",\"url\":\"https:\\\/\\\/hghpeptideslab.com\\\/\",\"name\":\"HGH Peptides Lab\",\"description\":\"Premium Peptides &amp; HGH Shop\",\"publisher\":{\"@id\":\"https:\\\/\\\/hghpeptideslab.com\\\/#organization\"},\"potentialAction\":[{\"@type\":\"SearchAction\",\"target\":{\"@type\":\"EntryPoint\",\"urlTemplate\":\"https:\\\/\\\/hghpeptideslab.com\\\/?s={search_term_string}\"},\"query-input\":{\"@type\":\"PropertyValueSpecification\",\"valueRequired\":true,\"valueName\":\"search_term_string\"}}],\"inLanguage\":\"cs\"},{\"@type\":\"Organization\",\"@id\":\"https:\\\/\\\/hghpeptideslab.com\\\/#organization\",\"name\":\"HGH Peptides Lab\",\"url\":\"https:\\\/\\\/hghpeptideslab.com\\\/cs\\\/\",\"logo\":{\"@type\":\"ImageObject\",\"url\":\"https:\\\/\\\/hghpeptideslab.com\\\/wp-content\\\/uploads\\\/2025\\\/07\\\/HGHPEPTIDESLAB-Logo.png\"},\"image\":{\"@id\":\"https:\\\/\\\/hghpeptideslab.com\\\/#\\\/schema\\\/logo\\\/image\\\/\"},\"foundingDate\":\"2010\",\"contactPoint\":[{\"@type\":\"ContactPoint\",\"contactType\":\"customer support\",\"telephone\":\"+85247559641\",\"email\":\"CYGGL2025@gmail.com\",\"availableLanguage\":[\"en\"]}]}]}<\/script>\n<!-- \/ Yoast SEO Premium plugin. -->","yoast_head_json":{"title":"Pr\u00e1\u0161ek Sildenafil Citrate - cena a specifikace | HGH Peptides Lab","description":"Sildenafil Citrate surov\u00fd pr\u00e1\u0161ek (99% purity, farmaceutick\u00e1 kvalita) pro v\u00fdzkum PDE5\/NO-cGMP a krevn\u00edho toku. Pouze pro v\u00fdzkumn\u00e9 \u00fa\u010dely. Kontaktujte n\u00e1s ohledn\u011b mno\u017estv\u00ed.","robots":{"index":"index","follow":"follow","max-snippet":"max-snippet:-1","max-image-preview":"max-image-preview:large","max-video-preview":"max-video-preview:-1"},"canonical":"https:\/\/hghpeptideslab.com\/cs\/product\/sildenafil-citrate\/","og_locale":"cs_CZ","og_type":"article","og_title":"Sildenafil Citrate \u2014 Raw Powder","og_description":"Sildenafil Citrate raw powder (99% purity, pharmaceutical-grade) for PDE5\/NO-cGMP and blood-flow research. Research use only. Contact us for quantities.","og_url":"https:\/\/hghpeptideslab.com\/cs\/product\/sildenafil-citrate\/","og_site_name":"HGH Peptides Lab","article_modified_time":"2025-10-06T03:24:52+00:00","og_image":[{"width":800,"height":800,"url":"https:\/\/hghpeptideslab.com\/wp-content\/uploads\/2025\/09\/sildenafil-citrate.jpg","type":"image\/jpeg"}],"twitter_card":"summary_large_image","twitter_misc":{"Odhadovan\u00e1 doba \u010dten\u00ed":"2 minuty"},"schema":{"@context":"https:\/\/schema.org","@graph":[{"@type":"WebPage","@id":"https:\/\/hghpeptideslab.com\/product\/sildenafil-citrate\/","url":"https:\/\/hghpeptideslab.com\/product\/sildenafil-citrate\/","name":"Pr\u00e1\u0161ek Sildenafil Citrate - cena a specifikace | HGH Peptides Lab","isPartOf":{"@id":"https:\/\/hghpeptideslab.com\/#website"},"primaryImageOfPage":{"@id":"https:\/\/hghpeptideslab.com\/product\/sildenafil-citrate\/#primaryimage"},"image":{"@id":"https:\/\/hghpeptideslab.com\/product\/sildenafil-citrate\/#primaryimage"},"thumbnailUrl":"https:\/\/hghpeptideslab.com\/wp-content\/uploads\/2025\/09\/sildenafil-citrate.jpg","datePublished":"2025-09-12T09:53:34+00:00","dateModified":"2025-10-06T03:24:52+00:00","description":"Sildenafil Citrate surov\u00fd pr\u00e1\u0161ek (99% purity, farmaceutick\u00e1 kvalita) pro v\u00fdzkum PDE5\/NO-cGMP a krevn\u00edho toku. Pouze pro v\u00fdzkumn\u00e9 \u00fa\u010dely. Kontaktujte n\u00e1s ohledn\u011b mno\u017estv\u00ed.","breadcrumb":{"@id":"https:\/\/hghpeptideslab.com\/product\/sildenafil-citrate\/#breadcrumb"},"inLanguage":"cs","potentialAction":[{"@type":"ReadAction","target":["https:\/\/hghpeptideslab.com\/product\/sildenafil-citrate\/"]}],"copyrightNotice":"\u00a9 2010\u20132026 HGH Peptides Lab. All Rights Reserved."},{"@type":"ImageObject","inLanguage":"cs","@id":"https:\/\/hghpeptideslab.com\/product\/sildenafil-citrate\/#primaryimage","url":"https:\/\/hghpeptideslab.com\/wp-content\/uploads\/2025\/09\/sildenafil-citrate.jpg","contentUrl":"https:\/\/hghpeptideslab.com\/wp-content\/uploads\/2025\/09\/sildenafil-citrate.jpg","width":800,"height":800,"caption":"Clean pack shot for research catalogs"},{"@type":"BreadcrumbList","@id":"https:\/\/hghpeptideslab.com\/product\/sildenafil-citrate\/#breadcrumb","itemListElement":[{"@type":"ListItem","position":1,"name":"Home","item":"https:\/\/hghpeptideslab.com\/"},{"@type":"ListItem","position":2,"name":"Shop","item":"https:\/\/hghpeptideslab.com\/shop\/"},{"@type":"ListItem","position":3,"name":"Sildenafil Citrate \u2014 Raw Powder"}]},{"@type":"WebSite","@id":"https:\/\/hghpeptideslab.com\/#website","url":"https:\/\/hghpeptideslab.com\/","name":"HGH Peptides Lab","description":"Premium Peptides &amp; HGH Obchod","publisher":{"@id":"https:\/\/hghpeptideslab.com\/#organization"},"potentialAction":[{"@type":"SearchAction","target":{"@type":"EntryPoint","urlTemplate":"https:\/\/hghpeptideslab.com\/?s={search_term_string}"},"query-input":{"@type":"PropertyValueSpecification","valueRequired":true,"valueName":"search_term_string"}}],"inLanguage":"cs"},{"@type":"Organization","@id":"https:\/\/hghpeptideslab.com\/#organization","name":"HGH Peptides Lab","url":"https:\/\/hghpeptideslab.com\/cs\/","logo":{"@type":"ImageObject","url":"https:\/\/hghpeptideslab.com\/wp-content\/uploads\/2025\/07\/HGHPEPTIDESLAB-Logo.png"},"image":{"@id":"https:\/\/hghpeptideslab.com\/#\/schema\/logo\/image\/"},"foundingDate":"2010","contactPoint":[{"@type":"ContactPoint","contactType":"customer support","telephone":"+85247559641","email":"CYGGL2025@gmail.com","availableLanguage":["en"]}]}]}},"_links":{"self":[{"href":"https:\/\/hghpeptideslab.com\/cs\/wp-json\/wp\/v2\/product\/9773","targetHints":{"allow":["GET"]}}],"collection":[{"href":"https:\/\/hghpeptideslab.com\/cs\/wp-json\/wp\/v2\/product"}],"about":[{"href":"https:\/\/hghpeptideslab.com\/cs\/wp-json\/wp\/v2\/types\/product"}],"replies":[{"embeddable":true,"href":"https:\/\/hghpeptideslab.com\/cs\/wp-json\/wp\/v2\/comments?post=9773"}],"wp:featuredmedia":[{"embeddable":true,"href":"https:\/\/hghpeptideslab.com\/cs\/wp-json\/wp\/v2\/media\/9772"}],"wp:attachment":[{"href":"https:\/\/hghpeptideslab.com\/cs\/wp-json\/wp\/v2\/media?parent=9773"}],"wp:term":[{"taxonomy":"product_cat","embeddable":true,"href":"https:\/\/hghpeptideslab.com\/cs\/wp-json\/wp\/v2\/product_cat?post=9773"},{"taxonomy":"product_tag","embeddable":true,"href":"https:\/\/hghpeptideslab.com\/cs\/wp-json\/wp\/v2\/product_tag?post=9773"}],"curies":[{"name":"wp","href":"https:\/\/api.w.org\/{rel}","templated":true}]}}