{"id":9787,"date":"2025-09-12T10:22:20","date_gmt":"2025-09-12T10:22:20","guid":{"rendered":"https:\/\/hghpeptideslab.com\/?post_type=product&#038;p=9787"},"modified":"2025-09-12T10:22:20","modified_gmt":"2025-09-12T10:22:20","slug":"yohimbine-hydrochloride","status":"publish","type":"product","link":"https:\/\/hghpeptideslab.com\/cs\/product\/yohimbine-hydrochloride\/","title":{"rendered":"Yohimbine Hydrochloride - Raw Powder"},"content":{"rendered":"<h3>P\u0159ehled<\/h3>\n<p><strong>Yohimbine Hydrochloride<\/strong> se b\u011b\u017en\u011b pou\u017e\u00edv\u00e1 ve studi\u00edch zam\u011b\u0159en\u00fdch na <strong>adrenergn\u00ed (\u03b12) dr\u00e1ha<\/strong>, t\u00e9mata t\u00fdkaj\u00edc\u00ed se libida\/sexu\u00e1ln\u00edho zdrav\u00ed a srovn\u00e1vac\u00ed panely. Dod\u00e1v\u00e1 se jako surov\u00fd pr\u00e1\u0161ek s <strong>99% purity<\/strong> a <strong>farmaceutick\u00e1 kvalita<\/strong> na podporu konzistentn\u00edho a srovn\u00e1vac\u00edho v\u00fdzkumu. <strong>Pouze pro v\u00fdzkumn\u00e9 \u00fa\u010dely.<\/strong><\/p>\n<h3>Kl\u00ed\u010dov\u00e9 vlastnosti<\/h3>\n<ul>\n<li><strong>Balen\u00ed:<\/strong> S\u00e1\u010dek z hlin\u00edkov\u00e9 f\u00f3lie (uzav\u0159en\u00fd, v\u010detn\u011b vysou\u0161edla); typick\u00e1 jednotka: <strong>1 kg<\/strong><\/li>\n<li><strong>Kvalita:<\/strong> 99% purity; farmaceutick\u00e1 konzistence \u0161ar\u017ee<\/li>\n<li><strong>Form\u00e1t:<\/strong> Surov\u00fd pr\u00e1\u0161ek pro screening, v\u00fdvoj metod a optimalizaci protokol\u016f<\/li>\n<li><strong>P\u016fvod:<\/strong> \u010c\u00edna - p\u0159\u00edm\u00e9 dod\u00e1vky z v\u00fdroby<\/li>\n<\/ul>\n<h3>Typick\u00e1 zam\u011b\u0159en\u00ed v\u00fdzkumu<\/h3>\n<ul>\n<li>Srovn\u00e1n\u00ed adrenergn\u00ed\/\u03b12-receptorov\u00e9 dr\u00e1hy a mechanism\u016f<\/li>\n<li>Modely libida\/sexu\u00e1ln\u00ed pohody a zkoum\u00e1n\u00ed nap\u0159\u00ed\u010d cestami<\/li>\n<li>Srovn\u00e1vac\u00ed panely a n\u00e1vrhy studi\u00ed z\u00e1vislosti d\u00e1vky na \u00fa\u010dinku<\/li>\n<\/ul>\n<h3>Kvalita a manipulace<\/h3>\n<ul>\n<li>Specifikace Pharmaceutical-grade s 99% purity<\/li>\n<li>P\u0159edv\u00eddateln\u00e9 zpracov\u00e1n\u00ed pro srovn\u00e1vac\u00ed testy<\/li>\n<li>\u010cist\u00e9 ozna\u010dov\u00e1n\u00ed pro v\u00fdzkumn\u00e9 \u00fa\u010dely a sledovatelnost \u0161ar\u017e\u00ed<\/li>\n<\/ul>\n<h3>Skladov\u00e1n\u00ed a stabilita<\/h3>\n<ul>\n<li>Skladujte uzav\u0159en\u00e9 p\u0159i <strong>2-8 \u00b0C<\/strong>, such\u00e9 a chr\u00e1n\u011bn\u00e9 p\u0159ed sv\u011btlem<\/li>\n<li>Minimalizujte vystaven\u00ed vlhkosti; po pou\u017eit\u00ed ihned znovu uzav\u0159ete.<\/li>\n<\/ul>\n<h3>Intern\u00ed odkazy<\/h3>\n<ul>\n<li><a href=\"\/cs\/product-category\/sexual-wellness-raw-powders\/\">Sexu\u00e1ln\u00ed wellness Raw Powders<\/a><\/li>\n<li><a href=\"\/cs\/product-tag\/yohimbine-hydrochloride\/\">Yohimbine Hydrochloride<\/a><\/li>\n<li><a href=\"\/cs\/product-tag\/adrenergic-alpha2-pathway\/\">Adrenergn\u00ed \/ alfa-2 dr\u00e1ha<\/a><\/li>\n<li><a href=\"\/cs\/product-tag\/libido-sexual-performance\/\">Libido a sexu\u00e1ln\u00ed v\u00fdkonnost<\/a><\/li>\n<li><a href=\"\/cs\/product-tag\/research-powder-99-purity\/\">V\u00fdzkumn\u00fd pr\u00e1\u0161ek (99% Purity)<\/a><\/li>\n<\/ul>\n<h3>Dodr\u017eov\u00e1n\u00ed p\u0159edpis\u016f<\/h3>\n<p><strong>Pouze pro v\u00fdzkumn\u00e9 \u00fa\u010dely.<\/strong><\/p>","protected":false},"excerpt":{"rendered":"<p><strong>Jm\u00e9no:<\/strong> Yohimbine Hydrochloride surov\u00fd pr\u00e1\u0161ek (99% purity, farmaceutick\u00e1 kvalita)<br \/>\n<strong>Funkce:<\/strong> V\u00fdzkum adrenergn\u00ed\/\u03b12-receptorov\u00e9 dr\u00e1hy; modely libida\/sexu\u00e1ln\u00ed kondice<br \/>\n<strong>Specifikace:<\/strong> S\u00e1\u010dek z hlin\u00edkov\u00e9 f\u00f3lie<br \/>\n<strong>CAS:<\/strong> 65-19-0<br \/>\n<strong>Vzhled:<\/strong> B\u00edl\u00fd a\u017e sv\u011btle \u017elut\u00fd krystalick\u00fd pr\u00e1\u0161ek<br \/>\n<strong>Pozn\u00e1mka:<\/strong> Uveden\u00e1 cena je za <u>1 kg<\/u>. V p\u0159\u00edpad\u011b men\u0161\u00edho nebo velk\u00e9ho mno\u017estv\u00ed n\u00e1s pros\u00edm kontaktujte.<\/p>","protected":false},"featured_media":9784,"comment_status":"open","ping_status":"closed","template":"","meta":[],"product_cat":[361],"product_tag":[393,395,398,389,388],"class_list":{"0":"post-9787","1":"product","2":"type-product","3":"status-publish","4":"has-post-thumbnail","6":"product_brand-dp-hghpeptides","7":"product_brand-hgh-peptides-lab","8":"product_cat-sexual-wellness-raw-powders","9":"product_tag-adrenergic-alpha2-pathway","10":"product_tag-libido-sexual-performance","11":"product_tag-research-powder-99-purity","12":"product_tag-sexual-wellness-performance","13":"product_tag-yohimbine-hydrochloride","15":"first","16":"instock","17":"shipping-taxable","18":"purchasable","19":"product-type-simple"},"yoast_head":"<!-- This site is optimized with the Yoast SEO Premium plugin v27.5 (Yoast SEO v27.5) - https:\/\/yoast.com\/product\/yoast-seo-premium-wordpress\/ -->\n<title>Yohimbine Hydrochloride Powder \u2014 Price &amp; Specs | HGH Peptides Lab<\/title>\n<meta name=\"description\" content=\"Yohimbine Hydrochloride raw powder (99% purity, pharmaceutical-grade) for adrenergic\/\u03b12 pathway and libido research. Research use only. Contact us for quantities.\" \/>\n<meta name=\"robots\" content=\"index, follow, max-snippet:-1, max-image-preview:large, max-video-preview:-1\" \/>\n<link rel=\"canonical\" href=\"https:\/\/hghpeptideslab.com\/cs\/product\/yohimbine-hydrochloride\/\" \/>\n<meta property=\"og:locale\" content=\"cs_CZ\" \/>\n<meta property=\"og:type\" content=\"article\" \/>\n<meta property=\"og:title\" content=\"Yohimbine Hydrochloride \u2014 Raw Powder\" \/>\n<meta property=\"og:description\" content=\"Yohimbine Hydrochloride raw powder (99% purity, pharmaceutical-grade) for adrenergic\/\u03b12 pathway and libido research. Research use only. Contact us for quantities.\" \/>\n<meta property=\"og:url\" content=\"https:\/\/hghpeptideslab.com\/cs\/product\/yohimbine-hydrochloride\/\" \/>\n<meta property=\"og:site_name\" content=\"HGH Peptides Lab\" \/>\n<meta property=\"og:image\" content=\"https:\/\/hghpeptideslab.com\/wp-content\/uploads\/2025\/09\/yohimbine-hcl-.jpg\" \/>\n\t<meta property=\"og:image:width\" content=\"800\" \/>\n\t<meta property=\"og:image:height\" content=\"800\" \/>\n\t<meta property=\"og:image:type\" content=\"image\/jpeg\" \/>\n<meta name=\"twitter:card\" content=\"summary_large_image\" \/>\n<meta name=\"twitter:label1\" content=\"Odhadovan\u00e1 doba \u010dten\u00ed\" \/>\n\t<meta name=\"twitter:data1\" content=\"2 minuty\" \/>\n<script type=\"application\/ld+json\" class=\"yoast-schema-graph\">{\"@context\":\"https:\\\/\\\/schema.org\",\"@graph\":[{\"@type\":\"WebPage\",\"@id\":\"https:\\\/\\\/hghpeptideslab.com\\\/product\\\/yohimbine-hydrochloride\\\/\",\"url\":\"https:\\\/\\\/hghpeptideslab.com\\\/product\\\/yohimbine-hydrochloride\\\/\",\"name\":\"Yohimbine Hydrochloride Powder \u2014 Price & Specs | HGH Peptides Lab\",\"isPartOf\":{\"@id\":\"https:\\\/\\\/hghpeptideslab.com\\\/#website\"},\"primaryImageOfPage\":{\"@id\":\"https:\\\/\\\/hghpeptideslab.com\\\/product\\\/yohimbine-hydrochloride\\\/#primaryimage\"},\"image\":{\"@id\":\"https:\\\/\\\/hghpeptideslab.com\\\/product\\\/yohimbine-hydrochloride\\\/#primaryimage\"},\"thumbnailUrl\":\"https:\\\/\\\/hghpeptideslab.com\\\/wp-content\\\/uploads\\\/2025\\\/09\\\/yohimbine-hcl-.jpg\",\"datePublished\":\"2025-09-12T10:22:20+00:00\",\"description\":\"Yohimbine Hydrochloride raw powder (99% purity, pharmaceutical-grade) for adrenergic\\\/\u03b12 pathway and libido research. Research use only. Contact us for quantities.\",\"breadcrumb\":{\"@id\":\"https:\\\/\\\/hghpeptideslab.com\\\/product\\\/yohimbine-hydrochloride\\\/#breadcrumb\"},\"inLanguage\":\"cs\",\"potentialAction\":[{\"@type\":\"ReadAction\",\"target\":[\"https:\\\/\\\/hghpeptideslab.com\\\/product\\\/yohimbine-hydrochloride\\\/\"]}],\"copyrightNotice\":\"\u00a9 2010\u20132026 HGH Peptides Lab. All Rights Reserved.\"},{\"@type\":\"ImageObject\",\"inLanguage\":\"cs\",\"@id\":\"https:\\\/\\\/hghpeptideslab.com\\\/product\\\/yohimbine-hydrochloride\\\/#primaryimage\",\"url\":\"https:\\\/\\\/hghpeptideslab.com\\\/wp-content\\\/uploads\\\/2025\\\/09\\\/yohimbine-hcl-.jpg\",\"contentUrl\":\"https:\\\/\\\/hghpeptideslab.com\\\/wp-content\\\/uploads\\\/2025\\\/09\\\/yohimbine-hcl-.jpg\",\"width\":800,\"height\":800,\"caption\":\"Clean pack shot for research catalogs\"},{\"@type\":\"BreadcrumbList\",\"@id\":\"https:\\\/\\\/hghpeptideslab.com\\\/product\\\/yohimbine-hydrochloride\\\/#breadcrumb\",\"itemListElement\":[{\"@type\":\"ListItem\",\"position\":1,\"name\":\"Home\",\"item\":\"https:\\\/\\\/hghpeptideslab.com\\\/\"},{\"@type\":\"ListItem\",\"position\":2,\"name\":\"Shop\",\"item\":\"https:\\\/\\\/hghpeptideslab.com\\\/shop\\\/\"},{\"@type\":\"ListItem\",\"position\":3,\"name\":\"Yohimbine Hydrochloride \u2014 Raw Powder\"}]},{\"@type\":\"WebSite\",\"@id\":\"https:\\\/\\\/hghpeptideslab.com\\\/#website\",\"url\":\"https:\\\/\\\/hghpeptideslab.com\\\/\",\"name\":\"HGH Peptides Lab\",\"description\":\"Premium Peptides &amp; HGH Shop\",\"publisher\":{\"@id\":\"https:\\\/\\\/hghpeptideslab.com\\\/#organization\"},\"potentialAction\":[{\"@type\":\"SearchAction\",\"target\":{\"@type\":\"EntryPoint\",\"urlTemplate\":\"https:\\\/\\\/hghpeptideslab.com\\\/?s={search_term_string}\"},\"query-input\":{\"@type\":\"PropertyValueSpecification\",\"valueRequired\":true,\"valueName\":\"search_term_string\"}}],\"inLanguage\":\"cs\"},{\"@type\":\"Organization\",\"@id\":\"https:\\\/\\\/hghpeptideslab.com\\\/#organization\",\"name\":\"HGH Peptides Lab\",\"url\":\"https:\\\/\\\/hghpeptideslab.com\\\/cs\\\/\",\"logo\":{\"@type\":\"ImageObject\",\"url\":\"https:\\\/\\\/hghpeptideslab.com\\\/wp-content\\\/uploads\\\/2025\\\/07\\\/HGHPEPTIDESLAB-Logo.png\"},\"image\":{\"@id\":\"https:\\\/\\\/hghpeptideslab.com\\\/#\\\/schema\\\/logo\\\/image\\\/\"},\"foundingDate\":\"2010\",\"contactPoint\":[{\"@type\":\"ContactPoint\",\"contactType\":\"customer support\",\"telephone\":\"+85247559641\",\"email\":\"CYGGL2025@gmail.com\",\"availableLanguage\":[\"en\"]}]}]}<\/script>\n<!-- \/ Yoast SEO Premium plugin. -->","yoast_head_json":{"title":"Pr\u00e1\u0161ek Yohimbine Hydrochloride - cena a specifikace | HGH Peptides Lab","description":"Surov\u00fd pr\u00e1\u0161ek Yohimbine Hydrochloride (99% purity, farmaceutick\u00e1 kvalita) pro v\u00fdzkum adrenergn\u00ed\/\u03b12 dr\u00e1hy a libida. Pouze pro v\u00fdzkumn\u00e9 \u00fa\u010dely. Kontaktujte n\u00e1s ohledn\u011b mno\u017estv\u00ed.","robots":{"index":"index","follow":"follow","max-snippet":"max-snippet:-1","max-image-preview":"max-image-preview:large","max-video-preview":"max-video-preview:-1"},"canonical":"https:\/\/hghpeptideslab.com\/cs\/product\/yohimbine-hydrochloride\/","og_locale":"cs_CZ","og_type":"article","og_title":"Yohimbine Hydrochloride \u2014 Raw Powder","og_description":"Yohimbine Hydrochloride raw powder (99% purity, pharmaceutical-grade) for adrenergic\/\u03b12 pathway and libido research. Research use only. Contact us for quantities.","og_url":"https:\/\/hghpeptideslab.com\/cs\/product\/yohimbine-hydrochloride\/","og_site_name":"HGH Peptides Lab","og_image":[{"width":800,"height":800,"url":"https:\/\/hghpeptideslab.com\/wp-content\/uploads\/2025\/09\/yohimbine-hcl-.jpg","type":"image\/jpeg"}],"twitter_card":"summary_large_image","twitter_misc":{"Odhadovan\u00e1 doba \u010dten\u00ed":"2 minuty"},"schema":{"@context":"https:\/\/schema.org","@graph":[{"@type":"WebPage","@id":"https:\/\/hghpeptideslab.com\/product\/yohimbine-hydrochloride\/","url":"https:\/\/hghpeptideslab.com\/product\/yohimbine-hydrochloride\/","name":"Pr\u00e1\u0161ek Yohimbine Hydrochloride - cena a specifikace | HGH Peptides Lab","isPartOf":{"@id":"https:\/\/hghpeptideslab.com\/#website"},"primaryImageOfPage":{"@id":"https:\/\/hghpeptideslab.com\/product\/yohimbine-hydrochloride\/#primaryimage"},"image":{"@id":"https:\/\/hghpeptideslab.com\/product\/yohimbine-hydrochloride\/#primaryimage"},"thumbnailUrl":"https:\/\/hghpeptideslab.com\/wp-content\/uploads\/2025\/09\/yohimbine-hcl-.jpg","datePublished":"2025-09-12T10:22:20+00:00","description":"Surov\u00fd pr\u00e1\u0161ek Yohimbine Hydrochloride (99% purity, farmaceutick\u00e1 kvalita) pro v\u00fdzkum adrenergn\u00ed\/\u03b12 dr\u00e1hy a libida. Pouze pro v\u00fdzkumn\u00e9 \u00fa\u010dely. Kontaktujte n\u00e1s ohledn\u011b mno\u017estv\u00ed.","breadcrumb":{"@id":"https:\/\/hghpeptideslab.com\/product\/yohimbine-hydrochloride\/#breadcrumb"},"inLanguage":"cs","potentialAction":[{"@type":"ReadAction","target":["https:\/\/hghpeptideslab.com\/product\/yohimbine-hydrochloride\/"]}],"copyrightNotice":"\u00a9 2010\u20132026 HGH Peptides Lab. All Rights Reserved."},{"@type":"ImageObject","inLanguage":"cs","@id":"https:\/\/hghpeptideslab.com\/product\/yohimbine-hydrochloride\/#primaryimage","url":"https:\/\/hghpeptideslab.com\/wp-content\/uploads\/2025\/09\/yohimbine-hcl-.jpg","contentUrl":"https:\/\/hghpeptideslab.com\/wp-content\/uploads\/2025\/09\/yohimbine-hcl-.jpg","width":800,"height":800,"caption":"Clean pack shot for research catalogs"},{"@type":"BreadcrumbList","@id":"https:\/\/hghpeptideslab.com\/product\/yohimbine-hydrochloride\/#breadcrumb","itemListElement":[{"@type":"ListItem","position":1,"name":"Home","item":"https:\/\/hghpeptideslab.com\/"},{"@type":"ListItem","position":2,"name":"Shop","item":"https:\/\/hghpeptideslab.com\/shop\/"},{"@type":"ListItem","position":3,"name":"Yohimbine Hydrochloride \u2014 Raw Powder"}]},{"@type":"WebSite","@id":"https:\/\/hghpeptideslab.com\/#website","url":"https:\/\/hghpeptideslab.com\/","name":"HGH Peptides Lab","description":"Premium Peptides &amp; HGH Obchod","publisher":{"@id":"https:\/\/hghpeptideslab.com\/#organization"},"potentialAction":[{"@type":"SearchAction","target":{"@type":"EntryPoint","urlTemplate":"https:\/\/hghpeptideslab.com\/?s={search_term_string}"},"query-input":{"@type":"PropertyValueSpecification","valueRequired":true,"valueName":"search_term_string"}}],"inLanguage":"cs"},{"@type":"Organization","@id":"https:\/\/hghpeptideslab.com\/#organization","name":"HGH Peptides Lab","url":"https:\/\/hghpeptideslab.com\/cs\/","logo":{"@type":"ImageObject","url":"https:\/\/hghpeptideslab.com\/wp-content\/uploads\/2025\/07\/HGHPEPTIDESLAB-Logo.png"},"image":{"@id":"https:\/\/hghpeptideslab.com\/#\/schema\/logo\/image\/"},"foundingDate":"2010","contactPoint":[{"@type":"ContactPoint","contactType":"customer support","telephone":"+85247559641","email":"CYGGL2025@gmail.com","availableLanguage":["en"]}]}]}},"_links":{"self":[{"href":"https:\/\/hghpeptideslab.com\/cs\/wp-json\/wp\/v2\/product\/9787","targetHints":{"allow":["GET"]}}],"collection":[{"href":"https:\/\/hghpeptideslab.com\/cs\/wp-json\/wp\/v2\/product"}],"about":[{"href":"https:\/\/hghpeptideslab.com\/cs\/wp-json\/wp\/v2\/types\/product"}],"replies":[{"embeddable":true,"href":"https:\/\/hghpeptideslab.com\/cs\/wp-json\/wp\/v2\/comments?post=9787"}],"wp:featuredmedia":[{"embeddable":true,"href":"https:\/\/hghpeptideslab.com\/cs\/wp-json\/wp\/v2\/media\/9784"}],"wp:attachment":[{"href":"https:\/\/hghpeptideslab.com\/cs\/wp-json\/wp\/v2\/media?parent=9787"}],"wp:term":[{"taxonomy":"product_cat","embeddable":true,"href":"https:\/\/hghpeptideslab.com\/cs\/wp-json\/wp\/v2\/product_cat?post=9787"},{"taxonomy":"product_tag","embeddable":true,"href":"https:\/\/hghpeptideslab.com\/cs\/wp-json\/wp\/v2\/product_tag?post=9787"}],"curies":[{"name":"wp","href":"https:\/\/api.w.org\/{rel}","templated":true}]}}