{"id":3,"date":"2020-12-16T03:16:35","date_gmt":"2020-12-16T03:16:35","guid":{"rendered":"https:\/\/demo2wpopal.b-cdn.net\/supplero\/?page_id=3"},"modified":"2025-08-08T18:37:50","modified_gmt":"2025-08-08T18:37:50","slug":"privacy-policy","status":"publish","type":"page","link":"https:\/\/hghpeptideslab.com\/de\/privacy-policy\/","title":{"rendered":"Datenschutzbestimmungen"},"content":{"rendered":"<div data-elementor-type=\"wp-page\" data-elementor-id=\"3\" class=\"elementor elementor-3\" data-elementor-post-type=\"page\">\n\t\t\t\t<div class=\"elementor-element elementor-element-10eabccb e-flex e-con-boxed e-con e-parent\" data-id=\"10eabccb\" data-element_type=\"container\" data-e-type=\"container\">\n\t\t\t\t\t<div class=\"e-con-inner\">\n\t\t\t\t<div class=\"elementor-element elementor-element-54397ea8 elementor-widget elementor-widget-text-editor\" data-id=\"54397ea8\" data-element_type=\"widget\" data-e-type=\"widget\" data-widget_type=\"text-editor.default\">\n\t\t\t\t\t\t\t\t\t<p data-start=\"127\" data-end=\"332\">Wir bei HGH Peptides Lab verpflichten uns, Ihre Privatsph\u00e4re zu sch\u00fctzen. In dieser Richtlinie wird erl\u00e4utert, wie wir Ihre pers\u00f6nlichen Daten erfassen, verwenden und sch\u00fctzen, wenn Sie unsere Website besuchen oder mit unseren Diensten interagieren.<\/p>\n<hr data-start=\"334\" data-end=\"337\" \/>\n<h3 data-start=\"339\" data-end=\"380\">1. Erhebung und Verwendung personenbezogener Daten<\/h3>\n<p data-start=\"382\" data-end=\"483\">Wir erheben nur die Daten, die zur Erf\u00fcllung Ihrer Auftr\u00e4ge und zur Verbesserung unserer Dienstleistungen erforderlich sind. Dies kann beinhalten:<\/p>\n<ul data-start=\"485\" data-end=\"661\">\n<li data-start=\"485\" data-end=\"527\">\n<p data-start=\"487\" data-end=\"527\">Ihr Name, Ihre E-Mail-Adresse und Ihre Lieferadresse<\/p>\n<\/li>\n<li data-start=\"528\" data-end=\"586\">\n<p data-start=\"530\" data-end=\"586\">Zahlungsdetails (z. B. Karten- oder Krypto-Transaktions-IDs)<\/p>\n<\/li>\n<li data-start=\"587\" data-end=\"620\">\n<p data-start=\"589\" data-end=\"620\">Ger\u00e4te- oder Browserinformationen<\/p>\n<\/li>\n<li data-start=\"621\" data-end=\"661\">\n<p data-start=\"623\" data-end=\"661\">Kontakthistorie und Supportmeldungen<\/p>\n<\/li>\n<\/ul>\n<p data-start=\"663\" data-end=\"726\">Wir tun <strong data-start=\"669\" data-end=\"676\">nicht<\/strong> Ihre personenbezogenen Daten an Dritte zu verkaufen oder zu vermieten.<\/p>\n<hr data-start=\"728\" data-end=\"731\" \/>\n<h3 data-start=\"733\" data-end=\"763\">2. Warum wir Ihre Daten sammeln<\/h3>\n<p data-start=\"765\" data-end=\"793\">Wir verarbeiten personenbezogene Daten, um:<\/p>\n<ul data-start=\"795\" data-end=\"1011\">\n<li data-start=\"795\" data-end=\"835\">\n<p data-start=\"797\" data-end=\"835\">Erledigung von Auftr\u00e4gen und Kundenanfragen<\/p>\n<\/li>\n<li data-start=\"836\" data-end=\"873\">\n<p data-start=\"838\" data-end=\"873\">Unterst\u00fctzung und Auftragsaktualisierung<\/p>\n<\/li>\n<li data-start=\"874\" data-end=\"923\">\n<p data-start=\"876\" data-end=\"923\">Verbesserung der Funktionalit\u00e4t und Leistung der Website<\/p>\n<\/li>\n<li data-start=\"924\" data-end=\"972\">\n<p data-start=\"926\" data-end=\"972\">Gew\u00e4hrleistung der Betrugspr\u00e4vention und der Sicherheit der Website<\/p>\n<\/li>\n<li data-start=\"973\" data-end=\"1011\">\n<p data-start=\"975\" data-end=\"1011\">Erf\u00fcllung gesetzlicher oder steuerlicher Verpflichtungen<\/p>\n<\/li>\n<\/ul>\n<hr data-start=\"1013\" data-end=\"1016\" \/>\n<h3 data-start=\"1018\" data-end=\"1044\">3. Cookies und Tracking<\/h3>\n<p data-start=\"1046\" data-end=\"1099\">Unsere Website verwendet Cookies und \u00e4hnliche Technologien, um:<\/p>\n<ul data-start=\"1101\" data-end=\"1205\">\n<li data-start=\"1101\" data-end=\"1130\">\n<p data-start=\"1103\" data-end=\"1130\">Merken Sie sich Ihre Vorlieben<\/p>\n<\/li>\n<li data-start=\"1131\" data-end=\"1174\">\n<p data-start=\"1133\" data-end=\"1174\">Analysieren Sie Website-Verkehr und Leistung<\/p>\n<\/li>\n<li data-start=\"1175\" data-end=\"1205\">\n<p data-start=\"1177\" data-end=\"1205\">Verbessern Sie Ihr Benutzererlebnis<\/p>\n<\/li>\n<\/ul>\n<p data-start=\"1207\" data-end=\"1288\">Sie k\u00f6nnen Cookies in den Einstellungen Ihres Browsers deaktivieren, wenn Sie nicht verfolgt werden m\u00f6chten.<\/p>\n<hr data-start=\"1290\" data-end=\"1293\" \/>\n<h3 data-start=\"1295\" data-end=\"1313\">4. Gemeinsame Nutzung von Daten<\/h3>\n<p data-start=\"1315\" data-end=\"1553\">Wir k\u00f6nnen in begrenztem Umfang personenbezogene Daten an vertrauensw\u00fcrdige Dienstleister (z. B. Logistikpartner, Zahlungsgateways) weitergeben, und zwar ausschlie\u00dflich zum Zweck der Auftragsabwicklung oder der Einhaltung von Vorschriften. Ohne Ihre Zustimmung geben wir keine Daten f\u00fcr Marketingzwecke weiter.<\/p>\n<hr data-start=\"1555\" data-end=\"1558\" \/>\n<h3 data-start=\"1560\" data-end=\"1593\">5. Sicherheit und Aufbewahrung von Daten<\/h3>\n<p data-start=\"1595\" data-end=\"1768\">Wir setzen bew\u00e4hrte Sicherheitsverfahren ein, um Ihre Daten zu sch\u00fctzen. Ihre Daten werden sicher gespeichert und nur so lange aufbewahrt, wie es zur Erf\u00fcllung unserer gesch\u00e4ftlichen Verpflichtungen erforderlich ist.<\/p>\n<hr data-start=\"1770\" data-end=\"1773\" \/>\n<h3 data-start=\"1775\" data-end=\"1792\">6. Deine Rechte<\/h3>\n<p data-start=\"1794\" data-end=\"1816\">Sie haben das Recht dazu:<\/p>\n<ul data-start=\"1818\" data-end=\"1993\">\n<li data-start=\"1818\" data-end=\"1849\">\n<p data-start=\"1820\" data-end=\"1849\">Zugang oder Berichtigung Ihrer Daten<\/p>\n<\/li>\n<li data-start=\"1850\" data-end=\"1892\">\n<p data-start=\"1852\" data-end=\"1892\">Beantragen Sie die L\u00f6schung Ihrer pers\u00f6nlichen Daten<\/p>\n<\/li>\n<li data-start=\"1893\" data-end=\"1942\">\n<p data-start=\"1895\" data-end=\"1942\">Zustimmung f\u00fcr Marketingkommunikation widerrufen<\/p>\n<\/li>\n<li data-start=\"1943\" data-end=\"1993\">\n<p data-start=\"1945\" data-end=\"1993\">Kontaktieren Sie uns, wenn Sie Fragen zum Datenschutz haben<\/p>\n<\/li>\n<\/ul>\n<p data-start=\"1995\" data-end=\"2057\">Um diese Rechte auszu\u00fcben, senden Sie uns eine E-Mail an <span style=\"color: #ff0000;\"><strong data-start=\"2033\" data-end=\"2056\"><a class=\"cursor-pointer\" style=\"color: #ff0000;\" rel=\"noopener\" data-start=\"2035\" data-end=\"2054\">cyggl2025@gmail.com<\/a><\/strong><\/span>.<\/p>\n<hr data-start=\"2059\" data-end=\"2062\" \/>\n<h3 data-start=\"2064\" data-end=\"2087\">7. Links von Drittanbietern<\/h3>\n<p data-start=\"2089\" data-end=\"2271\">Unsere Website kann Links zu Websites Dritter enthalten. Wir sind nicht verantwortlich f\u00fcr die Datenschutzpraktiken oder den Inhalt dieser Websites. Bitte lesen Sie deren Richtlinien vor der Nutzung separat.<\/p>\n<hr data-start=\"2273\" data-end=\"2276\" \/>\n<h3 data-start=\"2278\" data-end=\"2306\">8. \u00c4nderungen an dieser Politik<\/h3>\n<p data-start=\"2308\" data-end=\"2472\">Wir k\u00f6nnen diese Datenschutzrichtlinie bei Bedarf aktualisieren, um rechtlichen, technischen oder betrieblichen \u00c4nderungen Rechnung zu tragen. Die weitere Nutzung unserer Website bedeutet, dass Sie die aktualisierten Bedingungen akzeptieren.<\/p>\n<hr data-start=\"2474\" data-end=\"2477\" \/>\n<h3 data-start=\"2479\" data-end=\"2495\">9. Kontakt<\/h3>\n<p data-start=\"2497\" data-end=\"2583\">Wenn Sie Fragen oder Bedenken bez\u00fcglich dieser Datenschutzrichtlinie haben, wenden Sie sich bitte an uns:<\/p>\n<p data-start=\"2585\" data-end=\"2651\">\ud83d\udce7 <span style=\"color: #ff0000;\"><strong data-start=\"2588\" data-end=\"2611\"><a class=\"cursor-pointer\" style=\"color: #ff0000;\" rel=\"noopener\" data-start=\"2590\" data-end=\"2609\">cyggl2025@gmail.com<\/a><\/strong><\/span><br data-start=\"2611\" data-end=\"2614\" \/>Wir antworten in der Regel innerhalb von 24 Stunden.<\/p>\t\t\t\t\t\t\t\t<\/div>\n\t\t\t\t\t<\/div>\n\t\t\t\t<\/div>\n\t\t\t\t<\/div>","protected":false},"excerpt":{"rendered":"<p>At HGH Peptides Lab, we are committed to protecting your privacy. This policy explains how we collect, use, and safeguard your personal information when you visit our website or interact with our services. 1. Collection and Use of Personal Data We only collect the data necessary to fulfill your orders and improve our services. This [&hellip;]<\/p>\n","protected":false},"author":1,"featured_media":0,"parent":0,"menu_order":0,"comment_status":"closed","ping_status":"open","template":"","meta":{"footnotes":""},"class_list":["post-3","page","type-page","status-publish","hentry"],"yoast_head":"<!-- This site is optimized with the Yoast SEO Premium plugin v27.3 (Yoast SEO v27.3) - https:\/\/yoast.com\/product\/yoast-seo-premium-wordpress\/ -->\n<title>HGH Peptides Lab Privacy Policy | Secure, Transparent &amp; GDPR-Compliant 2025<\/title>\n<meta name=\"description\" content=\"Learn how HGH Peptides Lab protects your privacy. Our 2025 policy covers data collection, security, and compliance with GDPR standards. Clear, transparent, and updated.\" \/>\n<meta name=\"robots\" content=\"index, follow, max-snippet:-1, max-image-preview:large, max-video-preview:-1\" \/>\n<link rel=\"canonical\" href=\"https:\/\/hghpeptideslab.com\/de\/privacy-policy\/\" \/>\n<meta property=\"og:locale\" content=\"de_DE\" \/>\n<meta property=\"og:type\" content=\"article\" \/>\n<meta property=\"og:title\" content=\"Privacy Policy\" \/>\n<meta property=\"og:description\" content=\"Learn how HGH Peptides Lab protects your privacy. Our 2025 policy covers data collection, security, and compliance with GDPR standards. Clear, transparent, and updated.\" \/>\n<meta property=\"og:url\" content=\"https:\/\/hghpeptideslab.com\/de\/privacy-policy\/\" \/>\n<meta property=\"og:site_name\" content=\"HGH Peptides Lab\" \/>\n<meta property=\"article:modified_time\" content=\"2025-08-08T18:37:50+00:00\" \/>\n<meta name=\"twitter:card\" content=\"summary_large_image\" \/>\n<meta name=\"twitter:label1\" content=\"Gesch\u00e4tzte Lesezeit\" \/>\n\t<meta name=\"twitter:data1\" content=\"2\u00a0Minuten\" \/>\n<script type=\"application\/ld+json\" class=\"yoast-schema-graph\">{\"@context\":\"https:\\\/\\\/schema.org\",\"@graph\":[{\"@type\":\"WebPage\",\"@id\":\"https:\\\/\\\/hghpeptideslab.com\\\/privacy-policy\\\/\",\"url\":\"https:\\\/\\\/hghpeptideslab.com\\\/privacy-policy\\\/\",\"name\":\"HGH Peptides Lab Privacy Policy | Secure, Transparent & GDPR-Compliant 2025\",\"isPartOf\":{\"@id\":\"https:\\\/\\\/hghpeptideslab.com\\\/#website\"},\"datePublished\":\"2020-12-16T03:16:35+00:00\",\"dateModified\":\"2025-08-08T18:37:50+00:00\",\"description\":\"Learn how HGH Peptides Lab protects your privacy. Our 2025 policy covers data collection, security, and compliance with GDPR standards. Clear, transparent, and updated.\",\"breadcrumb\":{\"@id\":\"https:\\\/\\\/hghpeptideslab.com\\\/privacy-policy\\\/#breadcrumb\"},\"inLanguage\":\"de\",\"potentialAction\":[{\"@type\":\"ReadAction\",\"target\":[\"https:\\\/\\\/hghpeptideslab.com\\\/privacy-policy\\\/\"]}],\"copyrightNotice\":\"\u00a9 2010\u20132026 HGH Peptides Lab. All Rights Reserved.\"},{\"@type\":\"BreadcrumbList\",\"@id\":\"https:\\\/\\\/hghpeptideslab.com\\\/privacy-policy\\\/#breadcrumb\",\"itemListElement\":[{\"@type\":\"ListItem\",\"position\":1,\"name\":\"Home\",\"item\":\"https:\\\/\\\/hghpeptideslab.com\\\/\"},{\"@type\":\"ListItem\",\"position\":2,\"name\":\"Privacy Policy\"}]},{\"@type\":\"WebSite\",\"@id\":\"https:\\\/\\\/hghpeptideslab.com\\\/#website\",\"url\":\"https:\\\/\\\/hghpeptideslab.com\\\/\",\"name\":\"HGH Peptides Lab\",\"description\":\"Premium Peptides &amp; HGH Shop\",\"publisher\":{\"@id\":\"https:\\\/\\\/hghpeptideslab.com\\\/#organization\"},\"potentialAction\":[{\"@type\":\"SearchAction\",\"target\":{\"@type\":\"EntryPoint\",\"urlTemplate\":\"https:\\\/\\\/hghpeptideslab.com\\\/?s={search_term_string}\"},\"query-input\":{\"@type\":\"PropertyValueSpecification\",\"valueRequired\":true,\"valueName\":\"search_term_string\"}}],\"inLanguage\":\"de\"},{\"@type\":\"Organization\",\"@id\":\"https:\\\/\\\/hghpeptideslab.com\\\/#organization\",\"name\":\"HGH Peptides Lab\",\"url\":\"https:\\\/\\\/hghpeptideslab.com\\\/de\\\/\",\"logo\":{\"@type\":\"ImageObject\",\"url\":\"https:\\\/\\\/hghpeptideslab.com\\\/wp-content\\\/uploads\\\/2025\\\/07\\\/HGHPEPTIDESLAB-Logo.png\"},\"image\":{\"@id\":\"https:\\\/\\\/hghpeptideslab.com\\\/#\\\/schema\\\/logo\\\/image\\\/\"},\"foundingDate\":\"2010\",\"contactPoint\":[{\"@type\":\"ContactPoint\",\"contactType\":\"customer support\",\"telephone\":\"+85247559641\",\"email\":\"CYGGL2025@gmail.com\",\"availableLanguage\":[\"en\"]}]}]}<\/script>\n<!-- \/ Yoast SEO Premium plugin. -->","yoast_head_json":{"title":"HGH Peptides Lab Datenschutzerkl\u00e4rung | Sicher, Transparent &amp; GDPR-konform 2025","description":"Erfahren Sie, wie HGH Peptides Lab Ihre Privatsph\u00e4re sch\u00fctzt. Unsere Richtlinie aus dem Jahr 2025 behandelt die Datenerfassung, die Sicherheit und die Einhaltung der GDPR-Standards. Klar, transparent und aktualisiert.","robots":{"index":"index","follow":"follow","max-snippet":"max-snippet:-1","max-image-preview":"max-image-preview:large","max-video-preview":"max-video-preview:-1"},"canonical":"https:\/\/hghpeptideslab.com\/de\/privacy-policy\/","og_locale":"de_DE","og_type":"article","og_title":"Privacy Policy","og_description":"Learn how HGH Peptides Lab protects your privacy. Our 2025 policy covers data collection, security, and compliance with GDPR standards. Clear, transparent, and updated.","og_url":"https:\/\/hghpeptideslab.com\/de\/privacy-policy\/","og_site_name":"HGH Peptides Lab","article_modified_time":"2025-08-08T18:37:50+00:00","twitter_card":"summary_large_image","twitter_misc":{"Gesch\u00e4tzte Lesezeit":"2\u00a0Minuten"},"schema":{"@context":"https:\/\/schema.org","@graph":[{"@type":"WebPage","@id":"https:\/\/hghpeptideslab.com\/privacy-policy\/","url":"https:\/\/hghpeptideslab.com\/privacy-policy\/","name":"HGH Peptides Lab Datenschutzerkl\u00e4rung | Sicher, Transparent &amp; GDPR-konform 2025","isPartOf":{"@id":"https:\/\/hghpeptideslab.com\/#website"},"datePublished":"2020-12-16T03:16:35+00:00","dateModified":"2025-08-08T18:37:50+00:00","description":"Erfahren Sie, wie HGH Peptides Lab Ihre Privatsph\u00e4re sch\u00fctzt. Unsere Richtlinie aus dem Jahr 2025 behandelt die Datenerfassung, die Sicherheit und die Einhaltung der GDPR-Standards. Klar, transparent und aktualisiert.","breadcrumb":{"@id":"https:\/\/hghpeptideslab.com\/privacy-policy\/#breadcrumb"},"inLanguage":"de","potentialAction":[{"@type":"ReadAction","target":["https:\/\/hghpeptideslab.com\/privacy-policy\/"]}],"copyrightNotice":"\u00a9 2010\u20132026 HGH Peptides Lab. All Rights Reserved."},{"@type":"BreadcrumbList","@id":"https:\/\/hghpeptideslab.com\/privacy-policy\/#breadcrumb","itemListElement":[{"@type":"ListItem","position":1,"name":"Home","item":"https:\/\/hghpeptideslab.com\/"},{"@type":"ListItem","position":2,"name":"Privacy Policy"}]},{"@type":"WebSite","@id":"https:\/\/hghpeptideslab.com\/#website","url":"https:\/\/hghpeptideslab.com\/","name":"HGH Peptide Labor","description":"Premium Peptide &amp; HGH Shop","publisher":{"@id":"https:\/\/hghpeptideslab.com\/#organization"},"potentialAction":[{"@type":"SearchAction","target":{"@type":"EntryPoint","urlTemplate":"https:\/\/hghpeptideslab.com\/?s={search_term_string}"},"query-input":{"@type":"PropertyValueSpecification","valueRequired":true,"valueName":"search_term_string"}}],"inLanguage":"de"},{"@type":"Organization","@id":"https:\/\/hghpeptideslab.com\/#organization","name":"HGH Peptide Labor","url":"https:\/\/hghpeptideslab.com\/de\/","logo":{"@type":"ImageObject","url":"https:\/\/hghpeptideslab.com\/wp-content\/uploads\/2025\/07\/HGHPEPTIDESLAB-Logo.png"},"image":{"@id":"https:\/\/hghpeptideslab.com\/#\/schema\/logo\/image\/"},"foundingDate":"2010","contactPoint":[{"@type":"ContactPoint","contactType":"customer support","telephone":"+85247559641","email":"CYGGL2025@gmail.com","availableLanguage":["en"]}]}]}},"_links":{"self":[{"href":"https:\/\/hghpeptideslab.com\/de\/wp-json\/wp\/v2\/pages\/3","targetHints":{"allow":["GET"]}}],"collection":[{"href":"https:\/\/hghpeptideslab.com\/de\/wp-json\/wp\/v2\/pages"}],"about":[{"href":"https:\/\/hghpeptideslab.com\/de\/wp-json\/wp\/v2\/types\/page"}],"author":[{"embeddable":true,"href":"https:\/\/hghpeptideslab.com\/de\/wp-json\/wp\/v2\/users\/1"}],"replies":[{"embeddable":true,"href":"https:\/\/hghpeptideslab.com\/de\/wp-json\/wp\/v2\/comments?post=3"}],"version-history":[{"count":6,"href":"https:\/\/hghpeptideslab.com\/de\/wp-json\/wp\/v2\/pages\/3\/revisions"}],"predecessor-version":[{"id":8749,"href":"https:\/\/hghpeptideslab.com\/de\/wp-json\/wp\/v2\/pages\/3\/revisions\/8749"}],"wp:attachment":[{"href":"https:\/\/hghpeptideslab.com\/de\/wp-json\/wp\/v2\/media?parent=3"}],"curies":[{"name":"wp","href":"https:\/\/api.w.org\/{rel}","templated":true}]}}