{"id":10231,"date":"2025-11-15T11:07:32","date_gmt":"2025-11-15T11:07:32","guid":{"rendered":"https:\/\/hghpeptideslab.com\/?post_type=product&#038;p=10231"},"modified":"2025-11-15T11:10:12","modified_gmt":"2025-11-15T11:10:12","slug":"blend-tb-500-10mg-bpc-157-10mg-kpv-10mg-ghk-cu-50mg","status":"publish","type":"product","link":"https:\/\/hghpeptideslab.com\/de\/product\/blend-tb-500-10mg-bpc-157-10mg-kpv-10mg-ghk-cu-50mg\/","title":{"rendered":"Klow (Blend TB-500 10 mg + BPC-157 10 mg + KPV 10 mg + GHK-Cu 50 mg) Peptide"},"content":{"rendered":"<h3>\u00dcbersicht<\/h3>\n<p><strong>Klow<\/strong> ist eine Peptidmischung aus <strong>TB-500 10 mg<\/strong> + <strong>BPC-157 10 mg<\/strong> + <strong>KPV 10 mg<\/strong> + <strong>GHK-Cu 50 mg<\/strong> pro vial. Es wird h\u00e4ufig in den Forschungsportfolios f\u00fcr Heilung und Genesung, Bindegewebe und Kosmetik\/Haut diskutiert. Geliefert als wei\u00dfes lyophilized powder pro vial f\u00fcr die Rekonstitution mit einem geeigneten sterilen Verd\u00fcnnungsmittel in der Laborumgebung.<\/p>\n<p>Unser Material ist <strong>GMP-hergestellt<\/strong> (Rohmaterial in pharmazeutischer Qualit\u00e4t) mit <strong>99%+ Reinheit<\/strong>. Die Batch-Dokumentation (HPLC\/COA) ist auf Anfrage erh\u00e4ltlich.<\/p>\n<h3>Wesentliche Merkmale<\/h3>\n<ul>\n<li>Per-vial Zusammensetzung: <strong>TB-500 10 mg + BPC-157 10 mg + KPV 10 mg + GHK-Cu 50 mg<\/strong><\/li>\n<li>Gr\u00f6\u00dfe des Bausatzes: <strong>10 vials\/Satz<\/strong><\/li>\n<li>Pharmaceutical-grade quality mit <strong>99%+ Reinheit<\/strong> (HPLC\/COA auf Anfrage)<\/li>\n<li>Sichere Verpackung mit Schutzeinlagen; Sendungsverfolgungsnummer wird innerhalb von <strong>drei (3) Arbeitstage<\/strong><\/li>\n<\/ul>\n<h3>Typische Forschungsschwerpunkte<\/h3>\n<ul>\n<li><strong>Rahmenwerk f\u00fcr Heilung &amp; Genesung<\/strong> - Sehnen-\/B\u00e4nder- und Weichgewebsmodelle<\/li>\n<li><strong>Unterst\u00fctzung des Bindegewebes und der Haut<\/strong> - Umgestaltung von Endpunkten und kosmetisch ansprechende Designs<\/li>\n<li><strong>Planung des Portfolios<\/strong> - Vergleich mit niedriger dosierten Mischungen f\u00fcr stufenweise Designs<\/li>\n<\/ul>\n<h3>Auch verf\u00fcgbar<\/h3>\n<p>Wir bieten auch eine verwandte Dreifach-Mischung an: <a href=\"\/de\/product\/blend-tb-500-10mg-bpc-157-10mg-ghk-cu-50mg\/\">Blend TB-500 10 mg + BPC-157 10 mg + GHK-Cu 50 mg<\/a>.<\/p>\n<h3>Lagerung &amp; Stabilit\u00e4t<\/h3>\n<ul>\n<li>Versiegelt lagern bei <strong>2\u20138 \u00b0C<\/strong>, vor Licht und Feuchtigkeit gesch\u00fctzt<\/li>\n<li>Vermeiden Sie wiederholtes Einfrieren und Auftauen; planen Sie kleine Aliquoten nach der Rekonstitution<\/li>\n<\/ul>\n<h3>Anmerkungen<\/h3>\n<ul>\n<li>Gefertigt in <strong>GMP-konform<\/strong> Einrichtungen<\/li>\n<li>HPLC\/COA auf Anfrage erh\u00e4ltlich<\/li>\n<li><strong>Nur f\u00fcr die Laborforschung. Die Produkte sind nicht f\u00fcr den medizinischen Gebrauch gekennzeichnet.<\/strong><\/li>\n<\/ul>","protected":false},"excerpt":{"rendered":"<p><strong>Name:<\/strong> 99% Purity Klow Peptid (TB-500 10 mg + BPC-157 10 mg + KPV 10 mg + GHK-Cu 50 mg)<br \/>\n<strong>Funktion:<\/strong> Heilung und Genesung; Unterst\u00fctzung von Bindegewebe und Haut<br \/>\n<strong>Spezifikation:<\/strong> TB-500 10 mg + BPC-157 10 mg + KPV 10 mg + GHK-Cu 50 mg pro vial; 10 vials\/Satz<br \/>\n<strong>CAS:<\/strong> N\/A (Peptidmischung)<br \/>\n<strong>Erscheinungsbild:<\/strong> Wei\u00dfes lyophilisiertes Pulver<\/p>","protected":false},"featured_media":10223,"comment_status":"open","ping_status":"closed","template":"","meta":[],"product_cat":[56,51],"product_tag":[120,139,311,158,165,317,121],"class_list":{"0":"post-10231","1":"product","2":"type-product","3":"status-publish","4":"has-post-thumbnail","6":"product_brand-dp-hghpeptides","7":"product_brand-hgh-peptides-lab","8":"product_cat-cosmetic-peptides","9":"product_cat-peptides-for-healing","10":"product_tag-bpc-157","11":"product_tag-ghk-cu","12":"product_tag-kpv","13":"product_tag-recovery-tissue-repair-peptides","14":"product_tag-skin-beauty-peptides","15":"product_tag-skin-cosmetic-peptides","16":"product_tag-tb-500","18":"first","19":"instock","20":"shipping-taxable","21":"purchasable","22":"product-type-simple"},"yoast_head":"<!-- This site is optimized with the Yoast SEO Premium plugin v27.3 (Yoast SEO v27.3) - https:\/\/yoast.com\/product\/yoast-seo-premium-wordpress\/ -->\n<title>Klow Peptide (TB-500 10 mg + BPC-157 10 mg + KPV 10 mg + GHK-Cu 50 mg) | 99% Purity \u2013 HGH Peptides Lab<\/title>\n<meta name=\"description\" content=\"Klow peptide blend (TB-500 10 mg + BPC-157 10 mg + KPV 10 mg + GHK-Cu 50 mg per vial). Healing &amp; cosmetic research uses, kit details, factory-direct pricing. Tracking in ~3 business days.\" \/>\n<meta name=\"robots\" content=\"index, follow, max-snippet:-1, max-image-preview:large, max-video-preview:-1\" \/>\n<link rel=\"canonical\" href=\"https:\/\/hghpeptideslab.com\/de\/product\/blend-tb-500-10mg-bpc-157-10mg-kpv-10mg-ghk-cu-50mg\/\" \/>\n<meta property=\"og:locale\" content=\"de_DE\" \/>\n<meta property=\"og:type\" content=\"article\" \/>\n<meta property=\"og:title\" content=\"Klow (Blend TB-500 10 mg + BPC-157 10 mg + KPV 10 mg + GHK-Cu 50 mg) Peptide\" \/>\n<meta property=\"og:description\" content=\"Klow peptide blend (TB-500 10 mg + BPC-157 10 mg + KPV 10 mg + GHK-Cu 50 mg per vial). Healing &amp; cosmetic research uses, kit details, factory-direct pricing. Tracking in ~3 business days.\" \/>\n<meta property=\"og:url\" content=\"https:\/\/hghpeptideslab.com\/de\/product\/blend-tb-500-10mg-bpc-157-10mg-kpv-10mg-ghk-cu-50mg\/\" \/>\n<meta property=\"og:site_name\" content=\"HGH Peptides Lab\" \/>\n<meta property=\"article:modified_time\" content=\"2025-11-15T11:10:12+00:00\" \/>\n<meta property=\"og:image\" content=\"https:\/\/hghpeptideslab.com\/wp-content\/uploads\/2025\/11\/klow-peptide-blend-tb500-10mg-bpc157-10mg-kpv-10mg-ghkcu-50mg-main.jpg\" \/>\n\t<meta property=\"og:image:width\" content=\"800\" \/>\n\t<meta property=\"og:image:height\" content=\"800\" \/>\n\t<meta property=\"og:image:type\" content=\"image\/jpeg\" \/>\n<meta name=\"twitter:card\" content=\"summary_large_image\" \/>\n<meta name=\"twitter:label1\" content=\"Gesch\u00e4tzte Lesezeit\" \/>\n\t<meta name=\"twitter:data1\" content=\"2\u00a0Minuten\" \/>\n<script type=\"application\/ld+json\" class=\"yoast-schema-graph\">{\"@context\":\"https:\\\/\\\/schema.org\",\"@graph\":[{\"@type\":\"WebPage\",\"@id\":\"https:\\\/\\\/hghpeptideslab.com\\\/product\\\/blend-tb-500-10mg-bpc-157-10mg-kpv-10mg-ghk-cu-50mg\\\/\",\"url\":\"https:\\\/\\\/hghpeptideslab.com\\\/product\\\/blend-tb-500-10mg-bpc-157-10mg-kpv-10mg-ghk-cu-50mg\\\/\",\"name\":\"Klow Peptide (TB-500 10 mg + BPC-157 10 mg + KPV 10 mg + GHK-Cu 50 mg) | 99% Purity \u2013 HGH Peptides Lab\",\"isPartOf\":{\"@id\":\"https:\\\/\\\/hghpeptideslab.com\\\/#website\"},\"primaryImageOfPage\":{\"@id\":\"https:\\\/\\\/hghpeptideslab.com\\\/product\\\/blend-tb-500-10mg-bpc-157-10mg-kpv-10mg-ghk-cu-50mg\\\/#primaryimage\"},\"image\":{\"@id\":\"https:\\\/\\\/hghpeptideslab.com\\\/product\\\/blend-tb-500-10mg-bpc-157-10mg-kpv-10mg-ghk-cu-50mg\\\/#primaryimage\"},\"thumbnailUrl\":\"https:\\\/\\\/hghpeptideslab.com\\\/wp-content\\\/uploads\\\/2025\\\/11\\\/klow-peptide-blend-tb500-10mg-bpc157-10mg-kpv-10mg-ghkcu-50mg-main.jpg\",\"datePublished\":\"2025-11-15T11:07:32+00:00\",\"dateModified\":\"2025-11-15T11:10:12+00:00\",\"description\":\"Klow peptide blend (TB-500 10 mg + BPC-157 10 mg + KPV 10 mg + GHK-Cu 50 mg per vial). Healing & cosmetic research uses, kit details, factory-direct pricing. Tracking in ~3 business days.\",\"breadcrumb\":{\"@id\":\"https:\\\/\\\/hghpeptideslab.com\\\/product\\\/blend-tb-500-10mg-bpc-157-10mg-kpv-10mg-ghk-cu-50mg\\\/#breadcrumb\"},\"inLanguage\":\"de\",\"potentialAction\":[{\"@type\":\"ReadAction\",\"target\":[\"https:\\\/\\\/hghpeptideslab.com\\\/product\\\/blend-tb-500-10mg-bpc-157-10mg-kpv-10mg-ghk-cu-50mg\\\/\"]}],\"copyrightNotice\":\"\u00a9 2010\u20132026 HGH Peptides Lab. All Rights Reserved.\"},{\"@type\":\"ImageObject\",\"inLanguage\":\"de\",\"@id\":\"https:\\\/\\\/hghpeptideslab.com\\\/product\\\/blend-tb-500-10mg-bpc-157-10mg-kpv-10mg-ghk-cu-50mg\\\/#primaryimage\",\"url\":\"https:\\\/\\\/hghpeptideslab.com\\\/wp-content\\\/uploads\\\/2025\\\/11\\\/klow-peptide-blend-tb500-10mg-bpc157-10mg-kpv-10mg-ghkcu-50mg-main.jpg\",\"contentUrl\":\"https:\\\/\\\/hghpeptideslab.com\\\/wp-content\\\/uploads\\\/2025\\\/11\\\/klow-peptide-blend-tb500-10mg-bpc157-10mg-kpv-10mg-ghkcu-50mg-main.jpg\",\"width\":800,\"height\":800,\"caption\":\"Klow peptide blend (per vial: TB-500 10 mg + BPC-157 10 mg + KPV 10 mg + GHK-Cu 50 mg), factory-direct \u2014 99% purity \u00b7 engineered in China.\"},{\"@type\":\"BreadcrumbList\",\"@id\":\"https:\\\/\\\/hghpeptideslab.com\\\/product\\\/blend-tb-500-10mg-bpc-157-10mg-kpv-10mg-ghk-cu-50mg\\\/#breadcrumb\",\"itemListElement\":[{\"@type\":\"ListItem\",\"position\":1,\"name\":\"Home\",\"item\":\"https:\\\/\\\/hghpeptideslab.com\\\/\"},{\"@type\":\"ListItem\",\"position\":2,\"name\":\"Shop\",\"item\":\"https:\\\/\\\/hghpeptideslab.com\\\/shop\\\/\"},{\"@type\":\"ListItem\",\"position\":3,\"name\":\"Klow (Blend TB-500 10 mg + BPC-157 10 mg + KPV 10 mg + GHK-Cu 50 mg) Peptide\"}]},{\"@type\":\"WebSite\",\"@id\":\"https:\\\/\\\/hghpeptideslab.com\\\/#website\",\"url\":\"https:\\\/\\\/hghpeptideslab.com\\\/\",\"name\":\"HGH Peptides Lab\",\"description\":\"Premium Peptides &amp; HGH Shop\",\"publisher\":{\"@id\":\"https:\\\/\\\/hghpeptideslab.com\\\/#organization\"},\"potentialAction\":[{\"@type\":\"SearchAction\",\"target\":{\"@type\":\"EntryPoint\",\"urlTemplate\":\"https:\\\/\\\/hghpeptideslab.com\\\/?s={search_term_string}\"},\"query-input\":{\"@type\":\"PropertyValueSpecification\",\"valueRequired\":true,\"valueName\":\"search_term_string\"}}],\"inLanguage\":\"de\"},{\"@type\":\"Organization\",\"@id\":\"https:\\\/\\\/hghpeptideslab.com\\\/#organization\",\"name\":\"HGH Peptides Lab\",\"url\":\"https:\\\/\\\/hghpeptideslab.com\\\/de\\\/\",\"logo\":{\"@type\":\"ImageObject\",\"url\":\"https:\\\/\\\/hghpeptideslab.com\\\/wp-content\\\/uploads\\\/2025\\\/07\\\/HGHPEPTIDESLAB-Logo.png\"},\"image\":{\"@id\":\"https:\\\/\\\/hghpeptideslab.com\\\/#\\\/schema\\\/logo\\\/image\\\/\"},\"foundingDate\":\"2010\",\"contactPoint\":[{\"@type\":\"ContactPoint\",\"contactType\":\"customer support\",\"telephone\":\"+85247559641\",\"email\":\"CYGGL2025@gmail.com\",\"availableLanguage\":[\"en\"]}]}]}<\/script>\n<!-- \/ Yoast SEO Premium plugin. -->","yoast_head_json":{"title":"Klow Peptide (TB-500 10 mg + BPC-157 10 mg + KPV 10 mg + GHK-Cu 50 mg) | 99% Purity - HGH Peptides Lab","description":"Klow Peptidmischung (TB-500 10 mg + BPC-157 10 mg + KPV 10 mg + GHK-Cu 50 mg pro vial). Anwendungen in der Heil- und Kosmetikforschung, Details zu den Kits, Direktpreise ab Werk. Nachverfolgung in ~3 Werktagen.","robots":{"index":"index","follow":"follow","max-snippet":"max-snippet:-1","max-image-preview":"max-image-preview:large","max-video-preview":"max-video-preview:-1"},"canonical":"https:\/\/hghpeptideslab.com\/de\/product\/blend-tb-500-10mg-bpc-157-10mg-kpv-10mg-ghk-cu-50mg\/","og_locale":"de_DE","og_type":"article","og_title":"Klow (Blend TB-500 10 mg + BPC-157 10 mg + KPV 10 mg + GHK-Cu 50 mg) Peptide","og_description":"Klow peptide blend (TB-500 10 mg + BPC-157 10 mg + KPV 10 mg + GHK-Cu 50 mg per vial). Healing & cosmetic research uses, kit details, factory-direct pricing. Tracking in ~3 business days.","og_url":"https:\/\/hghpeptideslab.com\/de\/product\/blend-tb-500-10mg-bpc-157-10mg-kpv-10mg-ghk-cu-50mg\/","og_site_name":"HGH Peptides Lab","article_modified_time":"2025-11-15T11:10:12+00:00","og_image":[{"width":800,"height":800,"url":"https:\/\/hghpeptideslab.com\/wp-content\/uploads\/2025\/11\/klow-peptide-blend-tb500-10mg-bpc157-10mg-kpv-10mg-ghkcu-50mg-main.jpg","type":"image\/jpeg"}],"twitter_card":"summary_large_image","twitter_misc":{"Gesch\u00e4tzte Lesezeit":"2\u00a0Minuten"},"schema":{"@context":"https:\/\/schema.org","@graph":[{"@type":"WebPage","@id":"https:\/\/hghpeptideslab.com\/product\/blend-tb-500-10mg-bpc-157-10mg-kpv-10mg-ghk-cu-50mg\/","url":"https:\/\/hghpeptideslab.com\/product\/blend-tb-500-10mg-bpc-157-10mg-kpv-10mg-ghk-cu-50mg\/","name":"Klow Peptide (TB-500 10 mg + BPC-157 10 mg + KPV 10 mg + GHK-Cu 50 mg) | 99% Purity - HGH Peptides Lab","isPartOf":{"@id":"https:\/\/hghpeptideslab.com\/#website"},"primaryImageOfPage":{"@id":"https:\/\/hghpeptideslab.com\/product\/blend-tb-500-10mg-bpc-157-10mg-kpv-10mg-ghk-cu-50mg\/#primaryimage"},"image":{"@id":"https:\/\/hghpeptideslab.com\/product\/blend-tb-500-10mg-bpc-157-10mg-kpv-10mg-ghk-cu-50mg\/#primaryimage"},"thumbnailUrl":"https:\/\/hghpeptideslab.com\/wp-content\/uploads\/2025\/11\/klow-peptide-blend-tb500-10mg-bpc157-10mg-kpv-10mg-ghkcu-50mg-main.jpg","datePublished":"2025-11-15T11:07:32+00:00","dateModified":"2025-11-15T11:10:12+00:00","description":"Klow Peptidmischung (TB-500 10 mg + BPC-157 10 mg + KPV 10 mg + GHK-Cu 50 mg pro vial). Anwendungen in der Heil- und Kosmetikforschung, Details zu den Kits, Direktpreise ab Werk. Nachverfolgung in ~3 Werktagen.","breadcrumb":{"@id":"https:\/\/hghpeptideslab.com\/product\/blend-tb-500-10mg-bpc-157-10mg-kpv-10mg-ghk-cu-50mg\/#breadcrumb"},"inLanguage":"de","potentialAction":[{"@type":"ReadAction","target":["https:\/\/hghpeptideslab.com\/product\/blend-tb-500-10mg-bpc-157-10mg-kpv-10mg-ghk-cu-50mg\/"]}],"copyrightNotice":"\u00a9 2010\u20132026 HGH Peptides Lab. All Rights Reserved."},{"@type":"ImageObject","inLanguage":"de","@id":"https:\/\/hghpeptideslab.com\/product\/blend-tb-500-10mg-bpc-157-10mg-kpv-10mg-ghk-cu-50mg\/#primaryimage","url":"https:\/\/hghpeptideslab.com\/wp-content\/uploads\/2025\/11\/klow-peptide-blend-tb500-10mg-bpc157-10mg-kpv-10mg-ghkcu-50mg-main.jpg","contentUrl":"https:\/\/hghpeptideslab.com\/wp-content\/uploads\/2025\/11\/klow-peptide-blend-tb500-10mg-bpc157-10mg-kpv-10mg-ghkcu-50mg-main.jpg","width":800,"height":800,"caption":"Klow peptide blend (per vial: TB-500 10 mg + BPC-157 10 mg + KPV 10 mg + GHK-Cu 50 mg), factory-direct \u2014 99% purity \u00b7 engineered in China."},{"@type":"BreadcrumbList","@id":"https:\/\/hghpeptideslab.com\/product\/blend-tb-500-10mg-bpc-157-10mg-kpv-10mg-ghk-cu-50mg\/#breadcrumb","itemListElement":[{"@type":"ListItem","position":1,"name":"Home","item":"https:\/\/hghpeptideslab.com\/"},{"@type":"ListItem","position":2,"name":"Shop","item":"https:\/\/hghpeptideslab.com\/shop\/"},{"@type":"ListItem","position":3,"name":"Klow (Blend TB-500 10 mg + BPC-157 10 mg + KPV 10 mg + GHK-Cu 50 mg) Peptide"}]},{"@type":"WebSite","@id":"https:\/\/hghpeptideslab.com\/#website","url":"https:\/\/hghpeptideslab.com\/","name":"HGH Peptide Labor","description":"Premium Peptide &amp; HGH Shop","publisher":{"@id":"https:\/\/hghpeptideslab.com\/#organization"},"potentialAction":[{"@type":"SearchAction","target":{"@type":"EntryPoint","urlTemplate":"https:\/\/hghpeptideslab.com\/?s={search_term_string}"},"query-input":{"@type":"PropertyValueSpecification","valueRequired":true,"valueName":"search_term_string"}}],"inLanguage":"de"},{"@type":"Organization","@id":"https:\/\/hghpeptideslab.com\/#organization","name":"HGH Peptide Labor","url":"https:\/\/hghpeptideslab.com\/de\/","logo":{"@type":"ImageObject","url":"https:\/\/hghpeptideslab.com\/wp-content\/uploads\/2025\/07\/HGHPEPTIDESLAB-Logo.png"},"image":{"@id":"https:\/\/hghpeptideslab.com\/#\/schema\/logo\/image\/"},"foundingDate":"2010","contactPoint":[{"@type":"ContactPoint","contactType":"customer support","telephone":"+85247559641","email":"CYGGL2025@gmail.com","availableLanguage":["en"]}]}]}},"_links":{"self":[{"href":"https:\/\/hghpeptideslab.com\/de\/wp-json\/wp\/v2\/product\/10231","targetHints":{"allow":["GET"]}}],"collection":[{"href":"https:\/\/hghpeptideslab.com\/de\/wp-json\/wp\/v2\/product"}],"about":[{"href":"https:\/\/hghpeptideslab.com\/de\/wp-json\/wp\/v2\/types\/product"}],"replies":[{"embeddable":true,"href":"https:\/\/hghpeptideslab.com\/de\/wp-json\/wp\/v2\/comments?post=10231"}],"wp:featuredmedia":[{"embeddable":true,"href":"https:\/\/hghpeptideslab.com\/de\/wp-json\/wp\/v2\/media\/10223"}],"wp:attachment":[{"href":"https:\/\/hghpeptideslab.com\/de\/wp-json\/wp\/v2\/media?parent=10231"}],"wp:term":[{"taxonomy":"product_cat","embeddable":true,"href":"https:\/\/hghpeptideslab.com\/de\/wp-json\/wp\/v2\/product_cat?post=10231"},{"taxonomy":"product_tag","embeddable":true,"href":"https:\/\/hghpeptideslab.com\/de\/wp-json\/wp\/v2\/product_tag?post=10231"}],"curies":[{"name":"wp","href":"https:\/\/api.w.org\/{rel}","templated":true}]}}