{"id":8999,"date":"2025-08-15T21:33:10","date_gmt":"2025-08-15T21:33:10","guid":{"rendered":"https:\/\/hghpeptideslab.com\/?post_type=product&#038;p=8999"},"modified":"2025-10-23T01:46:31","modified_gmt":"2025-10-23T01:46:31","slug":"triptorelin","status":"publish","type":"product","link":"https:\/\/hghpeptideslab.com\/de\/product\/triptorelin\/","title":{"rendered":"Triptorelin-Peptid (GnRH\/LHRH-Agonist)"},"content":{"rendered":"<h3>\u00dcbersicht<\/h3>\n<p>Triptorelin ist ein Dekapeptid <strong>GnRH (LHRH)-Agonist<\/strong> in der Forschung \u00fcber die Hypophyse weithin referenziert<br \/>\nDownregulation und Modulation der Androgen-Achse. Unser Material ist <strong>GMP-hergestellt<\/strong> in pharmazeutischer Qualit\u00e4t<br \/>\nPeptid mit <strong>99%+ Reinheit<\/strong>. HPLC\/COA ist auf Anfrage erh\u00e4ltlich.<\/p>\n<h3>Wesentliche Merkmale<\/h3>\n<ul>\n<li>St\u00e4rken: <strong>2 mg<\/strong>, <strong>5 mg<\/strong>, <strong>10 mg<\/strong> pro Fl\u00e4schchen<\/li>\n<li>Gr\u00f6\u00dfe des Bausatzes: <strong>10 vials\/Satz<\/strong><\/li>\n<li>Wei\u00dfes lyophilisiertes Pulver f\u00fcr flexible Forschungsprotokolle<\/li>\n<li>Dokumentation: HPLC-Chromatogramm \/ COA auf Anfrage<\/li>\n<\/ul>\n<h3>Typische Forschungsschwerpunkte<\/h3>\n<ul>\n<li>Hypophysen-Downregulation und GnRH-Rezeptor-Signalisierungsmodelle<\/li>\n<li>Modulation der Androgenachse und Studien zu Fortpflanzungshormonen<\/li>\n<li>Vergleichende Tests mit GnRH-Analoga und Dosierungsschemata<\/li>\n<li>Endokrine R\u00fcckkopplung und Desensibilisierungskinetik<\/li>\n<\/ul>\n<h3>Lagerung &amp; Stabilit\u00e4t<\/h3>\n<ul>\n<li>Versiegelt lagern bei <strong>2-8 \u00b0C<\/strong>, vor Licht und Feuchtigkeit gesch\u00fctzt<\/li>\n<li>Rekonstituierte L\u00f6sungen unverz\u00fcglich unter geeigneten Laborbedingungen verwenden<\/li>\n<\/ul>\n<h3>Anmerkungen<\/h3>\n<ul>\n<li>Gefertigt in <strong>GMP-konform<\/strong> Einrichtungen<\/li>\n<li>HPLC\/COA auf Anfrage erh\u00e4ltlich<\/li>\n<li>Nur f\u00fcr die Laborforschung. Die Produkte sind nicht f\u00fcr den medizinischen Gebrauch gekennzeichnet.<\/li>\n<\/ul>","protected":false},"excerpt":{"rendered":"<p><strong>Name:<\/strong> 99% Purity Triptorelin Peptid<br \/>\n<strong>Funktion:<\/strong> GnRH\/LHRH-Agonist; Hypophysen-Downregulation; Studien zur Androgen-Achse<br \/>\n<strong>Spezifikation:<\/strong> 2 mg &amp; 5 mg &amp; 10 mg pro vial; 10 vials\/Satz<br \/>\n<strong>CAS:<\/strong> 57773-63-4<br \/>\n<strong>Erscheinungsbild:<\/strong> Wei\u00dfes lyophilisiertes Pulver<\/p>","protected":false},"featured_media":8996,"comment_status":"open","ping_status":"closed","template":"","meta":[],"product_cat":[60],"product_tag":[162,167,157],"class_list":{"0":"post-8999","1":"product","2":"type-product","3":"status-publish","4":"has-post-thumbnail","6":"product_brand-dp-hghpeptides","7":"product_brand-hgh-peptides-lab","8":"product_cat-specialty-peptides","9":"product_tag-anti-aging-longevity-peptides","10":"product_tag-overall-wellness-peptides","11":"product_tag-triptorelin","13":"first","14":"instock","15":"shipping-taxable","16":"purchasable","17":"product-type-variable","18":"has-default-attributes"},"yoast_head":"<!-- This site is optimized with the Yoast SEO Premium plugin v27.6 (Yoast SEO v27.6) - https:\/\/yoast.com\/product\/yoast-seo-premium-wordpress\/ -->\n<title>Triptorelin Peptide (GnRH Agonist) | HGH Peptides Lab \u2013 HPLC\/COA Verified<\/title>\n<meta name=\"description\" content=\"Buy Triptorelin from a China-based GMP lab. 99% purity, HPLC\/COA on request. Factory-direct selling and fast global delivery for hormone-axis research.\" \/>\n<meta name=\"robots\" content=\"index, follow, max-snippet:-1, max-image-preview:large, max-video-preview:-1\" \/>\n<link rel=\"canonical\" href=\"https:\/\/hghpeptideslab.com\/de\/product\/triptorelin\/\" \/>\n<meta property=\"og:locale\" content=\"de_DE\" \/>\n<meta property=\"og:type\" content=\"article\" \/>\n<meta property=\"og:title\" content=\"Triptorelin Peptide (GnRH\/LHRH Agonist)\" \/>\n<meta property=\"og:description\" content=\"Buy Triptorelin from a China-based GMP lab. 99% purity, HPLC\/COA on request. Factory-direct selling and fast global delivery for hormone-axis research.\" \/>\n<meta property=\"og:url\" content=\"https:\/\/hghpeptideslab.com\/de\/product\/triptorelin\/\" \/>\n<meta property=\"og:site_name\" content=\"HGH Peptides Lab\" \/>\n<meta property=\"article:modified_time\" content=\"2025-10-23T01:46:31+00:00\" \/>\n<meta property=\"og:image\" content=\"https:\/\/hghpeptideslab.com\/wp-content\/uploads\/2025\/08\/triptorelin5mg.jpg\" \/>\n\t<meta property=\"og:image:width\" content=\"800\" \/>\n\t<meta property=\"og:image:height\" content=\"800\" \/>\n\t<meta property=\"og:image:type\" content=\"image\/jpeg\" \/>\n<meta name=\"twitter:card\" content=\"summary_large_image\" \/>\n<meta name=\"twitter:label1\" content=\"Gesch\u00e4tzte Lesezeit\" \/>\n\t<meta name=\"twitter:data1\" content=\"1\u00a0Minute\" \/>\n<script type=\"application\/ld+json\" class=\"yoast-schema-graph\">{\"@context\":\"https:\\\/\\\/schema.org\",\"@graph\":[{\"@type\":\"WebPage\",\"@id\":\"https:\\\/\\\/hghpeptideslab.com\\\/product\\\/triptorelin\\\/\",\"url\":\"https:\\\/\\\/hghpeptideslab.com\\\/product\\\/triptorelin\\\/\",\"name\":\"Triptorelin Peptide (GnRH Agonist) | HGH Peptides Lab \u2013 HPLC\\\/COA Verified\",\"isPartOf\":{\"@id\":\"https:\\\/\\\/hghpeptideslab.com\\\/#website\"},\"primaryImageOfPage\":{\"@id\":\"https:\\\/\\\/hghpeptideslab.com\\\/product\\\/triptorelin\\\/#primaryimage\"},\"image\":{\"@id\":\"https:\\\/\\\/hghpeptideslab.com\\\/product\\\/triptorelin\\\/#primaryimage\"},\"thumbnailUrl\":\"https:\\\/\\\/hghpeptideslab.com\\\/wp-content\\\/uploads\\\/2025\\\/08\\\/triptorelin5mg.jpg\",\"datePublished\":\"2025-08-15T21:33:10+00:00\",\"dateModified\":\"2025-10-23T01:46:31+00:00\",\"description\":\"Buy Triptorelin from a China-based GMP lab. 99% purity, HPLC\\\/COA on request. Factory-direct selling and fast global delivery for hormone-axis research.\",\"breadcrumb\":{\"@id\":\"https:\\\/\\\/hghpeptideslab.com\\\/product\\\/triptorelin\\\/#breadcrumb\"},\"inLanguage\":\"de\",\"potentialAction\":[{\"@type\":\"ReadAction\",\"target\":[\"https:\\\/\\\/hghpeptideslab.com\\\/product\\\/triptorelin\\\/\"]}],\"copyrightNotice\":\"\u00a9 2010\u20132026 HGH Peptides Lab. All Rights Reserved.\"},{\"@type\":\"ImageObject\",\"inLanguage\":\"de\",\"@id\":\"https:\\\/\\\/hghpeptideslab.com\\\/product\\\/triptorelin\\\/#primaryimage\",\"url\":\"https:\\\/\\\/hghpeptideslab.com\\\/wp-content\\\/uploads\\\/2025\\\/08\\\/triptorelin5mg.jpg\",\"contentUrl\":\"https:\\\/\\\/hghpeptideslab.com\\\/wp-content\\\/uploads\\\/2025\\\/08\\\/triptorelin5mg.jpg\",\"width\":800,\"height\":800,\"caption\":\"Triptorelin \u2014 5 mg per vial (HGH Peptides Lab)\"},{\"@type\":\"BreadcrumbList\",\"@id\":\"https:\\\/\\\/hghpeptideslab.com\\\/product\\\/triptorelin\\\/#breadcrumb\",\"itemListElement\":[{\"@type\":\"ListItem\",\"position\":1,\"name\":\"Home\",\"item\":\"https:\\\/\\\/hghpeptideslab.com\\\/\"},{\"@type\":\"ListItem\",\"position\":2,\"name\":\"Shop\",\"item\":\"https:\\\/\\\/hghpeptideslab.com\\\/shop\\\/\"},{\"@type\":\"ListItem\",\"position\":3,\"name\":\"Triptorelin Peptide (GnRH\\\/LHRH Agonist)\"}]},{\"@type\":\"WebSite\",\"@id\":\"https:\\\/\\\/hghpeptideslab.com\\\/#website\",\"url\":\"https:\\\/\\\/hghpeptideslab.com\\\/\",\"name\":\"HGH Peptides Lab\",\"description\":\"Premium Peptides &amp; HGH Shop\",\"publisher\":{\"@id\":\"https:\\\/\\\/hghpeptideslab.com\\\/#organization\"},\"potentialAction\":[{\"@type\":\"SearchAction\",\"target\":{\"@type\":\"EntryPoint\",\"urlTemplate\":\"https:\\\/\\\/hghpeptideslab.com\\\/?s={search_term_string}\"},\"query-input\":{\"@type\":\"PropertyValueSpecification\",\"valueRequired\":true,\"valueName\":\"search_term_string\"}}],\"inLanguage\":\"de\"},{\"@type\":\"Organization\",\"@id\":\"https:\\\/\\\/hghpeptideslab.com\\\/#organization\",\"name\":\"HGH Peptides Lab\",\"url\":\"https:\\\/\\\/hghpeptideslab.com\\\/de\\\/\",\"logo\":{\"@type\":\"ImageObject\",\"url\":\"https:\\\/\\\/hghpeptideslab.com\\\/wp-content\\\/uploads\\\/2025\\\/07\\\/HGHPEPTIDESLAB-Logo.png\"},\"image\":{\"@id\":\"https:\\\/\\\/hghpeptideslab.com\\\/#\\\/schema\\\/logo\\\/image\\\/\"},\"foundingDate\":\"2010\",\"contactPoint\":[{\"@type\":\"ContactPoint\",\"contactType\":\"customer support\",\"telephone\":\"+85247559641\",\"email\":\"CYGGL2025@gmail.com\",\"availableLanguage\":[\"en\"]}]}]}<\/script>\n<!-- \/ Yoast SEO Premium plugin. -->","yoast_head_json":{"title":"Triptorelin Peptid (GnRH-Agonist) | HGH Peptides Lab - HPLC\/COA \u00dcberpr\u00fcft","description":"Kaufen Sie Triptorelin von einem in China ans\u00e4ssigen GMP-Labor. Reinheit 99%, HPLC\/COA auf Anfrage. Fabrikdirektverkauf und schnelle weltweite Lieferung f\u00fcr die Hormonachsenforschung.","robots":{"index":"index","follow":"follow","max-snippet":"max-snippet:-1","max-image-preview":"max-image-preview:large","max-video-preview":"max-video-preview:-1"},"canonical":"https:\/\/hghpeptideslab.com\/de\/product\/triptorelin\/","og_locale":"de_DE","og_type":"article","og_title":"Triptorelin Peptide (GnRH\/LHRH Agonist)","og_description":"Buy Triptorelin from a China-based GMP lab. 99% purity, HPLC\/COA on request. Factory-direct selling and fast global delivery for hormone-axis research.","og_url":"https:\/\/hghpeptideslab.com\/de\/product\/triptorelin\/","og_site_name":"HGH Peptides Lab","article_modified_time":"2025-10-23T01:46:31+00:00","og_image":[{"width":800,"height":800,"url":"https:\/\/hghpeptideslab.com\/wp-content\/uploads\/2025\/08\/triptorelin5mg.jpg","type":"image\/jpeg"}],"twitter_card":"summary_large_image","twitter_misc":{"Gesch\u00e4tzte Lesezeit":"1\u00a0Minute"},"schema":{"@context":"https:\/\/schema.org","@graph":[{"@type":"WebPage","@id":"https:\/\/hghpeptideslab.com\/product\/triptorelin\/","url":"https:\/\/hghpeptideslab.com\/product\/triptorelin\/","name":"Triptorelin Peptid (GnRH-Agonist) | HGH Peptides Lab - HPLC\/COA \u00dcberpr\u00fcft","isPartOf":{"@id":"https:\/\/hghpeptideslab.com\/#website"},"primaryImageOfPage":{"@id":"https:\/\/hghpeptideslab.com\/product\/triptorelin\/#primaryimage"},"image":{"@id":"https:\/\/hghpeptideslab.com\/product\/triptorelin\/#primaryimage"},"thumbnailUrl":"https:\/\/hghpeptideslab.com\/wp-content\/uploads\/2025\/08\/triptorelin5mg.jpg","datePublished":"2025-08-15T21:33:10+00:00","dateModified":"2025-10-23T01:46:31+00:00","description":"Kaufen Sie Triptorelin von einem in China ans\u00e4ssigen GMP-Labor. Reinheit 99%, HPLC\/COA auf Anfrage. Fabrikdirektverkauf und schnelle weltweite Lieferung f\u00fcr die Hormonachsenforschung.","breadcrumb":{"@id":"https:\/\/hghpeptideslab.com\/product\/triptorelin\/#breadcrumb"},"inLanguage":"de","potentialAction":[{"@type":"ReadAction","target":["https:\/\/hghpeptideslab.com\/product\/triptorelin\/"]}],"copyrightNotice":"\u00a9 2010\u20132026 HGH Peptides Lab. All Rights Reserved."},{"@type":"ImageObject","inLanguage":"de","@id":"https:\/\/hghpeptideslab.com\/product\/triptorelin\/#primaryimage","url":"https:\/\/hghpeptideslab.com\/wp-content\/uploads\/2025\/08\/triptorelin5mg.jpg","contentUrl":"https:\/\/hghpeptideslab.com\/wp-content\/uploads\/2025\/08\/triptorelin5mg.jpg","width":800,"height":800,"caption":"Triptorelin \u2014 5 mg per vial (HGH Peptides Lab)"},{"@type":"BreadcrumbList","@id":"https:\/\/hghpeptideslab.com\/product\/triptorelin\/#breadcrumb","itemListElement":[{"@type":"ListItem","position":1,"name":"Home","item":"https:\/\/hghpeptideslab.com\/"},{"@type":"ListItem","position":2,"name":"Shop","item":"https:\/\/hghpeptideslab.com\/shop\/"},{"@type":"ListItem","position":3,"name":"Triptorelin Peptide (GnRH\/LHRH Agonist)"}]},{"@type":"WebSite","@id":"https:\/\/hghpeptideslab.com\/#website","url":"https:\/\/hghpeptideslab.com\/","name":"HGH Peptide Labor","description":"Premium Peptide &amp; HGH Shop","publisher":{"@id":"https:\/\/hghpeptideslab.com\/#organization"},"potentialAction":[{"@type":"SearchAction","target":{"@type":"EntryPoint","urlTemplate":"https:\/\/hghpeptideslab.com\/?s={search_term_string}"},"query-input":{"@type":"PropertyValueSpecification","valueRequired":true,"valueName":"search_term_string"}}],"inLanguage":"de"},{"@type":"Organization","@id":"https:\/\/hghpeptideslab.com\/#organization","name":"HGH Peptide Labor","url":"https:\/\/hghpeptideslab.com\/de\/","logo":{"@type":"ImageObject","url":"https:\/\/hghpeptideslab.com\/wp-content\/uploads\/2025\/07\/HGHPEPTIDESLAB-Logo.png"},"image":{"@id":"https:\/\/hghpeptideslab.com\/#\/schema\/logo\/image\/"},"foundingDate":"2010","contactPoint":[{"@type":"ContactPoint","contactType":"customer support","telephone":"+85247559641","email":"CYGGL2025@gmail.com","availableLanguage":["en"]}]}]}},"_links":{"self":[{"href":"https:\/\/hghpeptideslab.com\/de\/wp-json\/wp\/v2\/product\/8999","targetHints":{"allow":["GET"]}}],"collection":[{"href":"https:\/\/hghpeptideslab.com\/de\/wp-json\/wp\/v2\/product"}],"about":[{"href":"https:\/\/hghpeptideslab.com\/de\/wp-json\/wp\/v2\/types\/product"}],"replies":[{"embeddable":true,"href":"https:\/\/hghpeptideslab.com\/de\/wp-json\/wp\/v2\/comments?post=8999"}],"wp:featuredmedia":[{"embeddable":true,"href":"https:\/\/hghpeptideslab.com\/de\/wp-json\/wp\/v2\/media\/8996"}],"wp:attachment":[{"href":"https:\/\/hghpeptideslab.com\/de\/wp-json\/wp\/v2\/media?parent=8999"}],"wp:term":[{"taxonomy":"product_cat","embeddable":true,"href":"https:\/\/hghpeptideslab.com\/de\/wp-json\/wp\/v2\/product_cat?post=8999"},{"taxonomy":"product_tag","embeddable":true,"href":"https:\/\/hghpeptideslab.com\/de\/wp-json\/wp\/v2\/product_tag?post=8999"}],"curies":[{"name":"wp","href":"https:\/\/api.w.org\/{rel}","templated":true}]}}