{"id":3,"date":"2020-12-16T03:16:35","date_gmt":"2020-12-16T03:16:35","guid":{"rendered":"https:\/\/demo2wpopal.b-cdn.net\/supplero\/?page_id=3"},"modified":"2025-08-08T18:37:50","modified_gmt":"2025-08-08T18:37:50","slug":"privacy-policy","status":"publish","type":"page","link":"https:\/\/hghpeptideslab.com\/es\/privacy-policy\/","title":{"rendered":"Pol\u00edtica de privacidad"},"content":{"rendered":"<div data-elementor-type=\"wp-page\" data-elementor-id=\"3\" class=\"elementor elementor-3\" data-elementor-post-type=\"page\">\n\t\t\t\t<div class=\"elementor-element elementor-element-10eabccb e-flex e-con-boxed e-con e-parent\" data-id=\"10eabccb\" data-element_type=\"container\" data-e-type=\"container\">\n\t\t\t\t\t<div class=\"e-con-inner\">\n\t\t\t\t<div class=\"elementor-element elementor-element-54397ea8 elementor-widget elementor-widget-text-editor\" data-id=\"54397ea8\" data-element_type=\"widget\" data-e-type=\"widget\" data-widget_type=\"text-editor.default\">\n\t\t\t\t\t\t\t\t\t<p data-start=\"127\" data-end=\"332\">En HGH Peptides Lab, nos comprometemos a proteger su privacidad. Esta pol\u00edtica explica c\u00f3mo recopilamos, utilizamos y protegemos su informaci\u00f3n personal cuando visita nuestro sitio web o interact\u00faa con nuestros servicios.<\/p>\n<hr data-start=\"334\" data-end=\"337\" \/>\n<h3 data-start=\"339\" data-end=\"380\">1. Recogida y uso de datos personales<\/h3>\n<p data-start=\"382\" data-end=\"483\">S\u00f3lo recogemos los datos necesarios para atender sus pedidos y mejorar nuestros servicios. Esto puede incluir:<\/p>\n<ul data-start=\"485\" data-end=\"661\">\n<li data-start=\"485\" data-end=\"527\">\n<p data-start=\"487\" data-end=\"527\">Su nombre, correo electr\u00f3nico y direcci\u00f3n de env\u00edo<\/p>\n<\/li>\n<li data-start=\"528\" data-end=\"586\">\n<p data-start=\"530\" data-end=\"586\">Datos de pago (por ejemplo, ID de tarjeta o de transacci\u00f3n criptogr\u00e1fica)<\/p>\n<\/li>\n<li data-start=\"587\" data-end=\"620\">\n<p data-start=\"589\" data-end=\"620\">Informaci\u00f3n sobre el dispositivo o el navegador<\/p>\n<\/li>\n<li data-start=\"621\" data-end=\"661\">\n<p data-start=\"623\" data-end=\"661\">Historial de contactos y mensajes de asistencia<\/p>\n<\/li>\n<\/ul>\n<p data-start=\"663\" data-end=\"726\">Lo hacemos <strong data-start=\"669\" data-end=\"676\">no<\/strong> vender o alquilar sus datos personales a terceros.<\/p>\n<hr data-start=\"728\" data-end=\"731\" \/>\n<h3 data-start=\"733\" data-end=\"763\">2. Por qu\u00e9 recopilamos sus datos<\/h3>\n<p data-start=\"765\" data-end=\"793\">Tratamos datos personales para:<\/p>\n<ul data-start=\"795\" data-end=\"1011\">\n<li data-start=\"795\" data-end=\"835\">\n<p data-start=\"797\" data-end=\"835\">Cumplir los pedidos y las solicitudes de los clientes<\/p>\n<\/li>\n<li data-start=\"836\" data-end=\"873\">\n<p data-start=\"838\" data-end=\"873\">Proporcionar asistencia y actualizaciones de pedidos<\/p>\n<\/li>\n<li data-start=\"874\" data-end=\"923\">\n<p data-start=\"876\" data-end=\"923\">Mejorar la funcionalidad y el rendimiento del sitio web<\/p>\n<\/li>\n<li data-start=\"924\" data-end=\"972\">\n<p data-start=\"926\" data-end=\"972\">Garantizar la prevenci\u00f3n del fraude y la seguridad del sitio web<\/p>\n<\/li>\n<li data-start=\"973\" data-end=\"1011\">\n<p data-start=\"975\" data-end=\"1011\">Cumplir con las obligaciones legales o fiscales<\/p>\n<\/li>\n<\/ul>\n<hr data-start=\"1013\" data-end=\"1016\" \/>\n<h3 data-start=\"1018\" data-end=\"1044\">3. Cookies y rastreo<\/h3>\n<p data-start=\"1046\" data-end=\"1099\">Nuestro sitio web utiliza cookies y tecnolog\u00edas similares para:<\/p>\n<ul data-start=\"1101\" data-end=\"1205\">\n<li data-start=\"1101\" data-end=\"1130\">\n<p data-start=\"1103\" data-end=\"1130\">Recuerda tus preferencias<\/p>\n<\/li>\n<li data-start=\"1131\" data-end=\"1174\">\n<p data-start=\"1133\" data-end=\"1174\">Analizar el tr\u00e1fico y el rendimiento del sitio web<\/p>\n<\/li>\n<li data-start=\"1175\" data-end=\"1205\">\n<p data-start=\"1177\" data-end=\"1205\">Mejore su experiencia de usuario<\/p>\n<\/li>\n<\/ul>\n<p data-start=\"1207\" data-end=\"1288\">Puede desactivar las cookies en la configuraci\u00f3n de su navegador si prefiere no ser rastreado.<\/p>\n<hr data-start=\"1290\" data-end=\"1293\" \/>\n<h3 data-start=\"1295\" data-end=\"1313\">4. 4. Intercambio de datos<\/h3>\n<p data-start=\"1315\" data-end=\"1553\">Podemos compartir datos personales limitados con proveedores de servicios de confianza (por ejemplo, socios log\u00edsticos, pasarelas de pago) estrictamente con fines de cumplimiento o ejecuci\u00f3n de pedidos. No compartimos datos con fines de marketing sin su consentimiento.<\/p>\n<hr data-start=\"1555\" data-end=\"1558\" \/>\n<h3 data-start=\"1560\" data-end=\"1593\">5. Seguridad y conservaci\u00f3n de datos<\/h3>\n<p data-start=\"1595\" data-end=\"1768\">Aplicamos las mejores pr\u00e1cticas de seguridad para salvaguardar su informaci\u00f3n. Sus datos se almacenan de forma segura y solo se conservan el tiempo necesario para cumplir nuestras obligaciones comerciales.<\/p>\n<hr data-start=\"1770\" data-end=\"1773\" \/>\n<h3 data-start=\"1775\" data-end=\"1792\">6. Sus derechos<\/h3>\n<p data-start=\"1794\" data-end=\"1816\">Tienes derecho a:<\/p>\n<ul data-start=\"1818\" data-end=\"1993\">\n<li data-start=\"1818\" data-end=\"1849\">\n<p data-start=\"1820\" data-end=\"1849\">Acceder a sus datos o corregirlos<\/p>\n<\/li>\n<li data-start=\"1850\" data-end=\"1892\">\n<p data-start=\"1852\" data-end=\"1892\">Solicitar la supresi\u00f3n de sus datos personales<\/p>\n<\/li>\n<li data-start=\"1893\" data-end=\"1942\">\n<p data-start=\"1895\" data-end=\"1942\">Retirar el consentimiento para recibir comunicaciones comerciales<\/p>\n<\/li>\n<li data-start=\"1943\" data-end=\"1993\">\n<p data-start=\"1945\" data-end=\"1993\">P\u00f3ngase en contacto con nosotros si tiene dudas sobre la protecci\u00f3n de datos<\/p>\n<\/li>\n<\/ul>\n<p data-start=\"1995\" data-end=\"2057\">Para ejercer estos derechos, env\u00edenos un correo electr\u00f3nico a <span style=\"color: #ff0000;\"><strong data-start=\"2033\" data-end=\"2056\"><a class=\"cursor-pointer\" style=\"color: #ff0000;\" rel=\"noopener\" data-start=\"2035\" data-end=\"2054\">cyggl2025@gmail.com<\/a><\/strong><\/span>.<\/p>\n<hr data-start=\"2059\" data-end=\"2062\" \/>\n<h3 data-start=\"2064\" data-end=\"2087\">7. Enlaces de terceros<\/h3>\n<p data-start=\"2089\" data-end=\"2271\">Nuestro sitio web puede contener enlaces a sitios web de terceros. No somos responsables de las pr\u00e1cticas de privacidad ni del contenido de esos sitios. Por favor, revise sus pol\u00edticas por separado antes de usarlos.<\/p>\n<hr data-start=\"2273\" data-end=\"2276\" \/>\n<h3 data-start=\"2278\" data-end=\"2306\">8. Cambios en esta pol\u00edtica<\/h3>\n<p data-start=\"2308\" data-end=\"2472\">Podemos actualizar esta Pol\u00edtica de Privacidad cuando sea necesario para reflejar cambios legales, t\u00e9cnicos u operativos. El uso continuado de nuestro sitio web significa que usted acepta los t\u00e9rminos actualizados.<\/p>\n<hr data-start=\"2474\" data-end=\"2477\" \/>\n<h3 data-start=\"2479\" data-end=\"2495\">9. Contacto<\/h3>\n<p data-start=\"2497\" data-end=\"2583\">Si tiene alguna pregunta o duda sobre esta Pol\u00edtica de privacidad, p\u00f3ngase en contacto con nosotros en:<\/p>\n<p data-start=\"2585\" data-end=\"2651\">\ud83d\udce7 <span style=\"color: #ff0000;\"><strong data-start=\"2588\" data-end=\"2611\"><a class=\"cursor-pointer\" style=\"color: #ff0000;\" rel=\"noopener\" data-start=\"2590\" data-end=\"2609\">cyggl2025@gmail.com<\/a><\/strong><\/span><br data-start=\"2611\" data-end=\"2614\" \/>Normalmente respondemos en 24 horas.<\/p>\t\t\t\t\t\t\t\t<\/div>\n\t\t\t\t\t<\/div>\n\t\t\t\t<\/div>\n\t\t\t\t<\/div>","protected":false},"excerpt":{"rendered":"<p>At HGH Peptides Lab, we are committed to protecting your privacy. This policy explains how we collect, use, and safeguard your personal information when you visit our website or interact with our services. 1. Collection and Use of Personal Data We only collect the data necessary to fulfill your orders and improve our services. This [&hellip;]<\/p>\n","protected":false},"author":1,"featured_media":0,"parent":0,"menu_order":0,"comment_status":"closed","ping_status":"open","template":"","meta":{"footnotes":""},"class_list":["post-3","page","type-page","status-publish","hentry"],"yoast_head":"<!-- This site is optimized with the Yoast SEO Premium plugin v27.5 (Yoast SEO v27.5) - https:\/\/yoast.com\/product\/yoast-seo-premium-wordpress\/ -->\n<title>HGH Peptides Lab Privacy Policy | Secure, Transparent &amp; GDPR-Compliant 2025<\/title>\n<meta name=\"description\" content=\"Learn how HGH Peptides Lab protects your privacy. Our 2025 policy covers data collection, security, and compliance with GDPR standards. Clear, transparent, and updated.\" \/>\n<meta name=\"robots\" content=\"index, follow, max-snippet:-1, max-image-preview:large, max-video-preview:-1\" \/>\n<link rel=\"canonical\" href=\"https:\/\/hghpeptideslab.com\/es\/privacy-policy\/\" \/>\n<meta property=\"og:locale\" content=\"es_ES\" \/>\n<meta property=\"og:type\" content=\"article\" \/>\n<meta property=\"og:title\" content=\"Privacy Policy\" \/>\n<meta property=\"og:description\" content=\"Learn how HGH Peptides Lab protects your privacy. Our 2025 policy covers data collection, security, and compliance with GDPR standards. Clear, transparent, and updated.\" \/>\n<meta property=\"og:url\" content=\"https:\/\/hghpeptideslab.com\/es\/privacy-policy\/\" \/>\n<meta property=\"og:site_name\" content=\"HGH Peptides Lab\" \/>\n<meta property=\"article:modified_time\" content=\"2025-08-08T18:37:50+00:00\" \/>\n<meta name=\"twitter:card\" content=\"summary_large_image\" \/>\n<meta name=\"twitter:label1\" content=\"Tiempo de lectura\" \/>\n\t<meta name=\"twitter:data1\" content=\"2 minutos\" \/>\n<script type=\"application\/ld+json\" class=\"yoast-schema-graph\">{\"@context\":\"https:\\\/\\\/schema.org\",\"@graph\":[{\"@type\":\"WebPage\",\"@id\":\"https:\\\/\\\/hghpeptideslab.com\\\/privacy-policy\\\/\",\"url\":\"https:\\\/\\\/hghpeptideslab.com\\\/privacy-policy\\\/\",\"name\":\"HGH Peptides Lab Privacy Policy | Secure, Transparent & GDPR-Compliant 2025\",\"isPartOf\":{\"@id\":\"https:\\\/\\\/hghpeptideslab.com\\\/#website\"},\"datePublished\":\"2020-12-16T03:16:35+00:00\",\"dateModified\":\"2025-08-08T18:37:50+00:00\",\"description\":\"Learn how HGH Peptides Lab protects your privacy. Our 2025 policy covers data collection, security, and compliance with GDPR standards. Clear, transparent, and updated.\",\"breadcrumb\":{\"@id\":\"https:\\\/\\\/hghpeptideslab.com\\\/privacy-policy\\\/#breadcrumb\"},\"inLanguage\":\"es\",\"potentialAction\":[{\"@type\":\"ReadAction\",\"target\":[\"https:\\\/\\\/hghpeptideslab.com\\\/privacy-policy\\\/\"]}],\"copyrightNotice\":\"\u00a9 2010\u20132026 HGH Peptides Lab. All Rights Reserved.\"},{\"@type\":\"BreadcrumbList\",\"@id\":\"https:\\\/\\\/hghpeptideslab.com\\\/privacy-policy\\\/#breadcrumb\",\"itemListElement\":[{\"@type\":\"ListItem\",\"position\":1,\"name\":\"Home\",\"item\":\"https:\\\/\\\/hghpeptideslab.com\\\/\"},{\"@type\":\"ListItem\",\"position\":2,\"name\":\"Privacy Policy\"}]},{\"@type\":\"WebSite\",\"@id\":\"https:\\\/\\\/hghpeptideslab.com\\\/#website\",\"url\":\"https:\\\/\\\/hghpeptideslab.com\\\/\",\"name\":\"HGH Peptides Lab\",\"description\":\"Premium Peptides &amp; HGH Shop\",\"publisher\":{\"@id\":\"https:\\\/\\\/hghpeptideslab.com\\\/#organization\"},\"potentialAction\":[{\"@type\":\"SearchAction\",\"target\":{\"@type\":\"EntryPoint\",\"urlTemplate\":\"https:\\\/\\\/hghpeptideslab.com\\\/?s={search_term_string}\"},\"query-input\":{\"@type\":\"PropertyValueSpecification\",\"valueRequired\":true,\"valueName\":\"search_term_string\"}}],\"inLanguage\":\"es\"},{\"@type\":\"Organization\",\"@id\":\"https:\\\/\\\/hghpeptideslab.com\\\/#organization\",\"name\":\"HGH Peptides Lab\",\"url\":\"https:\\\/\\\/hghpeptideslab.com\\\/es\\\/\",\"logo\":{\"@type\":\"ImageObject\",\"url\":\"https:\\\/\\\/hghpeptideslab.com\\\/wp-content\\\/uploads\\\/2025\\\/07\\\/HGHPEPTIDESLAB-Logo.png\"},\"image\":{\"@id\":\"https:\\\/\\\/hghpeptideslab.com\\\/#\\\/schema\\\/logo\\\/image\\\/\"},\"foundingDate\":\"2010\",\"contactPoint\":[{\"@type\":\"ContactPoint\",\"contactType\":\"customer support\",\"telephone\":\"+85247559641\",\"email\":\"CYGGL2025@gmail.com\",\"availableLanguage\":[\"en\"]}]}]}<\/script>\n<!-- \/ Yoast SEO Premium plugin. -->","yoast_head_json":{"title":"HGH Peptides Lab Pol\u00edtica de privacidad | Segura, transparente y conforme al GDPR 2025","description":"Sepa c\u00f3mo HGH Peptides Lab protege su privacidad. Nuestra pol\u00edtica de 2025 cubre la recopilaci\u00f3n de datos, la seguridad y el cumplimiento de las normas GDPR. Clara, transparente y actualizada.","robots":{"index":"index","follow":"follow","max-snippet":"max-snippet:-1","max-image-preview":"max-image-preview:large","max-video-preview":"max-video-preview:-1"},"canonical":"https:\/\/hghpeptideslab.com\/es\/privacy-policy\/","og_locale":"es_ES","og_type":"article","og_title":"Privacy Policy","og_description":"Learn how HGH Peptides Lab protects your privacy. Our 2025 policy covers data collection, security, and compliance with GDPR standards. Clear, transparent, and updated.","og_url":"https:\/\/hghpeptideslab.com\/es\/privacy-policy\/","og_site_name":"HGH Peptides Lab","article_modified_time":"2025-08-08T18:37:50+00:00","twitter_card":"summary_large_image","twitter_misc":{"Tiempo de lectura":"2 minutos"},"schema":{"@context":"https:\/\/schema.org","@graph":[{"@type":"WebPage","@id":"https:\/\/hghpeptideslab.com\/privacy-policy\/","url":"https:\/\/hghpeptideslab.com\/privacy-policy\/","name":"HGH Peptides Lab Pol\u00edtica de privacidad | Segura, transparente y conforme al GDPR 2025","isPartOf":{"@id":"https:\/\/hghpeptideslab.com\/#website"},"datePublished":"2020-12-16T03:16:35+00:00","dateModified":"2025-08-08T18:37:50+00:00","description":"Sepa c\u00f3mo HGH Peptides Lab protege su privacidad. Nuestra pol\u00edtica de 2025 cubre la recopilaci\u00f3n de datos, la seguridad y el cumplimiento de las normas GDPR. Clara, transparente y actualizada.","breadcrumb":{"@id":"https:\/\/hghpeptideslab.com\/privacy-policy\/#breadcrumb"},"inLanguage":"es","potentialAction":[{"@type":"ReadAction","target":["https:\/\/hghpeptideslab.com\/privacy-policy\/"]}],"copyrightNotice":"\u00a9 2010\u20132026 HGH Peptides Lab. All Rights Reserved."},{"@type":"BreadcrumbList","@id":"https:\/\/hghpeptideslab.com\/privacy-policy\/#breadcrumb","itemListElement":[{"@type":"ListItem","position":1,"name":"Home","item":"https:\/\/hghpeptideslab.com\/"},{"@type":"ListItem","position":2,"name":"Privacy Policy"}]},{"@type":"WebSite","@id":"https:\/\/hghpeptideslab.com\/#website","url":"https:\/\/hghpeptideslab.com\/","name":"Laboratorio de p\u00e9ptidos HGH","description":"Tienda Premium de P\u00e9ptidos y HGH","publisher":{"@id":"https:\/\/hghpeptideslab.com\/#organization"},"potentialAction":[{"@type":"SearchAction","target":{"@type":"EntryPoint","urlTemplate":"https:\/\/hghpeptideslab.com\/?s={search_term_string}"},"query-input":{"@type":"PropertyValueSpecification","valueRequired":true,"valueName":"search_term_string"}}],"inLanguage":"es"},{"@type":"Organization","@id":"https:\/\/hghpeptideslab.com\/#organization","name":"Laboratorio de p\u00e9ptidos HGH","url":"https:\/\/hghpeptideslab.com\/es\/","logo":{"@type":"ImageObject","url":"https:\/\/hghpeptideslab.com\/wp-content\/uploads\/2025\/07\/HGHPEPTIDESLAB-Logo.png"},"image":{"@id":"https:\/\/hghpeptideslab.com\/#\/schema\/logo\/image\/"},"foundingDate":"2010","contactPoint":[{"@type":"ContactPoint","contactType":"customer support","telephone":"+85247559641","email":"CYGGL2025@gmail.com","availableLanguage":["en"]}]}]}},"_links":{"self":[{"href":"https:\/\/hghpeptideslab.com\/es\/wp-json\/wp\/v2\/pages\/3","targetHints":{"allow":["GET"]}}],"collection":[{"href":"https:\/\/hghpeptideslab.com\/es\/wp-json\/wp\/v2\/pages"}],"about":[{"href":"https:\/\/hghpeptideslab.com\/es\/wp-json\/wp\/v2\/types\/page"}],"author":[{"embeddable":true,"href":"https:\/\/hghpeptideslab.com\/es\/wp-json\/wp\/v2\/users\/1"}],"replies":[{"embeddable":true,"href":"https:\/\/hghpeptideslab.com\/es\/wp-json\/wp\/v2\/comments?post=3"}],"version-history":[{"count":6,"href":"https:\/\/hghpeptideslab.com\/es\/wp-json\/wp\/v2\/pages\/3\/revisions"}],"predecessor-version":[{"id":8749,"href":"https:\/\/hghpeptideslab.com\/es\/wp-json\/wp\/v2\/pages\/3\/revisions\/8749"}],"wp:attachment":[{"href":"https:\/\/hghpeptideslab.com\/es\/wp-json\/wp\/v2\/media?parent=3"}],"curies":[{"name":"wp","href":"https:\/\/api.w.org\/{rel}","templated":true}]}}