{"id":6309,"date":"2025-08-08T14:23:57","date_gmt":"2025-08-08T14:23:57","guid":{"rendered":"https:\/\/demo2wpopal.b-cdn.net\/supplero\/?page_id=6309"},"modified":"2025-08-25T23:52:41","modified_gmt":"2025-08-25T23:52:41","slug":"refund-and-returns-policy","status":"publish","type":"page","link":"https:\/\/hghpeptideslab.com\/es\/refund-and-returns-policy\/","title":{"rendered":"Pol\u00edtica de devoluciones y reembolsos"},"content":{"rendered":"<div data-elementor-type=\"wp-page\" data-elementor-id=\"6309\" class=\"elementor elementor-6309\" data-elementor-post-type=\"page\">\n\t\t\t\t<div class=\"elementor-element elementor-element-6b52856d e-flex e-con-boxed e-con e-parent\" data-id=\"6b52856d\" data-element_type=\"container\" data-e-type=\"container\">\n\t\t\t\t\t<div class=\"e-con-inner\">\n\t\t\t\t<div class=\"elementor-element elementor-element-33fd4783 elementor-widget elementor-widget-text-editor\" data-id=\"33fd4783\" data-element_type=\"widget\" data-e-type=\"widget\" data-widget_type=\"text-editor.default\">\n\t\t\t\t\t\t\t\t\t<p><span style=\"color: #61ce70; font-size: 1.618em; font-weight: bold;\">Visi\u00f3n general<\/span><\/p>\n<p><!-- \/wp:paragraph -->\n\n<!-- wp:paragraph --><\/p>\n<p data-start=\"660\" data-end=\"861\">Aceptamos anulaciones de pedidos <span style=\"color: #333333;\"><strong data-start=\"690\" data-end=\"735\">antes de enviar o fabricar el producto<\/strong><\/span>. Si su pedido se cancela a tiempo, recibir\u00e1 un <strong data-start=\"789\" data-end=\"804\">reembolso completo<\/strong>. Una vez enviado el pedido, no se puede cancelar.<\/p>\n<p data-start=\"863\" data-end=\"971\">Debido a la naturaleza sensible de nuestros productos, <strong data-start=\"908\" data-end=\"950\">no se aceptan cambios ni devoluciones<\/strong>excepto en casos de:<\/p>\n<ul data-start=\"973\" data-end=\"1048\">\n<li data-start=\"973\" data-end=\"999\">\n<p data-start=\"975\" data-end=\"999\">Problemas de calidad del producto<\/p>\n<\/li>\n<li data-start=\"1000\" data-end=\"1026\">\n<p data-start=\"1002\" data-end=\"1026\">Da\u00f1os durante el transporte<\/p>\n<\/li>\n<li data-start=\"1027\" data-end=\"1048\">\n<p data-start=\"1029\" data-end=\"1048\">Detenci\u00f3n aduanera<\/p>\n<\/li>\n<\/ul>\n<p data-start=\"1050\" data-end=\"1096\">En estos casos <strong data-start=\"1068\" data-end=\"1095\">garantizar un reembolso 100%<\/strong>.<\/p>\n<p><!-- \/wp:list -->\n\n<!-- wp:paragraph --><\/p>\n<h3>Proceso de devoluci\u00f3n<\/h3>\n<p><!-- \/wp:paragraph -->\n\n<!-- wp:paragraph --><\/p>\n<p data-start=\"1122\" data-end=\"1281\">Si su producto cumple los requisitos para un reembolso, p\u00f3ngase en contacto con nosotros en <strong data-start=\"1183\" data-end=\"1206\"><a class=\"cursor-pointer\" rel=\"noopener\" data-start=\"1185\" data-end=\"1204\">cyggl2025@gmail.com<\/a><\/strong> con justificantes (por ejemplo, foto o datos de seguimiento). Una vez verificado:<\/p>\n<ul data-start=\"1283\" data-end=\"1421\">\n<li data-start=\"1283\" data-end=\"1332\">\n<p data-start=\"1285\" data-end=\"1332\">Recibir\u00e1 un correo electr\u00f3nico confirmando la aprobaci\u00f3n<\/p>\n<\/li>\n<li data-start=\"1333\" data-end=\"1421\">\n<p data-start=\"1335\" data-end=\"1421\">Los reembolsos se tramitar\u00e1n a su m\u00e9todo de pago original en el plazo de <strong data-start=\"1400\" data-end=\"1421\">3-7 d\u00edas laborables<\/strong><\/p>\n<\/li>\n<\/ul>\n<p><!-- \/wp:paragraph -->\n\n<!-- wp:paragraph --><\/p>\n<h3>Responsabilidad del env\u00edo<\/h3>\n<p><!-- \/wp:paragraph -->\n\n<!-- wp:paragraph --><\/p>\n<p data-start=\"1456\" data-end=\"1486\">Los clientes son responsables de:<\/p>\n<ul data-start=\"1488\" data-end=\"1592\">\n<li data-start=\"1488\" data-end=\"1543\">\n<p data-start=\"1490\" data-end=\"1543\">Proporcionar informaci\u00f3n precisa sobre el env\u00edo y los datos de contacto<\/p>\n<\/li>\n<li data-start=\"1544\" data-end=\"1592\">\n<p data-start=\"1546\" data-end=\"1592\">Cubrir los gastos de devoluci\u00f3n (si procede)<\/p>\n<\/li>\n<\/ul>\n<p data-start=\"1594\" data-end=\"1685\">Somos <strong data-start=\"1601\" data-end=\"1620\">no responsable<\/strong> por retrasos causados por empresas de mensajer\u00eda ajenas o por la tramitaci\u00f3n aduanera.<\/p>\n<p><!-- \/wp:paragraph -->\n\n<!-- wp:paragraph --><\/p>\n<h3>Notas importantes<\/h3>\n<div>\n<ul>\n<li>\n<p>Los reembolsos son <strong data-start=\"1726\" data-end=\"1743\">no disponible<\/strong> para los pedidos marcados como \"Entregado\" a menos que se proporcione una prueba fotogr\u00e1fica de apoyo<\/p>\n<\/li>\n<li>\n<p>Los productos digitales\/descargables son <strong data-start=\"1860\" data-end=\"1878\">no reembolsable<\/strong><\/p>\n<\/li>\n<li>\n<p>Para las compras al por mayor o al por mayor, la elegibilidad de reembolso se determina en un <strong data-start=\"1954\" data-end=\"1976\">caso por caso<\/strong><\/p>\n<\/li>\n<\/ul>\n<p>&nbsp;<\/p>\n<\/div>\n<p><!-- \/wp:paragraph -->\n\n<!-- wp:paragraph --><\/p>\n<h3>\u00bfNecesita ayuda?<\/h3>\n<p><!-- \/wp:paragraph -->\n\n<!-- wp:paragraph --><\/p>\n<p>Si tiene alguna pregunta sobre reembolsos o devoluciones, env\u00edenos un correo electr\u00f3nico a <strong data-start=\"2073\" data-end=\"2096\">cyggl2025@gmail.com<\/strong>.<br data-start=\"2097\" data-end=\"2100\" \/>Nuestro objetivo es responder en un plazo de <strong data-start=\"2125\" data-end=\"2137\">24 horas<\/strong>.<\/p>\n<p><!-- \/wp:paragraph --><\/p>\n\t\t\t\t\t\t\t\t<\/div>\n\t\t\t\t\t<\/div>\n\t\t\t\t<\/div>\n\t\t\t\t<\/div>","protected":false},"excerpt":{"rendered":"<p>Overview We accept order cancellations before the product is shipped or produced. If your order is canceled in time, you\u2019ll receive a full refund. Once the order has been shipped, it cannot be canceled. Due to the sensitive nature of our products, returns and exchanges are not accepted, except in cases of: Product quality issues [&hellip;]<\/p>\n","protected":false},"author":1,"featured_media":0,"parent":0,"menu_order":0,"comment_status":"closed","ping_status":"closed","template":"","meta":{"footnotes":""},"class_list":["post-6309","page","type-page","status-publish","hentry"],"yoast_head":"<!-- This site is optimized with the Yoast SEO Premium plugin v27.3 (Yoast SEO v27.3) - https:\/\/yoast.com\/product\/yoast-seo-premium-wordpress\/ -->\n<title>Refund &amp; Returns Policy | Safe, Transparent &amp; Guaranteed \u2013 HGH Peptides Lab<\/title>\n<meta name=\"description\" content=\"Learn how HGH Peptides Lab ensures secure refunds and fair return terms. Covers cancellations, shipping damage, customs issues, and 100% money-back guarantee.\" \/>\n<meta name=\"robots\" content=\"index, follow, max-snippet:-1, max-image-preview:large, max-video-preview:-1\" \/>\n<link rel=\"canonical\" href=\"https:\/\/hghpeptideslab.com\/es\/refund-and-returns-policy\/\" \/>\n<meta property=\"og:locale\" content=\"es_ES\" \/>\n<meta property=\"og:type\" content=\"article\" \/>\n<meta property=\"og:title\" content=\"Refund and Returns Policy\" \/>\n<meta property=\"og:description\" content=\"Learn how HGH Peptides Lab ensures secure refunds and fair return terms. Covers cancellations, shipping damage, customs issues, and 100% money-back guarantee.\" \/>\n<meta property=\"og:url\" content=\"https:\/\/hghpeptideslab.com\/es\/refund-and-returns-policy\/\" \/>\n<meta property=\"og:site_name\" content=\"HGH Peptides Lab\" \/>\n<meta property=\"article:modified_time\" content=\"2025-08-25T23:52:41+00:00\" \/>\n<meta name=\"twitter:card\" content=\"summary_large_image\" \/>\n<meta name=\"twitter:label1\" content=\"Tiempo de lectura\" \/>\n\t<meta name=\"twitter:data1\" content=\"2 minutos\" \/>\n<script type=\"application\/ld+json\" class=\"yoast-schema-graph\">{\"@context\":\"https:\\\/\\\/schema.org\",\"@graph\":[{\"@type\":\"WebPage\",\"@id\":\"https:\\\/\\\/hghpeptideslab.com\\\/refund-and-returns-policy\\\/\",\"url\":\"https:\\\/\\\/hghpeptideslab.com\\\/refund-and-returns-policy\\\/\",\"name\":\"Refund & Returns Policy | Safe, Transparent & Guaranteed \u2013 HGH Peptides Lab\",\"isPartOf\":{\"@id\":\"https:\\\/\\\/hghpeptideslab.com\\\/#website\"},\"datePublished\":\"2025-08-08T14:23:57+00:00\",\"dateModified\":\"2025-08-25T23:52:41+00:00\",\"description\":\"Learn how HGH Peptides Lab ensures secure refunds and fair return terms. Covers cancellations, shipping damage, customs issues, and 100% money-back guarantee.\",\"breadcrumb\":{\"@id\":\"https:\\\/\\\/hghpeptideslab.com\\\/refund-and-returns-policy\\\/#breadcrumb\"},\"inLanguage\":\"es\",\"potentialAction\":[{\"@type\":\"ReadAction\",\"target\":[\"https:\\\/\\\/hghpeptideslab.com\\\/refund-and-returns-policy\\\/\"]}],\"copyrightNotice\":\"\u00a9 2010\u20132026 HGH Peptides Lab. All Rights Reserved.\"},{\"@type\":\"BreadcrumbList\",\"@id\":\"https:\\\/\\\/hghpeptideslab.com\\\/refund-and-returns-policy\\\/#breadcrumb\",\"itemListElement\":[{\"@type\":\"ListItem\",\"position\":1,\"name\":\"Home\",\"item\":\"https:\\\/\\\/hghpeptideslab.com\\\/\"},{\"@type\":\"ListItem\",\"position\":2,\"name\":\"Refund and Returns Policy\"}]},{\"@type\":\"WebSite\",\"@id\":\"https:\\\/\\\/hghpeptideslab.com\\\/#website\",\"url\":\"https:\\\/\\\/hghpeptideslab.com\\\/\",\"name\":\"HGH Peptides Lab\",\"description\":\"Premium Peptides &amp; HGH Shop\",\"publisher\":{\"@id\":\"https:\\\/\\\/hghpeptideslab.com\\\/#organization\"},\"potentialAction\":[{\"@type\":\"SearchAction\",\"target\":{\"@type\":\"EntryPoint\",\"urlTemplate\":\"https:\\\/\\\/hghpeptideslab.com\\\/?s={search_term_string}\"},\"query-input\":{\"@type\":\"PropertyValueSpecification\",\"valueRequired\":true,\"valueName\":\"search_term_string\"}}],\"inLanguage\":\"es\"},{\"@type\":\"Organization\",\"@id\":\"https:\\\/\\\/hghpeptideslab.com\\\/#organization\",\"name\":\"HGH Peptides Lab\",\"url\":\"https:\\\/\\\/hghpeptideslab.com\\\/es\\\/\",\"logo\":{\"@type\":\"ImageObject\",\"url\":\"https:\\\/\\\/hghpeptideslab.com\\\/wp-content\\\/uploads\\\/2025\\\/07\\\/HGHPEPTIDESLAB-Logo.png\"},\"image\":{\"@id\":\"https:\\\/\\\/hghpeptideslab.com\\\/#\\\/schema\\\/logo\\\/image\\\/\"},\"foundingDate\":\"2010\",\"contactPoint\":[{\"@type\":\"ContactPoint\",\"contactType\":\"customer support\",\"telephone\":\"+85247559641\",\"email\":\"CYGGL2025@gmail.com\",\"availableLanguage\":[\"en\"]}]}]}<\/script>\n<!-- \/ Yoast SEO Premium plugin. -->","yoast_head_json":{"title":"Pol\u00edtica de devoluciones y reembolsos | Seguro, transparente y garantizado - HGH Peptides Lab","description":"Descubra c\u00f3mo HGH Peptides Lab garantiza reembolsos seguros y condiciones de devoluci\u00f3n justas. Cubre cancelaciones, da\u00f1os en el env\u00edo, problemas aduaneros y garant\u00eda de devoluci\u00f3n del dinero 100%.","robots":{"index":"index","follow":"follow","max-snippet":"max-snippet:-1","max-image-preview":"max-image-preview:large","max-video-preview":"max-video-preview:-1"},"canonical":"https:\/\/hghpeptideslab.com\/es\/refund-and-returns-policy\/","og_locale":"es_ES","og_type":"article","og_title":"Refund and Returns Policy","og_description":"Learn how HGH Peptides Lab ensures secure refunds and fair return terms. Covers cancellations, shipping damage, customs issues, and 100% money-back guarantee.","og_url":"https:\/\/hghpeptideslab.com\/es\/refund-and-returns-policy\/","og_site_name":"HGH Peptides Lab","article_modified_time":"2025-08-25T23:52:41+00:00","twitter_card":"summary_large_image","twitter_misc":{"Tiempo de lectura":"2 minutos"},"schema":{"@context":"https:\/\/schema.org","@graph":[{"@type":"WebPage","@id":"https:\/\/hghpeptideslab.com\/refund-and-returns-policy\/","url":"https:\/\/hghpeptideslab.com\/refund-and-returns-policy\/","name":"Pol\u00edtica de devoluciones y reembolsos | Seguro, transparente y garantizado - HGH Peptides Lab","isPartOf":{"@id":"https:\/\/hghpeptideslab.com\/#website"},"datePublished":"2025-08-08T14:23:57+00:00","dateModified":"2025-08-25T23:52:41+00:00","description":"Descubra c\u00f3mo HGH Peptides Lab garantiza reembolsos seguros y condiciones de devoluci\u00f3n justas. Cubre cancelaciones, da\u00f1os en el env\u00edo, problemas aduaneros y garant\u00eda de devoluci\u00f3n del dinero 100%.","breadcrumb":{"@id":"https:\/\/hghpeptideslab.com\/refund-and-returns-policy\/#breadcrumb"},"inLanguage":"es","potentialAction":[{"@type":"ReadAction","target":["https:\/\/hghpeptideslab.com\/refund-and-returns-policy\/"]}],"copyrightNotice":"\u00a9 2010\u20132026 HGH Peptides Lab. All Rights Reserved."},{"@type":"BreadcrumbList","@id":"https:\/\/hghpeptideslab.com\/refund-and-returns-policy\/#breadcrumb","itemListElement":[{"@type":"ListItem","position":1,"name":"Home","item":"https:\/\/hghpeptideslab.com\/"},{"@type":"ListItem","position":2,"name":"Refund and Returns Policy"}]},{"@type":"WebSite","@id":"https:\/\/hghpeptideslab.com\/#website","url":"https:\/\/hghpeptideslab.com\/","name":"Laboratorio de p\u00e9ptidos HGH","description":"Tienda Premium de P\u00e9ptidos y HGH","publisher":{"@id":"https:\/\/hghpeptideslab.com\/#organization"},"potentialAction":[{"@type":"SearchAction","target":{"@type":"EntryPoint","urlTemplate":"https:\/\/hghpeptideslab.com\/?s={search_term_string}"},"query-input":{"@type":"PropertyValueSpecification","valueRequired":true,"valueName":"search_term_string"}}],"inLanguage":"es"},{"@type":"Organization","@id":"https:\/\/hghpeptideslab.com\/#organization","name":"Laboratorio de p\u00e9ptidos HGH","url":"https:\/\/hghpeptideslab.com\/es\/","logo":{"@type":"ImageObject","url":"https:\/\/hghpeptideslab.com\/wp-content\/uploads\/2025\/07\/HGHPEPTIDESLAB-Logo.png"},"image":{"@id":"https:\/\/hghpeptideslab.com\/#\/schema\/logo\/image\/"},"foundingDate":"2010","contactPoint":[{"@type":"ContactPoint","contactType":"customer support","telephone":"+85247559641","email":"CYGGL2025@gmail.com","availableLanguage":["en"]}]}]}},"_links":{"self":[{"href":"https:\/\/hghpeptideslab.com\/es\/wp-json\/wp\/v2\/pages\/6309","targetHints":{"allow":["GET"]}}],"collection":[{"href":"https:\/\/hghpeptideslab.com\/es\/wp-json\/wp\/v2\/pages"}],"about":[{"href":"https:\/\/hghpeptideslab.com\/es\/wp-json\/wp\/v2\/types\/page"}],"author":[{"embeddable":true,"href":"https:\/\/hghpeptideslab.com\/es\/wp-json\/wp\/v2\/users\/1"}],"replies":[{"embeddable":true,"href":"https:\/\/hghpeptideslab.com\/es\/wp-json\/wp\/v2\/comments?post=6309"}],"version-history":[{"count":10,"href":"https:\/\/hghpeptideslab.com\/es\/wp-json\/wp\/v2\/pages\/6309\/revisions"}],"predecessor-version":[{"id":8743,"href":"https:\/\/hghpeptideslab.com\/es\/wp-json\/wp\/v2\/pages\/6309\/revisions\/8743"}],"wp:attachment":[{"href":"https:\/\/hghpeptideslab.com\/es\/wp-json\/wp\/v2\/media?parent=6309"}],"curies":[{"name":"wp","href":"https:\/\/api.w.org\/{rel}","templated":true}]}}