{"id":10205,"date":"2025-11-08T03:43:31","date_gmt":"2025-11-08T03:43:31","guid":{"rendered":"https:\/\/hghpeptideslab.com\/?post_type=product&#038;p=10205"},"modified":"2025-11-08T03:44:37","modified_gmt":"2025-11-08T03:44:37","slug":"slu-pp-332","status":"publish","type":"product","link":"https:\/\/hghpeptideslab.com\/es\/product\/slu-pp-332\/","title":{"rendered":"SLU-PP-332 Peptide"},"content":{"rendered":"<h3>Visi\u00f3n general<\/h3>\n<p><strong>SLU-PP-332<\/strong> Es un p\u00e9ptido de \u00faltima generaci\u00f3n que se menciona con frecuencia en investigaciones sobre metabolismo, mim\u00e9ticos del ejercicio y rendimiento. Normalmente se suministra como lyophilized powder por vial de color blanco y se reconstituye con un diluyente est\u00e9ril adecuado antes de su uso en entornos de laboratorio.<\/p>\n<p>Nuestro SLU-PP-332 es <strong>Fabricado seg\u00fan las GMP<\/strong> (materia prima de calidad farmac\u00e9utica) con <strong>99%+ pureza<\/strong>. La documentaci\u00f3n por lotes (HPLC\/COA) est\u00e1 disponible bajo petici\u00f3n para clientes de investigaci\u00f3n cualificados.<\/p>\n<h3>Caracter\u00edsticas principales<\/h3>\n<ul>\n<li>Intensidades disponibles: <strong>5 mg<\/strong> &amp; <strong>10 mg<\/strong> por vial<\/li>\n<li>Tama\u00f1o est\u00e1ndar del kit: <strong>10 vials\/kit<\/strong> para la planificaci\u00f3n de la cartera<\/li>\n<li>Forma: p\u00e9ptido lyophilized en polvo blanco para protocolos de investigaci\u00f3n flexibles.<\/li>\n<li>GMP: fabricado con <strong>99%+ pureza<\/strong> (HPLC bajo pedido)<\/li>\n<li>Directamente de f\u00e1brica desde un laboratorio con sede en China con especificaciones de lote consistentes.<\/li>\n<li>N\u00famero de seguimiento proporcionado dentro de <strong>3 d\u00edas h\u00e1biles<\/strong> despu\u00e9s del env\u00edo<\/li>\n<\/ul>\n<h3>Enfoques t\u00edpicos de la investigaci\u00f3n<\/h3>\n<ul>\n<li><strong>Marcos mim\u00e9ticos del ejercicio<\/strong> \u2014 Modelos que exploran se\u00f1ales similares a las del entrenamiento sin carga mec\u00e1nica directa.<\/li>\n<li><strong>Metabolismo y equilibrio energ\u00e9tico<\/strong> \u2014 dise\u00f1os que analizan la utilizaci\u00f3n de grasas, el gasto energ\u00e9tico y los marcadores relacionados.<\/li>\n<li><strong>Carteras de composici\u00f3n corporal<\/strong> \u2014 Estudios que comparan los criterios de valoraci\u00f3n de la masa magra frente a la masa grasa en entornos controlados.<\/li>\n<li><strong>Contexto de rendimiento y recuperaci\u00f3n<\/strong> \u2014 Trabajo de tipo cartera junto con otras herramientas relacionadas con el metabolismo o los p\u00e9ptidos.<\/li>\n<\/ul>\n<h3>Almacenamiento y estabilidad<\/h3>\n<ul>\n<li>Almacenar vials sellado a <strong>2-8 \u00b0C<\/strong>protegido de la luz y la humedad.<\/li>\n<li>Evite los ciclos repetidos de congelaci\u00f3n-descongelaci\u00f3n; planifique peque\u00f1as al\u00edcuotas si se requiere un acceso frecuente.<\/li>\n<li>Despu\u00e9s de la reconstituci\u00f3n, util\u00edcelo r\u00e1pidamente de acuerdo con los procedimientos operativos est\u00e1ndar internos de su laboratorio.<\/li>\n<\/ul>\n<h3>Notas<\/h3>\n<ul>\n<li>Fabricado en <strong>Conforme a las GMP<\/strong> instalaciones con pureza 99%+.<\/li>\n<li>La documentaci\u00f3n sobre HPLC\/COA est\u00e1 disponible bajo petici\u00f3n para usuarios cualificados dedicados a la investigaci\u00f3n.<\/li>\n<li><strong>S\u00f3lo para investigaci\u00f3n de laboratorio. Los productos no est\u00e1n etiquetados para uso m\u00e9dico.<\/strong><\/li>\n<\/ul>","protected":false},"excerpt":{"rendered":"<p><strong>Nombre:<\/strong> P\u00e9ptido 99% Purity SLU-PP-332<br \/>\n<strong>Funci\u00f3n:<\/strong> Ejercicio mim\u00e9tico; investigaci\u00f3n sobre metabolismo y rendimiento<br \/>\n<strong>Especificaci\u00f3n:<\/strong> 5 mg y 10 mg por vial; 10 vials\/kit<br \/>\n<strong>CAS:<\/strong> 303760-60-3<br \/>\n<strong>Apariencia:<\/strong> Polvo blanco lyophilized<\/p>","protected":false},"featured_media":10191,"comment_status":"open","ping_status":"closed","template":"","meta":[],"product_cat":[40,46,60],"product_tag":[162,379,374,399],"class_list":{"0":"post-10205","1":"product","2":"type-product","3":"status-publish","4":"has-post-thumbnail","6":"product_brand-dp-hghpeptides","7":"product_brand-hgh-peptides-lab","8":"product_cat-peptides-for-muscle-growth","9":"product_cat-peptides-for-weight-loss","10":"product_cat-specialty-peptides","11":"product_tag-anti-aging-longevity-peptides","12":"product_tag-fat-loss-metabolism","13":"product_tag-muscle-growth-performance","14":"product_tag-slu-pp-332","16":"first","17":"instock","18":"shipping-taxable","19":"purchasable","20":"product-type-variable","21":"has-default-attributes"},"yoast_head":"<!-- This site is optimized with the Yoast SEO Premium plugin v27.6 (Yoast SEO v27.6) - https:\/\/yoast.com\/product\/yoast-seo-premium-wordpress\/ -->\n<title>SLU-PP-332 Peptide | 99% Purity \u2013 HGH Peptides Lab<\/title>\n<meta name=\"description\" content=\"SLU-PP-332 peptide vials from a China-based lab: 99% purity, pharmaceutical-grade quality and factory-direct pricing for metabolism and exercise-mimetic research portfolios. Tracking in 3 business days.\" \/>\n<meta name=\"robots\" content=\"index, follow, max-snippet:-1, max-image-preview:large, max-video-preview:-1\" \/>\n<link rel=\"canonical\" href=\"https:\/\/hghpeptideslab.com\/es\/product\/slu-pp-332\/\" \/>\n<meta property=\"og:locale\" content=\"es_ES\" \/>\n<meta property=\"og:type\" content=\"article\" \/>\n<meta property=\"og:title\" content=\"SLU-PP-332 Peptide\" \/>\n<meta property=\"og:description\" content=\"SLU-PP-332 peptide vials from a China-based lab: 99% purity, pharmaceutical-grade quality and factory-direct pricing for metabolism and exercise-mimetic research portfolios. Tracking in 3 business days.\" \/>\n<meta property=\"og:url\" content=\"https:\/\/hghpeptideslab.com\/es\/product\/slu-pp-332\/\" \/>\n<meta property=\"og:site_name\" content=\"HGH Peptides Lab\" \/>\n<meta property=\"article:modified_time\" content=\"2025-11-08T03:44:37+00:00\" \/>\n<meta property=\"og:image\" content=\"https:\/\/hghpeptideslab.com\/wp-content\/uploads\/2025\/11\/slu-pp-332-5mg-peptide.jpg\" \/>\n\t<meta property=\"og:image:width\" content=\"800\" \/>\n\t<meta property=\"og:image:height\" content=\"800\" \/>\n\t<meta property=\"og:image:type\" content=\"image\/jpeg\" \/>\n<meta name=\"twitter:card\" content=\"summary_large_image\" \/>\n<meta name=\"twitter:label1\" content=\"Tiempo de lectura\" \/>\n\t<meta name=\"twitter:data1\" content=\"2 minutos\" \/>\n<script type=\"application\/ld+json\" class=\"yoast-schema-graph\">{\"@context\":\"https:\\\/\\\/schema.org\",\"@graph\":[{\"@type\":\"WebPage\",\"@id\":\"https:\\\/\\\/hghpeptideslab.com\\\/product\\\/slu-pp-332\\\/\",\"url\":\"https:\\\/\\\/hghpeptideslab.com\\\/product\\\/slu-pp-332\\\/\",\"name\":\"SLU-PP-332 Peptide | 99% Purity \u2013 HGH Peptides Lab\",\"isPartOf\":{\"@id\":\"https:\\\/\\\/hghpeptideslab.com\\\/#website\"},\"primaryImageOfPage\":{\"@id\":\"https:\\\/\\\/hghpeptideslab.com\\\/product\\\/slu-pp-332\\\/#primaryimage\"},\"image\":{\"@id\":\"https:\\\/\\\/hghpeptideslab.com\\\/product\\\/slu-pp-332\\\/#primaryimage\"},\"thumbnailUrl\":\"https:\\\/\\\/hghpeptideslab.com\\\/wp-content\\\/uploads\\\/2025\\\/11\\\/slu-pp-332-5mg-peptide.jpg\",\"datePublished\":\"2025-11-08T03:43:31+00:00\",\"dateModified\":\"2025-11-08T03:44:37+00:00\",\"description\":\"SLU-PP-332 peptide vials from a China-based lab: 99% purity, pharmaceutical-grade quality and factory-direct pricing for metabolism and exercise-mimetic research portfolios. Tracking in 3 business days.\",\"breadcrumb\":{\"@id\":\"https:\\\/\\\/hghpeptideslab.com\\\/product\\\/slu-pp-332\\\/#breadcrumb\"},\"inLanguage\":\"es\",\"potentialAction\":[{\"@type\":\"ReadAction\",\"target\":[\"https:\\\/\\\/hghpeptideslab.com\\\/product\\\/slu-pp-332\\\/\"]}],\"copyrightNotice\":\"\u00a9 2010\u20132026 HGH Peptides Lab. All Rights Reserved.\"},{\"@type\":\"ImageObject\",\"inLanguage\":\"es\",\"@id\":\"https:\\\/\\\/hghpeptideslab.com\\\/product\\\/slu-pp-332\\\/#primaryimage\",\"url\":\"https:\\\/\\\/hghpeptideslab.com\\\/wp-content\\\/uploads\\\/2025\\\/11\\\/slu-pp-332-5mg-peptide.jpg\",\"contentUrl\":\"https:\\\/\\\/hghpeptideslab.com\\\/wp-content\\\/uploads\\\/2025\\\/11\\\/slu-pp-332-5mg-peptide.jpg\",\"width\":800,\"height\":800,\"caption\":\"SLU-PP-332 5 mg per vial \u2014 factory-direct peptide vials, 99% purity \u00b7 engineered in China \u00b7 pharmaceutical-grade.\"},{\"@type\":\"BreadcrumbList\",\"@id\":\"https:\\\/\\\/hghpeptideslab.com\\\/product\\\/slu-pp-332\\\/#breadcrumb\",\"itemListElement\":[{\"@type\":\"ListItem\",\"position\":1,\"name\":\"Home\",\"item\":\"https:\\\/\\\/hghpeptideslab.com\\\/\"},{\"@type\":\"ListItem\",\"position\":2,\"name\":\"Shop\",\"item\":\"https:\\\/\\\/hghpeptideslab.com\\\/shop\\\/\"},{\"@type\":\"ListItem\",\"position\":3,\"name\":\"SLU-PP-332 Peptide\"}]},{\"@type\":\"WebSite\",\"@id\":\"https:\\\/\\\/hghpeptideslab.com\\\/#website\",\"url\":\"https:\\\/\\\/hghpeptideslab.com\\\/\",\"name\":\"HGH Peptides Lab\",\"description\":\"Premium Peptides &amp; HGH Shop\",\"publisher\":{\"@id\":\"https:\\\/\\\/hghpeptideslab.com\\\/#organization\"},\"potentialAction\":[{\"@type\":\"SearchAction\",\"target\":{\"@type\":\"EntryPoint\",\"urlTemplate\":\"https:\\\/\\\/hghpeptideslab.com\\\/?s={search_term_string}\"},\"query-input\":{\"@type\":\"PropertyValueSpecification\",\"valueRequired\":true,\"valueName\":\"search_term_string\"}}],\"inLanguage\":\"es\"},{\"@type\":\"Organization\",\"@id\":\"https:\\\/\\\/hghpeptideslab.com\\\/#organization\",\"name\":\"HGH Peptides Lab\",\"url\":\"https:\\\/\\\/hghpeptideslab.com\\\/es\\\/\",\"logo\":{\"@type\":\"ImageObject\",\"url\":\"https:\\\/\\\/hghpeptideslab.com\\\/wp-content\\\/uploads\\\/2025\\\/07\\\/HGHPEPTIDESLAB-Logo.png\"},\"image\":{\"@id\":\"https:\\\/\\\/hghpeptideslab.com\\\/#\\\/schema\\\/logo\\\/image\\\/\"},\"foundingDate\":\"2010\",\"contactPoint\":[{\"@type\":\"ContactPoint\",\"contactType\":\"customer support\",\"telephone\":\"+85247559641\",\"email\":\"CYGGL2025@gmail.com\",\"availableLanguage\":[\"en\"]}]}]}<\/script>\n<!-- \/ Yoast SEO Premium plugin. -->","yoast_head_json":{"title":"SLU-PP-332 Peptide | 99% Purity \u2013 HGH Peptides Lab","description":"P\u00e9ptido SLU-PP-332 vials de un laboratorio con sede en China: 99% purity, calidad farmac\u00e9utica y precios directos de f\u00e1brica para carteras de investigaci\u00f3n sobre metabolismo y mim\u00e9ticos del ejercicio. Seguimiento en 3 d\u00edas h\u00e1biles.","robots":{"index":"index","follow":"follow","max-snippet":"max-snippet:-1","max-image-preview":"max-image-preview:large","max-video-preview":"max-video-preview:-1"},"canonical":"https:\/\/hghpeptideslab.com\/es\/product\/slu-pp-332\/","og_locale":"es_ES","og_type":"article","og_title":"SLU-PP-332 Peptide","og_description":"SLU-PP-332 peptide vials from a China-based lab: 99% purity, pharmaceutical-grade quality and factory-direct pricing for metabolism and exercise-mimetic research portfolios. Tracking in 3 business days.","og_url":"https:\/\/hghpeptideslab.com\/es\/product\/slu-pp-332\/","og_site_name":"HGH Peptides Lab","article_modified_time":"2025-11-08T03:44:37+00:00","og_image":[{"width":800,"height":800,"url":"https:\/\/hghpeptideslab.com\/wp-content\/uploads\/2025\/11\/slu-pp-332-5mg-peptide.jpg","type":"image\/jpeg"}],"twitter_card":"summary_large_image","twitter_misc":{"Tiempo de lectura":"2 minutos"},"schema":{"@context":"https:\/\/schema.org","@graph":[{"@type":"WebPage","@id":"https:\/\/hghpeptideslab.com\/product\/slu-pp-332\/","url":"https:\/\/hghpeptideslab.com\/product\/slu-pp-332\/","name":"SLU-PP-332 Peptide | 99% Purity \u2013 HGH Peptides Lab","isPartOf":{"@id":"https:\/\/hghpeptideslab.com\/#website"},"primaryImageOfPage":{"@id":"https:\/\/hghpeptideslab.com\/product\/slu-pp-332\/#primaryimage"},"image":{"@id":"https:\/\/hghpeptideslab.com\/product\/slu-pp-332\/#primaryimage"},"thumbnailUrl":"https:\/\/hghpeptideslab.com\/wp-content\/uploads\/2025\/11\/slu-pp-332-5mg-peptide.jpg","datePublished":"2025-11-08T03:43:31+00:00","dateModified":"2025-11-08T03:44:37+00:00","description":"P\u00e9ptido SLU-PP-332 vials de un laboratorio con sede en China: 99% purity, calidad farmac\u00e9utica y precios directos de f\u00e1brica para carteras de investigaci\u00f3n sobre metabolismo y mim\u00e9ticos del ejercicio. Seguimiento en 3 d\u00edas h\u00e1biles.","breadcrumb":{"@id":"https:\/\/hghpeptideslab.com\/product\/slu-pp-332\/#breadcrumb"},"inLanguage":"es","potentialAction":[{"@type":"ReadAction","target":["https:\/\/hghpeptideslab.com\/product\/slu-pp-332\/"]}],"copyrightNotice":"\u00a9 2010\u20132026 HGH Peptides Lab. All Rights Reserved."},{"@type":"ImageObject","inLanguage":"es","@id":"https:\/\/hghpeptideslab.com\/product\/slu-pp-332\/#primaryimage","url":"https:\/\/hghpeptideslab.com\/wp-content\/uploads\/2025\/11\/slu-pp-332-5mg-peptide.jpg","contentUrl":"https:\/\/hghpeptideslab.com\/wp-content\/uploads\/2025\/11\/slu-pp-332-5mg-peptide.jpg","width":800,"height":800,"caption":"SLU-PP-332 5 mg per vial \u2014 factory-direct peptide vials, 99% purity \u00b7 engineered in China \u00b7 pharmaceutical-grade."},{"@type":"BreadcrumbList","@id":"https:\/\/hghpeptideslab.com\/product\/slu-pp-332\/#breadcrumb","itemListElement":[{"@type":"ListItem","position":1,"name":"Home","item":"https:\/\/hghpeptideslab.com\/"},{"@type":"ListItem","position":2,"name":"Shop","item":"https:\/\/hghpeptideslab.com\/shop\/"},{"@type":"ListItem","position":3,"name":"SLU-PP-332 Peptide"}]},{"@type":"WebSite","@id":"https:\/\/hghpeptideslab.com\/#website","url":"https:\/\/hghpeptideslab.com\/","name":"Laboratorio de p\u00e9ptidos HGH","description":"Tienda Premium de P\u00e9ptidos y HGH","publisher":{"@id":"https:\/\/hghpeptideslab.com\/#organization"},"potentialAction":[{"@type":"SearchAction","target":{"@type":"EntryPoint","urlTemplate":"https:\/\/hghpeptideslab.com\/?s={search_term_string}"},"query-input":{"@type":"PropertyValueSpecification","valueRequired":true,"valueName":"search_term_string"}}],"inLanguage":"es"},{"@type":"Organization","@id":"https:\/\/hghpeptideslab.com\/#organization","name":"Laboratorio de p\u00e9ptidos HGH","url":"https:\/\/hghpeptideslab.com\/es\/","logo":{"@type":"ImageObject","url":"https:\/\/hghpeptideslab.com\/wp-content\/uploads\/2025\/07\/HGHPEPTIDESLAB-Logo.png"},"image":{"@id":"https:\/\/hghpeptideslab.com\/#\/schema\/logo\/image\/"},"foundingDate":"2010","contactPoint":[{"@type":"ContactPoint","contactType":"customer support","telephone":"+85247559641","email":"CYGGL2025@gmail.com","availableLanguage":["en"]}]}]}},"_links":{"self":[{"href":"https:\/\/hghpeptideslab.com\/es\/wp-json\/wp\/v2\/product\/10205","targetHints":{"allow":["GET"]}}],"collection":[{"href":"https:\/\/hghpeptideslab.com\/es\/wp-json\/wp\/v2\/product"}],"about":[{"href":"https:\/\/hghpeptideslab.com\/es\/wp-json\/wp\/v2\/types\/product"}],"replies":[{"embeddable":true,"href":"https:\/\/hghpeptideslab.com\/es\/wp-json\/wp\/v2\/comments?post=10205"}],"wp:featuredmedia":[{"embeddable":true,"href":"https:\/\/hghpeptideslab.com\/es\/wp-json\/wp\/v2\/media\/10191"}],"wp:attachment":[{"href":"https:\/\/hghpeptideslab.com\/es\/wp-json\/wp\/v2\/media?parent=10205"}],"wp:term":[{"taxonomy":"product_cat","embeddable":true,"href":"https:\/\/hghpeptideslab.com\/es\/wp-json\/wp\/v2\/product_cat?post=10205"},{"taxonomy":"product_tag","embeddable":true,"href":"https:\/\/hghpeptideslab.com\/es\/wp-json\/wp\/v2\/product_tag?post=10205"}],"curies":[{"name":"wp","href":"https:\/\/api.w.org\/{rel}","templated":true}]}}