{"id":10221,"date":"2025-11-15T10:46:01","date_gmt":"2025-11-15T10:46:01","guid":{"rendered":"https:\/\/hghpeptideslab.com\/?post_type=product&#038;p=10221"},"modified":"2025-11-15T10:46:02","modified_gmt":"2025-11-15T10:46:02","slug":"blend-tb-500-5mg-bpc-157-5mg-ghk-cu-50mg","status":"publish","type":"product","link":"https:\/\/hghpeptideslab.com\/es\/product\/blend-tb-500-5mg-bpc-157-5mg-ghk-cu-50mg\/","title":{"rendered":"Glow (Blend TB-500 5 mg + BPC-157 5 mg + GHK-Cu 50 mg) Peptide"},"content":{"rendered":"<h3>Visi\u00f3n general<\/h3>\n<p><strong>Resplandor<\/strong> es una mezcla de p\u00e9ptidos que combina <strong>TB-500 5 mg<\/strong> + <strong>BPC-157 5 mg<\/strong> + <strong>GHK-Cu 50 mg<\/strong> por vial. Se debate con frecuencia en los \u00e1mbitos de la investigaci\u00f3n sobre curaci\u00f3n y recuperaci\u00f3n, tejido conectivo y cosm\u00e9tica\/piel. Se suministra como lyophilized powder blanco por vial, para reconstituir con un diluyente est\u00e9ril adecuado para entornos de laboratorio.<\/p>\n<p>Nuestro material es <strong>Fabricado seg\u00fan las GMP<\/strong> (materia prima de calidad farmac\u00e9utica) con <strong>99%+ pureza<\/strong>. La documentaci\u00f3n por lotes (HPLC\/COA) est\u00e1 disponible bajo petici\u00f3n.<\/p>\n<h3>Caracter\u00edsticas principales<\/h3>\n<ul>\n<li>Composici\u00f3n Per-vial: <strong>TB-500 5 mg + BPC-157 5 mg + GHK-Cu 50 mg<\/strong><\/li>\n<li>Tama\u00f1o Kit: <strong>10 vials\/kit<\/strong><\/li>\n<li>Pharmaceutical-grade quality con <strong>99%+ pureza<\/strong> (HPLC\/COA bajo pedido)<\/li>\n<li>Embalaje seguro con insertos protectores; seguimiento incluido. <strong>tres (3) d\u00edas laborables<\/strong><\/li>\n<\/ul>\n<h3>Enfoques t\u00edpicos de la investigaci\u00f3n<\/h3>\n<ul>\n<li><strong>Marcos de sanaci\u00f3n y recuperaci\u00f3n<\/strong> \u2014 Modelos de tendones\/ligamentos y tejidos blandos.<\/li>\n<li><strong>Apoyo del tejido conectivo<\/strong> \u2014 Puntos finales de la cartera en torno a la remodelaci\u00f3n.<\/li>\n<li><strong>Sinergia entre la piel y los cosm\u00e9ticos<\/strong> \u2014 GHK-Cu adyacencia para dise\u00f1os de investigaci\u00f3n cosm\u00e9tica<\/li>\n<\/ul>\n<h3>Tambi\u00e9n disponible<\/h3>\n<p>Tambi\u00e9n ofrecemos una mezcla de mayor resistencia: <a href=\"https:\/\/hghpeptideslab.com\/es\/product\/blend-tb-500-10mg-bpc-157-10mg-ghk-cu-50mg\/\">Blend TB-500 10 mg + BPC-157 10 mg + GHK-Cu 50 mg<\/a>.<\/p>\n<h3>Almacenamiento y estabilidad<\/h3>\n<ul>\n<li>Almacenar sellado a <strong>2-8 \u00b0C<\/strong>, protegido de la luz y la humedad<\/li>\n<li>Evite la congelaci\u00f3n-descongelaci\u00f3n repetida; planifique peque\u00f1as al\u00edcuotas despu\u00e9s de la reconstituci\u00f3n.<\/li>\n<\/ul>\n<h3>Notas<\/h3>\n<ul>\n<li>Fabricado en <strong>Conforme a las GMP<\/strong> instalaciones<\/li>\n<li>HPLC\/COA disponible bajo pedido<\/li>\n<li><strong>S\u00f3lo para investigaci\u00f3n de laboratorio. Los productos no est\u00e1n etiquetados para uso m\u00e9dico.<\/strong><\/li>\n<\/ul>","protected":false},"excerpt":{"rendered":"<p><strong>Nombre:<\/strong> P\u00e9ptido 99% Purity Glow (TB-500 5 mg + BPC-157 5 mg + GHK-Cu 50 mg)<br \/>\n<strong>Funci\u00f3n:<\/strong> Curaci\u00f3n y recuperaci\u00f3n; apoyo al tejido conectivo; sinergia entre la piel y la cosm\u00e9tica.<br \/>\n<strong>Especificaci\u00f3n:<\/strong> TB-500 5 mg + BPC-157 5 mg + GHK-Cu 50 mg por vial; 10 vials\/kit<br \/>\n<strong>CAS:<\/strong> N\/A (mezcla de p\u00e9ptidos)<br \/>\n<strong>Apariencia:<\/strong> Polvo blanco lyophilized<\/p>","protected":false},"featured_media":10214,"comment_status":"open","ping_status":"closed","template":"","meta":[],"product_cat":[56,51],"product_tag":[297,120,139,316,158,317,121],"class_list":{"0":"post-10221","1":"product","2":"type-product","3":"status-publish","4":"has-post-thumbnail","6":"product_brand-dp-hghpeptides","7":"product_brand-hgh-peptides-lab","8":"product_cat-cosmetic-peptides","9":"product_cat-peptides-for-healing","10":"product_tag-blend-bpc-157-10mg-tb-500-10mg","11":"product_tag-bpc-157","12":"product_tag-ghk-cu","13":"product_tag-muscle-recovery-peptides","14":"product_tag-recovery-tissue-repair-peptides","15":"product_tag-skin-cosmetic-peptides","16":"product_tag-tb-500","18":"first","19":"instock","20":"shipping-taxable","21":"purchasable","22":"product-type-simple"},"yoast_head":"<!-- This site is optimized with the Yoast SEO Premium plugin v27.3 (Yoast SEO v27.3) - https:\/\/yoast.com\/product\/yoast-seo-premium-wordpress\/ -->\n<title>Glow Peptide (TB-500 5 mg + BPC-157 5 mg + GHK-Cu 50 mg) | 99% Purity \u2013 HGH Peptides Lab<\/title>\n<meta name=\"description\" content=\"Glow peptide blend (TB-500 5 mg + BPC-157 5 mg + GHK-Cu 50 mg per vial). Healing &amp; cosmetic research uses, kit details, factory-direct pricing. Tracking within ~3 business days.\" \/>\n<meta name=\"robots\" content=\"index, follow, max-snippet:-1, max-image-preview:large, max-video-preview:-1\" \/>\n<link rel=\"canonical\" href=\"https:\/\/hghpeptideslab.com\/es\/product\/blend-tb-500-5mg-bpc-157-5mg-ghk-cu-50mg\/\" \/>\n<meta property=\"og:locale\" content=\"es_ES\" \/>\n<meta property=\"og:type\" content=\"article\" \/>\n<meta property=\"og:title\" content=\"Glow (Blend TB-500 5 mg + BPC-157 5 mg + GHK-Cu 50 mg) Peptide\" \/>\n<meta property=\"og:description\" content=\"Glow peptide blend (TB-500 5 mg + BPC-157 5 mg + GHK-Cu 50 mg per vial). Healing &amp; cosmetic research uses, kit details, factory-direct pricing. Tracking within ~3 business days.\" \/>\n<meta property=\"og:url\" content=\"https:\/\/hghpeptideslab.com\/es\/product\/blend-tb-500-5mg-bpc-157-5mg-ghk-cu-50mg\/\" \/>\n<meta property=\"og:site_name\" content=\"HGH Peptides Lab\" \/>\n<meta property=\"article:modified_time\" content=\"2025-11-15T10:46:02+00:00\" \/>\n<meta property=\"og:image\" content=\"https:\/\/hghpeptideslab.com\/wp-content\/uploads\/2025\/11\/glow-peptide-blend-tb500-5mg-bpc157-5mg-ghkcu-50mg-main.jpg\" \/>\n\t<meta property=\"og:image:width\" content=\"800\" \/>\n\t<meta property=\"og:image:height\" content=\"800\" \/>\n\t<meta property=\"og:image:type\" content=\"image\/jpeg\" \/>\n<meta name=\"twitter:card\" content=\"summary_large_image\" \/>\n<meta name=\"twitter:label1\" content=\"Tiempo de lectura\" \/>\n\t<meta name=\"twitter:data1\" content=\"2 minutos\" \/>\n<script type=\"application\/ld+json\" class=\"yoast-schema-graph\">{\"@context\":\"https:\\\/\\\/schema.org\",\"@graph\":[{\"@type\":\"WebPage\",\"@id\":\"https:\\\/\\\/hghpeptideslab.com\\\/product\\\/blend-tb-500-5mg-bpc-157-5mg-ghk-cu-50mg\\\/\",\"url\":\"https:\\\/\\\/hghpeptideslab.com\\\/product\\\/blend-tb-500-5mg-bpc-157-5mg-ghk-cu-50mg\\\/\",\"name\":\"Glow Peptide (TB-500 5 mg + BPC-157 5 mg + GHK-Cu 50 mg) | 99% Purity \u2013 HGH Peptides Lab\",\"isPartOf\":{\"@id\":\"https:\\\/\\\/hghpeptideslab.com\\\/#website\"},\"primaryImageOfPage\":{\"@id\":\"https:\\\/\\\/hghpeptideslab.com\\\/product\\\/blend-tb-500-5mg-bpc-157-5mg-ghk-cu-50mg\\\/#primaryimage\"},\"image\":{\"@id\":\"https:\\\/\\\/hghpeptideslab.com\\\/product\\\/blend-tb-500-5mg-bpc-157-5mg-ghk-cu-50mg\\\/#primaryimage\"},\"thumbnailUrl\":\"https:\\\/\\\/hghpeptideslab.com\\\/wp-content\\\/uploads\\\/2025\\\/11\\\/glow-peptide-blend-tb500-5mg-bpc157-5mg-ghkcu-50mg-main.jpg\",\"datePublished\":\"2025-11-15T10:46:01+00:00\",\"dateModified\":\"2025-11-15T10:46:02+00:00\",\"description\":\"Glow peptide blend (TB-500 5 mg + BPC-157 5 mg + GHK-Cu 50 mg per vial). Healing & cosmetic research uses, kit details, factory-direct pricing. Tracking within ~3 business days.\",\"breadcrumb\":{\"@id\":\"https:\\\/\\\/hghpeptideslab.com\\\/product\\\/blend-tb-500-5mg-bpc-157-5mg-ghk-cu-50mg\\\/#breadcrumb\"},\"inLanguage\":\"es\",\"potentialAction\":[{\"@type\":\"ReadAction\",\"target\":[\"https:\\\/\\\/hghpeptideslab.com\\\/product\\\/blend-tb-500-5mg-bpc-157-5mg-ghk-cu-50mg\\\/\"]}],\"copyrightNotice\":\"\u00a9 2010\u20132026 HGH Peptides Lab. All Rights Reserved.\"},{\"@type\":\"ImageObject\",\"inLanguage\":\"es\",\"@id\":\"https:\\\/\\\/hghpeptideslab.com\\\/product\\\/blend-tb-500-5mg-bpc-157-5mg-ghk-cu-50mg\\\/#primaryimage\",\"url\":\"https:\\\/\\\/hghpeptideslab.com\\\/wp-content\\\/uploads\\\/2025\\\/11\\\/glow-peptide-blend-tb500-5mg-bpc157-5mg-ghkcu-50mg-main.jpg\",\"contentUrl\":\"https:\\\/\\\/hghpeptideslab.com\\\/wp-content\\\/uploads\\\/2025\\\/11\\\/glow-peptide-blend-tb500-5mg-bpc157-5mg-ghkcu-50mg-main.jpg\",\"width\":800,\"height\":800,\"caption\":\"Glow peptide blend (TB-500 5 mg + BPC-157 5 mg + GHK-Cu 50 mg per vial), factory-direct \u2014 99% purity \u00b7 engineered in China.\"},{\"@type\":\"BreadcrumbList\",\"@id\":\"https:\\\/\\\/hghpeptideslab.com\\\/product\\\/blend-tb-500-5mg-bpc-157-5mg-ghk-cu-50mg\\\/#breadcrumb\",\"itemListElement\":[{\"@type\":\"ListItem\",\"position\":1,\"name\":\"Home\",\"item\":\"https:\\\/\\\/hghpeptideslab.com\\\/\"},{\"@type\":\"ListItem\",\"position\":2,\"name\":\"Shop\",\"item\":\"https:\\\/\\\/hghpeptideslab.com\\\/shop\\\/\"},{\"@type\":\"ListItem\",\"position\":3,\"name\":\"Glow (Blend TB-500 5 mg + BPC-157 5 mg + GHK-Cu 50 mg) Peptide\"}]},{\"@type\":\"WebSite\",\"@id\":\"https:\\\/\\\/hghpeptideslab.com\\\/#website\",\"url\":\"https:\\\/\\\/hghpeptideslab.com\\\/\",\"name\":\"HGH Peptides Lab\",\"description\":\"Premium Peptides &amp; HGH Shop\",\"publisher\":{\"@id\":\"https:\\\/\\\/hghpeptideslab.com\\\/#organization\"},\"potentialAction\":[{\"@type\":\"SearchAction\",\"target\":{\"@type\":\"EntryPoint\",\"urlTemplate\":\"https:\\\/\\\/hghpeptideslab.com\\\/?s={search_term_string}\"},\"query-input\":{\"@type\":\"PropertyValueSpecification\",\"valueRequired\":true,\"valueName\":\"search_term_string\"}}],\"inLanguage\":\"es\"},{\"@type\":\"Organization\",\"@id\":\"https:\\\/\\\/hghpeptideslab.com\\\/#organization\",\"name\":\"HGH Peptides Lab\",\"url\":\"https:\\\/\\\/hghpeptideslab.com\\\/es\\\/\",\"logo\":{\"@type\":\"ImageObject\",\"url\":\"https:\\\/\\\/hghpeptideslab.com\\\/wp-content\\\/uploads\\\/2025\\\/07\\\/HGHPEPTIDESLAB-Logo.png\"},\"image\":{\"@id\":\"https:\\\/\\\/hghpeptideslab.com\\\/#\\\/schema\\\/logo\\\/image\\\/\"},\"foundingDate\":\"2010\",\"contactPoint\":[{\"@type\":\"ContactPoint\",\"contactType\":\"customer support\",\"telephone\":\"+85247559641\",\"email\":\"CYGGL2025@gmail.com\",\"availableLanguage\":[\"en\"]}]}]}<\/script>\n<!-- \/ Yoast SEO Premium plugin. -->","yoast_head_json":{"title":"Glow Peptide (TB-500 5 mg + BPC-157 5 mg + GHK-Cu 50 mg) | 99% Purity \u2013 HGH Peptides Lab","description":"Mezcla de p\u00e9ptidos Glow (TB-500 5 mg + BPC-157 5 mg + GHK-Cu 50 mg por vial). Usos en investigaci\u00f3n cosm\u00e9tica y terap\u00e9utica, detalles del kit, precios directos de f\u00e1brica. Seguimiento en un plazo de ~3 d\u00edas laborables.","robots":{"index":"index","follow":"follow","max-snippet":"max-snippet:-1","max-image-preview":"max-image-preview:large","max-video-preview":"max-video-preview:-1"},"canonical":"https:\/\/hghpeptideslab.com\/es\/product\/blend-tb-500-5mg-bpc-157-5mg-ghk-cu-50mg\/","og_locale":"es_ES","og_type":"article","og_title":"Glow (Blend TB-500 5 mg + BPC-157 5 mg + GHK-Cu 50 mg) Peptide","og_description":"Glow peptide blend (TB-500 5 mg + BPC-157 5 mg + GHK-Cu 50 mg per vial). Healing & cosmetic research uses, kit details, factory-direct pricing. Tracking within ~3 business days.","og_url":"https:\/\/hghpeptideslab.com\/es\/product\/blend-tb-500-5mg-bpc-157-5mg-ghk-cu-50mg\/","og_site_name":"HGH Peptides Lab","article_modified_time":"2025-11-15T10:46:02+00:00","og_image":[{"width":800,"height":800,"url":"https:\/\/hghpeptideslab.com\/wp-content\/uploads\/2025\/11\/glow-peptide-blend-tb500-5mg-bpc157-5mg-ghkcu-50mg-main.jpg","type":"image\/jpeg"}],"twitter_card":"summary_large_image","twitter_misc":{"Tiempo de lectura":"2 minutos"},"schema":{"@context":"https:\/\/schema.org","@graph":[{"@type":"WebPage","@id":"https:\/\/hghpeptideslab.com\/product\/blend-tb-500-5mg-bpc-157-5mg-ghk-cu-50mg\/","url":"https:\/\/hghpeptideslab.com\/product\/blend-tb-500-5mg-bpc-157-5mg-ghk-cu-50mg\/","name":"Glow Peptide (TB-500 5 mg + BPC-157 5 mg + GHK-Cu 50 mg) | 99% Purity \u2013 HGH Peptides Lab","isPartOf":{"@id":"https:\/\/hghpeptideslab.com\/#website"},"primaryImageOfPage":{"@id":"https:\/\/hghpeptideslab.com\/product\/blend-tb-500-5mg-bpc-157-5mg-ghk-cu-50mg\/#primaryimage"},"image":{"@id":"https:\/\/hghpeptideslab.com\/product\/blend-tb-500-5mg-bpc-157-5mg-ghk-cu-50mg\/#primaryimage"},"thumbnailUrl":"https:\/\/hghpeptideslab.com\/wp-content\/uploads\/2025\/11\/glow-peptide-blend-tb500-5mg-bpc157-5mg-ghkcu-50mg-main.jpg","datePublished":"2025-11-15T10:46:01+00:00","dateModified":"2025-11-15T10:46:02+00:00","description":"Mezcla de p\u00e9ptidos Glow (TB-500 5 mg + BPC-157 5 mg + GHK-Cu 50 mg por vial). Usos en investigaci\u00f3n cosm\u00e9tica y terap\u00e9utica, detalles del kit, precios directos de f\u00e1brica. Seguimiento en un plazo de ~3 d\u00edas laborables.","breadcrumb":{"@id":"https:\/\/hghpeptideslab.com\/product\/blend-tb-500-5mg-bpc-157-5mg-ghk-cu-50mg\/#breadcrumb"},"inLanguage":"es","potentialAction":[{"@type":"ReadAction","target":["https:\/\/hghpeptideslab.com\/product\/blend-tb-500-5mg-bpc-157-5mg-ghk-cu-50mg\/"]}],"copyrightNotice":"\u00a9 2010\u20132026 HGH Peptides Lab. All Rights Reserved."},{"@type":"ImageObject","inLanguage":"es","@id":"https:\/\/hghpeptideslab.com\/product\/blend-tb-500-5mg-bpc-157-5mg-ghk-cu-50mg\/#primaryimage","url":"https:\/\/hghpeptideslab.com\/wp-content\/uploads\/2025\/11\/glow-peptide-blend-tb500-5mg-bpc157-5mg-ghkcu-50mg-main.jpg","contentUrl":"https:\/\/hghpeptideslab.com\/wp-content\/uploads\/2025\/11\/glow-peptide-blend-tb500-5mg-bpc157-5mg-ghkcu-50mg-main.jpg","width":800,"height":800,"caption":"Glow peptide blend (TB-500 5 mg + BPC-157 5 mg + GHK-Cu 50 mg per vial), factory-direct \u2014 99% purity \u00b7 engineered in China."},{"@type":"BreadcrumbList","@id":"https:\/\/hghpeptideslab.com\/product\/blend-tb-500-5mg-bpc-157-5mg-ghk-cu-50mg\/#breadcrumb","itemListElement":[{"@type":"ListItem","position":1,"name":"Home","item":"https:\/\/hghpeptideslab.com\/"},{"@type":"ListItem","position":2,"name":"Shop","item":"https:\/\/hghpeptideslab.com\/shop\/"},{"@type":"ListItem","position":3,"name":"Glow (Blend TB-500 5 mg + BPC-157 5 mg + GHK-Cu 50 mg) Peptide"}]},{"@type":"WebSite","@id":"https:\/\/hghpeptideslab.com\/#website","url":"https:\/\/hghpeptideslab.com\/","name":"Laboratorio de p\u00e9ptidos HGH","description":"Tienda Premium de P\u00e9ptidos y HGH","publisher":{"@id":"https:\/\/hghpeptideslab.com\/#organization"},"potentialAction":[{"@type":"SearchAction","target":{"@type":"EntryPoint","urlTemplate":"https:\/\/hghpeptideslab.com\/?s={search_term_string}"},"query-input":{"@type":"PropertyValueSpecification","valueRequired":true,"valueName":"search_term_string"}}],"inLanguage":"es"},{"@type":"Organization","@id":"https:\/\/hghpeptideslab.com\/#organization","name":"Laboratorio de p\u00e9ptidos HGH","url":"https:\/\/hghpeptideslab.com\/es\/","logo":{"@type":"ImageObject","url":"https:\/\/hghpeptideslab.com\/wp-content\/uploads\/2025\/07\/HGHPEPTIDESLAB-Logo.png"},"image":{"@id":"https:\/\/hghpeptideslab.com\/#\/schema\/logo\/image\/"},"foundingDate":"2010","contactPoint":[{"@type":"ContactPoint","contactType":"customer support","telephone":"+85247559641","email":"CYGGL2025@gmail.com","availableLanguage":["en"]}]}]}},"_links":{"self":[{"href":"https:\/\/hghpeptideslab.com\/es\/wp-json\/wp\/v2\/product\/10221","targetHints":{"allow":["GET"]}}],"collection":[{"href":"https:\/\/hghpeptideslab.com\/es\/wp-json\/wp\/v2\/product"}],"about":[{"href":"https:\/\/hghpeptideslab.com\/es\/wp-json\/wp\/v2\/types\/product"}],"replies":[{"embeddable":true,"href":"https:\/\/hghpeptideslab.com\/es\/wp-json\/wp\/v2\/comments?post=10221"}],"wp:featuredmedia":[{"embeddable":true,"href":"https:\/\/hghpeptideslab.com\/es\/wp-json\/wp\/v2\/media\/10214"}],"wp:attachment":[{"href":"https:\/\/hghpeptideslab.com\/es\/wp-json\/wp\/v2\/media?parent=10221"}],"wp:term":[{"taxonomy":"product_cat","embeddable":true,"href":"https:\/\/hghpeptideslab.com\/es\/wp-json\/wp\/v2\/product_cat?post=10221"},{"taxonomy":"product_tag","embeddable":true,"href":"https:\/\/hghpeptideslab.com\/es\/wp-json\/wp\/v2\/product_tag?post=10221"}],"curies":[{"name":"wp","href":"https:\/\/api.w.org\/{rel}","templated":true}]}}