{"id":8806,"date":"2025-08-13T21:31:44","date_gmt":"2025-08-13T21:31:44","guid":{"rendered":"https:\/\/hghpeptideslab.com\/?post_type=product&#038;p=8806"},"modified":"2025-10-21T20:34:12","modified_gmt":"2025-10-21T20:34:12","slug":"bpc-157","status":"publish","type":"product","link":"https:\/\/hghpeptideslab.com\/es\/product\/bpc-157\/","title":{"rendered":"P\u00e9ptido BPC-157"},"content":{"rendered":"<h3>Visi\u00f3n general<\/h3>\n<p>El BPC-157 es un pentadecap\u00e9ptido sint\u00e9tico de referencia frecuente en la investigaci\u00f3n sobre reparaci\u00f3n de tejidos y gastroprotecci\u00f3n.<br \/>\nNuestro material es <strong>Fabricado seg\u00fan las GMP<\/strong> (materia prima de calidad farmac\u00e9utica) con <strong>99%+ pureza<\/strong>.<br \/>\nHPLC\/COA disponible previa solicitud.<\/p>\n<h3>Caracter\u00edsticas principales<\/h3>\n<ul>\n<li>Intensidades disponibles: <strong>5 mg<\/strong> &amp; <strong>10 mg<\/strong> por vial<\/li>\n<li>Tama\u00f1o Kit: <strong>10 vials\/Kit<\/strong><\/li>\n<li>Polvo blanco lyophilized para protocolos de investigaci\u00f3n flexibles<\/li>\n<li>Documentaci\u00f3n HPLC\/COA previa solicitud<\/li>\n<\/ul>\n<h3>Enfoques t\u00edpicos de la investigaci\u00f3n<\/h3>\n<ul>\n<li>Modelos de recuperaci\u00f3n de tendones\/ligamentos y articulaciones<\/li>\n<li>Estudios de reparaci\u00f3n muscular y recuperaci\u00f3n tras el ejercicio<\/li>\n<li>Protecci\u00f3n gastrointestinal (integridad de la mucosa)<\/li>\n<li>Ensayos de cicatrizaci\u00f3n de heridas y de modulaci\u00f3n de la inflamaci\u00f3n<\/li>\n<\/ul>\n<h3>Almacenamiento y estabilidad<\/h3>\n<ul>\n<li>Almacenar sellado a <strong>2-8 \u00b0C<\/strong>, protegido de la luz y la humedad<\/li>\n<li>Se recomienda utilizar r\u00e1pidamente las soluciones reconstituidas en condiciones de laboratorio adecuadas<\/li>\n<\/ul>\n<h3>Notas<\/h3>\n<ul>\n<li>Fabricado en <strong>Conforme a las GMP<\/strong> instalaciones<\/li>\n<li>HPLC\/COA disponible previa solicitud<\/li>\n<li>S\u00f3lo para investigaci\u00f3n de laboratorio. Los productos no est\u00e1n etiquetados para uso m\u00e9dico.<\/li>\n<\/ul>","protected":false},"excerpt":{"rendered":"<p><strong>Nombre:<\/strong> P\u00e9ptido 99% Purity BPC-157<br \/>\n<strong>Funci\u00f3n:<\/strong> Musculaci\u00f3n; reparaci\u00f3n y curaci\u00f3n muscular<br \/>\n<strong>Especificaci\u00f3n:<\/strong> 5 mg y 10 mg por vial; 10 vials\/kit<br \/>\n<strong>CAS:<\/strong> 137525-51-0<br \/>\n<strong>Apariencia:<\/strong> Polvo blanco lyophilized<\/p>","protected":false},"featured_media":8790,"comment_status":"open","ping_status":"closed","template":"","meta":[],"product_cat":[51],"product_tag":[159,120,166,158],"class_list":{"0":"post-8806","1":"product","2":"type-product","3":"status-publish","4":"has-post-thumbnail","6":"product_brand-dp-hghpeptides","7":"product_brand-hgh-peptides-lab","8":"product_cat-peptides-for-healing","9":"product_tag-anti-inflammatory-peptides","10":"product_tag-bpc-157","11":"product_tag-gut-health-peptides","12":"product_tag-recovery-tissue-repair-peptides","14":"first","15":"instock","16":"featured","17":"shipping-taxable","18":"purchasable","19":"product-type-variable","20":"has-default-attributes"},"yoast_head":"<!-- This site is optimized with the Yoast SEO Premium plugin v27.5 (Yoast SEO v27.5) - https:\/\/yoast.com\/product\/yoast-seo-premium-wordpress\/ -->\n<title>BPC-157 Peptide for Healing | HGH Peptides Lab \u2013 Factory-Direct Selling<\/title>\n<meta name=\"description\" content=\"Buy BPC-157 from a China-based GMP lab\u201499% purity with HPLC\/COA. Factory-direct selling and fast worldwide shipping for healing, tendon repair and ligament recovery.\" \/>\n<meta name=\"robots\" content=\"index, follow, max-snippet:-1, max-image-preview:large, max-video-preview:-1\" \/>\n<link rel=\"canonical\" href=\"https:\/\/hghpeptideslab.com\/es\/product\/bpc-157\/\" \/>\n<meta property=\"og:locale\" content=\"es_ES\" \/>\n<meta property=\"og:type\" content=\"article\" \/>\n<meta property=\"og:title\" content=\"BPC-157 Peptide\" \/>\n<meta property=\"og:description\" content=\"Buy BPC-157 from a China-based GMP lab\u201499% purity with HPLC\/COA. Factory-direct selling and fast worldwide shipping for healing, tendon repair and ligament recovery.\" \/>\n<meta property=\"og:url\" content=\"https:\/\/hghpeptideslab.com\/es\/product\/bpc-157\/\" \/>\n<meta property=\"og:site_name\" content=\"HGH Peptides Lab\" \/>\n<meta property=\"article:modified_time\" content=\"2025-10-21T20:34:12+00:00\" \/>\n<meta property=\"og:image\" content=\"https:\/\/hghpeptideslab.com\/wp-content\/uploads\/2025\/08\/bpc1575mg.jpg\" \/>\n\t<meta property=\"og:image:width\" content=\"800\" \/>\n\t<meta property=\"og:image:height\" content=\"800\" \/>\n\t<meta property=\"og:image:type\" content=\"image\/jpeg\" \/>\n<meta name=\"twitter:card\" content=\"summary_large_image\" \/>\n<meta name=\"twitter:label1\" content=\"Tiempo de lectura\" \/>\n\t<meta name=\"twitter:data1\" content=\"1 minuto\" \/>\n<script type=\"application\/ld+json\" class=\"yoast-schema-graph\">{\"@context\":\"https:\\\/\\\/schema.org\",\"@graph\":[{\"@type\":\"WebPage\",\"@id\":\"https:\\\/\\\/hghpeptideslab.com\\\/product\\\/bpc-157\\\/\",\"url\":\"https:\\\/\\\/hghpeptideslab.com\\\/product\\\/bpc-157\\\/\",\"name\":\"BPC-157 Peptide for Healing | HGH Peptides Lab \u2013 Factory-Direct Selling\",\"isPartOf\":{\"@id\":\"https:\\\/\\\/hghpeptideslab.com\\\/#website\"},\"primaryImageOfPage\":{\"@id\":\"https:\\\/\\\/hghpeptideslab.com\\\/product\\\/bpc-157\\\/#primaryimage\"},\"image\":{\"@id\":\"https:\\\/\\\/hghpeptideslab.com\\\/product\\\/bpc-157\\\/#primaryimage\"},\"thumbnailUrl\":\"https:\\\/\\\/hghpeptideslab.com\\\/wp-content\\\/uploads\\\/2025\\\/08\\\/bpc1575mg.jpg\",\"datePublished\":\"2025-08-13T21:31:44+00:00\",\"dateModified\":\"2025-10-21T20:34:12+00:00\",\"description\":\"Buy BPC-157 from a China-based GMP lab\u201499% purity with HPLC\\\/COA. Factory-direct selling and fast worldwide shipping for healing, tendon repair and ligament recovery.\",\"breadcrumb\":{\"@id\":\"https:\\\/\\\/hghpeptideslab.com\\\/product\\\/bpc-157\\\/#breadcrumb\"},\"inLanguage\":\"es\",\"potentialAction\":[{\"@type\":\"ReadAction\",\"target\":[\"https:\\\/\\\/hghpeptideslab.com\\\/product\\\/bpc-157\\\/\"]}],\"copyrightNotice\":\"\u00a9 2010\u20132026 HGH Peptides Lab. All Rights Reserved.\"},{\"@type\":\"ImageObject\",\"inLanguage\":\"es\",\"@id\":\"https:\\\/\\\/hghpeptideslab.com\\\/product\\\/bpc-157\\\/#primaryimage\",\"url\":\"https:\\\/\\\/hghpeptideslab.com\\\/wp-content\\\/uploads\\\/2025\\\/08\\\/bpc1575mg.jpg\",\"contentUrl\":\"https:\\\/\\\/hghpeptideslab.com\\\/wp-content\\\/uploads\\\/2025\\\/08\\\/bpc1575mg.jpg\",\"width\":800,\"height\":800,\"caption\":\"Buy 2+ kits and contact us for 10\u201350% discount. WhatsApp +852 47559641 \u2022 CYGGL2025@gmail.com\"},{\"@type\":\"BreadcrumbList\",\"@id\":\"https:\\\/\\\/hghpeptideslab.com\\\/product\\\/bpc-157\\\/#breadcrumb\",\"itemListElement\":[{\"@type\":\"ListItem\",\"position\":1,\"name\":\"Home\",\"item\":\"https:\\\/\\\/hghpeptideslab.com\\\/\"},{\"@type\":\"ListItem\",\"position\":2,\"name\":\"Shop\",\"item\":\"https:\\\/\\\/hghpeptideslab.com\\\/shop\\\/\"},{\"@type\":\"ListItem\",\"position\":3,\"name\":\"BPC-157 Peptide\"}]},{\"@type\":\"WebSite\",\"@id\":\"https:\\\/\\\/hghpeptideslab.com\\\/#website\",\"url\":\"https:\\\/\\\/hghpeptideslab.com\\\/\",\"name\":\"HGH Peptides Lab\",\"description\":\"Premium Peptides &amp; HGH Shop\",\"publisher\":{\"@id\":\"https:\\\/\\\/hghpeptideslab.com\\\/#organization\"},\"potentialAction\":[{\"@type\":\"SearchAction\",\"target\":{\"@type\":\"EntryPoint\",\"urlTemplate\":\"https:\\\/\\\/hghpeptideslab.com\\\/?s={search_term_string}\"},\"query-input\":{\"@type\":\"PropertyValueSpecification\",\"valueRequired\":true,\"valueName\":\"search_term_string\"}}],\"inLanguage\":\"es\"},{\"@type\":\"Organization\",\"@id\":\"https:\\\/\\\/hghpeptideslab.com\\\/#organization\",\"name\":\"HGH Peptides Lab\",\"url\":\"https:\\\/\\\/hghpeptideslab.com\\\/es\\\/\",\"logo\":{\"@type\":\"ImageObject\",\"url\":\"https:\\\/\\\/hghpeptideslab.com\\\/wp-content\\\/uploads\\\/2025\\\/07\\\/HGHPEPTIDESLAB-Logo.png\"},\"image\":{\"@id\":\"https:\\\/\\\/hghpeptideslab.com\\\/#\\\/schema\\\/logo\\\/image\\\/\"},\"foundingDate\":\"2010\",\"contactPoint\":[{\"@type\":\"ContactPoint\",\"contactType\":\"customer support\",\"telephone\":\"+85247559641\",\"email\":\"CYGGL2025@gmail.com\",\"availableLanguage\":[\"en\"]}]}]}<\/script>\n<!-- \/ Yoast SEO Premium plugin. -->","yoast_head_json":{"title":"BPC-157 Peptide para Curaci\u00f3n | HGH Peptides Lab - Venta directa de f\u00e1brica","description":"Comprar BPC-157 de un laboratorio con sede en China GMP-99% purity con HPLC\/COA. Venta directa de f\u00e1brica y env\u00edo r\u00e1pido a todo el mundo para la cicatrizaci\u00f3n, reparaci\u00f3n de tendones y recuperaci\u00f3n de ligamentos.","robots":{"index":"index","follow":"follow","max-snippet":"max-snippet:-1","max-image-preview":"max-image-preview:large","max-video-preview":"max-video-preview:-1"},"canonical":"https:\/\/hghpeptideslab.com\/es\/product\/bpc-157\/","og_locale":"es_ES","og_type":"article","og_title":"BPC-157 Peptide","og_description":"Buy BPC-157 from a China-based GMP lab\u201499% purity with HPLC\/COA. Factory-direct selling and fast worldwide shipping for healing, tendon repair and ligament recovery.","og_url":"https:\/\/hghpeptideslab.com\/es\/product\/bpc-157\/","og_site_name":"HGH Peptides Lab","article_modified_time":"2025-10-21T20:34:12+00:00","og_image":[{"width":800,"height":800,"url":"https:\/\/hghpeptideslab.com\/wp-content\/uploads\/2025\/08\/bpc1575mg.jpg","type":"image\/jpeg"}],"twitter_card":"summary_large_image","twitter_misc":{"Tiempo de lectura":"1 minuto"},"schema":{"@context":"https:\/\/schema.org","@graph":[{"@type":"WebPage","@id":"https:\/\/hghpeptideslab.com\/product\/bpc-157\/","url":"https:\/\/hghpeptideslab.com\/product\/bpc-157\/","name":"BPC-157 Peptide para Curaci\u00f3n | HGH Peptides Lab - Venta directa de f\u00e1brica","isPartOf":{"@id":"https:\/\/hghpeptideslab.com\/#website"},"primaryImageOfPage":{"@id":"https:\/\/hghpeptideslab.com\/product\/bpc-157\/#primaryimage"},"image":{"@id":"https:\/\/hghpeptideslab.com\/product\/bpc-157\/#primaryimage"},"thumbnailUrl":"https:\/\/hghpeptideslab.com\/wp-content\/uploads\/2025\/08\/bpc1575mg.jpg","datePublished":"2025-08-13T21:31:44+00:00","dateModified":"2025-10-21T20:34:12+00:00","description":"Comprar BPC-157 de un laboratorio con sede en China GMP-99% purity con HPLC\/COA. Venta directa de f\u00e1brica y env\u00edo r\u00e1pido a todo el mundo para la cicatrizaci\u00f3n, reparaci\u00f3n de tendones y recuperaci\u00f3n de ligamentos.","breadcrumb":{"@id":"https:\/\/hghpeptideslab.com\/product\/bpc-157\/#breadcrumb"},"inLanguage":"es","potentialAction":[{"@type":"ReadAction","target":["https:\/\/hghpeptideslab.com\/product\/bpc-157\/"]}],"copyrightNotice":"\u00a9 2010\u20132026 HGH Peptides Lab. All Rights Reserved."},{"@type":"ImageObject","inLanguage":"es","@id":"https:\/\/hghpeptideslab.com\/product\/bpc-157\/#primaryimage","url":"https:\/\/hghpeptideslab.com\/wp-content\/uploads\/2025\/08\/bpc1575mg.jpg","contentUrl":"https:\/\/hghpeptideslab.com\/wp-content\/uploads\/2025\/08\/bpc1575mg.jpg","width":800,"height":800,"caption":"Buy 2+ kits and contact us for 10\u201350% discount. WhatsApp +852 47559641 \u2022 CYGGL2025@gmail.com"},{"@type":"BreadcrumbList","@id":"https:\/\/hghpeptideslab.com\/product\/bpc-157\/#breadcrumb","itemListElement":[{"@type":"ListItem","position":1,"name":"Home","item":"https:\/\/hghpeptideslab.com\/"},{"@type":"ListItem","position":2,"name":"Shop","item":"https:\/\/hghpeptideslab.com\/shop\/"},{"@type":"ListItem","position":3,"name":"BPC-157 Peptide"}]},{"@type":"WebSite","@id":"https:\/\/hghpeptideslab.com\/#website","url":"https:\/\/hghpeptideslab.com\/","name":"Laboratorio de p\u00e9ptidos HGH","description":"Tienda Premium de P\u00e9ptidos y HGH","publisher":{"@id":"https:\/\/hghpeptideslab.com\/#organization"},"potentialAction":[{"@type":"SearchAction","target":{"@type":"EntryPoint","urlTemplate":"https:\/\/hghpeptideslab.com\/?s={search_term_string}"},"query-input":{"@type":"PropertyValueSpecification","valueRequired":true,"valueName":"search_term_string"}}],"inLanguage":"es"},{"@type":"Organization","@id":"https:\/\/hghpeptideslab.com\/#organization","name":"Laboratorio de p\u00e9ptidos HGH","url":"https:\/\/hghpeptideslab.com\/es\/","logo":{"@type":"ImageObject","url":"https:\/\/hghpeptideslab.com\/wp-content\/uploads\/2025\/07\/HGHPEPTIDESLAB-Logo.png"},"image":{"@id":"https:\/\/hghpeptideslab.com\/#\/schema\/logo\/image\/"},"foundingDate":"2010","contactPoint":[{"@type":"ContactPoint","contactType":"customer support","telephone":"+85247559641","email":"CYGGL2025@gmail.com","availableLanguage":["en"]}]}]}},"_links":{"self":[{"href":"https:\/\/hghpeptideslab.com\/es\/wp-json\/wp\/v2\/product\/8806","targetHints":{"allow":["GET"]}}],"collection":[{"href":"https:\/\/hghpeptideslab.com\/es\/wp-json\/wp\/v2\/product"}],"about":[{"href":"https:\/\/hghpeptideslab.com\/es\/wp-json\/wp\/v2\/types\/product"}],"replies":[{"embeddable":true,"href":"https:\/\/hghpeptideslab.com\/es\/wp-json\/wp\/v2\/comments?post=8806"}],"wp:featuredmedia":[{"embeddable":true,"href":"https:\/\/hghpeptideslab.com\/es\/wp-json\/wp\/v2\/media\/8790"}],"wp:attachment":[{"href":"https:\/\/hghpeptideslab.com\/es\/wp-json\/wp\/v2\/media?parent=8806"}],"wp:term":[{"taxonomy":"product_cat","embeddable":true,"href":"https:\/\/hghpeptideslab.com\/es\/wp-json\/wp\/v2\/product_cat?post=8806"},{"taxonomy":"product_tag","embeddable":true,"href":"https:\/\/hghpeptideslab.com\/es\/wp-json\/wp\/v2\/product_tag?post=8806"}],"curies":[{"name":"wp","href":"https:\/\/api.w.org\/{rel}","templated":true}]}}