{"id":8899,"date":"2025-08-15T01:28:16","date_gmt":"2025-08-15T01:28:16","guid":{"rendered":"https:\/\/hghpeptideslab.com\/?post_type=product&#038;p=8899"},"modified":"2025-10-23T01:42:40","modified_gmt":"2025-10-23T01:42:40","slug":"tirzepatide","status":"publish","type":"product","link":"https:\/\/hghpeptideslab.com\/es\/product\/tirzepatide\/","title":{"rendered":"P\u00e9ptido Tirzepatida"},"content":{"rendered":"<h3>Visi\u00f3n general<\/h3>\n<p>El Tirzepatide es un p\u00e9ptido sint\u00e9tico al que a menudo se hace referencia en la investigaci\u00f3n sobre la regulaci\u00f3n metab\u00f3lica y el control del apetito como un doble <strong>Agonista del receptor GIP\/GLP-1<\/strong>. Nuestro material es <strong>Fabricado seg\u00fan las GMP<\/strong> (materia prima de calidad farmac\u00e9utica) con <strong>99%+ pureza<\/strong>. HPLC\/COA disponible bajo pedido.<\/p>\n<h3>Caracter\u00edsticas principales<\/h3>\n<ul>\n<li>Intensidades disponibles: <strong>5 mg, 10 mg, 15 mg, 20 mg, 30 mg, 40 mg Y 60 mg<\/strong> por vial<\/li>\n<li>Tama\u00f1o Kit: <strong>10 vials\/Kit<\/strong><\/li>\n<li>Polvo blanco lyophilized para protocolos de investigaci\u00f3n flexibles<\/li>\n<li>Documentaci\u00f3n HPLC\/COA previa solicitud<\/li>\n<\/ul>\n<h3>Enfoques t\u00edpicos de la investigaci\u00f3n<\/h3>\n<ul>\n<li>Regulaci\u00f3n del apetito y modelos de ingesta energ\u00e9tica<\/li>\n<li>Estudios metab\u00f3licos y de control de peso<\/li>\n<li>Control gluc\u00e9mico e investigaciones de la v\u00eda GIP\/GLP-1<\/li>\n<li>Ensayos comparativos\/de apilamiento en la se\u00f1alizaci\u00f3n endocrina<\/li>\n<\/ul>\n<h3>Almacenamiento y estabilidad<\/h3>\n<ul>\n<li>Almacenar sellado a <strong>2-8 \u00b0C<\/strong>, protegido de la luz y la humedad<\/li>\n<li>Se recomienda utilizar r\u00e1pidamente las soluciones reconstituidas en condiciones de laboratorio adecuadas<\/li>\n<\/ul>\n<h3>Notas<\/h3>\n<ul>\n<li>Fabricado en <strong>Conforme a las GMP<\/strong> instalaciones<\/li>\n<li>HPLC\/COA disponible previa solicitud<\/li>\n<li>S\u00f3lo para investigaci\u00f3n de laboratorio. Los productos no est\u00e1n etiquetados para uso m\u00e9dico.<\/li>\n<\/ul>","protected":false},"excerpt":{"rendered":"<p><strong>Nombre:<\/strong> P\u00e9ptido 99% Purity Tirzepatide<br \/>\n<strong>Funci\u00f3n:<\/strong> Peptide para la investigaci\u00f3n sobre el control del peso; estudios sobre el apetito y el metabolismo<br \/>\n<strong>Especificaci\u00f3n:<\/strong> 5 mg \/ 10 mg \/ 15 mg \/ 20 mg \/ 30 mg \/ 40 mg \/ 60 mg por vial; 10 vials\/kit<br \/>\n<strong>CAS:<\/strong> 2023788-19-2<br \/>\n<strong>Apariencia:<\/strong> Polvo blanco lyophilized<\/p>","protected":false},"featured_media":8893,"comment_status":"open","ping_status":"closed","template":"","meta":[],"product_cat":[46],"product_tag":[169,161,168,167,123],"class_list":{"0":"post-8899","1":"product","2":"type-product","3":"status-publish","4":"has-post-thumbnail","6":"product_brand-dp-hghpeptides","7":"product_brand-hgh-peptides-lab","8":"product_cat-peptides-for-weight-loss","9":"product_tag-eli-lilly","10":"product_tag-fat-loss-metabolism-peptides","11":"product_tag-novo-nordisk","12":"product_tag-overall-wellness-peptides","13":"product_tag-tirzepatide","15":"first","16":"instock","17":"featured","18":"shipping-taxable","19":"purchasable","20":"product-type-variable","21":"has-default-attributes"},"yoast_head":"<!-- This site is optimized with the Yoast SEO Premium plugin v27.3 (Yoast SEO v27.3) - https:\/\/yoast.com\/product\/yoast-seo-premium-wordpress\/ -->\n<title>Tirzepatide Peptide for Weight Loss | HGH Peptides Lab \u2013 Factory-Direct Selling<\/title>\n<meta name=\"description\" content=\"Buy Tirzepatide from a China-based GMP lab. 99% purity, HPLC\/COA available. Factory-direct selling with fast worldwide shipping for glucose and weight-loss support.\" \/>\n<meta name=\"robots\" content=\"index, follow, max-snippet:-1, max-image-preview:large, max-video-preview:-1\" \/>\n<link rel=\"canonical\" href=\"https:\/\/hghpeptideslab.com\/es\/product\/tirzepatide\/\" \/>\n<meta property=\"og:locale\" content=\"es_ES\" \/>\n<meta property=\"og:type\" content=\"article\" \/>\n<meta property=\"og:title\" content=\"Tirzepatide Peptide\" \/>\n<meta property=\"og:description\" content=\"Buy Tirzepatide from a China-based GMP lab. 99% purity, HPLC\/COA available. Factory-direct selling with fast worldwide shipping for glucose and weight-loss support.\" \/>\n<meta property=\"og:url\" content=\"https:\/\/hghpeptideslab.com\/es\/product\/tirzepatide\/\" \/>\n<meta property=\"og:site_name\" content=\"HGH Peptides Lab\" \/>\n<meta property=\"article:modified_time\" content=\"2025-10-23T01:42:40+00:00\" \/>\n<meta property=\"og:image\" content=\"https:\/\/hghpeptideslab.com\/wp-content\/uploads\/2025\/08\/tirzepatide10mg.jpg\" \/>\n\t<meta property=\"og:image:width\" content=\"800\" \/>\n\t<meta property=\"og:image:height\" content=\"800\" \/>\n\t<meta property=\"og:image:type\" content=\"image\/jpeg\" \/>\n<meta name=\"twitter:card\" content=\"summary_large_image\" \/>\n<meta name=\"twitter:label1\" content=\"Tiempo de lectura\" \/>\n\t<meta name=\"twitter:data1\" content=\"1 minuto\" \/>\n<script type=\"application\/ld+json\" class=\"yoast-schema-graph\">{\"@context\":\"https:\\\/\\\/schema.org\",\"@graph\":[{\"@type\":\"WebPage\",\"@id\":\"https:\\\/\\\/hghpeptideslab.com\\\/product\\\/tirzepatide\\\/\",\"url\":\"https:\\\/\\\/hghpeptideslab.com\\\/product\\\/tirzepatide\\\/\",\"name\":\"Tirzepatide Peptide for Weight Loss | HGH Peptides Lab \u2013 Factory-Direct Selling\",\"isPartOf\":{\"@id\":\"https:\\\/\\\/hghpeptideslab.com\\\/#website\"},\"primaryImageOfPage\":{\"@id\":\"https:\\\/\\\/hghpeptideslab.com\\\/product\\\/tirzepatide\\\/#primaryimage\"},\"image\":{\"@id\":\"https:\\\/\\\/hghpeptideslab.com\\\/product\\\/tirzepatide\\\/#primaryimage\"},\"thumbnailUrl\":\"https:\\\/\\\/hghpeptideslab.com\\\/wp-content\\\/uploads\\\/2025\\\/08\\\/tirzepatide10mg.jpg\",\"datePublished\":\"2025-08-15T01:28:16+00:00\",\"dateModified\":\"2025-10-23T01:42:40+00:00\",\"description\":\"Buy Tirzepatide from a China-based GMP lab. 99% purity, HPLC\\\/COA available. Factory-direct selling with fast worldwide shipping for glucose and weight-loss support.\",\"breadcrumb\":{\"@id\":\"https:\\\/\\\/hghpeptideslab.com\\\/product\\\/tirzepatide\\\/#breadcrumb\"},\"inLanguage\":\"es\",\"potentialAction\":[{\"@type\":\"ReadAction\",\"target\":[\"https:\\\/\\\/hghpeptideslab.com\\\/product\\\/tirzepatide\\\/\"]}],\"copyrightNotice\":\"\u00a9 2010\u20132026 HGH Peptides Lab. All Rights Reserved.\"},{\"@type\":\"ImageObject\",\"inLanguage\":\"es\",\"@id\":\"https:\\\/\\\/hghpeptideslab.com\\\/product\\\/tirzepatide\\\/#primaryimage\",\"url\":\"https:\\\/\\\/hghpeptideslab.com\\\/wp-content\\\/uploads\\\/2025\\\/08\\\/tirzepatide10mg.jpg\",\"contentUrl\":\"https:\\\/\\\/hghpeptideslab.com\\\/wp-content\\\/uploads\\\/2025\\\/08\\\/tirzepatide10mg.jpg\",\"width\":800,\"height\":800,\"caption\":\"10 mg vial for metabolic research; 10 vials\\\/kit.\"},{\"@type\":\"BreadcrumbList\",\"@id\":\"https:\\\/\\\/hghpeptideslab.com\\\/product\\\/tirzepatide\\\/#breadcrumb\",\"itemListElement\":[{\"@type\":\"ListItem\",\"position\":1,\"name\":\"Home\",\"item\":\"https:\\\/\\\/hghpeptideslab.com\\\/\"},{\"@type\":\"ListItem\",\"position\":2,\"name\":\"Shop\",\"item\":\"https:\\\/\\\/hghpeptideslab.com\\\/shop\\\/\"},{\"@type\":\"ListItem\",\"position\":3,\"name\":\"Tirzepatide Peptide\"}]},{\"@type\":\"WebSite\",\"@id\":\"https:\\\/\\\/hghpeptideslab.com\\\/#website\",\"url\":\"https:\\\/\\\/hghpeptideslab.com\\\/\",\"name\":\"HGH Peptides Lab\",\"description\":\"Premium Peptides &amp; HGH Shop\",\"publisher\":{\"@id\":\"https:\\\/\\\/hghpeptideslab.com\\\/#organization\"},\"potentialAction\":[{\"@type\":\"SearchAction\",\"target\":{\"@type\":\"EntryPoint\",\"urlTemplate\":\"https:\\\/\\\/hghpeptideslab.com\\\/?s={search_term_string}\"},\"query-input\":{\"@type\":\"PropertyValueSpecification\",\"valueRequired\":true,\"valueName\":\"search_term_string\"}}],\"inLanguage\":\"es\"},{\"@type\":\"Organization\",\"@id\":\"https:\\\/\\\/hghpeptideslab.com\\\/#organization\",\"name\":\"HGH Peptides Lab\",\"url\":\"https:\\\/\\\/hghpeptideslab.com\\\/es\\\/\",\"logo\":{\"@type\":\"ImageObject\",\"url\":\"https:\\\/\\\/hghpeptideslab.com\\\/wp-content\\\/uploads\\\/2025\\\/07\\\/HGHPEPTIDESLAB-Logo.png\"},\"image\":{\"@id\":\"https:\\\/\\\/hghpeptideslab.com\\\/#\\\/schema\\\/logo\\\/image\\\/\"},\"foundingDate\":\"2010\",\"contactPoint\":[{\"@type\":\"ContactPoint\",\"contactType\":\"customer support\",\"telephone\":\"+85247559641\",\"email\":\"CYGGL2025@gmail.com\",\"availableLanguage\":[\"en\"]}]}]}<\/script>\n<!-- \/ Yoast SEO Premium plugin. -->","yoast_head_json":{"title":"Tirzepatide Peptide para la p\u00e9rdida de peso | HGH Peptides Lab - Venta directa de f\u00e1brica","description":"Compre Tirzepatide a un laboratorio de GMP con sede en China. 99% purity, HPLC\/COA disponibles. Venta directa de f\u00e1brica con env\u00edo r\u00e1pido a todo el mundo para el apoyo a la glucosa y la p\u00e9rdida de peso.","robots":{"index":"index","follow":"follow","max-snippet":"max-snippet:-1","max-image-preview":"max-image-preview:large","max-video-preview":"max-video-preview:-1"},"canonical":"https:\/\/hghpeptideslab.com\/es\/product\/tirzepatide\/","og_locale":"es_ES","og_type":"article","og_title":"Tirzepatide Peptide","og_description":"Buy Tirzepatide from a China-based GMP lab. 99% purity, HPLC\/COA available. Factory-direct selling with fast worldwide shipping for glucose and weight-loss support.","og_url":"https:\/\/hghpeptideslab.com\/es\/product\/tirzepatide\/","og_site_name":"HGH Peptides Lab","article_modified_time":"2025-10-23T01:42:40+00:00","og_image":[{"width":800,"height":800,"url":"https:\/\/hghpeptideslab.com\/wp-content\/uploads\/2025\/08\/tirzepatide10mg.jpg","type":"image\/jpeg"}],"twitter_card":"summary_large_image","twitter_misc":{"Tiempo de lectura":"1 minuto"},"schema":{"@context":"https:\/\/schema.org","@graph":[{"@type":"WebPage","@id":"https:\/\/hghpeptideslab.com\/product\/tirzepatide\/","url":"https:\/\/hghpeptideslab.com\/product\/tirzepatide\/","name":"Tirzepatide Peptide para la p\u00e9rdida de peso | HGH Peptides Lab - Venta directa de f\u00e1brica","isPartOf":{"@id":"https:\/\/hghpeptideslab.com\/#website"},"primaryImageOfPage":{"@id":"https:\/\/hghpeptideslab.com\/product\/tirzepatide\/#primaryimage"},"image":{"@id":"https:\/\/hghpeptideslab.com\/product\/tirzepatide\/#primaryimage"},"thumbnailUrl":"https:\/\/hghpeptideslab.com\/wp-content\/uploads\/2025\/08\/tirzepatide10mg.jpg","datePublished":"2025-08-15T01:28:16+00:00","dateModified":"2025-10-23T01:42:40+00:00","description":"Compre Tirzepatide a un laboratorio de GMP con sede en China. 99% purity, HPLC\/COA disponibles. Venta directa de f\u00e1brica con env\u00edo r\u00e1pido a todo el mundo para el apoyo a la glucosa y la p\u00e9rdida de peso.","breadcrumb":{"@id":"https:\/\/hghpeptideslab.com\/product\/tirzepatide\/#breadcrumb"},"inLanguage":"es","potentialAction":[{"@type":"ReadAction","target":["https:\/\/hghpeptideslab.com\/product\/tirzepatide\/"]}],"copyrightNotice":"\u00a9 2010\u20132026 HGH Peptides Lab. All Rights Reserved."},{"@type":"ImageObject","inLanguage":"es","@id":"https:\/\/hghpeptideslab.com\/product\/tirzepatide\/#primaryimage","url":"https:\/\/hghpeptideslab.com\/wp-content\/uploads\/2025\/08\/tirzepatide10mg.jpg","contentUrl":"https:\/\/hghpeptideslab.com\/wp-content\/uploads\/2025\/08\/tirzepatide10mg.jpg","width":800,"height":800,"caption":"10 mg vial for metabolic research; 10 vials\/kit."},{"@type":"BreadcrumbList","@id":"https:\/\/hghpeptideslab.com\/product\/tirzepatide\/#breadcrumb","itemListElement":[{"@type":"ListItem","position":1,"name":"Home","item":"https:\/\/hghpeptideslab.com\/"},{"@type":"ListItem","position":2,"name":"Shop","item":"https:\/\/hghpeptideslab.com\/shop\/"},{"@type":"ListItem","position":3,"name":"Tirzepatide Peptide"}]},{"@type":"WebSite","@id":"https:\/\/hghpeptideslab.com\/#website","url":"https:\/\/hghpeptideslab.com\/","name":"Laboratorio de p\u00e9ptidos HGH","description":"Tienda Premium de P\u00e9ptidos y HGH","publisher":{"@id":"https:\/\/hghpeptideslab.com\/#organization"},"potentialAction":[{"@type":"SearchAction","target":{"@type":"EntryPoint","urlTemplate":"https:\/\/hghpeptideslab.com\/?s={search_term_string}"},"query-input":{"@type":"PropertyValueSpecification","valueRequired":true,"valueName":"search_term_string"}}],"inLanguage":"es"},{"@type":"Organization","@id":"https:\/\/hghpeptideslab.com\/#organization","name":"Laboratorio de p\u00e9ptidos HGH","url":"https:\/\/hghpeptideslab.com\/es\/","logo":{"@type":"ImageObject","url":"https:\/\/hghpeptideslab.com\/wp-content\/uploads\/2025\/07\/HGHPEPTIDESLAB-Logo.png"},"image":{"@id":"https:\/\/hghpeptideslab.com\/#\/schema\/logo\/image\/"},"foundingDate":"2010","contactPoint":[{"@type":"ContactPoint","contactType":"customer support","telephone":"+85247559641","email":"CYGGL2025@gmail.com","availableLanguage":["en"]}]}]}},"_links":{"self":[{"href":"https:\/\/hghpeptideslab.com\/es\/wp-json\/wp\/v2\/product\/8899","targetHints":{"allow":["GET"]}}],"collection":[{"href":"https:\/\/hghpeptideslab.com\/es\/wp-json\/wp\/v2\/product"}],"about":[{"href":"https:\/\/hghpeptideslab.com\/es\/wp-json\/wp\/v2\/types\/product"}],"replies":[{"embeddable":true,"href":"https:\/\/hghpeptideslab.com\/es\/wp-json\/wp\/v2\/comments?post=8899"}],"wp:featuredmedia":[{"embeddable":true,"href":"https:\/\/hghpeptideslab.com\/es\/wp-json\/wp\/v2\/media\/8893"}],"wp:attachment":[{"href":"https:\/\/hghpeptideslab.com\/es\/wp-json\/wp\/v2\/media?parent=8899"}],"wp:term":[{"taxonomy":"product_cat","embeddable":true,"href":"https:\/\/hghpeptideslab.com\/es\/wp-json\/wp\/v2\/product_cat?post=8899"},{"taxonomy":"product_tag","embeddable":true,"href":"https:\/\/hghpeptideslab.com\/es\/wp-json\/wp\/v2\/product_tag?post=8899"}],"curies":[{"name":"wp","href":"https:\/\/api.w.org\/{rel}","templated":true}]}}