{"id":9056,"date":"2025-08-16T18:34:02","date_gmt":"2025-08-16T18:34:02","guid":{"rendered":"https:\/\/hghpeptideslab.com\/?post_type=product&#038;p=9056"},"modified":"2026-04-13T00:29:54","modified_gmt":"2026-04-13T00:29:54","slug":"selank-peptide","status":"publish","type":"product","link":"https:\/\/hghpeptideslab.com\/es\/product\/selank-peptide\/","title":{"rendered":"P\u00e9ptido Selank"},"content":{"rendered":"<h3>Visi\u00f3n general<\/h3>\n<p>Selank es un heptap\u00e9ptido (un an\u00e1logo de Tuftsin) ampliamente referenciado en la investigaci\u00f3n sobre<br \/>\nactividad ansiol\u00edtica\/nootr\u00f3pica, cognici\u00f3n, respuesta al estr\u00e9s y modulaci\u00f3n inmunitaria.<br \/>\nNuestro material es <strong>Fabricado seg\u00fan las GMP<\/strong> p\u00e9ptido de calidad farmac\u00e9utica con<br \/>\n<strong>99%+ pureza<\/strong>. HPLC\/COA disponible bajo pedido.<\/p>\n<h3>Caracter\u00edsticas principales<\/h3>\n<ul>\n<li>Puntos fuertes: <strong>5 mg<\/strong> &amp; <strong>10 mg<\/strong> por vial<\/li>\n<li>Tama\u00f1o Kit: <strong>10 vials\/kit<\/strong><\/li>\n<li>Polvo blanco lyophilized para protocolos de investigaci\u00f3n flexibles<\/li>\n<li>Documentaci\u00f3n: HPLC cromatograma \/ COA disponible a petici\u00f3n<\/li>\n<\/ul>\n<h3>Enfoques t\u00edpicos de la investigaci\u00f3n<\/h3>\n<ul>\n<li>Modelos nootr\u00f3picos y ansiol\u00edticos: ensayos de atenci\u00f3n, memoria, estr\u00e9s y estado de \u00e1nimo<\/li>\n<li>V\u00edas de neurop\u00e9ptidos y neuroplasticidad; estudios de modulaci\u00f3n sin\u00e1ptica<\/li>\n<li>Modelos de inmunomodulaci\u00f3n relacionados con la actividad de los an\u00e1logos de la tuftina<\/li>\n<li>Bienestar \/ rendimiento cognitivo y marcos de recuperaci\u00f3n<\/li>\n<li>Cribado combinado con otros p\u00e9ptidos neuroactivos en entornos controlados<\/li>\n<\/ul>\n<h3>Almacenamiento y estabilidad<\/h3>\n<ul>\n<li>Almacenar sellado a <strong>2-8 \u00b0C<\/strong>, protegido de la luz y la humedad<\/li>\n<li>Utilizar r\u00e1pidamente las soluciones reconstituidas en condiciones de laboratorio adecuadas<\/li>\n<\/ul>\n<h3>Notas<\/h3>\n<ul>\n<li>Fabricado en <strong>Conforme a las GMP<\/strong> instalaciones<\/li>\n<li>HPLC\/COA disponible previa solicitud<\/li>\n<li>S\u00f3lo para investigaci\u00f3n de laboratorio. Los productos no est\u00e1n etiquetados para uso m\u00e9dico.<\/li>\n<\/ul>","protected":false},"excerpt":{"rendered":"<p><strong>Nombre:<\/strong> P\u00e9ptido en polvo 99% Purity Selank<br \/>\n<strong>Funci\u00f3n:<\/strong> Investigaci\u00f3n sobre nootr\u00f3picos y ansiol\u00edticos; cognici\u00f3n, estado de \u00e1nimo y modulaci\u00f3n inmunol\u00f3gica<br \/>\n<strong>Especificaci\u00f3n:<\/strong> 5 mg y 10 mg por vial; 10 vials\/kit<br \/>\n<strong>CAS:<\/strong> 129954-34-3<br \/>\n<strong>Apariencia:<\/strong> Polvo blanco lyophilized<\/p>","protected":false},"featured_media":9050,"comment_status":"open","ping_status":"closed","template":"","meta":[],"product_cat":[59],"product_tag":[164,153,163],"class_list":{"0":"post-9056","1":"product","2":"type-product","3":"status-publish","4":"has-post-thumbnail","6":"product_brand-dp-hghpeptides","7":"product_brand-hgh-peptides-lab","8":"product_cat-nootropic-peptides-anti-aging","9":"product_tag-nootropic-cognitive-focus-peptides","10":"product_tag-selank","11":"product_tag-sleep-stress-support-peptides","13":"first","14":"instock","15":"shipping-taxable","16":"purchasable","17":"product-type-variable","18":"has-default-attributes"},"yoast_head":"<!-- This site is optimized with the Yoast SEO Premium plugin v27.5 (Yoast SEO v27.5) - https:\/\/yoast.com\/product\/yoast-seo-premium-wordpress\/ -->\n<title>Selank Peptide for Calm &amp; Clarity | HGH Peptides Lab \u2013 Pharmaceutical-Grade Quality<\/title>\n<meta name=\"description\" content=\"Order Selank from a China GMP lab\u201499% purity with HPLC\/COA. Factory-direct selling and global shipping for stress relief, mood balance and clear focus.\" \/>\n<meta name=\"robots\" content=\"index, follow, max-snippet:-1, max-image-preview:large, max-video-preview:-1\" \/>\n<link rel=\"canonical\" href=\"https:\/\/hghpeptideslab.com\/es\/product\/selank-peptide\/\" \/>\n<meta property=\"og:locale\" content=\"es_ES\" \/>\n<meta property=\"og:type\" content=\"article\" \/>\n<meta property=\"og:title\" content=\"Selank Peptide\" \/>\n<meta property=\"og:description\" content=\"Order Selank from a China GMP lab\u201499% purity with HPLC\/COA. Factory-direct selling and global shipping for stress relief, mood balance and clear focus.\" \/>\n<meta property=\"og:url\" content=\"https:\/\/hghpeptideslab.com\/es\/product\/selank-peptide\/\" \/>\n<meta property=\"og:site_name\" content=\"HGH Peptides Lab\" \/>\n<meta property=\"article:modified_time\" content=\"2026-04-13T00:29:54+00:00\" \/>\n<meta property=\"og:image\" content=\"https:\/\/hghpeptideslab.com\/wp-content\/uploads\/2025\/08\/selank5mg.jpg\" \/>\n\t<meta property=\"og:image:width\" content=\"800\" \/>\n\t<meta property=\"og:image:height\" content=\"800\" \/>\n\t<meta property=\"og:image:type\" content=\"image\/jpeg\" \/>\n<meta name=\"twitter:card\" content=\"summary_large_image\" \/>\n<meta name=\"twitter:label1\" content=\"Tiempo de lectura\" \/>\n\t<meta name=\"twitter:data1\" content=\"1 minuto\" \/>\n<script type=\"application\/ld+json\" class=\"yoast-schema-graph\">{\"@context\":\"https:\\\/\\\/schema.org\",\"@graph\":[{\"@type\":\"WebPage\",\"@id\":\"https:\\\/\\\/hghpeptideslab.com\\\/product\\\/selank-peptide\\\/\",\"url\":\"https:\\\/\\\/hghpeptideslab.com\\\/product\\\/selank-peptide\\\/\",\"name\":\"Selank Peptide for Calm & Clarity | HGH Peptides Lab \u2013 Pharmaceutical-Grade Quality\",\"isPartOf\":{\"@id\":\"https:\\\/\\\/hghpeptideslab.com\\\/#website\"},\"primaryImageOfPage\":{\"@id\":\"https:\\\/\\\/hghpeptideslab.com\\\/product\\\/selank-peptide\\\/#primaryimage\"},\"image\":{\"@id\":\"https:\\\/\\\/hghpeptideslab.com\\\/product\\\/selank-peptide\\\/#primaryimage\"},\"thumbnailUrl\":\"https:\\\/\\\/hghpeptideslab.com\\\/wp-content\\\/uploads\\\/2025\\\/08\\\/selank5mg.jpg\",\"datePublished\":\"2025-08-16T18:34:02+00:00\",\"dateModified\":\"2026-04-13T00:29:54+00:00\",\"description\":\"Order Selank from a China GMP lab\u201499% purity with HPLC\\\/COA. Factory-direct selling and global shipping for stress relief, mood balance and clear focus.\",\"breadcrumb\":{\"@id\":\"https:\\\/\\\/hghpeptideslab.com\\\/product\\\/selank-peptide\\\/#breadcrumb\"},\"inLanguage\":\"es\",\"potentialAction\":[{\"@type\":\"ReadAction\",\"target\":[\"https:\\\/\\\/hghpeptideslab.com\\\/product\\\/selank-peptide\\\/\"]}],\"copyrightNotice\":\"\u00a9 2010\u20132026 HGH Peptides Lab. All Rights Reserved.\"},{\"@type\":\"ImageObject\",\"inLanguage\":\"es\",\"@id\":\"https:\\\/\\\/hghpeptideslab.com\\\/product\\\/selank-peptide\\\/#primaryimage\",\"url\":\"https:\\\/\\\/hghpeptideslab.com\\\/wp-content\\\/uploads\\\/2025\\\/08\\\/selank5mg.jpg\",\"contentUrl\":\"https:\\\/\\\/hghpeptideslab.com\\\/wp-content\\\/uploads\\\/2025\\\/08\\\/selank5mg.jpg\",\"width\":800,\"height\":800,\"caption\":\"5 mg vial, 99%+ purity, HPLC\\\/COA on request\"},{\"@type\":\"BreadcrumbList\",\"@id\":\"https:\\\/\\\/hghpeptideslab.com\\\/product\\\/selank-peptide\\\/#breadcrumb\",\"itemListElement\":[{\"@type\":\"ListItem\",\"position\":1,\"name\":\"Home\",\"item\":\"https:\\\/\\\/hghpeptideslab.com\\\/\"},{\"@type\":\"ListItem\",\"position\":2,\"name\":\"Shop\",\"item\":\"https:\\\/\\\/hghpeptideslab.com\\\/shop\\\/\"},{\"@type\":\"ListItem\",\"position\":3,\"name\":\"Selank Peptide\"}]},{\"@type\":\"WebSite\",\"@id\":\"https:\\\/\\\/hghpeptideslab.com\\\/#website\",\"url\":\"https:\\\/\\\/hghpeptideslab.com\\\/\",\"name\":\"HGH Peptides Lab\",\"description\":\"Premium Peptides &amp; HGH Shop\",\"publisher\":{\"@id\":\"https:\\\/\\\/hghpeptideslab.com\\\/#organization\"},\"potentialAction\":[{\"@type\":\"SearchAction\",\"target\":{\"@type\":\"EntryPoint\",\"urlTemplate\":\"https:\\\/\\\/hghpeptideslab.com\\\/?s={search_term_string}\"},\"query-input\":{\"@type\":\"PropertyValueSpecification\",\"valueRequired\":true,\"valueName\":\"search_term_string\"}}],\"inLanguage\":\"es\"},{\"@type\":\"Organization\",\"@id\":\"https:\\\/\\\/hghpeptideslab.com\\\/#organization\",\"name\":\"HGH Peptides Lab\",\"url\":\"https:\\\/\\\/hghpeptideslab.com\\\/es\\\/\",\"logo\":{\"@type\":\"ImageObject\",\"url\":\"https:\\\/\\\/hghpeptideslab.com\\\/wp-content\\\/uploads\\\/2025\\\/07\\\/HGHPEPTIDESLAB-Logo.png\"},\"image\":{\"@id\":\"https:\\\/\\\/hghpeptideslab.com\\\/#\\\/schema\\\/logo\\\/image\\\/\"},\"foundingDate\":\"2010\",\"contactPoint\":[{\"@type\":\"ContactPoint\",\"contactType\":\"customer support\",\"telephone\":\"+85247559641\",\"email\":\"CYGGL2025@gmail.com\",\"availableLanguage\":[\"en\"]}]}]}<\/script>\n<!-- \/ Yoast SEO Premium plugin. -->","yoast_head_json":{"title":"Selank Peptide para Calma y Claridad | HGH Peptides Lab - Calidad de Grado Farmac\u00e9utico","description":"Pedir Selank de un laboratorio de China GMP-99% purity con HPLC\/COA. Venta directa de f\u00e1brica y env\u00edo global para el alivio del estr\u00e9s, el equilibrio del estado de \u00e1nimo y el enfoque claro.","robots":{"index":"index","follow":"follow","max-snippet":"max-snippet:-1","max-image-preview":"max-image-preview:large","max-video-preview":"max-video-preview:-1"},"canonical":"https:\/\/hghpeptideslab.com\/es\/product\/selank-peptide\/","og_locale":"es_ES","og_type":"article","og_title":"Selank Peptide","og_description":"Order Selank from a China GMP lab\u201499% purity with HPLC\/COA. Factory-direct selling and global shipping for stress relief, mood balance and clear focus.","og_url":"https:\/\/hghpeptideslab.com\/es\/product\/selank-peptide\/","og_site_name":"HGH Peptides Lab","article_modified_time":"2026-04-13T00:29:54+00:00","og_image":[{"width":800,"height":800,"url":"https:\/\/hghpeptideslab.com\/wp-content\/uploads\/2025\/08\/selank5mg.jpg","type":"image\/jpeg"}],"twitter_card":"summary_large_image","twitter_misc":{"Tiempo de lectura":"1 minuto"},"schema":{"@context":"https:\/\/schema.org","@graph":[{"@type":"WebPage","@id":"https:\/\/hghpeptideslab.com\/product\/selank-peptide\/","url":"https:\/\/hghpeptideslab.com\/product\/selank-peptide\/","name":"Selank Peptide para Calma y Claridad | HGH Peptides Lab - Calidad de Grado Farmac\u00e9utico","isPartOf":{"@id":"https:\/\/hghpeptideslab.com\/#website"},"primaryImageOfPage":{"@id":"https:\/\/hghpeptideslab.com\/product\/selank-peptide\/#primaryimage"},"image":{"@id":"https:\/\/hghpeptideslab.com\/product\/selank-peptide\/#primaryimage"},"thumbnailUrl":"https:\/\/hghpeptideslab.com\/wp-content\/uploads\/2025\/08\/selank5mg.jpg","datePublished":"2025-08-16T18:34:02+00:00","dateModified":"2026-04-13T00:29:54+00:00","description":"Pedir Selank de un laboratorio de China GMP-99% purity con HPLC\/COA. Venta directa de f\u00e1brica y env\u00edo global para el alivio del estr\u00e9s, el equilibrio del estado de \u00e1nimo y el enfoque claro.","breadcrumb":{"@id":"https:\/\/hghpeptideslab.com\/product\/selank-peptide\/#breadcrumb"},"inLanguage":"es","potentialAction":[{"@type":"ReadAction","target":["https:\/\/hghpeptideslab.com\/product\/selank-peptide\/"]}],"copyrightNotice":"\u00a9 2010\u20132026 HGH Peptides Lab. All Rights Reserved."},{"@type":"ImageObject","inLanguage":"es","@id":"https:\/\/hghpeptideslab.com\/product\/selank-peptide\/#primaryimage","url":"https:\/\/hghpeptideslab.com\/wp-content\/uploads\/2025\/08\/selank5mg.jpg","contentUrl":"https:\/\/hghpeptideslab.com\/wp-content\/uploads\/2025\/08\/selank5mg.jpg","width":800,"height":800,"caption":"5 mg vial, 99%+ purity, HPLC\/COA on request"},{"@type":"BreadcrumbList","@id":"https:\/\/hghpeptideslab.com\/product\/selank-peptide\/#breadcrumb","itemListElement":[{"@type":"ListItem","position":1,"name":"Home","item":"https:\/\/hghpeptideslab.com\/"},{"@type":"ListItem","position":2,"name":"Shop","item":"https:\/\/hghpeptideslab.com\/shop\/"},{"@type":"ListItem","position":3,"name":"Selank Peptide"}]},{"@type":"WebSite","@id":"https:\/\/hghpeptideslab.com\/#website","url":"https:\/\/hghpeptideslab.com\/","name":"Laboratorio de p\u00e9ptidos HGH","description":"Tienda Premium de P\u00e9ptidos y HGH","publisher":{"@id":"https:\/\/hghpeptideslab.com\/#organization"},"potentialAction":[{"@type":"SearchAction","target":{"@type":"EntryPoint","urlTemplate":"https:\/\/hghpeptideslab.com\/?s={search_term_string}"},"query-input":{"@type":"PropertyValueSpecification","valueRequired":true,"valueName":"search_term_string"}}],"inLanguage":"es"},{"@type":"Organization","@id":"https:\/\/hghpeptideslab.com\/#organization","name":"Laboratorio de p\u00e9ptidos HGH","url":"https:\/\/hghpeptideslab.com\/es\/","logo":{"@type":"ImageObject","url":"https:\/\/hghpeptideslab.com\/wp-content\/uploads\/2025\/07\/HGHPEPTIDESLAB-Logo.png"},"image":{"@id":"https:\/\/hghpeptideslab.com\/#\/schema\/logo\/image\/"},"foundingDate":"2010","contactPoint":[{"@type":"ContactPoint","contactType":"customer support","telephone":"+85247559641","email":"CYGGL2025@gmail.com","availableLanguage":["en"]}]}]}},"_links":{"self":[{"href":"https:\/\/hghpeptideslab.com\/es\/wp-json\/wp\/v2\/product\/9056","targetHints":{"allow":["GET"]}}],"collection":[{"href":"https:\/\/hghpeptideslab.com\/es\/wp-json\/wp\/v2\/product"}],"about":[{"href":"https:\/\/hghpeptideslab.com\/es\/wp-json\/wp\/v2\/types\/product"}],"replies":[{"embeddable":true,"href":"https:\/\/hghpeptideslab.com\/es\/wp-json\/wp\/v2\/comments?post=9056"}],"wp:featuredmedia":[{"embeddable":true,"href":"https:\/\/hghpeptideslab.com\/es\/wp-json\/wp\/v2\/media\/9050"}],"wp:attachment":[{"href":"https:\/\/hghpeptideslab.com\/es\/wp-json\/wp\/v2\/media?parent=9056"}],"wp:term":[{"taxonomy":"product_cat","embeddable":true,"href":"https:\/\/hghpeptideslab.com\/es\/wp-json\/wp\/v2\/product_cat?post=9056"},{"taxonomy":"product_tag","embeddable":true,"href":"https:\/\/hghpeptideslab.com\/es\/wp-json\/wp\/v2\/product_tag?post=9056"}],"curies":[{"name":"wp","href":"https:\/\/api.w.org\/{rel}","templated":true}]}}