{"id":9153,"date":"2025-08-17T21:41:33","date_gmt":"2025-08-17T21:41:33","guid":{"rendered":"https:\/\/hghpeptideslab.com\/?post_type=product&#038;p=9153"},"modified":"2026-01-16T19:02:19","modified_gmt":"2026-01-16T19:02:19","slug":"melanotan-ii-mt2","status":"publish","type":"product","link":"https:\/\/hghpeptideslab.com\/es\/product\/melanotan-ii-mt2\/","title":{"rendered":"P\u00e9ptido Melanotan II (MT2)"},"content":{"rendered":"<h3>Visi\u00f3n general<\/h3>\n<p>Melanotan II (MT2) es un p\u00e9ptido de investigaci\u00f3n implicado en las v\u00edas del receptor de melanocortina, ampliamente referenciado en estudios de <em>melanog\u00e9nesis<\/em>pigmentaci\u00f3n de la piel y modelos de fotoprotecci\u00f3n. Nuestro material es <strong>Fabricado seg\u00fan las GMP<\/strong> p\u00e9ptido de calidad farmac\u00e9utica con <strong>99%+ pureza<\/strong>. <strong>HPLC\/COA<\/strong> est\u00e1 disponible previa solicitud.<\/p>\n<h3>Caracter\u00edsticas principales<\/h3>\n<ul>\n<li><strong>Fuerza:<\/strong> 10 mg por vial<\/li>\n<li><strong>Tama\u00f1o Kit:<\/strong> 10 vials\/kit<\/li>\n<li>Blanco lyophilized powder para protocolos flexibles de investigaci\u00f3n cosm\u00e9tica<\/li>\n<li>Documentaci\u00f3n: HPLC cromatograma \/ COA a petici\u00f3n<\/li>\n<\/ul>\n<h3>Enfoques t\u00edpicos de la investigaci\u00f3n<\/h3>\n<ul>\n<li>Investigaci\u00f3n sobre la melanog\u00e9nesis y la pigmentaci\u00f3n<\/li>\n<li>Fotoprotecci\u00f3n y modelos cosm\u00e9ticos con respuesta UV<\/li>\n<li>Cribado t\u00f3pico\/vehicular y estudios cut\u00e1neos ex vivo<\/li>\n<li>Conceptos cosm\u00e9ticos para mejorar el aspecto y el tono<\/li>\n<\/ul>\n<h3>Almacenamiento y estabilidad<\/h3>\n<ul>\n<li>Almacenar sellado a <strong>2-8 \u00b0C<\/strong>proteger de la luz y la humedad<\/li>\n<li>Utilizar r\u00e1pidamente las soluciones reconstituidas en condiciones de laboratorio adecuadas<\/li>\n<\/ul>\n<h3>Notas<\/h3>\n<ul>\n<li>Fabricado en <strong>Conforme a las GMP<\/strong> instalaciones; control de procesos de calidad farmac\u00e9utica<\/li>\n<li><strong>CAS:<\/strong> 121062-08-6; <strong>HPLC\/COA<\/strong> disponible previa solicitud<\/li>\n<li>S\u00f3lo para investigaci\u00f3n de laboratorio. Los productos no est\u00e1n etiquetados para uso m\u00e9dico.<\/li>\n<\/ul>","protected":false},"excerpt":{"rendered":"<p><strong>Nombre:<\/strong> P\u00e9ptido en polvo 99% Purity Melanotan II (MT2)<br \/>\n<strong>Funci\u00f3n:<\/strong> Investigaci\u00f3n sobre pigmentaci\u00f3n cut\u00e1nea y fotoprotecci\u00f3n; estudios sobre la v\u00eda del bronceado y la melanog\u00e9nesis<br \/>\n<strong>Especificaci\u00f3n:<\/strong> 10 mg por vial; 10 vials\/kit<br \/>\n<strong>CAS:<\/strong> 121062-08-6<br \/>\n<strong>Apariencia:<\/strong> Polvo blanco lyophilized<\/p>","protected":false},"featured_media":9150,"comment_status":"open","ping_status":"closed","template":"","meta":[],"product_cat":[56,60],"product_tag":[131,167,165],"class_list":{"0":"post-9153","1":"product","2":"type-product","3":"status-publish","4":"has-post-thumbnail","6":"product_brand-dp-hghpeptides","7":"product_brand-hgh-peptides-lab","8":"product_cat-cosmetic-peptides","9":"product_cat-specialty-peptides","10":"product_tag-melanotan-2","11":"product_tag-overall-wellness-peptides","12":"product_tag-skin-beauty-peptides","14":"first","15":"instock","16":"featured","17":"shipping-taxable","18":"purchasable","19":"product-type-simple"},"yoast_head":"<!-- This site is optimized with the Yoast SEO Premium plugin v27.5 (Yoast SEO v27.5) - https:\/\/yoast.com\/product\/yoast-seo-premium-wordpress\/ -->\n<title>Melanotan II (MT2) Peptide 10mg | Factory-Direct China GMP Lab \u2013 99% Purity<\/title>\n<meta name=\"description\" content=\"Order Melanotan II (MT2) 10mg from a China-based GMP lab \u2014 99% purity with HPLC\/COA. Factory-direct selling and fast worldwide shipping for pigmentation research.\" \/>\n<meta name=\"robots\" content=\"index, follow, max-snippet:-1, max-image-preview:large, max-video-preview:-1\" \/>\n<link rel=\"canonical\" href=\"https:\/\/hghpeptideslab.com\/es\/product\/melanotan-ii-mt2\/\" \/>\n<meta property=\"og:locale\" content=\"es_ES\" \/>\n<meta property=\"og:type\" content=\"article\" \/>\n<meta property=\"og:title\" content=\"Melanotan II (MT2) Peptide\" \/>\n<meta property=\"og:description\" content=\"Order Melanotan II (MT2) 10mg from a China-based GMP lab \u2014 99% purity with HPLC\/COA. Factory-direct selling and fast worldwide shipping for pigmentation research.\" \/>\n<meta property=\"og:url\" content=\"https:\/\/hghpeptideslab.com\/es\/product\/melanotan-ii-mt2\/\" \/>\n<meta property=\"og:site_name\" content=\"HGH Peptides Lab\" \/>\n<meta property=\"article:modified_time\" content=\"2026-01-16T19:02:19+00:00\" \/>\n<meta property=\"og:image\" content=\"https:\/\/hghpeptideslab.com\/wp-content\/uploads\/2025\/08\/melanotanii10mg.jpg\" \/>\n\t<meta property=\"og:image:width\" content=\"800\" \/>\n\t<meta property=\"og:image:height\" content=\"800\" \/>\n\t<meta property=\"og:image:type\" content=\"image\/jpeg\" \/>\n<meta name=\"twitter:card\" content=\"summary_large_image\" \/>\n<meta name=\"twitter:label1\" content=\"Tiempo de lectura\" \/>\n\t<meta name=\"twitter:data1\" content=\"1 minuto\" \/>\n<script type=\"application\/ld+json\" class=\"yoast-schema-graph\">{\"@context\":\"https:\\\/\\\/schema.org\",\"@graph\":[{\"@type\":\"WebPage\",\"@id\":\"https:\\\/\\\/hghpeptideslab.com\\\/product\\\/melanotan-ii-mt2\\\/\",\"url\":\"https:\\\/\\\/hghpeptideslab.com\\\/product\\\/melanotan-ii-mt2\\\/\",\"name\":\"Melanotan II (MT2) Peptide 10mg | Factory-Direct China GMP Lab \u2013 99% Purity\",\"isPartOf\":{\"@id\":\"https:\\\/\\\/hghpeptideslab.com\\\/#website\"},\"primaryImageOfPage\":{\"@id\":\"https:\\\/\\\/hghpeptideslab.com\\\/product\\\/melanotan-ii-mt2\\\/#primaryimage\"},\"image\":{\"@id\":\"https:\\\/\\\/hghpeptideslab.com\\\/product\\\/melanotan-ii-mt2\\\/#primaryimage\"},\"thumbnailUrl\":\"https:\\\/\\\/hghpeptideslab.com\\\/wp-content\\\/uploads\\\/2025\\\/08\\\/melanotanii10mg.jpg\",\"datePublished\":\"2025-08-17T21:41:33+00:00\",\"dateModified\":\"2026-01-16T19:02:19+00:00\",\"description\":\"Order Melanotan II (MT2) 10mg from a China-based GMP lab \u2014 99% purity with HPLC\\\/COA. Factory-direct selling and fast worldwide shipping for pigmentation research.\",\"breadcrumb\":{\"@id\":\"https:\\\/\\\/hghpeptideslab.com\\\/product\\\/melanotan-ii-mt2\\\/#breadcrumb\"},\"inLanguage\":\"es\",\"potentialAction\":[{\"@type\":\"ReadAction\",\"target\":[\"https:\\\/\\\/hghpeptideslab.com\\\/product\\\/melanotan-ii-mt2\\\/\"]}],\"copyrightNotice\":\"\u00a9 2010\u20132026 HGH Peptides Lab. All Rights Reserved.\"},{\"@type\":\"ImageObject\",\"inLanguage\":\"es\",\"@id\":\"https:\\\/\\\/hghpeptideslab.com\\\/product\\\/melanotan-ii-mt2\\\/#primaryimage\",\"url\":\"https:\\\/\\\/hghpeptideslab.com\\\/wp-content\\\/uploads\\\/2025\\\/08\\\/melanotanii10mg.jpg\",\"contentUrl\":\"https:\\\/\\\/hghpeptideslab.com\\\/wp-content\\\/uploads\\\/2025\\\/08\\\/melanotanii10mg.jpg\",\"width\":800,\"height\":800,\"caption\":\"MT2 10mg vial (white lyophilized powder); factory direct, HPLC\\\/COA on request.\"},{\"@type\":\"BreadcrumbList\",\"@id\":\"https:\\\/\\\/hghpeptideslab.com\\\/product\\\/melanotan-ii-mt2\\\/#breadcrumb\",\"itemListElement\":[{\"@type\":\"ListItem\",\"position\":1,\"name\":\"Home\",\"item\":\"https:\\\/\\\/hghpeptideslab.com\\\/\"},{\"@type\":\"ListItem\",\"position\":2,\"name\":\"Shop\",\"item\":\"https:\\\/\\\/hghpeptideslab.com\\\/shop\\\/\"},{\"@type\":\"ListItem\",\"position\":3,\"name\":\"Melanotan II (MT2) Peptide\"}]},{\"@type\":\"WebSite\",\"@id\":\"https:\\\/\\\/hghpeptideslab.com\\\/#website\",\"url\":\"https:\\\/\\\/hghpeptideslab.com\\\/\",\"name\":\"HGH Peptides Lab\",\"description\":\"Premium Peptides &amp; HGH Shop\",\"publisher\":{\"@id\":\"https:\\\/\\\/hghpeptideslab.com\\\/#organization\"},\"potentialAction\":[{\"@type\":\"SearchAction\",\"target\":{\"@type\":\"EntryPoint\",\"urlTemplate\":\"https:\\\/\\\/hghpeptideslab.com\\\/?s={search_term_string}\"},\"query-input\":{\"@type\":\"PropertyValueSpecification\",\"valueRequired\":true,\"valueName\":\"search_term_string\"}}],\"inLanguage\":\"es\"},{\"@type\":\"Organization\",\"@id\":\"https:\\\/\\\/hghpeptideslab.com\\\/#organization\",\"name\":\"HGH Peptides Lab\",\"url\":\"https:\\\/\\\/hghpeptideslab.com\\\/es\\\/\",\"logo\":{\"@type\":\"ImageObject\",\"url\":\"https:\\\/\\\/hghpeptideslab.com\\\/wp-content\\\/uploads\\\/2025\\\/07\\\/HGHPEPTIDESLAB-Logo.png\"},\"image\":{\"@id\":\"https:\\\/\\\/hghpeptideslab.com\\\/#\\\/schema\\\/logo\\\/image\\\/\"},\"foundingDate\":\"2010\",\"contactPoint\":[{\"@type\":\"ContactPoint\",\"contactType\":\"customer support\",\"telephone\":\"+85247559641\",\"email\":\"CYGGL2025@gmail.com\",\"availableLanguage\":[\"en\"]}]}]}<\/script>\n<!-- \/ Yoast SEO Premium plugin. -->","yoast_head_json":{"title":"Melanotan II (MT2) P\u00e9ptido 10mg | Factory-Direct China GMP Lab - 99% Purity","description":"Pida Melanotan II (MT2) 10mg a un laboratorio de GMP con sede en China - 99% de pureza con HPLC\/COA. Venta directa de f\u00e1brica y env\u00edo r\u00e1pido a todo el mundo para la investigaci\u00f3n de la pigmentaci\u00f3n.","robots":{"index":"index","follow":"follow","max-snippet":"max-snippet:-1","max-image-preview":"max-image-preview:large","max-video-preview":"max-video-preview:-1"},"canonical":"https:\/\/hghpeptideslab.com\/es\/product\/melanotan-ii-mt2\/","og_locale":"es_ES","og_type":"article","og_title":"Melanotan II (MT2) Peptide","og_description":"Order Melanotan II (MT2) 10mg from a China-based GMP lab \u2014 99% purity with HPLC\/COA. Factory-direct selling and fast worldwide shipping for pigmentation research.","og_url":"https:\/\/hghpeptideslab.com\/es\/product\/melanotan-ii-mt2\/","og_site_name":"HGH Peptides Lab","article_modified_time":"2026-01-16T19:02:19+00:00","og_image":[{"width":800,"height":800,"url":"https:\/\/hghpeptideslab.com\/wp-content\/uploads\/2025\/08\/melanotanii10mg.jpg","type":"image\/jpeg"}],"twitter_card":"summary_large_image","twitter_misc":{"Tiempo de lectura":"1 minuto"},"schema":{"@context":"https:\/\/schema.org","@graph":[{"@type":"WebPage","@id":"https:\/\/hghpeptideslab.com\/product\/melanotan-ii-mt2\/","url":"https:\/\/hghpeptideslab.com\/product\/melanotan-ii-mt2\/","name":"Melanotan II (MT2) P\u00e9ptido 10mg | Factory-Direct China GMP Lab - 99% Purity","isPartOf":{"@id":"https:\/\/hghpeptideslab.com\/#website"},"primaryImageOfPage":{"@id":"https:\/\/hghpeptideslab.com\/product\/melanotan-ii-mt2\/#primaryimage"},"image":{"@id":"https:\/\/hghpeptideslab.com\/product\/melanotan-ii-mt2\/#primaryimage"},"thumbnailUrl":"https:\/\/hghpeptideslab.com\/wp-content\/uploads\/2025\/08\/melanotanii10mg.jpg","datePublished":"2025-08-17T21:41:33+00:00","dateModified":"2026-01-16T19:02:19+00:00","description":"Pida Melanotan II (MT2) 10mg a un laboratorio de GMP con sede en China - 99% de pureza con HPLC\/COA. Venta directa de f\u00e1brica y env\u00edo r\u00e1pido a todo el mundo para la investigaci\u00f3n de la pigmentaci\u00f3n.","breadcrumb":{"@id":"https:\/\/hghpeptideslab.com\/product\/melanotan-ii-mt2\/#breadcrumb"},"inLanguage":"es","potentialAction":[{"@type":"ReadAction","target":["https:\/\/hghpeptideslab.com\/product\/melanotan-ii-mt2\/"]}],"copyrightNotice":"\u00a9 2010\u20132026 HGH Peptides Lab. All Rights Reserved."},{"@type":"ImageObject","inLanguage":"es","@id":"https:\/\/hghpeptideslab.com\/product\/melanotan-ii-mt2\/#primaryimage","url":"https:\/\/hghpeptideslab.com\/wp-content\/uploads\/2025\/08\/melanotanii10mg.jpg","contentUrl":"https:\/\/hghpeptideslab.com\/wp-content\/uploads\/2025\/08\/melanotanii10mg.jpg","width":800,"height":800,"caption":"MT2 10mg vial (white lyophilized powder); factory direct, HPLC\/COA on request."},{"@type":"BreadcrumbList","@id":"https:\/\/hghpeptideslab.com\/product\/melanotan-ii-mt2\/#breadcrumb","itemListElement":[{"@type":"ListItem","position":1,"name":"Home","item":"https:\/\/hghpeptideslab.com\/"},{"@type":"ListItem","position":2,"name":"Shop","item":"https:\/\/hghpeptideslab.com\/shop\/"},{"@type":"ListItem","position":3,"name":"Melanotan II (MT2) Peptide"}]},{"@type":"WebSite","@id":"https:\/\/hghpeptideslab.com\/#website","url":"https:\/\/hghpeptideslab.com\/","name":"Laboratorio de p\u00e9ptidos HGH","description":"Tienda Premium de P\u00e9ptidos y HGH","publisher":{"@id":"https:\/\/hghpeptideslab.com\/#organization"},"potentialAction":[{"@type":"SearchAction","target":{"@type":"EntryPoint","urlTemplate":"https:\/\/hghpeptideslab.com\/?s={search_term_string}"},"query-input":{"@type":"PropertyValueSpecification","valueRequired":true,"valueName":"search_term_string"}}],"inLanguage":"es"},{"@type":"Organization","@id":"https:\/\/hghpeptideslab.com\/#organization","name":"Laboratorio de p\u00e9ptidos HGH","url":"https:\/\/hghpeptideslab.com\/es\/","logo":{"@type":"ImageObject","url":"https:\/\/hghpeptideslab.com\/wp-content\/uploads\/2025\/07\/HGHPEPTIDESLAB-Logo.png"},"image":{"@id":"https:\/\/hghpeptideslab.com\/#\/schema\/logo\/image\/"},"foundingDate":"2010","contactPoint":[{"@type":"ContactPoint","contactType":"customer support","telephone":"+85247559641","email":"CYGGL2025@gmail.com","availableLanguage":["en"]}]}]}},"_links":{"self":[{"href":"https:\/\/hghpeptideslab.com\/es\/wp-json\/wp\/v2\/product\/9153","targetHints":{"allow":["GET"]}}],"collection":[{"href":"https:\/\/hghpeptideslab.com\/es\/wp-json\/wp\/v2\/product"}],"about":[{"href":"https:\/\/hghpeptideslab.com\/es\/wp-json\/wp\/v2\/types\/product"}],"replies":[{"embeddable":true,"href":"https:\/\/hghpeptideslab.com\/es\/wp-json\/wp\/v2\/comments?post=9153"}],"wp:featuredmedia":[{"embeddable":true,"href":"https:\/\/hghpeptideslab.com\/es\/wp-json\/wp\/v2\/media\/9150"}],"wp:attachment":[{"href":"https:\/\/hghpeptideslab.com\/es\/wp-json\/wp\/v2\/media?parent=9153"}],"wp:term":[{"taxonomy":"product_cat","embeddable":true,"href":"https:\/\/hghpeptideslab.com\/es\/wp-json\/wp\/v2\/product_cat?post=9153"},{"taxonomy":"product_tag","embeddable":true,"href":"https:\/\/hghpeptideslab.com\/es\/wp-json\/wp\/v2\/product_tag?post=9153"}],"curies":[{"name":"wp","href":"https:\/\/api.w.org\/{rel}","templated":true}]}}