{"id":9489,"date":"2025-09-02T04:08:09","date_gmt":"2025-09-02T04:08:09","guid":{"rendered":"https:\/\/hghpeptideslab.com\/?post_type=product&#038;p=9489"},"modified":"2026-01-16T19:02:19","modified_gmt":"2026-01-16T19:02:19","slug":"blend-bpc157-5mg-tb500-5mg","status":"publish","type":"product","link":"https:\/\/hghpeptideslab.com\/es\/product\/blend-bpc157-5mg-tb500-5mg\/","title":{"rendered":"Blend BPC-157 5mg + TB-500 5mg"},"content":{"rendered":"<h3>Visi\u00f3n general<\/h3>\n<p>Esta mezcla de BPC-157 + TB-500 (5 mg + 5 mg por vial) se menciona con frecuencia en los debates de investigaci\u00f3n sobre los marcos de soporte y recuperaci\u00f3n de los tejidos blandos. Material suministrado como <strong>grado farmac\u00e9utico<\/strong> p\u00e9ptido con <strong>99%+ pureza<\/strong>. La documentaci\u00f3n est\u00e1 disponible a petici\u00f3n de los compradores profesionales.<\/p>\n<h3>Caracter\u00edsticas principales<\/h3>\n<ul>\n<li>Mezcla fija por vial: <strong>5 mg BPC-157 + 5 mg TB-500<\/strong><\/li>\n<li>Tama\u00f1o Kit: <strong>10 vials\/Kit<\/strong><\/li>\n<li>White lyophilized powder para protocolos flexibles<\/li>\n<li>Calidad constante de los lotes; embalaje profesional<\/li>\n<\/ul>\n<h3>Enfoques t\u00edpicos de la investigaci\u00f3n<\/h3>\n<ul>\n<li>Modelos de recuperaci\u00f3n de tendones\/ligamentos y articulaciones<\/li>\n<li>Debates sobre reparaci\u00f3n muscular y recuperaci\u00f3n post-ejercicio<\/li>\n<li>Curaci\u00f3n de tejidos blandos e investigaciones relacionadas con el uso excesivo<\/li>\n<\/ul>\n<h3>Almacenamiento y estabilidad<\/h3>\n<ul>\n<li>Almacenar sellado a <strong>2-8 \u00b0C<\/strong>, protegido de la luz y la humedad<\/li>\n<li>Se recomienda utilizar r\u00e1pidamente las soluciones reconstituidas en condiciones de laboratorio adecuadas<\/li>\n<\/ul>\n<h3>Notas<\/h3>\n<ul>\n<li><strong>Pharmaceutical-grade quality<\/strong>pureza 99%<\/li>\n<li>Documentaci\u00f3n disponible previa petici\u00f3n<\/li>\n<li>S\u00f3lo para investigaci\u00f3n de laboratorio. Los productos no est\u00e1n etiquetados para uso m\u00e9dico.<\/li>\n<\/ul>","protected":false},"excerpt":{"rendered":"<p><strong>Nombre:<\/strong> Mezcla de p\u00e9ptidos 99% Purity BPC-157 + TB-500 (5 mg + 5 mg)<br \/>\n<strong>Funci\u00f3n:<\/strong> Apoyo a tendones y articulaciones; recuperaci\u00f3n y curaci\u00f3n muscular<br \/>\n<strong>Especificaci\u00f3n:<\/strong> 5 mg + 5 mg por vial; 10 vials\/Kit<br \/>\n<strong>CAS:<\/strong> BPC-157: 137525-51-0; Timosina \u03b24 (TB-500): 77591-33-4<br \/>\n<strong>Apariencia:<\/strong> Polvo blanco lyophilized<\/p>","protected":false},"featured_media":9485,"comment_status":"open","ping_status":"closed","template":"","meta":[],"product_cat":[51],"product_tag":[159,320,296,120,316,314,121,315],"class_list":{"0":"post-9489","1":"product","2":"type-product","3":"status-publish","4":"has-post-thumbnail","6":"product_brand-dp-hghpeptides","7":"product_brand-hgh-peptides-lab","8":"product_cat-peptides-for-healing","9":"product_tag-anti-inflammatory-peptides","10":"product_tag-beginner-friendly-peptides","11":"product_tag-blend-bpc-157-5mg-tb-500-5mg","12":"product_tag-bpc-157","13":"product_tag-muscle-recovery-peptides","14":"product_tag-peptide-dual-blend","15":"product_tag-tb-500","16":"product_tag-tendon-joint-support-peptides","18":"first","19":"instock","20":"featured","21":"shipping-taxable","22":"purchasable","23":"product-type-simple"},"yoast_head":"<!-- This site is optimized with the Yoast SEO Premium plugin v27.3 (Yoast SEO v27.3) - https:\/\/yoast.com\/product\/yoast-seo-premium-wordpress\/ -->\n<title>Buy BPC-157 + TB-500 Blend 5mg\/5mg \u2014 Price, Specs &amp; Fast Shipping | HGH Peptides Lab<\/title>\n<meta name=\"description\" content=\"Factory-direct BPC-157 + TB-500 5mg\/5mg blend: price, vial\/kit specs, secure packaging and fast worldwide shipping. Research-use only\u2014order online.\" \/>\n<meta name=\"robots\" content=\"index, follow, max-snippet:-1, max-image-preview:large, max-video-preview:-1\" \/>\n<link rel=\"canonical\" href=\"https:\/\/hghpeptideslab.com\/es\/product\/blend-bpc157-5mg-tb500-5mg\/\" \/>\n<meta property=\"og:locale\" content=\"es_ES\" \/>\n<meta property=\"og:type\" content=\"article\" \/>\n<meta property=\"og:title\" content=\"Blend BPC-157 5mg + TB-500 5mg\" \/>\n<meta property=\"og:description\" content=\"Factory-direct BPC-157 + TB-500 5mg\/5mg blend: price, vial\/kit specs, secure packaging and fast worldwide shipping. Research-use only\u2014order online.\" \/>\n<meta property=\"og:url\" content=\"https:\/\/hghpeptideslab.com\/es\/product\/blend-bpc157-5mg-tb500-5mg\/\" \/>\n<meta property=\"og:site_name\" content=\"HGH Peptides Lab\" \/>\n<meta property=\"article:modified_time\" content=\"2026-01-16T19:02:19+00:00\" \/>\n<meta property=\"og:image\" content=\"https:\/\/hghpeptideslab.com\/wp-content\/uploads\/2025\/09\/bpc157-5mgtb500-5mg.jpg\" \/>\n\t<meta property=\"og:image:width\" content=\"800\" \/>\n\t<meta property=\"og:image:height\" content=\"800\" \/>\n\t<meta property=\"og:image:type\" content=\"image\/jpeg\" \/>\n<meta name=\"twitter:card\" content=\"summary_large_image\" \/>\n<meta name=\"twitter:label1\" content=\"Tiempo de lectura\" \/>\n\t<meta name=\"twitter:data1\" content=\"1 minuto\" \/>\n<script type=\"application\/ld+json\" class=\"yoast-schema-graph\">{\"@context\":\"https:\\\/\\\/schema.org\",\"@graph\":[{\"@type\":\"WebPage\",\"@id\":\"https:\\\/\\\/hghpeptideslab.com\\\/product\\\/blend-bpc157-5mg-tb500-5mg\\\/\",\"url\":\"https:\\\/\\\/hghpeptideslab.com\\\/product\\\/blend-bpc157-5mg-tb500-5mg\\\/\",\"name\":\"Buy BPC-157 + TB-500 Blend 5mg\\\/5mg \u2014 Price, Specs & Fast Shipping | HGH Peptides Lab\",\"isPartOf\":{\"@id\":\"https:\\\/\\\/hghpeptideslab.com\\\/#website\"},\"primaryImageOfPage\":{\"@id\":\"https:\\\/\\\/hghpeptideslab.com\\\/product\\\/blend-bpc157-5mg-tb500-5mg\\\/#primaryimage\"},\"image\":{\"@id\":\"https:\\\/\\\/hghpeptideslab.com\\\/product\\\/blend-bpc157-5mg-tb500-5mg\\\/#primaryimage\"},\"thumbnailUrl\":\"https:\\\/\\\/hghpeptideslab.com\\\/wp-content\\\/uploads\\\/2025\\\/09\\\/bpc157-5mgtb500-5mg.jpg\",\"datePublished\":\"2025-09-02T04:08:09+00:00\",\"dateModified\":\"2026-01-16T19:02:19+00:00\",\"description\":\"Factory-direct BPC-157 + TB-500 5mg\\\/5mg blend: price, vial\\\/kit specs, secure packaging and fast worldwide shipping. Research-use only\u2014order online.\",\"breadcrumb\":{\"@id\":\"https:\\\/\\\/hghpeptideslab.com\\\/product\\\/blend-bpc157-5mg-tb500-5mg\\\/#breadcrumb\"},\"inLanguage\":\"es\",\"potentialAction\":[{\"@type\":\"ReadAction\",\"target\":[\"https:\\\/\\\/hghpeptideslab.com\\\/product\\\/blend-bpc157-5mg-tb500-5mg\\\/\"]}],\"copyrightNotice\":\"\u00a9 2010\u20132026 HGH Peptides Lab. All Rights Reserved.\"},{\"@type\":\"ImageObject\",\"inLanguage\":\"es\",\"@id\":\"https:\\\/\\\/hghpeptideslab.com\\\/product\\\/blend-bpc157-5mg-tb500-5mg\\\/#primaryimage\",\"url\":\"https:\\\/\\\/hghpeptideslab.com\\\/wp-content\\\/uploads\\\/2025\\\/09\\\/bpc157-5mgtb500-5mg.jpg\",\"contentUrl\":\"https:\\\/\\\/hghpeptideslab.com\\\/wp-content\\\/uploads\\\/2025\\\/09\\\/bpc157-5mgtb500-5mg.jpg\",\"width\":800,\"height\":800,\"caption\":\"5mg BPC-157 + 5mg TB-500 per vial; 10 vials per kit.\"},{\"@type\":\"BreadcrumbList\",\"@id\":\"https:\\\/\\\/hghpeptideslab.com\\\/product\\\/blend-bpc157-5mg-tb500-5mg\\\/#breadcrumb\",\"itemListElement\":[{\"@type\":\"ListItem\",\"position\":1,\"name\":\"Home\",\"item\":\"https:\\\/\\\/hghpeptideslab.com\\\/\"},{\"@type\":\"ListItem\",\"position\":2,\"name\":\"Shop\",\"item\":\"https:\\\/\\\/hghpeptideslab.com\\\/shop\\\/\"},{\"@type\":\"ListItem\",\"position\":3,\"name\":\"Blend BPC-157 5mg + TB-500 5mg\"}]},{\"@type\":\"WebSite\",\"@id\":\"https:\\\/\\\/hghpeptideslab.com\\\/#website\",\"url\":\"https:\\\/\\\/hghpeptideslab.com\\\/\",\"name\":\"HGH Peptides Lab\",\"description\":\"Premium Peptides &amp; HGH Shop\",\"publisher\":{\"@id\":\"https:\\\/\\\/hghpeptideslab.com\\\/#organization\"},\"potentialAction\":[{\"@type\":\"SearchAction\",\"target\":{\"@type\":\"EntryPoint\",\"urlTemplate\":\"https:\\\/\\\/hghpeptideslab.com\\\/?s={search_term_string}\"},\"query-input\":{\"@type\":\"PropertyValueSpecification\",\"valueRequired\":true,\"valueName\":\"search_term_string\"}}],\"inLanguage\":\"es\"},{\"@type\":\"Organization\",\"@id\":\"https:\\\/\\\/hghpeptideslab.com\\\/#organization\",\"name\":\"HGH Peptides Lab\",\"url\":\"https:\\\/\\\/hghpeptideslab.com\\\/es\\\/\",\"logo\":{\"@type\":\"ImageObject\",\"url\":\"https:\\\/\\\/hghpeptideslab.com\\\/wp-content\\\/uploads\\\/2025\\\/07\\\/HGHPEPTIDESLAB-Logo.png\"},\"image\":{\"@id\":\"https:\\\/\\\/hghpeptideslab.com\\\/#\\\/schema\\\/logo\\\/image\\\/\"},\"foundingDate\":\"2010\",\"contactPoint\":[{\"@type\":\"ContactPoint\",\"contactType\":\"customer support\",\"telephone\":\"+85247559641\",\"email\":\"CYGGL2025@gmail.com\",\"availableLanguage\":[\"en\"]}]}]}<\/script>\n<!-- \/ Yoast SEO Premium plugin. -->","yoast_head_json":{"title":"Comprar BPC-157 + TB-500 Blend 5mg\/5mg - Precio, especificaciones y env\u00edo r\u00e1pido | HGH Peptides Lab","description":"Mezcla directa de f\u00e1brica BPC-157 + TB-500 5mg\/5mg: precio, especificaciones vial\/kit, embalaje seguro y env\u00edo r\u00e1pido a todo el mundo. S\u00f3lo para investigaci\u00f3n: haga su pedido en l\u00ednea.","robots":{"index":"index","follow":"follow","max-snippet":"max-snippet:-1","max-image-preview":"max-image-preview:large","max-video-preview":"max-video-preview:-1"},"canonical":"https:\/\/hghpeptideslab.com\/es\/product\/blend-bpc157-5mg-tb500-5mg\/","og_locale":"es_ES","og_type":"article","og_title":"Blend BPC-157 5mg + TB-500 5mg","og_description":"Factory-direct BPC-157 + TB-500 5mg\/5mg blend: price, vial\/kit specs, secure packaging and fast worldwide shipping. Research-use only\u2014order online.","og_url":"https:\/\/hghpeptideslab.com\/es\/product\/blend-bpc157-5mg-tb500-5mg\/","og_site_name":"HGH Peptides Lab","article_modified_time":"2026-01-16T19:02:19+00:00","og_image":[{"width":800,"height":800,"url":"https:\/\/hghpeptideslab.com\/wp-content\/uploads\/2025\/09\/bpc157-5mgtb500-5mg.jpg","type":"image\/jpeg"}],"twitter_card":"summary_large_image","twitter_misc":{"Tiempo de lectura":"1 minuto"},"schema":{"@context":"https:\/\/schema.org","@graph":[{"@type":"WebPage","@id":"https:\/\/hghpeptideslab.com\/product\/blend-bpc157-5mg-tb500-5mg\/","url":"https:\/\/hghpeptideslab.com\/product\/blend-bpc157-5mg-tb500-5mg\/","name":"Comprar BPC-157 + TB-500 Blend 5mg\/5mg - Precio, especificaciones y env\u00edo r\u00e1pido | HGH Peptides Lab","isPartOf":{"@id":"https:\/\/hghpeptideslab.com\/#website"},"primaryImageOfPage":{"@id":"https:\/\/hghpeptideslab.com\/product\/blend-bpc157-5mg-tb500-5mg\/#primaryimage"},"image":{"@id":"https:\/\/hghpeptideslab.com\/product\/blend-bpc157-5mg-tb500-5mg\/#primaryimage"},"thumbnailUrl":"https:\/\/hghpeptideslab.com\/wp-content\/uploads\/2025\/09\/bpc157-5mgtb500-5mg.jpg","datePublished":"2025-09-02T04:08:09+00:00","dateModified":"2026-01-16T19:02:19+00:00","description":"Mezcla directa de f\u00e1brica BPC-157 + TB-500 5mg\/5mg: precio, especificaciones vial\/kit, embalaje seguro y env\u00edo r\u00e1pido a todo el mundo. S\u00f3lo para investigaci\u00f3n: haga su pedido en l\u00ednea.","breadcrumb":{"@id":"https:\/\/hghpeptideslab.com\/product\/blend-bpc157-5mg-tb500-5mg\/#breadcrumb"},"inLanguage":"es","potentialAction":[{"@type":"ReadAction","target":["https:\/\/hghpeptideslab.com\/product\/blend-bpc157-5mg-tb500-5mg\/"]}],"copyrightNotice":"\u00a9 2010\u20132026 HGH Peptides Lab. All Rights Reserved."},{"@type":"ImageObject","inLanguage":"es","@id":"https:\/\/hghpeptideslab.com\/product\/blend-bpc157-5mg-tb500-5mg\/#primaryimage","url":"https:\/\/hghpeptideslab.com\/wp-content\/uploads\/2025\/09\/bpc157-5mgtb500-5mg.jpg","contentUrl":"https:\/\/hghpeptideslab.com\/wp-content\/uploads\/2025\/09\/bpc157-5mgtb500-5mg.jpg","width":800,"height":800,"caption":"5mg BPC-157 + 5mg TB-500 per vial; 10 vials per kit."},{"@type":"BreadcrumbList","@id":"https:\/\/hghpeptideslab.com\/product\/blend-bpc157-5mg-tb500-5mg\/#breadcrumb","itemListElement":[{"@type":"ListItem","position":1,"name":"Home","item":"https:\/\/hghpeptideslab.com\/"},{"@type":"ListItem","position":2,"name":"Shop","item":"https:\/\/hghpeptideslab.com\/shop\/"},{"@type":"ListItem","position":3,"name":"Blend BPC-157 5mg + TB-500 5mg"}]},{"@type":"WebSite","@id":"https:\/\/hghpeptideslab.com\/#website","url":"https:\/\/hghpeptideslab.com\/","name":"Laboratorio de p\u00e9ptidos HGH","description":"Tienda Premium de P\u00e9ptidos y HGH","publisher":{"@id":"https:\/\/hghpeptideslab.com\/#organization"},"potentialAction":[{"@type":"SearchAction","target":{"@type":"EntryPoint","urlTemplate":"https:\/\/hghpeptideslab.com\/?s={search_term_string}"},"query-input":{"@type":"PropertyValueSpecification","valueRequired":true,"valueName":"search_term_string"}}],"inLanguage":"es"},{"@type":"Organization","@id":"https:\/\/hghpeptideslab.com\/#organization","name":"Laboratorio de p\u00e9ptidos HGH","url":"https:\/\/hghpeptideslab.com\/es\/","logo":{"@type":"ImageObject","url":"https:\/\/hghpeptideslab.com\/wp-content\/uploads\/2025\/07\/HGHPEPTIDESLAB-Logo.png"},"image":{"@id":"https:\/\/hghpeptideslab.com\/#\/schema\/logo\/image\/"},"foundingDate":"2010","contactPoint":[{"@type":"ContactPoint","contactType":"customer support","telephone":"+85247559641","email":"CYGGL2025@gmail.com","availableLanguage":["en"]}]}]}},"_links":{"self":[{"href":"https:\/\/hghpeptideslab.com\/es\/wp-json\/wp\/v2\/product\/9489","targetHints":{"allow":["GET"]}}],"collection":[{"href":"https:\/\/hghpeptideslab.com\/es\/wp-json\/wp\/v2\/product"}],"about":[{"href":"https:\/\/hghpeptideslab.com\/es\/wp-json\/wp\/v2\/types\/product"}],"replies":[{"embeddable":true,"href":"https:\/\/hghpeptideslab.com\/es\/wp-json\/wp\/v2\/comments?post=9489"}],"wp:featuredmedia":[{"embeddable":true,"href":"https:\/\/hghpeptideslab.com\/es\/wp-json\/wp\/v2\/media\/9485"}],"wp:attachment":[{"href":"https:\/\/hghpeptideslab.com\/es\/wp-json\/wp\/v2\/media?parent=9489"}],"wp:term":[{"taxonomy":"product_cat","embeddable":true,"href":"https:\/\/hghpeptideslab.com\/es\/wp-json\/wp\/v2\/product_cat?post=9489"},{"taxonomy":"product_tag","embeddable":true,"href":"https:\/\/hghpeptideslab.com\/es\/wp-json\/wp\/v2\/product_tag?post=9489"}],"curies":[{"name":"wp","href":"https:\/\/api.w.org\/{rel}","templated":true}]}}