{"id":9496,"date":"2025-09-02T05:07:17","date_gmt":"2025-09-02T05:07:17","guid":{"rendered":"https:\/\/hghpeptideslab.com\/?post_type=product&#038;p=9496"},"modified":"2026-01-23T07:04:48","modified_gmt":"2026-01-23T07:04:48","slug":"ss-31-elamipretide","status":"publish","type":"product","link":"https:\/\/hghpeptideslab.com\/es\/product\/ss-31-elamipretide\/","title":{"rendered":"P\u00e9ptido SS-31 (Elamipretide)"},"content":{"rendered":"<h3>\u00bfQu\u00e9 es SS-31 (Elamipretide)?<\/h3>\n<p><strong>SS-31 (Elamipretide)<\/strong> se discute en contextos de investigaci\u00f3n para apoyar la funci\u00f3n mitocondrial y la recuperaci\u00f3n celular. Esta p\u00e1gina ofrece una visi\u00f3n general educativa de la forma, manipulaci\u00f3n y notas generales para su uso en investigaci\u00f3n.<\/p>\n<h3>Panorama general y temas de debate<\/h3>\n<ul>\n<li><strong>Contexto de apoyo mitocondrial:<\/strong> debates sobre la energ\u00eda celular y la integridad de las membranas.<\/li>\n<li><strong>Modelos de recuperaci\u00f3n:<\/strong> a menudo se hace referencia junto con los marcos de recuperaci\u00f3n muscular o tisular.<\/li>\n<li><strong>Puntos fuertes flexibles:<\/strong> 10mg y 50mg vials para diferentes flujos de trabajo de laboratorio.<\/li>\n<\/ul>\n<h3>Forma, manipulaci\u00f3n y almacenamiento<\/h3>\n<ul>\n<li><strong>Forma:<\/strong> blanco lyophilized powder (por vial).<\/li>\n<li><strong>Almacenamiento (sin abrir):<\/strong> 2-8 \u00b0C; proteger de la luz y la humedad.<\/li>\n<li><strong>Reconstituci\u00f3n:<\/strong> A\u00f1adir lentamente el diluyente adecuado a lo largo de la pared vial; agitar suavemente.<\/li>\n<li><strong>Despu\u00e9s de la reconstituci\u00f3n:<\/strong> mantener refrigerado; seguir los PNT de su laboratorio local.<\/li>\n<\/ul>\n<h3>Kit y Log\u00edstica<\/h3>\n<ul>\n<li><strong>Embalaje:<\/strong> envoltorio seguro y protecci\u00f3n contra golpes; admite seguimiento de lotes.<\/li>\n<li><strong>Env\u00edo:<\/strong> opciones expr\u00e9s en todo el mundo; cadena de fr\u00edo cuando sea necesario.<\/li>\n<li><strong>Apoyo:<\/strong> \u00bfPreguntas? Email: <a href=\"mailto:CYGGL2025@gmail.com\">CYGGL2025@gmail.com<\/a><\/li>\n<\/ul>\n<p><em>Descargo de responsabilidad:<\/em> S\u00f3lo informaci\u00f3n educativa. No es asesoramiento m\u00e9dico.<\/p>","protected":false},"excerpt":{"rendered":"<p><strong>Nombre:<\/strong> 99% Purity SS-31 (Elamipretide) p\u00e9ptido en polvo<br \/>\n<strong>Funci\u00f3n:<\/strong> Apoyo mitocondrial; investigaci\u00f3n sobre la energ\u00eda celular y el estr\u00e9s oxidativo<br \/>\n<strong>Especificaci\u00f3n:<\/strong> 10 mg y 50 mg por vial; 10 vials\/Kit<br \/>\n<strong>CAS:<\/strong> 736992-21-5<br \/>\n<strong>Apariencia:<\/strong> Polvo blanco lyophilized<\/p>","protected":false},"featured_media":9491,"comment_status":"open","ping_status":"closed","template":"","meta":[],"product_cat":[59,51],"product_tag":[162,159,320,319,316,167,158,300],"class_list":{"0":"post-9496","1":"product","2":"type-product","3":"status-publish","4":"has-post-thumbnail","6":"product_brand-dp-hghpeptides","7":"product_brand-hgh-peptides-lab","8":"product_cat-nootropic-peptides-anti-aging","9":"product_cat-peptides-for-healing","10":"product_tag-anti-aging-longevity-peptides","11":"product_tag-anti-inflammatory-peptides","12":"product_tag-beginner-friendly-peptides","13":"product_tag-metabolic-support-peptides","14":"product_tag-muscle-recovery-peptides","15":"product_tag-overall-wellness-peptides","16":"product_tag-recovery-tissue-repair-peptides","17":"product_tag-ss-31-elamipretide","19":"first","20":"instock","21":"shipping-taxable","22":"purchasable","23":"product-type-variable","24":"has-default-attributes"},"yoast_head":"<!-- This site is optimized with the Yoast SEO Premium plugin v27.3 (Yoast SEO v27.3) - https:\/\/yoast.com\/product\/yoast-seo-premium-wordpress\/ -->\n<title>Buy SS-31 (Elamipretide) Peptide 10mg &amp; 50mg \u2014 Price &amp; Specs | HGH Peptides Lab<\/title>\n<meta name=\"description\" content=\"Factory-direct SS-31 (Elamipretide) peptide 10mg &amp; 50mg: price, specs, secure packaging, fast global shipping. Research-grade quality \u2014 order online.\" \/>\n<meta name=\"robots\" content=\"index, follow, max-snippet:-1, max-image-preview:large, max-video-preview:-1\" \/>\n<link rel=\"canonical\" href=\"https:\/\/hghpeptideslab.com\/es\/product\/ss-31-elamipretide\/\" \/>\n<meta property=\"og:locale\" content=\"es_ES\" \/>\n<meta property=\"og:type\" content=\"article\" \/>\n<meta property=\"og:title\" content=\"SS-31 (Elamipretide) Peptide\" \/>\n<meta property=\"og:description\" content=\"Factory-direct SS-31 (Elamipretide) peptide 10mg &amp; 50mg: price, specs, secure packaging, fast global shipping. Research-grade quality \u2014 order online.\" \/>\n<meta property=\"og:url\" content=\"https:\/\/hghpeptideslab.com\/es\/product\/ss-31-elamipretide\/\" \/>\n<meta property=\"og:site_name\" content=\"HGH Peptides Lab\" \/>\n<meta property=\"article:modified_time\" content=\"2026-01-23T07:04:48+00:00\" \/>\n<meta property=\"og:image\" content=\"https:\/\/hghpeptideslab.com\/wp-content\/uploads\/2025\/09\/ss-31-10mg.jpg\" \/>\n\t<meta property=\"og:image:width\" content=\"800\" \/>\n\t<meta property=\"og:image:height\" content=\"800\" \/>\n\t<meta property=\"og:image:type\" content=\"image\/jpeg\" \/>\n<meta name=\"twitter:card\" content=\"summary_large_image\" \/>\n<meta name=\"twitter:label1\" content=\"Tiempo de lectura\" \/>\n\t<meta name=\"twitter:data1\" content=\"1 minuto\" \/>\n<script type=\"application\/ld+json\" class=\"yoast-schema-graph\">{\"@context\":\"https:\\\/\\\/schema.org\",\"@graph\":[{\"@type\":\"WebPage\",\"@id\":\"https:\\\/\\\/hghpeptideslab.com\\\/product\\\/ss-31-elamipretide\\\/\",\"url\":\"https:\\\/\\\/hghpeptideslab.com\\\/product\\\/ss-31-elamipretide\\\/\",\"name\":\"Buy SS-31 (Elamipretide) Peptide 10mg & 50mg \u2014 Price & Specs | HGH Peptides Lab\",\"isPartOf\":{\"@id\":\"https:\\\/\\\/hghpeptideslab.com\\\/#website\"},\"primaryImageOfPage\":{\"@id\":\"https:\\\/\\\/hghpeptideslab.com\\\/product\\\/ss-31-elamipretide\\\/#primaryimage\"},\"image\":{\"@id\":\"https:\\\/\\\/hghpeptideslab.com\\\/product\\\/ss-31-elamipretide\\\/#primaryimage\"},\"thumbnailUrl\":\"https:\\\/\\\/hghpeptideslab.com\\\/wp-content\\\/uploads\\\/2025\\\/09\\\/ss-31-10mg.jpg\",\"datePublished\":\"2025-09-02T05:07:17+00:00\",\"dateModified\":\"2026-01-23T07:04:48+00:00\",\"description\":\"Factory-direct SS-31 (Elamipretide) peptide 10mg & 50mg: price, specs, secure packaging, fast global shipping. Research-grade quality \u2014 order online.\",\"breadcrumb\":{\"@id\":\"https:\\\/\\\/hghpeptideslab.com\\\/product\\\/ss-31-elamipretide\\\/#breadcrumb\"},\"inLanguage\":\"es\",\"potentialAction\":[{\"@type\":\"ReadAction\",\"target\":[\"https:\\\/\\\/hghpeptideslab.com\\\/product\\\/ss-31-elamipretide\\\/\"]}],\"copyrightNotice\":\"\u00a9 2010\u20132026 HGH Peptides Lab. All Rights Reserved.\"},{\"@type\":\"ImageObject\",\"inLanguage\":\"es\",\"@id\":\"https:\\\/\\\/hghpeptideslab.com\\\/product\\\/ss-31-elamipretide\\\/#primaryimage\",\"url\":\"https:\\\/\\\/hghpeptideslab.com\\\/wp-content\\\/uploads\\\/2025\\\/09\\\/ss-31-10mg.jpg\",\"contentUrl\":\"https:\\\/\\\/hghpeptideslab.com\\\/wp-content\\\/uploads\\\/2025\\\/09\\\/ss-31-10mg.jpg\",\"width\":800,\"height\":800,\"caption\":\"10mg research vial. Lyophilized powder, sealed & batch-consistent.\"},{\"@type\":\"BreadcrumbList\",\"@id\":\"https:\\\/\\\/hghpeptideslab.com\\\/product\\\/ss-31-elamipretide\\\/#breadcrumb\",\"itemListElement\":[{\"@type\":\"ListItem\",\"position\":1,\"name\":\"Home\",\"item\":\"https:\\\/\\\/hghpeptideslab.com\\\/\"},{\"@type\":\"ListItem\",\"position\":2,\"name\":\"Shop\",\"item\":\"https:\\\/\\\/hghpeptideslab.com\\\/shop\\\/\"},{\"@type\":\"ListItem\",\"position\":3,\"name\":\"SS-31 (Elamipretide) Peptide\"}]},{\"@type\":\"WebSite\",\"@id\":\"https:\\\/\\\/hghpeptideslab.com\\\/#website\",\"url\":\"https:\\\/\\\/hghpeptideslab.com\\\/\",\"name\":\"HGH Peptides Lab\",\"description\":\"Premium Peptides &amp; HGH Shop\",\"publisher\":{\"@id\":\"https:\\\/\\\/hghpeptideslab.com\\\/#organization\"},\"potentialAction\":[{\"@type\":\"SearchAction\",\"target\":{\"@type\":\"EntryPoint\",\"urlTemplate\":\"https:\\\/\\\/hghpeptideslab.com\\\/?s={search_term_string}\"},\"query-input\":{\"@type\":\"PropertyValueSpecification\",\"valueRequired\":true,\"valueName\":\"search_term_string\"}}],\"inLanguage\":\"es\"},{\"@type\":\"Organization\",\"@id\":\"https:\\\/\\\/hghpeptideslab.com\\\/#organization\",\"name\":\"HGH Peptides Lab\",\"url\":\"https:\\\/\\\/hghpeptideslab.com\\\/es\\\/\",\"logo\":{\"@type\":\"ImageObject\",\"url\":\"https:\\\/\\\/hghpeptideslab.com\\\/wp-content\\\/uploads\\\/2025\\\/07\\\/HGHPEPTIDESLAB-Logo.png\"},\"image\":{\"@id\":\"https:\\\/\\\/hghpeptideslab.com\\\/#\\\/schema\\\/logo\\\/image\\\/\"},\"foundingDate\":\"2010\",\"contactPoint\":[{\"@type\":\"ContactPoint\",\"contactType\":\"customer support\",\"telephone\":\"+85247559641\",\"email\":\"CYGGL2025@gmail.com\",\"availableLanguage\":[\"en\"]}]}]}<\/script>\n<!-- \/ Yoast SEO Premium plugin. -->","yoast_head_json":{"title":"Comprar SS-31 (Elamipretide) Peptide 10mg &amp; 50mg - Precio y especificaciones | HGH Peptides Lab","description":"P\u00e9ptido SS-31 (Elamipretide) 10mg &amp; 50mg directo de f\u00e1brica: precio, especificaciones, embalaje seguro, env\u00edo r\u00e1pido a todo el mundo. Calidad de investigaci\u00f3n - pedido en l\u00ednea.","robots":{"index":"index","follow":"follow","max-snippet":"max-snippet:-1","max-image-preview":"max-image-preview:large","max-video-preview":"max-video-preview:-1"},"canonical":"https:\/\/hghpeptideslab.com\/es\/product\/ss-31-elamipretide\/","og_locale":"es_ES","og_type":"article","og_title":"SS-31 (Elamipretide) Peptide","og_description":"Factory-direct SS-31 (Elamipretide) peptide 10mg & 50mg: price, specs, secure packaging, fast global shipping. Research-grade quality \u2014 order online.","og_url":"https:\/\/hghpeptideslab.com\/es\/product\/ss-31-elamipretide\/","og_site_name":"HGH Peptides Lab","article_modified_time":"2026-01-23T07:04:48+00:00","og_image":[{"width":800,"height":800,"url":"https:\/\/hghpeptideslab.com\/wp-content\/uploads\/2025\/09\/ss-31-10mg.jpg","type":"image\/jpeg"}],"twitter_card":"summary_large_image","twitter_misc":{"Tiempo de lectura":"1 minuto"},"schema":{"@context":"https:\/\/schema.org","@graph":[{"@type":"WebPage","@id":"https:\/\/hghpeptideslab.com\/product\/ss-31-elamipretide\/","url":"https:\/\/hghpeptideslab.com\/product\/ss-31-elamipretide\/","name":"Comprar SS-31 (Elamipretide) Peptide 10mg &amp; 50mg - Precio y especificaciones | HGH Peptides Lab","isPartOf":{"@id":"https:\/\/hghpeptideslab.com\/#website"},"primaryImageOfPage":{"@id":"https:\/\/hghpeptideslab.com\/product\/ss-31-elamipretide\/#primaryimage"},"image":{"@id":"https:\/\/hghpeptideslab.com\/product\/ss-31-elamipretide\/#primaryimage"},"thumbnailUrl":"https:\/\/hghpeptideslab.com\/wp-content\/uploads\/2025\/09\/ss-31-10mg.jpg","datePublished":"2025-09-02T05:07:17+00:00","dateModified":"2026-01-23T07:04:48+00:00","description":"P\u00e9ptido SS-31 (Elamipretide) 10mg &amp; 50mg directo de f\u00e1brica: precio, especificaciones, embalaje seguro, env\u00edo r\u00e1pido a todo el mundo. Calidad de investigaci\u00f3n - pedido en l\u00ednea.","breadcrumb":{"@id":"https:\/\/hghpeptideslab.com\/product\/ss-31-elamipretide\/#breadcrumb"},"inLanguage":"es","potentialAction":[{"@type":"ReadAction","target":["https:\/\/hghpeptideslab.com\/product\/ss-31-elamipretide\/"]}],"copyrightNotice":"\u00a9 2010\u20132026 HGH Peptides Lab. All Rights Reserved."},{"@type":"ImageObject","inLanguage":"es","@id":"https:\/\/hghpeptideslab.com\/product\/ss-31-elamipretide\/#primaryimage","url":"https:\/\/hghpeptideslab.com\/wp-content\/uploads\/2025\/09\/ss-31-10mg.jpg","contentUrl":"https:\/\/hghpeptideslab.com\/wp-content\/uploads\/2025\/09\/ss-31-10mg.jpg","width":800,"height":800,"caption":"10mg research vial. Lyophilized powder, sealed & batch-consistent."},{"@type":"BreadcrumbList","@id":"https:\/\/hghpeptideslab.com\/product\/ss-31-elamipretide\/#breadcrumb","itemListElement":[{"@type":"ListItem","position":1,"name":"Home","item":"https:\/\/hghpeptideslab.com\/"},{"@type":"ListItem","position":2,"name":"Shop","item":"https:\/\/hghpeptideslab.com\/shop\/"},{"@type":"ListItem","position":3,"name":"SS-31 (Elamipretide) Peptide"}]},{"@type":"WebSite","@id":"https:\/\/hghpeptideslab.com\/#website","url":"https:\/\/hghpeptideslab.com\/","name":"Laboratorio de p\u00e9ptidos HGH","description":"Tienda Premium de P\u00e9ptidos y HGH","publisher":{"@id":"https:\/\/hghpeptideslab.com\/#organization"},"potentialAction":[{"@type":"SearchAction","target":{"@type":"EntryPoint","urlTemplate":"https:\/\/hghpeptideslab.com\/?s={search_term_string}"},"query-input":{"@type":"PropertyValueSpecification","valueRequired":true,"valueName":"search_term_string"}}],"inLanguage":"es"},{"@type":"Organization","@id":"https:\/\/hghpeptideslab.com\/#organization","name":"Laboratorio de p\u00e9ptidos HGH","url":"https:\/\/hghpeptideslab.com\/es\/","logo":{"@type":"ImageObject","url":"https:\/\/hghpeptideslab.com\/wp-content\/uploads\/2025\/07\/HGHPEPTIDESLAB-Logo.png"},"image":{"@id":"https:\/\/hghpeptideslab.com\/#\/schema\/logo\/image\/"},"foundingDate":"2010","contactPoint":[{"@type":"ContactPoint","contactType":"customer support","telephone":"+85247559641","email":"CYGGL2025@gmail.com","availableLanguage":["en"]}]}]}},"_links":{"self":[{"href":"https:\/\/hghpeptideslab.com\/es\/wp-json\/wp\/v2\/product\/9496","targetHints":{"allow":["GET"]}}],"collection":[{"href":"https:\/\/hghpeptideslab.com\/es\/wp-json\/wp\/v2\/product"}],"about":[{"href":"https:\/\/hghpeptideslab.com\/es\/wp-json\/wp\/v2\/types\/product"}],"replies":[{"embeddable":true,"href":"https:\/\/hghpeptideslab.com\/es\/wp-json\/wp\/v2\/comments?post=9496"}],"wp:featuredmedia":[{"embeddable":true,"href":"https:\/\/hghpeptideslab.com\/es\/wp-json\/wp\/v2\/media\/9491"}],"wp:attachment":[{"href":"https:\/\/hghpeptideslab.com\/es\/wp-json\/wp\/v2\/media?parent=9496"}],"wp:term":[{"taxonomy":"product_cat","embeddable":true,"href":"https:\/\/hghpeptideslab.com\/es\/wp-json\/wp\/v2\/product_cat?post=9496"},{"taxonomy":"product_tag","embeddable":true,"href":"https:\/\/hghpeptideslab.com\/es\/wp-json\/wp\/v2\/product_tag?post=9496"}],"curies":[{"name":"wp","href":"https:\/\/api.w.org\/{rel}","templated":true}]}}