{"id":9530,"date":"2025-09-02T21:34:04","date_gmt":"2025-09-02T21:34:04","guid":{"rendered":"https:\/\/hghpeptideslab.com\/?post_type=product&#038;p=9530"},"modified":"2025-10-21T21:22:24","modified_gmt":"2025-10-21T21:22:24","slug":"cagrilintide","status":"publish","type":"product","link":"https:\/\/hghpeptideslab.com\/es\/product\/cagrilintide\/","title":{"rendered":"P\u00e9ptido Cagrilintide"},"content":{"rendered":"<h3>Visi\u00f3n general<\/h3>\n<p>El Cagrilintide se discute con frecuencia en la investigaci\u00f3n para la regulaci\u00f3n del apetito y los modelos de control de peso como un p\u00e9ptido an\u00e1logo de la amilina. Nuestro material se produce para <strong>calidad farmac\u00e9utica<\/strong> con <strong>99%+ pureza<\/strong>. La documentaci\u00f3n est\u00e1 disponible previa petici\u00f3n.<\/p>\n<h3>Caracter\u00edsticas principales<\/h3>\n<ul>\n<li>Intensidades disponibles: <strong>5 mg<\/strong> &amp; <strong>10 mg<\/strong> por vial<\/li>\n<li>Tama\u00f1o Kit: <strong>10 vials\/Kit<\/strong><\/li>\n<li>White lyophilized powder, adecuado para diversos protocolos de investigaci\u00f3n<\/li>\n<li>Fabricado con un control de calidad constante y directo de f\u00e1brica<\/li>\n<\/ul>\n<h3>Enfoques t\u00edpicos de la investigaci\u00f3n<\/h3>\n<ul>\n<li>Modulaci\u00f3n del apetito y modelos de ingesta cal\u00f3rica<\/li>\n<li>Estudios de peso corporal y equilibrio metab\u00f3lico<\/li>\n<li>Comparaciones o apilamientos con p\u00e9ptidos de la v\u00eda de la incretina (por ejemplo, agentes GLP-1).<\/li>\n<\/ul>\n<h3>Almacenamiento y estabilidad<\/h3>\n<ul>\n<li>Almacenar sellado a <strong>2-8 \u00b0C<\/strong>protegido de la luz y la humedad.<\/li>\n<li>Utilizar inmediatamente despu\u00e9s de la reconstituci\u00f3n seg\u00fan los PNT locales.<\/li>\n<\/ul>\n<h3>Notas<\/h3>\n<ul>\n<li>Fabricado con un control de proceso constante (calidad de grado farmac\u00e9utico).<\/li>\n<li>Documentaci\u00f3n disponible previa solicitud.<\/li>\n<li>S\u00f3lo para investigaci\u00f3n de laboratorio. Los productos no est\u00e1n etiquetados para uso m\u00e9dico.<\/li>\n<\/ul>","protected":false},"excerpt":{"rendered":"<p><strong>Nombre:<\/strong> 99% Purity Cagrilintide p\u00e9ptido en polvo<br \/>\n<strong>Funci\u00f3n:<\/strong> Control del peso; apoyo al apetito y al metabolismo<br \/>\n<strong>Especificaci\u00f3n:<\/strong> 5 mg y 10 mg por vial; 10 vials\/Kit<br \/>\n<strong>CAS:<\/strong> 1415456-99-3<br \/>\n<strong>Apariencia:<\/strong> Polvo blanco lyophilized<\/p>","protected":false},"featured_media":9525,"comment_status":"open","ping_status":"closed","template":"","meta":[],"product_cat":[46],"product_tag":[320,302,319,318],"class_list":{"0":"post-9530","1":"product","2":"type-product","3":"status-publish","4":"has-post-thumbnail","6":"product_brand-dp-hghpeptides","7":"product_brand-hgh-peptides-lab","8":"product_cat-peptides-for-weight-loss","9":"product_tag-beginner-friendly-peptides","10":"product_tag-cagrilintide","11":"product_tag-metabolic-support-peptides","12":"product_tag-weight-loss-glp-1-peptides","14":"first","15":"instock","16":"shipping-taxable","17":"purchasable","18":"product-type-variable","19":"has-default-attributes"},"yoast_head":"<!-- This site is optimized with the Yoast SEO Premium plugin v27.3 (Yoast SEO v27.3) - https:\/\/yoast.com\/product\/yoast-seo-premium-wordpress\/ -->\n<title>Cagrilintide Peptide 5mg\/10mg \u2014 Price &amp; Wholesale | HGH Peptides Lab (Factory-Direct China)<\/title>\n<meta name=\"description\" content=\"Cagrilintide peptide 5mg\/10mg (10 vials\/Kit). Factory-direct from China with 99% purity, pharmaceutical-grade quality. Check price, specs, and wholesale support from HGH Peptides Lab.\" \/>\n<meta name=\"robots\" content=\"index, follow, max-snippet:-1, max-image-preview:large, max-video-preview:-1\" \/>\n<link rel=\"canonical\" href=\"https:\/\/hghpeptideslab.com\/es\/product\/cagrilintide\/\" \/>\n<meta property=\"og:locale\" content=\"es_ES\" \/>\n<meta property=\"og:type\" content=\"article\" \/>\n<meta property=\"og:title\" content=\"Cagrilintide Peptide\" \/>\n<meta property=\"og:description\" content=\"Cagrilintide peptide 5mg\/10mg (10 vials\/Kit). Factory-direct from China with 99% purity, pharmaceutical-grade quality. Check price, specs, and wholesale support from HGH Peptides Lab.\" \/>\n<meta property=\"og:url\" content=\"https:\/\/hghpeptideslab.com\/es\/product\/cagrilintide\/\" \/>\n<meta property=\"og:site_name\" content=\"HGH Peptides Lab\" \/>\n<meta property=\"article:modified_time\" content=\"2025-10-21T21:22:24+00:00\" \/>\n<meta property=\"og:image\" content=\"https:\/\/hghpeptideslab.com\/wp-content\/uploads\/2025\/09\/cagrilintide-5mg.jpg\" \/>\n\t<meta property=\"og:image:width\" content=\"800\" \/>\n\t<meta property=\"og:image:height\" content=\"800\" \/>\n\t<meta property=\"og:image:type\" content=\"image\/jpeg\" \/>\n<meta name=\"twitter:card\" content=\"summary_large_image\" \/>\n<meta name=\"twitter:label1\" content=\"Tiempo de lectura\" \/>\n\t<meta name=\"twitter:data1\" content=\"1 minuto\" \/>\n<script type=\"application\/ld+json\" class=\"yoast-schema-graph\">{\"@context\":\"https:\\\/\\\/schema.org\",\"@graph\":[{\"@type\":\"WebPage\",\"@id\":\"https:\\\/\\\/hghpeptideslab.com\\\/product\\\/cagrilintide\\\/\",\"url\":\"https:\\\/\\\/hghpeptideslab.com\\\/product\\\/cagrilintide\\\/\",\"name\":\"Cagrilintide Peptide 5mg\\\/10mg \u2014 Price & Wholesale | HGH Peptides Lab (Factory-Direct China)\",\"isPartOf\":{\"@id\":\"https:\\\/\\\/hghpeptideslab.com\\\/#website\"},\"primaryImageOfPage\":{\"@id\":\"https:\\\/\\\/hghpeptideslab.com\\\/product\\\/cagrilintide\\\/#primaryimage\"},\"image\":{\"@id\":\"https:\\\/\\\/hghpeptideslab.com\\\/product\\\/cagrilintide\\\/#primaryimage\"},\"thumbnailUrl\":\"https:\\\/\\\/hghpeptideslab.com\\\/wp-content\\\/uploads\\\/2025\\\/09\\\/cagrilintide-5mg.jpg\",\"datePublished\":\"2025-09-02T21:34:04+00:00\",\"dateModified\":\"2025-10-21T21:22:24+00:00\",\"description\":\"Cagrilintide peptide 5mg\\\/10mg (10 vials\\\/Kit). Factory-direct from China with 99% purity, pharmaceutical-grade quality. Check price, specs, and wholesale support from HGH Peptides Lab.\",\"breadcrumb\":{\"@id\":\"https:\\\/\\\/hghpeptideslab.com\\\/product\\\/cagrilintide\\\/#breadcrumb\"},\"inLanguage\":\"es\",\"potentialAction\":[{\"@type\":\"ReadAction\",\"target\":[\"https:\\\/\\\/hghpeptideslab.com\\\/product\\\/cagrilintide\\\/\"]}],\"copyrightNotice\":\"\u00a9 2010\u20132026 HGH Peptides Lab. All Rights Reserved.\"},{\"@type\":\"ImageObject\",\"inLanguage\":\"es\",\"@id\":\"https:\\\/\\\/hghpeptideslab.com\\\/product\\\/cagrilintide\\\/#primaryimage\",\"url\":\"https:\\\/\\\/hghpeptideslab.com\\\/wp-content\\\/uploads\\\/2025\\\/09\\\/cagrilintide-5mg.jpg\",\"contentUrl\":\"https:\\\/\\\/hghpeptideslab.com\\\/wp-content\\\/uploads\\\/2025\\\/09\\\/cagrilintide-5mg.jpg\",\"width\":800,\"height\":800,\"caption\":\"5 mg per vial; 10 vials per kit (factory-direct).\"},{\"@type\":\"BreadcrumbList\",\"@id\":\"https:\\\/\\\/hghpeptideslab.com\\\/product\\\/cagrilintide\\\/#breadcrumb\",\"itemListElement\":[{\"@type\":\"ListItem\",\"position\":1,\"name\":\"Home\",\"item\":\"https:\\\/\\\/hghpeptideslab.com\\\/\"},{\"@type\":\"ListItem\",\"position\":2,\"name\":\"Shop\",\"item\":\"https:\\\/\\\/hghpeptideslab.com\\\/shop\\\/\"},{\"@type\":\"ListItem\",\"position\":3,\"name\":\"Cagrilintide Peptide\"}]},{\"@type\":\"WebSite\",\"@id\":\"https:\\\/\\\/hghpeptideslab.com\\\/#website\",\"url\":\"https:\\\/\\\/hghpeptideslab.com\\\/\",\"name\":\"HGH Peptides Lab\",\"description\":\"Premium Peptides &amp; HGH Shop\",\"publisher\":{\"@id\":\"https:\\\/\\\/hghpeptideslab.com\\\/#organization\"},\"potentialAction\":[{\"@type\":\"SearchAction\",\"target\":{\"@type\":\"EntryPoint\",\"urlTemplate\":\"https:\\\/\\\/hghpeptideslab.com\\\/?s={search_term_string}\"},\"query-input\":{\"@type\":\"PropertyValueSpecification\",\"valueRequired\":true,\"valueName\":\"search_term_string\"}}],\"inLanguage\":\"es\"},{\"@type\":\"Organization\",\"@id\":\"https:\\\/\\\/hghpeptideslab.com\\\/#organization\",\"name\":\"HGH Peptides Lab\",\"url\":\"https:\\\/\\\/hghpeptideslab.com\\\/es\\\/\",\"logo\":{\"@type\":\"ImageObject\",\"url\":\"https:\\\/\\\/hghpeptideslab.com\\\/wp-content\\\/uploads\\\/2025\\\/07\\\/HGHPEPTIDESLAB-Logo.png\"},\"image\":{\"@id\":\"https:\\\/\\\/hghpeptideslab.com\\\/#\\\/schema\\\/logo\\\/image\\\/\"},\"foundingDate\":\"2010\",\"contactPoint\":[{\"@type\":\"ContactPoint\",\"contactType\":\"customer support\",\"telephone\":\"+85247559641\",\"email\":\"CYGGL2025@gmail.com\",\"availableLanguage\":[\"en\"]}]}]}<\/script>\n<!-- \/ Yoast SEO Premium plugin. -->","yoast_head_json":{"title":"Cagrilintide Peptide 5mg\/10mg - Precio &amp; Venta al por mayor | HGH Peptides Lab (Factory-Direct China)","description":"P\u00e9ptido Cagrilintide 5mg\/10mg (10 vials\/Kit). Directo de f\u00e1brica desde China con 99% purity, calidad de grado farmac\u00e9utico. Compruebe el precio, las especificaciones y la asistencia al por mayor de HGH Peptides Lab.","robots":{"index":"index","follow":"follow","max-snippet":"max-snippet:-1","max-image-preview":"max-image-preview:large","max-video-preview":"max-video-preview:-1"},"canonical":"https:\/\/hghpeptideslab.com\/es\/product\/cagrilintide\/","og_locale":"es_ES","og_type":"article","og_title":"Cagrilintide Peptide","og_description":"Cagrilintide peptide 5mg\/10mg (10 vials\/Kit). Factory-direct from China with 99% purity, pharmaceutical-grade quality. Check price, specs, and wholesale support from HGH Peptides Lab.","og_url":"https:\/\/hghpeptideslab.com\/es\/product\/cagrilintide\/","og_site_name":"HGH Peptides Lab","article_modified_time":"2025-10-21T21:22:24+00:00","og_image":[{"width":800,"height":800,"url":"https:\/\/hghpeptideslab.com\/wp-content\/uploads\/2025\/09\/cagrilintide-5mg.jpg","type":"image\/jpeg"}],"twitter_card":"summary_large_image","twitter_misc":{"Tiempo de lectura":"1 minuto"},"schema":{"@context":"https:\/\/schema.org","@graph":[{"@type":"WebPage","@id":"https:\/\/hghpeptideslab.com\/product\/cagrilintide\/","url":"https:\/\/hghpeptideslab.com\/product\/cagrilintide\/","name":"Cagrilintide Peptide 5mg\/10mg - Precio &amp; Venta al por mayor | HGH Peptides Lab (Factory-Direct China)","isPartOf":{"@id":"https:\/\/hghpeptideslab.com\/#website"},"primaryImageOfPage":{"@id":"https:\/\/hghpeptideslab.com\/product\/cagrilintide\/#primaryimage"},"image":{"@id":"https:\/\/hghpeptideslab.com\/product\/cagrilintide\/#primaryimage"},"thumbnailUrl":"https:\/\/hghpeptideslab.com\/wp-content\/uploads\/2025\/09\/cagrilintide-5mg.jpg","datePublished":"2025-09-02T21:34:04+00:00","dateModified":"2025-10-21T21:22:24+00:00","description":"P\u00e9ptido Cagrilintide 5mg\/10mg (10 vials\/Kit). Directo de f\u00e1brica desde China con 99% purity, calidad de grado farmac\u00e9utico. Compruebe el precio, las especificaciones y la asistencia al por mayor de HGH Peptides Lab.","breadcrumb":{"@id":"https:\/\/hghpeptideslab.com\/product\/cagrilintide\/#breadcrumb"},"inLanguage":"es","potentialAction":[{"@type":"ReadAction","target":["https:\/\/hghpeptideslab.com\/product\/cagrilintide\/"]}],"copyrightNotice":"\u00a9 2010\u20132026 HGH Peptides Lab. All Rights Reserved."},{"@type":"ImageObject","inLanguage":"es","@id":"https:\/\/hghpeptideslab.com\/product\/cagrilintide\/#primaryimage","url":"https:\/\/hghpeptideslab.com\/wp-content\/uploads\/2025\/09\/cagrilintide-5mg.jpg","contentUrl":"https:\/\/hghpeptideslab.com\/wp-content\/uploads\/2025\/09\/cagrilintide-5mg.jpg","width":800,"height":800,"caption":"5 mg per vial; 10 vials per kit (factory-direct)."},{"@type":"BreadcrumbList","@id":"https:\/\/hghpeptideslab.com\/product\/cagrilintide\/#breadcrumb","itemListElement":[{"@type":"ListItem","position":1,"name":"Home","item":"https:\/\/hghpeptideslab.com\/"},{"@type":"ListItem","position":2,"name":"Shop","item":"https:\/\/hghpeptideslab.com\/shop\/"},{"@type":"ListItem","position":3,"name":"Cagrilintide Peptide"}]},{"@type":"WebSite","@id":"https:\/\/hghpeptideslab.com\/#website","url":"https:\/\/hghpeptideslab.com\/","name":"Laboratorio de p\u00e9ptidos HGH","description":"Tienda Premium de P\u00e9ptidos y HGH","publisher":{"@id":"https:\/\/hghpeptideslab.com\/#organization"},"potentialAction":[{"@type":"SearchAction","target":{"@type":"EntryPoint","urlTemplate":"https:\/\/hghpeptideslab.com\/?s={search_term_string}"},"query-input":{"@type":"PropertyValueSpecification","valueRequired":true,"valueName":"search_term_string"}}],"inLanguage":"es"},{"@type":"Organization","@id":"https:\/\/hghpeptideslab.com\/#organization","name":"Laboratorio de p\u00e9ptidos HGH","url":"https:\/\/hghpeptideslab.com\/es\/","logo":{"@type":"ImageObject","url":"https:\/\/hghpeptideslab.com\/wp-content\/uploads\/2025\/07\/HGHPEPTIDESLAB-Logo.png"},"image":{"@id":"https:\/\/hghpeptideslab.com\/#\/schema\/logo\/image\/"},"foundingDate":"2010","contactPoint":[{"@type":"ContactPoint","contactType":"customer support","telephone":"+85247559641","email":"CYGGL2025@gmail.com","availableLanguage":["en"]}]}]}},"_links":{"self":[{"href":"https:\/\/hghpeptideslab.com\/es\/wp-json\/wp\/v2\/product\/9530","targetHints":{"allow":["GET"]}}],"collection":[{"href":"https:\/\/hghpeptideslab.com\/es\/wp-json\/wp\/v2\/product"}],"about":[{"href":"https:\/\/hghpeptideslab.com\/es\/wp-json\/wp\/v2\/types\/product"}],"replies":[{"embeddable":true,"href":"https:\/\/hghpeptideslab.com\/es\/wp-json\/wp\/v2\/comments?post=9530"}],"wp:featuredmedia":[{"embeddable":true,"href":"https:\/\/hghpeptideslab.com\/es\/wp-json\/wp\/v2\/media\/9525"}],"wp:attachment":[{"href":"https:\/\/hghpeptideslab.com\/es\/wp-json\/wp\/v2\/media?parent=9530"}],"wp:term":[{"taxonomy":"product_cat","embeddable":true,"href":"https:\/\/hghpeptideslab.com\/es\/wp-json\/wp\/v2\/product_cat?post=9530"},{"taxonomy":"product_tag","embeddable":true,"href":"https:\/\/hghpeptideslab.com\/es\/wp-json\/wp\/v2\/product_tag?post=9530"}],"curies":[{"name":"wp","href":"https:\/\/api.w.org\/{rel}","templated":true}]}}