{"id":9597,"date":"2025-09-03T04:40:47","date_gmt":"2025-09-03T04:40:47","guid":{"rendered":"https:\/\/hghpeptideslab.com\/?post_type=product&#038;p=9597"},"modified":"2026-05-05T18:15:48","modified_gmt":"2026-05-05T18:15:48","slug":"blend-cagrilintide-5mg-semaglutide-5mg","status":"publish","type":"product","link":"https:\/\/hghpeptideslab.com\/es\/product\/blend-cagrilintide-5mg-semaglutide-5mg\/","title":{"rendered":"Blend Cagrilintide 5mg + Semaglutide 5mg"},"content":{"rendered":"<h3>Visi\u00f3n general<\/h3>\n<p>\n  Esta mezcla dual de p\u00e9ptidos combina <strong>Cagrilintide (5 mg)<\/strong> con <strong>Semaglutide (5 mg)<\/strong>,<br \/>\n  a menudo se discuten conjuntamente en el contexto de la investigaci\u00f3n sobre el control del peso y el apetito.<br \/>\n  Se suministra como lyophilized powder blanco con <strong>99%+ pureza<\/strong> y<br \/>\n  <strong>calidad farmac\u00e9utica<\/strong>, adecuado para flujos de trabajo de laboratorio flexibles.\n<\/p>\n<h3>Caracter\u00edsticas principales<\/h3>\n<ul>\n<li>Por vial: <strong>5 mg + 5 mg<\/strong> (Cagrilintide + Semaglutide)<\/li>\n<li>Tama\u00f1o Kit: <strong>10 vials\/Kit<\/strong><\/li>\n<li>Forma: blanco <strong>lyophilized powder<\/strong><\/li>\n<li>Suministro directo de f\u00e1brica desde China; calidad constante de los lotes<\/li>\n<\/ul>\n<h3>Enfoques t\u00edpicos de la investigaci\u00f3n<\/h3>\n<ul>\n<li>Regulaci\u00f3n del apetito y marcos de se\u00f1alizaci\u00f3n de la saciedad<\/li>\n<li>Modelos de estudio de control de peso y apoyo metab\u00f3lico<\/li>\n<li>Ensayos comparativos frente a enfoques de una sola v\u00eda de la incretina<\/li>\n<\/ul>\n<h3>Manipulaci\u00f3n y almacenamiento<\/h3>\n<ul>\n<li>Almacenar sellado a <strong>2-8 \u00b0C<\/strong>, protegido de la luz y la humedad<\/li>\n<li>Reconstituir con diluyente adecuado; agitar suavemente a lo largo de la pared del vial.<\/li>\n<li>Tras la reconstituci\u00f3n, refrigerar y utilizar r\u00e1pidamente seg\u00fan los PNT locales.<\/li>\n<\/ul>\n<h3>Embalaje y env\u00edo<\/h3>\n<ul>\n<li>Suministro directo de f\u00e1brica con embalaje protector para la exportaci\u00f3n<\/li>\n<li><strong>$500+<\/strong> \u00f3rdenes \u2192 <strong>Env\u00edo gratuito a todo el mundo<\/strong> (<a href=\"\/es\/shipping-policy\/\">Ver detalles<\/a>)<\/li>\n<\/ul>\n<h3>Notas<\/h3>\n<ul>\n<li>Fabricado seg\u00fan las normas de farmacia (calidad farmac\u00e9utica)<\/li>\n<li>Documentos de calidad disponibles previa solicitud<\/li>\n<li>S\u00f3lo para investigaci\u00f3n de laboratorio; los productos no est\u00e1n etiquetados para uso m\u00e9dico<\/li>\n<\/ul>","protected":false},"excerpt":{"rendered":"<p><strong>Nombre:<\/strong> Mezcla de p\u00e9ptidos 99% Purity Cagrilintide + Semaglutide (5 mg + 5 mg)<br \/>\n<strong>Funci\u00f3n:<\/strong> Control del apetito; control del peso; apoyo metab\u00f3lico<br \/>\n<strong>Especificaci\u00f3n:<\/strong> 5 mg + 5 mg por vial; 10 vials\/Kit<br \/>\n<strong>CAS:<\/strong> Cagrilintide: 1415456-99-3; Semaglutide: 910463-68-2<br \/>\n<strong>Apariencia:<\/strong> Polvo blanco lyophilized<\/p>","protected":false},"featured_media":9593,"comment_status":"open","ping_status":"closed","template":"","meta":[],"product_cat":[46,60],"product_tag":[320,313,302,319,314,122,318],"class_list":{"0":"post-9597","1":"product","2":"type-product","3":"status-publish","4":"has-post-thumbnail","6":"product_brand-dp-hghpeptides","7":"product_brand-hgh-peptides-lab","8":"product_cat-peptides-for-weight-loss","9":"product_cat-specialty-peptides","10":"product_tag-beginner-friendly-peptides","11":"product_tag-blend-cagrilintide-5mg-semaglutide-5mg","12":"product_tag-cagrilintide","13":"product_tag-metabolic-support-peptides","14":"product_tag-peptide-dual-blend","15":"product_tag-semaglutide","16":"product_tag-weight-loss-glp-1-peptides","18":"first","19":"instock","20":"featured","21":"shipping-taxable","22":"purchasable","23":"product-type-simple"},"yoast_head":"<!-- This site is optimized with the Yoast SEO Premium plugin v27.5 (Yoast SEO v27.5) - https:\/\/yoast.com\/product\/yoast-seo-premium-wordpress\/ -->\n<title>Cagrilintide + Semaglutide Blend (5mg + 5mg) | HGH Peptides Lab \u2014 Factory-Direct<\/title>\n<meta name=\"description\" content=\"Dual-peptide blend: Cagrilintide 5mg + Semaglutide 5mg per vial, 10 vials\/Kit. 99% purity, pharmaceutical-grade quality. Factory-direct from China with global shipping.\" \/>\n<meta name=\"robots\" content=\"index, follow, max-snippet:-1, max-image-preview:large, max-video-preview:-1\" \/>\n<link rel=\"canonical\" href=\"https:\/\/hghpeptideslab.com\/es\/product\/blend-cagrilintide-5mg-semaglutide-5mg\/\" \/>\n<meta property=\"og:locale\" content=\"es_ES\" \/>\n<meta property=\"og:type\" content=\"article\" \/>\n<meta property=\"og:title\" content=\"Blend Cagrilintide 5mg + Semaglutide 5mg\" \/>\n<meta property=\"og:description\" content=\"Dual-peptide blend: Cagrilintide 5mg + Semaglutide 5mg per vial, 10 vials\/Kit. 99% purity, pharmaceutical-grade quality. Factory-direct from China with global shipping.\" \/>\n<meta property=\"og:url\" content=\"https:\/\/hghpeptideslab.com\/es\/product\/blend-cagrilintide-5mg-semaglutide-5mg\/\" \/>\n<meta property=\"og:site_name\" content=\"HGH Peptides Lab\" \/>\n<meta property=\"article:modified_time\" content=\"2026-05-05T18:15:48+00:00\" \/>\n<meta property=\"og:image\" content=\"https:\/\/hghpeptideslab.com\/wp-content\/uploads\/2025\/09\/cagrilintide-5mgsemaglutide-5mg.jpg\" \/>\n\t<meta property=\"og:image:width\" content=\"800\" \/>\n\t<meta property=\"og:image:height\" content=\"800\" \/>\n\t<meta property=\"og:image:type\" content=\"image\/jpeg\" \/>\n<meta name=\"twitter:card\" content=\"summary_large_image\" \/>\n<meta name=\"twitter:label1\" content=\"Tiempo de lectura\" \/>\n\t<meta name=\"twitter:data1\" content=\"1 minuto\" \/>\n<script type=\"application\/ld+json\" class=\"yoast-schema-graph\">{\"@context\":\"https:\\\/\\\/schema.org\",\"@graph\":[{\"@type\":\"WebPage\",\"@id\":\"https:\\\/\\\/hghpeptideslab.com\\\/product\\\/blend-cagrilintide-5mg-semaglutide-5mg\\\/\",\"url\":\"https:\\\/\\\/hghpeptideslab.com\\\/product\\\/blend-cagrilintide-5mg-semaglutide-5mg\\\/\",\"name\":\"Cagrilintide + Semaglutide Blend (5mg + 5mg) | HGH Peptides Lab \u2014 Factory-Direct\",\"isPartOf\":{\"@id\":\"https:\\\/\\\/hghpeptideslab.com\\\/#website\"},\"primaryImageOfPage\":{\"@id\":\"https:\\\/\\\/hghpeptideslab.com\\\/product\\\/blend-cagrilintide-5mg-semaglutide-5mg\\\/#primaryimage\"},\"image\":{\"@id\":\"https:\\\/\\\/hghpeptideslab.com\\\/product\\\/blend-cagrilintide-5mg-semaglutide-5mg\\\/#primaryimage\"},\"thumbnailUrl\":\"https:\\\/\\\/hghpeptideslab.com\\\/wp-content\\\/uploads\\\/2025\\\/09\\\/cagrilintide-5mgsemaglutide-5mg.jpg\",\"datePublished\":\"2025-09-03T04:40:47+00:00\",\"dateModified\":\"2026-05-05T18:15:48+00:00\",\"description\":\"Dual-peptide blend: Cagrilintide 5mg + Semaglutide 5mg per vial, 10 vials\\\/Kit. 99% purity, pharmaceutical-grade quality. Factory-direct from China with global shipping.\",\"breadcrumb\":{\"@id\":\"https:\\\/\\\/hghpeptideslab.com\\\/product\\\/blend-cagrilintide-5mg-semaglutide-5mg\\\/#breadcrumb\"},\"inLanguage\":\"es\",\"potentialAction\":[{\"@type\":\"ReadAction\",\"target\":[\"https:\\\/\\\/hghpeptideslab.com\\\/product\\\/blend-cagrilintide-5mg-semaglutide-5mg\\\/\"]}],\"copyrightNotice\":\"\u00a9 2010\u20132026 HGH Peptides Lab. All Rights Reserved.\"},{\"@type\":\"ImageObject\",\"inLanguage\":\"es\",\"@id\":\"https:\\\/\\\/hghpeptideslab.com\\\/product\\\/blend-cagrilintide-5mg-semaglutide-5mg\\\/#primaryimage\",\"url\":\"https:\\\/\\\/hghpeptideslab.com\\\/wp-content\\\/uploads\\\/2025\\\/09\\\/cagrilintide-5mgsemaglutide-5mg.jpg\",\"contentUrl\":\"https:\\\/\\\/hghpeptideslab.com\\\/wp-content\\\/uploads\\\/2025\\\/09\\\/cagrilintide-5mgsemaglutide-5mg.jpg\",\"width\":800,\"height\":800,\"caption\":\"Per vial: 5mg + 5mg; 10 vials\\\/Kit (factory-direct).\"},{\"@type\":\"BreadcrumbList\",\"@id\":\"https:\\\/\\\/hghpeptideslab.com\\\/product\\\/blend-cagrilintide-5mg-semaglutide-5mg\\\/#breadcrumb\",\"itemListElement\":[{\"@type\":\"ListItem\",\"position\":1,\"name\":\"Home\",\"item\":\"https:\\\/\\\/hghpeptideslab.com\\\/\"},{\"@type\":\"ListItem\",\"position\":2,\"name\":\"Shop\",\"item\":\"https:\\\/\\\/hghpeptideslab.com\\\/shop\\\/\"},{\"@type\":\"ListItem\",\"position\":3,\"name\":\"Blend Cagrilintide 5mg + Semaglutide 5mg\"}]},{\"@type\":\"WebSite\",\"@id\":\"https:\\\/\\\/hghpeptideslab.com\\\/#website\",\"url\":\"https:\\\/\\\/hghpeptideslab.com\\\/\",\"name\":\"HGH Peptides Lab\",\"description\":\"Premium Peptides &amp; HGH Shop\",\"publisher\":{\"@id\":\"https:\\\/\\\/hghpeptideslab.com\\\/#organization\"},\"potentialAction\":[{\"@type\":\"SearchAction\",\"target\":{\"@type\":\"EntryPoint\",\"urlTemplate\":\"https:\\\/\\\/hghpeptideslab.com\\\/?s={search_term_string}\"},\"query-input\":{\"@type\":\"PropertyValueSpecification\",\"valueRequired\":true,\"valueName\":\"search_term_string\"}}],\"inLanguage\":\"es\"},{\"@type\":\"Organization\",\"@id\":\"https:\\\/\\\/hghpeptideslab.com\\\/#organization\",\"name\":\"HGH Peptides Lab\",\"url\":\"https:\\\/\\\/hghpeptideslab.com\\\/es\\\/\",\"logo\":{\"@type\":\"ImageObject\",\"url\":\"https:\\\/\\\/hghpeptideslab.com\\\/wp-content\\\/uploads\\\/2025\\\/07\\\/HGHPEPTIDESLAB-Logo.png\"},\"image\":{\"@id\":\"https:\\\/\\\/hghpeptideslab.com\\\/#\\\/schema\\\/logo\\\/image\\\/\"},\"foundingDate\":\"2010\",\"contactPoint\":[{\"@type\":\"ContactPoint\",\"contactType\":\"customer support\",\"telephone\":\"+85247559641\",\"email\":\"CYGGL2025@gmail.com\",\"availableLanguage\":[\"en\"]}]}]}<\/script>\n<!-- \/ Yoast SEO Premium plugin. -->","yoast_head_json":{"title":"Cagrilintide + Semaglutide Blend (5mg + 5mg) | HGH Peptides Lab - Directo de f\u00e1brica","description":"Mezcla de dos p\u00e9ptidos: Cagrilintide 5mg + Semaglutide 5mg por vial, 10 vials\/Kit. 99% purity, calidad farmac\u00e9utica. Directo de f\u00e1brica desde China con env\u00edo mundial.","robots":{"index":"index","follow":"follow","max-snippet":"max-snippet:-1","max-image-preview":"max-image-preview:large","max-video-preview":"max-video-preview:-1"},"canonical":"https:\/\/hghpeptideslab.com\/es\/product\/blend-cagrilintide-5mg-semaglutide-5mg\/","og_locale":"es_ES","og_type":"article","og_title":"Blend Cagrilintide 5mg + Semaglutide 5mg","og_description":"Dual-peptide blend: Cagrilintide 5mg + Semaglutide 5mg per vial, 10 vials\/Kit. 99% purity, pharmaceutical-grade quality. Factory-direct from China with global shipping.","og_url":"https:\/\/hghpeptideslab.com\/es\/product\/blend-cagrilintide-5mg-semaglutide-5mg\/","og_site_name":"HGH Peptides Lab","article_modified_time":"2026-05-05T18:15:48+00:00","og_image":[{"width":800,"height":800,"url":"https:\/\/hghpeptideslab.com\/wp-content\/uploads\/2025\/09\/cagrilintide-5mgsemaglutide-5mg.jpg","type":"image\/jpeg"}],"twitter_card":"summary_large_image","twitter_misc":{"Tiempo de lectura":"1 minuto"},"schema":{"@context":"https:\/\/schema.org","@graph":[{"@type":"WebPage","@id":"https:\/\/hghpeptideslab.com\/product\/blend-cagrilintide-5mg-semaglutide-5mg\/","url":"https:\/\/hghpeptideslab.com\/product\/blend-cagrilintide-5mg-semaglutide-5mg\/","name":"Cagrilintide + Semaglutide Blend (5mg + 5mg) | HGH Peptides Lab - Directo de f\u00e1brica","isPartOf":{"@id":"https:\/\/hghpeptideslab.com\/#website"},"primaryImageOfPage":{"@id":"https:\/\/hghpeptideslab.com\/product\/blend-cagrilintide-5mg-semaglutide-5mg\/#primaryimage"},"image":{"@id":"https:\/\/hghpeptideslab.com\/product\/blend-cagrilintide-5mg-semaglutide-5mg\/#primaryimage"},"thumbnailUrl":"https:\/\/hghpeptideslab.com\/wp-content\/uploads\/2025\/09\/cagrilintide-5mgsemaglutide-5mg.jpg","datePublished":"2025-09-03T04:40:47+00:00","dateModified":"2026-05-05T18:15:48+00:00","description":"Mezcla de dos p\u00e9ptidos: Cagrilintide 5mg + Semaglutide 5mg por vial, 10 vials\/Kit. 99% purity, calidad farmac\u00e9utica. Directo de f\u00e1brica desde China con env\u00edo mundial.","breadcrumb":{"@id":"https:\/\/hghpeptideslab.com\/product\/blend-cagrilintide-5mg-semaglutide-5mg\/#breadcrumb"},"inLanguage":"es","potentialAction":[{"@type":"ReadAction","target":["https:\/\/hghpeptideslab.com\/product\/blend-cagrilintide-5mg-semaglutide-5mg\/"]}],"copyrightNotice":"\u00a9 2010\u20132026 HGH Peptides Lab. All Rights Reserved."},{"@type":"ImageObject","inLanguage":"es","@id":"https:\/\/hghpeptideslab.com\/product\/blend-cagrilintide-5mg-semaglutide-5mg\/#primaryimage","url":"https:\/\/hghpeptideslab.com\/wp-content\/uploads\/2025\/09\/cagrilintide-5mgsemaglutide-5mg.jpg","contentUrl":"https:\/\/hghpeptideslab.com\/wp-content\/uploads\/2025\/09\/cagrilintide-5mgsemaglutide-5mg.jpg","width":800,"height":800,"caption":"Per vial: 5mg + 5mg; 10 vials\/Kit (factory-direct)."},{"@type":"BreadcrumbList","@id":"https:\/\/hghpeptideslab.com\/product\/blend-cagrilintide-5mg-semaglutide-5mg\/#breadcrumb","itemListElement":[{"@type":"ListItem","position":1,"name":"Home","item":"https:\/\/hghpeptideslab.com\/"},{"@type":"ListItem","position":2,"name":"Shop","item":"https:\/\/hghpeptideslab.com\/shop\/"},{"@type":"ListItem","position":3,"name":"Blend Cagrilintide 5mg + Semaglutide 5mg"}]},{"@type":"WebSite","@id":"https:\/\/hghpeptideslab.com\/#website","url":"https:\/\/hghpeptideslab.com\/","name":"Laboratorio de p\u00e9ptidos HGH","description":"Tienda Premium de P\u00e9ptidos y HGH","publisher":{"@id":"https:\/\/hghpeptideslab.com\/#organization"},"potentialAction":[{"@type":"SearchAction","target":{"@type":"EntryPoint","urlTemplate":"https:\/\/hghpeptideslab.com\/?s={search_term_string}"},"query-input":{"@type":"PropertyValueSpecification","valueRequired":true,"valueName":"search_term_string"}}],"inLanguage":"es"},{"@type":"Organization","@id":"https:\/\/hghpeptideslab.com\/#organization","name":"Laboratorio de p\u00e9ptidos HGH","url":"https:\/\/hghpeptideslab.com\/es\/","logo":{"@type":"ImageObject","url":"https:\/\/hghpeptideslab.com\/wp-content\/uploads\/2025\/07\/HGHPEPTIDESLAB-Logo.png"},"image":{"@id":"https:\/\/hghpeptideslab.com\/#\/schema\/logo\/image\/"},"foundingDate":"2010","contactPoint":[{"@type":"ContactPoint","contactType":"customer support","telephone":"+85247559641","email":"CYGGL2025@gmail.com","availableLanguage":["en"]}]}]}},"_links":{"self":[{"href":"https:\/\/hghpeptideslab.com\/es\/wp-json\/wp\/v2\/product\/9597","targetHints":{"allow":["GET"]}}],"collection":[{"href":"https:\/\/hghpeptideslab.com\/es\/wp-json\/wp\/v2\/product"}],"about":[{"href":"https:\/\/hghpeptideslab.com\/es\/wp-json\/wp\/v2\/types\/product"}],"replies":[{"embeddable":true,"href":"https:\/\/hghpeptideslab.com\/es\/wp-json\/wp\/v2\/comments?post=9597"}],"wp:featuredmedia":[{"embeddable":true,"href":"https:\/\/hghpeptideslab.com\/es\/wp-json\/wp\/v2\/media\/9593"}],"wp:attachment":[{"href":"https:\/\/hghpeptideslab.com\/es\/wp-json\/wp\/v2\/media?parent=9597"}],"wp:term":[{"taxonomy":"product_cat","embeddable":true,"href":"https:\/\/hghpeptideslab.com\/es\/wp-json\/wp\/v2\/product_cat?post=9597"},{"taxonomy":"product_tag","embeddable":true,"href":"https:\/\/hghpeptideslab.com\/es\/wp-json\/wp\/v2\/product_tag?post=9597"}],"curies":[{"name":"wp","href":"https:\/\/api.w.org\/{rel}","templated":true}]}}