{"id":9773,"date":"2025-09-12T09:53:34","date_gmt":"2025-09-12T09:53:34","guid":{"rendered":"https:\/\/hghpeptideslab.com\/?post_type=product&#038;p=9773"},"modified":"2025-10-06T03:24:52","modified_gmt":"2025-10-06T03:24:52","slug":"sildenafil-citrate","status":"publish","type":"product","link":"https:\/\/hghpeptideslab.com\/es\/product\/sildenafil-citrate\/","title":{"rendered":"Sildenafil Citrate - Raw Powder"},"content":{"rendered":"<h3>Visi\u00f3n general<\/h3>\n<p><strong>Sildenafil Citrate<\/strong> se menciona a menudo en los dise\u00f1os de estudios que exploran la <strong>V\u00eda PDE5 \/ NO-cGMP<\/strong> y <strong>flujo sangu\u00edneo\/hemodin\u00e1mica<\/strong> puntos finales. Se suministra como polvo crudo con <strong>99% pureza<\/strong> y <strong>calidad farmac\u00e9utica<\/strong> para apoyar una investigaci\u00f3n coherente y comparativa. <strong>S\u00f3lo para investigaci\u00f3n.<\/strong><\/p>\n<h3>Caracter\u00edsticas principales<\/h3>\n<ul>\n<li><strong>Embalaje:<\/strong> Bolsa de papel de aluminio (sellada, desecante incluido); unidad t\u00edpica: <strong>1 kg<\/strong><\/li>\n<li><strong>Calidad:<\/strong> 99% purity; consistencia del lote de calidad farmac\u00e9utica<\/li>\n<li><strong>Formato:<\/strong> Polvo crudo para cribado, desarrollo de m\u00e9todos y optimizaci\u00f3n de protocolos<\/li>\n<li><strong>Origen:<\/strong> China - suministro directo de f\u00e1brica<\/li>\n<\/ul>\n<h3>Enfoques t\u00edpicos de la investigaci\u00f3n<\/h3>\n<ul>\n<li>Comparaciones de la v\u00eda PDE5 \/ NO-cGMP y modelos dosis-respuesta<\/li>\n<li>Funci\u00f3n er\u00e9ctil y flujo sangu\u00edneo\/marcos hemodin\u00e1micos<\/li>\n<li>Paneles de comparaci\u00f3n y dise\u00f1os de ensayos multipunto final<\/li>\n<\/ul>\n<h3>Calidad y manipulaci\u00f3n<\/h3>\n<ul>\n<li>Especificaci\u00f3n Pharmaceutical-grade con 99% purity<\/li>\n<li>Manipulaci\u00f3n y solubilidad predecibles para ensayos comparativos<\/li>\n<li>Etiquetado limpio para uso en investigaci\u00f3n y trazabilidad de lotes<\/li>\n<\/ul>\n<h3>Almacenamiento y estabilidad<\/h3>\n<ul>\n<li>Almacenar sellado a <strong>2-8 \u00b0C<\/strong>seco y protegido de la luz<\/li>\n<li>Reduzca al m\u00ednimo la exposici\u00f3n a la humedad; vuelva a sellar inmediatamente despu\u00e9s de su uso.<\/li>\n<\/ul>\n<h3>Enlaces internos<\/h3>\n<ul>\n<li><a href=\"\/es\/product-category\/sexual-wellness-raw-powders\/\">Bienestar Sexual Polvos Crudos<\/a><\/li>\n<li><a href=\"\/es\/product-tag\/sildenafil-citrate\/\">Sildenafil Citrate<\/a><\/li>\n<li><a href=\"\/es\/product-tag\/erectile-function-support\/\">Ayuda a la funci\u00f3n er\u00e9ctil<\/a><\/li>\n<li><a href=\"\/es\/product-tag\/blood-flow-vasodilation\/\">Flujo sangu\u00edneo y vasodilataci\u00f3n<\/a><\/li>\n<li><a href=\"\/es\/product-tag\/pde5-pathway\/\">V\u00eda PDE5<\/a><\/li>\n<li><a href=\"\/es\/product-tag\/research-powder-99-purity\/\">Polvo de investigaci\u00f3n (99% Purity)<\/a><\/li>\n<\/ul>\n<h3>Conformidad<\/h3>\n<p><strong>S\u00f3lo para investigaci\u00f3n.<\/strong><\/p>","protected":false},"excerpt":{"rendered":"<p><strong>Nombre:<\/strong> Sildenafil Citrate polvo crudo (99% purity, calidad farmac\u00e9utica)<br \/>\n<strong>Funci\u00f3n:<\/strong> Investigaci\u00f3n de la v\u00eda PDE5\/NO-cGMP; modelos de funci\u00f3n er\u00e9ctil\/flujo sangu\u00edneo.<br \/>\n<strong>Especificaci\u00f3n:<\/strong> Bolsa de papel de aluminio<br \/>\n<strong>CAS:<\/strong> 171599-83-0<br \/>\n<strong>Apariencia:<\/strong> Polvo cristalino entre blanco y blanquecino<br \/>\n<strong>Nota:<\/strong> El precio indicado es para <u>1 kg<\/u>. Para cantidades m\u00e1s peque\u00f1as o a granel, p\u00f3ngase en contacto con nosotros.<\/p>","protected":false},"featured_media":9772,"comment_status":"open","ping_status":"closed","template":"","meta":[],"product_cat":[361],"product_tag":[394,390,392,398,389,386],"class_list":{"0":"post-9773","1":"product","2":"type-product","3":"status-publish","4":"has-post-thumbnail","6":"product_brand-dp-hghpeptides","7":"product_brand-hgh-peptides-lab","8":"product_cat-sexual-wellness-raw-powders","9":"product_tag-blood-flow-vasodilation","10":"product_tag-erectile-function-support","11":"product_tag-pde5-pathway","12":"product_tag-research-powder-99-purity","13":"product_tag-sexual-wellness-performance","14":"product_tag-sildenafil-citrate","16":"first","17":"instock","18":"shipping-taxable","19":"purchasable","20":"product-type-simple"},"yoast_head":"<!-- This site is optimized with the Yoast SEO Premium plugin v27.3 (Yoast SEO v27.3) - https:\/\/yoast.com\/product\/yoast-seo-premium-wordpress\/ -->\n<title>Sildenafil Citrate Powder \u2014 Price &amp; Specs | HGH Peptides Lab<\/title>\n<meta name=\"description\" content=\"Sildenafil Citrate raw powder (99% purity, pharmaceutical-grade) for PDE5\/NO-cGMP and blood-flow research. Research use only. Contact us for quantities.\" \/>\n<meta name=\"robots\" content=\"index, follow, max-snippet:-1, max-image-preview:large, max-video-preview:-1\" \/>\n<link rel=\"canonical\" href=\"https:\/\/hghpeptideslab.com\/es\/product\/sildenafil-citrate\/\" \/>\n<meta property=\"og:locale\" content=\"es_ES\" \/>\n<meta property=\"og:type\" content=\"article\" \/>\n<meta property=\"og:title\" content=\"Sildenafil Citrate \u2014 Raw Powder\" \/>\n<meta property=\"og:description\" content=\"Sildenafil Citrate raw powder (99% purity, pharmaceutical-grade) for PDE5\/NO-cGMP and blood-flow research. Research use only. Contact us for quantities.\" \/>\n<meta property=\"og:url\" content=\"https:\/\/hghpeptideslab.com\/es\/product\/sildenafil-citrate\/\" \/>\n<meta property=\"og:site_name\" content=\"HGH Peptides Lab\" \/>\n<meta property=\"article:modified_time\" content=\"2025-10-06T03:24:52+00:00\" \/>\n<meta property=\"og:image\" content=\"https:\/\/hghpeptideslab.com\/wp-content\/uploads\/2025\/09\/sildenafil-citrate.jpg\" \/>\n\t<meta property=\"og:image:width\" content=\"800\" \/>\n\t<meta property=\"og:image:height\" content=\"800\" \/>\n\t<meta property=\"og:image:type\" content=\"image\/jpeg\" \/>\n<meta name=\"twitter:card\" content=\"summary_large_image\" \/>\n<meta name=\"twitter:label1\" content=\"Tiempo de lectura\" \/>\n\t<meta name=\"twitter:data1\" content=\"2 minutos\" \/>\n<script type=\"application\/ld+json\" class=\"yoast-schema-graph\">{\"@context\":\"https:\\\/\\\/schema.org\",\"@graph\":[{\"@type\":\"WebPage\",\"@id\":\"https:\\\/\\\/hghpeptideslab.com\\\/product\\\/sildenafil-citrate\\\/\",\"url\":\"https:\\\/\\\/hghpeptideslab.com\\\/product\\\/sildenafil-citrate\\\/\",\"name\":\"Sildenafil Citrate Powder \u2014 Price & Specs | HGH Peptides Lab\",\"isPartOf\":{\"@id\":\"https:\\\/\\\/hghpeptideslab.com\\\/#website\"},\"primaryImageOfPage\":{\"@id\":\"https:\\\/\\\/hghpeptideslab.com\\\/product\\\/sildenafil-citrate\\\/#primaryimage\"},\"image\":{\"@id\":\"https:\\\/\\\/hghpeptideslab.com\\\/product\\\/sildenafil-citrate\\\/#primaryimage\"},\"thumbnailUrl\":\"https:\\\/\\\/hghpeptideslab.com\\\/wp-content\\\/uploads\\\/2025\\\/09\\\/sildenafil-citrate.jpg\",\"datePublished\":\"2025-09-12T09:53:34+00:00\",\"dateModified\":\"2025-10-06T03:24:52+00:00\",\"description\":\"Sildenafil Citrate raw powder (99% purity, pharmaceutical-grade) for PDE5\\\/NO-cGMP and blood-flow research. Research use only. Contact us for quantities.\",\"breadcrumb\":{\"@id\":\"https:\\\/\\\/hghpeptideslab.com\\\/product\\\/sildenafil-citrate\\\/#breadcrumb\"},\"inLanguage\":\"es\",\"potentialAction\":[{\"@type\":\"ReadAction\",\"target\":[\"https:\\\/\\\/hghpeptideslab.com\\\/product\\\/sildenafil-citrate\\\/\"]}],\"copyrightNotice\":\"\u00a9 2010\u20132026 HGH Peptides Lab. All Rights Reserved.\"},{\"@type\":\"ImageObject\",\"inLanguage\":\"es\",\"@id\":\"https:\\\/\\\/hghpeptideslab.com\\\/product\\\/sildenafil-citrate\\\/#primaryimage\",\"url\":\"https:\\\/\\\/hghpeptideslab.com\\\/wp-content\\\/uploads\\\/2025\\\/09\\\/sildenafil-citrate.jpg\",\"contentUrl\":\"https:\\\/\\\/hghpeptideslab.com\\\/wp-content\\\/uploads\\\/2025\\\/09\\\/sildenafil-citrate.jpg\",\"width\":800,\"height\":800,\"caption\":\"Clean pack shot for research catalogs\"},{\"@type\":\"BreadcrumbList\",\"@id\":\"https:\\\/\\\/hghpeptideslab.com\\\/product\\\/sildenafil-citrate\\\/#breadcrumb\",\"itemListElement\":[{\"@type\":\"ListItem\",\"position\":1,\"name\":\"Home\",\"item\":\"https:\\\/\\\/hghpeptideslab.com\\\/\"},{\"@type\":\"ListItem\",\"position\":2,\"name\":\"Shop\",\"item\":\"https:\\\/\\\/hghpeptideslab.com\\\/shop\\\/\"},{\"@type\":\"ListItem\",\"position\":3,\"name\":\"Sildenafil Citrate \u2014 Raw Powder\"}]},{\"@type\":\"WebSite\",\"@id\":\"https:\\\/\\\/hghpeptideslab.com\\\/#website\",\"url\":\"https:\\\/\\\/hghpeptideslab.com\\\/\",\"name\":\"HGH Peptides Lab\",\"description\":\"Premium Peptides &amp; HGH Shop\",\"publisher\":{\"@id\":\"https:\\\/\\\/hghpeptideslab.com\\\/#organization\"},\"potentialAction\":[{\"@type\":\"SearchAction\",\"target\":{\"@type\":\"EntryPoint\",\"urlTemplate\":\"https:\\\/\\\/hghpeptideslab.com\\\/?s={search_term_string}\"},\"query-input\":{\"@type\":\"PropertyValueSpecification\",\"valueRequired\":true,\"valueName\":\"search_term_string\"}}],\"inLanguage\":\"es\"},{\"@type\":\"Organization\",\"@id\":\"https:\\\/\\\/hghpeptideslab.com\\\/#organization\",\"name\":\"HGH Peptides Lab\",\"url\":\"https:\\\/\\\/hghpeptideslab.com\\\/es\\\/\",\"logo\":{\"@type\":\"ImageObject\",\"url\":\"https:\\\/\\\/hghpeptideslab.com\\\/wp-content\\\/uploads\\\/2025\\\/07\\\/HGHPEPTIDESLAB-Logo.png\"},\"image\":{\"@id\":\"https:\\\/\\\/hghpeptideslab.com\\\/#\\\/schema\\\/logo\\\/image\\\/\"},\"foundingDate\":\"2010\",\"contactPoint\":[{\"@type\":\"ContactPoint\",\"contactType\":\"customer support\",\"telephone\":\"+85247559641\",\"email\":\"CYGGL2025@gmail.com\",\"availableLanguage\":[\"en\"]}]}]}<\/script>\n<!-- \/ Yoast SEO Premium plugin. -->","yoast_head_json":{"title":"Sildenafil Citrate Polvo - Precio y especificaciones | HGH Peptides Lab","description":"Sildenafil Citrate polvo crudo (99% purity, calidad farmac\u00e9utica) para la investigaci\u00f3n de la PDE5\/NO-cGMP y del flujo sangu\u00edneo. S\u00f3lo para investigaci\u00f3n. Contacte con nosotros para cantidades.","robots":{"index":"index","follow":"follow","max-snippet":"max-snippet:-1","max-image-preview":"max-image-preview:large","max-video-preview":"max-video-preview:-1"},"canonical":"https:\/\/hghpeptideslab.com\/es\/product\/sildenafil-citrate\/","og_locale":"es_ES","og_type":"article","og_title":"Sildenafil Citrate \u2014 Raw Powder","og_description":"Sildenafil Citrate raw powder (99% purity, pharmaceutical-grade) for PDE5\/NO-cGMP and blood-flow research. Research use only. Contact us for quantities.","og_url":"https:\/\/hghpeptideslab.com\/es\/product\/sildenafil-citrate\/","og_site_name":"HGH Peptides Lab","article_modified_time":"2025-10-06T03:24:52+00:00","og_image":[{"width":800,"height":800,"url":"https:\/\/hghpeptideslab.com\/wp-content\/uploads\/2025\/09\/sildenafil-citrate.jpg","type":"image\/jpeg"}],"twitter_card":"summary_large_image","twitter_misc":{"Tiempo de lectura":"2 minutos"},"schema":{"@context":"https:\/\/schema.org","@graph":[{"@type":"WebPage","@id":"https:\/\/hghpeptideslab.com\/product\/sildenafil-citrate\/","url":"https:\/\/hghpeptideslab.com\/product\/sildenafil-citrate\/","name":"Sildenafil Citrate Polvo - Precio y especificaciones | HGH Peptides Lab","isPartOf":{"@id":"https:\/\/hghpeptideslab.com\/#website"},"primaryImageOfPage":{"@id":"https:\/\/hghpeptideslab.com\/product\/sildenafil-citrate\/#primaryimage"},"image":{"@id":"https:\/\/hghpeptideslab.com\/product\/sildenafil-citrate\/#primaryimage"},"thumbnailUrl":"https:\/\/hghpeptideslab.com\/wp-content\/uploads\/2025\/09\/sildenafil-citrate.jpg","datePublished":"2025-09-12T09:53:34+00:00","dateModified":"2025-10-06T03:24:52+00:00","description":"Sildenafil Citrate polvo crudo (99% purity, calidad farmac\u00e9utica) para la investigaci\u00f3n de la PDE5\/NO-cGMP y del flujo sangu\u00edneo. S\u00f3lo para investigaci\u00f3n. Contacte con nosotros para cantidades.","breadcrumb":{"@id":"https:\/\/hghpeptideslab.com\/product\/sildenafil-citrate\/#breadcrumb"},"inLanguage":"es","potentialAction":[{"@type":"ReadAction","target":["https:\/\/hghpeptideslab.com\/product\/sildenafil-citrate\/"]}],"copyrightNotice":"\u00a9 2010\u20132026 HGH Peptides Lab. All Rights Reserved."},{"@type":"ImageObject","inLanguage":"es","@id":"https:\/\/hghpeptideslab.com\/product\/sildenafil-citrate\/#primaryimage","url":"https:\/\/hghpeptideslab.com\/wp-content\/uploads\/2025\/09\/sildenafil-citrate.jpg","contentUrl":"https:\/\/hghpeptideslab.com\/wp-content\/uploads\/2025\/09\/sildenafil-citrate.jpg","width":800,"height":800,"caption":"Clean pack shot for research catalogs"},{"@type":"BreadcrumbList","@id":"https:\/\/hghpeptideslab.com\/product\/sildenafil-citrate\/#breadcrumb","itemListElement":[{"@type":"ListItem","position":1,"name":"Home","item":"https:\/\/hghpeptideslab.com\/"},{"@type":"ListItem","position":2,"name":"Shop","item":"https:\/\/hghpeptideslab.com\/shop\/"},{"@type":"ListItem","position":3,"name":"Sildenafil Citrate \u2014 Raw Powder"}]},{"@type":"WebSite","@id":"https:\/\/hghpeptideslab.com\/#website","url":"https:\/\/hghpeptideslab.com\/","name":"Laboratorio de p\u00e9ptidos HGH","description":"Tienda Premium de P\u00e9ptidos y HGH","publisher":{"@id":"https:\/\/hghpeptideslab.com\/#organization"},"potentialAction":[{"@type":"SearchAction","target":{"@type":"EntryPoint","urlTemplate":"https:\/\/hghpeptideslab.com\/?s={search_term_string}"},"query-input":{"@type":"PropertyValueSpecification","valueRequired":true,"valueName":"search_term_string"}}],"inLanguage":"es"},{"@type":"Organization","@id":"https:\/\/hghpeptideslab.com\/#organization","name":"Laboratorio de p\u00e9ptidos HGH","url":"https:\/\/hghpeptideslab.com\/es\/","logo":{"@type":"ImageObject","url":"https:\/\/hghpeptideslab.com\/wp-content\/uploads\/2025\/07\/HGHPEPTIDESLAB-Logo.png"},"image":{"@id":"https:\/\/hghpeptideslab.com\/#\/schema\/logo\/image\/"},"foundingDate":"2010","contactPoint":[{"@type":"ContactPoint","contactType":"customer support","telephone":"+85247559641","email":"CYGGL2025@gmail.com","availableLanguage":["en"]}]}]}},"_links":{"self":[{"href":"https:\/\/hghpeptideslab.com\/es\/wp-json\/wp\/v2\/product\/9773","targetHints":{"allow":["GET"]}}],"collection":[{"href":"https:\/\/hghpeptideslab.com\/es\/wp-json\/wp\/v2\/product"}],"about":[{"href":"https:\/\/hghpeptideslab.com\/es\/wp-json\/wp\/v2\/types\/product"}],"replies":[{"embeddable":true,"href":"https:\/\/hghpeptideslab.com\/es\/wp-json\/wp\/v2\/comments?post=9773"}],"wp:featuredmedia":[{"embeddable":true,"href":"https:\/\/hghpeptideslab.com\/es\/wp-json\/wp\/v2\/media\/9772"}],"wp:attachment":[{"href":"https:\/\/hghpeptideslab.com\/es\/wp-json\/wp\/v2\/media?parent=9773"}],"wp:term":[{"taxonomy":"product_cat","embeddable":true,"href":"https:\/\/hghpeptideslab.com\/es\/wp-json\/wp\/v2\/product_cat?post=9773"},{"taxonomy":"product_tag","embeddable":true,"href":"https:\/\/hghpeptideslab.com\/es\/wp-json\/wp\/v2\/product_tag?post=9773"}],"curies":[{"name":"wp","href":"https:\/\/api.w.org\/{rel}","templated":true}]}}