{"id":9787,"date":"2025-09-12T10:22:20","date_gmt":"2025-09-12T10:22:20","guid":{"rendered":"https:\/\/hghpeptideslab.com\/?post_type=product&#038;p=9787"},"modified":"2025-09-12T10:22:20","modified_gmt":"2025-09-12T10:22:20","slug":"yohimbine-hydrochloride","status":"publish","type":"product","link":"https:\/\/hghpeptideslab.com\/es\/product\/yohimbine-hydrochloride\/","title":{"rendered":"Yohimbine Hydrochloride - Raw Powder"},"content":{"rendered":"<h3>Visi\u00f3n general<\/h3>\n<p><strong>Yohimbine Hydrochloride<\/strong> se utiliza habitualmente en dise\u00f1os de estudios centrados en la <strong>v\u00eda adren\u00e9rgica (\u03b12)<\/strong>y temas de libido\/bienestar sexual, y paneles de comparaci\u00f3n. Se suministra como polvo crudo con <strong>99% pureza<\/strong> y <strong>calidad farmac\u00e9utica<\/strong> para apoyar una investigaci\u00f3n coherente y comparativa. <strong>S\u00f3lo para investigaci\u00f3n.<\/strong><\/p>\n<h3>Caracter\u00edsticas principales<\/h3>\n<ul>\n<li><strong>Embalaje:<\/strong> Bolsa de papel de aluminio (sellada, desecante incluido); unidad t\u00edpica: <strong>1 kg<\/strong><\/li>\n<li><strong>Calidad:<\/strong> 99% purity; consistencia del lote de calidad farmac\u00e9utica<\/li>\n<li><strong>Formato:<\/strong> Polvo crudo para cribado, desarrollo de m\u00e9todos y optimizaci\u00f3n de protocolos<\/li>\n<li><strong>Origen:<\/strong> China - suministro directo de f\u00e1brica<\/li>\n<\/ul>\n<h3>Enfoques t\u00edpicos de la investigaci\u00f3n<\/h3>\n<ul>\n<li>Comparaci\u00f3n de la v\u00eda y el mecanismo del receptor adren\u00e9rgico\/\u03b12<\/li>\n<li>Modelos de libido\/bienestar sexual y exploraci\u00f3n de v\u00edas cruzadas<\/li>\n<li>Paneles de comparaci\u00f3n y dise\u00f1os de estudios dosis-respuesta<\/li>\n<\/ul>\n<h3>Calidad y manipulaci\u00f3n<\/h3>\n<ul>\n<li>Especificaci\u00f3n Pharmaceutical-grade con 99% purity<\/li>\n<li>Manipulaci\u00f3n predecible para ensayos comparativos<\/li>\n<li>Etiquetado limpio para uso en investigaci\u00f3n y trazabilidad de lotes<\/li>\n<\/ul>\n<h3>Almacenamiento y estabilidad<\/h3>\n<ul>\n<li>Almacenar sellado a <strong>2-8 \u00b0C<\/strong>seco y protegido de la luz<\/li>\n<li>Reduzca al m\u00ednimo la exposici\u00f3n a la humedad; vuelva a sellar inmediatamente despu\u00e9s de su uso.<\/li>\n<\/ul>\n<h3>Enlaces internos<\/h3>\n<ul>\n<li><a href=\"\/es\/product-category\/sexual-wellness-raw-powders\/\">Bienestar Sexual Polvos Crudos<\/a><\/li>\n<li><a href=\"\/es\/product-tag\/yohimbine-hydrochloride\/\">Yohimbine Hydrochloride<\/a><\/li>\n<li><a href=\"\/es\/product-tag\/adrenergic-alpha2-pathway\/\">V\u00eda adren\u00e9rgica \/ alfa-2<\/a><\/li>\n<li><a href=\"\/es\/product-tag\/libido-sexual-performance\/\">Libido y rendimiento sexual<\/a><\/li>\n<li><a href=\"\/es\/product-tag\/research-powder-99-purity\/\">Polvo de investigaci\u00f3n (99% Purity)<\/a><\/li>\n<\/ul>\n<h3>Conformidad<\/h3>\n<p><strong>S\u00f3lo para investigaci\u00f3n.<\/strong><\/p>","protected":false},"excerpt":{"rendered":"<p><strong>Nombre:<\/strong> Yohimbine Hydrochloride polvo crudo (99% purity, calidad farmac\u00e9utica)<br \/>\n<strong>Funci\u00f3n:<\/strong> Investigaci\u00f3n de la v\u00eda del receptor adren\u00e9rgico\/\u03b12; modelos de libido\/bienestar sexual<br \/>\n<strong>Especificaci\u00f3n:<\/strong> Bolsa de papel de aluminio<br \/>\n<strong>CAS:<\/strong> 65-19-0<br \/>\n<strong>Apariencia:<\/strong> Polvo cristalino entre blanco y amarillo claro<br \/>\n<strong>Nota:<\/strong> El precio indicado es para <u>1 kg<\/u>. Para cantidades m\u00e1s peque\u00f1as o a granel, p\u00f3ngase en contacto con nosotros.<\/p>","protected":false},"featured_media":9784,"comment_status":"open","ping_status":"closed","template":"","meta":[],"product_cat":[361],"product_tag":[393,395,398,389,388],"class_list":{"0":"post-9787","1":"product","2":"type-product","3":"status-publish","4":"has-post-thumbnail","6":"product_brand-dp-hghpeptides","7":"product_brand-hgh-peptides-lab","8":"product_cat-sexual-wellness-raw-powders","9":"product_tag-adrenergic-alpha2-pathway","10":"product_tag-libido-sexual-performance","11":"product_tag-research-powder-99-purity","12":"product_tag-sexual-wellness-performance","13":"product_tag-yohimbine-hydrochloride","15":"first","16":"instock","17":"shipping-taxable","18":"purchasable","19":"product-type-simple"},"yoast_head":"<!-- This site is optimized with the Yoast SEO Premium plugin v27.5 (Yoast SEO v27.5) - https:\/\/yoast.com\/product\/yoast-seo-premium-wordpress\/ -->\n<title>Yohimbine Hydrochloride Powder \u2014 Price &amp; Specs | HGH Peptides Lab<\/title>\n<meta name=\"description\" content=\"Yohimbine Hydrochloride raw powder (99% purity, pharmaceutical-grade) for adrenergic\/\u03b12 pathway and libido research. Research use only. Contact us for quantities.\" \/>\n<meta name=\"robots\" content=\"index, follow, max-snippet:-1, max-image-preview:large, max-video-preview:-1\" \/>\n<link rel=\"canonical\" href=\"https:\/\/hghpeptideslab.com\/es\/product\/yohimbine-hydrochloride\/\" \/>\n<meta property=\"og:locale\" content=\"es_ES\" \/>\n<meta property=\"og:type\" content=\"article\" \/>\n<meta property=\"og:title\" content=\"Yohimbine Hydrochloride \u2014 Raw Powder\" \/>\n<meta property=\"og:description\" content=\"Yohimbine Hydrochloride raw powder (99% purity, pharmaceutical-grade) for adrenergic\/\u03b12 pathway and libido research. Research use only. Contact us for quantities.\" \/>\n<meta property=\"og:url\" content=\"https:\/\/hghpeptideslab.com\/es\/product\/yohimbine-hydrochloride\/\" \/>\n<meta property=\"og:site_name\" content=\"HGH Peptides Lab\" \/>\n<meta property=\"og:image\" content=\"https:\/\/hghpeptideslab.com\/wp-content\/uploads\/2025\/09\/yohimbine-hcl-.jpg\" \/>\n\t<meta property=\"og:image:width\" content=\"800\" \/>\n\t<meta property=\"og:image:height\" content=\"800\" \/>\n\t<meta property=\"og:image:type\" content=\"image\/jpeg\" \/>\n<meta name=\"twitter:card\" content=\"summary_large_image\" \/>\n<meta name=\"twitter:label1\" content=\"Tiempo de lectura\" \/>\n\t<meta name=\"twitter:data1\" content=\"2 minutos\" \/>\n<script type=\"application\/ld+json\" class=\"yoast-schema-graph\">{\"@context\":\"https:\\\/\\\/schema.org\",\"@graph\":[{\"@type\":\"WebPage\",\"@id\":\"https:\\\/\\\/hghpeptideslab.com\\\/product\\\/yohimbine-hydrochloride\\\/\",\"url\":\"https:\\\/\\\/hghpeptideslab.com\\\/product\\\/yohimbine-hydrochloride\\\/\",\"name\":\"Yohimbine Hydrochloride Powder \u2014 Price & Specs | HGH Peptides Lab\",\"isPartOf\":{\"@id\":\"https:\\\/\\\/hghpeptideslab.com\\\/#website\"},\"primaryImageOfPage\":{\"@id\":\"https:\\\/\\\/hghpeptideslab.com\\\/product\\\/yohimbine-hydrochloride\\\/#primaryimage\"},\"image\":{\"@id\":\"https:\\\/\\\/hghpeptideslab.com\\\/product\\\/yohimbine-hydrochloride\\\/#primaryimage\"},\"thumbnailUrl\":\"https:\\\/\\\/hghpeptideslab.com\\\/wp-content\\\/uploads\\\/2025\\\/09\\\/yohimbine-hcl-.jpg\",\"datePublished\":\"2025-09-12T10:22:20+00:00\",\"description\":\"Yohimbine Hydrochloride raw powder (99% purity, pharmaceutical-grade) for adrenergic\\\/\u03b12 pathway and libido research. Research use only. Contact us for quantities.\",\"breadcrumb\":{\"@id\":\"https:\\\/\\\/hghpeptideslab.com\\\/product\\\/yohimbine-hydrochloride\\\/#breadcrumb\"},\"inLanguage\":\"es\",\"potentialAction\":[{\"@type\":\"ReadAction\",\"target\":[\"https:\\\/\\\/hghpeptideslab.com\\\/product\\\/yohimbine-hydrochloride\\\/\"]}],\"copyrightNotice\":\"\u00a9 2010\u20132026 HGH Peptides Lab. All Rights Reserved.\"},{\"@type\":\"ImageObject\",\"inLanguage\":\"es\",\"@id\":\"https:\\\/\\\/hghpeptideslab.com\\\/product\\\/yohimbine-hydrochloride\\\/#primaryimage\",\"url\":\"https:\\\/\\\/hghpeptideslab.com\\\/wp-content\\\/uploads\\\/2025\\\/09\\\/yohimbine-hcl-.jpg\",\"contentUrl\":\"https:\\\/\\\/hghpeptideslab.com\\\/wp-content\\\/uploads\\\/2025\\\/09\\\/yohimbine-hcl-.jpg\",\"width\":800,\"height\":800,\"caption\":\"Clean pack shot for research catalogs\"},{\"@type\":\"BreadcrumbList\",\"@id\":\"https:\\\/\\\/hghpeptideslab.com\\\/product\\\/yohimbine-hydrochloride\\\/#breadcrumb\",\"itemListElement\":[{\"@type\":\"ListItem\",\"position\":1,\"name\":\"Home\",\"item\":\"https:\\\/\\\/hghpeptideslab.com\\\/\"},{\"@type\":\"ListItem\",\"position\":2,\"name\":\"Shop\",\"item\":\"https:\\\/\\\/hghpeptideslab.com\\\/shop\\\/\"},{\"@type\":\"ListItem\",\"position\":3,\"name\":\"Yohimbine Hydrochloride \u2014 Raw Powder\"}]},{\"@type\":\"WebSite\",\"@id\":\"https:\\\/\\\/hghpeptideslab.com\\\/#website\",\"url\":\"https:\\\/\\\/hghpeptideslab.com\\\/\",\"name\":\"HGH Peptides Lab\",\"description\":\"Premium Peptides &amp; HGH Shop\",\"publisher\":{\"@id\":\"https:\\\/\\\/hghpeptideslab.com\\\/#organization\"},\"potentialAction\":[{\"@type\":\"SearchAction\",\"target\":{\"@type\":\"EntryPoint\",\"urlTemplate\":\"https:\\\/\\\/hghpeptideslab.com\\\/?s={search_term_string}\"},\"query-input\":{\"@type\":\"PropertyValueSpecification\",\"valueRequired\":true,\"valueName\":\"search_term_string\"}}],\"inLanguage\":\"es\"},{\"@type\":\"Organization\",\"@id\":\"https:\\\/\\\/hghpeptideslab.com\\\/#organization\",\"name\":\"HGH Peptides Lab\",\"url\":\"https:\\\/\\\/hghpeptideslab.com\\\/es\\\/\",\"logo\":{\"@type\":\"ImageObject\",\"url\":\"https:\\\/\\\/hghpeptideslab.com\\\/wp-content\\\/uploads\\\/2025\\\/07\\\/HGHPEPTIDESLAB-Logo.png\"},\"image\":{\"@id\":\"https:\\\/\\\/hghpeptideslab.com\\\/#\\\/schema\\\/logo\\\/image\\\/\"},\"foundingDate\":\"2010\",\"contactPoint\":[{\"@type\":\"ContactPoint\",\"contactType\":\"customer support\",\"telephone\":\"+85247559641\",\"email\":\"CYGGL2025@gmail.com\",\"availableLanguage\":[\"en\"]}]}]}<\/script>\n<!-- \/ Yoast SEO Premium plugin. -->","yoast_head_json":{"title":"Yohimbine Hydrochloride Polvo - Precio y especificaciones | HGH Peptides Lab","description":"Yohimbine Hydrochloride polvo crudo (99% purity, calidad farmac\u00e9utica) para la investigaci\u00f3n de la v\u00eda adren\u00e9rgica\/\u03b12 y la libido. S\u00f3lo para investigaci\u00f3n. Contacte con nosotros para cantidades.","robots":{"index":"index","follow":"follow","max-snippet":"max-snippet:-1","max-image-preview":"max-image-preview:large","max-video-preview":"max-video-preview:-1"},"canonical":"https:\/\/hghpeptideslab.com\/es\/product\/yohimbine-hydrochloride\/","og_locale":"es_ES","og_type":"article","og_title":"Yohimbine Hydrochloride \u2014 Raw Powder","og_description":"Yohimbine Hydrochloride raw powder (99% purity, pharmaceutical-grade) for adrenergic\/\u03b12 pathway and libido research. Research use only. Contact us for quantities.","og_url":"https:\/\/hghpeptideslab.com\/es\/product\/yohimbine-hydrochloride\/","og_site_name":"HGH Peptides Lab","og_image":[{"width":800,"height":800,"url":"https:\/\/hghpeptideslab.com\/wp-content\/uploads\/2025\/09\/yohimbine-hcl-.jpg","type":"image\/jpeg"}],"twitter_card":"summary_large_image","twitter_misc":{"Tiempo de lectura":"2 minutos"},"schema":{"@context":"https:\/\/schema.org","@graph":[{"@type":"WebPage","@id":"https:\/\/hghpeptideslab.com\/product\/yohimbine-hydrochloride\/","url":"https:\/\/hghpeptideslab.com\/product\/yohimbine-hydrochloride\/","name":"Yohimbine Hydrochloride Polvo - Precio y especificaciones | HGH Peptides Lab","isPartOf":{"@id":"https:\/\/hghpeptideslab.com\/#website"},"primaryImageOfPage":{"@id":"https:\/\/hghpeptideslab.com\/product\/yohimbine-hydrochloride\/#primaryimage"},"image":{"@id":"https:\/\/hghpeptideslab.com\/product\/yohimbine-hydrochloride\/#primaryimage"},"thumbnailUrl":"https:\/\/hghpeptideslab.com\/wp-content\/uploads\/2025\/09\/yohimbine-hcl-.jpg","datePublished":"2025-09-12T10:22:20+00:00","description":"Yohimbine Hydrochloride polvo crudo (99% purity, calidad farmac\u00e9utica) para la investigaci\u00f3n de la v\u00eda adren\u00e9rgica\/\u03b12 y la libido. S\u00f3lo para investigaci\u00f3n. Contacte con nosotros para cantidades.","breadcrumb":{"@id":"https:\/\/hghpeptideslab.com\/product\/yohimbine-hydrochloride\/#breadcrumb"},"inLanguage":"es","potentialAction":[{"@type":"ReadAction","target":["https:\/\/hghpeptideslab.com\/product\/yohimbine-hydrochloride\/"]}],"copyrightNotice":"\u00a9 2010\u20132026 HGH Peptides Lab. All Rights Reserved."},{"@type":"ImageObject","inLanguage":"es","@id":"https:\/\/hghpeptideslab.com\/product\/yohimbine-hydrochloride\/#primaryimage","url":"https:\/\/hghpeptideslab.com\/wp-content\/uploads\/2025\/09\/yohimbine-hcl-.jpg","contentUrl":"https:\/\/hghpeptideslab.com\/wp-content\/uploads\/2025\/09\/yohimbine-hcl-.jpg","width":800,"height":800,"caption":"Clean pack shot for research catalogs"},{"@type":"BreadcrumbList","@id":"https:\/\/hghpeptideslab.com\/product\/yohimbine-hydrochloride\/#breadcrumb","itemListElement":[{"@type":"ListItem","position":1,"name":"Home","item":"https:\/\/hghpeptideslab.com\/"},{"@type":"ListItem","position":2,"name":"Shop","item":"https:\/\/hghpeptideslab.com\/shop\/"},{"@type":"ListItem","position":3,"name":"Yohimbine Hydrochloride \u2014 Raw Powder"}]},{"@type":"WebSite","@id":"https:\/\/hghpeptideslab.com\/#website","url":"https:\/\/hghpeptideslab.com\/","name":"Laboratorio de p\u00e9ptidos HGH","description":"Tienda Premium de P\u00e9ptidos y HGH","publisher":{"@id":"https:\/\/hghpeptideslab.com\/#organization"},"potentialAction":[{"@type":"SearchAction","target":{"@type":"EntryPoint","urlTemplate":"https:\/\/hghpeptideslab.com\/?s={search_term_string}"},"query-input":{"@type":"PropertyValueSpecification","valueRequired":true,"valueName":"search_term_string"}}],"inLanguage":"es"},{"@type":"Organization","@id":"https:\/\/hghpeptideslab.com\/#organization","name":"Laboratorio de p\u00e9ptidos HGH","url":"https:\/\/hghpeptideslab.com\/es\/","logo":{"@type":"ImageObject","url":"https:\/\/hghpeptideslab.com\/wp-content\/uploads\/2025\/07\/HGHPEPTIDESLAB-Logo.png"},"image":{"@id":"https:\/\/hghpeptideslab.com\/#\/schema\/logo\/image\/"},"foundingDate":"2010","contactPoint":[{"@type":"ContactPoint","contactType":"customer support","telephone":"+85247559641","email":"CYGGL2025@gmail.com","availableLanguage":["en"]}]}]}},"_links":{"self":[{"href":"https:\/\/hghpeptideslab.com\/es\/wp-json\/wp\/v2\/product\/9787","targetHints":{"allow":["GET"]}}],"collection":[{"href":"https:\/\/hghpeptideslab.com\/es\/wp-json\/wp\/v2\/product"}],"about":[{"href":"https:\/\/hghpeptideslab.com\/es\/wp-json\/wp\/v2\/types\/product"}],"replies":[{"embeddable":true,"href":"https:\/\/hghpeptideslab.com\/es\/wp-json\/wp\/v2\/comments?post=9787"}],"wp:featuredmedia":[{"embeddable":true,"href":"https:\/\/hghpeptideslab.com\/es\/wp-json\/wp\/v2\/media\/9784"}],"wp:attachment":[{"href":"https:\/\/hghpeptideslab.com\/es\/wp-json\/wp\/v2\/media?parent=9787"}],"wp:term":[{"taxonomy":"product_cat","embeddable":true,"href":"https:\/\/hghpeptideslab.com\/es\/wp-json\/wp\/v2\/product_cat?post=9787"},{"taxonomy":"product_tag","embeddable":true,"href":"https:\/\/hghpeptideslab.com\/es\/wp-json\/wp\/v2\/product_tag?post=9787"}],"curies":[{"name":"wp","href":"https:\/\/api.w.org\/{rel}","templated":true}]}}