{"id":8863,"date":"2025-08-14T19:45:46","date_gmt":"2025-08-14T19:45:46","guid":{"rendered":"https:\/\/hghpeptideslab.com\/?post_type=product&#038;p=8863"},"modified":"2025-10-22T19:15:03","modified_gmt":"2025-10-22T19:15:03","slug":"custom-hgh-6-30-iu","status":"publish","type":"product","link":"https:\/\/hghpeptideslab.com\/fr\/product\/custom-hgh-6-30-iu\/","title":{"rendered":"Custom-Dose HGH (hormone de croissance humaine) \u2013 6\u201330 IU"},"content":{"rendered":"<h3>Aper\u00e7u<\/h3>\n<p>Custom-Dose HGH (somatropine) soutient la recherche sur les facteurs de croissance et la r\u00e9cup\u00e9ration avec des remplissages sur mesure \u00e0 partir de <strong>6 IU \u00e0 30 IU par vial<\/strong>.<br \/>\nNotre mat\u00e9riel est <strong>Fabriqu\u00e9 selon les BPF<\/strong> (mati\u00e8re premi\u00e8re de qualit\u00e9 pharmaceutique) avec <strong>Puret\u00e9 99%+<\/strong>.<br \/>\nHPLC\/COA est disponible sur demande.<\/p>\n<h3>Caract\u00e9ristiques principales<\/h3>\n<ul>\n<li>Remplissage sur mesure : <strong>6-30 IU par vial<\/strong> (gamme sur mesure)<\/li>\n<li>Kit typique : <strong>10 vials\/kit<\/strong> (autres tailles de kits sur demande)<\/li>\n<li>White lyophilized powder pour des protocoles de laboratoire flexibles<\/li>\n<li>Documentation HPLC\/COA sur demande<\/li>\n<\/ul>\n<h3>Axes de recherche typiques<\/h3>\n<ul>\n<li>Facteurs de croissance et mod\u00e8les de r\u00e9g\u00e9n\u00e9ration tissulaire<\/li>\n<li>\u00c9tudes sur la r\u00e9cup\u00e9ration et l'adaptation des performances<\/li>\n<li>Recherche sur la composition corporelle et le m\u00e9tabolisme<\/li>\n<li>Voies de signalisation cellulaire et de synth\u00e8se des prot\u00e9ines<\/li>\n<\/ul>\n<h3>Stockage et stabilit\u00e9<\/h3>\n<ul>\n<li>Conserver ferm\u00e9 \u00e0 <strong>2\u20138 \u00b0C<\/strong>, \u00e0 l&#039;abri de la lumi\u00e8re et de l&#039;humidit\u00e9<\/li>\n<li>Il est recommand\u00e9 d&#039;utiliser rapidement les solutions reconstitu\u00e9es dans des conditions de laboratoire appropri\u00e9es.<\/li>\n<\/ul>\n<h3>Remarques<\/h3>\n<ul>\n<li>Fabriqu\u00e9 en <strong>Conforme aux BPF<\/strong> installations<\/li>\n<li>HPLC\/COA disponible sur demande<\/li>\n<li>R\u00e9serv\u00e9 \u00e0 la recherche en laboratoire. Les produits ne sont pas destin\u00e9s \u00e0 un usage m\u00e9dical.<\/li>\n<\/ul>","protected":false},"excerpt":{"rendered":"<p><strong>Nom:<\/strong> 99% Purity Custom-Dose HGH (somatropine) peptide<br \/>\n<strong>Fonction:<\/strong> Recherche sur les facteurs de croissance ; mod\u00e8les de r\u00e9cup\u00e9ration et de lutte contre le vieillissement<br \/>\n<strong>Sp\u00e9cification:<\/strong> 6-30 IU par vial (sur commande) ; typiquement 10 vials\/kit<br \/>\n<strong>CAS:<\/strong> 12629-01-5<br \/>\n<strong>Apparence:<\/strong> Poudre blanche lyophilized<br \/>\n<strong>Prix :<\/strong> Contact pour un devis<\/p>","protected":false},"featured_media":8864,"comment_status":"open","ping_status":"closed","template":"","meta":[],"product_cat":[59,40],"product_tag":[162,144,178,160,158],"class_list":{"0":"post-8863","1":"product","2":"type-product","3":"status-publish","4":"has-post-thumbnail","6":"product_brand-dp-hghpeptides","7":"product_brand-hgh-peptides-lab","8":"product_cat-nootropic-peptides-anti-aging","9":"product_cat-peptides-for-muscle-growth","10":"product_tag-anti-aging-longevity-peptides","11":"product_tag-hgh-somatropin-powder","12":"product_tag-hgh-somatropin","13":"product_tag-muscle-growth-performance-peptides","14":"product_tag-recovery-tissue-repair-peptides","16":"first","17":"instock","18":"featured","19":"shipping-taxable","20":"purchasable","21":"product-type-simple"},"yoast_head":"<!-- This site is optimized with the Yoast SEO Premium plugin v27.5 (Yoast SEO v27.5) - https:\/\/yoast.com\/product\/yoast-seo-premium-wordpress\/ -->\n<title>Custom-Dose HGH 6\u201330 IU | HGH Peptides Lab \u2013 HPLC\/COA Verified<\/title>\n<meta name=\"description\" content=\"Buy custom-dose HGH (6\u201330 IU) from a China-based GMP lab. 99% purity with HPLC\/COA. Factory-direct selling and fast worldwide shipping for flexible GH research.\" \/>\n<meta name=\"robots\" content=\"index, follow, max-snippet:-1, max-image-preview:large, max-video-preview:-1\" \/>\n<link rel=\"canonical\" href=\"https:\/\/hghpeptideslab.com\/fr\/product\/custom-hgh-6-30-iu\/\" \/>\n<meta property=\"og:locale\" content=\"fr_FR\" \/>\n<meta property=\"og:type\" content=\"article\" \/>\n<meta property=\"og:title\" content=\"Custom-Dose HGH (Human Growth Hormone) \u2013 6\u201330 IU\" \/>\n<meta property=\"og:description\" content=\"Buy custom-dose HGH (6\u201330 IU) from a China-based GMP lab. 99% purity with HPLC\/COA. Factory-direct selling and fast worldwide shipping for flexible GH research.\" \/>\n<meta property=\"og:url\" content=\"https:\/\/hghpeptideslab.com\/fr\/product\/custom-hgh-6-30-iu\/\" \/>\n<meta property=\"og:site_name\" content=\"HGH Peptides Lab\" \/>\n<meta property=\"article:modified_time\" content=\"2025-10-22T19:15:03+00:00\" \/>\n<meta property=\"og:image\" content=\"https:\/\/hghpeptideslab.com\/wp-content\/uploads\/2025\/08\/hgh-6iu-30iu.jpg\" \/>\n\t<meta property=\"og:image:width\" content=\"800\" \/>\n\t<meta property=\"og:image:height\" content=\"800\" \/>\n\t<meta property=\"og:image:type\" content=\"image\/jpeg\" \/>\n<meta name=\"twitter:card\" content=\"summary_large_image\" \/>\n<meta name=\"twitter:label1\" content=\"Dur\u00e9e de lecture estim\u00e9e\" \/>\n\t<meta name=\"twitter:data1\" content=\"1 minute\" \/>\n<script type=\"application\/ld+json\" class=\"yoast-schema-graph\">{\"@context\":\"https:\\\/\\\/schema.org\",\"@graph\":[{\"@type\":\"WebPage\",\"@id\":\"https:\\\/\\\/hghpeptideslab.com\\\/product\\\/custom-hgh-6-30-iu\\\/\",\"url\":\"https:\\\/\\\/hghpeptideslab.com\\\/product\\\/custom-hgh-6-30-iu\\\/\",\"name\":\"Custom-Dose HGH 6\u201330 IU | HGH Peptides Lab \u2013 HPLC\\\/COA Verified\",\"isPartOf\":{\"@id\":\"https:\\\/\\\/hghpeptideslab.com\\\/#website\"},\"primaryImageOfPage\":{\"@id\":\"https:\\\/\\\/hghpeptideslab.com\\\/product\\\/custom-hgh-6-30-iu\\\/#primaryimage\"},\"image\":{\"@id\":\"https:\\\/\\\/hghpeptideslab.com\\\/product\\\/custom-hgh-6-30-iu\\\/#primaryimage\"},\"thumbnailUrl\":\"https:\\\/\\\/hghpeptideslab.com\\\/wp-content\\\/uploads\\\/2025\\\/08\\\/hgh-6iu-30iu.jpg\",\"datePublished\":\"2025-08-14T19:45:46+00:00\",\"dateModified\":\"2025-10-22T19:15:03+00:00\",\"description\":\"Buy custom-dose HGH (6\u201330 IU) from a China-based GMP lab. 99% purity with HPLC\\\/COA. Factory-direct selling and fast worldwide shipping for flexible GH research.\",\"breadcrumb\":{\"@id\":\"https:\\\/\\\/hghpeptideslab.com\\\/product\\\/custom-hgh-6-30-iu\\\/#breadcrumb\"},\"inLanguage\":\"fr-FR\",\"potentialAction\":[{\"@type\":\"ReadAction\",\"target\":[\"https:\\\/\\\/hghpeptideslab.com\\\/product\\\/custom-hgh-6-30-iu\\\/\"]}],\"copyrightNotice\":\"\u00a9 2010\u20132026 HGH Peptides Lab. All Rights Reserved.\"},{\"@type\":\"ImageObject\",\"inLanguage\":\"fr-FR\",\"@id\":\"https:\\\/\\\/hghpeptideslab.com\\\/product\\\/custom-hgh-6-30-iu\\\/#primaryimage\",\"url\":\"https:\\\/\\\/hghpeptideslab.com\\\/wp-content\\\/uploads\\\/2025\\\/08\\\/hgh-6iu-30iu.jpg\",\"contentUrl\":\"https:\\\/\\\/hghpeptideslab.com\\\/wp-content\\\/uploads\\\/2025\\\/08\\\/hgh-6iu-30iu.jpg\",\"width\":800,\"height\":800,\"caption\":\"Made-to-order fills \u00b7 6\u201330 IU per vial\"},{\"@type\":\"BreadcrumbList\",\"@id\":\"https:\\\/\\\/hghpeptideslab.com\\\/product\\\/custom-hgh-6-30-iu\\\/#breadcrumb\",\"itemListElement\":[{\"@type\":\"ListItem\",\"position\":1,\"name\":\"Home\",\"item\":\"https:\\\/\\\/hghpeptideslab.com\\\/\"},{\"@type\":\"ListItem\",\"position\":2,\"name\":\"Shop\",\"item\":\"https:\\\/\\\/hghpeptideslab.com\\\/shop\\\/\"},{\"@type\":\"ListItem\",\"position\":3,\"name\":\"Custom-Dose HGH (Human Growth Hormone) \u2013 6\u201330 IU\"}]},{\"@type\":\"WebSite\",\"@id\":\"https:\\\/\\\/hghpeptideslab.com\\\/#website\",\"url\":\"https:\\\/\\\/hghpeptideslab.com\\\/\",\"name\":\"HGH Peptides Lab\",\"description\":\"Premium Peptides &amp; HGH Shop\",\"publisher\":{\"@id\":\"https:\\\/\\\/hghpeptideslab.com\\\/#organization\"},\"potentialAction\":[{\"@type\":\"SearchAction\",\"target\":{\"@type\":\"EntryPoint\",\"urlTemplate\":\"https:\\\/\\\/hghpeptideslab.com\\\/?s={search_term_string}\"},\"query-input\":{\"@type\":\"PropertyValueSpecification\",\"valueRequired\":true,\"valueName\":\"search_term_string\"}}],\"inLanguage\":\"fr-FR\"},{\"@type\":\"Organization\",\"@id\":\"https:\\\/\\\/hghpeptideslab.com\\\/#organization\",\"name\":\"HGH Peptides Lab\",\"url\":\"https:\\\/\\\/hghpeptideslab.com\\\/fr\\\/\",\"logo\":{\"@type\":\"ImageObject\",\"url\":\"https:\\\/\\\/hghpeptideslab.com\\\/wp-content\\\/uploads\\\/2025\\\/07\\\/HGHPEPTIDESLAB-Logo.png\"},\"image\":{\"@id\":\"https:\\\/\\\/hghpeptideslab.com\\\/#\\\/schema\\\/logo\\\/image\\\/\"},\"foundingDate\":\"2010\",\"contactPoint\":[{\"@type\":\"ContactPoint\",\"contactType\":\"customer support\",\"telephone\":\"+85247559641\",\"email\":\"CYGGL2025@gmail.com\",\"availableLanguage\":[\"en\"]}]}]}<\/script>\n<!-- \/ Yoast SEO Premium plugin. -->","yoast_head_json":{"title":"Custom-Dose HGH 6-30 IU | HGH Peptides Lab - HPLC\/COA V\u00e9rifi\u00e9","description":"Achetez des doses personnalis\u00e9es de HGH (6-30 IU) \u00e0 un laboratoire de GMP bas\u00e9 en Chine. 99% purity avec HPLC\/COA. Vente directe et exp\u00e9dition rapide dans le monde entier pour une recherche flexible sur la GH.","robots":{"index":"index","follow":"follow","max-snippet":"max-snippet:-1","max-image-preview":"max-image-preview:large","max-video-preview":"max-video-preview:-1"},"canonical":"https:\/\/hghpeptideslab.com\/fr\/product\/custom-hgh-6-30-iu\/","og_locale":"fr_FR","og_type":"article","og_title":"Custom-Dose HGH (Human Growth Hormone) \u2013 6\u201330 IU","og_description":"Buy custom-dose HGH (6\u201330 IU) from a China-based GMP lab. 99% purity with HPLC\/COA. Factory-direct selling and fast worldwide shipping for flexible GH research.","og_url":"https:\/\/hghpeptideslab.com\/fr\/product\/custom-hgh-6-30-iu\/","og_site_name":"HGH Peptides Lab","article_modified_time":"2025-10-22T19:15:03+00:00","og_image":[{"width":800,"height":800,"url":"https:\/\/hghpeptideslab.com\/wp-content\/uploads\/2025\/08\/hgh-6iu-30iu.jpg","type":"image\/jpeg"}],"twitter_card":"summary_large_image","twitter_misc":{"Dur\u00e9e de lecture estim\u00e9e":"1 minute"},"schema":{"@context":"https:\/\/schema.org","@graph":[{"@type":"WebPage","@id":"https:\/\/hghpeptideslab.com\/product\/custom-hgh-6-30-iu\/","url":"https:\/\/hghpeptideslab.com\/product\/custom-hgh-6-30-iu\/","name":"Custom-Dose HGH 6-30 IU | HGH Peptides Lab - HPLC\/COA V\u00e9rifi\u00e9","isPartOf":{"@id":"https:\/\/hghpeptideslab.com\/#website"},"primaryImageOfPage":{"@id":"https:\/\/hghpeptideslab.com\/product\/custom-hgh-6-30-iu\/#primaryimage"},"image":{"@id":"https:\/\/hghpeptideslab.com\/product\/custom-hgh-6-30-iu\/#primaryimage"},"thumbnailUrl":"https:\/\/hghpeptideslab.com\/wp-content\/uploads\/2025\/08\/hgh-6iu-30iu.jpg","datePublished":"2025-08-14T19:45:46+00:00","dateModified":"2025-10-22T19:15:03+00:00","description":"Achetez des doses personnalis\u00e9es de HGH (6-30 IU) \u00e0 un laboratoire de GMP bas\u00e9 en Chine. 99% purity avec HPLC\/COA. Vente directe et exp\u00e9dition rapide dans le monde entier pour une recherche flexible sur la GH.","breadcrumb":{"@id":"https:\/\/hghpeptideslab.com\/product\/custom-hgh-6-30-iu\/#breadcrumb"},"inLanguage":"fr-FR","potentialAction":[{"@type":"ReadAction","target":["https:\/\/hghpeptideslab.com\/product\/custom-hgh-6-30-iu\/"]}],"copyrightNotice":"\u00a9 2010\u20132026 HGH Peptides Lab. All Rights Reserved."},{"@type":"ImageObject","inLanguage":"fr-FR","@id":"https:\/\/hghpeptideslab.com\/product\/custom-hgh-6-30-iu\/#primaryimage","url":"https:\/\/hghpeptideslab.com\/wp-content\/uploads\/2025\/08\/hgh-6iu-30iu.jpg","contentUrl":"https:\/\/hghpeptideslab.com\/wp-content\/uploads\/2025\/08\/hgh-6iu-30iu.jpg","width":800,"height":800,"caption":"Made-to-order fills \u00b7 6\u201330 IU per vial"},{"@type":"BreadcrumbList","@id":"https:\/\/hghpeptideslab.com\/product\/custom-hgh-6-30-iu\/#breadcrumb","itemListElement":[{"@type":"ListItem","position":1,"name":"Home","item":"https:\/\/hghpeptideslab.com\/"},{"@type":"ListItem","position":2,"name":"Shop","item":"https:\/\/hghpeptideslab.com\/shop\/"},{"@type":"ListItem","position":3,"name":"Custom-Dose HGH (Human Growth Hormone) \u2013 6\u201330 IU"}]},{"@type":"WebSite","@id":"https:\/\/hghpeptideslab.com\/#website","url":"https:\/\/hghpeptideslab.com\/","name":"HGH Peptides Lab","description":"Premium Peptides &amp; HGH Shop","publisher":{"@id":"https:\/\/hghpeptideslab.com\/#organization"},"potentialAction":[{"@type":"SearchAction","target":{"@type":"EntryPoint","urlTemplate":"https:\/\/hghpeptideslab.com\/?s={search_term_string}"},"query-input":{"@type":"PropertyValueSpecification","valueRequired":true,"valueName":"search_term_string"}}],"inLanguage":"fr-FR"},{"@type":"Organization","@id":"https:\/\/hghpeptideslab.com\/#organization","name":"HGH Peptides Lab","url":"https:\/\/hghpeptideslab.com\/fr\/","logo":{"@type":"ImageObject","url":"https:\/\/hghpeptideslab.com\/wp-content\/uploads\/2025\/07\/HGHPEPTIDESLAB-Logo.png"},"image":{"@id":"https:\/\/hghpeptideslab.com\/#\/schema\/logo\/image\/"},"foundingDate":"2010","contactPoint":[{"@type":"ContactPoint","contactType":"customer support","telephone":"+85247559641","email":"CYGGL2025@gmail.com","availableLanguage":["en"]}]}]}},"_links":{"self":[{"href":"https:\/\/hghpeptideslab.com\/fr\/wp-json\/wp\/v2\/product\/8863","targetHints":{"allow":["GET"]}}],"collection":[{"href":"https:\/\/hghpeptideslab.com\/fr\/wp-json\/wp\/v2\/product"}],"about":[{"href":"https:\/\/hghpeptideslab.com\/fr\/wp-json\/wp\/v2\/types\/product"}],"replies":[{"embeddable":true,"href":"https:\/\/hghpeptideslab.com\/fr\/wp-json\/wp\/v2\/comments?post=8863"}],"wp:featuredmedia":[{"embeddable":true,"href":"https:\/\/hghpeptideslab.com\/fr\/wp-json\/wp\/v2\/media\/8864"}],"wp:attachment":[{"href":"https:\/\/hghpeptideslab.com\/fr\/wp-json\/wp\/v2\/media?parent=8863"}],"wp:term":[{"taxonomy":"product_cat","embeddable":true,"href":"https:\/\/hghpeptideslab.com\/fr\/wp-json\/wp\/v2\/product_cat?post=8863"},{"taxonomy":"product_tag","embeddable":true,"href":"https:\/\/hghpeptideslab.com\/fr\/wp-json\/wp\/v2\/product_tag?post=8863"}],"curies":[{"name":"wp","href":"https:\/\/api.w.org\/{rel}","templated":true}]}}