{"id":8975,"date":"2025-08-15T20:21:42","date_gmt":"2025-08-15T20:21:42","guid":{"rendered":"https:\/\/hghpeptideslab.com\/?post_type=product&#038;p=8975"},"modified":"2026-01-16T19:02:19","modified_gmt":"2026-01-16T19:02:19","slug":"tesamorelin","status":"publish","type":"product","link":"https:\/\/hghpeptideslab.com\/fr\/product\/tesamorelin\/","title":{"rendered":"Peptide de t\u00e9samor\u00e9line"},"content":{"rendered":"<h3>Aper\u00e7u<\/h3>\n<p>Tesamorelin est un produit synth\u00e9tique <strong>Analogue de la GHRH<\/strong> largement r\u00e9f\u00e9renc\u00e9e dans la recherche sur la composition corporelle,<br \/>\nla r\u00e9duction du tissu adipeux visc\u00e9ral (VAT) et la modulation de l'axe GH\/IGF-1. Notre mat\u00e9riel est<br \/>\n<strong>Fabriqu\u00e9 selon les BPF<\/strong> peptide brut de qualit\u00e9 pharmaceutique avec <strong>Puret\u00e9 99%+<\/strong>.<br \/>\nHPLC\/COA est disponible sur demande.<\/p>\n<h3>Caract\u00e9ristiques principales<\/h3>\n<ul>\n<li>Points forts : <strong>2 mg<\/strong>, <strong>5 mg<\/strong>, <strong>10 mg<\/strong>, <strong>20 mg<\/strong> pour vial<\/li>\n<li>Taille Kit : <strong>10 vials\/kit<\/strong><\/li>\n<li>Poudre blanche lyophilized pour protocoles de recherche flexibles<\/li>\n<li>Documentation compl\u00e8te (HPLC\/COA) sur demande<\/li>\n<\/ul>\n<h3>Axes de recherche typiques<\/h3>\n<ul>\n<li>Mod\u00e8les de graisse visc\u00e9rale et de lipolyse ; m\u00e9canismes de r\u00e9duction de la TVA<\/li>\n<li>\u00c9tudes sur la stimulation de l'hormone de croissance (GH) et de l'axe IGF-1<\/li>\n<li>Profilage m\u00e9tabolique, param\u00e8tres du m\u00e9tabolisme du glucose et des lipides<\/li>\n<li>Recherche sur la composition corporelle et la distribution du tissu adipeux<\/li>\n<\/ul>\n<h3>Stockage et stabilit\u00e9<\/h3>\n<ul>\n<li>Conserver ferm\u00e9 \u00e0 <strong>2\u20138 \u00b0C<\/strong>, \u00e0 l&#039;abri de la lumi\u00e8re et de l&#039;humidit\u00e9<\/li>\n<li>Utiliser rapidement les solutions reconstitu\u00e9es dans des conditions de laboratoire appropri\u00e9es.<\/li>\n<\/ul>\n<h3>Remarques<\/h3>\n<ul>\n<li>Fabriqu\u00e9 en <strong>Conforme aux BPF<\/strong> installations<\/li>\n<li>HPLC\/COA disponible sur demande<\/li>\n<li>R\u00e9serv\u00e9 \u00e0 la recherche en laboratoire. Les produits ne sont pas destin\u00e9s \u00e0 un usage m\u00e9dical.<\/li>\n<\/ul>","protected":false},"excerpt":{"rendered":"<p><strong>Nom:<\/strong> 99% Purity Tesamorelin peptide<br \/>\n<strong>Fonction:<\/strong> Recherche sur la perte de poids ; \u00e9tudes sur la graisse visc\u00e9rale et la lipolyse ; axe GH<br \/>\n<strong>Sp\u00e9cification:<\/strong> 2 mg &amp; 5 mg &amp; 10 mg &amp; 20 mg par vial ; 10 vials\/kit<br \/>\n<strong>CAS:<\/strong> 218949-48-5<br \/>\n<strong>Apparence:<\/strong> Poudre blanche lyophilized<\/p>","protected":false},"featured_media":8970,"comment_status":"open","ping_status":"closed","template":"","meta":[],"product_cat":[46],"product_tag":[162,161,132],"class_list":{"0":"post-8975","1":"product","2":"type-product","3":"status-publish","4":"has-post-thumbnail","6":"product_brand-dp-hghpeptides","7":"product_brand-hgh-peptides-lab","8":"product_cat-peptides-for-weight-loss","9":"product_tag-anti-aging-longevity-peptides","10":"product_tag-fat-loss-metabolism-peptides","11":"product_tag-tesamorelin","13":"first","14":"instock","15":"featured","16":"shipping-taxable","17":"purchasable","18":"product-type-variable","19":"has-default-attributes"},"yoast_head":"<!-- This site is optimized with the Yoast SEO Premium plugin v27.5 (Yoast SEO v27.5) - https:\/\/yoast.com\/product\/yoast-seo-premium-wordpress\/ -->\n<title>Tesamorelin Peptide for Visceral Fat | HGH Peptides Lab \u2013 99% Purity<\/title>\n<meta name=\"description\" content=\"Buy Tesamorelin from a China-based GMP lab. 99% purity with HPLC\/COA. Factory-direct selling and fast worldwide shipping for belly-fat and GH support research.\" \/>\n<meta name=\"robots\" content=\"index, follow, max-snippet:-1, max-image-preview:large, max-video-preview:-1\" \/>\n<link rel=\"canonical\" href=\"https:\/\/hghpeptideslab.com\/fr\/product\/tesamorelin\/\" \/>\n<meta property=\"og:locale\" content=\"fr_FR\" \/>\n<meta property=\"og:type\" content=\"article\" \/>\n<meta property=\"og:title\" content=\"Tesamorelin Peptide\" \/>\n<meta property=\"og:description\" content=\"Buy Tesamorelin from a China-based GMP lab. 99% purity with HPLC\/COA. Factory-direct selling and fast worldwide shipping for belly-fat and GH support research.\" \/>\n<meta property=\"og:url\" content=\"https:\/\/hghpeptideslab.com\/fr\/product\/tesamorelin\/\" \/>\n<meta property=\"og:site_name\" content=\"HGH Peptides Lab\" \/>\n<meta property=\"article:modified_time\" content=\"2026-01-16T19:02:19+00:00\" \/>\n<meta property=\"og:image\" content=\"https:\/\/hghpeptideslab.com\/wp-content\/uploads\/2025\/08\/tesamorelin5mg.jpg\" \/>\n\t<meta property=\"og:image:width\" content=\"800\" \/>\n\t<meta property=\"og:image:height\" content=\"800\" \/>\n\t<meta property=\"og:image:type\" content=\"image\/jpeg\" \/>\n<meta name=\"twitter:card\" content=\"summary_large_image\" \/>\n<meta name=\"twitter:label1\" content=\"Dur\u00e9e de lecture estim\u00e9e\" \/>\n\t<meta name=\"twitter:data1\" content=\"1 minute\" \/>\n<script type=\"application\/ld+json\" class=\"yoast-schema-graph\">{\"@context\":\"https:\\\/\\\/schema.org\",\"@graph\":[{\"@type\":\"WebPage\",\"@id\":\"https:\\\/\\\/hghpeptideslab.com\\\/product\\\/tesamorelin\\\/\",\"url\":\"https:\\\/\\\/hghpeptideslab.com\\\/product\\\/tesamorelin\\\/\",\"name\":\"Tesamorelin Peptide for Visceral Fat | HGH Peptides Lab \u2013 99% Purity\",\"isPartOf\":{\"@id\":\"https:\\\/\\\/hghpeptideslab.com\\\/#website\"},\"primaryImageOfPage\":{\"@id\":\"https:\\\/\\\/hghpeptideslab.com\\\/product\\\/tesamorelin\\\/#primaryimage\"},\"image\":{\"@id\":\"https:\\\/\\\/hghpeptideslab.com\\\/product\\\/tesamorelin\\\/#primaryimage\"},\"thumbnailUrl\":\"https:\\\/\\\/hghpeptideslab.com\\\/wp-content\\\/uploads\\\/2025\\\/08\\\/tesamorelin5mg.jpg\",\"datePublished\":\"2025-08-15T20:21:42+00:00\",\"dateModified\":\"2026-01-16T19:02:19+00:00\",\"description\":\"Buy Tesamorelin from a China-based GMP lab. 99% purity with HPLC\\\/COA. Factory-direct selling and fast worldwide shipping for belly-fat and GH support research.\",\"breadcrumb\":{\"@id\":\"https:\\\/\\\/hghpeptideslab.com\\\/product\\\/tesamorelin\\\/#breadcrumb\"},\"inLanguage\":\"fr-FR\",\"potentialAction\":[{\"@type\":\"ReadAction\",\"target\":[\"https:\\\/\\\/hghpeptideslab.com\\\/product\\\/tesamorelin\\\/\"]}],\"copyrightNotice\":\"\u00a9 2010\u20132026 HGH Peptides Lab. All Rights Reserved.\"},{\"@type\":\"ImageObject\",\"inLanguage\":\"fr-FR\",\"@id\":\"https:\\\/\\\/hghpeptideslab.com\\\/product\\\/tesamorelin\\\/#primaryimage\",\"url\":\"https:\\\/\\\/hghpeptideslab.com\\\/wp-content\\\/uploads\\\/2025\\\/08\\\/tesamorelin5mg.jpg\",\"contentUrl\":\"https:\\\/\\\/hghpeptideslab.com\\\/wp-content\\\/uploads\\\/2025\\\/08\\\/tesamorelin5mg.jpg\",\"width\":800,\"height\":800,\"caption\":\"Tesamorelin \u2014 5 mg per vial (HGH Peptides Lab)\"},{\"@type\":\"BreadcrumbList\",\"@id\":\"https:\\\/\\\/hghpeptideslab.com\\\/product\\\/tesamorelin\\\/#breadcrumb\",\"itemListElement\":[{\"@type\":\"ListItem\",\"position\":1,\"name\":\"Home\",\"item\":\"https:\\\/\\\/hghpeptideslab.com\\\/\"},{\"@type\":\"ListItem\",\"position\":2,\"name\":\"Shop\",\"item\":\"https:\\\/\\\/hghpeptideslab.com\\\/shop\\\/\"},{\"@type\":\"ListItem\",\"position\":3,\"name\":\"Tesamorelin Peptide\"}]},{\"@type\":\"WebSite\",\"@id\":\"https:\\\/\\\/hghpeptideslab.com\\\/#website\",\"url\":\"https:\\\/\\\/hghpeptideslab.com\\\/\",\"name\":\"HGH Peptides Lab\",\"description\":\"Premium Peptides &amp; HGH Shop\",\"publisher\":{\"@id\":\"https:\\\/\\\/hghpeptideslab.com\\\/#organization\"},\"potentialAction\":[{\"@type\":\"SearchAction\",\"target\":{\"@type\":\"EntryPoint\",\"urlTemplate\":\"https:\\\/\\\/hghpeptideslab.com\\\/?s={search_term_string}\"},\"query-input\":{\"@type\":\"PropertyValueSpecification\",\"valueRequired\":true,\"valueName\":\"search_term_string\"}}],\"inLanguage\":\"fr-FR\"},{\"@type\":\"Organization\",\"@id\":\"https:\\\/\\\/hghpeptideslab.com\\\/#organization\",\"name\":\"HGH Peptides Lab\",\"url\":\"https:\\\/\\\/hghpeptideslab.com\\\/fr\\\/\",\"logo\":{\"@type\":\"ImageObject\",\"url\":\"https:\\\/\\\/hghpeptideslab.com\\\/wp-content\\\/uploads\\\/2025\\\/07\\\/HGHPEPTIDESLAB-Logo.png\"},\"image\":{\"@id\":\"https:\\\/\\\/hghpeptideslab.com\\\/#\\\/schema\\\/logo\\\/image\\\/\"},\"foundingDate\":\"2010\",\"contactPoint\":[{\"@type\":\"ContactPoint\",\"contactType\":\"customer support\",\"telephone\":\"+85247559641\",\"email\":\"CYGGL2025@gmail.com\",\"availableLanguage\":[\"en\"]}]}]}<\/script>\n<!-- \/ Yoast SEO Premium plugin. -->","yoast_head_json":{"title":"Tesamorelin Peptide pour la graisse visc\u00e9rale | HGH Peptides Lab - 99% Purity","description":"Achetez du Tesamorelin \u00e0 un laboratoire GMP bas\u00e9 en Chine. Puret\u00e9 de 99% avec HPLC\/COA. Vente directe et exp\u00e9dition rapide dans le monde entier pour la recherche sur la graisse abdominale et le soutien de la GH.","robots":{"index":"index","follow":"follow","max-snippet":"max-snippet:-1","max-image-preview":"max-image-preview:large","max-video-preview":"max-video-preview:-1"},"canonical":"https:\/\/hghpeptideslab.com\/fr\/product\/tesamorelin\/","og_locale":"fr_FR","og_type":"article","og_title":"Tesamorelin Peptide","og_description":"Buy Tesamorelin from a China-based GMP lab. 99% purity with HPLC\/COA. Factory-direct selling and fast worldwide shipping for belly-fat and GH support research.","og_url":"https:\/\/hghpeptideslab.com\/fr\/product\/tesamorelin\/","og_site_name":"HGH Peptides Lab","article_modified_time":"2026-01-16T19:02:19+00:00","og_image":[{"width":800,"height":800,"url":"https:\/\/hghpeptideslab.com\/wp-content\/uploads\/2025\/08\/tesamorelin5mg.jpg","type":"image\/jpeg"}],"twitter_card":"summary_large_image","twitter_misc":{"Dur\u00e9e de lecture estim\u00e9e":"1 minute"},"schema":{"@context":"https:\/\/schema.org","@graph":[{"@type":"WebPage","@id":"https:\/\/hghpeptideslab.com\/product\/tesamorelin\/","url":"https:\/\/hghpeptideslab.com\/product\/tesamorelin\/","name":"Tesamorelin Peptide pour la graisse visc\u00e9rale | HGH Peptides Lab - 99% Purity","isPartOf":{"@id":"https:\/\/hghpeptideslab.com\/#website"},"primaryImageOfPage":{"@id":"https:\/\/hghpeptideslab.com\/product\/tesamorelin\/#primaryimage"},"image":{"@id":"https:\/\/hghpeptideslab.com\/product\/tesamorelin\/#primaryimage"},"thumbnailUrl":"https:\/\/hghpeptideslab.com\/wp-content\/uploads\/2025\/08\/tesamorelin5mg.jpg","datePublished":"2025-08-15T20:21:42+00:00","dateModified":"2026-01-16T19:02:19+00:00","description":"Achetez du Tesamorelin \u00e0 un laboratoire GMP bas\u00e9 en Chine. Puret\u00e9 de 99% avec HPLC\/COA. Vente directe et exp\u00e9dition rapide dans le monde entier pour la recherche sur la graisse abdominale et le soutien de la GH.","breadcrumb":{"@id":"https:\/\/hghpeptideslab.com\/product\/tesamorelin\/#breadcrumb"},"inLanguage":"fr-FR","potentialAction":[{"@type":"ReadAction","target":["https:\/\/hghpeptideslab.com\/product\/tesamorelin\/"]}],"copyrightNotice":"\u00a9 2010\u20132026 HGH Peptides Lab. All Rights Reserved."},{"@type":"ImageObject","inLanguage":"fr-FR","@id":"https:\/\/hghpeptideslab.com\/product\/tesamorelin\/#primaryimage","url":"https:\/\/hghpeptideslab.com\/wp-content\/uploads\/2025\/08\/tesamorelin5mg.jpg","contentUrl":"https:\/\/hghpeptideslab.com\/wp-content\/uploads\/2025\/08\/tesamorelin5mg.jpg","width":800,"height":800,"caption":"Tesamorelin \u2014 5 mg per vial (HGH Peptides Lab)"},{"@type":"BreadcrumbList","@id":"https:\/\/hghpeptideslab.com\/product\/tesamorelin\/#breadcrumb","itemListElement":[{"@type":"ListItem","position":1,"name":"Home","item":"https:\/\/hghpeptideslab.com\/"},{"@type":"ListItem","position":2,"name":"Shop","item":"https:\/\/hghpeptideslab.com\/shop\/"},{"@type":"ListItem","position":3,"name":"Tesamorelin Peptide"}]},{"@type":"WebSite","@id":"https:\/\/hghpeptideslab.com\/#website","url":"https:\/\/hghpeptideslab.com\/","name":"HGH Peptides Lab","description":"Premium Peptides &amp; HGH Shop","publisher":{"@id":"https:\/\/hghpeptideslab.com\/#organization"},"potentialAction":[{"@type":"SearchAction","target":{"@type":"EntryPoint","urlTemplate":"https:\/\/hghpeptideslab.com\/?s={search_term_string}"},"query-input":{"@type":"PropertyValueSpecification","valueRequired":true,"valueName":"search_term_string"}}],"inLanguage":"fr-FR"},{"@type":"Organization","@id":"https:\/\/hghpeptideslab.com\/#organization","name":"HGH Peptides Lab","url":"https:\/\/hghpeptideslab.com\/fr\/","logo":{"@type":"ImageObject","url":"https:\/\/hghpeptideslab.com\/wp-content\/uploads\/2025\/07\/HGHPEPTIDESLAB-Logo.png"},"image":{"@id":"https:\/\/hghpeptideslab.com\/#\/schema\/logo\/image\/"},"foundingDate":"2010","contactPoint":[{"@type":"ContactPoint","contactType":"customer support","telephone":"+85247559641","email":"CYGGL2025@gmail.com","availableLanguage":["en"]}]}]}},"_links":{"self":[{"href":"https:\/\/hghpeptideslab.com\/fr\/wp-json\/wp\/v2\/product\/8975","targetHints":{"allow":["GET"]}}],"collection":[{"href":"https:\/\/hghpeptideslab.com\/fr\/wp-json\/wp\/v2\/product"}],"about":[{"href":"https:\/\/hghpeptideslab.com\/fr\/wp-json\/wp\/v2\/types\/product"}],"replies":[{"embeddable":true,"href":"https:\/\/hghpeptideslab.com\/fr\/wp-json\/wp\/v2\/comments?post=8975"}],"wp:featuredmedia":[{"embeddable":true,"href":"https:\/\/hghpeptideslab.com\/fr\/wp-json\/wp\/v2\/media\/8970"}],"wp:attachment":[{"href":"https:\/\/hghpeptideslab.com\/fr\/wp-json\/wp\/v2\/media?parent=8975"}],"wp:term":[{"taxonomy":"product_cat","embeddable":true,"href":"https:\/\/hghpeptideslab.com\/fr\/wp-json\/wp\/v2\/product_cat?post=8975"},{"taxonomy":"product_tag","embeddable":true,"href":"https:\/\/hghpeptideslab.com\/fr\/wp-json\/wp\/v2\/product_tag?post=8975"}],"curies":[{"name":"wp","href":"https:\/\/api.w.org\/{rel}","templated":true}]}}