{"id":9046,"date":"2025-08-16T18:05:46","date_gmt":"2025-08-16T18:05:46","guid":{"rendered":"https:\/\/hghpeptideslab.com\/?post_type=product&#038;p=9046"},"modified":"2025-10-23T00:56:33","modified_gmt":"2025-10-23T00:56:33","slug":"sermorelin","status":"publish","type":"product","link":"https:\/\/hghpeptideslab.com\/fr\/product\/sermorelin\/","title":{"rendered":"Sermorelin Peptide"},"content":{"rendered":"<h3>Aper\u00e7u<\/h3>\n<p>Sermorelin (GHRH 1-29) est un analogue de l'hormone de lib\u00e9ration de l'hormone de croissance largement r\u00e9f\u00e9renc\u00e9.<br \/>\ndans la recherche sur la stimulation de la GH par l'hypophyse, l'architecture du sommeil et les voies de l'antivieillissement.<br \/>\nNotre mat\u00e9riel est <strong>Fabriqu\u00e9 selon les BPF<\/strong> peptide de qualit\u00e9 pharmaceutique avec<br \/>\n<strong>Puret\u00e9 99%+<\/strong>. HPLC\/COA est disponible sur demande.<\/p>\n<h3>Caract\u00e9ristiques principales<\/h3>\n<ul>\n<li>Points forts : <strong>5 mg<\/strong> &amp; <strong>10 mg<\/strong> pour vial<\/li>\n<li>Taille Kit : <strong>10 vials\/kit<\/strong><\/li>\n<li>Poudre blanche lyophilized pour protocoles de recherche flexibles<\/li>\n<li>Documentation : Chromatogramme HPLC \/ COA disponible sur demande<\/li>\n<\/ul>\n<h3>Axes de recherche typiques<\/h3>\n<ul>\n<li>Mod\u00e8les de lib\u00e9ration de la GH par l'hypophyse et de modulation endocrinienne (axe GHRH\/GH)<\/li>\n<li>\u00c9tudes sur le vieillissement et le bien-\u00eatre ; vitalit\u00e9, composition corporelle et r\u00e9cup\u00e9ration<\/li>\n<li>Qualit\u00e9 du sommeil et tests li\u00e9s \u00e0 l'architecture du sommeil<\/li>\n<li>Mod\u00e8les de recherche sur la masse maigre et les performances m\u00e9taboliques<\/li>\n<li>Protocoles combin\u00e9s avec des s\u00e9ries de GHRP\/GHS dans des \u00e9tudes contr\u00f4l\u00e9es<\/li>\n<\/ul>\n<h3>Stockage et stabilit\u00e9<\/h3>\n<ul>\n<li>Conserver ferm\u00e9 \u00e0 <strong>2\u20138 \u00b0C<\/strong>, \u00e0 l&#039;abri de la lumi\u00e8re et de l&#039;humidit\u00e9<\/li>\n<li>Utiliser rapidement les solutions reconstitu\u00e9es dans des conditions de laboratoire appropri\u00e9es.<\/li>\n<\/ul>\n<h3>Remarques<\/h3>\n<ul>\n<li>Fabriqu\u00e9 en <strong>Conforme aux BPF<\/strong> installations<\/li>\n<li>HPLC\/COA disponible sur demande<\/li>\n<li>R\u00e9serv\u00e9 \u00e0 la recherche en laboratoire. Les produits ne sont pas destin\u00e9s \u00e0 un usage m\u00e9dical.<\/li>\n<\/ul>","protected":false},"excerpt":{"rendered":"<p><strong>Nom:<\/strong> Poudre de peptide 99% Purity Sermorelin<br \/>\n<strong>Fonction:<\/strong> Recherche sur l'axe GH et le syst\u00e8me endocrinien ; soutien \u00e0 l'antivieillissement, au sommeil et au bien-\u00eatre<br \/>\n<strong>Sp\u00e9cification:<\/strong> 5 mg &amp; 10 mg par vial ; 10 vials\/kit<br \/>\n<strong>CAS:<\/strong> 86168-78-7<br \/>\n<strong>Apparence:<\/strong> Poudre blanche lyophilized<\/p>","protected":false},"featured_media":9043,"comment_status":"open","ping_status":"closed","template":"","meta":[],"product_cat":[59],"product_tag":[162,160,156],"class_list":{"0":"post-9046","1":"product","2":"type-product","3":"status-publish","4":"has-post-thumbnail","6":"product_brand-dp-hghpeptides","7":"product_brand-hgh-peptides-lab","8":"product_cat-nootropic-peptides-anti-aging","9":"product_tag-anti-aging-longevity-peptides","10":"product_tag-muscle-growth-performance-peptides","11":"product_tag-sermorelin","13":"first","14":"instock","15":"shipping-taxable","16":"purchasable","17":"product-type-variable","18":"has-default-attributes"},"yoast_head":"<!-- This site is optimized with the Yoast SEO Premium plugin v27.5 (Yoast SEO v27.5) - https:\/\/yoast.com\/product\/yoast-seo-premium-wordpress\/ -->\n<title>Sermorelin Peptide (GHRH) | HGH Peptides Lab \u2013 HPLC\/COA Verified<\/title>\n<meta name=\"description\" content=\"Buy Sermorelin from a China-based GMP lab. 99% purity with HPLC\/COA. Factory-direct selling and fast worldwide shipping for GH support, sleep and recovery.\" \/>\n<meta name=\"robots\" content=\"index, follow, max-snippet:-1, max-image-preview:large, max-video-preview:-1\" \/>\n<link rel=\"canonical\" href=\"https:\/\/hghpeptideslab.com\/fr\/product\/sermorelin\/\" \/>\n<meta property=\"og:locale\" content=\"fr_FR\" \/>\n<meta property=\"og:type\" content=\"article\" \/>\n<meta property=\"og:title\" content=\"Sermorelin Peptide\" \/>\n<meta property=\"og:description\" content=\"Buy Sermorelin from a China-based GMP lab. 99% purity with HPLC\/COA. Factory-direct selling and fast worldwide shipping for GH support, sleep and recovery.\" \/>\n<meta property=\"og:url\" content=\"https:\/\/hghpeptideslab.com\/fr\/product\/sermorelin\/\" \/>\n<meta property=\"og:site_name\" content=\"HGH Peptides Lab\" \/>\n<meta property=\"article:modified_time\" content=\"2025-10-23T00:56:33+00:00\" \/>\n<meta property=\"og:image\" content=\"https:\/\/hghpeptideslab.com\/wp-content\/uploads\/2025\/08\/sermorelin5mg.jpg\" \/>\n\t<meta property=\"og:image:width\" content=\"800\" \/>\n\t<meta property=\"og:image:height\" content=\"800\" \/>\n\t<meta property=\"og:image:type\" content=\"image\/jpeg\" \/>\n<meta name=\"twitter:card\" content=\"summary_large_image\" \/>\n<meta name=\"twitter:label1\" content=\"Dur\u00e9e de lecture estim\u00e9e\" \/>\n\t<meta name=\"twitter:data1\" content=\"1 minute\" \/>\n<script type=\"application\/ld+json\" class=\"yoast-schema-graph\">{\"@context\":\"https:\\\/\\\/schema.org\",\"@graph\":[{\"@type\":\"WebPage\",\"@id\":\"https:\\\/\\\/hghpeptideslab.com\\\/product\\\/sermorelin\\\/\",\"url\":\"https:\\\/\\\/hghpeptideslab.com\\\/product\\\/sermorelin\\\/\",\"name\":\"Sermorelin Peptide (GHRH) | HGH Peptides Lab \u2013 HPLC\\\/COA Verified\",\"isPartOf\":{\"@id\":\"https:\\\/\\\/hghpeptideslab.com\\\/#website\"},\"primaryImageOfPage\":{\"@id\":\"https:\\\/\\\/hghpeptideslab.com\\\/product\\\/sermorelin\\\/#primaryimage\"},\"image\":{\"@id\":\"https:\\\/\\\/hghpeptideslab.com\\\/product\\\/sermorelin\\\/#primaryimage\"},\"thumbnailUrl\":\"https:\\\/\\\/hghpeptideslab.com\\\/wp-content\\\/uploads\\\/2025\\\/08\\\/sermorelin5mg.jpg\",\"datePublished\":\"2025-08-16T18:05:46+00:00\",\"dateModified\":\"2025-10-23T00:56:33+00:00\",\"description\":\"Buy Sermorelin from a China-based GMP lab. 99% purity with HPLC\\\/COA. Factory-direct selling and fast worldwide shipping for GH support, sleep and recovery.\",\"breadcrumb\":{\"@id\":\"https:\\\/\\\/hghpeptideslab.com\\\/product\\\/sermorelin\\\/#breadcrumb\"},\"inLanguage\":\"fr-FR\",\"potentialAction\":[{\"@type\":\"ReadAction\",\"target\":[\"https:\\\/\\\/hghpeptideslab.com\\\/product\\\/sermorelin\\\/\"]}],\"copyrightNotice\":\"\u00a9 2010\u20132026 HGH Peptides Lab. All Rights Reserved.\"},{\"@type\":\"ImageObject\",\"inLanguage\":\"fr-FR\",\"@id\":\"https:\\\/\\\/hghpeptideslab.com\\\/product\\\/sermorelin\\\/#primaryimage\",\"url\":\"https:\\\/\\\/hghpeptideslab.com\\\/wp-content\\\/uploads\\\/2025\\\/08\\\/sermorelin5mg.jpg\",\"contentUrl\":\"https:\\\/\\\/hghpeptideslab.com\\\/wp-content\\\/uploads\\\/2025\\\/08\\\/sermorelin5mg.jpg\",\"width\":800,\"height\":800,\"caption\":\"5 mg vial, 99%+ purity, HPLC\\\/COA on request\"},{\"@type\":\"BreadcrumbList\",\"@id\":\"https:\\\/\\\/hghpeptideslab.com\\\/product\\\/sermorelin\\\/#breadcrumb\",\"itemListElement\":[{\"@type\":\"ListItem\",\"position\":1,\"name\":\"Home\",\"item\":\"https:\\\/\\\/hghpeptideslab.com\\\/\"},{\"@type\":\"ListItem\",\"position\":2,\"name\":\"Shop\",\"item\":\"https:\\\/\\\/hghpeptideslab.com\\\/shop\\\/\"},{\"@type\":\"ListItem\",\"position\":3,\"name\":\"Sermorelin Peptide\"}]},{\"@type\":\"WebSite\",\"@id\":\"https:\\\/\\\/hghpeptideslab.com\\\/#website\",\"url\":\"https:\\\/\\\/hghpeptideslab.com\\\/\",\"name\":\"HGH Peptides Lab\",\"description\":\"Premium Peptides &amp; HGH Shop\",\"publisher\":{\"@id\":\"https:\\\/\\\/hghpeptideslab.com\\\/#organization\"},\"potentialAction\":[{\"@type\":\"SearchAction\",\"target\":{\"@type\":\"EntryPoint\",\"urlTemplate\":\"https:\\\/\\\/hghpeptideslab.com\\\/?s={search_term_string}\"},\"query-input\":{\"@type\":\"PropertyValueSpecification\",\"valueRequired\":true,\"valueName\":\"search_term_string\"}}],\"inLanguage\":\"fr-FR\"},{\"@type\":\"Organization\",\"@id\":\"https:\\\/\\\/hghpeptideslab.com\\\/#organization\",\"name\":\"HGH Peptides Lab\",\"url\":\"https:\\\/\\\/hghpeptideslab.com\\\/fr\\\/\",\"logo\":{\"@type\":\"ImageObject\",\"url\":\"https:\\\/\\\/hghpeptideslab.com\\\/wp-content\\\/uploads\\\/2025\\\/07\\\/HGHPEPTIDESLAB-Logo.png\"},\"image\":{\"@id\":\"https:\\\/\\\/hghpeptideslab.com\\\/#\\\/schema\\\/logo\\\/image\\\/\"},\"foundingDate\":\"2010\",\"contactPoint\":[{\"@type\":\"ContactPoint\",\"contactType\":\"customer support\",\"telephone\":\"+85247559641\",\"email\":\"CYGGL2025@gmail.com\",\"availableLanguage\":[\"en\"]}]}]}<\/script>\n<!-- \/ Yoast SEO Premium plugin. -->","yoast_head_json":{"title":"Sermorelin Peptide (GHRH) | HGH Peptides Lab - HPLC\/COA V\u00e9rifi\u00e9","description":"Acheter Sermorelin aupr\u00e8s d'un laboratoire GMP bas\u00e9 en Chine. 99% purity avec HPLC\/COA. Vente directe \u00e0 l'usine et exp\u00e9dition rapide dans le monde entier pour le soutien de la GH, le sommeil et la r\u00e9cup\u00e9ration.","robots":{"index":"index","follow":"follow","max-snippet":"max-snippet:-1","max-image-preview":"max-image-preview:large","max-video-preview":"max-video-preview:-1"},"canonical":"https:\/\/hghpeptideslab.com\/fr\/product\/sermorelin\/","og_locale":"fr_FR","og_type":"article","og_title":"Sermorelin Peptide","og_description":"Buy Sermorelin from a China-based GMP lab. 99% purity with HPLC\/COA. Factory-direct selling and fast worldwide shipping for GH support, sleep and recovery.","og_url":"https:\/\/hghpeptideslab.com\/fr\/product\/sermorelin\/","og_site_name":"HGH Peptides Lab","article_modified_time":"2025-10-23T00:56:33+00:00","og_image":[{"width":800,"height":800,"url":"https:\/\/hghpeptideslab.com\/wp-content\/uploads\/2025\/08\/sermorelin5mg.jpg","type":"image\/jpeg"}],"twitter_card":"summary_large_image","twitter_misc":{"Dur\u00e9e de lecture estim\u00e9e":"1 minute"},"schema":{"@context":"https:\/\/schema.org","@graph":[{"@type":"WebPage","@id":"https:\/\/hghpeptideslab.com\/product\/sermorelin\/","url":"https:\/\/hghpeptideslab.com\/product\/sermorelin\/","name":"Sermorelin Peptide (GHRH) | HGH Peptides Lab - HPLC\/COA V\u00e9rifi\u00e9","isPartOf":{"@id":"https:\/\/hghpeptideslab.com\/#website"},"primaryImageOfPage":{"@id":"https:\/\/hghpeptideslab.com\/product\/sermorelin\/#primaryimage"},"image":{"@id":"https:\/\/hghpeptideslab.com\/product\/sermorelin\/#primaryimage"},"thumbnailUrl":"https:\/\/hghpeptideslab.com\/wp-content\/uploads\/2025\/08\/sermorelin5mg.jpg","datePublished":"2025-08-16T18:05:46+00:00","dateModified":"2025-10-23T00:56:33+00:00","description":"Acheter Sermorelin aupr\u00e8s d'un laboratoire GMP bas\u00e9 en Chine. 99% purity avec HPLC\/COA. Vente directe \u00e0 l'usine et exp\u00e9dition rapide dans le monde entier pour le soutien de la GH, le sommeil et la r\u00e9cup\u00e9ration.","breadcrumb":{"@id":"https:\/\/hghpeptideslab.com\/product\/sermorelin\/#breadcrumb"},"inLanguage":"fr-FR","potentialAction":[{"@type":"ReadAction","target":["https:\/\/hghpeptideslab.com\/product\/sermorelin\/"]}],"copyrightNotice":"\u00a9 2010\u20132026 HGH Peptides Lab. All Rights Reserved."},{"@type":"ImageObject","inLanguage":"fr-FR","@id":"https:\/\/hghpeptideslab.com\/product\/sermorelin\/#primaryimage","url":"https:\/\/hghpeptideslab.com\/wp-content\/uploads\/2025\/08\/sermorelin5mg.jpg","contentUrl":"https:\/\/hghpeptideslab.com\/wp-content\/uploads\/2025\/08\/sermorelin5mg.jpg","width":800,"height":800,"caption":"5 mg vial, 99%+ purity, HPLC\/COA on request"},{"@type":"BreadcrumbList","@id":"https:\/\/hghpeptideslab.com\/product\/sermorelin\/#breadcrumb","itemListElement":[{"@type":"ListItem","position":1,"name":"Home","item":"https:\/\/hghpeptideslab.com\/"},{"@type":"ListItem","position":2,"name":"Shop","item":"https:\/\/hghpeptideslab.com\/shop\/"},{"@type":"ListItem","position":3,"name":"Sermorelin Peptide"}]},{"@type":"WebSite","@id":"https:\/\/hghpeptideslab.com\/#website","url":"https:\/\/hghpeptideslab.com\/","name":"HGH Peptides Lab","description":"Premium Peptides &amp; HGH Shop","publisher":{"@id":"https:\/\/hghpeptideslab.com\/#organization"},"potentialAction":[{"@type":"SearchAction","target":{"@type":"EntryPoint","urlTemplate":"https:\/\/hghpeptideslab.com\/?s={search_term_string}"},"query-input":{"@type":"PropertyValueSpecification","valueRequired":true,"valueName":"search_term_string"}}],"inLanguage":"fr-FR"},{"@type":"Organization","@id":"https:\/\/hghpeptideslab.com\/#organization","name":"HGH Peptides Lab","url":"https:\/\/hghpeptideslab.com\/fr\/","logo":{"@type":"ImageObject","url":"https:\/\/hghpeptideslab.com\/wp-content\/uploads\/2025\/07\/HGHPEPTIDESLAB-Logo.png"},"image":{"@id":"https:\/\/hghpeptideslab.com\/#\/schema\/logo\/image\/"},"foundingDate":"2010","contactPoint":[{"@type":"ContactPoint","contactType":"customer support","telephone":"+85247559641","email":"CYGGL2025@gmail.com","availableLanguage":["en"]}]}]}},"_links":{"self":[{"href":"https:\/\/hghpeptideslab.com\/fr\/wp-json\/wp\/v2\/product\/9046","targetHints":{"allow":["GET"]}}],"collection":[{"href":"https:\/\/hghpeptideslab.com\/fr\/wp-json\/wp\/v2\/product"}],"about":[{"href":"https:\/\/hghpeptideslab.com\/fr\/wp-json\/wp\/v2\/types\/product"}],"replies":[{"embeddable":true,"href":"https:\/\/hghpeptideslab.com\/fr\/wp-json\/wp\/v2\/comments?post=9046"}],"wp:featuredmedia":[{"embeddable":true,"href":"https:\/\/hghpeptideslab.com\/fr\/wp-json\/wp\/v2\/media\/9043"}],"wp:attachment":[{"href":"https:\/\/hghpeptideslab.com\/fr\/wp-json\/wp\/v2\/media?parent=9046"}],"wp:term":[{"taxonomy":"product_cat","embeddable":true,"href":"https:\/\/hghpeptideslab.com\/fr\/wp-json\/wp\/v2\/product_cat?post=9046"},{"taxonomy":"product_tag","embeddable":true,"href":"https:\/\/hghpeptideslab.com\/fr\/wp-json\/wp\/v2\/product_tag?post=9046"}],"curies":[{"name":"wp","href":"https:\/\/api.w.org\/{rel}","templated":true}]}}