{"id":9109,"date":"2025-08-16T21:18:14","date_gmt":"2025-08-16T21:18:14","guid":{"rendered":"https:\/\/hghpeptideslab.com\/?post_type=product&#038;p=9109"},"modified":"2025-10-22T20:31:19","modified_gmt":"2025-10-22T20:31:19","slug":"mots-c","status":"publish","type":"product","link":"https:\/\/hghpeptideslab.com\/fr\/product\/mots-c\/","title":{"rendered":"MOTS-C Peptide"},"content":{"rendered":"<h3>Aper\u00e7u<\/h3>\n<p>Le MOTS-C est un peptide d\u00e9riv\u00e9 des mitochondries largement r\u00e9f\u00e9renc\u00e9 dans les \u00e9tudes sur l'hom\u00e9ostasie m\u00e9tabolique,<br \/>\nl'adaptation au stress et la sensibilit\u00e9 \u00e0 l'insuline. Notre mat\u00e9riel est <strong>Fabriqu\u00e9 selon les BPF<\/strong><br \/>\nde qualit\u00e9 pharmaceutique avec <strong>Puret\u00e9 99%+<\/strong>. La documentation sur le HPLC\/COA est disponible sur demande.<\/p>\n<h3>Caract\u00e9ristiques principales<\/h3>\n<ul>\n<li>Points forts : <strong>5 mg<\/strong> &amp; <strong>10 mg<\/strong> pour vial<\/li>\n<li>Taille Kit : <strong>10 vials\/kit<\/strong><\/li>\n<li>Qualit\u00e9 constante des lots pour des \u00e9tudes reproductibles sur les mitochondries et le m\u00e9tabolisme<\/li>\n<li>Documentation : Chromatogramme HPLC \/ COA disponible sur demande<\/li>\n<\/ul>\n<h3>Axes de recherche typiques<\/h3>\n<ul>\n<li>Mod\u00e8les de signalisation mitochondriale et de r\u00e9ponse au stress cellulaire<\/li>\n<li>Manipulation du glucose et sensibilit\u00e9 \u00e0 l'insuline<\/li>\n<li>Taux m\u00e9tabolique, adiposit\u00e9 et \u00e9quilibre \u00e9nerg\u00e9tique<\/li>\n<li>M\u00e9canismes de vieillissement et de long\u00e9vit\u00e9<\/li>\n<\/ul>\n<h3>Stockage et stabilit\u00e9<\/h3>\n<ul>\n<li>Conserver ferm\u00e9 \u00e0 <strong>2\u20138 \u00b0C<\/strong>, \u00e0 l&#039;abri de la lumi\u00e8re et de l&#039;humidit\u00e9<\/li>\n<li>Utiliser rapidement les solutions reconstitu\u00e9es dans des conditions de laboratoire appropri\u00e9es.<\/li>\n<\/ul>\n<h3>Remarques<\/h3>\n<ul>\n<li>Fabriqu\u00e9 en <strong>Conforme aux BPF<\/strong> installations<\/li>\n<li>HPLC\/COA disponible sur demande<\/li>\n<li>R\u00e9serv\u00e9 \u00e0 la recherche en laboratoire. Les produits ne sont pas destin\u00e9s \u00e0 un usage m\u00e9dical.<\/li>\n<\/ul>","protected":false},"excerpt":{"rendered":"<p><strong>Nom:<\/strong> Poudre de peptide 99% Purity MOTS-C<br \/>\n<strong>Fonction:<\/strong> Signalisation mitochondriale ; recherche sur l'hom\u00e9ostasie m\u00e9tabolique et la sensibilit\u00e9 \u00e0 l'insuline<br \/>\n<strong>Sp\u00e9cification:<\/strong> 5 mg &amp; 10 mg par vial ; 10 vials\/kit<br \/>\n<strong>CAS:<\/strong> 1387871-81-7<br \/>\n<strong>Apparence:<\/strong> Poudre blanche lyophilized<\/p>","protected":false},"featured_media":9106,"comment_status":"open","ping_status":"closed","template":"","meta":[],"product_cat":[59,46],"product_tag":[162,161,129],"class_list":{"0":"post-9109","1":"product","2":"type-product","3":"status-publish","4":"has-post-thumbnail","6":"product_brand-dp-hghpeptides","7":"product_brand-hgh-peptides-lab","8":"product_cat-nootropic-peptides-anti-aging","9":"product_cat-peptides-for-weight-loss","10":"product_tag-anti-aging-longevity-peptides","11":"product_tag-fat-loss-metabolism-peptides","12":"product_tag-mots-c","14":"first","15":"instock","16":"featured","17":"shipping-taxable","18":"purchasable","19":"product-type-variable","20":"has-default-attributes"},"yoast_head":"<!-- This site is optimized with the Yoast SEO Premium plugin v27.5 (Yoast SEO v27.5) - https:\/\/yoast.com\/product\/yoast-seo-premium-wordpress\/ -->\n<title>MOTS-C Peptide for Energy &amp; Metabolic Support | HGH Peptides Lab \u2013 GMP-Manufactured<\/title>\n<meta name=\"description\" content=\"Buy MOTS-C from a China-based GMP lab. 99% purity with HPLC\/COA, factory-direct selling and worldwide shipping for mitochondrial energy and metabolic support.\" \/>\n<meta name=\"robots\" content=\"index, follow, max-snippet:-1, max-image-preview:large, max-video-preview:-1\" \/>\n<link rel=\"canonical\" href=\"https:\/\/hghpeptideslab.com\/fr\/product\/mots-c\/\" \/>\n<meta property=\"og:locale\" content=\"fr_FR\" \/>\n<meta property=\"og:type\" content=\"article\" \/>\n<meta property=\"og:title\" content=\"MOTS-C Peptide\" \/>\n<meta property=\"og:description\" content=\"Buy MOTS-C from a China-based GMP lab. 99% purity with HPLC\/COA, factory-direct selling and worldwide shipping for mitochondrial energy and metabolic support.\" \/>\n<meta property=\"og:url\" content=\"https:\/\/hghpeptideslab.com\/fr\/product\/mots-c\/\" \/>\n<meta property=\"og:site_name\" content=\"HGH Peptides Lab\" \/>\n<meta property=\"article:modified_time\" content=\"2025-10-22T20:31:19+00:00\" \/>\n<meta property=\"og:image\" content=\"https:\/\/hghpeptideslab.com\/wp-content\/uploads\/2025\/08\/mots-c10mg.jpg\" \/>\n\t<meta property=\"og:image:width\" content=\"800\" \/>\n\t<meta property=\"og:image:height\" content=\"800\" \/>\n\t<meta property=\"og:image:type\" content=\"image\/jpeg\" \/>\n<meta name=\"twitter:card\" content=\"summary_large_image\" \/>\n<meta name=\"twitter:label1\" content=\"Dur\u00e9e de lecture estim\u00e9e\" \/>\n\t<meta name=\"twitter:data1\" content=\"1 minute\" \/>\n<script type=\"application\/ld+json\" class=\"yoast-schema-graph\">{\"@context\":\"https:\\\/\\\/schema.org\",\"@graph\":[{\"@type\":\"WebPage\",\"@id\":\"https:\\\/\\\/hghpeptideslab.com\\\/product\\\/mots-c\\\/\",\"url\":\"https:\\\/\\\/hghpeptideslab.com\\\/product\\\/mots-c\\\/\",\"name\":\"MOTS-C Peptide for Energy & Metabolic Support | HGH Peptides Lab \u2013 GMP-Manufactured\",\"isPartOf\":{\"@id\":\"https:\\\/\\\/hghpeptideslab.com\\\/#website\"},\"primaryImageOfPage\":{\"@id\":\"https:\\\/\\\/hghpeptideslab.com\\\/product\\\/mots-c\\\/#primaryimage\"},\"image\":{\"@id\":\"https:\\\/\\\/hghpeptideslab.com\\\/product\\\/mots-c\\\/#primaryimage\"},\"thumbnailUrl\":\"https:\\\/\\\/hghpeptideslab.com\\\/wp-content\\\/uploads\\\/2025\\\/08\\\/mots-c10mg.jpg\",\"datePublished\":\"2025-08-16T21:18:14+00:00\",\"dateModified\":\"2025-10-22T20:31:19+00:00\",\"description\":\"Buy MOTS-C from a China-based GMP lab. 99% purity with HPLC\\\/COA, factory-direct selling and worldwide shipping for mitochondrial energy and metabolic support.\",\"breadcrumb\":{\"@id\":\"https:\\\/\\\/hghpeptideslab.com\\\/product\\\/mots-c\\\/#breadcrumb\"},\"inLanguage\":\"fr-FR\",\"potentialAction\":[{\"@type\":\"ReadAction\",\"target\":[\"https:\\\/\\\/hghpeptideslab.com\\\/product\\\/mots-c\\\/\"]}],\"copyrightNotice\":\"\u00a9 2010\u20132026 HGH Peptides Lab. All Rights Reserved.\"},{\"@type\":\"ImageObject\",\"inLanguage\":\"fr-FR\",\"@id\":\"https:\\\/\\\/hghpeptideslab.com\\\/product\\\/mots-c\\\/#primaryimage\",\"url\":\"https:\\\/\\\/hghpeptideslab.com\\\/wp-content\\\/uploads\\\/2025\\\/08\\\/mots-c10mg.jpg\",\"contentUrl\":\"https:\\\/\\\/hghpeptideslab.com\\\/wp-content\\\/uploads\\\/2025\\\/08\\\/mots-c10mg.jpg\",\"width\":800,\"height\":800,\"caption\":\"10mg MOTS-C lyophilized powder (research use only)\"},{\"@type\":\"BreadcrumbList\",\"@id\":\"https:\\\/\\\/hghpeptideslab.com\\\/product\\\/mots-c\\\/#breadcrumb\",\"itemListElement\":[{\"@type\":\"ListItem\",\"position\":1,\"name\":\"Home\",\"item\":\"https:\\\/\\\/hghpeptideslab.com\\\/\"},{\"@type\":\"ListItem\",\"position\":2,\"name\":\"Shop\",\"item\":\"https:\\\/\\\/hghpeptideslab.com\\\/shop\\\/\"},{\"@type\":\"ListItem\",\"position\":3,\"name\":\"MOTS-C Peptide\"}]},{\"@type\":\"WebSite\",\"@id\":\"https:\\\/\\\/hghpeptideslab.com\\\/#website\",\"url\":\"https:\\\/\\\/hghpeptideslab.com\\\/\",\"name\":\"HGH Peptides Lab\",\"description\":\"Premium Peptides &amp; HGH Shop\",\"publisher\":{\"@id\":\"https:\\\/\\\/hghpeptideslab.com\\\/#organization\"},\"potentialAction\":[{\"@type\":\"SearchAction\",\"target\":{\"@type\":\"EntryPoint\",\"urlTemplate\":\"https:\\\/\\\/hghpeptideslab.com\\\/?s={search_term_string}\"},\"query-input\":{\"@type\":\"PropertyValueSpecification\",\"valueRequired\":true,\"valueName\":\"search_term_string\"}}],\"inLanguage\":\"fr-FR\"},{\"@type\":\"Organization\",\"@id\":\"https:\\\/\\\/hghpeptideslab.com\\\/#organization\",\"name\":\"HGH Peptides Lab\",\"url\":\"https:\\\/\\\/hghpeptideslab.com\\\/fr\\\/\",\"logo\":{\"@type\":\"ImageObject\",\"url\":\"https:\\\/\\\/hghpeptideslab.com\\\/wp-content\\\/uploads\\\/2025\\\/07\\\/HGHPEPTIDESLAB-Logo.png\"},\"image\":{\"@id\":\"https:\\\/\\\/hghpeptideslab.com\\\/#\\\/schema\\\/logo\\\/image\\\/\"},\"foundingDate\":\"2010\",\"contactPoint\":[{\"@type\":\"ContactPoint\",\"contactType\":\"customer support\",\"telephone\":\"+85247559641\",\"email\":\"CYGGL2025@gmail.com\",\"availableLanguage\":[\"en\"]}]}]}<\/script>\n<!-- \/ Yoast SEO Premium plugin. -->","yoast_head_json":{"title":"MOTS-C Peptide pour le soutien \u00e9nerg\u00e9tique et m\u00e9tabolique | HGH Peptides Lab - GMP-Fabriqu\u00e9","description":"Achetez MOTS-C \u00e0 un laboratoire GMP bas\u00e9 en Chine. 99% purity avec HPLC\/COA, vente directe en usine et exp\u00e9dition dans le monde entier pour l'\u00e9nergie mitochondriale et le soutien m\u00e9tabolique.","robots":{"index":"index","follow":"follow","max-snippet":"max-snippet:-1","max-image-preview":"max-image-preview:large","max-video-preview":"max-video-preview:-1"},"canonical":"https:\/\/hghpeptideslab.com\/fr\/product\/mots-c\/","og_locale":"fr_FR","og_type":"article","og_title":"MOTS-C Peptide","og_description":"Buy MOTS-C from a China-based GMP lab. 99% purity with HPLC\/COA, factory-direct selling and worldwide shipping for mitochondrial energy and metabolic support.","og_url":"https:\/\/hghpeptideslab.com\/fr\/product\/mots-c\/","og_site_name":"HGH Peptides Lab","article_modified_time":"2025-10-22T20:31:19+00:00","og_image":[{"width":800,"height":800,"url":"https:\/\/hghpeptideslab.com\/wp-content\/uploads\/2025\/08\/mots-c10mg.jpg","type":"image\/jpeg"}],"twitter_card":"summary_large_image","twitter_misc":{"Dur\u00e9e de lecture estim\u00e9e":"1 minute"},"schema":{"@context":"https:\/\/schema.org","@graph":[{"@type":"WebPage","@id":"https:\/\/hghpeptideslab.com\/product\/mots-c\/","url":"https:\/\/hghpeptideslab.com\/product\/mots-c\/","name":"MOTS-C Peptide pour le soutien \u00e9nerg\u00e9tique et m\u00e9tabolique | HGH Peptides Lab - GMP-Fabriqu\u00e9","isPartOf":{"@id":"https:\/\/hghpeptideslab.com\/#website"},"primaryImageOfPage":{"@id":"https:\/\/hghpeptideslab.com\/product\/mots-c\/#primaryimage"},"image":{"@id":"https:\/\/hghpeptideslab.com\/product\/mots-c\/#primaryimage"},"thumbnailUrl":"https:\/\/hghpeptideslab.com\/wp-content\/uploads\/2025\/08\/mots-c10mg.jpg","datePublished":"2025-08-16T21:18:14+00:00","dateModified":"2025-10-22T20:31:19+00:00","description":"Achetez MOTS-C \u00e0 un laboratoire GMP bas\u00e9 en Chine. 99% purity avec HPLC\/COA, vente directe en usine et exp\u00e9dition dans le monde entier pour l'\u00e9nergie mitochondriale et le soutien m\u00e9tabolique.","breadcrumb":{"@id":"https:\/\/hghpeptideslab.com\/product\/mots-c\/#breadcrumb"},"inLanguage":"fr-FR","potentialAction":[{"@type":"ReadAction","target":["https:\/\/hghpeptideslab.com\/product\/mots-c\/"]}],"copyrightNotice":"\u00a9 2010\u20132026 HGH Peptides Lab. All Rights Reserved."},{"@type":"ImageObject","inLanguage":"fr-FR","@id":"https:\/\/hghpeptideslab.com\/product\/mots-c\/#primaryimage","url":"https:\/\/hghpeptideslab.com\/wp-content\/uploads\/2025\/08\/mots-c10mg.jpg","contentUrl":"https:\/\/hghpeptideslab.com\/wp-content\/uploads\/2025\/08\/mots-c10mg.jpg","width":800,"height":800,"caption":"10mg MOTS-C lyophilized powder (research use only)"},{"@type":"BreadcrumbList","@id":"https:\/\/hghpeptideslab.com\/product\/mots-c\/#breadcrumb","itemListElement":[{"@type":"ListItem","position":1,"name":"Home","item":"https:\/\/hghpeptideslab.com\/"},{"@type":"ListItem","position":2,"name":"Shop","item":"https:\/\/hghpeptideslab.com\/shop\/"},{"@type":"ListItem","position":3,"name":"MOTS-C Peptide"}]},{"@type":"WebSite","@id":"https:\/\/hghpeptideslab.com\/#website","url":"https:\/\/hghpeptideslab.com\/","name":"HGH Peptides Lab","description":"Premium Peptides &amp; HGH Shop","publisher":{"@id":"https:\/\/hghpeptideslab.com\/#organization"},"potentialAction":[{"@type":"SearchAction","target":{"@type":"EntryPoint","urlTemplate":"https:\/\/hghpeptideslab.com\/?s={search_term_string}"},"query-input":{"@type":"PropertyValueSpecification","valueRequired":true,"valueName":"search_term_string"}}],"inLanguage":"fr-FR"},{"@type":"Organization","@id":"https:\/\/hghpeptideslab.com\/#organization","name":"HGH Peptides Lab","url":"https:\/\/hghpeptideslab.com\/fr\/","logo":{"@type":"ImageObject","url":"https:\/\/hghpeptideslab.com\/wp-content\/uploads\/2025\/07\/HGHPEPTIDESLAB-Logo.png"},"image":{"@id":"https:\/\/hghpeptideslab.com\/#\/schema\/logo\/image\/"},"foundingDate":"2010","contactPoint":[{"@type":"ContactPoint","contactType":"customer support","telephone":"+85247559641","email":"CYGGL2025@gmail.com","availableLanguage":["en"]}]}]}},"_links":{"self":[{"href":"https:\/\/hghpeptideslab.com\/fr\/wp-json\/wp\/v2\/product\/9109","targetHints":{"allow":["GET"]}}],"collection":[{"href":"https:\/\/hghpeptideslab.com\/fr\/wp-json\/wp\/v2\/product"}],"about":[{"href":"https:\/\/hghpeptideslab.com\/fr\/wp-json\/wp\/v2\/types\/product"}],"replies":[{"embeddable":true,"href":"https:\/\/hghpeptideslab.com\/fr\/wp-json\/wp\/v2\/comments?post=9109"}],"wp:featuredmedia":[{"embeddable":true,"href":"https:\/\/hghpeptideslab.com\/fr\/wp-json\/wp\/v2\/media\/9106"}],"wp:attachment":[{"href":"https:\/\/hghpeptideslab.com\/fr\/wp-json\/wp\/v2\/media?parent=9109"}],"wp:term":[{"taxonomy":"product_cat","embeddable":true,"href":"https:\/\/hghpeptideslab.com\/fr\/wp-json\/wp\/v2\/product_cat?post=9109"},{"taxonomy":"product_tag","embeddable":true,"href":"https:\/\/hghpeptideslab.com\/fr\/wp-json\/wp\/v2\/product_tag?post=9109"}],"curies":[{"name":"wp","href":"https:\/\/api.w.org\/{rel}","templated":true}]}}