{"id":9116,"date":"2025-08-16T21:52:31","date_gmt":"2025-08-16T21:52:31","guid":{"rendered":"https:\/\/hghpeptideslab.com\/?post_type=product&#038;p=9116"},"modified":"2026-01-16T19:02:19","modified_gmt":"2026-01-16T19:02:19","slug":"ace-031","status":"publish","type":"product","link":"https:\/\/hghpeptideslab.com\/fr\/product\/ace-031\/","title":{"rendered":"ACE-031 Peptide"},"content":{"rendered":"<h3>Aper\u00e7u<\/h3>\n<p>ACE-031 est un leurre soluble du r\u00e9cepteur de l'activine de type IIB (ActRIIB), largement r\u00e9f\u00e9renc\u00e9 dans les \u00e9tudes qui<br \/>\nexplorer la signalisation myostatine\/activine, le d\u00e9veloppement des muscles squelettiques et les m\u00e9canismes de densit\u00e9 osseuse.<br \/>\nNotre mat\u00e9riel est <strong>Fabriqu\u00e9 selon les BPF<\/strong> de qualit\u00e9 pharmaceutique avec <strong>Puret\u00e9 99%+<\/strong>.<br \/>\nLa documentation HPLC\/COA est disponible sur demande.<\/p>\n<h3>Caract\u00e9ristiques principales<\/h3>\n<ul>\n<li>La force : <strong>1 mg<\/strong> pour vial<\/li>\n<li>Taille Kit : <strong>10 vials\/kit<\/strong><\/li>\n<li>Qualit\u00e9 constante des lots pour l'\u00e9tude de la voie ActRIIB\/myostatine<\/li>\n<li>Documentation : Chromatogramme HPLC \/ COA disponible sur demande<\/li>\n<\/ul>\n<h3>Axes de recherche typiques<\/h3>\n<ul>\n<li>Inhibition de la voie Myostatin\/activine et mod\u00e8les d'hypertrophie<\/li>\n<li>Accumulation de masse maigre et cadres de performance de la force<\/li>\n<li>M\u00e9canismes de modulation de la formation et de la densit\u00e9 osseuses<\/li>\n<li>\u00c9tudes comparatives avec les inhibiteurs de la myostatine et les ligands de l'ActRIIB<\/li>\n<\/ul>\n<h3>Stockage et stabilit\u00e9<\/h3>\n<ul>\n<li>Conserver ferm\u00e9 \u00e0 <strong>2\u20138 \u00b0C<\/strong>, \u00e0 l&#039;abri de la lumi\u00e8re et de l&#039;humidit\u00e9<\/li>\n<li>Utiliser rapidement les solutions reconstitu\u00e9es dans des conditions de laboratoire appropri\u00e9es.<\/li>\n<\/ul>\n<h3>Remarques<\/h3>\n<ul>\n<li>Fabriqu\u00e9 en <strong>Conforme aux BPF<\/strong> installations<\/li>\n<li>HPLC\/COA disponible sur demande<\/li>\n<li>R\u00e9serv\u00e9 \u00e0 la recherche en laboratoire. Les produits ne sont pas destin\u00e9s \u00e0 un usage m\u00e9dical.<\/li>\n<\/ul>","protected":false},"excerpt":{"rendered":"<p><strong>Nom:<\/strong> 99% Puret\u00e9 ACE-031 poudre de peptide<br \/>\n<strong>Fonction:<\/strong> Voie Myostatin\/ActRIIB ; recherche sur la masse musculaire et la densit\u00e9 osseuse<br \/>\n<strong>Sp\u00e9cification:<\/strong> 1 mg par vial ; 10 vials\/kit<br \/>\n<strong>CAS:<\/strong> 1621169-52-5<br \/>\n<strong>Apparence:<\/strong> Poudre blanche lyophilized<\/p>","protected":false},"featured_media":9113,"comment_status":"open","ping_status":"closed","template":"","meta":[],"product_cat":[40],"product_tag":[134,160,167],"class_list":{"0":"post-9116","1":"product","2":"type-product","3":"status-publish","4":"has-post-thumbnail","6":"product_brand-dp-hghpeptides","7":"product_brand-hgh-peptides-lab","8":"product_cat-peptides-for-muscle-growth","9":"product_tag-ace-031","10":"product_tag-muscle-growth-performance-peptides","11":"product_tag-overall-wellness-peptides","13":"first","14":"instock","15":"featured","16":"shipping-taxable","17":"purchasable","18":"product-type-simple"},"yoast_head":"<!-- This site is optimized with the Yoast SEO Premium plugin v27.3 (Yoast SEO v27.3) - https:\/\/yoast.com\/product\/yoast-seo-premium-wordpress\/ -->\n<title>ACE-031 Peptide for Muscle Building | HGH Peptides Lab \u2013 HPLC\/COA Verified<\/title>\n<meta name=\"description\" content=\"Order ACE-031 from our China GMP lab\u201499% purity, HPLC\/COA on request. Factory-direct selling with fast worldwide shipping for myostatin-related lean mass goals.\" \/>\n<meta name=\"robots\" content=\"index, follow, max-snippet:-1, max-image-preview:large, max-video-preview:-1\" \/>\n<link rel=\"canonical\" href=\"https:\/\/hghpeptideslab.com\/fr\/product\/ace-031\/\" \/>\n<meta property=\"og:locale\" content=\"fr_FR\" \/>\n<meta property=\"og:type\" content=\"article\" \/>\n<meta property=\"og:title\" content=\"ACE-031 Peptide\" \/>\n<meta property=\"og:description\" content=\"Order ACE-031 from our China GMP lab\u201499% purity, HPLC\/COA on request. Factory-direct selling with fast worldwide shipping for myostatin-related lean mass goals.\" \/>\n<meta property=\"og:url\" content=\"https:\/\/hghpeptideslab.com\/fr\/product\/ace-031\/\" \/>\n<meta property=\"og:site_name\" content=\"HGH Peptides Lab\" \/>\n<meta property=\"article:modified_time\" content=\"2026-01-16T19:02:19+00:00\" \/>\n<meta property=\"og:image\" content=\"https:\/\/hghpeptideslab.com\/wp-content\/uploads\/2025\/08\/ace0311mg.jpg\" \/>\n\t<meta property=\"og:image:width\" content=\"800\" \/>\n\t<meta property=\"og:image:height\" content=\"800\" \/>\n\t<meta property=\"og:image:type\" content=\"image\/jpeg\" \/>\n<meta name=\"twitter:card\" content=\"summary_large_image\" \/>\n<meta name=\"twitter:label1\" content=\"Dur\u00e9e de lecture estim\u00e9e\" \/>\n\t<meta name=\"twitter:data1\" content=\"1 minute\" \/>\n<script type=\"application\/ld+json\" class=\"yoast-schema-graph\">{\"@context\":\"https:\\\/\\\/schema.org\",\"@graph\":[{\"@type\":\"WebPage\",\"@id\":\"https:\\\/\\\/hghpeptideslab.com\\\/product\\\/ace-031\\\/\",\"url\":\"https:\\\/\\\/hghpeptideslab.com\\\/product\\\/ace-031\\\/\",\"name\":\"ACE-031 Peptide for Muscle Building | HGH Peptides Lab \u2013 HPLC\\\/COA Verified\",\"isPartOf\":{\"@id\":\"https:\\\/\\\/hghpeptideslab.com\\\/#website\"},\"primaryImageOfPage\":{\"@id\":\"https:\\\/\\\/hghpeptideslab.com\\\/product\\\/ace-031\\\/#primaryimage\"},\"image\":{\"@id\":\"https:\\\/\\\/hghpeptideslab.com\\\/product\\\/ace-031\\\/#primaryimage\"},\"thumbnailUrl\":\"https:\\\/\\\/hghpeptideslab.com\\\/wp-content\\\/uploads\\\/2025\\\/08\\\/ace0311mg.jpg\",\"datePublished\":\"2025-08-16T21:52:31+00:00\",\"dateModified\":\"2026-01-16T19:02:19+00:00\",\"description\":\"Order ACE-031 from our China GMP lab\u201499% purity, HPLC\\\/COA on request. Factory-direct selling with fast worldwide shipping for myostatin-related lean mass goals.\",\"breadcrumb\":{\"@id\":\"https:\\\/\\\/hghpeptideslab.com\\\/product\\\/ace-031\\\/#breadcrumb\"},\"inLanguage\":\"fr-FR\",\"potentialAction\":[{\"@type\":\"ReadAction\",\"target\":[\"https:\\\/\\\/hghpeptideslab.com\\\/product\\\/ace-031\\\/\"]}],\"copyrightNotice\":\"\u00a9 2010\u20132026 HGH Peptides Lab. All Rights Reserved.\"},{\"@type\":\"ImageObject\",\"inLanguage\":\"fr-FR\",\"@id\":\"https:\\\/\\\/hghpeptideslab.com\\\/product\\\/ace-031\\\/#primaryimage\",\"url\":\"https:\\\/\\\/hghpeptideslab.com\\\/wp-content\\\/uploads\\\/2025\\\/08\\\/ace0311mg.jpg\",\"contentUrl\":\"https:\\\/\\\/hghpeptideslab.com\\\/wp-content\\\/uploads\\\/2025\\\/08\\\/ace0311mg.jpg\",\"width\":800,\"height\":800,\"caption\":\"1mg ACE-031 lyophilized powder (research use only)\"},{\"@type\":\"BreadcrumbList\",\"@id\":\"https:\\\/\\\/hghpeptideslab.com\\\/product\\\/ace-031\\\/#breadcrumb\",\"itemListElement\":[{\"@type\":\"ListItem\",\"position\":1,\"name\":\"Home\",\"item\":\"https:\\\/\\\/hghpeptideslab.com\\\/\"},{\"@type\":\"ListItem\",\"position\":2,\"name\":\"Shop\",\"item\":\"https:\\\/\\\/hghpeptideslab.com\\\/shop\\\/\"},{\"@type\":\"ListItem\",\"position\":3,\"name\":\"ACE-031 Peptide\"}]},{\"@type\":\"WebSite\",\"@id\":\"https:\\\/\\\/hghpeptideslab.com\\\/#website\",\"url\":\"https:\\\/\\\/hghpeptideslab.com\\\/\",\"name\":\"HGH Peptides Lab\",\"description\":\"Premium Peptides &amp; HGH Shop\",\"publisher\":{\"@id\":\"https:\\\/\\\/hghpeptideslab.com\\\/#organization\"},\"potentialAction\":[{\"@type\":\"SearchAction\",\"target\":{\"@type\":\"EntryPoint\",\"urlTemplate\":\"https:\\\/\\\/hghpeptideslab.com\\\/?s={search_term_string}\"},\"query-input\":{\"@type\":\"PropertyValueSpecification\",\"valueRequired\":true,\"valueName\":\"search_term_string\"}}],\"inLanguage\":\"fr-FR\"},{\"@type\":\"Organization\",\"@id\":\"https:\\\/\\\/hghpeptideslab.com\\\/#organization\",\"name\":\"HGH Peptides Lab\",\"url\":\"https:\\\/\\\/hghpeptideslab.com\\\/fr\\\/\",\"logo\":{\"@type\":\"ImageObject\",\"url\":\"https:\\\/\\\/hghpeptideslab.com\\\/wp-content\\\/uploads\\\/2025\\\/07\\\/HGHPEPTIDESLAB-Logo.png\"},\"image\":{\"@id\":\"https:\\\/\\\/hghpeptideslab.com\\\/#\\\/schema\\\/logo\\\/image\\\/\"},\"foundingDate\":\"2010\",\"contactPoint\":[{\"@type\":\"ContactPoint\",\"contactType\":\"customer support\",\"telephone\":\"+85247559641\",\"email\":\"CYGGL2025@gmail.com\",\"availableLanguage\":[\"en\"]}]}]}<\/script>\n<!-- \/ Yoast SEO Premium plugin. -->","yoast_head_json":{"title":"ACE-031 Peptide pour la construction musculaire | HGH Peptides Lab - V\u00e9rifi\u00e9 par HPLC\/COA","description":"Commander ACE-031 \u00e0 notre laboratoire chinois GMP-99% puret\u00e9, HPLC\/COA sur demande. Vente directe \u00e0 l'usine avec exp\u00e9dition rapide dans le monde entier pour les objectifs de masse maigre li\u00e9s \u00e0 la myostatine.","robots":{"index":"index","follow":"follow","max-snippet":"max-snippet:-1","max-image-preview":"max-image-preview:large","max-video-preview":"max-video-preview:-1"},"canonical":"https:\/\/hghpeptideslab.com\/fr\/product\/ace-031\/","og_locale":"fr_FR","og_type":"article","og_title":"ACE-031 Peptide","og_description":"Order ACE-031 from our China GMP lab\u201499% purity, HPLC\/COA on request. Factory-direct selling with fast worldwide shipping for myostatin-related lean mass goals.","og_url":"https:\/\/hghpeptideslab.com\/fr\/product\/ace-031\/","og_site_name":"HGH Peptides Lab","article_modified_time":"2026-01-16T19:02:19+00:00","og_image":[{"width":800,"height":800,"url":"https:\/\/hghpeptideslab.com\/wp-content\/uploads\/2025\/08\/ace0311mg.jpg","type":"image\/jpeg"}],"twitter_card":"summary_large_image","twitter_misc":{"Dur\u00e9e de lecture estim\u00e9e":"1 minute"},"schema":{"@context":"https:\/\/schema.org","@graph":[{"@type":"WebPage","@id":"https:\/\/hghpeptideslab.com\/product\/ace-031\/","url":"https:\/\/hghpeptideslab.com\/product\/ace-031\/","name":"ACE-031 Peptide pour la construction musculaire | HGH Peptides Lab - V\u00e9rifi\u00e9 par HPLC\/COA","isPartOf":{"@id":"https:\/\/hghpeptideslab.com\/#website"},"primaryImageOfPage":{"@id":"https:\/\/hghpeptideslab.com\/product\/ace-031\/#primaryimage"},"image":{"@id":"https:\/\/hghpeptideslab.com\/product\/ace-031\/#primaryimage"},"thumbnailUrl":"https:\/\/hghpeptideslab.com\/wp-content\/uploads\/2025\/08\/ace0311mg.jpg","datePublished":"2025-08-16T21:52:31+00:00","dateModified":"2026-01-16T19:02:19+00:00","description":"Commander ACE-031 \u00e0 notre laboratoire chinois GMP-99% puret\u00e9, HPLC\/COA sur demande. Vente directe \u00e0 l'usine avec exp\u00e9dition rapide dans le monde entier pour les objectifs de masse maigre li\u00e9s \u00e0 la myostatine.","breadcrumb":{"@id":"https:\/\/hghpeptideslab.com\/product\/ace-031\/#breadcrumb"},"inLanguage":"fr-FR","potentialAction":[{"@type":"ReadAction","target":["https:\/\/hghpeptideslab.com\/product\/ace-031\/"]}],"copyrightNotice":"\u00a9 2010\u20132026 HGH Peptides Lab. All Rights Reserved."},{"@type":"ImageObject","inLanguage":"fr-FR","@id":"https:\/\/hghpeptideslab.com\/product\/ace-031\/#primaryimage","url":"https:\/\/hghpeptideslab.com\/wp-content\/uploads\/2025\/08\/ace0311mg.jpg","contentUrl":"https:\/\/hghpeptideslab.com\/wp-content\/uploads\/2025\/08\/ace0311mg.jpg","width":800,"height":800,"caption":"1mg ACE-031 lyophilized powder (research use only)"},{"@type":"BreadcrumbList","@id":"https:\/\/hghpeptideslab.com\/product\/ace-031\/#breadcrumb","itemListElement":[{"@type":"ListItem","position":1,"name":"Home","item":"https:\/\/hghpeptideslab.com\/"},{"@type":"ListItem","position":2,"name":"Shop","item":"https:\/\/hghpeptideslab.com\/shop\/"},{"@type":"ListItem","position":3,"name":"ACE-031 Peptide"}]},{"@type":"WebSite","@id":"https:\/\/hghpeptideslab.com\/#website","url":"https:\/\/hghpeptideslab.com\/","name":"HGH Peptides Lab","description":"Premium Peptides &amp; HGH Shop","publisher":{"@id":"https:\/\/hghpeptideslab.com\/#organization"},"potentialAction":[{"@type":"SearchAction","target":{"@type":"EntryPoint","urlTemplate":"https:\/\/hghpeptideslab.com\/?s={search_term_string}"},"query-input":{"@type":"PropertyValueSpecification","valueRequired":true,"valueName":"search_term_string"}}],"inLanguage":"fr-FR"},{"@type":"Organization","@id":"https:\/\/hghpeptideslab.com\/#organization","name":"HGH Peptides Lab","url":"https:\/\/hghpeptideslab.com\/fr\/","logo":{"@type":"ImageObject","url":"https:\/\/hghpeptideslab.com\/wp-content\/uploads\/2025\/07\/HGHPEPTIDESLAB-Logo.png"},"image":{"@id":"https:\/\/hghpeptideslab.com\/#\/schema\/logo\/image\/"},"foundingDate":"2010","contactPoint":[{"@type":"ContactPoint","contactType":"customer support","telephone":"+85247559641","email":"CYGGL2025@gmail.com","availableLanguage":["en"]}]}]}},"_links":{"self":[{"href":"https:\/\/hghpeptideslab.com\/fr\/wp-json\/wp\/v2\/product\/9116","targetHints":{"allow":["GET"]}}],"collection":[{"href":"https:\/\/hghpeptideslab.com\/fr\/wp-json\/wp\/v2\/product"}],"about":[{"href":"https:\/\/hghpeptideslab.com\/fr\/wp-json\/wp\/v2\/types\/product"}],"replies":[{"embeddable":true,"href":"https:\/\/hghpeptideslab.com\/fr\/wp-json\/wp\/v2\/comments?post=9116"}],"wp:featuredmedia":[{"embeddable":true,"href":"https:\/\/hghpeptideslab.com\/fr\/wp-json\/wp\/v2\/media\/9113"}],"wp:attachment":[{"href":"https:\/\/hghpeptideslab.com\/fr\/wp-json\/wp\/v2\/media?parent=9116"}],"wp:term":[{"taxonomy":"product_cat","embeddable":true,"href":"https:\/\/hghpeptideslab.com\/fr\/wp-json\/wp\/v2\/product_cat?post=9116"},{"taxonomy":"product_tag","embeddable":true,"href":"https:\/\/hghpeptideslab.com\/fr\/wp-json\/wp\/v2\/product_tag?post=9116"}],"curies":[{"name":"wp","href":"https:\/\/api.w.org\/{rel}","templated":true}]}}