{"id":9708,"date":"2025-09-10T17:56:11","date_gmt":"2025-09-10T17:56:11","guid":{"rendered":"https:\/\/hghpeptideslab.com\/?post_type=product&#038;p=9708"},"modified":"2025-09-12T12:09:48","modified_gmt":"2025-09-12T12:09:48","slug":"s-23","status":"publish","type":"product","link":"https:\/\/hghpeptideslab.com\/fr\/product\/s-23\/","title":{"rendered":"S-23 SARMs Raw Powder"},"content":{"rendered":"<h3>Aper\u00e7u<\/h3>\n<p><strong>S-23 SARMs<\/strong> est un compos\u00e9 de recherche ax\u00e9 sur les r\u00e9cepteurs androg\u00e9niques, fr\u00e9quemment r\u00e9f\u00e9renc\u00e9 dans les \u00e9tudes de masse maigre, de force\/puissance et de coupe\/recomposition. Fourni sous forme de <strong>10 g unit\u00e9s<\/strong> en scell\u00e9 <strong>sachets en aluminium<\/strong>Le mat\u00e9riel fournit <strong>99% puret\u00e9<\/strong> avec <strong>de qualit\u00e9 pharmaceutique<\/strong> la coh\u00e9rence pour soutenir la recherche reproductible et comparative.<\/p>\n<h3>Caract\u00e9ristiques principales<\/h3>\n<ul>\n<li><strong>Unit\u00e9 :<\/strong> 10 g par sachet<\/li>\n<li><strong>Qualit\u00e9 :<\/strong> 99% purity ; consistance de qualit\u00e9 pharmaceutique d'un lot \u00e0 l'autre<\/li>\n<li><strong>Format :<\/strong> Poudre brute pour un criblage flexible, le d\u00e9veloppement de m\u00e9thodes et l'optimisation de protocoles<\/li>\n<li><strong>Emballage :<\/strong> Pochette en aluminium scell\u00e9e avec d\u00e9shydratant ; \u00e9tiquetage clair pour la manipulation en laboratoire<\/li>\n<li><strong>Origine :<\/strong> Chine - approvisionnement direct de l'usine<\/li>\n<\/ul>\n<h3>Axes de recherche typiques<\/h3>\n<ul>\n<li>Modulation des r\u00e9cepteurs androg\u00e9niques dans le cadre de la masse maigre et de la force<\/li>\n<li>Comparaison des coupes et des recompositions entre les panels de dosage<\/li>\n<li>Validation des m\u00e9thodes, contr\u00f4les de stabilit\u00e9 et reproductibilit\u00e9 des protocoles<\/li>\n<\/ul>\n<h3>Qualit\u00e9 et fabrication<\/h3>\n<ul>\n<li>Sp\u00e9cification Pharmaceutical-grade avec 99% purity<\/li>\n<li>Manipulation et solubilit\u00e9 pr\u00e9visibles pour les essais comparatifs<\/li>\n<li>\u00c9tiquetage propre \u00e0 l'usage de la recherche et tra\u00e7abilit\u00e9 des lots<\/li>\n<\/ul>\n<h3>Stockage et stabilit\u00e9<\/h3>\n<ul>\n<li>Conserver ferm\u00e9 \u00e0 <strong>2-8 \u00b0C<\/strong>Prot\u00e9g\u00e9 de la lumi\u00e8re et de l'humidit\u00e9<\/li>\n<li>Minimiser l'exposition \u00e0 l'humidit\u00e9 ; refermer rapidement apr\u00e8s utilisation.<\/li>\n<li><strong>Commande minimale :<\/strong> 10 g<\/li>\n<\/ul>\n<h3>Liens internes<\/h3>\n<ul>\n<li><a href=\"\/fr\/product-category\/sarms-raw-powders\/\">SARMs Poudres brutes<\/a><\/li>\n<li><a href=\"\/fr\/product-tag\/s-23\/\">S-23 SARM<\/a><\/li>\n<li><a href=\"\/fr\/product-tag\/androgen-receptor-modulation\/\">Modulation des r\u00e9cepteurs androg\u00e9niques<\/a><\/li>\n<li><a href=\"\/fr\/product-tag\/muscle-growth-performance\/\">Croissance musculaire et performance<\/a><\/li>\n<li><a href=\"\/fr\/product-tag\/strength-power-output\/\">Force et puissance<\/a><\/li>\n<li><a href=\"\/fr\/product-tag\/body-recomposition\/\">Recomposition du corps<\/a><\/li>\n<\/ul>\n<h3>Conformit\u00e9<\/h3>\n<p><strong>R\u00e9serv\u00e9 \u00e0 la recherche.<\/strong><\/p>","protected":false},"excerpt":{"rendered":"<p><strong>Nom:<\/strong> S-23 SARMs poudre brute - 99% purity<br \/>\n<strong>Fonction:<\/strong> Modulation des r\u00e9cepteurs androg\u00e9niques ; masse maigre et force ; soutien \u00e0 la coupe\/recomposition<br \/>\n<strong>Sp\u00e9cification:<\/strong> 10 g par sachet (scell\u00e9 sous vide, feuille d'aluminium)<br \/>\n<strong>Commande minimale :<\/strong> 10 g<br \/>\n<strong>CAS:<\/strong> 1010396-29-8<br \/>\n<strong>Apparence:<\/strong> Poudre cristalline blanche ; qualit\u00e9 pharmaceutique<\/p>","protected":false},"featured_media":9704,"comment_status":"open","ping_status":"closed","template":"","meta":[],"product_cat":[359],"product_tag":[376,375,374,369,377],"class_list":{"0":"post-9708","1":"product","2":"type-product","3":"status-publish","4":"has-post-thumbnail","6":"product_brand-dp-hghpeptides","7":"product_brand-hgh-peptides-lab","8":"product_cat-sarms-raw-powders","9":"product_tag-androgen-receptor-modulation","10":"product_tag-body-recomposition","11":"product_tag-muscle-growth-performance","12":"product_tag-s-23","13":"product_tag-strength-power-output","15":"first","16":"instock","17":"shipping-taxable","18":"purchasable","19":"product-type-simple"},"yoast_head":"<!-- This site is optimized with the Yoast SEO Premium plugin v27.3 (Yoast SEO v27.3) - https:\/\/yoast.com\/product\/yoast-seo-premium-wordpress\/ -->\n<title>S-23 SARMs Raw Powder \u2014 99% Purity | HGH Peptides Lab<\/title>\n<meta name=\"description\" content=\"S-23 SARMs raw powder at 99% purity, pharmaceutical-grade quality for lab research, formulation work and comparative studies. Research use only.\" \/>\n<meta name=\"robots\" content=\"index, follow, max-snippet:-1, max-image-preview:large, max-video-preview:-1\" \/>\n<link rel=\"canonical\" href=\"https:\/\/hghpeptideslab.com\/fr\/product\/s-23\/\" \/>\n<meta property=\"og:locale\" content=\"fr_FR\" \/>\n<meta property=\"og:type\" content=\"article\" \/>\n<meta property=\"og:title\" content=\"S-23 SARMs Raw Powder\" \/>\n<meta property=\"og:description\" content=\"S-23 SARMs raw powder at 99% purity, pharmaceutical-grade quality for lab research, formulation work and comparative studies. Research use only.\" \/>\n<meta property=\"og:url\" content=\"https:\/\/hghpeptideslab.com\/fr\/product\/s-23\/\" \/>\n<meta property=\"og:site_name\" content=\"HGH Peptides Lab\" \/>\n<meta property=\"article:modified_time\" content=\"2025-09-12T12:09:48+00:00\" \/>\n<meta property=\"og:image\" content=\"https:\/\/hghpeptideslab.com\/wp-content\/uploads\/2025\/09\/s-23.jpg\" \/>\n\t<meta property=\"og:image:width\" content=\"800\" \/>\n\t<meta property=\"og:image:height\" content=\"800\" \/>\n\t<meta property=\"og:image:type\" content=\"image\/jpeg\" \/>\n<meta name=\"twitter:card\" content=\"summary_large_image\" \/>\n<meta name=\"twitter:label1\" content=\"Dur\u00e9e de lecture estim\u00e9e\" \/>\n\t<meta name=\"twitter:data1\" content=\"2 minutes\" \/>\n<script type=\"application\/ld+json\" class=\"yoast-schema-graph\">{\"@context\":\"https:\\\/\\\/schema.org\",\"@graph\":[{\"@type\":\"WebPage\",\"@id\":\"https:\\\/\\\/hghpeptideslab.com\\\/product\\\/s-23\\\/\",\"url\":\"https:\\\/\\\/hghpeptideslab.com\\\/product\\\/s-23\\\/\",\"name\":\"S-23 SARMs Raw Powder \u2014 99% Purity | HGH Peptides Lab\",\"isPartOf\":{\"@id\":\"https:\\\/\\\/hghpeptideslab.com\\\/#website\"},\"primaryImageOfPage\":{\"@id\":\"https:\\\/\\\/hghpeptideslab.com\\\/product\\\/s-23\\\/#primaryimage\"},\"image\":{\"@id\":\"https:\\\/\\\/hghpeptideslab.com\\\/product\\\/s-23\\\/#primaryimage\"},\"thumbnailUrl\":\"https:\\\/\\\/hghpeptideslab.com\\\/wp-content\\\/uploads\\\/2025\\\/09\\\/s-23.jpg\",\"datePublished\":\"2025-09-10T17:56:11+00:00\",\"dateModified\":\"2025-09-12T12:09:48+00:00\",\"description\":\"S-23 SARMs raw powder at 99% purity, pharmaceutical-grade quality for lab research, formulation work and comparative studies. Research use only.\",\"breadcrumb\":{\"@id\":\"https:\\\/\\\/hghpeptideslab.com\\\/product\\\/s-23\\\/#breadcrumb\"},\"inLanguage\":\"fr-FR\",\"potentialAction\":[{\"@type\":\"ReadAction\",\"target\":[\"https:\\\/\\\/hghpeptideslab.com\\\/product\\\/s-23\\\/\"]}],\"copyrightNotice\":\"\u00a9 2010\u20132026 HGH Peptides Lab. All Rights Reserved.\"},{\"@type\":\"ImageObject\",\"inLanguage\":\"fr-FR\",\"@id\":\"https:\\\/\\\/hghpeptideslab.com\\\/product\\\/s-23\\\/#primaryimage\",\"url\":\"https:\\\/\\\/hghpeptideslab.com\\\/wp-content\\\/uploads\\\/2025\\\/09\\\/s-23.jpg\",\"contentUrl\":\"https:\\\/\\\/hghpeptideslab.com\\\/wp-content\\\/uploads\\\/2025\\\/09\\\/s-23.jpg\",\"width\":800,\"height\":800,\"caption\":\"White crystalline powder \u00b7 99% purity \u00b7 pharmaceutical-grade\"},{\"@type\":\"BreadcrumbList\",\"@id\":\"https:\\\/\\\/hghpeptideslab.com\\\/product\\\/s-23\\\/#breadcrumb\",\"itemListElement\":[{\"@type\":\"ListItem\",\"position\":1,\"name\":\"Home\",\"item\":\"https:\\\/\\\/hghpeptideslab.com\\\/\"},{\"@type\":\"ListItem\",\"position\":2,\"name\":\"Shop\",\"item\":\"https:\\\/\\\/hghpeptideslab.com\\\/shop\\\/\"},{\"@type\":\"ListItem\",\"position\":3,\"name\":\"S-23 SARMs Raw Powder\"}]},{\"@type\":\"WebSite\",\"@id\":\"https:\\\/\\\/hghpeptideslab.com\\\/#website\",\"url\":\"https:\\\/\\\/hghpeptideslab.com\\\/\",\"name\":\"HGH Peptides Lab\",\"description\":\"Premium Peptides &amp; HGH Shop\",\"publisher\":{\"@id\":\"https:\\\/\\\/hghpeptideslab.com\\\/#organization\"},\"potentialAction\":[{\"@type\":\"SearchAction\",\"target\":{\"@type\":\"EntryPoint\",\"urlTemplate\":\"https:\\\/\\\/hghpeptideslab.com\\\/?s={search_term_string}\"},\"query-input\":{\"@type\":\"PropertyValueSpecification\",\"valueRequired\":true,\"valueName\":\"search_term_string\"}}],\"inLanguage\":\"fr-FR\"},{\"@type\":\"Organization\",\"@id\":\"https:\\\/\\\/hghpeptideslab.com\\\/#organization\",\"name\":\"HGH Peptides Lab\",\"url\":\"https:\\\/\\\/hghpeptideslab.com\\\/fr\\\/\",\"logo\":{\"@type\":\"ImageObject\",\"url\":\"https:\\\/\\\/hghpeptideslab.com\\\/wp-content\\\/uploads\\\/2025\\\/07\\\/HGHPEPTIDESLAB-Logo.png\"},\"image\":{\"@id\":\"https:\\\/\\\/hghpeptideslab.com\\\/#\\\/schema\\\/logo\\\/image\\\/\"},\"foundingDate\":\"2010\",\"contactPoint\":[{\"@type\":\"ContactPoint\",\"contactType\":\"customer support\",\"telephone\":\"+85247559641\",\"email\":\"CYGGL2025@gmail.com\",\"availableLanguage\":[\"en\"]}]}]}<\/script>\n<!-- \/ Yoast SEO Premium plugin. -->","yoast_head_json":{"title":"S-23 SARMs Raw Powder - 99% Purity | HGH Peptides Lab","description":"S-23 SARMs poudre brute \u00e0 99% purity, qualit\u00e9 pharmaceutique pour la recherche en laboratoire, la formulation et les \u00e9tudes comparatives. Utilisation en recherche uniquement.","robots":{"index":"index","follow":"follow","max-snippet":"max-snippet:-1","max-image-preview":"max-image-preview:large","max-video-preview":"max-video-preview:-1"},"canonical":"https:\/\/hghpeptideslab.com\/fr\/product\/s-23\/","og_locale":"fr_FR","og_type":"article","og_title":"S-23 SARMs Raw Powder","og_description":"S-23 SARMs raw powder at 99% purity, pharmaceutical-grade quality for lab research, formulation work and comparative studies. Research use only.","og_url":"https:\/\/hghpeptideslab.com\/fr\/product\/s-23\/","og_site_name":"HGH Peptides Lab","article_modified_time":"2025-09-12T12:09:48+00:00","og_image":[{"width":800,"height":800,"url":"https:\/\/hghpeptideslab.com\/wp-content\/uploads\/2025\/09\/s-23.jpg","type":"image\/jpeg"}],"twitter_card":"summary_large_image","twitter_misc":{"Dur\u00e9e de lecture estim\u00e9e":"2 minutes"},"schema":{"@context":"https:\/\/schema.org","@graph":[{"@type":"WebPage","@id":"https:\/\/hghpeptideslab.com\/product\/s-23\/","url":"https:\/\/hghpeptideslab.com\/product\/s-23\/","name":"S-23 SARMs Raw Powder - 99% Purity | HGH Peptides Lab","isPartOf":{"@id":"https:\/\/hghpeptideslab.com\/#website"},"primaryImageOfPage":{"@id":"https:\/\/hghpeptideslab.com\/product\/s-23\/#primaryimage"},"image":{"@id":"https:\/\/hghpeptideslab.com\/product\/s-23\/#primaryimage"},"thumbnailUrl":"https:\/\/hghpeptideslab.com\/wp-content\/uploads\/2025\/09\/s-23.jpg","datePublished":"2025-09-10T17:56:11+00:00","dateModified":"2025-09-12T12:09:48+00:00","description":"S-23 SARMs poudre brute \u00e0 99% purity, qualit\u00e9 pharmaceutique pour la recherche en laboratoire, la formulation et les \u00e9tudes comparatives. Utilisation en recherche uniquement.","breadcrumb":{"@id":"https:\/\/hghpeptideslab.com\/product\/s-23\/#breadcrumb"},"inLanguage":"fr-FR","potentialAction":[{"@type":"ReadAction","target":["https:\/\/hghpeptideslab.com\/product\/s-23\/"]}],"copyrightNotice":"\u00a9 2010\u20132026 HGH Peptides Lab. All Rights Reserved."},{"@type":"ImageObject","inLanguage":"fr-FR","@id":"https:\/\/hghpeptideslab.com\/product\/s-23\/#primaryimage","url":"https:\/\/hghpeptideslab.com\/wp-content\/uploads\/2025\/09\/s-23.jpg","contentUrl":"https:\/\/hghpeptideslab.com\/wp-content\/uploads\/2025\/09\/s-23.jpg","width":800,"height":800,"caption":"White crystalline powder \u00b7 99% purity \u00b7 pharmaceutical-grade"},{"@type":"BreadcrumbList","@id":"https:\/\/hghpeptideslab.com\/product\/s-23\/#breadcrumb","itemListElement":[{"@type":"ListItem","position":1,"name":"Home","item":"https:\/\/hghpeptideslab.com\/"},{"@type":"ListItem","position":2,"name":"Shop","item":"https:\/\/hghpeptideslab.com\/shop\/"},{"@type":"ListItem","position":3,"name":"S-23 SARMs Raw Powder"}]},{"@type":"WebSite","@id":"https:\/\/hghpeptideslab.com\/#website","url":"https:\/\/hghpeptideslab.com\/","name":"HGH Peptides Lab","description":"Premium Peptides &amp; HGH Shop","publisher":{"@id":"https:\/\/hghpeptideslab.com\/#organization"},"potentialAction":[{"@type":"SearchAction","target":{"@type":"EntryPoint","urlTemplate":"https:\/\/hghpeptideslab.com\/?s={search_term_string}"},"query-input":{"@type":"PropertyValueSpecification","valueRequired":true,"valueName":"search_term_string"}}],"inLanguage":"fr-FR"},{"@type":"Organization","@id":"https:\/\/hghpeptideslab.com\/#organization","name":"HGH Peptides Lab","url":"https:\/\/hghpeptideslab.com\/fr\/","logo":{"@type":"ImageObject","url":"https:\/\/hghpeptideslab.com\/wp-content\/uploads\/2025\/07\/HGHPEPTIDESLAB-Logo.png"},"image":{"@id":"https:\/\/hghpeptideslab.com\/#\/schema\/logo\/image\/"},"foundingDate":"2010","contactPoint":[{"@type":"ContactPoint","contactType":"customer support","telephone":"+85247559641","email":"CYGGL2025@gmail.com","availableLanguage":["en"]}]}]}},"_links":{"self":[{"href":"https:\/\/hghpeptideslab.com\/fr\/wp-json\/wp\/v2\/product\/9708","targetHints":{"allow":["GET"]}}],"collection":[{"href":"https:\/\/hghpeptideslab.com\/fr\/wp-json\/wp\/v2\/product"}],"about":[{"href":"https:\/\/hghpeptideslab.com\/fr\/wp-json\/wp\/v2\/types\/product"}],"replies":[{"embeddable":true,"href":"https:\/\/hghpeptideslab.com\/fr\/wp-json\/wp\/v2\/comments?post=9708"}],"wp:featuredmedia":[{"embeddable":true,"href":"https:\/\/hghpeptideslab.com\/fr\/wp-json\/wp\/v2\/media\/9704"}],"wp:attachment":[{"href":"https:\/\/hghpeptideslab.com\/fr\/wp-json\/wp\/v2\/media?parent=9708"}],"wp:term":[{"taxonomy":"product_cat","embeddable":true,"href":"https:\/\/hghpeptideslab.com\/fr\/wp-json\/wp\/v2\/product_cat?post=9708"},{"taxonomy":"product_tag","embeddable":true,"href":"https:\/\/hghpeptideslab.com\/fr\/wp-json\/wp\/v2\/product_tag?post=9708"}],"curies":[{"name":"wp","href":"https:\/\/api.w.org\/{rel}","templated":true}]}}