{"id":9787,"date":"2025-09-12T10:22:20","date_gmt":"2025-09-12T10:22:20","guid":{"rendered":"https:\/\/hghpeptideslab.com\/?post_type=product&#038;p=9787"},"modified":"2025-09-12T10:22:20","modified_gmt":"2025-09-12T10:22:20","slug":"yohimbine-hydrochloride","status":"publish","type":"product","link":"https:\/\/hghpeptideslab.com\/fr\/product\/yohimbine-hydrochloride\/","title":{"rendered":"Yohimbine Hydrochloride - Raw Powder"},"content":{"rendered":"<h3>Aper\u00e7u<\/h3>\n<p><strong>Yohimbine Hydrochloride<\/strong> est couramment utilis\u00e9 dans les plans d'\u00e9tude ax\u00e9s sur la <strong>voie adr\u00e9nergique (\u03b12)<\/strong>Les th\u00e8mes de la libido et du bien-\u00eatre sexuel, ainsi que les panels de comparaison. Fourni sous forme de poudre brute avec <strong>99% puret\u00e9<\/strong> et <strong>qualit\u00e9 pharmaceutique<\/strong> pour soutenir une recherche coh\u00e9rente et comparative. <strong>R\u00e9serv\u00e9 \u00e0 la recherche.<\/strong><\/p>\n<h3>Caract\u00e9ristiques principales<\/h3>\n<ul>\n<li><strong>Emballage :<\/strong> Pochette en aluminium (scell\u00e9e, d\u00e9shydratant inclus) ; unit\u00e9 typique : <strong>1 kg<\/strong><\/li>\n<li><strong>Qualit\u00e9 :<\/strong> 99% purity ; coh\u00e9rence des lots de qualit\u00e9 pharmaceutique<\/li>\n<li><strong>Format :<\/strong> Poudre brute pour le criblage, le d\u00e9veloppement de m\u00e9thodes et l'optimisation de protocoles<\/li>\n<li><strong>Origine :<\/strong> Chine - approvisionnement direct de l'usine<\/li>\n<\/ul>\n<h3>Axes de recherche typiques<\/h3>\n<ul>\n<li>Comparaison des voies et des m\u00e9canismes des r\u00e9cepteurs adr\u00e9nergiques\/\u03b12<\/li>\n<li>Mod\u00e8les de libido\/bien-\u00eatre sexuel et exploration de voies crois\u00e9es<\/li>\n<li>Panels de comparateurs et mod\u00e8les d'\u00e9tudes dose-r\u00e9ponse<\/li>\n<\/ul>\n<h3>Qualit\u00e9 et manutention<\/h3>\n<ul>\n<li>Sp\u00e9cification Pharmaceutical-grade avec 99% purity<\/li>\n<li>Manipulation pr\u00e9visible pour les essais comparatifs<\/li>\n<li>\u00c9tiquetage propre \u00e0 l'usage de la recherche et tra\u00e7abilit\u00e9 des lots<\/li>\n<\/ul>\n<h3>Stockage et stabilit\u00e9<\/h3>\n<ul>\n<li>Conserver ferm\u00e9 \u00e0 <strong>2-8 \u00b0C<\/strong>au sec et \u00e0 l'abri de la lumi\u00e8re<\/li>\n<li>Minimiser l'exposition \u00e0 l'humidit\u00e9 ; refermer rapidement apr\u00e8s utilisation.<\/li>\n<\/ul>\n<h3>Liens internes<\/h3>\n<ul>\n<li><a href=\"\/fr\/product-category\/sexual-wellness-raw-powders\/\">Poudres brutes pour le bien-\u00eatre sexuel<\/a><\/li>\n<li><a href=\"\/fr\/product-tag\/yohimbine-hydrochloride\/\">Yohimbine Hydrochloride<\/a><\/li>\n<li><a href=\"\/fr\/product-tag\/adrenergic-alpha2-pathway\/\">Voie adr\u00e9nergique \/ Alpha-2<\/a><\/li>\n<li><a href=\"\/fr\/product-tag\/libido-sexual-performance\/\">Libido et performances sexuelles<\/a><\/li>\n<li><a href=\"\/fr\/product-tag\/research-powder-99-purity\/\">Poudre de recherche (99% Purity)<\/a><\/li>\n<\/ul>\n<h3>Conformit\u00e9<\/h3>\n<p><strong>R\u00e9serv\u00e9 \u00e0 la recherche.<\/strong><\/p>","protected":false},"excerpt":{"rendered":"<p><strong>Nom:<\/strong> Poudre brute de Yohimbine Hydrochloride (99% purity, qualit\u00e9 pharmaceutique)<br \/>\n<strong>Fonction:<\/strong> Recherche sur la voie adr\u00e9nergique\/\u03b12-r\u00e9cepteur ; mod\u00e8les de libido\/bien-\u00eatre sexuel<br \/>\n<strong>Sp\u00e9cification:<\/strong> Pochette en aluminium<br \/>\n<strong>CAS:<\/strong> 65-19-0<br \/>\n<strong>Apparence:<\/strong> Poudre cristalline blanche \u00e0 jaune clair<br \/>\n<strong>Remarque :<\/strong> Le prix indiqu\u00e9 est pour <u>1 kg<\/u>. Pour des quantit\u00e9s plus petites ou en vrac, veuillez nous contacter.<\/p>","protected":false},"featured_media":9784,"comment_status":"open","ping_status":"closed","template":"","meta":[],"product_cat":[361],"product_tag":[393,395,398,389,388],"class_list":{"0":"post-9787","1":"product","2":"type-product","3":"status-publish","4":"has-post-thumbnail","6":"product_brand-dp-hghpeptides","7":"product_brand-hgh-peptides-lab","8":"product_cat-sexual-wellness-raw-powders","9":"product_tag-adrenergic-alpha2-pathway","10":"product_tag-libido-sexual-performance","11":"product_tag-research-powder-99-purity","12":"product_tag-sexual-wellness-performance","13":"product_tag-yohimbine-hydrochloride","15":"first","16":"instock","17":"shipping-taxable","18":"purchasable","19":"product-type-simple"},"yoast_head":"<!-- This site is optimized with the Yoast SEO Premium plugin v27.5 (Yoast SEO v27.5) - https:\/\/yoast.com\/product\/yoast-seo-premium-wordpress\/ -->\n<title>Yohimbine Hydrochloride Powder \u2014 Price &amp; Specs | HGH Peptides Lab<\/title>\n<meta name=\"description\" content=\"Yohimbine Hydrochloride raw powder (99% purity, pharmaceutical-grade) for adrenergic\/\u03b12 pathway and libido research. Research use only. Contact us for quantities.\" \/>\n<meta name=\"robots\" content=\"index, follow, max-snippet:-1, max-image-preview:large, max-video-preview:-1\" \/>\n<link rel=\"canonical\" href=\"https:\/\/hghpeptideslab.com\/fr\/product\/yohimbine-hydrochloride\/\" \/>\n<meta property=\"og:locale\" content=\"fr_FR\" \/>\n<meta property=\"og:type\" content=\"article\" \/>\n<meta property=\"og:title\" content=\"Yohimbine Hydrochloride \u2014 Raw Powder\" \/>\n<meta property=\"og:description\" content=\"Yohimbine Hydrochloride raw powder (99% purity, pharmaceutical-grade) for adrenergic\/\u03b12 pathway and libido research. Research use only. Contact us for quantities.\" \/>\n<meta property=\"og:url\" content=\"https:\/\/hghpeptideslab.com\/fr\/product\/yohimbine-hydrochloride\/\" \/>\n<meta property=\"og:site_name\" content=\"HGH Peptides Lab\" \/>\n<meta property=\"og:image\" content=\"https:\/\/hghpeptideslab.com\/wp-content\/uploads\/2025\/09\/yohimbine-hcl-.jpg\" \/>\n\t<meta property=\"og:image:width\" content=\"800\" \/>\n\t<meta property=\"og:image:height\" content=\"800\" \/>\n\t<meta property=\"og:image:type\" content=\"image\/jpeg\" \/>\n<meta name=\"twitter:card\" content=\"summary_large_image\" \/>\n<meta name=\"twitter:label1\" content=\"Dur\u00e9e de lecture estim\u00e9e\" \/>\n\t<meta name=\"twitter:data1\" content=\"2 minutes\" \/>\n<script type=\"application\/ld+json\" class=\"yoast-schema-graph\">{\"@context\":\"https:\\\/\\\/schema.org\",\"@graph\":[{\"@type\":\"WebPage\",\"@id\":\"https:\\\/\\\/hghpeptideslab.com\\\/product\\\/yohimbine-hydrochloride\\\/\",\"url\":\"https:\\\/\\\/hghpeptideslab.com\\\/product\\\/yohimbine-hydrochloride\\\/\",\"name\":\"Yohimbine Hydrochloride Powder \u2014 Price & Specs | HGH Peptides Lab\",\"isPartOf\":{\"@id\":\"https:\\\/\\\/hghpeptideslab.com\\\/#website\"},\"primaryImageOfPage\":{\"@id\":\"https:\\\/\\\/hghpeptideslab.com\\\/product\\\/yohimbine-hydrochloride\\\/#primaryimage\"},\"image\":{\"@id\":\"https:\\\/\\\/hghpeptideslab.com\\\/product\\\/yohimbine-hydrochloride\\\/#primaryimage\"},\"thumbnailUrl\":\"https:\\\/\\\/hghpeptideslab.com\\\/wp-content\\\/uploads\\\/2025\\\/09\\\/yohimbine-hcl-.jpg\",\"datePublished\":\"2025-09-12T10:22:20+00:00\",\"description\":\"Yohimbine Hydrochloride raw powder (99% purity, pharmaceutical-grade) for adrenergic\\\/\u03b12 pathway and libido research. Research use only. Contact us for quantities.\",\"breadcrumb\":{\"@id\":\"https:\\\/\\\/hghpeptideslab.com\\\/product\\\/yohimbine-hydrochloride\\\/#breadcrumb\"},\"inLanguage\":\"fr-FR\",\"potentialAction\":[{\"@type\":\"ReadAction\",\"target\":[\"https:\\\/\\\/hghpeptideslab.com\\\/product\\\/yohimbine-hydrochloride\\\/\"]}],\"copyrightNotice\":\"\u00a9 2010\u20132026 HGH Peptides Lab. All Rights Reserved.\"},{\"@type\":\"ImageObject\",\"inLanguage\":\"fr-FR\",\"@id\":\"https:\\\/\\\/hghpeptideslab.com\\\/product\\\/yohimbine-hydrochloride\\\/#primaryimage\",\"url\":\"https:\\\/\\\/hghpeptideslab.com\\\/wp-content\\\/uploads\\\/2025\\\/09\\\/yohimbine-hcl-.jpg\",\"contentUrl\":\"https:\\\/\\\/hghpeptideslab.com\\\/wp-content\\\/uploads\\\/2025\\\/09\\\/yohimbine-hcl-.jpg\",\"width\":800,\"height\":800,\"caption\":\"Clean pack shot for research catalogs\"},{\"@type\":\"BreadcrumbList\",\"@id\":\"https:\\\/\\\/hghpeptideslab.com\\\/product\\\/yohimbine-hydrochloride\\\/#breadcrumb\",\"itemListElement\":[{\"@type\":\"ListItem\",\"position\":1,\"name\":\"Home\",\"item\":\"https:\\\/\\\/hghpeptideslab.com\\\/\"},{\"@type\":\"ListItem\",\"position\":2,\"name\":\"Shop\",\"item\":\"https:\\\/\\\/hghpeptideslab.com\\\/shop\\\/\"},{\"@type\":\"ListItem\",\"position\":3,\"name\":\"Yohimbine Hydrochloride \u2014 Raw Powder\"}]},{\"@type\":\"WebSite\",\"@id\":\"https:\\\/\\\/hghpeptideslab.com\\\/#website\",\"url\":\"https:\\\/\\\/hghpeptideslab.com\\\/\",\"name\":\"HGH Peptides Lab\",\"description\":\"Premium Peptides &amp; HGH Shop\",\"publisher\":{\"@id\":\"https:\\\/\\\/hghpeptideslab.com\\\/#organization\"},\"potentialAction\":[{\"@type\":\"SearchAction\",\"target\":{\"@type\":\"EntryPoint\",\"urlTemplate\":\"https:\\\/\\\/hghpeptideslab.com\\\/?s={search_term_string}\"},\"query-input\":{\"@type\":\"PropertyValueSpecification\",\"valueRequired\":true,\"valueName\":\"search_term_string\"}}],\"inLanguage\":\"fr-FR\"},{\"@type\":\"Organization\",\"@id\":\"https:\\\/\\\/hghpeptideslab.com\\\/#organization\",\"name\":\"HGH Peptides Lab\",\"url\":\"https:\\\/\\\/hghpeptideslab.com\\\/fr\\\/\",\"logo\":{\"@type\":\"ImageObject\",\"url\":\"https:\\\/\\\/hghpeptideslab.com\\\/wp-content\\\/uploads\\\/2025\\\/07\\\/HGHPEPTIDESLAB-Logo.png\"},\"image\":{\"@id\":\"https:\\\/\\\/hghpeptideslab.com\\\/#\\\/schema\\\/logo\\\/image\\\/\"},\"foundingDate\":\"2010\",\"contactPoint\":[{\"@type\":\"ContactPoint\",\"contactType\":\"customer support\",\"telephone\":\"+85247559641\",\"email\":\"CYGGL2025@gmail.com\",\"availableLanguage\":[\"en\"]}]}]}<\/script>\n<!-- \/ Yoast SEO Premium plugin. -->","yoast_head_json":{"title":"Yohimbine Hydrochloride Powder - Prix et sp\u00e9cifications | HGH Peptides Lab","description":"Poudre brute de Yohimbine Hydrochloride (99% purity, qualit\u00e9 pharmaceutique) pour la recherche sur la voie adr\u00e9nergique\/\u03b12 et la libido. Utilisation en recherche uniquement. Nous contacter pour les quantit\u00e9s.","robots":{"index":"index","follow":"follow","max-snippet":"max-snippet:-1","max-image-preview":"max-image-preview:large","max-video-preview":"max-video-preview:-1"},"canonical":"https:\/\/hghpeptideslab.com\/fr\/product\/yohimbine-hydrochloride\/","og_locale":"fr_FR","og_type":"article","og_title":"Yohimbine Hydrochloride \u2014 Raw Powder","og_description":"Yohimbine Hydrochloride raw powder (99% purity, pharmaceutical-grade) for adrenergic\/\u03b12 pathway and libido research. Research use only. Contact us for quantities.","og_url":"https:\/\/hghpeptideslab.com\/fr\/product\/yohimbine-hydrochloride\/","og_site_name":"HGH Peptides Lab","og_image":[{"width":800,"height":800,"url":"https:\/\/hghpeptideslab.com\/wp-content\/uploads\/2025\/09\/yohimbine-hcl-.jpg","type":"image\/jpeg"}],"twitter_card":"summary_large_image","twitter_misc":{"Dur\u00e9e de lecture estim\u00e9e":"2 minutes"},"schema":{"@context":"https:\/\/schema.org","@graph":[{"@type":"WebPage","@id":"https:\/\/hghpeptideslab.com\/product\/yohimbine-hydrochloride\/","url":"https:\/\/hghpeptideslab.com\/product\/yohimbine-hydrochloride\/","name":"Yohimbine Hydrochloride Powder - Prix et sp\u00e9cifications | HGH Peptides Lab","isPartOf":{"@id":"https:\/\/hghpeptideslab.com\/#website"},"primaryImageOfPage":{"@id":"https:\/\/hghpeptideslab.com\/product\/yohimbine-hydrochloride\/#primaryimage"},"image":{"@id":"https:\/\/hghpeptideslab.com\/product\/yohimbine-hydrochloride\/#primaryimage"},"thumbnailUrl":"https:\/\/hghpeptideslab.com\/wp-content\/uploads\/2025\/09\/yohimbine-hcl-.jpg","datePublished":"2025-09-12T10:22:20+00:00","description":"Poudre brute de Yohimbine Hydrochloride (99% purity, qualit\u00e9 pharmaceutique) pour la recherche sur la voie adr\u00e9nergique\/\u03b12 et la libido. Utilisation en recherche uniquement. Nous contacter pour les quantit\u00e9s.","breadcrumb":{"@id":"https:\/\/hghpeptideslab.com\/product\/yohimbine-hydrochloride\/#breadcrumb"},"inLanguage":"fr-FR","potentialAction":[{"@type":"ReadAction","target":["https:\/\/hghpeptideslab.com\/product\/yohimbine-hydrochloride\/"]}],"copyrightNotice":"\u00a9 2010\u20132026 HGH Peptides Lab. All Rights Reserved."},{"@type":"ImageObject","inLanguage":"fr-FR","@id":"https:\/\/hghpeptideslab.com\/product\/yohimbine-hydrochloride\/#primaryimage","url":"https:\/\/hghpeptideslab.com\/wp-content\/uploads\/2025\/09\/yohimbine-hcl-.jpg","contentUrl":"https:\/\/hghpeptideslab.com\/wp-content\/uploads\/2025\/09\/yohimbine-hcl-.jpg","width":800,"height":800,"caption":"Clean pack shot for research catalogs"},{"@type":"BreadcrumbList","@id":"https:\/\/hghpeptideslab.com\/product\/yohimbine-hydrochloride\/#breadcrumb","itemListElement":[{"@type":"ListItem","position":1,"name":"Home","item":"https:\/\/hghpeptideslab.com\/"},{"@type":"ListItem","position":2,"name":"Shop","item":"https:\/\/hghpeptideslab.com\/shop\/"},{"@type":"ListItem","position":3,"name":"Yohimbine Hydrochloride \u2014 Raw Powder"}]},{"@type":"WebSite","@id":"https:\/\/hghpeptideslab.com\/#website","url":"https:\/\/hghpeptideslab.com\/","name":"HGH Peptides Lab","description":"Premium Peptides &amp; HGH Shop","publisher":{"@id":"https:\/\/hghpeptideslab.com\/#organization"},"potentialAction":[{"@type":"SearchAction","target":{"@type":"EntryPoint","urlTemplate":"https:\/\/hghpeptideslab.com\/?s={search_term_string}"},"query-input":{"@type":"PropertyValueSpecification","valueRequired":true,"valueName":"search_term_string"}}],"inLanguage":"fr-FR"},{"@type":"Organization","@id":"https:\/\/hghpeptideslab.com\/#organization","name":"HGH Peptides Lab","url":"https:\/\/hghpeptideslab.com\/fr\/","logo":{"@type":"ImageObject","url":"https:\/\/hghpeptideslab.com\/wp-content\/uploads\/2025\/07\/HGHPEPTIDESLAB-Logo.png"},"image":{"@id":"https:\/\/hghpeptideslab.com\/#\/schema\/logo\/image\/"},"foundingDate":"2010","contactPoint":[{"@type":"ContactPoint","contactType":"customer support","telephone":"+85247559641","email":"CYGGL2025@gmail.com","availableLanguage":["en"]}]}]}},"_links":{"self":[{"href":"https:\/\/hghpeptideslab.com\/fr\/wp-json\/wp\/v2\/product\/9787","targetHints":{"allow":["GET"]}}],"collection":[{"href":"https:\/\/hghpeptideslab.com\/fr\/wp-json\/wp\/v2\/product"}],"about":[{"href":"https:\/\/hghpeptideslab.com\/fr\/wp-json\/wp\/v2\/types\/product"}],"replies":[{"embeddable":true,"href":"https:\/\/hghpeptideslab.com\/fr\/wp-json\/wp\/v2\/comments?post=9787"}],"wp:featuredmedia":[{"embeddable":true,"href":"https:\/\/hghpeptideslab.com\/fr\/wp-json\/wp\/v2\/media\/9784"}],"wp:attachment":[{"href":"https:\/\/hghpeptideslab.com\/fr\/wp-json\/wp\/v2\/media?parent=9787"}],"wp:term":[{"taxonomy":"product_cat","embeddable":true,"href":"https:\/\/hghpeptideslab.com\/fr\/wp-json\/wp\/v2\/product_cat?post=9787"},{"taxonomy":"product_tag","embeddable":true,"href":"https:\/\/hghpeptideslab.com\/fr\/wp-json\/wp\/v2\/product_tag?post=9787"}],"curies":[{"name":"wp","href":"https:\/\/api.w.org\/{rel}","templated":true}]}}