{"id":6309,"date":"2025-08-08T14:23:57","date_gmt":"2025-08-08T14:23:57","guid":{"rendered":"https:\/\/demo2wpopal.b-cdn.net\/supplero\/?page_id=6309"},"modified":"2025-08-25T23:52:41","modified_gmt":"2025-08-25T23:52:41","slug":"refund-and-returns-policy","status":"publish","type":"page","link":"https:\/\/hghpeptideslab.com\/pl\/refund-and-returns-policy\/","title":{"rendered":"Polityka zwrot\u00f3w i refundacji"},"content":{"rendered":"<div data-elementor-type=\"wp-page\" data-elementor-id=\"6309\" class=\"elementor elementor-6309\" data-elementor-post-type=\"page\">\n\t\t\t\t<div class=\"elementor-element elementor-element-6b52856d e-flex e-con-boxed e-con e-parent\" data-id=\"6b52856d\" data-element_type=\"container\" data-e-type=\"container\">\n\t\t\t\t\t<div class=\"e-con-inner\">\n\t\t\t\t<div class=\"elementor-element elementor-element-33fd4783 elementor-widget elementor-widget-text-editor\" data-id=\"33fd4783\" data-element_type=\"widget\" data-e-type=\"widget\" data-widget_type=\"text-editor.default\">\n\t\t\t\t\t\t\t\t\t<p><span style=\"color: #61ce70; font-size: 1.618em; font-weight: bold;\">Przegl\u0105d<\/span><\/p>\n<p><!-- \/wp:paragraph -->\n\n<!-- wp:paragraph --><\/p>\n<p data-start=\"660\" data-end=\"861\">Akceptujemy anulowanie zam\u00f3wie\u0144 <span style=\"color: #333333;\"><strong data-start=\"690\" data-end=\"735\">zanim produkt zostanie wys\u0142any lub wyprodukowany<\/strong><\/span>. Je\u015bli zam\u00f3wienie zostanie anulowane na czas, otrzymasz <strong data-start=\"789\" data-end=\"804\">pe\u0142ny zwrot pieni\u0119dzy<\/strong>. Po wys\u0142aniu zam\u00f3wienia nie mo\u017cna go anulowa\u0107.<\/p>\n<p data-start=\"863\" data-end=\"971\">Ze wzgl\u0119du na wra\u017cliwy charakter naszych produkt\u00f3w, <strong data-start=\"908\" data-end=\"950\">zwroty i wymiany nie s\u0105 akceptowane<\/strong>, z wyj\u0105tkiem przypadk\u00f3w:<\/p>\n<ul data-start=\"973\" data-end=\"1048\">\n<li data-start=\"973\" data-end=\"999\">\n<p data-start=\"975\" data-end=\"999\">Kwestie jako\u015bci produkt\u00f3w<\/p>\n<\/li>\n<li data-start=\"1000\" data-end=\"1026\">\n<p data-start=\"1002\" data-end=\"1026\">Uszkodzenie podczas transportu<\/p>\n<\/li>\n<li data-start=\"1027\" data-end=\"1048\">\n<p data-start=\"1029\" data-end=\"1048\">Zatrzymanie celne<\/p>\n<\/li>\n<\/ul>\n<p data-start=\"1050\" data-end=\"1096\">W takich przypadkach <strong data-start=\"1068\" data-end=\"1095\">Gwarantujemy zwrot pieni\u0119dzy za 100%<\/strong>.<\/p>\n<p><!-- \/wp:list -->\n\n<!-- wp:paragraph --><\/p>\n<h3>Proces zwrotu koszt\u00f3w<\/h3>\n<p><!-- \/wp:paragraph -->\n\n<!-- wp:paragraph --><\/p>\n<p data-start=\"1122\" data-end=\"1281\">Je\u015bli produkt kwalifikuje si\u0119 do zwrotu, prosimy o kontakt pod adresem <strong data-start=\"1183\" data-end=\"1206\"><a class=\"cursor-pointer\" rel=\"noopener\" data-start=\"1185\" data-end=\"1204\">cyggl2025@gmail.com<\/a><\/strong> wraz z dowodami potwierdzaj\u0105cymi (np. zdj\u0119ciem lub szczeg\u00f3\u0142ami \u015bledzenia). Po weryfikacji:<\/p>\n<ul data-start=\"1283\" data-end=\"1421\">\n<li data-start=\"1283\" data-end=\"1332\">\n<p data-start=\"1285\" data-end=\"1332\">Otrzymasz wiadomo\u015b\u0107 e-mail z potwierdzeniem zatwierdzenia<\/p>\n<\/li>\n<li data-start=\"1333\" data-end=\"1421\">\n<p data-start=\"1335\" data-end=\"1421\">Zwroty zostan\u0105 przetworzone na pierwotn\u0105 metod\u0119 p\u0142atno\u015bci w ci\u0105gu <strong data-start=\"1400\" data-end=\"1421\">3-7 dni roboczych<\/strong><\/p>\n<\/li>\n<\/ul>\n<p><!-- \/wp:paragraph -->\n\n<!-- wp:paragraph --><\/p>\n<h3>Odpowiedzialno\u015b\u0107 za wysy\u0142k\u0119<\/h3>\n<p><!-- \/wp:paragraph -->\n\n<!-- wp:paragraph --><\/p>\n<p data-start=\"1456\" data-end=\"1486\">Klienci s\u0105 odpowiedzialni za:<\/p>\n<ul data-start=\"1488\" data-end=\"1592\">\n<li data-start=\"1488\" data-end=\"1543\">\n<p data-start=\"1490\" data-end=\"1543\">Podanie dok\u0142adnych informacji o wysy\u0142ce i danych kontaktowych<\/p>\n<\/li>\n<li data-start=\"1544\" data-end=\"1592\">\n<p data-start=\"1546\" data-end=\"1592\">Pokrycie koszt\u00f3w wysy\u0142ki zwrotnej (je\u015bli dotyczy)<\/p>\n<\/li>\n<\/ul>\n<p data-start=\"1594\" data-end=\"1685\">Jeste\u015bmy <strong data-start=\"1601\" data-end=\"1620\">nieodpowiedzialny<\/strong> za op\u00f3\u017anienia spowodowane przez kurier\u00f3w zewn\u0119trznych lub obs\u0142ug\u0119 celn\u0105.<\/p>\n<p><!-- \/wp:paragraph -->\n\n<!-- wp:paragraph --><\/p>\n<h3>Wa\u017cne uwagi<\/h3>\n<div>\n<ul>\n<li>\n<p>Zwroty s\u0105 <strong data-start=\"1726\" data-end=\"1743\">niedost\u0119pny<\/strong> w przypadku zam\u00f3wie\u0144 oznaczonych jako \"Dostarczone\", chyba \u017ce zostanie dostarczony dow\u00f3d w postaci zdj\u0119cia<\/p>\n<\/li>\n<li>\n<p>Produkty cyfrowe\/pobierane to <strong data-start=\"1860\" data-end=\"1878\">bezzwrotny<\/strong><\/p>\n<\/li>\n<li>\n<p>W przypadku zakup\u00f3w hurtowych lub hurtowych kwalifikowalno\u015b\u0107 do zwrotu jest okre\u015blana na podstawie <strong data-start=\"1954\" data-end=\"1976\">indywidualnie dla ka\u017cdego przypadku<\/strong><\/p>\n<\/li>\n<\/ul>\n<p>&nbsp;<\/p>\n<\/div>\n<p><!-- \/wp:paragraph -->\n\n<!-- wp:paragraph --><\/p>\n<h3>Potrzebujesz pomocy?<\/h3>\n<p><!-- \/wp:paragraph -->\n\n<!-- wp:paragraph --><\/p>\n<p>W przypadku jakichkolwiek pyta\u0144 dotycz\u0105cych zwrot\u00f3w prosimy o kontakt mailowy pod adresem <strong data-start=\"2073\" data-end=\"2096\">cyggl2025@gmail.com<\/strong>.<br data-start=\"2097\" data-end=\"2100\" \/>Naszym celem jest udzielenie odpowiedzi w ci\u0105gu <strong data-start=\"2125\" data-end=\"2137\">24 godziny<\/strong>.<\/p>\n<p><!-- \/wp:paragraph --><\/p>\n\t\t\t\t\t\t\t\t<\/div>\n\t\t\t\t\t<\/div>\n\t\t\t\t<\/div>\n\t\t\t\t<\/div>","protected":false},"excerpt":{"rendered":"<p>Overview We accept order cancellations before the product is shipped or produced. If your order is canceled in time, you\u2019ll receive a full refund. Once the order has been shipped, it cannot be canceled. Due to the sensitive nature of our products, returns and exchanges are not accepted, except in cases of: Product quality issues [&hellip;]<\/p>\n","protected":false},"author":1,"featured_media":0,"parent":0,"menu_order":0,"comment_status":"closed","ping_status":"closed","template":"","meta":{"footnotes":""},"class_list":["post-6309","page","type-page","status-publish","hentry"],"yoast_head":"<!-- This site is optimized with the Yoast SEO Premium plugin v27.5 (Yoast SEO v27.5) - https:\/\/yoast.com\/product\/yoast-seo-premium-wordpress\/ -->\n<title>Refund &amp; Returns Policy | Safe, Transparent &amp; Guaranteed \u2013 HGH Peptides Lab<\/title>\n<meta name=\"description\" content=\"Learn how HGH Peptides Lab ensures secure refunds and fair return terms. Covers cancellations, shipping damage, customs issues, and 100% money-back guarantee.\" \/>\n<meta name=\"robots\" content=\"index, follow, max-snippet:-1, max-image-preview:large, max-video-preview:-1\" \/>\n<link rel=\"canonical\" href=\"https:\/\/hghpeptideslab.com\/pl\/refund-and-returns-policy\/\" \/>\n<meta property=\"og:locale\" content=\"pl_PL\" \/>\n<meta property=\"og:type\" content=\"article\" \/>\n<meta property=\"og:title\" content=\"Refund and Returns Policy\" \/>\n<meta property=\"og:description\" content=\"Learn how HGH Peptides Lab ensures secure refunds and fair return terms. Covers cancellations, shipping damage, customs issues, and 100% money-back guarantee.\" \/>\n<meta property=\"og:url\" content=\"https:\/\/hghpeptideslab.com\/pl\/refund-and-returns-policy\/\" \/>\n<meta property=\"og:site_name\" content=\"HGH Peptides Lab\" \/>\n<meta property=\"article:modified_time\" content=\"2025-08-25T23:52:41+00:00\" \/>\n<meta name=\"twitter:card\" content=\"summary_large_image\" \/>\n<meta name=\"twitter:label1\" content=\"Szacowany czas czytania\" \/>\n\t<meta name=\"twitter:data1\" content=\"2 minuty\" \/>\n<script type=\"application\/ld+json\" class=\"yoast-schema-graph\">{\"@context\":\"https:\\\/\\\/schema.org\",\"@graph\":[{\"@type\":\"WebPage\",\"@id\":\"https:\\\/\\\/hghpeptideslab.com\\\/refund-and-returns-policy\\\/\",\"url\":\"https:\\\/\\\/hghpeptideslab.com\\\/refund-and-returns-policy\\\/\",\"name\":\"Refund & Returns Policy | Safe, Transparent & Guaranteed \u2013 HGH Peptides Lab\",\"isPartOf\":{\"@id\":\"https:\\\/\\\/hghpeptideslab.com\\\/#website\"},\"datePublished\":\"2025-08-08T14:23:57+00:00\",\"dateModified\":\"2025-08-25T23:52:41+00:00\",\"description\":\"Learn how HGH Peptides Lab ensures secure refunds and fair return terms. Covers cancellations, shipping damage, customs issues, and 100% money-back guarantee.\",\"breadcrumb\":{\"@id\":\"https:\\\/\\\/hghpeptideslab.com\\\/refund-and-returns-policy\\\/#breadcrumb\"},\"inLanguage\":\"pl-PL\",\"potentialAction\":[{\"@type\":\"ReadAction\",\"target\":[\"https:\\\/\\\/hghpeptideslab.com\\\/refund-and-returns-policy\\\/\"]}],\"copyrightNotice\":\"\u00a9 2010\u20132026 HGH Peptides Lab. All Rights Reserved.\"},{\"@type\":\"BreadcrumbList\",\"@id\":\"https:\\\/\\\/hghpeptideslab.com\\\/refund-and-returns-policy\\\/#breadcrumb\",\"itemListElement\":[{\"@type\":\"ListItem\",\"position\":1,\"name\":\"Home\",\"item\":\"https:\\\/\\\/hghpeptideslab.com\\\/\"},{\"@type\":\"ListItem\",\"position\":2,\"name\":\"Refund and Returns Policy\"}]},{\"@type\":\"WebSite\",\"@id\":\"https:\\\/\\\/hghpeptideslab.com\\\/#website\",\"url\":\"https:\\\/\\\/hghpeptideslab.com\\\/\",\"name\":\"HGH Peptides Lab\",\"description\":\"Premium Peptides &amp; HGH Shop\",\"publisher\":{\"@id\":\"https:\\\/\\\/hghpeptideslab.com\\\/#organization\"},\"potentialAction\":[{\"@type\":\"SearchAction\",\"target\":{\"@type\":\"EntryPoint\",\"urlTemplate\":\"https:\\\/\\\/hghpeptideslab.com\\\/?s={search_term_string}\"},\"query-input\":{\"@type\":\"PropertyValueSpecification\",\"valueRequired\":true,\"valueName\":\"search_term_string\"}}],\"inLanguage\":\"pl-PL\"},{\"@type\":\"Organization\",\"@id\":\"https:\\\/\\\/hghpeptideslab.com\\\/#organization\",\"name\":\"HGH Peptides Lab\",\"url\":\"https:\\\/\\\/hghpeptideslab.com\\\/pl\\\/\",\"logo\":{\"@type\":\"ImageObject\",\"url\":\"https:\\\/\\\/hghpeptideslab.com\\\/wp-content\\\/uploads\\\/2025\\\/07\\\/HGHPEPTIDESLAB-Logo.png\"},\"image\":{\"@id\":\"https:\\\/\\\/hghpeptideslab.com\\\/#\\\/schema\\\/logo\\\/image\\\/\"},\"foundingDate\":\"2010\",\"contactPoint\":[{\"@type\":\"ContactPoint\",\"contactType\":\"customer support\",\"telephone\":\"+85247559641\",\"email\":\"CYGGL2025@gmail.com\",\"availableLanguage\":[\"en\"]}]}]}<\/script>\n<!-- \/ Yoast SEO Premium plugin. -->","yoast_head_json":{"title":"Polityka zwrot\u00f3w i refundacji | Bezpieczna, przejrzysta i gwarantowana - HGH Peptides Lab","description":"Dowiedz si\u0119, jak HGH Peptides Lab zapewnia bezpieczne zwroty i uczciwe warunki zwrotu. Obejmuje anulowanie, uszkodzenia przesy\u0142ki, kwestie celne i gwarancj\u0119 zwrotu pieni\u0119dzy 100%.","robots":{"index":"index","follow":"follow","max-snippet":"max-snippet:-1","max-image-preview":"max-image-preview:large","max-video-preview":"max-video-preview:-1"},"canonical":"https:\/\/hghpeptideslab.com\/pl\/refund-and-returns-policy\/","og_locale":"pl_PL","og_type":"article","og_title":"Refund and Returns Policy","og_description":"Learn how HGH Peptides Lab ensures secure refunds and fair return terms. Covers cancellations, shipping damage, customs issues, and 100% money-back guarantee.","og_url":"https:\/\/hghpeptideslab.com\/pl\/refund-and-returns-policy\/","og_site_name":"HGH Peptides Lab","article_modified_time":"2025-08-25T23:52:41+00:00","twitter_card":"summary_large_image","twitter_misc":{"Szacowany czas czytania":"2 minuty"},"schema":{"@context":"https:\/\/schema.org","@graph":[{"@type":"WebPage","@id":"https:\/\/hghpeptideslab.com\/refund-and-returns-policy\/","url":"https:\/\/hghpeptideslab.com\/refund-and-returns-policy\/","name":"Polityka zwrot\u00f3w i refundacji | Bezpieczna, przejrzysta i gwarantowana - HGH Peptides Lab","isPartOf":{"@id":"https:\/\/hghpeptideslab.com\/#website"},"datePublished":"2025-08-08T14:23:57+00:00","dateModified":"2025-08-25T23:52:41+00:00","description":"Dowiedz si\u0119, jak HGH Peptides Lab zapewnia bezpieczne zwroty i uczciwe warunki zwrotu. Obejmuje anulowanie, uszkodzenia przesy\u0142ki, kwestie celne i gwarancj\u0119 zwrotu pieni\u0119dzy 100%.","breadcrumb":{"@id":"https:\/\/hghpeptideslab.com\/refund-and-returns-policy\/#breadcrumb"},"inLanguage":"pl-PL","potentialAction":[{"@type":"ReadAction","target":["https:\/\/hghpeptideslab.com\/refund-and-returns-policy\/"]}],"copyrightNotice":"\u00a9 2010\u20132026 HGH Peptides Lab. All Rights Reserved."},{"@type":"BreadcrumbList","@id":"https:\/\/hghpeptideslab.com\/refund-and-returns-policy\/#breadcrumb","itemListElement":[{"@type":"ListItem","position":1,"name":"Home","item":"https:\/\/hghpeptideslab.com\/"},{"@type":"ListItem","position":2,"name":"Refund and Returns Policy"}]},{"@type":"WebSite","@id":"https:\/\/hghpeptideslab.com\/#website","url":"https:\/\/hghpeptideslab.com\/","name":"HGH Peptides Lab","description":"Peptydy Premium i sklep HGH","publisher":{"@id":"https:\/\/hghpeptideslab.com\/#organization"},"potentialAction":[{"@type":"SearchAction","target":{"@type":"EntryPoint","urlTemplate":"https:\/\/hghpeptideslab.com\/?s={search_term_string}"},"query-input":{"@type":"PropertyValueSpecification","valueRequired":true,"valueName":"search_term_string"}}],"inLanguage":"pl-PL"},{"@type":"Organization","@id":"https:\/\/hghpeptideslab.com\/#organization","name":"HGH Peptides Lab","url":"https:\/\/hghpeptideslab.com\/pl\/","logo":{"@type":"ImageObject","url":"https:\/\/hghpeptideslab.com\/wp-content\/uploads\/2025\/07\/HGHPEPTIDESLAB-Logo.png"},"image":{"@id":"https:\/\/hghpeptideslab.com\/#\/schema\/logo\/image\/"},"foundingDate":"2010","contactPoint":[{"@type":"ContactPoint","contactType":"customer support","telephone":"+85247559641","email":"CYGGL2025@gmail.com","availableLanguage":["en"]}]}]}},"_links":{"self":[{"href":"https:\/\/hghpeptideslab.com\/pl\/wp-json\/wp\/v2\/pages\/6309","targetHints":{"allow":["GET"]}}],"collection":[{"href":"https:\/\/hghpeptideslab.com\/pl\/wp-json\/wp\/v2\/pages"}],"about":[{"href":"https:\/\/hghpeptideslab.com\/pl\/wp-json\/wp\/v2\/types\/page"}],"author":[{"embeddable":true,"href":"https:\/\/hghpeptideslab.com\/pl\/wp-json\/wp\/v2\/users\/1"}],"replies":[{"embeddable":true,"href":"https:\/\/hghpeptideslab.com\/pl\/wp-json\/wp\/v2\/comments?post=6309"}],"version-history":[{"count":10,"href":"https:\/\/hghpeptideslab.com\/pl\/wp-json\/wp\/v2\/pages\/6309\/revisions"}],"predecessor-version":[{"id":8743,"href":"https:\/\/hghpeptideslab.com\/pl\/wp-json\/wp\/v2\/pages\/6309\/revisions\/8743"}],"wp:attachment":[{"href":"https:\/\/hghpeptideslab.com\/pl\/wp-json\/wp\/v2\/media?parent=6309"}],"curies":[{"name":"wp","href":"https:\/\/api.w.org\/{rel}","templated":true}]}}